{"id":89,"date":"2016-03-09T10:56:12","date_gmt":"2016-03-09T10:56:12","guid":{"rendered":"http:\/\/www.fisiohogar.com\/ciudad\/?page_id=23"},"modified":"2024-09-09T19:50:44","modified_gmt":"2024-09-09T19:50:44","slug":"fisioterapia-parkinson-alzheimer","status":"publish","type":"page","link":"https:\/\/www.fisiohogar.com\/zaragoza\/fisioterapia-parkinson-alzheimer\/","title":{"rendered":"Fisioterapia para enfermedades neurol\u00f3gicas"},"content":{"rendered":"<div class=\"fusion-fullwidth fullwidth-box fusion-builder-row-1 fusion-flex-container nonhundred-percent-fullwidth non-hundred-percent-height-scrolling\" style=\"--awb-border-radius-top-left:0px;--awb-border-radius-top-right:0px;--awb-border-radius-bottom-right:0px;--awb-border-radius-bottom-left:0px;--awb-flex-wrap:wrap;\" ><div class=\"fusion-builder-row fusion-row fusion-flex-align-items-flex-start fusion-flex-content-wrap\" style=\"max-width:1248px;margin-left: calc(-4% \/ 2 );margin-right: calc(-4% \/ 2 );\"><div class=\"fusion-layout-column fusion_builder_column fusion-builder-column-0 fusion_builder_column_1_1 1_1 fusion-flex-column\" style=\"--awb-bg-size:cover;--awb-width-large:100%;--awb-margin-top-large:0px;--awb-spacing-right-large:1.92%;--awb-margin-bottom-large:20px;--awb-spacing-left-large:1.92%;--awb-width-medium:100%;--awb-order-medium:0;--awb-spacing-right-medium:1.92%;--awb-spacing-left-medium:1.92%;--awb-width-small:100%;--awb-order-small:0;--awb-spacing-right-small:1.92%;--awb-spacing-left-small:1.92%;\"><div class=\"fusion-column-wrapper fusion-column-has-shadow fusion-flex-justify-content-flex-start fusion-content-layout-column\"><div class=\"fusion-text fusion-text-1\" style=\"--awb-font-size:20px;--awb-text-transform:none;\"><h2><strong>La fisioterapia neurol\u00f3gica<\/strong><\/h2>\n<p>La <strong>fisioterapia neurol\u00f3gica<\/strong> es una rama especializada de la fisioterapia que se enfoca en la rehabilitaci\u00f3n de personas que han sufrido lesiones o enfermedades que afectan el sistema nervioso central (cerebro y m\u00e9dula espinal) o el sistema nervioso perif\u00e9rico (nervios que conectan el cerebro y la m\u00e9dula espinal con el resto del cuerpo). Las condiciones tratadas en esta \u00e1rea incluyen <strong>accidentes cerebrovasculares (ACV), lesiones medulares, esclerosis m\u00faltiple, enfermedad de Parkinson, par\u00e1lisis cerebral, traumatismos craneoencef\u00e1licos y neuropat\u00edas<\/strong>, entre otras.<\/p>\n<p>El objetivo principal de la fisioterapia neurol\u00f3gica es <strong>ayudar a los pacientes a recuperar o mejorar sus habilidades motoras, equilibrio, coordinaci\u00f3n y fuerza, con el fin de maximizar su independencia y calidad de vida<\/strong>. Dado que muchas enfermedades neurol\u00f3gicas pueden afectar el control del movimiento, la fisioterapia trabaja en la recuperaci\u00f3n funcional de las extremidades, el control postural y la capacidad de caminar o moverse.<\/p>\n<h3>M\u00e9todos y t\u00e9cnicas<\/h3>\n<p>La rehabilitaci\u00f3n neurol\u00f3gica utiliza una variedad de t\u00e9cnicas y enfoques basados en los principios de la plasticidad cerebral, que es la capacidad del cerebro para reorganizarse y formar nuevas conexiones neuronales en respuesta a la experiencia y la pr\u00e1ctica. Algunas de las t\u00e9cnicas m\u00e1s comunes incluyen:<\/p>\n<ul>\n<li><strong>Ejercicios terap\u00e9uticos personalizados<\/strong>: dise\u00f1ados para mejorar el rango de movimiento, la fuerza y la coordinaci\u00f3n.<\/li>\n<li><strong>Reentrenamiento de la marcha<\/strong>: con dispositivos como cintas de andar y arneses, que ayudan al paciente a recuperar la capacidad de caminar.<\/li>\n<li><strong>Terapia manual<\/strong>: para mejorar la movilidad articular, reducir el dolor y mejorar la funci\u00f3n muscular.<\/li>\n<li><strong>Terapia ocupacional<\/strong>: a menudo se combina para ayudar al paciente a volver a realizar actividades cotidianas.<\/li>\n<li><strong>Est\u00edmulo sensorial<\/strong>: destinado a mejorar la percepci\u00f3n sensorial y la coordinaci\u00f3n motora.<\/li>\n<\/ul>\n<h3>Beneficios<\/h3>\n<p>La fisioterapia neurol\u00f3gica tiene un impacto significativo en la vida de las personas afectadas por trastornos neurol\u00f3gicos, ya que ayuda a mejorar la movilidad, la funci\u00f3n y la calidad de vida en general. Aunque en muchos casos las enfermedades neurol\u00f3gicas no tienen cura, la fisioterapia puede ralentizar la progresi\u00f3n de los s\u00edntomas y facilitar que el paciente mantenga la mayor independencia posible. Adem\u00e1s, promueve la recuperaci\u00f3n funcional a trav\u00e9s de ejercicios repetitivos y el uso de tecnolog\u00eda avanzada como la realidad virtual y la rob\u00f3tica.<\/p>\n<p>En resumen, la fisioterapia neurol\u00f3gica es esencial en la rehabilitaci\u00f3n de pacientes con enfermedades o lesiones del sistema nervioso, contribuyendo a su reintegraci\u00f3n social y funcional.<\/p>\n<\/div><div class=\"fusion-image-element \" style=\"--awb-caption-title-font-family:var(--h2_typography-font-family);--awb-caption-title-font-weight:var(--h2_typography-font-weight);--awb-caption-title-font-style:var(--h2_typography-font-style);--awb-caption-title-size:var(--h2_typography-font-size);--awb-caption-title-transform:var(--h2_typography-text-transform);--awb-caption-title-line-height:var(--h2_typography-line-height);--awb-caption-title-letter-spacing:var(--h2_typography-letter-spacing);\"><span class=\" fusion-imageframe imageframe-none imageframe-1 hover-type-none\"><img decoding=\"async\" width=\"1200\" height=\"506\" title=\"neurologica\" src=\"https:\/\/www.fisiohogar.com\/zaragoza\/wp-content\/uploads\/sites\/43\/2022\/05\/neurologica.jpg\" alt class=\"img-responsive wp-image-18246\" srcset=\"https:\/\/www.fisiohogar.com\/zaragoza\/wp-content\/uploads\/sites\/43\/2022\/05\/neurologica-200x84.jpg 200w, https:\/\/www.fisiohogar.com\/zaragoza\/wp-content\/uploads\/sites\/43\/2022\/05\/neurologica-400x169.jpg 400w, https:\/\/www.fisiohogar.com\/zaragoza\/wp-content\/uploads\/sites\/43\/2022\/05\/neurologica-600x253.jpg 600w, https:\/\/www.fisiohogar.com\/zaragoza\/wp-content\/uploads\/sites\/43\/2022\/05\/neurologica-800x337.jpg 800w, https:\/\/www.fisiohogar.com\/zaragoza\/wp-content\/uploads\/sites\/43\/2022\/05\/neurologica.jpg 1200w\" sizes=\"(max-width: 640px) 100vw, 1200px\" \/><\/span><\/div><div class=\"fusion-text fusion-text-2\" style=\"--awb-font-size:20px;--awb-text-transform:none;--awb-margin-top:35px;\"><h2><strong>La terapia perfecta en casa<\/strong><\/h2>\n<p><strong>La fisioterapia a domicilio es ideal<\/strong> para pacientes neurol\u00f3gicos porque les ofrece un <strong>entorno familiar y c\u00f3modo que facilita su rehabilitaci\u00f3n<\/strong>. Muchos de estos pacientes presentan limitaciones de movilidad o coordinaci\u00f3n, lo que puede hacer que los desplazamientos a centros de rehabilitaci\u00f3n sean dif\u00edciles, agotadores o incluso inseguros. Al recibir tratamiento en casa, se elimina este obst\u00e1culo, permitiendo un acceso m\u00e1s regular a la terapia y reduciendo el estr\u00e9s asociado con los traslados.<\/p>\n<p>El entorno dom\u00e9stico tambi\u00e9n proporciona un contexto realista para la rehabilitaci\u00f3n funcional. El fisioterapeuta puede adaptar los ejercicios y tratamientos a las necesidades espec\u00edficas del paciente en su vida diaria, como moverse por su hogar, usar escaleras o realizar actividades cotidianas. Esto aumenta la relevancia y efectividad de la terapia, mejorando la capacidad del paciente para desenvolverse en su propio espacio.<\/p>\n<p>Adem\u00e1s, la fisioterapia a domicilio favorece una atenci\u00f3n m\u00e1s personalizada y centrada en el paciente. El fisioterapeuta puede monitorear de cerca los progresos, ajustar el plan de tratamiento en tiempo real y trabajar con los cuidadores o familiares del paciente, involucr\u00e1ndolos en el proceso de recuperaci\u00f3n.<\/p>\n<p>En conjunto, esta modalidad promueve una rehabilitaci\u00f3n m\u00e1s accesible, efectiva y adaptada a las necesidades individuales del paciente neurol\u00f3gico.<\/p>\n<\/div><\/div><\/div><\/div><\/div>\n","protected":false},"excerpt":{"rendered":"","protected":false},"author":1,"featured_media":0,"parent":0,"menu_order":0,"comment_status":"closed","ping_status":"closed","template":"","meta":{"_joinchat":[],"footnotes":""},"class_list":["post-89","page","type-page","status-publish","hentry"],"yoast_head":"<!-- This site is optimized with the Yoast SEO plugin v27.4 - https:\/\/yoast.com\/product\/yoast-seo-wordpress\/ -->\n<title>Fisioterapia para enfermedades neurol\u00f3gicas - Zaragoza<\/title>\n<meta name=\"robots\" content=\"index, follow, max-snippet:-1, max-image-preview:large, max-video-preview:-1\" \/>\n<link rel=\"canonical\" href=\"https:\/\/www.fisiohogar.com\/zaragoza\/fisioterapia-parkinson-alzheimer\/\" \/>\n<meta property=\"og:locale\" content=\"es_ES\" \/>\n<meta property=\"og:type\" content=\"article\" \/>\n<meta property=\"og:title\" content=\"Fisioterapia para enfermedades neurol\u00f3gicas - Zaragoza\" \/>\n<meta property=\"og:url\" content=\"https:\/\/www.fisiohogar.com\/zaragoza\/fisioterapia-parkinson-alzheimer\/\" \/>\n<meta property=\"og:site_name\" content=\"Zaragoza\" \/>\n<meta property=\"article:modified_time\" content=\"2024-09-09T19:50:44+00:00\" \/>\n<meta name=\"twitter:card\" content=\"summary_large_image\" \/>\n<meta name=\"twitter:label1\" content=\"Tiempo de lectura\" \/>\n\t<meta name=\"twitter:data1\" content=\"3 minutos\" \/>\n<script type=\"application\/ld+json\" class=\"yoast-schema-graph\">{\"@context\":\"https:\\\/\\\/schema.org\",\"@graph\":[{\"@type\":\"WebPage\",\"@id\":\"https:\\\/\\\/www.fisiohogar.com\\\/zaragoza\\\/fisioterapia-parkinson-alzheimer\\\/\",\"url\":\"https:\\\/\\\/www.fisiohogar.com\\\/zaragoza\\\/fisioterapia-parkinson-alzheimer\\\/\",\"name\":\"Fisioterapia para enfermedades neurol\u00f3gicas - Zaragoza\",\"isPartOf\":{\"@id\":\"https:\\\/\\\/www.fisiohogar.com\\\/zaragoza\\\/#website\"},\"datePublished\":\"2016-03-09T10:56:12+00:00\",\"dateModified\":\"2024-09-09T19:50:44+00:00\",\"breadcrumb\":{\"@id\":\"https:\\\/\\\/www.fisiohogar.com\\\/zaragoza\\\/fisioterapia-parkinson-alzheimer\\\/#breadcrumb\"},\"inLanguage\":\"es\",\"potentialAction\":[{\"@type\":\"ReadAction\",\"target\":[\"https:\\\/\\\/www.fisiohogar.com\\\/zaragoza\\\/fisioterapia-parkinson-alzheimer\\\/\"]}]},{\"@type\":\"BreadcrumbList\",\"@id\":\"https:\\\/\\\/www.fisiohogar.com\\\/zaragoza\\\/fisioterapia-parkinson-alzheimer\\\/#breadcrumb\",\"itemListElement\":[{\"@type\":\"ListItem\",\"position\":1,\"name\":\"Portada\",\"item\":\"https:\\\/\\\/www.fisiohogar.com\\\/zaragoza\\\/\"},{\"@type\":\"ListItem\",\"position\":2,\"name\":\"Fisioterapia para enfermedades neurol\u00f3gicas\"}]},{\"@type\":\"WebSite\",\"@id\":\"https:\\\/\\\/www.fisiohogar.com\\\/zaragoza\\\/#website\",\"url\":\"https:\\\/\\\/www.fisiohogar.com\\\/zaragoza\\\/\",\"name\":\"Zaragoza\",\"description\":\"Fisioterapia a domicilio Zaragoza\",\"potentialAction\":[{\"@type\":\"SearchAction\",\"target\":{\"@type\":\"EntryPoint\",\"urlTemplate\":\"https:\\\/\\\/www.fisiohogar.com\\\/zaragoza\\\/?s={search_term_string}\"},\"query-input\":{\"@type\":\"PropertyValueSpecification\",\"valueRequired\":true,\"valueName\":\"search_term_string\"}}],\"inLanguage\":\"es\"}]}<\/script>\n<!-- \/ Yoast SEO plugin. -->","yoast_head_json":{"title":"Fisioterapia para enfermedades neurol\u00f3gicas - Zaragoza","robots":{"index":"index","follow":"follow","max-snippet":"max-snippet:-1","max-image-preview":"max-image-preview:large","max-video-preview":"max-video-preview:-1"},"canonical":"https:\/\/www.fisiohogar.com\/zaragoza\/fisioterapia-parkinson-alzheimer\/","og_locale":"es_ES","og_type":"article","og_title":"Fisioterapia para enfermedades neurol\u00f3gicas - Zaragoza","og_url":"https:\/\/www.fisiohogar.com\/zaragoza\/fisioterapia-parkinson-alzheimer\/","og_site_name":"Zaragoza","article_modified_time":"2024-09-09T19:50:44+00:00","twitter_card":"summary_large_image","twitter_misc":{"Tiempo de lectura":"3 minutos"},"schema":{"@context":"https:\/\/schema.org","@graph":[{"@type":"WebPage","@id":"https:\/\/www.fisiohogar.com\/zaragoza\/fisioterapia-parkinson-alzheimer\/","url":"https:\/\/www.fisiohogar.com\/zaragoza\/fisioterapia-parkinson-alzheimer\/","name":"Fisioterapia para enfermedades neurol\u00f3gicas - Zaragoza","isPartOf":{"@id":"https:\/\/www.fisiohogar.com\/zaragoza\/#website"},"datePublished":"2016-03-09T10:56:12+00:00","dateModified":"2024-09-09T19:50:44+00:00","breadcrumb":{"@id":"https:\/\/www.fisiohogar.com\/zaragoza\/fisioterapia-parkinson-alzheimer\/#breadcrumb"},"inLanguage":"es","potentialAction":[{"@type":"ReadAction","target":["https:\/\/www.fisiohogar.com\/zaragoza\/fisioterapia-parkinson-alzheimer\/"]}]},{"@type":"BreadcrumbList","@id":"https:\/\/www.fisiohogar.com\/zaragoza\/fisioterapia-parkinson-alzheimer\/#breadcrumb","itemListElement":[{"@type":"ListItem","position":1,"name":"Portada","item":"https:\/\/www.fisiohogar.com\/zaragoza\/"},{"@type":"ListItem","position":2,"name":"Fisioterapia para enfermedades neurol\u00f3gicas"}]},{"@type":"WebSite","@id":"https:\/\/www.fisiohogar.com\/zaragoza\/#website","url":"https:\/\/www.fisiohogar.com\/zaragoza\/","name":"Zaragoza","description":"Fisioterapia a domicilio Zaragoza","potentialAction":[{"@type":"SearchAction","target":{"@type":"EntryPoint","urlTemplate":"https:\/\/www.fisiohogar.com\/zaragoza\/?s={search_term_string}"},"query-input":{"@type":"PropertyValueSpecification","valueRequired":true,"valueName":"search_term_string"}}],"inLanguage":"es"}]}},"_links":{"self":[{"href":"https:\/\/www.fisiohogar.com\/zaragoza\/wp-json\/wp\/v2\/pages\/89","targetHints":{"allow":["GET"]}}],"collection":[{"href":"https:\/\/www.fisiohogar.com\/zaragoza\/wp-json\/wp\/v2\/pages"}],"about":[{"href":"https:\/\/www.fisiohogar.com\/zaragoza\/wp-json\/wp\/v2\/types\/page"}],"author":[{"embeddable":true,"href":"https:\/\/www.fisiohogar.com\/zaragoza\/wp-json\/wp\/v2\/users\/1"}],"replies":[{"embeddable":true,"href":"https:\/\/www.fisiohogar.com\/zaragoza\/wp-json\/wp\/v2\/comments?post=89"}],"version-history":[{"count":6,"href":"https:\/\/www.fisiohogar.com\/zaragoza\/wp-json\/wp\/v2\/pages\/89\/revisions"}],"predecessor-version":[{"id":18597,"href":"https:\/\/www.fisiohogar.com\/zaragoza\/wp-json\/wp\/v2\/pages\/89\/revisions\/18597"}],"wp:attachment":[{"href":"https:\/\/www.fisiohogar.com\/zaragoza\/wp-json\/wp\/v2\/media?parent=89"}],"curies":[{"name":"wp","href":"https:\/\/api.w.org\/{rel}","templated":true}]}}