{"id":98,"date":"2016-03-09T11:00:39","date_gmt":"2016-03-09T11:00:39","guid":{"rendered":"http:\/\/www.fisiohogar.com\/ciudad\/?page_id=43"},"modified":"2022-04-30T18:51:12","modified_gmt":"2022-04-30T18:51:12","slug":"fisioterapia-tercera-edad","status":"publish","type":"page","link":"https:\/\/www.fisiohogar.com\/vendrell-calafell\/fisioterapia-tercera-edad\/","title":{"rendered":"Fisioterapia en personas de la tercera edad"},"content":{"rendered":"<p><div class=\"fusion-fullwidth fullwidth-box fusion-builder-row-1 fusion-flex-container nonhundred-percent-fullwidth non-hundred-percent-height-scrolling\" style=\"--awb-border-radius-top-left:0px;--awb-border-radius-top-right:0px;--awb-border-radius-bottom-right:0px;--awb-border-radius-bottom-left:0px;--awb-padding-top:6%;--awb-padding-bottom:60px;--awb-padding-top-medium:52px;--awb-padding-right-medium:0px;--awb-padding-bottom-medium:0px;--awb-padding-left-medium:0px;--awb-padding-top-small:40px;--awb-padding-right-small:0px;--awb-padding-bottom-small:30px;--awb-padding-left-small:0px;--awb-flex-wrap:wrap;\" ><div class=\"fusion-builder-row fusion-row fusion-flex-align-items-flex-start fusion-flex-content-wrap\" style=\"max-width:1248px;margin-left: calc(-4% \/ 2 );margin-right: calc(-4% \/ 2 );\"><div class=\"fusion-layout-column fusion_builder_column fusion-builder-column-0 fusion_builder_column_1_1 1_1 fusion-flex-column\" style=\"--awb-overflow:hidden;--awb-bg-image:linear-gradient(180deg, var(--awb-color1) 7%,var(--awb-color2) 7%);--awb-bg-size:cover;--awb-border-radius:120px 0px 120px 0px;--awb-width-large:100%;--awb-margin-top-large:0px;--awb-spacing-right-large:1.92%;--awb-margin-bottom-large:20px;--awb-spacing-left-large:1.92%;--awb-width-medium:100%;--awb-order-medium:0;--awb-spacing-right-medium:1.92%;--awb-spacing-left-medium:1.92%;--awb-width-small:100%;--awb-order-small:0;--awb-spacing-right-small:1.92%;--awb-spacing-left-small:1.92%;\"><div class=\"fusion-column-wrapper fusion-column-has-shadow fusion-flex-justify-content-flex-start fusion-content-layout-column\"><div class=\"fusion-builder-row fusion-builder-row-inner fusion-row fusion-flex-align-items-flex-start fusion-flex-content-wrap\" style=\"--awb-flex-grow:0;--awb-flex-grow-medium:0;--awb-flex-grow-small:0;--awb-flex-shrink:0;--awb-flex-shrink-medium:0;--awb-flex-shrink-small:0;width:104% !important;max-width:104% !important;margin-left: calc(-4% \/ 2 );margin-right: calc(-4% \/ 2 );\"><div class=\"fusion-layout-column fusion_builder_column_inner fusion-builder-nested-column-0 fusion_builder_column_inner_1_2 1_2 fusion-flex-column fusion-animated\" style=\"--awb-padding-top:160px;--awb-padding-bottom:160px;--awb-padding-top-small:0px;--awb-padding-bottom-small:0px;--awb-overflow:hidden;--awb-bg-image:url(&#039;https:\/\/www.fisiohogar.com\/vendrell-calafell\/wp-content\/uploads\/sites\/26\/2022\/04\/fisio-ancianos.jpg&#039;);--awb-bg-position:center center;--awb-bg-size:cover;--awb-border-radius:120px 0px 120px 0px;--awb-width-large:50%;--awb-margin-top-large:0px;--awb-spacing-right-large:9.6%;--awb-margin-bottom-large:0px;--awb-spacing-left-large:3.84%;--awb-width-medium:50%;--awb-order-medium:0;--awb-spacing-right-medium:7.68%;--awb-spacing-left-medium:3.84%;--awb-width-small:100%;--awb-order-small:0;--awb-spacing-right-small:40px;--awb-spacing-left-small:40px;\" data-animationType=\"fadeInLeft\" data-animationDuration=\"1.6\" data-animationOffset=\"top-into-view\"><div class=\"fusion-column-wrapper fusion-column-has-shadow fusion-flex-justify-content-flex-start fusion-content-layout-column fusion-column-has-bg-image\" data-bg-url=\"https:\/\/www.fisiohogar.com\/vendrell-calafell\/wp-content\/uploads\/sites\/26\/2022\/04\/fisio-ancianos.jpg\"><div class=\"fusion-separator fusion-full-width-sep\" style=\"align-self: center;margin-left: auto;margin-right: auto;margin-top:460px;width:100%;\"><div class=\"fusion-separator-border sep-double\" style=\"--awb-height:20px;--awb-amount:20px;border-color:var(--awb-color3);border-top-width:1px;border-bottom-width:1px;\"><\/div><\/div><\/div><\/div><div class=\"fusion-layout-column fusion_builder_column_inner fusion-builder-nested-column-1 fusion_builder_column_inner_1_2 1_2 fusion-flex-column fusion-animated\" style=\"--awb-bg-size:cover;--awb-width-large:50%;--awb-margin-top-large:160px;--awb-spacing-right-large:19.2%;--awb-margin-bottom-large:80px;--awb-spacing-left-large:9.6%;--awb-width-medium:50%;--awb-order-medium:0;--awb-margin-top-medium:120px;--awb-spacing-right-medium:13.44%;--awb-margin-bottom-medium:40px;--awb-spacing-left-medium:7.68%;--awb-width-small:100%;--awb-order-small:0;--awb-margin-top-small:40px;--awb-spacing-right-small:40px;--awb-margin-bottom-small:40px;--awb-spacing-left-small:40px;\" data-animationType=\"fadeInRight\" data-animationDuration=\"1.6\" data-animationOffset=\"top-into-view\"><div class=\"fusion-column-wrapper fusion-column-has-shadow fusion-flex-justify-content-flex-start fusion-content-layout-column\"><div class=\"fusion-title title fusion-title-1 fusion-sep-none fusion-title-text fusion-title-size-two\" style=\"--awb-margin-top-small:10px;--awb-margin-right-small:0px;--awb-margin-bottom-small:10px;--awb-margin-left-small:0px;\"><h2 class=\"fusion-title-heading title-heading-left\" style=\"margin:0;\">La cl\u00ednica de fisioterapia en casa<\/h2><\/div><div class=\"fusion-text fusion-text-1\" style=\"--awb-content-alignment:left;--awb-font-size:20px;--awb-line-height:1.48em;--awb-letter-spacing:-0.01em;--awb-text-transform:none;\"><p>La edad no siempre es un inconveniente para desplazarse a una cl\u00ednica, pero cuando se ha pasado por una operaci\u00f3n de cadera o de rodilla, propia de las personas de la tercera edad, o cuando tras una ca\u00edda se inicia el periodo de recuperaci\u00f3n, lo que menos apetece es tener que salir de casa.<br \/>\nEl temor a que se produzca un nuevo incidente, la inseguridad, la falta de fuerza&#8230; puede conducir a que las sesiones programadas de fisioterapia no dejen de retrasarse.<br \/>\nEn estos casos la fisioterapia a domicilio hace posible que esa recuperaci\u00f3n se consiga en menor tiempo, sin riesgos innecesarios y con el asesoramiento de un fisioterapia que le aconsejar\u00e1 ejercicios adaptados a su situaci\u00f3n, y a su hogar.<\/p>\n<\/div><div ><a class=\"fusion-button button-flat fusion-button-default-size button-default fusion-button-default button-1 fusion-button-default-span fusion-button-default-type\" style=\"--awb-margin-top:16px;\" target=\"_self\" href=\"https:\/\/www.fisiohogar.com\/vendrell-calafell\/fisioterapia-parkinson-alzheimer\/\"><span class=\"fusion-button-text awb-button__text awb-button__text--default\">Fisioterapia para enfermedades neurol\u00f3gicas<\/span><\/a><\/div><div class=\"fusion-separator fusion-full-width-sep\" style=\"align-self: center;margin-left: auto;margin-right: auto;margin-top:40px;margin-bottom:36px;width:100%;\"><div class=\"fusion-separator-border sep-single sep-dashed\" style=\"--awb-height:20px;--awb-amount:20px;--awb-sep-color:hsla(var(--awb-color8-h),var(--awb-color8-s),var(--awb-color8-l),calc( var(--awb-color8-a) - 88% ));border-color:hsla(var(--awb-color8-h),var(--awb-color8-s),var(--awb-color8-l),calc( var(--awb-color8-a) - 88% ));border-top-width:2px;\"><\/div><\/div><div class=\"fusion-title title fusion-title-2 fusion-sep-none fusion-title-text fusion-title-size-three\" style=\"--awb-margin-top-small:10px;--awb-margin-right-small:0px;--awb-margin-bottom-small:10px;--awb-margin-left-small:0px;\"><h3 class=\"fusion-title-heading title-heading-left\" style=\"margin:0;\">Enfermedades neurol\u00f3gicas<\/h3><\/div><div class=\"fusion-text fusion-text-2\" style=\"--awb-content-alignment:left;--awb-line-height:1.48em;--awb-letter-spacing:-0.01em;--awb-text-transform:none;\"><p>Propias de una edad avanzada, aunque por el momento no tienen curaci\u00f3n, se puede ayudar al paciente de manera notable, mejorando su calidad de vida e incrementando su capacidad para valerse por s\u00ed mismo en sus tareas cotidianas.<\/p>\n<\/div><\/div><\/div><\/div><\/div><\/div><\/div><\/div><div class=\"fusion-fullwidth fullwidth-box fusion-builder-row-2 fusion-flex-container nonhundred-percent-fullwidth non-hundred-percent-height-scrolling\" style=\"--awb-border-radius-top-left:0px;--awb-border-radius-top-right:0px;--awb-border-radius-bottom-right:0px;--awb-border-radius-bottom-left:0px;--awb-padding-top:6%;--awb-padding-bottom:60px;--awb-padding-top-medium:52px;--awb-padding-right-medium:0px;--awb-padding-bottom-medium:0px;--awb-padding-left-medium:0px;--awb-padding-top-small:40px;--awb-padding-right-small:0px;--awb-padding-bottom-small:30px;--awb-padding-left-small:0px;--awb-flex-wrap:wrap;\" ><div class=\"fusion-builder-row fusion-row fusion-flex-align-items-flex-start fusion-flex-content-wrap\" style=\"max-width:1248px;margin-left: calc(-4% \/ 2 );margin-right: calc(-4% \/ 2 );\"><div class=\"fusion-layout-column fusion_builder_column fusion-builder-column-1 fusion_builder_column_1_1 1_1 fusion-flex-column\" style=\"--awb-overflow:hidden;--awb-bg-image:linear-gradient(180deg, var(--awb-color1) 7%,var(--awb-color2) 7%);--awb-bg-size:cover;--awb-border-radius:120px 0px 120px 0px;--awb-width-large:100%;--awb-margin-top-large:0px;--awb-spacing-right-large:1.92%;--awb-margin-bottom-large:20px;--awb-spacing-left-large:1.92%;--awb-width-medium:100%;--awb-order-medium:0;--awb-spacing-right-medium:1.92%;--awb-spacing-left-medium:1.92%;--awb-width-small:100%;--awb-order-small:0;--awb-spacing-right-small:1.92%;--awb-spacing-left-small:1.92%;\"><div class=\"fusion-column-wrapper fusion-column-has-shadow fusion-flex-justify-content-flex-start fusion-content-layout-column\"><div class=\"fusion-builder-row fusion-builder-row-inner fusion-row fusion-flex-align-items-flex-start fusion-flex-content-wrap\" style=\"--awb-flex-grow:0;--awb-flex-grow-medium:0;--awb-flex-grow-small:0;--awb-flex-shrink:0;--awb-flex-shrink-medium:0;--awb-flex-shrink-small:0;width:104% !important;max-width:104% !important;margin-left: calc(-4% \/ 2 );margin-right: calc(-4% \/ 2 );\"><div class=\"fusion-layout-column fusion_builder_column_inner fusion-builder-nested-column-2 fusion_builder_column_inner_1_2 1_2 fusion-flex-column fusion-animated\" style=\"--awb-bg-size:cover;--awb-width-large:50%;--awb-margin-top-large:160px;--awb-spacing-right-large:19.2%;--awb-margin-bottom-large:80px;--awb-spacing-left-large:9.6%;--awb-width-medium:50%;--awb-order-medium:0;--awb-margin-top-medium:120px;--awb-spacing-right-medium:13.44%;--awb-margin-bottom-medium:40px;--awb-spacing-left-medium:7.68%;--awb-width-small:100%;--awb-order-small:0;--awb-margin-top-small:40px;--awb-spacing-right-small:40px;--awb-margin-bottom-small:40px;--awb-spacing-left-small:40px;\" data-animationType=\"fadeInRight\" data-animationDuration=\"1.6\" data-animationOffset=\"top-into-view\"><div class=\"fusion-column-wrapper fusion-column-has-shadow fusion-flex-justify-content-flex-start fusion-content-layout-column\"><div class=\"fusion-title title fusion-title-3 fusion-sep-none fusion-title-text fusion-title-size-two\" style=\"--awb-margin-top-small:10px;--awb-margin-right-small:0px;--awb-margin-bottom-small:10px;--awb-margin-left-small:0px;\"><h2 class=\"fusion-title-heading title-heading-left\" style=\"margin:0;\">Tarifas con descuento, con los bonos<\/h2><\/div><div class=\"fusion-text fusion-text-3\" style=\"--awb-content-alignment:left;--awb-font-size:20px;--awb-line-height:1.48em;--awb-letter-spacing:-0.01em;--awb-text-transform:none;\"><p>Cuando nos tenemos que enfrentar con enfermedades de larga evoluci\u00f3n es irremediable que se necesiten m\u00e1s sesiones de fisioterapia que en los procesos agudos. Para estos casos, ya sea por una artrosis, o por cualquier otra enfermedad degenerativa, disponemos de bonos de hasta 10 sesiones con un apreciable descuento.<\/p>\n<p>Le recordamos que las tarifas est\u00e1n prefijadas y no se incrementan por desplazamientos en su zona de residencia, ni por todo el equipo o productos que utilicemos.<br \/>\nTampoco se producen variaciones en las tarifas en funci\u00f3n del d\u00eda o la hora seleccionados para sus sesiones.<\/p>\n<\/div><div ><a class=\"fusion-button button-flat fusion-button-default-size button-default fusion-button-default button-2 fusion-button-default-span fusion-button-default-type\" style=\"--awb-margin-top:16px;\" target=\"_self\" href=\"https:\/\/www.fisiohogar.com\/vendrell-calafell\/tarifas-de-fisioterapia-a-domicilio-en-tarragona\/\"><span class=\"fusion-button-text awb-button__text awb-button__text--default\">Consulte nuestras tarifas (todo incluido)<\/span><\/a><\/div><div class=\"fusion-separator fusion-full-width-sep\" style=\"align-self: center;margin-left: auto;margin-right: auto;margin-top:40px;margin-bottom:36px;width:100%;\"><div class=\"fusion-separator-border sep-single sep-dashed\" style=\"--awb-height:20px;--awb-amount:20px;--awb-sep-color:hsla(var(--awb-color8-h),var(--awb-color8-s),var(--awb-color8-l),calc( var(--awb-color8-a) - 88% ));border-color:hsla(var(--awb-color8-h),var(--awb-color8-s),var(--awb-color8-l),calc( var(--awb-color8-a) - 88% ));border-top-width:2px;\"><\/div><\/div><div class=\"fusion-title title fusion-title-4 fusion-sep-none fusion-title-text fusion-title-size-three\" style=\"--awb-margin-top-small:10px;--awb-margin-right-small:0px;--awb-margin-bottom-small:10px;--awb-margin-left-small:0px;\"><h3 class=\"fusion-title-heading title-heading-left\" style=\"margin:0;\">Terapia para una m\u00e1s r\u00e1pida recuperaci\u00f3n<\/h3><\/div><div class=\"fusion-text fusion-text-4\" style=\"--awb-content-alignment:left;--awb-line-height:1.48em;--awb-letter-spacing:-0.01em;--awb-text-transform:none;\"><p>Tras la valoraci\u00f3n inicial aconsejamos la que consideramos que puede ser la mejor terapia, con la que vamos a acortar el tiempo de recuperaci\u00f3n.<br \/>\nCon nuestros fisioterapeutas, dependiendo de su caso, podr\u00e1 realizar ejercicios espec\u00edficos para trabajar la circulaci\u00f3n y la coordinaci\u00f3n, movilizaciones activas y pasivas, electroterapia, masoterapia, etc.<\/p>\n<\/div><\/div><\/div><div class=\"fusion-layout-column fusion_builder_column_inner fusion-builder-nested-column-3 fusion_builder_column_inner_1_2 1_2 fusion-flex-column fusion-animated\" style=\"--awb-padding-top:160px;--awb-padding-bottom:160px;--awb-padding-top-small:0px;--awb-padding-bottom-small:0px;--awb-overflow:hidden;--awb-bg-image:url(&#039;https:\/\/www.fisiohogar.com\/vendrell-calafell\/wp-content\/uploads\/sites\/26\/2022\/04\/fisioterapeuta-ancianos.jpg&#039;);--awb-bg-position:center center;--awb-bg-size:cover;--awb-border-radius:120px 0px 120px 0px;--awb-width-large:50%;--awb-margin-top-large:0px;--awb-spacing-right-large:9.6%;--awb-margin-bottom-large:0px;--awb-spacing-left-large:3.84%;--awb-width-medium:50%;--awb-order-medium:0;--awb-spacing-right-medium:7.68%;--awb-spacing-left-medium:3.84%;--awb-width-small:100%;--awb-order-small:0;--awb-spacing-right-small:40px;--awb-spacing-left-small:40px;\" data-animationType=\"fadeInLeft\" data-animationDuration=\"1.6\" data-animationOffset=\"top-into-view\"><div class=\"fusion-column-wrapper fusion-column-has-shadow fusion-flex-justify-content-flex-start fusion-content-layout-column fusion-column-has-bg-image\" data-bg-url=\"https:\/\/www.fisiohogar.com\/vendrell-calafell\/wp-content\/uploads\/sites\/26\/2022\/04\/fisioterapeuta-ancianos.jpg\"><div class=\"fusion-separator fusion-full-width-sep\" style=\"align-self: center;margin-left: auto;margin-right: auto;margin-top:460px;width:100%;\"><div class=\"fusion-separator-border sep-double\" style=\"--awb-height:20px;--awb-amount:20px;border-color:var(--awb-color3);border-top-width:1px;border-bottom-width:1px;\"><\/div><\/div><\/div><\/div><\/div><\/div><\/div><\/div><\/div><\/p>\n","protected":false},"excerpt":{"rendered":"","protected":false},"author":1,"featured_media":0,"parent":0,"menu_order":0,"comment_status":"closed","ping_status":"closed","template":"","meta":{"_joinchat":[],"footnotes":""},"class_list":["post-98","page","type-page","status-publish","hentry"],"yoast_head":"<!-- This site is optimized with the Yoast SEO plugin v27.5 - https:\/\/yoast.com\/product\/yoast-seo-wordpress\/ -->\n<title>Fisioterapia en personas de la tercera edad - Tarragona y Reus<\/title>\n<meta name=\"robots\" content=\"index, follow, max-snippet:-1, max-image-preview:large, max-video-preview:-1\" \/>\n<link rel=\"canonical\" href=\"https:\/\/www.fisiohogar.com\/vendrell-calafell\/fisioterapia-tercera-edad\/\" \/>\n<meta property=\"og:locale\" content=\"es_ES\" \/>\n<meta property=\"og:type\" content=\"article\" \/>\n<meta property=\"og:title\" content=\"Fisioterapia en personas de la tercera edad - Tarragona y Reus\" \/>\n<meta property=\"og:url\" content=\"https:\/\/www.fisiohogar.com\/vendrell-calafell\/fisioterapia-tercera-edad\/\" \/>\n<meta property=\"og:site_name\" content=\"Tarragona y Reus\" \/>\n<meta property=\"article:modified_time\" content=\"2022-04-30T18:51:12+00:00\" \/>\n<meta name=\"twitter:card\" content=\"summary_large_image\" \/>\n<meta name=\"twitter:label1\" content=\"Tiempo de lectura\" \/>\n\t<meta name=\"twitter:data1\" content=\"7 minutos\" \/>\n<script type=\"application\/ld+json\" class=\"yoast-schema-graph\">{\"@context\":\"https:\\\/\\\/schema.org\",\"@graph\":[{\"@type\":\"WebPage\",\"@id\":\"https:\\\/\\\/www.fisiohogar.com\\\/vendrell-calafell\\\/fisioterapia-tercera-edad\\\/\",\"url\":\"https:\\\/\\\/www.fisiohogar.com\\\/vendrell-calafell\\\/fisioterapia-tercera-edad\\\/\",\"name\":\"Fisioterapia en personas de la tercera edad - Tarragona y Reus\",\"isPartOf\":{\"@id\":\"https:\\\/\\\/www.fisiohogar.com\\\/vendrell-calafell\\\/#website\"},\"datePublished\":\"2016-03-09T11:00:39+00:00\",\"dateModified\":\"2022-04-30T18:51:12+00:00\",\"breadcrumb\":{\"@id\":\"https:\\\/\\\/www.fisiohogar.com\\\/vendrell-calafell\\\/fisioterapia-tercera-edad\\\/#breadcrumb\"},\"inLanguage\":\"es\",\"potentialAction\":[{\"@type\":\"ReadAction\",\"target\":[\"https:\\\/\\\/www.fisiohogar.com\\\/vendrell-calafell\\\/fisioterapia-tercera-edad\\\/\"]}]},{\"@type\":\"BreadcrumbList\",\"@id\":\"https:\\\/\\\/www.fisiohogar.com\\\/vendrell-calafell\\\/fisioterapia-tercera-edad\\\/#breadcrumb\",\"itemListElement\":[{\"@type\":\"ListItem\",\"position\":1,\"name\":\"Portada\",\"item\":\"https:\\\/\\\/www.fisiohogar.com\\\/vendrell-calafell\\\/\"},{\"@type\":\"ListItem\",\"position\":2,\"name\":\"Fisioterapia en personas de la tercera edad\"}]},{\"@type\":\"WebSite\",\"@id\":\"https:\\\/\\\/www.fisiohogar.com\\\/vendrell-calafell\\\/#website\",\"url\":\"https:\\\/\\\/www.fisiohogar.com\\\/vendrell-calafell\\\/\",\"name\":\"Tarragona y Reus\",\"description\":\"Fisioterapia a domicilio noreste Tarragona y suroeste Barcelona\",\"potentialAction\":[{\"@type\":\"SearchAction\",\"target\":{\"@type\":\"EntryPoint\",\"urlTemplate\":\"https:\\\/\\\/www.fisiohogar.com\\\/vendrell-calafell\\\/?s={search_term_string}\"},\"query-input\":{\"@type\":\"PropertyValueSpecification\",\"valueRequired\":true,\"valueName\":\"search_term_string\"}}],\"inLanguage\":\"es\"}]}<\/script>\n<!-- \/ Yoast SEO plugin. -->","yoast_head_json":{"title":"Fisioterapia en personas de la tercera edad - Tarragona y Reus","robots":{"index":"index","follow":"follow","max-snippet":"max-snippet:-1","max-image-preview":"max-image-preview:large","max-video-preview":"max-video-preview:-1"},"canonical":"https:\/\/www.fisiohogar.com\/vendrell-calafell\/fisioterapia-tercera-edad\/","og_locale":"es_ES","og_type":"article","og_title":"Fisioterapia en personas de la tercera edad - Tarragona y Reus","og_url":"https:\/\/www.fisiohogar.com\/vendrell-calafell\/fisioterapia-tercera-edad\/","og_site_name":"Tarragona y Reus","article_modified_time":"2022-04-30T18:51:12+00:00","twitter_card":"summary_large_image","twitter_misc":{"Tiempo de lectura":"7 minutos"},"schema":{"@context":"https:\/\/schema.org","@graph":[{"@type":"WebPage","@id":"https:\/\/www.fisiohogar.com\/vendrell-calafell\/fisioterapia-tercera-edad\/","url":"https:\/\/www.fisiohogar.com\/vendrell-calafell\/fisioterapia-tercera-edad\/","name":"Fisioterapia en personas de la tercera edad - Tarragona y Reus","isPartOf":{"@id":"https:\/\/www.fisiohogar.com\/vendrell-calafell\/#website"},"datePublished":"2016-03-09T11:00:39+00:00","dateModified":"2022-04-30T18:51:12+00:00","breadcrumb":{"@id":"https:\/\/www.fisiohogar.com\/vendrell-calafell\/fisioterapia-tercera-edad\/#breadcrumb"},"inLanguage":"es","potentialAction":[{"@type":"ReadAction","target":["https:\/\/www.fisiohogar.com\/vendrell-calafell\/fisioterapia-tercera-edad\/"]}]},{"@type":"BreadcrumbList","@id":"https:\/\/www.fisiohogar.com\/vendrell-calafell\/fisioterapia-tercera-edad\/#breadcrumb","itemListElement":[{"@type":"ListItem","position":1,"name":"Portada","item":"https:\/\/www.fisiohogar.com\/vendrell-calafell\/"},{"@type":"ListItem","position":2,"name":"Fisioterapia en personas de la tercera edad"}]},{"@type":"WebSite","@id":"https:\/\/www.fisiohogar.com\/vendrell-calafell\/#website","url":"https:\/\/www.fisiohogar.com\/vendrell-calafell\/","name":"Tarragona y Reus","description":"Fisioterapia a domicilio noreste Tarragona y suroeste Barcelona","potentialAction":[{"@type":"SearchAction","target":{"@type":"EntryPoint","urlTemplate":"https:\/\/www.fisiohogar.com\/vendrell-calafell\/?s={search_term_string}"},"query-input":{"@type":"PropertyValueSpecification","valueRequired":true,"valueName":"search_term_string"}}],"inLanguage":"es"}]}},"_links":{"self":[{"href":"https:\/\/www.fisiohogar.com\/vendrell-calafell\/wp-json\/wp\/v2\/pages\/98","targetHints":{"allow":["GET"]}}],"collection":[{"href":"https:\/\/www.fisiohogar.com\/vendrell-calafell\/wp-json\/wp\/v2\/pages"}],"about":[{"href":"https:\/\/www.fisiohogar.com\/vendrell-calafell\/wp-json\/wp\/v2\/types\/page"}],"author":[{"embeddable":true,"href":"https:\/\/www.fisiohogar.com\/vendrell-calafell\/wp-json\/wp\/v2\/users\/1"}],"replies":[{"embeddable":true,"href":"https:\/\/www.fisiohogar.com\/vendrell-calafell\/wp-json\/wp\/v2\/comments?post=98"}],"version-history":[{"count":12,"href":"https:\/\/www.fisiohogar.com\/vendrell-calafell\/wp-json\/wp\/v2\/pages\/98\/revisions"}],"predecessor-version":[{"id":18216,"href":"https:\/\/www.fisiohogar.com\/vendrell-calafell\/wp-json\/wp\/v2\/pages\/98\/revisions\/18216"}],"wp:attachment":[{"href":"https:\/\/www.fisiohogar.com\/vendrell-calafell\/wp-json\/wp\/v2\/media?parent=98"}],"curies":[{"name":"wp","href":"https:\/\/api.w.org\/{rel}","templated":true}]}}