{"id":90,"date":"2016-03-09T10:56:36","date_gmt":"2016-03-09T10:56:36","guid":{"rendered":"http:\/\/www.fisiohogar.com\/ciudad\/?page_id=25"},"modified":"2022-05-02T11:23:15","modified_gmt":"2022-05-02T11:23:15","slug":"fisioterapia-para-deportistas","status":"publish","type":"page","link":"https:\/\/www.fisiohogar.com\/vendrell-calafell\/fisioterapia-para-deportistas\/","title":{"rendered":"Fisioterapia para deportistas"},"content":{"rendered":"<p><div class=\"fusion-fullwidth fullwidth-box fusion-builder-row-1 fusion-flex-container nonhundred-percent-fullwidth non-hundred-percent-height-scrolling\" style=\"--awb-border-radius-top-left:0px;--awb-border-radius-top-right:0px;--awb-border-radius-bottom-right:0px;--awb-border-radius-bottom-left:0px;--awb-flex-wrap:wrap;\" ><div class=\"fusion-builder-row fusion-row fusion-flex-align-items-flex-start fusion-flex-content-wrap\" style=\"max-width:1248px;margin-left: calc(-4% \/ 2 );margin-right: calc(-4% \/ 2 );\"><div class=\"fusion-layout-column fusion_builder_column fusion-builder-column-0 fusion_builder_column_1_2 1_2 fusion-flex-column fusion-animated\" style=\"--awb-bg-size:cover;--awb-width-large:50%;--awb-margin-top-large:0px;--awb-spacing-right-large:3.84%;--awb-margin-bottom-large:20px;--awb-spacing-left-large:3.84%;--awb-width-medium:50%;--awb-order-medium:0;--awb-spacing-right-medium:3.84%;--awb-spacing-left-medium:3.84%;--awb-width-small:100%;--awb-order-small:0;--awb-spacing-right-small:1.92%;--awb-spacing-left-small:1.92%;\" data-animationType=\"fadeInRight\" data-animationDuration=\"1.6\" data-animationOffset=\"top-into-view\"><div class=\"fusion-column-wrapper fusion-column-has-shadow fusion-flex-justify-content-flex-start fusion-content-layout-column\"><div class=\"fusion-image-element \" style=\"--awb-margin-top:15px;--awb-margin-right:15px;--awb-margin-bottom:15px;--awb-margin-left:15px;--awb-caption-title-font-family:var(--h2_typography-font-family);--awb-caption-title-font-weight:var(--h2_typography-font-weight);--awb-caption-title-font-style:var(--h2_typography-font-style);--awb-caption-title-size:var(--h2_typography-font-size);--awb-caption-title-transform:var(--h2_typography-text-transform);--awb-caption-title-line-height:var(--h2_typography-line-height);--awb-caption-title-letter-spacing:var(--h2_typography-letter-spacing);\"><span class=\" fusion-imageframe imageframe-none imageframe-1 hover-type-none\" style=\"border:1px solid #969696;border-radius:15px;\"><img decoding=\"async\" width=\"1200\" height=\"675\" title=\"eventos deportivos\" src=\"https:\/\/www.fisiohogar.com\/vendrell-calafell\/wp-content\/uploads\/sites\/26\/2016\/03\/fisioterapia-deportistas.jpg\" alt class=\"img-responsive wp-image-1086\" srcset=\"https:\/\/www.fisiohogar.com\/vendrell-calafell\/wp-content\/uploads\/sites\/26\/2016\/03\/fisioterapia-deportistas-300x169.jpg 300w, https:\/\/www.fisiohogar.com\/vendrell-calafell\/wp-content\/uploads\/sites\/26\/2016\/03\/fisioterapia-deportistas-768x432.jpg 768w, https:\/\/www.fisiohogar.com\/vendrell-calafell\/wp-content\/uploads\/sites\/26\/2016\/03\/fisioterapia-deportistas-940x529.jpg 940w, https:\/\/www.fisiohogar.com\/vendrell-calafell\/wp-content\/uploads\/sites\/26\/2016\/03\/fisioterapia-deportistas-1024x576.jpg 1024w, https:\/\/www.fisiohogar.com\/vendrell-calafell\/wp-content\/uploads\/sites\/26\/2016\/03\/fisioterapia-deportistas.jpg 1200w\" sizes=\"(max-width: 1200px) 100vw, 1200px\" \/><\/span><\/div><div class=\"fusion-text fusion-text-1\" style=\"--awb-text-transform:none;\"><p style=\"text-align: center;\">Servicio de atenci\u00f3n con fisioterapeutas en eventos deportivos<\/p>\n<\/div><\/div><\/div><div class=\"fusion-layout-column fusion_builder_column fusion-builder-column-1 fusion_builder_column_1_2 1_2 fusion-flex-column\" style=\"--awb-bg-size:cover;--awb-width-large:50%;--awb-margin-top-large:0px;--awb-spacing-right-large:3.84%;--awb-margin-bottom-large:20px;--awb-spacing-left-large:3.84%;--awb-width-medium:50%;--awb-order-medium:0;--awb-spacing-right-medium:3.84%;--awb-spacing-left-medium:3.84%;--awb-width-small:100%;--awb-order-small:0;--awb-spacing-right-small:1.92%;--awb-spacing-left-small:1.92%;\"><div class=\"fusion-column-wrapper fusion-column-has-shadow fusion-flex-justify-content-flex-start fusion-content-layout-column\"><div class=\"fusion-title title fusion-title-1 fusion-sep-none fusion-title-text fusion-title-size-two\" style=\"--awb-margin-top-small:10px;--awb-margin-right-small:0px;--awb-margin-bottom-small:10px;--awb-margin-left-small:0px;\"><h2 class=\"fusion-title-heading title-heading-left\" style=\"margin:0;\">Fisioterapia en eventos deportivos<\/h2><\/div><div class=\"fusion-text fusion-text-2\" style=\"--awb-font-size:20px;--awb-text-transform:none;\"><p>Durante la celebraci\u00f3n de <strong>eventos o competiciones deportivas<\/strong> nos podemos encontrar con la participaci\u00f3n de personas que tienen relativamente poca experiencia en la pr\u00e1ctica del deporte, o que cometen alg\u00fan exceso en ese tipo de acontecimientos, debido a esto las lesiones suelen ser m\u00e1s frecuentes. Por esta misma raz\u00f3n contar con un servicio de fisioterapia que atienda a estos deportistas con <strong>sesiones de estiramientos, masajes descontracturantes o ejercicios de potenciaci\u00f3n<\/strong>, logra <strong>reducir riesgos de lesiones<\/strong>.<\/p>\n<p>Con nuestro equipo de fisioterapeutas atenderemos con prontitud<strong>\u00a0<\/strong>en el caso de producirse cualquier tipo de lesi\u00f3n.<\/p>\n<p>Para la tranquilidad de quienes participan en estos acontecimientos deportivos, como para quienes los organizan, contar con la atenci\u00f3n de fisioterapeutas es siempre la mejor opci\u00f3n. Tanto por la atenci\u00f3n previa con consejos, calentamiento, estiramientos&#8230; como por la atenci\u00f3n durante, y despu\u00e9s, del evento deportivo, en Fisiohogar le ofrecemos un servicio completo para grupos de deportistas.<\/p>\n<\/div><\/div><\/div><\/div><\/div><div class=\"fusion-fullwidth fullwidth-box fusion-builder-row-2 fusion-flex-container nonhundred-percent-fullwidth non-hundred-percent-height-scrolling\" style=\"--awb-border-radius-top-left:0px;--awb-border-radius-top-right:0px;--awb-border-radius-bottom-right:0px;--awb-border-radius-bottom-left:0px;--awb-flex-wrap:wrap;\" ><div class=\"fusion-builder-row fusion-row fusion-flex-align-items-flex-start fusion-flex-content-wrap\" style=\"max-width:1248px;margin-left: calc(-4% \/ 2 );margin-right: calc(-4% \/ 2 );\"><div class=\"fusion-layout-column fusion_builder_column fusion-builder-column-2 fusion_builder_column_1_2 1_2 fusion-flex-column\" style=\"--awb-bg-size:cover;--awb-width-large:50%;--awb-margin-top-large:0px;--awb-spacing-right-large:3.84%;--awb-margin-bottom-large:20px;--awb-spacing-left-large:3.84%;--awb-width-medium:50%;--awb-order-medium:0;--awb-spacing-right-medium:3.84%;--awb-spacing-left-medium:3.84%;--awb-width-small:100%;--awb-order-small:0;--awb-spacing-right-small:1.92%;--awb-spacing-left-small:1.92%;\"><div class=\"fusion-column-wrapper fusion-column-has-shadow fusion-flex-justify-content-flex-start fusion-content-layout-column\"><div class=\"fusion-title title fusion-title-2 fusion-sep-none fusion-title-text fusion-title-size-two\" style=\"--awb-margin-top-small:10px;--awb-margin-right-small:0px;--awb-margin-bottom-small:10px;--awb-margin-left-small:0px;\"><h2 class=\"fusion-title-heading title-heading-left\" style=\"margin:0;\">Fisioterapia para particulares<\/h2><\/div><div class=\"fusion-text fusion-text-3\" style=\"--awb-font-size:20px;--awb-text-transform:none;\"><p>La pr\u00e1ctica de diferentes deportes ya es habitual en la poblaci\u00f3n m\u00e1s joven, y tambi\u00e9n la de mediana edad. Sin embargo, en esta pr\u00e1ctica que puede ser diaria, se pueden producir <strong>lesiones<\/strong> que, si no son bien atendidas, tanto en el proceso de curaci\u00f3n, para evitar reca\u00eddas, como para reducir riesgos de futuras lesiones, nos podemos encontrar con deportistas que han tenido que dejar esta pr\u00e1ctica.<\/p>\n<p>Nuestros fisioterapeutas te ense\u00f1ar\u00e1n c\u00f3mo reducir riesgos de lesiones, c\u00f3mo practicar el deporte de manera segura, y en caso de cualquier lesi\u00f3n, te atender\u00e1n para que <strong>su curaci\u00f3n se complete en el menor tiempo posible<\/strong>, y con todas las garant\u00edas.<\/p>\n<p>Ponte en <a href=\"https:\/\/www.fisiohogar.com\/vendrell-calafell\/contacta-ahora\/\">contacto con nosotros<\/a> y solicita que un fisioterapeuta se desplace a tu domicilio.<\/p>\n<\/div><\/div><\/div><div class=\"fusion-layout-column fusion_builder_column fusion-builder-column-3 fusion_builder_column_1_2 1_2 fusion-flex-column fusion-animated\" style=\"--awb-bg-size:cover;--awb-width-large:50%;--awb-margin-top-large:0px;--awb-spacing-right-large:3.84%;--awb-margin-bottom-large:20px;--awb-spacing-left-large:3.84%;--awb-width-medium:50%;--awb-order-medium:0;--awb-spacing-right-medium:3.84%;--awb-spacing-left-medium:3.84%;--awb-width-small:100%;--awb-order-small:0;--awb-spacing-right-small:1.92%;--awb-spacing-left-small:1.92%;\" data-animationType=\"fadeInLeft\" data-animationDuration=\"1.6\" data-animationOffset=\"top-into-view\"><div class=\"fusion-column-wrapper fusion-column-has-shadow fusion-flex-justify-content-flex-start fusion-content-layout-column\"><div class=\"fusion-image-element \" style=\"--awb-margin-top:15px;--awb-margin-right:15px;--awb-margin-bottom:15px;--awb-margin-left:15px;--awb-caption-title-font-family:var(--h2_typography-font-family);--awb-caption-title-font-weight:var(--h2_typography-font-weight);--awb-caption-title-font-style:var(--h2_typography-font-style);--awb-caption-title-size:var(--h2_typography-font-size);--awb-caption-title-transform:var(--h2_typography-text-transform);--awb-caption-title-line-height:var(--h2_typography-line-height);--awb-caption-title-letter-spacing:var(--h2_typography-letter-spacing);\"><span class=\" fusion-imageframe imageframe-none imageframe-2 hover-type-none\" style=\"border:1px solid #969696;border-radius:15px;\"><img decoding=\"async\" width=\"1687\" height=\"1126\" title=\"deportista\" src=\"https:\/\/www.fisiohogar.com\/vendrell-calafell\/wp-content\/uploads\/sites\/26\/2018\/04\/Fotolia_52839692_Subscription_Monthly_M.jpg\" alt class=\"img-responsive wp-image-5076\" srcset=\"https:\/\/www.fisiohogar.com\/vendrell-calafell\/wp-content\/uploads\/sites\/26\/2018\/04\/Fotolia_52839692_Subscription_Monthly_M-300x200.jpg 300w, https:\/\/www.fisiohogar.com\/vendrell-calafell\/wp-content\/uploads\/sites\/26\/2018\/04\/Fotolia_52839692_Subscription_Monthly_M-768x513.jpg 768w, https:\/\/www.fisiohogar.com\/vendrell-calafell\/wp-content\/uploads\/sites\/26\/2018\/04\/Fotolia_52839692_Subscription_Monthly_M-940x627.jpg 940w, https:\/\/www.fisiohogar.com\/vendrell-calafell\/wp-content\/uploads\/sites\/26\/2018\/04\/Fotolia_52839692_Subscription_Monthly_M-1024x683.jpg 1024w, https:\/\/www.fisiohogar.com\/vendrell-calafell\/wp-content\/uploads\/sites\/26\/2018\/04\/Fotolia_52839692_Subscription_Monthly_M.jpg 1687w\" sizes=\"(max-width: 1687px) 100vw, 1687px\" \/><\/span><\/div><div class=\"fusion-text fusion-text-4\" style=\"--awb-text-transform:none;\"><p style=\"text-align: center;\">Atenci\u00f3n a domicilio de deportistas<\/p>\n<\/div><\/div><\/div><\/div><\/div><\/p>\n","protected":false},"excerpt":{"rendered":"","protected":false},"author":1,"featured_media":0,"parent":0,"menu_order":0,"comment_status":"closed","ping_status":"closed","template":"","meta":{"_joinchat":[],"footnotes":""},"class_list":["post-90","page","type-page","status-publish","hentry"],"yoast_head":"<!-- This site is optimized with the Yoast SEO plugin v27.4 - https:\/\/yoast.com\/product\/yoast-seo-wordpress\/ -->\n<title>Fisioterapia para deportistas - Tarragona y Reus<\/title>\n<meta name=\"robots\" content=\"index, follow, max-snippet:-1, max-image-preview:large, max-video-preview:-1\" \/>\n<link rel=\"canonical\" href=\"https:\/\/www.fisiohogar.com\/vendrell-calafell\/fisioterapia-para-deportistas\/\" \/>\n<meta property=\"og:locale\" content=\"es_ES\" \/>\n<meta property=\"og:type\" content=\"article\" \/>\n<meta property=\"og:title\" content=\"Fisioterapia para deportistas - Tarragona y Reus\" \/>\n<meta property=\"og:url\" content=\"https:\/\/www.fisiohogar.com\/vendrell-calafell\/fisioterapia-para-deportistas\/\" \/>\n<meta property=\"og:site_name\" content=\"Tarragona y Reus\" \/>\n<meta property=\"article:modified_time\" content=\"2022-05-02T11:23:15+00:00\" \/>\n<meta name=\"twitter:card\" content=\"summary_large_image\" \/>\n<meta name=\"twitter:label1\" content=\"Tiempo de lectura\" \/>\n\t<meta name=\"twitter:data1\" content=\"6 minutos\" \/>\n<script type=\"application\/ld+json\" class=\"yoast-schema-graph\">{\"@context\":\"https:\\\/\\\/schema.org\",\"@graph\":[{\"@type\":\"WebPage\",\"@id\":\"https:\\\/\\\/www.fisiohogar.com\\\/vendrell-calafell\\\/fisioterapia-para-deportistas\\\/\",\"url\":\"https:\\\/\\\/www.fisiohogar.com\\\/vendrell-calafell\\\/fisioterapia-para-deportistas\\\/\",\"name\":\"Fisioterapia para deportistas - Tarragona y Reus\",\"isPartOf\":{\"@id\":\"https:\\\/\\\/www.fisiohogar.com\\\/vendrell-calafell\\\/#website\"},\"datePublished\":\"2016-03-09T10:56:36+00:00\",\"dateModified\":\"2022-05-02T11:23:15+00:00\",\"breadcrumb\":{\"@id\":\"https:\\\/\\\/www.fisiohogar.com\\\/vendrell-calafell\\\/fisioterapia-para-deportistas\\\/#breadcrumb\"},\"inLanguage\":\"es\",\"potentialAction\":[{\"@type\":\"ReadAction\",\"target\":[\"https:\\\/\\\/www.fisiohogar.com\\\/vendrell-calafell\\\/fisioterapia-para-deportistas\\\/\"]}]},{\"@type\":\"BreadcrumbList\",\"@id\":\"https:\\\/\\\/www.fisiohogar.com\\\/vendrell-calafell\\\/fisioterapia-para-deportistas\\\/#breadcrumb\",\"itemListElement\":[{\"@type\":\"ListItem\",\"position\":1,\"name\":\"Portada\",\"item\":\"https:\\\/\\\/www.fisiohogar.com\\\/vendrell-calafell\\\/\"},{\"@type\":\"ListItem\",\"position\":2,\"name\":\"Fisioterapia para deportistas\"}]},{\"@type\":\"WebSite\",\"@id\":\"https:\\\/\\\/www.fisiohogar.com\\\/vendrell-calafell\\\/#website\",\"url\":\"https:\\\/\\\/www.fisiohogar.com\\\/vendrell-calafell\\\/\",\"name\":\"Tarragona y Reus\",\"description\":\"Fisioterapia a domicilio noreste Tarragona y suroeste Barcelona\",\"potentialAction\":[{\"@type\":\"SearchAction\",\"target\":{\"@type\":\"EntryPoint\",\"urlTemplate\":\"https:\\\/\\\/www.fisiohogar.com\\\/vendrell-calafell\\\/?s={search_term_string}\"},\"query-input\":{\"@type\":\"PropertyValueSpecification\",\"valueRequired\":true,\"valueName\":\"search_term_string\"}}],\"inLanguage\":\"es\"}]}<\/script>\n<!-- \/ Yoast SEO plugin. -->","yoast_head_json":{"title":"Fisioterapia para deportistas - Tarragona y Reus","robots":{"index":"index","follow":"follow","max-snippet":"max-snippet:-1","max-image-preview":"max-image-preview:large","max-video-preview":"max-video-preview:-1"},"canonical":"https:\/\/www.fisiohogar.com\/vendrell-calafell\/fisioterapia-para-deportistas\/","og_locale":"es_ES","og_type":"article","og_title":"Fisioterapia para deportistas - Tarragona y Reus","og_url":"https:\/\/www.fisiohogar.com\/vendrell-calafell\/fisioterapia-para-deportistas\/","og_site_name":"Tarragona y Reus","article_modified_time":"2022-05-02T11:23:15+00:00","twitter_card":"summary_large_image","twitter_misc":{"Tiempo de lectura":"6 minutos"},"schema":{"@context":"https:\/\/schema.org","@graph":[{"@type":"WebPage","@id":"https:\/\/www.fisiohogar.com\/vendrell-calafell\/fisioterapia-para-deportistas\/","url":"https:\/\/www.fisiohogar.com\/vendrell-calafell\/fisioterapia-para-deportistas\/","name":"Fisioterapia para deportistas - Tarragona y Reus","isPartOf":{"@id":"https:\/\/www.fisiohogar.com\/vendrell-calafell\/#website"},"datePublished":"2016-03-09T10:56:36+00:00","dateModified":"2022-05-02T11:23:15+00:00","breadcrumb":{"@id":"https:\/\/www.fisiohogar.com\/vendrell-calafell\/fisioterapia-para-deportistas\/#breadcrumb"},"inLanguage":"es","potentialAction":[{"@type":"ReadAction","target":["https:\/\/www.fisiohogar.com\/vendrell-calafell\/fisioterapia-para-deportistas\/"]}]},{"@type":"BreadcrumbList","@id":"https:\/\/www.fisiohogar.com\/vendrell-calafell\/fisioterapia-para-deportistas\/#breadcrumb","itemListElement":[{"@type":"ListItem","position":1,"name":"Portada","item":"https:\/\/www.fisiohogar.com\/vendrell-calafell\/"},{"@type":"ListItem","position":2,"name":"Fisioterapia para deportistas"}]},{"@type":"WebSite","@id":"https:\/\/www.fisiohogar.com\/vendrell-calafell\/#website","url":"https:\/\/www.fisiohogar.com\/vendrell-calafell\/","name":"Tarragona y Reus","description":"Fisioterapia a domicilio noreste Tarragona y suroeste Barcelona","potentialAction":[{"@type":"SearchAction","target":{"@type":"EntryPoint","urlTemplate":"https:\/\/www.fisiohogar.com\/vendrell-calafell\/?s={search_term_string}"},"query-input":{"@type":"PropertyValueSpecification","valueRequired":true,"valueName":"search_term_string"}}],"inLanguage":"es"}]}},"_links":{"self":[{"href":"https:\/\/www.fisiohogar.com\/vendrell-calafell\/wp-json\/wp\/v2\/pages\/90","targetHints":{"allow":["GET"]}}],"collection":[{"href":"https:\/\/www.fisiohogar.com\/vendrell-calafell\/wp-json\/wp\/v2\/pages"}],"about":[{"href":"https:\/\/www.fisiohogar.com\/vendrell-calafell\/wp-json\/wp\/v2\/types\/page"}],"author":[{"embeddable":true,"href":"https:\/\/www.fisiohogar.com\/vendrell-calafell\/wp-json\/wp\/v2\/users\/1"}],"replies":[{"embeddable":true,"href":"https:\/\/www.fisiohogar.com\/vendrell-calafell\/wp-json\/wp\/v2\/comments?post=90"}],"version-history":[{"count":12,"href":"https:\/\/www.fisiohogar.com\/vendrell-calafell\/wp-json\/wp\/v2\/pages\/90\/revisions"}],"predecessor-version":[{"id":18252,"href":"https:\/\/www.fisiohogar.com\/vendrell-calafell\/wp-json\/wp\/v2\/pages\/90\/revisions\/18252"}],"wp:attachment":[{"href":"https:\/\/www.fisiohogar.com\/vendrell-calafell\/wp-json\/wp\/v2\/media?parent=90"}],"curies":[{"name":"wp","href":"https:\/\/api.w.org\/{rel}","templated":true}]}}