{"id":18117,"date":"2022-04-28T17:28:00","date_gmt":"2022-04-28T17:28:00","guid":{"rendered":"https:\/\/www.fisiohogar.com\/vendrell-calafell\/?page_id=18117"},"modified":"2022-04-28T17:28:00","modified_gmt":"2022-04-28T17:28:00","slug":"fisioterapia-enfermedades-respiratorias","status":"publish","type":"page","link":"https:\/\/www.fisiohogar.com\/vendrell-calafell\/fisioterapia-enfermedades-respiratorias\/","title":{"rendered":"Fisioterapia para enfermedades respiratorias"},"content":{"rendered":"<p><div class=\"fusion-fullwidth fullwidth-box fusion-builder-row-1 fusion-flex-container nonhundred-percent-fullwidth non-hundred-percent-height-scrolling\" style=\"--awb-border-radius-top-left:0px;--awb-border-radius-top-right:0px;--awb-border-radius-bottom-right:0px;--awb-border-radius-bottom-left:0px;--awb-flex-wrap:wrap;\" ><div class=\"fusion-builder-row fusion-row fusion-flex-align-items-flex-start fusion-flex-content-wrap\" style=\"max-width:1248px;margin-left: calc(-4% \/ 2 );margin-right: calc(-4% \/ 2 );\"><div class=\"fusion-layout-column fusion_builder_column fusion-builder-column-0 fusion_builder_column_1_2 1_2 fusion-flex-column\" style=\"--awb-padding-top:35px;--awb-padding-right:35px;--awb-padding-bottom:35px;--awb-padding-left:35px;--awb-bg-color:rgba(139,176,47,0.28);--awb-bg-color-hover:rgba(139,176,47,0.28);--awb-bg-size:cover;--awb-width-large:50%;--awb-margin-top-large:0px;--awb-spacing-right-large:3.84%;--awb-margin-bottom-large:20px;--awb-spacing-left-large:3.84%;--awb-width-medium:50%;--awb-order-medium:0;--awb-spacing-right-medium:3.84%;--awb-spacing-left-medium:3.84%;--awb-width-small:100%;--awb-order-small:0;--awb-spacing-right-small:1.92%;--awb-spacing-left-small:1.92%;\"><div class=\"fusion-column-wrapper fusion-column-has-shadow fusion-flex-justify-content-flex-start fusion-content-layout-column\"><div class=\"fusion-image-element \" style=\"--awb-caption-title-font-family:var(--h2_typography-font-family);--awb-caption-title-font-weight:var(--h2_typography-font-weight);--awb-caption-title-font-style:var(--h2_typography-font-style);--awb-caption-title-size:var(--h2_typography-font-size);--awb-caption-title-transform:var(--h2_typography-text-transform);--awb-caption-title-line-height:var(--h2_typography-line-height);--awb-caption-title-letter-spacing:var(--h2_typography-letter-spacing);\"><span class=\" fusion-imageframe imageframe-none imageframe-1 hover-type-none\"><img decoding=\"async\" width=\"1200\" height=\"1200\" title=\"respiratoria-adultos\" src=\"https:\/\/www.fisiohogar.com\/vendrell-calafell\/wp-content\/uploads\/sites\/26\/2022\/04\/respiratoria-adultos.jpg\" alt class=\"img-responsive wp-image-18118\" srcset=\"https:\/\/www.fisiohogar.com\/vendrell-calafell\/wp-content\/uploads\/sites\/26\/2022\/04\/respiratoria-adultos-200x200.jpg 200w, https:\/\/www.fisiohogar.com\/vendrell-calafell\/wp-content\/uploads\/sites\/26\/2022\/04\/respiratoria-adultos-400x400.jpg 400w, https:\/\/www.fisiohogar.com\/vendrell-calafell\/wp-content\/uploads\/sites\/26\/2022\/04\/respiratoria-adultos-600x600.jpg 600w, https:\/\/www.fisiohogar.com\/vendrell-calafell\/wp-content\/uploads\/sites\/26\/2022\/04\/respiratoria-adultos-800x800.jpg 800w, https:\/\/www.fisiohogar.com\/vendrell-calafell\/wp-content\/uploads\/sites\/26\/2022\/04\/respiratoria-adultos.jpg 1200w\" sizes=\"(max-width: 640px) 100vw, 600px\" \/><\/span><\/div><\/div><\/div><div class=\"fusion-layout-column fusion_builder_column fusion-builder-column-1 fusion_builder_column_1_2 1_2 fusion-flex-column\" style=\"--awb-bg-size:cover;--awb-width-large:50%;--awb-margin-top-large:0px;--awb-spacing-right-large:3.84%;--awb-margin-bottom-large:20px;--awb-spacing-left-large:3.84%;--awb-width-medium:50%;--awb-order-medium:0;--awb-spacing-right-medium:3.84%;--awb-spacing-left-medium:3.84%;--awb-width-small:100%;--awb-order-small:0;--awb-spacing-right-small:1.92%;--awb-spacing-left-small:1.92%;\"><div class=\"fusion-column-wrapper fusion-column-has-shadow fusion-flex-justify-content-flex-start fusion-content-layout-column\"><div class=\"fusion-title title fusion-title-1 fusion-sep-none fusion-title-text fusion-title-size-three\" style=\"--awb-margin-top-small:10px;--awb-margin-right-small:0px;--awb-margin-bottom-small:10px;--awb-margin-left-small:0px;\"><h3 class=\"fusion-title-heading title-heading-left\" style=\"margin:0;\">Fisioterapia respiratoria para adultos<\/h3><\/div><div class=\"fusion-text fusion-text-1\" style=\"--awb-font-size:20px;--awb-text-transform:none;\"><p>En pacientes adultos encontramos diferentes enfermedades que afectan al aparato respiratorio, entre ellas los abscesos pulmonares, neumon\u00edas, asma, fibrosis qu\u00edstica, EPOC y de manera m\u00e1s reciente nos encontramos con los problemas respiratorios asociadas a la COVID persistente.<\/p>\n<p>Tras un examen del paciente, en el que nos interesamos por su historial m\u00e9dico, aplicamos t\u00e9cnicas como el drenaje postural, o le ense\u00f1amos al paciente c\u00f3mo poner en pr\u00e1ctica otras como la tos provocada, o el control de la respiraci\u00f3n diafragm\u00e1tica. Tambi\u00e9n le ense\u00f1amos al paciente qu\u00e9 ejercicios pueden conseguir una ampliaci\u00f3n de la capacidad tor\u00e1cica.<\/p>\n<p>Nuestro objetivo es que la funci\u00f3n respiratoria mejore y que el paciente consiga controlar de mejor manera esa funci\u00f3n en los periodos de crisis. De esa manera, gracias a que se consigue un mayor control de la enfermedad se logran reducir los s\u00edntomas.<\/p>\n<\/div><\/div><\/div><\/div><\/div><div class=\"fusion-fullwidth fullwidth-box fusion-builder-row-2 fusion-flex-container nonhundred-percent-fullwidth non-hundred-percent-height-scrolling\" style=\"--awb-border-radius-top-left:0px;--awb-border-radius-top-right:0px;--awb-border-radius-bottom-right:0px;--awb-border-radius-bottom-left:0px;--awb-flex-wrap:wrap;\" ><div class=\"fusion-builder-row fusion-row fusion-flex-align-items-flex-start fusion-flex-content-wrap\" style=\"max-width:1248px;margin-left: calc(-4% \/ 2 );margin-right: calc(-4% \/ 2 );\"><div class=\"fusion-layout-column fusion_builder_column fusion-builder-column-2 fusion_builder_column_1_2 1_2 fusion-flex-column\" style=\"--awb-padding-top:35px;--awb-padding-right:35px;--awb-padding-bottom:35px;--awb-padding-left:35px;--awb-bg-color:rgba(139,176,47,0.28);--awb-bg-color-hover:rgba(139,176,47,0.28);--awb-bg-size:cover;--awb-width-large:50%;--awb-margin-top-large:0px;--awb-spacing-right-large:3.84%;--awb-margin-bottom-large:20px;--awb-spacing-left-large:3.84%;--awb-width-medium:50%;--awb-order-medium:0;--awb-spacing-right-medium:3.84%;--awb-spacing-left-medium:3.84%;--awb-width-small:100%;--awb-order-small:0;--awb-spacing-right-small:1.92%;--awb-spacing-left-small:1.92%;\"><div class=\"fusion-column-wrapper fusion-column-has-shadow fusion-flex-justify-content-flex-start fusion-content-layout-column\"><div class=\"fusion-image-element \" style=\"--awb-caption-title-font-family:var(--h2_typography-font-family);--awb-caption-title-font-weight:var(--h2_typography-font-weight);--awb-caption-title-font-style:var(--h2_typography-font-style);--awb-caption-title-size:var(--h2_typography-font-size);--awb-caption-title-transform:var(--h2_typography-text-transform);--awb-caption-title-line-height:var(--h2_typography-line-height);--awb-caption-title-letter-spacing:var(--h2_typography-letter-spacing);\"><span class=\" fusion-imageframe imageframe-none imageframe-2 hover-type-none\"><img decoding=\"async\" width=\"1200\" height=\"1200\" title=\"respiratoria-infantil\" src=\"https:\/\/www.fisiohogar.com\/vendrell-calafell\/wp-content\/uploads\/sites\/26\/2022\/04\/respiratoria-infantil.jpg\" alt class=\"img-responsive wp-image-18131\" srcset=\"https:\/\/www.fisiohogar.com\/vendrell-calafell\/wp-content\/uploads\/sites\/26\/2022\/04\/respiratoria-infantil-200x200.jpg 200w, https:\/\/www.fisiohogar.com\/vendrell-calafell\/wp-content\/uploads\/sites\/26\/2022\/04\/respiratoria-infantil-400x400.jpg 400w, https:\/\/www.fisiohogar.com\/vendrell-calafell\/wp-content\/uploads\/sites\/26\/2022\/04\/respiratoria-infantil-600x600.jpg 600w, https:\/\/www.fisiohogar.com\/vendrell-calafell\/wp-content\/uploads\/sites\/26\/2022\/04\/respiratoria-infantil-800x800.jpg 800w, https:\/\/www.fisiohogar.com\/vendrell-calafell\/wp-content\/uploads\/sites\/26\/2022\/04\/respiratoria-infantil.jpg 1200w\" sizes=\"(max-width: 640px) 100vw, 600px\" \/><\/span><\/div><\/div><\/div><div class=\"fusion-layout-column fusion_builder_column fusion-builder-column-3 fusion_builder_column_1_2 1_2 fusion-flex-column\" style=\"--awb-bg-size:cover;--awb-width-large:50%;--awb-margin-top-large:0px;--awb-spacing-right-large:3.84%;--awb-margin-bottom-large:20px;--awb-spacing-left-large:3.84%;--awb-width-medium:50%;--awb-order-medium:0;--awb-spacing-right-medium:3.84%;--awb-spacing-left-medium:3.84%;--awb-width-small:100%;--awb-order-small:0;--awb-spacing-right-small:1.92%;--awb-spacing-left-small:1.92%;\"><div class=\"fusion-column-wrapper fusion-column-has-shadow fusion-flex-justify-content-flex-start fusion-content-layout-column\"><div class=\"fusion-title title fusion-title-2 fusion-sep-none fusion-title-text fusion-title-size-three\" style=\"--awb-margin-top-small:10px;--awb-margin-right-small:0px;--awb-margin-bottom-small:10px;--awb-margin-left-small:0px;\"><h3 class=\"fusion-title-heading title-heading-left\" style=\"margin:0;\">Fisioterapia respiratoria infantil<\/h3><\/div><div class=\"fusion-text fusion-text-2\" style=\"--awb-font-size:20px;--awb-text-transform:none;\"><p>Cuando un beb\u00e9 sufre un episodio en el que sus v\u00edas respiratorias quedan atascadas por mucosidad, no solo el beb\u00e9 lo pasa mal, pues en no pocas ocasiones los padres se angustian sin saber c\u00f3mo reaccionar.<\/p>\n<p>Para estos casos tenemos un servicio especial con el que se logran resultados r\u00e1pidos, con un alivio tanto para el beb\u00e9, que es el principal interesado, como para los padres.<\/p>\n<p>P\u00f3ngase en contacto con nosotros y reserve cita para recibir a uno de nuestros fisioterapeutas. Tenga preparada una botella de suero fisiol\u00f3gico. Al ver c\u00f3mo el fisioterapeuta logra el r\u00e1pido alivio del beb\u00e9, aprender\u00e1 c\u00f3mo atenderle en cualquier otro momento.<\/p>\n<p>Consulte d\u00f3nde ofrecemos servicio de fisioterapia a domicilio y cu\u00e1les son nuestras <a href=\"https:\/\/www.fisiohogar.com\/vendrell-calafell\/tarifas-de-fisioterapia-a-domicilio-en-tarragona\/\">tarifas<\/a>.<\/p>\n<\/div><\/div><\/div><\/div><\/div><\/p>\n","protected":false},"excerpt":{"rendered":"","protected":false},"author":1,"featured_media":0,"parent":0,"menu_order":0,"comment_status":"closed","ping_status":"closed","template":"","meta":{"_joinchat":[],"footnotes":""},"class_list":["post-18117","page","type-page","status-publish","hentry"],"yoast_head":"<!-- This site is optimized with the Yoast SEO plugin v27.5 - https:\/\/yoast.com\/product\/yoast-seo-wordpress\/ -->\n<title>Fisioterapia para enfermedades respiratorias - Tarragona y Reus<\/title>\n<meta name=\"robots\" content=\"index, follow, max-snippet:-1, max-image-preview:large, max-video-preview:-1\" \/>\n<link rel=\"canonical\" href=\"https:\/\/www.fisiohogar.com\/vendrell-calafell\/fisioterapia-enfermedades-respiratorias\/\" \/>\n<meta property=\"og:locale\" content=\"es_ES\" \/>\n<meta property=\"og:type\" content=\"article\" \/>\n<meta property=\"og:title\" content=\"Fisioterapia para enfermedades respiratorias - Tarragona y Reus\" \/>\n<meta property=\"og:url\" content=\"https:\/\/www.fisiohogar.com\/vendrell-calafell\/fisioterapia-enfermedades-respiratorias\/\" \/>\n<meta property=\"og:site_name\" content=\"Tarragona y Reus\" \/>\n<meta name=\"twitter:card\" content=\"summary_large_image\" \/>\n<meta name=\"twitter:label1\" content=\"Tiempo de lectura\" \/>\n\t<meta name=\"twitter:data1\" content=\"2 minutos\" \/>\n<script type=\"application\/ld+json\" class=\"yoast-schema-graph\">{\"@context\":\"https:\\\/\\\/schema.org\",\"@graph\":[{\"@type\":\"WebPage\",\"@id\":\"https:\\\/\\\/www.fisiohogar.com\\\/vendrell-calafell\\\/fisioterapia-enfermedades-respiratorias\\\/\",\"url\":\"https:\\\/\\\/www.fisiohogar.com\\\/vendrell-calafell\\\/fisioterapia-enfermedades-respiratorias\\\/\",\"name\":\"Fisioterapia para enfermedades respiratorias - Tarragona y Reus\",\"isPartOf\":{\"@id\":\"https:\\\/\\\/www.fisiohogar.com\\\/vendrell-calafell\\\/#website\"},\"datePublished\":\"2022-04-28T17:28:00+00:00\",\"breadcrumb\":{\"@id\":\"https:\\\/\\\/www.fisiohogar.com\\\/vendrell-calafell\\\/fisioterapia-enfermedades-respiratorias\\\/#breadcrumb\"},\"inLanguage\":\"es\",\"potentialAction\":[{\"@type\":\"ReadAction\",\"target\":[\"https:\\\/\\\/www.fisiohogar.com\\\/vendrell-calafell\\\/fisioterapia-enfermedades-respiratorias\\\/\"]}]},{\"@type\":\"BreadcrumbList\",\"@id\":\"https:\\\/\\\/www.fisiohogar.com\\\/vendrell-calafell\\\/fisioterapia-enfermedades-respiratorias\\\/#breadcrumb\",\"itemListElement\":[{\"@type\":\"ListItem\",\"position\":1,\"name\":\"Portada\",\"item\":\"https:\\\/\\\/www.fisiohogar.com\\\/vendrell-calafell\\\/\"},{\"@type\":\"ListItem\",\"position\":2,\"name\":\"Fisioterapia para enfermedades respiratorias\"}]},{\"@type\":\"WebSite\",\"@id\":\"https:\\\/\\\/www.fisiohogar.com\\\/vendrell-calafell\\\/#website\",\"url\":\"https:\\\/\\\/www.fisiohogar.com\\\/vendrell-calafell\\\/\",\"name\":\"Tarragona y Reus\",\"description\":\"Fisioterapia a domicilio noreste Tarragona y suroeste Barcelona\",\"potentialAction\":[{\"@type\":\"SearchAction\",\"target\":{\"@type\":\"EntryPoint\",\"urlTemplate\":\"https:\\\/\\\/www.fisiohogar.com\\\/vendrell-calafell\\\/?s={search_term_string}\"},\"query-input\":{\"@type\":\"PropertyValueSpecification\",\"valueRequired\":true,\"valueName\":\"search_term_string\"}}],\"inLanguage\":\"es\"}]}<\/script>\n<!-- \/ Yoast SEO plugin. -->","yoast_head_json":{"title":"Fisioterapia para enfermedades respiratorias - Tarragona y Reus","robots":{"index":"index","follow":"follow","max-snippet":"max-snippet:-1","max-image-preview":"max-image-preview:large","max-video-preview":"max-video-preview:-1"},"canonical":"https:\/\/www.fisiohogar.com\/vendrell-calafell\/fisioterapia-enfermedades-respiratorias\/","og_locale":"es_ES","og_type":"article","og_title":"Fisioterapia para enfermedades respiratorias - Tarragona y Reus","og_url":"https:\/\/www.fisiohogar.com\/vendrell-calafell\/fisioterapia-enfermedades-respiratorias\/","og_site_name":"Tarragona y Reus","twitter_card":"summary_large_image","twitter_misc":{"Tiempo de lectura":"2 minutos"},"schema":{"@context":"https:\/\/schema.org","@graph":[{"@type":"WebPage","@id":"https:\/\/www.fisiohogar.com\/vendrell-calafell\/fisioterapia-enfermedades-respiratorias\/","url":"https:\/\/www.fisiohogar.com\/vendrell-calafell\/fisioterapia-enfermedades-respiratorias\/","name":"Fisioterapia para enfermedades respiratorias - Tarragona y Reus","isPartOf":{"@id":"https:\/\/www.fisiohogar.com\/vendrell-calafell\/#website"},"datePublished":"2022-04-28T17:28:00+00:00","breadcrumb":{"@id":"https:\/\/www.fisiohogar.com\/vendrell-calafell\/fisioterapia-enfermedades-respiratorias\/#breadcrumb"},"inLanguage":"es","potentialAction":[{"@type":"ReadAction","target":["https:\/\/www.fisiohogar.com\/vendrell-calafell\/fisioterapia-enfermedades-respiratorias\/"]}]},{"@type":"BreadcrumbList","@id":"https:\/\/www.fisiohogar.com\/vendrell-calafell\/fisioterapia-enfermedades-respiratorias\/#breadcrumb","itemListElement":[{"@type":"ListItem","position":1,"name":"Portada","item":"https:\/\/www.fisiohogar.com\/vendrell-calafell\/"},{"@type":"ListItem","position":2,"name":"Fisioterapia para enfermedades respiratorias"}]},{"@type":"WebSite","@id":"https:\/\/www.fisiohogar.com\/vendrell-calafell\/#website","url":"https:\/\/www.fisiohogar.com\/vendrell-calafell\/","name":"Tarragona y Reus","description":"Fisioterapia a domicilio noreste Tarragona y suroeste Barcelona","potentialAction":[{"@type":"SearchAction","target":{"@type":"EntryPoint","urlTemplate":"https:\/\/www.fisiohogar.com\/vendrell-calafell\/?s={search_term_string}"},"query-input":{"@type":"PropertyValueSpecification","valueRequired":true,"valueName":"search_term_string"}}],"inLanguage":"es"}]}},"_links":{"self":[{"href":"https:\/\/www.fisiohogar.com\/vendrell-calafell\/wp-json\/wp\/v2\/pages\/18117","targetHints":{"allow":["GET"]}}],"collection":[{"href":"https:\/\/www.fisiohogar.com\/vendrell-calafell\/wp-json\/wp\/v2\/pages"}],"about":[{"href":"https:\/\/www.fisiohogar.com\/vendrell-calafell\/wp-json\/wp\/v2\/types\/page"}],"author":[{"embeddable":true,"href":"https:\/\/www.fisiohogar.com\/vendrell-calafell\/wp-json\/wp\/v2\/users\/1"}],"replies":[{"embeddable":true,"href":"https:\/\/www.fisiohogar.com\/vendrell-calafell\/wp-json\/wp\/v2\/comments?post=18117"}],"version-history":[{"count":8,"href":"https:\/\/www.fisiohogar.com\/vendrell-calafell\/wp-json\/wp\/v2\/pages\/18117\/revisions"}],"predecessor-version":[{"id":18154,"href":"https:\/\/www.fisiohogar.com\/vendrell-calafell\/wp-json\/wp\/v2\/pages\/18117\/revisions\/18154"}],"wp:attachment":[{"href":"https:\/\/www.fisiohogar.com\/vendrell-calafell\/wp-json\/wp\/v2\/media?parent=18117"}],"curies":[{"name":"wp","href":"https:\/\/api.w.org\/{rel}","templated":true}]}}