{"id":18096,"date":"2022-04-27T11:19:59","date_gmt":"2022-04-27T11:19:59","guid":{"rendered":"https:\/\/www.fisiohogar.com\/vendrell-calafell\/?page_id=18096"},"modified":"2022-05-03T23:14:23","modified_gmt":"2022-05-03T23:14:23","slug":"fisioterapia-a-domicilio-tarragona","status":"publish","type":"page","link":"https:\/\/www.fisiohogar.com\/vendrell-calafell\/fisioterapia-a-domicilio-tarragona\/","title":{"rendered":"Fisioterapia a domicilio en poblaciones de Tarragona y Barcelona"},"content":{"rendered":"<p><div class=\"fusion-fullwidth fullwidth-box fusion-builder-row-1 fusion-flex-container nonhundred-percent-fullwidth non-hundred-percent-height-scrolling\" style=\"--awb-border-radius-top-left:0px;--awb-border-radius-top-right:0px;--awb-border-radius-bottom-right:0px;--awb-border-radius-bottom-left:0px;--awb-padding-top:6%;--awb-padding-bottom:60px;--awb-padding-top-medium:52px;--awb-padding-right-medium:0px;--awb-padding-bottom-medium:0px;--awb-padding-left-medium:0px;--awb-padding-top-small:40px;--awb-padding-right-small:0px;--awb-padding-bottom-small:30px;--awb-padding-left-small:0px;--awb-flex-wrap:wrap;\" ><div class=\"fusion-builder-row fusion-row fusion-flex-align-items-flex-start fusion-flex-content-wrap\" style=\"max-width:1248px;margin-left: calc(-4% \/ 2 );margin-right: calc(-4% \/ 2 );\"><div class=\"fusion-layout-column fusion_builder_column fusion-builder-column-0 fusion_builder_column_1_1 1_1 fusion-flex-column\" style=\"--awb-overflow:hidden;--awb-bg-image:linear-gradient(180deg, var(--awb-color1) 7%,var(--awb-color2) 7%);--awb-bg-size:cover;--awb-border-radius:120px 0px 120px 0px;--awb-width-large:100%;--awb-margin-top-large:0px;--awb-spacing-right-large:1.92%;--awb-margin-bottom-large:20px;--awb-spacing-left-large:1.92%;--awb-width-medium:100%;--awb-order-medium:0;--awb-spacing-right-medium:1.92%;--awb-spacing-left-medium:1.92%;--awb-width-small:100%;--awb-order-small:0;--awb-spacing-right-small:1.92%;--awb-spacing-left-small:1.92%;\"><div class=\"fusion-column-wrapper fusion-column-has-shadow fusion-flex-justify-content-flex-start fusion-content-layout-column\"><div class=\"fusion-builder-row fusion-builder-row-inner fusion-row fusion-flex-align-items-flex-start fusion-flex-content-wrap\" style=\"--awb-flex-grow:0;--awb-flex-grow-medium:0;--awb-flex-grow-small:0;--awb-flex-shrink:0;--awb-flex-shrink-medium:0;--awb-flex-shrink-small:0;width:104% !important;max-width:104% !important;margin-left: calc(-4% \/ 2 );margin-right: calc(-4% \/ 2 );\"><div class=\"fusion-layout-column fusion_builder_column_inner fusion-builder-nested-column-0 fusion_builder_column_inner_1_2 1_2 fusion-flex-column fusion-animated\" style=\"--awb-padding-top:160px;--awb-padding-bottom:160px;--awb-padding-top-small:0px;--awb-padding-bottom-small:0px;--awb-overflow:hidden;--awb-bg-image:url(&#039;https:\/\/www.fisiohogar.com\/vendrell-calafell\/wp-content\/uploads\/sites\/26\/2022\/04\/fisio.jpg&#039;);--awb-bg-position:center center;--awb-bg-size:cover;--awb-border-radius:120px 0px 120px 0px;--awb-width-large:50%;--awb-margin-top-large:0px;--awb-spacing-right-large:9.6%;--awb-margin-bottom-large:0px;--awb-spacing-left-large:3.84%;--awb-width-medium:50%;--awb-order-medium:0;--awb-spacing-right-medium:7.68%;--awb-spacing-left-medium:3.84%;--awb-width-small:100%;--awb-order-small:0;--awb-spacing-right-small:40px;--awb-spacing-left-small:40px;\" data-animationType=\"fadeInLeft\" data-animationDuration=\"1.6\" data-animationOffset=\"top-into-view\"><div class=\"fusion-column-wrapper fusion-column-has-shadow fusion-flex-justify-content-flex-start fusion-content-layout-column fusion-column-has-bg-image\" data-bg-url=\"https:\/\/www.fisiohogar.com\/vendrell-calafell\/wp-content\/uploads\/sites\/26\/2022\/04\/fisio.jpg\"><div class=\"fusion-separator fusion-full-width-sep\" style=\"align-self: center;margin-left: auto;margin-right: auto;margin-top:460px;width:100%;\"><div class=\"fusion-separator-border sep-double\" style=\"--awb-height:20px;--awb-amount:20px;border-color:var(--awb-color3);border-top-width:1px;border-bottom-width:1px;\"><\/div><\/div><\/div><\/div><div class=\"fusion-layout-column fusion_builder_column_inner fusion-builder-nested-column-1 fusion_builder_column_inner_1_2 1_2 fusion-flex-column fusion-animated\" style=\"--awb-bg-size:cover;--awb-width-large:50%;--awb-margin-top-large:160px;--awb-spacing-right-large:19.2%;--awb-margin-bottom-large:80px;--awb-spacing-left-large:9.6%;--awb-width-medium:50%;--awb-order-medium:0;--awb-margin-top-medium:120px;--awb-spacing-right-medium:13.44%;--awb-margin-bottom-medium:40px;--awb-spacing-left-medium:7.68%;--awb-width-small:100%;--awb-order-small:0;--awb-margin-top-small:40px;--awb-spacing-right-small:40px;--awb-margin-bottom-small:40px;--awb-spacing-left-small:40px;\" data-animationType=\"fadeInRight\" data-animationDuration=\"1.6\" data-animationOffset=\"top-into-view\"><div class=\"fusion-column-wrapper fusion-column-has-shadow fusion-flex-justify-content-flex-start fusion-content-layout-column\"><div class=\"fusion-title title fusion-title-1 fusion-sep-none fusion-title-text fusion-title-size-two\" style=\"--awb-margin-top-small:10px;--awb-margin-right-small:0px;--awb-margin-bottom-small:10px;--awb-margin-left-small:0px;\"><h2 class=\"fusion-title-heading title-heading-left\" style=\"margin:0;\">Llevamos la fisioterapia a su domicilio<\/h2><\/div><div class=\"fusion-text fusion-text-1\" style=\"--awb-content-alignment:left;--awb-font-size:24px;--awb-line-height:1.48em;--awb-letter-spacing:-0.01em;--awb-text-transform:none;\"><p>Nos desplazamos a cualquier zona de la ciudad de Tarragona para ofrecerle sesiones de fisioterapia sin que tenga que desplazarse a ninguna cl\u00ednica. Con todas las garant\u00edas.<\/p>\n<\/div><div ><a class=\"fusion-button button-flat fusion-button-default-size button-default fusion-button-default button-1 fusion-button-default-span fusion-button-default-type\" style=\"--awb-margin-top:16px;\" target=\"_self\" href=\"https:\/\/www.fisiohogar.com\/vendrell-calafell\/tarifas-de-fisioterapia-a-domicilio-en-tarragona\/\"><span class=\"fusion-button-text awb-button__text awb-button__text--default\">Consulte nuestras tarifas (todo incluido)<\/span><\/a><\/div><div class=\"fusion-separator fusion-full-width-sep\" style=\"align-self: center;margin-left: auto;margin-right: auto;margin-top:40px;margin-bottom:36px;width:100%;\"><div class=\"fusion-separator-border sep-single sep-dashed\" style=\"--awb-height:20px;--awb-amount:20px;--awb-sep-color:hsla(var(--awb-color8-h),var(--awb-color8-s),var(--awb-color8-l),calc( var(--awb-color8-a) - 88% ));border-color:hsla(var(--awb-color8-h),var(--awb-color8-s),var(--awb-color8-l),calc( var(--awb-color8-a) - 88% ));border-top-width:2px;\"><\/div><\/div><div class=\"fusion-title title fusion-title-2 fusion-sep-none fusion-title-text fusion-title-size-three\" style=\"--awb-margin-top-small:10px;--awb-margin-right-small:0px;--awb-margin-bottom-small:10px;--awb-margin-left-small:0px;\"><h3 class=\"fusion-title-heading title-heading-left\" style=\"margin:0;\">Todo son ventajas<\/h3><\/div><div class=\"fusion-text fusion-text-2\" style=\"--awb-content-alignment:left;--awb-line-height:1.48em;--awb-letter-spacing:-0.01em;--awb-text-transform:none;\"><p>A su disposici\u00f3n tendr\u00e1 fisioterapeutas colegiados<br \/>\nPor comodidad pero tambi\u00e9n evitar\u00e1 desplazamientos cuando tiene alguna lesi\u00f3n<br \/>\nLe ofrecemos terapias eficaces con el objetivo de una m\u00e1s r\u00e1pida recuperaci\u00f3n<br \/>\nEn cada momento le aconsejamos los ejercicios que m\u00e1s pueden ayudarle<br \/>\nLlevamos todo el material necesario para cada sesi\u00f3n<br \/>\nCumplimos con todas las medidas de protecci\u00f3n contra cualquier tipo de contagio<br \/>\nSomos puntuales y siempre procuramos adaptarnos a sus horarios<\/p>\n<\/div><\/div><\/div><\/div><\/div><\/div><\/div><\/div>\n<div class=\"fusion-fullwidth fullwidth-box fusion-builder-row-2 fusion-flex-container nonhundred-percent-fullwidth non-hundred-percent-height-scrolling\" style=\"--awb-border-radius-top-left:0px;--awb-border-radius-top-right:0px;--awb-border-radius-bottom-right:0px;--awb-border-radius-bottom-left:0px;--awb-flex-wrap:wrap;\" id=\"zonas\" ><div class=\"fusion-builder-row fusion-row fusion-flex-align-items-flex-start fusion-flex-content-wrap\" style=\"max-width:1248px;margin-left: calc(-4% \/ 2 );margin-right: calc(-4% \/ 2 );\"><div class=\"fusion-layout-column fusion_builder_column fusion-builder-column-1 fusion_builder_column_1_1 1_1 fusion-flex-column\" style=\"--awb-padding-top:20px;--awb-padding-right:20px;--awb-padding-bottom:20px;--awb-padding-left:20px;--awb-bg-color:rgba(177,216,0,0.17);--awb-bg-color-hover:rgba(177,216,0,0.17);--awb-bg-size:cover;--awb-width-large:100%;--awb-margin-top-large:35px;--awb-spacing-right-large:1.92%;--awb-margin-bottom-large:20px;--awb-spacing-left-large:1.92%;--awb-width-medium:100%;--awb-order-medium:0;--awb-spacing-right-medium:1.92%;--awb-spacing-left-medium:1.92%;--awb-width-small:100%;--awb-order-small:0;--awb-spacing-right-small:1.92%;--awb-spacing-left-small:1.92%;\"><div class=\"fusion-column-wrapper fusion-column-has-shadow fusion-flex-justify-content-flex-start fusion-content-layout-column\"><div class=\"fusion-title title fusion-title-3 fusion-sep-none fusion-title-text fusion-title-size-three\" style=\"--awb-text-color:#5e5e5e;--awb-margin-top-small:10px;--awb-margin-right-small:0px;--awb-margin-bottom-small:10px;--awb-margin-left-small:0px;\"><h3 class=\"fusion-title-heading title-heading-left\" style=\"margin:0;\">Poblaciones de la zona noreste de Tarragona y suroeste de Barcelona<\/h3><\/div><div class=\"fusion-text fusion-text-3\" style=\"--awb-font-size:21px;--awb-text-transform:none;\"><p>Localidades donde se aplica la tarifa de la <strong>ZONA 1<\/strong>: Almoster, Castellvell, La Granada, Les Borges del Camp, Ol\u00e8rdola, Pacs del Pened\u00e8s, Reus, Riudoms, Santa Margarida dels Monjos, Selva del Camp, Vilafranca del Pened\u00e8s.<\/p>\n<p>Localidades donde se aplica la tarifa de la <strong>ZONA 2<\/strong>: Cambrils, Salou, Sant Mart\u00ed Sarroca, Sant Pere de Ribes, Sant Cugat Sesgarrigues, Sitges, Tarragona, Vila-seca, Vilob\u00ed, Vilanova i la Geltr\u00fa.<\/p>\n<p>Otras poblaciones se incluyen en la <strong>ZONA 3:<\/strong> Alcover, Altafulla, Calafell, Cubelles, Cunit, Font-rub\u00ed, Gelida, L\u2019Hospitalet de l\u2019Infant, Sant Pere de Riudebitlles, Torredembarra, Torrelles de Foix, Valls.<\/p>\n<\/div><\/div><\/div><\/div><\/div>\n<div class=\"fusion-fullwidth fullwidth-box fusion-builder-row-3 fusion-flex-container nonhundred-percent-fullwidth non-hundred-percent-height-scrolling\" style=\"--awb-border-radius-top-left:0px;--awb-border-radius-top-right:0px;--awb-border-radius-bottom-right:0px;--awb-border-radius-bottom-left:0px;--awb-flex-wrap:wrap;\" ><div class=\"fusion-builder-row fusion-row fusion-flex-align-items-flex-start fusion-flex-content-wrap\" style=\"max-width:1248px;margin-left: calc(-4% \/ 2 );margin-right: calc(-4% \/ 2 );\"><div class=\"fusion-layout-column fusion_builder_column fusion-builder-column-2 fusion_builder_column_1_1 1_1 fusion-flex-column\" style=\"--awb-bg-size:cover;--awb-width-large:100%;--awb-margin-top-large:0px;--awb-spacing-right-large:1.92%;--awb-margin-bottom-large:20px;--awb-spacing-left-large:1.92%;--awb-width-medium:100%;--awb-order-medium:0;--awb-spacing-right-medium:1.92%;--awb-spacing-left-medium:1.92%;--awb-width-small:100%;--awb-order-small:0;--awb-spacing-right-small:1.92%;--awb-spacing-left-small:1.92%;\"><div class=\"fusion-column-wrapper fusion-column-has-shadow fusion-flex-justify-content-flex-start fusion-content-layout-column\"><div class=\"fusion-title title fusion-title-4 fusion-sep-none fusion-title-text fusion-title-size-two\" style=\"--awb-margin-top-small:10px;--awb-margin-right-small:0px;--awb-margin-bottom-small:10px;--awb-margin-left-small:0px;\"><h2 class=\"fusion-title-heading title-heading-left\" style=\"margin:0;\">Tan f\u00e1cil como completar los siguientes pasos<\/h2><\/div><\/div><\/div><\/div><\/div><div class=\"fusion-fullwidth fullwidth-box fusion-builder-row-4 fusion-flex-container nonhundred-percent-fullwidth non-hundred-percent-height-scrolling\" style=\"--awb-border-radius-top-left:0px;--awb-border-radius-top-right:0px;--awb-border-radius-bottom-right:0px;--awb-border-radius-bottom-left:0px;--awb-padding-right:25px;--awb-background-color:#fafafa;--awb-flex-wrap:wrap;\" ><div class=\"fusion-builder-row fusion-row fusion-flex-align-items-flex-start fusion-flex-content-wrap\" style=\"max-width:1248px;margin-left: calc(-4% \/ 2 );margin-right: calc(-4% \/ 2 );\"><div class=\"fusion-layout-column fusion_builder_column fusion-builder-column-3 fusion_builder_column_1_2 1_2 fusion-flex-column fusion-flex-align-self-center\" style=\"--awb-bg-size:cover;--awb-width-large:50%;--awb-margin-top-large:0px;--awb-spacing-right-large:3.84%;--awb-margin-bottom-large:20px;--awb-spacing-left-large:3.84%;--awb-width-medium:50%;--awb-order-medium:0;--awb-spacing-right-medium:3.84%;--awb-spacing-left-medium:3.84%;--awb-width-small:100%;--awb-order-small:0;--awb-spacing-right-small:1.92%;--awb-spacing-left-small:1.92%;\"><div class=\"fusion-column-wrapper fusion-column-has-shadow fusion-flex-justify-content-center fusion-content-layout-column\"><div class=\"fusion-image-element \" style=\"--awb-caption-title-font-family:var(--h2_typography-font-family);--awb-caption-title-font-weight:var(--h2_typography-font-weight);--awb-caption-title-font-style:var(--h2_typography-font-style);--awb-caption-title-size:var(--h2_typography-font-size);--awb-caption-title-transform:var(--h2_typography-text-transform);--awb-caption-title-line-height:var(--h2_typography-line-height);--awb-caption-title-letter-spacing:var(--h2_typography-letter-spacing);\"><span class=\" fusion-imageframe imageframe-none imageframe-1 hover-type-none fusion-animated\" data-animationType=\"fadeInLeft\" data-animationDuration=\"1.6\" data-animationOffset=\"top-into-view\"><img decoding=\"async\" width=\"1754\" height=\"1754\" title=\"fisioterapia-servicio\" src=\"https:\/\/www.fisiohogar.com\/vendrell-calafell\/wp-content\/uploads\/sites\/26\/2022\/04\/fisioterapia-servicio.jpg\" alt class=\"img-responsive wp-image-17332\" srcset=\"https:\/\/www.fisiohogar.com\/vendrell-calafell\/wp-content\/uploads\/sites\/26\/2022\/04\/fisioterapia-servicio-200x200.jpg 200w, https:\/\/www.fisiohogar.com\/vendrell-calafell\/wp-content\/uploads\/sites\/26\/2022\/04\/fisioterapia-servicio-400x400.jpg 400w, https:\/\/www.fisiohogar.com\/vendrell-calafell\/wp-content\/uploads\/sites\/26\/2022\/04\/fisioterapia-servicio-600x600.jpg 600w, https:\/\/www.fisiohogar.com\/vendrell-calafell\/wp-content\/uploads\/sites\/26\/2022\/04\/fisioterapia-servicio-800x800.jpg 800w, https:\/\/www.fisiohogar.com\/vendrell-calafell\/wp-content\/uploads\/sites\/26\/2022\/04\/fisioterapia-servicio-1200x1200.jpg 1200w, https:\/\/www.fisiohogar.com\/vendrell-calafell\/wp-content\/uploads\/sites\/26\/2022\/04\/fisioterapia-servicio.jpg 1754w\" sizes=\"(max-width: 640px) 100vw, 600px\" \/><\/span><\/div><\/div><\/div><div class=\"fusion-layout-column fusion_builder_column fusion-builder-column-4 fusion_builder_column_1_2 1_2 fusion-flex-column fusion-animated\" style=\"--awb-bg-size:cover;--awb-width-large:50%;--awb-margin-top-large:0px;--awb-spacing-right-large:3.84%;--awb-margin-bottom-large:20px;--awb-spacing-left-large:3.84%;--awb-width-medium:50%;--awb-order-medium:0;--awb-spacing-right-medium:3.84%;--awb-spacing-left-medium:3.84%;--awb-width-small:100%;--awb-order-small:0;--awb-spacing-right-small:1.92%;--awb-spacing-left-small:1.92%;\" data-animationType=\"fadeInRight\" data-animationDuration=\"1.6\" data-animationOffset=\"top-into-view\"><div class=\"fusion-column-wrapper fusion-column-has-shadow fusion-flex-justify-content-flex-start fusion-content-layout-column\"><div class=\"fusion-text fusion-text-4\" style=\"--awb-text-transform:none;\"><h3><span style=\"color: #58705a;\"><strong>01 Contacte con nosotros<\/strong><\/span><\/h3>\n<p>Ll\u00e1menos al n\u00famero de tel\u00e9fono 615 358 759, o env\u00edenos un formulario, si lo prefiere utiliza WhatsApp.<\/p>\n<p>Le atenderemos para solucionar dudas o para acordar un d\u00eda y hora para su cita.<\/p>\n<p>Siempre estamos para cualquier consulta adicional.<\/p>\n<\/div><div class=\"fusion-text fusion-text-5\" style=\"--awb-text-transform:none;\"><h3><span style=\"color: #58705a;\">02 Vamos donde nos diga<\/span><\/h3>\n<p>No tenemos ninguna limitaci\u00f3n para desplazarnos a cualquier zona de la ciudad de Tarragona.<\/p>\n<p>A la hora acordada en su reserva uno de nuestros fisioterapeutas se desplazar\u00e1 a su domicilio con todo el material necesario para completar su sesi\u00f3n de fisioterapia.<\/p>\n<\/div><div class=\"fusion-text fusion-text-6\" style=\"--awb-text-transform:none;\"><h3><span style=\"color: #58705a;\">03 Evaluamos lo que necesita<\/span><\/h3>\n<p>Para poder ofrecerle el mejor servicio nuestro fisioterapia le solicitar\u00e1 informaci\u00f3n sobre tu estado de salud y la naturaleza de tu dolencia para valorar cu\u00e1l puede ser la mejor terapia en su caso.<\/p>\n<p>Nuestro objetivo es ofrecerle un tratamiento personalizado con el que consigamos que se consiga la recuperaci\u00f3n en un plazo de tiempo m\u00e1s breve.<\/p>\n<p>En los casos de enfermedades cr\u00f3nicas, nuestro planteamiento conduce a que nuestros pacientes consigan una mejor calidad de vida, recuperando su independencia para realizar las tareas diarias.<\/p>\n<\/div><div class=\"fusion-text fusion-text-7\" style=\"--awb-text-transform:none;\"><h3><span style=\"color: #58705a;\">04 Sesi\u00f3n de fisioterapia<\/span><\/h3>\n<p>Adem\u00e1s del trabajo realizado por nuestro fisioterapeuta, siempre procuramos implicar al paciente en su recuperaci\u00f3n, porque esto nos ha demostrado que la curaci\u00f3n se produce en un menor tiempo.<\/p>\n<\/div><\/div><\/div><\/div><\/div><\/p>\n","protected":false},"excerpt":{"rendered":"","protected":false},"author":1,"featured_media":0,"parent":0,"menu_order":0,"comment_status":"closed","ping_status":"closed","template":"","meta":{"_joinchat":[],"footnotes":""},"class_list":["post-18096","page","type-page","status-publish","hentry"],"yoast_head":"<!-- This site is optimized with the Yoast SEO plugin v27.5 - https:\/\/yoast.com\/product\/yoast-seo-wordpress\/ -->\n<title>Fisioterapia a domicilio en poblaciones de Tarragona y Barcelona - Tarragona y Reus<\/title>\n<meta name=\"robots\" content=\"index, follow, max-snippet:-1, max-image-preview:large, max-video-preview:-1\" \/>\n<link rel=\"canonical\" href=\"https:\/\/www.fisiohogar.com\/vendrell-calafell\/fisioterapia-a-domicilio-tarragona\/\" \/>\n<meta property=\"og:locale\" content=\"es_ES\" \/>\n<meta property=\"og:type\" content=\"article\" \/>\n<meta property=\"og:title\" content=\"Fisioterapia a domicilio en poblaciones de Tarragona y Barcelona - Tarragona y Reus\" \/>\n<meta property=\"og:url\" content=\"https:\/\/www.fisiohogar.com\/vendrell-calafell\/fisioterapia-a-domicilio-tarragona\/\" \/>\n<meta property=\"og:site_name\" content=\"Tarragona y Reus\" \/>\n<meta property=\"article:modified_time\" content=\"2022-05-03T23:14:23+00:00\" \/>\n<meta name=\"twitter:card\" content=\"summary_large_image\" \/>\n<meta name=\"twitter:label1\" content=\"Tiempo de lectura\" \/>\n\t<meta name=\"twitter:data1\" content=\"10 minutos\" \/>\n<script type=\"application\/ld+json\" class=\"yoast-schema-graph\">{\"@context\":\"https:\\\/\\\/schema.org\",\"@graph\":[{\"@type\":\"WebPage\",\"@id\":\"https:\\\/\\\/www.fisiohogar.com\\\/vendrell-calafell\\\/fisioterapia-a-domicilio-tarragona\\\/\",\"url\":\"https:\\\/\\\/www.fisiohogar.com\\\/vendrell-calafell\\\/fisioterapia-a-domicilio-tarragona\\\/\",\"name\":\"Fisioterapia a domicilio en poblaciones de Tarragona y Barcelona - Tarragona y Reus\",\"isPartOf\":{\"@id\":\"https:\\\/\\\/www.fisiohogar.com\\\/vendrell-calafell\\\/#website\"},\"datePublished\":\"2022-04-27T11:19:59+00:00\",\"dateModified\":\"2022-05-03T23:14:23+00:00\",\"breadcrumb\":{\"@id\":\"https:\\\/\\\/www.fisiohogar.com\\\/vendrell-calafell\\\/fisioterapia-a-domicilio-tarragona\\\/#breadcrumb\"},\"inLanguage\":\"es\",\"potentialAction\":[{\"@type\":\"ReadAction\",\"target\":[\"https:\\\/\\\/www.fisiohogar.com\\\/vendrell-calafell\\\/fisioterapia-a-domicilio-tarragona\\\/\"]}]},{\"@type\":\"BreadcrumbList\",\"@id\":\"https:\\\/\\\/www.fisiohogar.com\\\/vendrell-calafell\\\/fisioterapia-a-domicilio-tarragona\\\/#breadcrumb\",\"itemListElement\":[{\"@type\":\"ListItem\",\"position\":1,\"name\":\"Portada\",\"item\":\"https:\\\/\\\/www.fisiohogar.com\\\/vendrell-calafell\\\/\"},{\"@type\":\"ListItem\",\"position\":2,\"name\":\"Fisioterapia a domicilio en poblaciones de Tarragona y Barcelona\"}]},{\"@type\":\"WebSite\",\"@id\":\"https:\\\/\\\/www.fisiohogar.com\\\/vendrell-calafell\\\/#website\",\"url\":\"https:\\\/\\\/www.fisiohogar.com\\\/vendrell-calafell\\\/\",\"name\":\"Tarragona y Reus\",\"description\":\"Fisioterapia a domicilio noreste Tarragona y suroeste Barcelona\",\"potentialAction\":[{\"@type\":\"SearchAction\",\"target\":{\"@type\":\"EntryPoint\",\"urlTemplate\":\"https:\\\/\\\/www.fisiohogar.com\\\/vendrell-calafell\\\/?s={search_term_string}\"},\"query-input\":{\"@type\":\"PropertyValueSpecification\",\"valueRequired\":true,\"valueName\":\"search_term_string\"}}],\"inLanguage\":\"es\"}]}<\/script>\n<!-- \/ Yoast SEO plugin. -->","yoast_head_json":{"title":"Fisioterapia a domicilio en poblaciones de Tarragona y Barcelona - Tarragona y Reus","robots":{"index":"index","follow":"follow","max-snippet":"max-snippet:-1","max-image-preview":"max-image-preview:large","max-video-preview":"max-video-preview:-1"},"canonical":"https:\/\/www.fisiohogar.com\/vendrell-calafell\/fisioterapia-a-domicilio-tarragona\/","og_locale":"es_ES","og_type":"article","og_title":"Fisioterapia a domicilio en poblaciones de Tarragona y Barcelona - Tarragona y Reus","og_url":"https:\/\/www.fisiohogar.com\/vendrell-calafell\/fisioterapia-a-domicilio-tarragona\/","og_site_name":"Tarragona y Reus","article_modified_time":"2022-05-03T23:14:23+00:00","twitter_card":"summary_large_image","twitter_misc":{"Tiempo de lectura":"10 minutos"},"schema":{"@context":"https:\/\/schema.org","@graph":[{"@type":"WebPage","@id":"https:\/\/www.fisiohogar.com\/vendrell-calafell\/fisioterapia-a-domicilio-tarragona\/","url":"https:\/\/www.fisiohogar.com\/vendrell-calafell\/fisioterapia-a-domicilio-tarragona\/","name":"Fisioterapia a domicilio en poblaciones de Tarragona y Barcelona - Tarragona y Reus","isPartOf":{"@id":"https:\/\/www.fisiohogar.com\/vendrell-calafell\/#website"},"datePublished":"2022-04-27T11:19:59+00:00","dateModified":"2022-05-03T23:14:23+00:00","breadcrumb":{"@id":"https:\/\/www.fisiohogar.com\/vendrell-calafell\/fisioterapia-a-domicilio-tarragona\/#breadcrumb"},"inLanguage":"es","potentialAction":[{"@type":"ReadAction","target":["https:\/\/www.fisiohogar.com\/vendrell-calafell\/fisioterapia-a-domicilio-tarragona\/"]}]},{"@type":"BreadcrumbList","@id":"https:\/\/www.fisiohogar.com\/vendrell-calafell\/fisioterapia-a-domicilio-tarragona\/#breadcrumb","itemListElement":[{"@type":"ListItem","position":1,"name":"Portada","item":"https:\/\/www.fisiohogar.com\/vendrell-calafell\/"},{"@type":"ListItem","position":2,"name":"Fisioterapia a domicilio en poblaciones de Tarragona y Barcelona"}]},{"@type":"WebSite","@id":"https:\/\/www.fisiohogar.com\/vendrell-calafell\/#website","url":"https:\/\/www.fisiohogar.com\/vendrell-calafell\/","name":"Tarragona y Reus","description":"Fisioterapia a domicilio noreste Tarragona y suroeste Barcelona","potentialAction":[{"@type":"SearchAction","target":{"@type":"EntryPoint","urlTemplate":"https:\/\/www.fisiohogar.com\/vendrell-calafell\/?s={search_term_string}"},"query-input":{"@type":"PropertyValueSpecification","valueRequired":true,"valueName":"search_term_string"}}],"inLanguage":"es"}]}},"_links":{"self":[{"href":"https:\/\/www.fisiohogar.com\/vendrell-calafell\/wp-json\/wp\/v2\/pages\/18096","targetHints":{"allow":["GET"]}}],"collection":[{"href":"https:\/\/www.fisiohogar.com\/vendrell-calafell\/wp-json\/wp\/v2\/pages"}],"about":[{"href":"https:\/\/www.fisiohogar.com\/vendrell-calafell\/wp-json\/wp\/v2\/types\/page"}],"author":[{"embeddable":true,"href":"https:\/\/www.fisiohogar.com\/vendrell-calafell\/wp-json\/wp\/v2\/users\/1"}],"replies":[{"embeddable":true,"href":"https:\/\/www.fisiohogar.com\/vendrell-calafell\/wp-json\/wp\/v2\/comments?post=18096"}],"version-history":[{"count":14,"href":"https:\/\/www.fisiohogar.com\/vendrell-calafell\/wp-json\/wp\/v2\/pages\/18096\/revisions"}],"predecessor-version":[{"id":18309,"href":"https:\/\/www.fisiohogar.com\/vendrell-calafell\/wp-json\/wp\/v2\/pages\/18096\/revisions\/18309"}],"wp:attachment":[{"href":"https:\/\/www.fisiohogar.com\/vendrell-calafell\/wp-json\/wp\/v2\/media?parent=18096"}],"curies":[{"name":"wp","href":"https:\/\/api.w.org\/{rel}","templated":true}]}}