{"id":43,"date":"2016-03-09T11:00:39","date_gmt":"2016-03-09T11:00:39","guid":{"rendered":"http:\/\/www.fisiohogar.com\/valencia\/?page_id=43"},"modified":"2023-03-28T14:40:38","modified_gmt":"2023-03-28T14:40:38","slug":"fisioterapia-personas-ancianas","status":"publish","type":"page","link":"https:\/\/www.fisiohogar.com\/valencia\/fisioterapia-personas-ancianas\/","title":{"rendered":"Fisioterapia para personas ancianas"},"content":{"rendered":"<p>[vc_row][vc_column width=\u00bb1\/2&#8243;][vc_single_image image=\u00bb1045&#8243; img_size=\u00bbfull\u00bb alignment=\u00bbcenter\u00bb style=\u00bbvc_box_shadow_border\u00bb css_animation=\u00bbfadeInLeft\u00bb][\/vc_column][vc_column width=\u00bb1\/2&#8243;][vc_column_text]Es probable que usted, o tal vez un familiar suyo, tenga una edad avanzada y se encuentre en una situaci\u00f3n que necesita que, en la medida de lo posible, se revierta, o su evoluci\u00f3n se haga m\u00e1s lenta. Puede que est\u00e9 atravesando por una <strong>etapa de constante dolor<\/strong> debido a una artrosis, o puede que el <strong>avance de una enfermedad neurol\u00f3gica<\/strong> est\u00e9 conduciendo a un empeoramiento notable de su calidad de vida.<\/p>\n<p>Si bien es cierto que la vejez suele llevar asociada enfermedades, no tiene por qu\u00e9 ser sin\u00f3nimo de dolor y de una vida en la que sea imposible disfrutar ni un momento.<\/p>\n<p>En Fisiohogar tenemos como objetivo, con la aplicaci\u00f3n de la fisioterapia, la <strong>reducci\u00f3n del dolor<\/strong>, la <strong>mejora de la movilidad<\/strong>, el <strong>incremento de la autonom\u00eda<\/strong>, y en general la <strong>recuperaci\u00f3n de la calidad de vida<\/strong> perdida.[\/vc_column_text][\/vc_column][\/vc_row][vc_row][vc_column width=\u00bb1\/2&#8243;][vc_single_image image=\u00bb1047&#8243; img_size=\u00bbfull\u00bb alignment=\u00bbcenter\u00bb style=\u00bbvc_box_shadow_border\u00bb css_animation=\u00bbfadeInLeft\u00bb][\/vc_column][vc_column width=\u00bb1\/2&#8243;][vc_column_text]En Fisiohogar planificamos sesiones de fisioterapia que tienen como finalidad un <strong>beneficio directo e inmediato<\/strong>, pero tambi\u00e9n nos centramos en todo lo que queda fuera de esas sesiones, ya que es muy importante que <strong>el paciente se adapte a su nueva situaci\u00f3n vital<\/strong> con la finalidad de reducir los riesgos propios de alguien que tiene menos fuerza muscular y que ya no cuenta con los mismos reflejos.<\/p>\n<p>Buscamos que <strong>la autonom\u00eda perdida se recobre<\/strong>, o por lo menos que mejore de manera notable. En el caso de enfermedades degenerativas como la artritis <strong>procuramos reducir el dolor<\/strong> y buscamos la implicaci\u00f3n del paciente con un cambio de actitud y la realizaci\u00f3n de ejercicios que deber\u00e1 de completar por su cuenta.<\/p>\n<p>Una vez iniciadas las sesiones de fisioterapia <strong>no hay mejor revulsivo para cualquier paciente que ver c\u00f3mo se producen avances y mejor\u00eda<\/strong>.[\/vc_column_text][\/vc_column][\/vc_row][vc_row][vc_column][vc_column_text]<\/p>\n<h2>Nuestro fisioterapeuta se desplaza a su domicilio<\/h2>\n<p>La fisioterapia a domicilio, en el caso de personas de la tercera edad, ofrece una soluci\u00f3n perfecta para quienes ya no pueden, o no desean, tener que desplazarse a una cl\u00ednica.<\/p>\n<p>En Fisiohogar tenemos una larga experiencia en este tipo de servicio que no s\u00f3lo le ofrece a nuestros pacientes recibir las sesiones en la comodidad de su hogar, sino que adem\u00e1s evita que se realicen esfuerzos que no siempre son posibles en personas de avanzada edad.<\/p>\n<p>P\u00f3ngase ahora en <a href=\"http:\/\/www.fisiohogar.com\/valencia\/contacta-ahora\/\">contacto<\/a> con nosotros, y resolveremos cualquier duda que pueda tener.[\/vc_column_text][\/vc_column][\/vc_row]<\/p>\n","protected":false},"excerpt":{"rendered":"<p>[vc_row][vc_column width=\u00bb1\/2&#8243;][vc_single_image image=\u00bb1045&#8243; img_size=\u00bbfull\u00bb alignment=\u00bbcenter\u00bb style=\u00bbvc_box_shadow_border\u00bb css_animation=\u00bbfadeInLeft\u00bb][\/vc_column][vc_column width=\u00bb1\/2&#8243;][vc_column_text]Es probable que usted, o tal vez un familiar suyo, tenga una edad avanzada y se encuentre en una situaci\u00f3n que necesita que, en la medida de  [&#8230;]<\/p>\n","protected":false},"author":1,"featured_media":0,"parent":0,"menu_order":0,"comment_status":"closed","ping_status":"closed","template":"","meta":{"_joinchat":[],"footnotes":""},"class_list":["post-43","page","type-page","status-publish","hentry"],"yoast_head":"<!-- This site is optimized with the Yoast SEO plugin v27.4 - https:\/\/yoast.com\/product\/yoast-seo-wordpress\/ -->\n<title>Fisioterapia para personas ancianas - Valencia<\/title>\n<meta name=\"robots\" content=\"index, follow, max-snippet:-1, max-image-preview:large, max-video-preview:-1\" \/>\n<link rel=\"canonical\" href=\"https:\/\/www.fisiohogar.com\/valencia\/fisioterapia-personas-ancianas\/\" \/>\n<meta property=\"og:locale\" content=\"es_ES\" \/>\n<meta property=\"og:type\" content=\"article\" \/>\n<meta property=\"og:title\" content=\"Fisioterapia para personas ancianas - Valencia\" \/>\n<meta property=\"og:description\" content=\"[vc_row][vc_column width=\u00bb1\/2&#8243;][vc_single_image image=\u00bb1045&#8243; img_size=\u00bbfull\u00bb alignment=\u00bbcenter\u00bb style=\u00bbvc_box_shadow_border\u00bb css_animation=\u00bbfadeInLeft\u00bb][\/vc_column][vc_column width=\u00bb1\/2&#8243;][vc_column_text]Es probable que usted, o tal vez un familiar suyo, tenga una edad avanzada y se encuentre en una situaci\u00f3n que necesita que, en la medida de [...]\" \/>\n<meta property=\"og:url\" content=\"https:\/\/www.fisiohogar.com\/valencia\/fisioterapia-personas-ancianas\/\" \/>\n<meta property=\"og:site_name\" content=\"Valencia\" \/>\n<meta property=\"article:modified_time\" content=\"2023-03-28T14:40:38+00:00\" \/>\n<meta name=\"twitter:card\" content=\"summary_large_image\" \/>\n<meta name=\"twitter:label1\" content=\"Tiempo de lectura\" \/>\n\t<meta name=\"twitter:data1\" content=\"2 minutos\" \/>\n<script type=\"application\/ld+json\" class=\"yoast-schema-graph\">{\"@context\":\"https:\\\/\\\/schema.org\",\"@graph\":[{\"@type\":\"WebPage\",\"@id\":\"https:\\\/\\\/www.fisiohogar.com\\\/valencia\\\/fisioterapia-personas-ancianas\\\/\",\"url\":\"https:\\\/\\\/www.fisiohogar.com\\\/valencia\\\/fisioterapia-personas-ancianas\\\/\",\"name\":\"Fisioterapia para personas ancianas - Valencia\",\"isPartOf\":{\"@id\":\"https:\\\/\\\/www.fisiohogar.com\\\/valencia\\\/#website\"},\"datePublished\":\"2016-03-09T11:00:39+00:00\",\"dateModified\":\"2023-03-28T14:40:38+00:00\",\"breadcrumb\":{\"@id\":\"https:\\\/\\\/www.fisiohogar.com\\\/valencia\\\/fisioterapia-personas-ancianas\\\/#breadcrumb\"},\"inLanguage\":\"es\",\"potentialAction\":[{\"@type\":\"ReadAction\",\"target\":[\"https:\\\/\\\/www.fisiohogar.com\\\/valencia\\\/fisioterapia-personas-ancianas\\\/\"]}]},{\"@type\":\"BreadcrumbList\",\"@id\":\"https:\\\/\\\/www.fisiohogar.com\\\/valencia\\\/fisioterapia-personas-ancianas\\\/#breadcrumb\",\"itemListElement\":[{\"@type\":\"ListItem\",\"position\":1,\"name\":\"Portada\",\"item\":\"https:\\\/\\\/www.fisiohogar.com\\\/valencia\\\/\"},{\"@type\":\"ListItem\",\"position\":2,\"name\":\"Fisioterapia para personas ancianas\"}]},{\"@type\":\"WebSite\",\"@id\":\"https:\\\/\\\/www.fisiohogar.com\\\/valencia\\\/#website\",\"url\":\"https:\\\/\\\/www.fisiohogar.com\\\/valencia\\\/\",\"name\":\"Valencia\",\"description\":\"Fisioterapia a domicilio en Valencia\",\"potentialAction\":[{\"@type\":\"SearchAction\",\"target\":{\"@type\":\"EntryPoint\",\"urlTemplate\":\"https:\\\/\\\/www.fisiohogar.com\\\/valencia\\\/?s={search_term_string}\"},\"query-input\":{\"@type\":\"PropertyValueSpecification\",\"valueRequired\":true,\"valueName\":\"search_term_string\"}}],\"inLanguage\":\"es\"}]}<\/script>\n<!-- \/ Yoast SEO plugin. -->","yoast_head_json":{"title":"Fisioterapia para personas ancianas - Valencia","robots":{"index":"index","follow":"follow","max-snippet":"max-snippet:-1","max-image-preview":"max-image-preview:large","max-video-preview":"max-video-preview:-1"},"canonical":"https:\/\/www.fisiohogar.com\/valencia\/fisioterapia-personas-ancianas\/","og_locale":"es_ES","og_type":"article","og_title":"Fisioterapia para personas ancianas - Valencia","og_description":"[vc_row][vc_column width=\u00bb1\/2&#8243;][vc_single_image image=\u00bb1045&#8243; img_size=\u00bbfull\u00bb alignment=\u00bbcenter\u00bb style=\u00bbvc_box_shadow_border\u00bb css_animation=\u00bbfadeInLeft\u00bb][\/vc_column][vc_column width=\u00bb1\/2&#8243;][vc_column_text]Es probable que usted, o tal vez un familiar suyo, tenga una edad avanzada y se encuentre en una situaci\u00f3n que necesita que, en la medida de [...]","og_url":"https:\/\/www.fisiohogar.com\/valencia\/fisioterapia-personas-ancianas\/","og_site_name":"Valencia","article_modified_time":"2023-03-28T14:40:38+00:00","twitter_card":"summary_large_image","twitter_misc":{"Tiempo de lectura":"2 minutos"},"schema":{"@context":"https:\/\/schema.org","@graph":[{"@type":"WebPage","@id":"https:\/\/www.fisiohogar.com\/valencia\/fisioterapia-personas-ancianas\/","url":"https:\/\/www.fisiohogar.com\/valencia\/fisioterapia-personas-ancianas\/","name":"Fisioterapia para personas ancianas - Valencia","isPartOf":{"@id":"https:\/\/www.fisiohogar.com\/valencia\/#website"},"datePublished":"2016-03-09T11:00:39+00:00","dateModified":"2023-03-28T14:40:38+00:00","breadcrumb":{"@id":"https:\/\/www.fisiohogar.com\/valencia\/fisioterapia-personas-ancianas\/#breadcrumb"},"inLanguage":"es","potentialAction":[{"@type":"ReadAction","target":["https:\/\/www.fisiohogar.com\/valencia\/fisioterapia-personas-ancianas\/"]}]},{"@type":"BreadcrumbList","@id":"https:\/\/www.fisiohogar.com\/valencia\/fisioterapia-personas-ancianas\/#breadcrumb","itemListElement":[{"@type":"ListItem","position":1,"name":"Portada","item":"https:\/\/www.fisiohogar.com\/valencia\/"},{"@type":"ListItem","position":2,"name":"Fisioterapia para personas ancianas"}]},{"@type":"WebSite","@id":"https:\/\/www.fisiohogar.com\/valencia\/#website","url":"https:\/\/www.fisiohogar.com\/valencia\/","name":"Valencia","description":"Fisioterapia a domicilio en Valencia","potentialAction":[{"@type":"SearchAction","target":{"@type":"EntryPoint","urlTemplate":"https:\/\/www.fisiohogar.com\/valencia\/?s={search_term_string}"},"query-input":{"@type":"PropertyValueSpecification","valueRequired":true,"valueName":"search_term_string"}}],"inLanguage":"es"}]}},"_links":{"self":[{"href":"https:\/\/www.fisiohogar.com\/valencia\/wp-json\/wp\/v2\/pages\/43","targetHints":{"allow":["GET"]}}],"collection":[{"href":"https:\/\/www.fisiohogar.com\/valencia\/wp-json\/wp\/v2\/pages"}],"about":[{"href":"https:\/\/www.fisiohogar.com\/valencia\/wp-json\/wp\/v2\/types\/page"}],"author":[{"embeddable":true,"href":"https:\/\/www.fisiohogar.com\/valencia\/wp-json\/wp\/v2\/users\/1"}],"replies":[{"embeddable":true,"href":"https:\/\/www.fisiohogar.com\/valencia\/wp-json\/wp\/v2\/comments?post=43"}],"version-history":[{"count":7,"href":"https:\/\/www.fisiohogar.com\/valencia\/wp-json\/wp\/v2\/pages\/43\/revisions"}],"predecessor-version":[{"id":5094,"href":"https:\/\/www.fisiohogar.com\/valencia\/wp-json\/wp\/v2\/pages\/43\/revisions\/5094"}],"wp:attachment":[{"href":"https:\/\/www.fisiohogar.com\/valencia\/wp-json\/wp\/v2\/media?parent=43"}],"curies":[{"name":"wp","href":"https:\/\/api.w.org\/{rel}","templated":true}]}}