{"id":41,"date":"2016-03-09T11:00:16","date_gmt":"2016-03-09T11:00:16","guid":{"rendered":"http:\/\/www.fisiohogar.com\/valencia\/?page_id=41"},"modified":"2017-09-27T20:32:53","modified_gmt":"2017-09-27T20:32:53","slug":"fisioterapia-enfermedades-musculo-articulaciones","status":"publish","type":"page","link":"https:\/\/www.fisiohogar.com\/valencia\/fisioterapia-enfermedades-musculo-articulaciones\/","title":{"rendered":"Fisioterapia para el sistema musculo esquel\u00e9tico"},"content":{"rendered":"<p>[vc_row][vc_column][vc_column_text]Los problemas de salud que limitan, o impiden, el movimiento demuestra que el servicio de<strong> fisioterapia a domicilio<\/strong> es completamente necesario si no queremos arriesgarnos a que esas personas terminen por desechar la idea de desplazarse a una cl\u00ednica, y por lo tanto su recuperaci\u00f3n no se produzca en el periodo de tiempo m\u00e1s breve y con las mayores garant\u00edas.<\/p>\n<p>En Fisiohogar contamos con fisioterapeutas que <strong>se desplazar\u00e1n a su domicilio con todo el material necesario<\/strong>, y con la garant\u00eda de que son fisioterapeutas colegiados y le propondr\u00e1n siempre el mejor tratamiento.[\/vc_column_text][\/vc_column][\/vc_row][vc_row][vc_column][vc_single_image image=\u00bb1053&#8243; img_size=\u00bbfull\u00bb alignment=\u00bbcenter\u00bb style=\u00bbvc_box_shadow_border\u00bb css_animation=\u00bbbounceIn\u00bb][\/vc_column][\/vc_row][vc_row][vc_column][vc_column_text]Somos conscientes de que en bastantes casos no hay una curaci\u00f3n posible, por ejemplo en pacientes con alguna <strong>enfermedad cr\u00f3nica degenerativa<\/strong>, pero en esos casos es mucho lo que podemos hacer <strong>mejorando la calidad de vida de estas personas al conseguir que recuperen parte de la autonom\u00eda perdida<\/strong>.<\/p>\n<p>A los pacientes les proponemos ejercicios que realizar\u00e1n por su cuenta para que su <strong>implicaci\u00f3n en la recuperaci\u00f3n<\/strong> sea completa y para que en cada nuevo avance mejore tambi\u00e9n su estado de \u00e1nimo.[\/vc_column_text][\/vc_column][\/vc_row][vc_row][vc_column][vc_single_image image=\u00bb1054&#8243; img_size=\u00bbfull\u00bb alignment=\u00bbcenter\u00bb style=\u00bbvc_box_shadow_border\u00bb css_animation=\u00bbbounceIn\u00bb][\/vc_column][\/vc_row][vc_row][vc_column][vc_column_text]\u00bfEn qu\u00e9 pacientes est\u00e1 indicada la fisioterapia? En el caso de las <strong>enfermedades del sistema musculo esquel\u00e9tico<\/strong>, las enfermedades que tratamos con m\u00e1s frecuencia son:<\/p>\n<ul>\n<li>Contracturas<\/li>\n<li>Tendinitis<\/li>\n<li>Artrosis y artritis que afectan sobre todo a personas de la tercera edad y que tienen a convertirse en problemas cr\u00f3nicos.<\/li>\n<li>Lumbalgias<\/li>\n<li>Recuperaci\u00f3n en caso de pacientes que han pasado por alguna intervenci\u00f3n quir\u00fargica, por ejemplo, en el caso de quienes necesitaron una pr\u00f3tesis de cadera o rodilla.<\/li>\n<\/ul>\n<p>En estos casos, cuando tenemos que tratar con cierta frecuencia a los pacientes, siempre aconsejamos nuestros <a href=\"http:\/\/www.fisiohogar.com\/valencia\/tarifas-de-fisioterapia\/\">bonos de fisioterapia<\/a>, con los cuales obtendr\u00e1 un considerable descuento, reduciendo notablemente el precio de cada sesi\u00f3n.<\/p>\n<p>Si necesita que le ampliemos esta informaci\u00f3n sobre nuestros servicios, o tiene cualquier duda, p\u00f3ngase en contacto con nosotros y gustosamente responderemos a todas sus preguntas.<\/p>\n<p>En su primera sesi\u00f3n de fisioterapia a domicilio en Valencia le descontamos 5 euros. Con\u00f3zcanos para que su salud salga ganando.[\/vc_column_text][\/vc_column][\/vc_row]<\/p>\n","protected":false},"excerpt":{"rendered":"<p>[vc_row][vc_column][vc_column_text]Los problemas de salud que limitan, o impiden, el movimiento demuestra que el servicio de fisioterapia a domicilio es completamente necesario si no queremos arriesgarnos a que esas personas terminen por desechar la idea  [&#8230;]<\/p>\n","protected":false},"author":1,"featured_media":0,"parent":0,"menu_order":0,"comment_status":"closed","ping_status":"closed","template":"template-full.php","meta":{"_joinchat":[],"footnotes":""},"class_list":["post-41","page","type-page","status-publish","hentry"],"yoast_head":"<!-- This site is optimized with the Yoast SEO plugin v27.4 - https:\/\/yoast.com\/product\/yoast-seo-wordpress\/ -->\n<title>Fisioterapia para el sistema musculo esquel\u00e9tico - Valencia<\/title>\n<meta name=\"robots\" content=\"index, follow, max-snippet:-1, max-image-preview:large, max-video-preview:-1\" \/>\n<link rel=\"canonical\" href=\"https:\/\/www.fisiohogar.com\/valencia\/fisioterapia-enfermedades-musculo-articulaciones\/\" \/>\n<meta property=\"og:locale\" content=\"es_ES\" \/>\n<meta property=\"og:type\" content=\"article\" \/>\n<meta property=\"og:title\" content=\"Fisioterapia para el sistema musculo esquel\u00e9tico - Valencia\" \/>\n<meta property=\"og:description\" content=\"[vc_row][vc_column][vc_column_text]Los problemas de salud que limitan, o impiden, el movimiento demuestra que el servicio de fisioterapia a domicilio es completamente necesario si no queremos arriesgarnos a que esas personas terminen por desechar la idea [...]\" \/>\n<meta property=\"og:url\" content=\"https:\/\/www.fisiohogar.com\/valencia\/fisioterapia-enfermedades-musculo-articulaciones\/\" \/>\n<meta property=\"og:site_name\" content=\"Valencia\" \/>\n<meta property=\"article:modified_time\" content=\"2017-09-27T20:32:53+00:00\" \/>\n<meta name=\"twitter:card\" content=\"summary_large_image\" \/>\n<meta name=\"twitter:label1\" content=\"Tiempo de lectura\" \/>\n\t<meta name=\"twitter:data1\" content=\"2 minutos\" \/>\n<script type=\"application\/ld+json\" class=\"yoast-schema-graph\">{\"@context\":\"https:\\\/\\\/schema.org\",\"@graph\":[{\"@type\":\"WebPage\",\"@id\":\"https:\\\/\\\/www.fisiohogar.com\\\/valencia\\\/fisioterapia-enfermedades-musculo-articulaciones\\\/\",\"url\":\"https:\\\/\\\/www.fisiohogar.com\\\/valencia\\\/fisioterapia-enfermedades-musculo-articulaciones\\\/\",\"name\":\"Fisioterapia para el sistema musculo esquel\u00e9tico - Valencia\",\"isPartOf\":{\"@id\":\"https:\\\/\\\/www.fisiohogar.com\\\/valencia\\\/#website\"},\"datePublished\":\"2016-03-09T11:00:16+00:00\",\"dateModified\":\"2017-09-27T20:32:53+00:00\",\"breadcrumb\":{\"@id\":\"https:\\\/\\\/www.fisiohogar.com\\\/valencia\\\/fisioterapia-enfermedades-musculo-articulaciones\\\/#breadcrumb\"},\"inLanguage\":\"es\",\"potentialAction\":[{\"@type\":\"ReadAction\",\"target\":[\"https:\\\/\\\/www.fisiohogar.com\\\/valencia\\\/fisioterapia-enfermedades-musculo-articulaciones\\\/\"]}]},{\"@type\":\"BreadcrumbList\",\"@id\":\"https:\\\/\\\/www.fisiohogar.com\\\/valencia\\\/fisioterapia-enfermedades-musculo-articulaciones\\\/#breadcrumb\",\"itemListElement\":[{\"@type\":\"ListItem\",\"position\":1,\"name\":\"Portada\",\"item\":\"https:\\\/\\\/www.fisiohogar.com\\\/valencia\\\/\"},{\"@type\":\"ListItem\",\"position\":2,\"name\":\"Fisioterapia para el sistema musculo esquel\u00e9tico\"}]},{\"@type\":\"WebSite\",\"@id\":\"https:\\\/\\\/www.fisiohogar.com\\\/valencia\\\/#website\",\"url\":\"https:\\\/\\\/www.fisiohogar.com\\\/valencia\\\/\",\"name\":\"Valencia\",\"description\":\"Fisioterapia a domicilio en Valencia\",\"potentialAction\":[{\"@type\":\"SearchAction\",\"target\":{\"@type\":\"EntryPoint\",\"urlTemplate\":\"https:\\\/\\\/www.fisiohogar.com\\\/valencia\\\/?s={search_term_string}\"},\"query-input\":{\"@type\":\"PropertyValueSpecification\",\"valueRequired\":true,\"valueName\":\"search_term_string\"}}],\"inLanguage\":\"es\"}]}<\/script>\n<!-- \/ Yoast SEO plugin. -->","yoast_head_json":{"title":"Fisioterapia para el sistema musculo esquel\u00e9tico - Valencia","robots":{"index":"index","follow":"follow","max-snippet":"max-snippet:-1","max-image-preview":"max-image-preview:large","max-video-preview":"max-video-preview:-1"},"canonical":"https:\/\/www.fisiohogar.com\/valencia\/fisioterapia-enfermedades-musculo-articulaciones\/","og_locale":"es_ES","og_type":"article","og_title":"Fisioterapia para el sistema musculo esquel\u00e9tico - Valencia","og_description":"[vc_row][vc_column][vc_column_text]Los problemas de salud que limitan, o impiden, el movimiento demuestra que el servicio de fisioterapia a domicilio es completamente necesario si no queremos arriesgarnos a que esas personas terminen por desechar la idea [...]","og_url":"https:\/\/www.fisiohogar.com\/valencia\/fisioterapia-enfermedades-musculo-articulaciones\/","og_site_name":"Valencia","article_modified_time":"2017-09-27T20:32:53+00:00","twitter_card":"summary_large_image","twitter_misc":{"Tiempo de lectura":"2 minutos"},"schema":{"@context":"https:\/\/schema.org","@graph":[{"@type":"WebPage","@id":"https:\/\/www.fisiohogar.com\/valencia\/fisioterapia-enfermedades-musculo-articulaciones\/","url":"https:\/\/www.fisiohogar.com\/valencia\/fisioterapia-enfermedades-musculo-articulaciones\/","name":"Fisioterapia para el sistema musculo esquel\u00e9tico - Valencia","isPartOf":{"@id":"https:\/\/www.fisiohogar.com\/valencia\/#website"},"datePublished":"2016-03-09T11:00:16+00:00","dateModified":"2017-09-27T20:32:53+00:00","breadcrumb":{"@id":"https:\/\/www.fisiohogar.com\/valencia\/fisioterapia-enfermedades-musculo-articulaciones\/#breadcrumb"},"inLanguage":"es","potentialAction":[{"@type":"ReadAction","target":["https:\/\/www.fisiohogar.com\/valencia\/fisioterapia-enfermedades-musculo-articulaciones\/"]}]},{"@type":"BreadcrumbList","@id":"https:\/\/www.fisiohogar.com\/valencia\/fisioterapia-enfermedades-musculo-articulaciones\/#breadcrumb","itemListElement":[{"@type":"ListItem","position":1,"name":"Portada","item":"https:\/\/www.fisiohogar.com\/valencia\/"},{"@type":"ListItem","position":2,"name":"Fisioterapia para el sistema musculo esquel\u00e9tico"}]},{"@type":"WebSite","@id":"https:\/\/www.fisiohogar.com\/valencia\/#website","url":"https:\/\/www.fisiohogar.com\/valencia\/","name":"Valencia","description":"Fisioterapia a domicilio en Valencia","potentialAction":[{"@type":"SearchAction","target":{"@type":"EntryPoint","urlTemplate":"https:\/\/www.fisiohogar.com\/valencia\/?s={search_term_string}"},"query-input":{"@type":"PropertyValueSpecification","valueRequired":true,"valueName":"search_term_string"}}],"inLanguage":"es"}]}},"_links":{"self":[{"href":"https:\/\/www.fisiohogar.com\/valencia\/wp-json\/wp\/v2\/pages\/41","targetHints":{"allow":["GET"]}}],"collection":[{"href":"https:\/\/www.fisiohogar.com\/valencia\/wp-json\/wp\/v2\/pages"}],"about":[{"href":"https:\/\/www.fisiohogar.com\/valencia\/wp-json\/wp\/v2\/types\/page"}],"author":[{"embeddable":true,"href":"https:\/\/www.fisiohogar.com\/valencia\/wp-json\/wp\/v2\/users\/1"}],"replies":[{"embeddable":true,"href":"https:\/\/www.fisiohogar.com\/valencia\/wp-json\/wp\/v2\/comments?post=41"}],"version-history":[{"count":6,"href":"https:\/\/www.fisiohogar.com\/valencia\/wp-json\/wp\/v2\/pages\/41\/revisions"}],"predecessor-version":[{"id":1055,"href":"https:\/\/www.fisiohogar.com\/valencia\/wp-json\/wp\/v2\/pages\/41\/revisions\/1055"}],"wp:attachment":[{"href":"https:\/\/www.fisiohogar.com\/valencia\/wp-json\/wp\/v2\/media?parent=41"}],"curies":[{"name":"wp","href":"https:\/\/api.w.org\/{rel}","templated":true}]}}