{"id":39,"date":"2016-03-09T10:59:41","date_gmt":"2016-03-09T10:59:41","guid":{"rendered":"http:\/\/www.fisiohogar.com\/valencia\/?page_id=39"},"modified":"2023-03-28T14:45:05","modified_gmt":"2023-03-28T14:45:05","slug":"fisioterapeutas-colegiados","status":"publish","type":"page","link":"https:\/\/www.fisiohogar.com\/valencia\/fisioterapeutas-colegiados\/","title":{"rendered":"Fisioterapeutas colegiados"},"content":{"rendered":"<p>[vc_row content_placement=\u00bbmiddle\u00bb css_animation=\u00bbnone\u00bb css=\u00bb.vc_custom_1500115452291{background-position: center !important;background-repeat: no-repeat !important;background-size: contain !important;}\u00bb][vc_column][vc_single_image image=\u00bb1029&#8243; img_size=\u00bbfull\u00bb alignment=\u00bbcenter\u00bb css_animation=\u00bbslideInUp\u00bb][\/vc_column][\/vc_row][vc_row][vc_column width=\u00bb1\/2&#8243;][vc_column_text]<\/p>\n<h2>Fisioterapeutas colegiados<\/h2>\n<p>Nuestro mayor inter\u00e9s es que cada uno de nuestros pacientes pueda tener plena confianza en el fisioterapeuta que le atender\u00e1, tanto por sus conocimientos, como por su implicaci\u00f3n en el tratamiento.<\/p>\n<p>Para garantizar que el nivel de calidad en la atenci\u00f3n sea la m\u00e1s elevada posible tenemos como norma que todos los fisioterapeutas que trabajan en Fisiohogar est\u00e9n colegiados.<\/p>\n<p>La colegiaci\u00f3n obliga a la obtenci\u00f3n de un seguro de responsabilidad civil y el compromiso de fidelidad al c\u00f3digo deontol\u00f3gico.<\/p>\n<p>Por lo tanto en Valencia s\u00f3lo le atender\u00e1n fisioterapeutas que destacan por su experiencia, conocimientos y la mejor disposici\u00f3n para cumplir con nuestros compromisos con los pacientes.[\/vc_column_text][\/vc_column][vc_column width=\u00bb1\/2&#8243;][vc_column_text]<\/p>\n<h2>Siempre ampliando conocimientos<\/h2>\n<p>La fisioterapia est\u00e1 en continuo avance, de tal manera que cada poco tiempo suelen aparecer nuevos tratamientos, que tenemos que valorar para saber si pueden permitirnos llegar con m\u00e1s facilidad a los objetivos que nos proponemos.<\/p>\n<p>Por este motivo la formaci\u00f3n tiene que formar parte de la actividad de cualquier fisioterapeuta que, de verdad, est\u00e9 interesado en lo que puede ser mejor para sus pacientes.<\/p>\n<p>En Fisiohogar contamos con magn\u00edficos profesionales que siempre le ofrecer\u00e1n las mejores propuestas de tratamiento, que buscan la recuperaci\u00f3n en el menor tiempo posible, o que en los casos de enfermedades cr\u00f3nicas van a procurar que mejore su calidad de vida.[\/vc_column_text][\/vc_column][\/vc_row][vc_row][vc_column][vc_single_image image=\u00bb1030&#8243; img_size=\u00bbfull\u00bb css_animation=\u00bbfadeInRight\u00bb][\/vc_column][\/vc_row][vc_row][vc_column][vc_column_text]Si est\u00e1 interesado en que uno de nuestros fisioterapeutas le visite en su domicilio, tan s\u00f3lo tiene que ponerse en contacto con nosotros, y acordaremos el d\u00eda y la hora en la que podemos comenzar con su primera sesi\u00f3n de fisioterapia.<\/p>\n<p>Para esa primera visita tenemos reservado un descuento de 5 euros.[\/vc_column_text][\/vc_column][\/vc_row]<\/p>\n","protected":false},"excerpt":{"rendered":"<p>[vc_row content_placement=\u00bbmiddle\u00bb css_animation=\u00bbnone\u00bb css=\u00bb.vc_custom_1500115452291{background-position: center !important;background-repeat: no-repeat !important;background-size: contain !important;}\u00bb][vc_column][vc_single_image image=\u00bb1029&#8243; img_size=\u00bbfull\u00bb alignment=\u00bbcenter\u00bb css_animation=\u00bbslideInUp\u00bb][\/vc_column][\/vc_row][vc_row][vc_column width=\u00bb1\/2&#8243;][vc_column_text] Fisioterapeutas colegiados Nuestro mayor inter\u00e9s es que cada uno de nuestros pacientes pueda tener plena confianza en el fisioterapeuta  [&#8230;]<\/p>\n","protected":false},"author":1,"featured_media":0,"parent":0,"menu_order":0,"comment_status":"closed","ping_status":"closed","template":"","meta":{"_joinchat":[],"footnotes":""},"class_list":["post-39","page","type-page","status-publish","hentry"],"yoast_head":"<!-- This site is optimized with the Yoast SEO plugin v27.4 - https:\/\/yoast.com\/product\/yoast-seo-wordpress\/ -->\n<title>Fisioterapeutas colegiados - Valencia<\/title>\n<meta name=\"robots\" content=\"index, follow, max-snippet:-1, max-image-preview:large, max-video-preview:-1\" \/>\n<link rel=\"canonical\" href=\"https:\/\/www.fisiohogar.com\/valencia\/fisioterapeutas-colegiados\/\" \/>\n<meta property=\"og:locale\" content=\"es_ES\" \/>\n<meta property=\"og:type\" content=\"article\" \/>\n<meta property=\"og:title\" content=\"Fisioterapeutas colegiados - Valencia\" \/>\n<meta property=\"og:description\" content=\"[vc_row content_placement=\u00bbmiddle\u00bb css_animation=\u00bbnone\u00bb css=\u00bb.vc_custom_1500115452291{background-position: center !important;background-repeat: no-repeat !important;background-size: contain !important;}\u00bb][vc_column][vc_single_image image=\u00bb1029&#8243; img_size=\u00bbfull\u00bb alignment=\u00bbcenter\u00bb css_animation=\u00bbslideInUp\u00bb][\/vc_column][\/vc_row][vc_row][vc_column width=\u00bb1\/2&#8243;][vc_column_text] Fisioterapeutas colegiados Nuestro mayor inter\u00e9s es que cada uno de nuestros pacientes pueda tener plena confianza en el fisioterapeuta [...]\" \/>\n<meta property=\"og:url\" content=\"https:\/\/www.fisiohogar.com\/valencia\/fisioterapeutas-colegiados\/\" \/>\n<meta property=\"og:site_name\" content=\"Valencia\" \/>\n<meta property=\"article:modified_time\" content=\"2023-03-28T14:45:05+00:00\" \/>\n<meta name=\"twitter:card\" content=\"summary_large_image\" \/>\n<meta name=\"twitter:label1\" content=\"Tiempo de lectura\" \/>\n\t<meta name=\"twitter:data1\" content=\"2 minutos\" \/>\n<script type=\"application\/ld+json\" class=\"yoast-schema-graph\">{\"@context\":\"https:\\\/\\\/schema.org\",\"@graph\":[{\"@type\":\"WebPage\",\"@id\":\"https:\\\/\\\/www.fisiohogar.com\\\/valencia\\\/fisioterapeutas-colegiados\\\/\",\"url\":\"https:\\\/\\\/www.fisiohogar.com\\\/valencia\\\/fisioterapeutas-colegiados\\\/\",\"name\":\"Fisioterapeutas colegiados - Valencia\",\"isPartOf\":{\"@id\":\"https:\\\/\\\/www.fisiohogar.com\\\/valencia\\\/#website\"},\"datePublished\":\"2016-03-09T10:59:41+00:00\",\"dateModified\":\"2023-03-28T14:45:05+00:00\",\"breadcrumb\":{\"@id\":\"https:\\\/\\\/www.fisiohogar.com\\\/valencia\\\/fisioterapeutas-colegiados\\\/#breadcrumb\"},\"inLanguage\":\"es\",\"potentialAction\":[{\"@type\":\"ReadAction\",\"target\":[\"https:\\\/\\\/www.fisiohogar.com\\\/valencia\\\/fisioterapeutas-colegiados\\\/\"]}]},{\"@type\":\"BreadcrumbList\",\"@id\":\"https:\\\/\\\/www.fisiohogar.com\\\/valencia\\\/fisioterapeutas-colegiados\\\/#breadcrumb\",\"itemListElement\":[{\"@type\":\"ListItem\",\"position\":1,\"name\":\"Portada\",\"item\":\"https:\\\/\\\/www.fisiohogar.com\\\/valencia\\\/\"},{\"@type\":\"ListItem\",\"position\":2,\"name\":\"Fisioterapeutas colegiados\"}]},{\"@type\":\"WebSite\",\"@id\":\"https:\\\/\\\/www.fisiohogar.com\\\/valencia\\\/#website\",\"url\":\"https:\\\/\\\/www.fisiohogar.com\\\/valencia\\\/\",\"name\":\"Valencia\",\"description\":\"Fisioterapia a domicilio en Valencia\",\"potentialAction\":[{\"@type\":\"SearchAction\",\"target\":{\"@type\":\"EntryPoint\",\"urlTemplate\":\"https:\\\/\\\/www.fisiohogar.com\\\/valencia\\\/?s={search_term_string}\"},\"query-input\":{\"@type\":\"PropertyValueSpecification\",\"valueRequired\":true,\"valueName\":\"search_term_string\"}}],\"inLanguage\":\"es\"}]}<\/script>\n<!-- \/ Yoast SEO plugin. -->","yoast_head_json":{"title":"Fisioterapeutas colegiados - Valencia","robots":{"index":"index","follow":"follow","max-snippet":"max-snippet:-1","max-image-preview":"max-image-preview:large","max-video-preview":"max-video-preview:-1"},"canonical":"https:\/\/www.fisiohogar.com\/valencia\/fisioterapeutas-colegiados\/","og_locale":"es_ES","og_type":"article","og_title":"Fisioterapeutas colegiados - Valencia","og_description":"[vc_row content_placement=\u00bbmiddle\u00bb css_animation=\u00bbnone\u00bb css=\u00bb.vc_custom_1500115452291{background-position: center !important;background-repeat: no-repeat !important;background-size: contain !important;}\u00bb][vc_column][vc_single_image image=\u00bb1029&#8243; img_size=\u00bbfull\u00bb alignment=\u00bbcenter\u00bb css_animation=\u00bbslideInUp\u00bb][\/vc_column][\/vc_row][vc_row][vc_column width=\u00bb1\/2&#8243;][vc_column_text] Fisioterapeutas colegiados Nuestro mayor inter\u00e9s es que cada uno de nuestros pacientes pueda tener plena confianza en el fisioterapeuta [...]","og_url":"https:\/\/www.fisiohogar.com\/valencia\/fisioterapeutas-colegiados\/","og_site_name":"Valencia","article_modified_time":"2023-03-28T14:45:05+00:00","twitter_card":"summary_large_image","twitter_misc":{"Tiempo de lectura":"2 minutos"},"schema":{"@context":"https:\/\/schema.org","@graph":[{"@type":"WebPage","@id":"https:\/\/www.fisiohogar.com\/valencia\/fisioterapeutas-colegiados\/","url":"https:\/\/www.fisiohogar.com\/valencia\/fisioterapeutas-colegiados\/","name":"Fisioterapeutas colegiados - Valencia","isPartOf":{"@id":"https:\/\/www.fisiohogar.com\/valencia\/#website"},"datePublished":"2016-03-09T10:59:41+00:00","dateModified":"2023-03-28T14:45:05+00:00","breadcrumb":{"@id":"https:\/\/www.fisiohogar.com\/valencia\/fisioterapeutas-colegiados\/#breadcrumb"},"inLanguage":"es","potentialAction":[{"@type":"ReadAction","target":["https:\/\/www.fisiohogar.com\/valencia\/fisioterapeutas-colegiados\/"]}]},{"@type":"BreadcrumbList","@id":"https:\/\/www.fisiohogar.com\/valencia\/fisioterapeutas-colegiados\/#breadcrumb","itemListElement":[{"@type":"ListItem","position":1,"name":"Portada","item":"https:\/\/www.fisiohogar.com\/valencia\/"},{"@type":"ListItem","position":2,"name":"Fisioterapeutas colegiados"}]},{"@type":"WebSite","@id":"https:\/\/www.fisiohogar.com\/valencia\/#website","url":"https:\/\/www.fisiohogar.com\/valencia\/","name":"Valencia","description":"Fisioterapia a domicilio en Valencia","potentialAction":[{"@type":"SearchAction","target":{"@type":"EntryPoint","urlTemplate":"https:\/\/www.fisiohogar.com\/valencia\/?s={search_term_string}"},"query-input":{"@type":"PropertyValueSpecification","valueRequired":true,"valueName":"search_term_string"}}],"inLanguage":"es"}]}},"_links":{"self":[{"href":"https:\/\/www.fisiohogar.com\/valencia\/wp-json\/wp\/v2\/pages\/39","targetHints":{"allow":["GET"]}}],"collection":[{"href":"https:\/\/www.fisiohogar.com\/valencia\/wp-json\/wp\/v2\/pages"}],"about":[{"href":"https:\/\/www.fisiohogar.com\/valencia\/wp-json\/wp\/v2\/types\/page"}],"author":[{"embeddable":true,"href":"https:\/\/www.fisiohogar.com\/valencia\/wp-json\/wp\/v2\/users\/1"}],"replies":[{"embeddable":true,"href":"https:\/\/www.fisiohogar.com\/valencia\/wp-json\/wp\/v2\/comments?post=39"}],"version-history":[{"count":4,"href":"https:\/\/www.fisiohogar.com\/valencia\/wp-json\/wp\/v2\/pages\/39\/revisions"}],"predecessor-version":[{"id":5097,"href":"https:\/\/www.fisiohogar.com\/valencia\/wp-json\/wp\/v2\/pages\/39\/revisions\/5097"}],"wp:attachment":[{"href":"https:\/\/www.fisiohogar.com\/valencia\/wp-json\/wp\/v2\/media?parent=39"}],"curies":[{"name":"wp","href":"https:\/\/api.w.org\/{rel}","templated":true}]}}