{"id":29,"date":"2016-03-09T10:58:01","date_gmt":"2016-03-09T10:58:01","guid":{"rendered":"http:\/\/www.fisiohogar.com\/valencia\/?page_id=29"},"modified":"2023-03-28T14:37:45","modified_gmt":"2023-03-28T14:37:45","slug":"fisioterapia-enfermedades-respiratorias","status":"publish","type":"page","link":"https:\/\/www.fisiohogar.com\/valencia\/fisioterapia-enfermedades-respiratorias\/","title":{"rendered":"Fisioterapia en enfermedades respiratorias"},"content":{"rendered":"<p>[vc_row][vc_column css_animation=\u00bbzoomInLeft\u00bb width=\u00bb1\/2&#8243;][vc_column_text]<\/p>\n<h2>A qui\u00e9nes va dirigido este servicio<\/h2>\n<p>En especial a quienes padecen algunas de las siguientes enfermedades:<\/p>\n<ul>\n<li>Fibrosis qu\u00edstica<\/li>\n<li>Neumon\u00eda<\/li>\n<li>Asma<\/li>\n<li>EPOC<\/li>\n<li>Abscesos pulmonares<\/li>\n<li>Diferentes enfermedades neuromusculares<\/li>\n<\/ul>\n<p>Gracias a nuestro servicio de fisioterapia a domicilio, ninguno de estos pacientes tiene que realizar ning\u00fan esfuerzo desplaz\u00e1ndose a una cl\u00ednica, pues somos nosotros quienes vamos a su domicilio.[\/vc_column_text][\/vc_column][vc_column css_animation=\u00bbzoomInDown\u00bb width=\u00bb1\/2&#8243;][vc_column_text]<\/p>\n<h2>T\u00e9cnicas de fisioterapia respiratoria<\/h2>\n<p><strong>Cada caso es diferente<\/strong> y en Fisiohogar no aplicamos terapias sin conocer con detalle cu\u00e1l es la situaci\u00f3n de cada paciente, por eso <strong>no podemos hablar de soluciones gen\u00e9ricas<\/strong>, v\u00e1lidas para todos.<\/p>\n<p>Cuando nos desplazamos al domicilio de nuestros pacientes <strong>nos interesamos por el diagn\u00f3stico m\u00e9dico y atendemos sus posibles peticiones o preferencias<\/strong>. En funci\u00f3n de esto, aplicamos una u otra terapia que en el caso de la fisioterapia respiratoria hacen referencia a <strong>t\u00e9cnicas que provocan la tos, drenaje postural, expansi\u00f3n tor\u00e1cica, control de la respiraci\u00f3n diafragm\u00e1tica<\/strong>, etc.<\/p>\n<p>En las terapias siempre buscamos que nuestros pacientes se impliquen en su recuperaci\u00f3n, realizando ejercicios que les proponemos.[\/vc_column_text][\/vc_column][\/vc_row][vc_row][vc_column][vc_single_image image=\u00bb1063&#8243; img_size=\u00bbfull\u00bb alignment=\u00bbcenter\u00bb style=\u00bbvc_box_shadow_border\u00bb css_animation=\u00bbfadeIn\u00bb][\/vc_column][\/vc_row][vc_row][vc_column css_animation=\u00bbzoomInUp\u00bb width=\u00bb1\/2&#8243;][vc_column_text]<\/p>\n<h2>Objetivos<\/h2>\n<p>El objetivo fundamental es la mejor\u00eda del estado de salud del paciente que en este caso va a estar relacionado con su funci\u00f3n respiratoria.<\/p>\n<p>En algunos casos lo que planteamos es que se facilite la <strong>eliminaci\u00f3n de las secreciones traqueobranciales<\/strong>, que evidentemente va a conducir a una mejor\u00eda en la capacidad respiratoria.<\/p>\n<p>En otras ocasiones, por medio de la expansi\u00f3n tor\u00e1cica o el control de la respiraci\u00f3n, vamos a lograr que el paciente sepa <strong>controlar mejor cualquier episodio de crisis<\/strong> y que ese control lo ejerza a diario sobre su funci\u00f3n respiratoria.[\/vc_column_text][\/vc_column][vc_column css_animation=\u00bbzoomInRight\u00bb width=\u00bb1\/2&#8243;][vc_column_text]<\/p>\n<h2>Fisioterapia en su propio hogar<\/h2>\n<p>La <strong>fisioterapia a domicilio<\/strong> es el sello de identidad de Fisiohogar y la que nos ha permitido llegar a miles de pacientes de Espa\u00f1a para demostrarles que <strong>pueden recibir los mejores tratamientos en su hogar<\/strong>, sin necesidad de tener que desplazarse a una cl\u00ednica.<\/p>\n<p>Para su <strong>comodidad<\/strong> y para que <strong>no pierda tiempo en desplazamientos<\/strong>, le proponemos la mejor soluci\u00f3n para usted.<\/p>\n<p><a href=\"http:\/\/www.fisiohogar.com\/valencia\/contacta-ahora\/\">Contacte ahora con Fisiohogar<\/a> y si tiene cualquier duda preg\u00fantele al fisioterapeuta que le atender\u00e1. Estamos a su disposici\u00f3n para demostrarle que es mucho lo que podemos hacer para que mejore su salud.[\/vc_column_text][\/vc_column][\/vc_row]<\/p>\n","protected":false},"excerpt":{"rendered":"<p>[vc_row][vc_column css_animation=\u00bbzoomInLeft\u00bb width=\u00bb1\/2&#8243;][vc_column_text] A qui\u00e9nes va dirigido este servicio En especial a quienes padecen algunas de las siguientes enfermedades: Fibrosis qu\u00edstica Neumon\u00eda Asma EPOC Abscesos pulmonares Diferentes enfermedades neuromusculares Gracias a nuestro servicio de  [&#8230;]<\/p>\n","protected":false},"author":1,"featured_media":0,"parent":0,"menu_order":0,"comment_status":"closed","ping_status":"closed","template":"","meta":{"_joinchat":[],"footnotes":""},"class_list":["post-29","page","type-page","status-publish","hentry"],"yoast_head":"<!-- This site is optimized with the Yoast SEO plugin v27.4 - https:\/\/yoast.com\/product\/yoast-seo-wordpress\/ -->\n<title>Fisioterapia en enfermedades respiratorias - Valencia<\/title>\n<meta name=\"robots\" content=\"index, follow, max-snippet:-1, max-image-preview:large, max-video-preview:-1\" \/>\n<link rel=\"canonical\" href=\"https:\/\/www.fisiohogar.com\/valencia\/fisioterapia-enfermedades-respiratorias\/\" \/>\n<meta property=\"og:locale\" content=\"es_ES\" \/>\n<meta property=\"og:type\" content=\"article\" \/>\n<meta property=\"og:title\" content=\"Fisioterapia en enfermedades respiratorias - Valencia\" \/>\n<meta property=\"og:description\" content=\"[vc_row][vc_column css_animation=\u00bbzoomInLeft\u00bb width=\u00bb1\/2&#8243;][vc_column_text] A qui\u00e9nes va dirigido este servicio En especial a quienes padecen algunas de las siguientes enfermedades: Fibrosis qu\u00edstica Neumon\u00eda Asma EPOC Abscesos pulmonares Diferentes enfermedades neuromusculares Gracias a nuestro servicio de [...]\" \/>\n<meta property=\"og:url\" content=\"https:\/\/www.fisiohogar.com\/valencia\/fisioterapia-enfermedades-respiratorias\/\" \/>\n<meta property=\"og:site_name\" content=\"Valencia\" \/>\n<meta property=\"article:modified_time\" content=\"2023-03-28T14:37:45+00:00\" \/>\n<meta name=\"twitter:card\" content=\"summary_large_image\" \/>\n<meta name=\"twitter:label1\" content=\"Tiempo de lectura\" \/>\n\t<meta name=\"twitter:data1\" content=\"2 minutos\" \/>\n<script type=\"application\/ld+json\" class=\"yoast-schema-graph\">{\"@context\":\"https:\\\/\\\/schema.org\",\"@graph\":[{\"@type\":\"WebPage\",\"@id\":\"https:\\\/\\\/www.fisiohogar.com\\\/valencia\\\/fisioterapia-enfermedades-respiratorias\\\/\",\"url\":\"https:\\\/\\\/www.fisiohogar.com\\\/valencia\\\/fisioterapia-enfermedades-respiratorias\\\/\",\"name\":\"Fisioterapia en enfermedades respiratorias - Valencia\",\"isPartOf\":{\"@id\":\"https:\\\/\\\/www.fisiohogar.com\\\/valencia\\\/#website\"},\"datePublished\":\"2016-03-09T10:58:01+00:00\",\"dateModified\":\"2023-03-28T14:37:45+00:00\",\"breadcrumb\":{\"@id\":\"https:\\\/\\\/www.fisiohogar.com\\\/valencia\\\/fisioterapia-enfermedades-respiratorias\\\/#breadcrumb\"},\"inLanguage\":\"es\",\"potentialAction\":[{\"@type\":\"ReadAction\",\"target\":[\"https:\\\/\\\/www.fisiohogar.com\\\/valencia\\\/fisioterapia-enfermedades-respiratorias\\\/\"]}]},{\"@type\":\"BreadcrumbList\",\"@id\":\"https:\\\/\\\/www.fisiohogar.com\\\/valencia\\\/fisioterapia-enfermedades-respiratorias\\\/#breadcrumb\",\"itemListElement\":[{\"@type\":\"ListItem\",\"position\":1,\"name\":\"Portada\",\"item\":\"https:\\\/\\\/www.fisiohogar.com\\\/valencia\\\/\"},{\"@type\":\"ListItem\",\"position\":2,\"name\":\"Fisioterapia en enfermedades respiratorias\"}]},{\"@type\":\"WebSite\",\"@id\":\"https:\\\/\\\/www.fisiohogar.com\\\/valencia\\\/#website\",\"url\":\"https:\\\/\\\/www.fisiohogar.com\\\/valencia\\\/\",\"name\":\"Valencia\",\"description\":\"Fisioterapia a domicilio en Valencia\",\"potentialAction\":[{\"@type\":\"SearchAction\",\"target\":{\"@type\":\"EntryPoint\",\"urlTemplate\":\"https:\\\/\\\/www.fisiohogar.com\\\/valencia\\\/?s={search_term_string}\"},\"query-input\":{\"@type\":\"PropertyValueSpecification\",\"valueRequired\":true,\"valueName\":\"search_term_string\"}}],\"inLanguage\":\"es\"}]}<\/script>\n<!-- \/ Yoast SEO plugin. -->","yoast_head_json":{"title":"Fisioterapia en enfermedades respiratorias - Valencia","robots":{"index":"index","follow":"follow","max-snippet":"max-snippet:-1","max-image-preview":"max-image-preview:large","max-video-preview":"max-video-preview:-1"},"canonical":"https:\/\/www.fisiohogar.com\/valencia\/fisioterapia-enfermedades-respiratorias\/","og_locale":"es_ES","og_type":"article","og_title":"Fisioterapia en enfermedades respiratorias - Valencia","og_description":"[vc_row][vc_column css_animation=\u00bbzoomInLeft\u00bb width=\u00bb1\/2&#8243;][vc_column_text] A qui\u00e9nes va dirigido este servicio En especial a quienes padecen algunas de las siguientes enfermedades: Fibrosis qu\u00edstica Neumon\u00eda Asma EPOC Abscesos pulmonares Diferentes enfermedades neuromusculares Gracias a nuestro servicio de [...]","og_url":"https:\/\/www.fisiohogar.com\/valencia\/fisioterapia-enfermedades-respiratorias\/","og_site_name":"Valencia","article_modified_time":"2023-03-28T14:37:45+00:00","twitter_card":"summary_large_image","twitter_misc":{"Tiempo de lectura":"2 minutos"},"schema":{"@context":"https:\/\/schema.org","@graph":[{"@type":"WebPage","@id":"https:\/\/www.fisiohogar.com\/valencia\/fisioterapia-enfermedades-respiratorias\/","url":"https:\/\/www.fisiohogar.com\/valencia\/fisioterapia-enfermedades-respiratorias\/","name":"Fisioterapia en enfermedades respiratorias - Valencia","isPartOf":{"@id":"https:\/\/www.fisiohogar.com\/valencia\/#website"},"datePublished":"2016-03-09T10:58:01+00:00","dateModified":"2023-03-28T14:37:45+00:00","breadcrumb":{"@id":"https:\/\/www.fisiohogar.com\/valencia\/fisioterapia-enfermedades-respiratorias\/#breadcrumb"},"inLanguage":"es","potentialAction":[{"@type":"ReadAction","target":["https:\/\/www.fisiohogar.com\/valencia\/fisioterapia-enfermedades-respiratorias\/"]}]},{"@type":"BreadcrumbList","@id":"https:\/\/www.fisiohogar.com\/valencia\/fisioterapia-enfermedades-respiratorias\/#breadcrumb","itemListElement":[{"@type":"ListItem","position":1,"name":"Portada","item":"https:\/\/www.fisiohogar.com\/valencia\/"},{"@type":"ListItem","position":2,"name":"Fisioterapia en enfermedades respiratorias"}]},{"@type":"WebSite","@id":"https:\/\/www.fisiohogar.com\/valencia\/#website","url":"https:\/\/www.fisiohogar.com\/valencia\/","name":"Valencia","description":"Fisioterapia a domicilio en Valencia","potentialAction":[{"@type":"SearchAction","target":{"@type":"EntryPoint","urlTemplate":"https:\/\/www.fisiohogar.com\/valencia\/?s={search_term_string}"},"query-input":{"@type":"PropertyValueSpecification","valueRequired":true,"valueName":"search_term_string"}}],"inLanguage":"es"}]}},"_links":{"self":[{"href":"https:\/\/www.fisiohogar.com\/valencia\/wp-json\/wp\/v2\/pages\/29","targetHints":{"allow":["GET"]}}],"collection":[{"href":"https:\/\/www.fisiohogar.com\/valencia\/wp-json\/wp\/v2\/pages"}],"about":[{"href":"https:\/\/www.fisiohogar.com\/valencia\/wp-json\/wp\/v2\/types\/page"}],"author":[{"embeddable":true,"href":"https:\/\/www.fisiohogar.com\/valencia\/wp-json\/wp\/v2\/users\/1"}],"replies":[{"embeddable":true,"href":"https:\/\/www.fisiohogar.com\/valencia\/wp-json\/wp\/v2\/comments?post=29"}],"version-history":[{"count":6,"href":"https:\/\/www.fisiohogar.com\/valencia\/wp-json\/wp\/v2\/pages\/29\/revisions"}],"predecessor-version":[{"id":5092,"href":"https:\/\/www.fisiohogar.com\/valencia\/wp-json\/wp\/v2\/pages\/29\/revisions\/5092"}],"wp:attachment":[{"href":"https:\/\/www.fisiohogar.com\/valencia\/wp-json\/wp\/v2\/media?parent=29"}],"curies":[{"name":"wp","href":"https:\/\/api.w.org\/{rel}","templated":true}]}}