{"id":27,"date":"2016-03-09T10:57:06","date_gmt":"2016-03-09T10:57:06","guid":{"rendered":"http:\/\/www.fisiohogar.com\/valencia\/?page_id=27"},"modified":"2023-03-28T14:34:17","modified_gmt":"2023-03-28T14:34:17","slug":"fisioterapia-empresas-valencia","status":"publish","type":"page","link":"https:\/\/www.fisiohogar.com\/valencia\/fisioterapia-empresas-valencia\/","title":{"rendered":"Fisioterapia para empresas de Valencia"},"content":{"rendered":"<p>[vc_row][vc_column][vc_column_text]Hay trabajadores que tienen que realizar <strong>esfuerzos notables en su trabajo<\/strong>, otros se ven obligados a <strong>repetir posturas<\/strong> diario que conducen a un <strong>estado de malestar<\/strong> no menos molesto, de tal manera que en ambos casos pueden aparecer <strong>sobrecargas,<\/strong> e incluso <strong>lesiones<\/strong>, que conducir\u00e1n a que esos trabajadores tengan que solicitar la baja laboral y nunca lleguen a estar c\u00f3modos desarrollando sus tareas.<\/p>\n<p>En todos esos casos, lo aconsejable es ponerle remedio a la planificaci\u00f3n incorrecta de la manera de trabajar de esas personas, de tal modo que <strong>esos procesos se optimicen<\/strong> para que se puedan realizar de tal manera que se reduzcan las lesiones y las sobrecargas.<\/p>\n<p>Con la <strong>fisioterapia para empresas<\/strong> buscamos que <strong>los trabajadores mejoren su salud<\/strong>, que antes se ve\u00eda comprometida por sus posturas o tareas f\u00edsicas,<strong> se reduzcan por lo tanto las bajas laborales<\/strong>, se <strong>mejore el ambiente laboral<\/strong> y al mismo tiempo <strong>el trabajador tenga una mejor opini\u00f3n de su empresa<\/strong> que se preocupa para que mejore todo lo anterior.<\/p>\n<p>[\/vc_column_text][\/vc_column][\/vc_row][vc_row][vc_column width=\u00bb1\/2&#8243;][vc_single_image image=\u00bb1032&#8243; img_size=\u00bbfull\u00bb alignment=\u00bbcenter\u00bb style=\u00bbvc_box_shadow_border\u00bb css_animation=\u00bbbounceInLeft\u00bb][\/vc_column][vc_column css_animation=\u00bbbounceInRight\u00bb width=\u00bb1\/2&#8243;][vc_column_text]<\/p>\n<h2>Fisioterapia para prevenir lesiones y accidentes laborales<\/h2>\n<p>Ante las tareas que aparentemente no pueden ser realizadas de otra manera la fisioterapia plantea otro modo de planificar los esfuerzos o de adoptar posturas, que conduzca a una <strong>reducci\u00f3n del agotamiento<\/strong> y a evitar las lesiones.<\/p>\n<p>Nuestros fisioterapeutas se desplazar\u00e1n a su empresa para realizar un <strong>estudio de las condiciones en las que tienen que desarrollar su trabajo<\/strong> quienes en ella trabajan, y <strong>le propondr\u00e1n mejoras<\/strong> que est\u00e1n pensadas para que el rendimiento se incremente al conseguir que esos trabajadores puedan completar sus tareas de una manera f\u00edsicamente m\u00e1s desahogada.[\/vc_column_text][vc_column_text]<\/p>\n<h2>Fisioterapia en su empresa o en casa de sus empleados<\/h2>\n<p>Atendiendo a sus necesidades, y a las de sus empleados, podemos ofrecerle a su empresa las sesiones de <strong>fisioterapia en sus instalaciones, o bien, en el domicilio de cada trabajador<\/strong>.<\/p>\n<p>La especialidad de Fisiohogar es la fisioterapia a domicilio, por lo tanto podemos desplazarnos, sin problema alguno, all\u00ed donde usted decida.<\/p>\n<p>Si quiere conocer el coste de este servicio, p\u00f3ngase en contacto con nosotros y le prepararemos, sin compromiso alguno por su parte, un presupuesto.[\/vc_column_text][\/vc_column][\/vc_row][vc_row][vc_column width=\u00bb1\/2&#8243;][vc_single_image image=\u00bb1033&#8243; img_size=\u00bbfull\u00bb alignment=\u00bbcenter\u00bb style=\u00bbvc_box_shadow_border\u00bb css_animation=\u00bbbounceInLeft\u00bb][\/vc_column][vc_column css_animation=\u00bbbounceInRight\u00bb width=\u00bb1\/2&#8243;][vc_column_text]<\/p>\n<h2>Seminarios para reducir riesgos de lesiones<\/h2>\n<p>La intenci\u00f3n de estos seminarios es que los trabajadores de su empresa puedan modificar sus h\u00e1bitos en posturas equivocadas que pueden conducir a un agotamiento m\u00e1s r\u00e1pido, sobrecargas y hasta a que se produzcan lesiones.<\/p>\n<p>Estos seminarios podemos organizarlos de manera complementaria a las sesiones de fisioterapia, o si lo prefiere, se pueden impartir al margen de esas sesiones.[\/vc_column_text][vc_column_text]<\/p>\n<h2>Conozca ahora los beneficios de la fisioterapia<\/h2>\n<p>Permita que le convenzamos de todos los beneficios que puede tener la fisioterapia en su empresa.<\/p>\n<p>Ya son muchas otras las que confiaron en Fisiohogar y se est\u00e1n beneficiando en diferentes ciudades de Espa\u00f1a de los servicios que ofrecemos para sus trabajadores.<\/p>\n<p>Responderemos a todas sus dudas y usted mismo se convencer\u00e1 de que con la fisioterapia su empresa saldr\u00e1 ganando.[\/vc_column_text][vc_column_text]<a href=\"http:\/\/www.fisiohogar.com\/valencia\/contacta-ahora\/\">P\u00f3ngase ahora en contacto con Fisiohogar<\/a> y solicite un presupuesto para el servicio de fisioterapia para empresas.<\/p>\n<p>[\/vc_column_text][\/vc_column][\/vc_row]<\/p>\n","protected":false},"excerpt":{"rendered":"<p>[vc_row][vc_column][vc_column_text]Hay trabajadores que tienen que realizar esfuerzos notables en su trabajo, otros se ven obligados a repetir posturas diario que conducen a un estado de malestar no menos molesto, de tal manera que en  [&#8230;]<\/p>\n","protected":false},"author":1,"featured_media":0,"parent":0,"menu_order":0,"comment_status":"closed","ping_status":"closed","template":"","meta":{"_joinchat":[],"footnotes":""},"class_list":["post-27","page","type-page","status-publish","hentry"],"yoast_head":"<!-- This site is optimized with the Yoast SEO plugin v27.4 - https:\/\/yoast.com\/product\/yoast-seo-wordpress\/ -->\n<title>Fisioterapia para empresas de Valencia - Valencia<\/title>\n<meta name=\"robots\" content=\"index, follow, max-snippet:-1, max-image-preview:large, max-video-preview:-1\" \/>\n<link rel=\"canonical\" href=\"https:\/\/www.fisiohogar.com\/valencia\/fisioterapia-empresas-valencia\/\" \/>\n<meta property=\"og:locale\" content=\"es_ES\" \/>\n<meta property=\"og:type\" content=\"article\" \/>\n<meta property=\"og:title\" content=\"Fisioterapia para empresas de Valencia - Valencia\" \/>\n<meta property=\"og:description\" content=\"[vc_row][vc_column][vc_column_text]Hay trabajadores que tienen que realizar esfuerzos notables en su trabajo, otros se ven obligados a repetir posturas diario que conducen a un estado de malestar no menos molesto, de tal manera que en [...]\" \/>\n<meta property=\"og:url\" content=\"https:\/\/www.fisiohogar.com\/valencia\/fisioterapia-empresas-valencia\/\" \/>\n<meta property=\"og:site_name\" content=\"Valencia\" \/>\n<meta property=\"article:modified_time\" content=\"2023-03-28T14:34:17+00:00\" \/>\n<meta name=\"twitter:card\" content=\"summary_large_image\" \/>\n<meta name=\"twitter:label1\" content=\"Tiempo de lectura\" \/>\n\t<meta name=\"twitter:data1\" content=\"3 minutos\" \/>\n<script type=\"application\/ld+json\" class=\"yoast-schema-graph\">{\"@context\":\"https:\\\/\\\/schema.org\",\"@graph\":[{\"@type\":\"WebPage\",\"@id\":\"https:\\\/\\\/www.fisiohogar.com\\\/valencia\\\/fisioterapia-empresas-valencia\\\/\",\"url\":\"https:\\\/\\\/www.fisiohogar.com\\\/valencia\\\/fisioterapia-empresas-valencia\\\/\",\"name\":\"Fisioterapia para empresas de Valencia - Valencia\",\"isPartOf\":{\"@id\":\"https:\\\/\\\/www.fisiohogar.com\\\/valencia\\\/#website\"},\"datePublished\":\"2016-03-09T10:57:06+00:00\",\"dateModified\":\"2023-03-28T14:34:17+00:00\",\"breadcrumb\":{\"@id\":\"https:\\\/\\\/www.fisiohogar.com\\\/valencia\\\/fisioterapia-empresas-valencia\\\/#breadcrumb\"},\"inLanguage\":\"es\",\"potentialAction\":[{\"@type\":\"ReadAction\",\"target\":[\"https:\\\/\\\/www.fisiohogar.com\\\/valencia\\\/fisioterapia-empresas-valencia\\\/\"]}]},{\"@type\":\"BreadcrumbList\",\"@id\":\"https:\\\/\\\/www.fisiohogar.com\\\/valencia\\\/fisioterapia-empresas-valencia\\\/#breadcrumb\",\"itemListElement\":[{\"@type\":\"ListItem\",\"position\":1,\"name\":\"Portada\",\"item\":\"https:\\\/\\\/www.fisiohogar.com\\\/valencia\\\/\"},{\"@type\":\"ListItem\",\"position\":2,\"name\":\"Fisioterapia para empresas de Valencia\"}]},{\"@type\":\"WebSite\",\"@id\":\"https:\\\/\\\/www.fisiohogar.com\\\/valencia\\\/#website\",\"url\":\"https:\\\/\\\/www.fisiohogar.com\\\/valencia\\\/\",\"name\":\"Valencia\",\"description\":\"Fisioterapia a domicilio en Valencia\",\"potentialAction\":[{\"@type\":\"SearchAction\",\"target\":{\"@type\":\"EntryPoint\",\"urlTemplate\":\"https:\\\/\\\/www.fisiohogar.com\\\/valencia\\\/?s={search_term_string}\"},\"query-input\":{\"@type\":\"PropertyValueSpecification\",\"valueRequired\":true,\"valueName\":\"search_term_string\"}}],\"inLanguage\":\"es\"}]}<\/script>\n<!-- \/ Yoast SEO plugin. -->","yoast_head_json":{"title":"Fisioterapia para empresas de Valencia - Valencia","robots":{"index":"index","follow":"follow","max-snippet":"max-snippet:-1","max-image-preview":"max-image-preview:large","max-video-preview":"max-video-preview:-1"},"canonical":"https:\/\/www.fisiohogar.com\/valencia\/fisioterapia-empresas-valencia\/","og_locale":"es_ES","og_type":"article","og_title":"Fisioterapia para empresas de Valencia - Valencia","og_description":"[vc_row][vc_column][vc_column_text]Hay trabajadores que tienen que realizar esfuerzos notables en su trabajo, otros se ven obligados a repetir posturas diario que conducen a un estado de malestar no menos molesto, de tal manera que en [...]","og_url":"https:\/\/www.fisiohogar.com\/valencia\/fisioterapia-empresas-valencia\/","og_site_name":"Valencia","article_modified_time":"2023-03-28T14:34:17+00:00","twitter_card":"summary_large_image","twitter_misc":{"Tiempo de lectura":"3 minutos"},"schema":{"@context":"https:\/\/schema.org","@graph":[{"@type":"WebPage","@id":"https:\/\/www.fisiohogar.com\/valencia\/fisioterapia-empresas-valencia\/","url":"https:\/\/www.fisiohogar.com\/valencia\/fisioterapia-empresas-valencia\/","name":"Fisioterapia para empresas de Valencia - Valencia","isPartOf":{"@id":"https:\/\/www.fisiohogar.com\/valencia\/#website"},"datePublished":"2016-03-09T10:57:06+00:00","dateModified":"2023-03-28T14:34:17+00:00","breadcrumb":{"@id":"https:\/\/www.fisiohogar.com\/valencia\/fisioterapia-empresas-valencia\/#breadcrumb"},"inLanguage":"es","potentialAction":[{"@type":"ReadAction","target":["https:\/\/www.fisiohogar.com\/valencia\/fisioterapia-empresas-valencia\/"]}]},{"@type":"BreadcrumbList","@id":"https:\/\/www.fisiohogar.com\/valencia\/fisioterapia-empresas-valencia\/#breadcrumb","itemListElement":[{"@type":"ListItem","position":1,"name":"Portada","item":"https:\/\/www.fisiohogar.com\/valencia\/"},{"@type":"ListItem","position":2,"name":"Fisioterapia para empresas de Valencia"}]},{"@type":"WebSite","@id":"https:\/\/www.fisiohogar.com\/valencia\/#website","url":"https:\/\/www.fisiohogar.com\/valencia\/","name":"Valencia","description":"Fisioterapia a domicilio en Valencia","potentialAction":[{"@type":"SearchAction","target":{"@type":"EntryPoint","urlTemplate":"https:\/\/www.fisiohogar.com\/valencia\/?s={search_term_string}"},"query-input":{"@type":"PropertyValueSpecification","valueRequired":true,"valueName":"search_term_string"}}],"inLanguage":"es"}]}},"_links":{"self":[{"href":"https:\/\/www.fisiohogar.com\/valencia\/wp-json\/wp\/v2\/pages\/27","targetHints":{"allow":["GET"]}}],"collection":[{"href":"https:\/\/www.fisiohogar.com\/valencia\/wp-json\/wp\/v2\/pages"}],"about":[{"href":"https:\/\/www.fisiohogar.com\/valencia\/wp-json\/wp\/v2\/types\/page"}],"author":[{"embeddable":true,"href":"https:\/\/www.fisiohogar.com\/valencia\/wp-json\/wp\/v2\/users\/1"}],"replies":[{"embeddable":true,"href":"https:\/\/www.fisiohogar.com\/valencia\/wp-json\/wp\/v2\/comments?post=27"}],"version-history":[{"count":10,"href":"https:\/\/www.fisiohogar.com\/valencia\/wp-json\/wp\/v2\/pages\/27\/revisions"}],"predecessor-version":[{"id":5090,"href":"https:\/\/www.fisiohogar.com\/valencia\/wp-json\/wp\/v2\/pages\/27\/revisions\/5090"}],"wp:attachment":[{"href":"https:\/\/www.fisiohogar.com\/valencia\/wp-json\/wp\/v2\/media?parent=27"}],"curies":[{"name":"wp","href":"https:\/\/api.w.org\/{rel}","templated":true}]}}