{"id":26,"date":"2016-03-09T10:56:36","date_gmt":"2016-03-09T10:56:36","guid":{"rendered":"http:\/\/www.fisiohogar.com\/valencia\/?page_id=25"},"modified":"2017-09-27T20:20:05","modified_gmt":"2017-09-27T20:20:05","slug":"fisioterapia-para-los-deportistas","status":"publish","type":"page","link":"https:\/\/www.fisiohogar.com\/valencia\/fisioterapia-para-los-deportistas\/","title":{"rendered":"Fisioterapia para los deportistas"},"content":{"rendered":"<p>[vc_row][vc_column][vc_column_text]Sin duda la <strong>pr\u00e1ctica del deporte<\/strong>, que cada d\u00eda suma a m\u00e1s personas, tiene notables beneficios para la salud f\u00edsica y tambi\u00e9n para mejorar el estado de \u00e1nimo, sin embargo este tipo de actividades, sobre todo cuando se realizan sin un gran conocimiento de las mismas, pueden conducir a que se produzcan <strong>lesiones<\/strong> que pongan en peligro la pr\u00e1ctica del deporte.<\/p>\n<p>Cada disciplina deportiva tiene asociada una serie de lesiones que se suelen producir con m\u00e1s frecuencia, por esta raz\u00f3n, <strong>tener a su lado a un fisioterapeuta que le asesore y le atienda cuando se produce una lesi\u00f3n<\/strong>, es toda una garant\u00eda para que cualquier problema pueda ser superado en el menor tiempo posible y, adem\u00e1s, se eviten riesgos innecesarios. Por estos motivos queremos que nos considere como <strong>fisioterapeutas de cabecera<\/strong>\u00a0 en quienes puede confiar, y a quienes podr\u00e1 recurrir ante cualquier malestar o lesi\u00f3n.<\/p>\n<p>Siempre que nos lo solicite le guiaremos en la pr\u00e1ctica m\u00e1s segura del deporte que minimice la posibilidad de lesiones.[\/vc_column_text][\/vc_column][\/vc_row][vc_row][vc_column][vc_single_image image=\u00bb1049&#8243; img_size=\u00bbfull\u00bb alignment=\u00bbcenter\u00bb style=\u00bbvc_box_rounded\u00bb css_animation=\u00bbbounceIn\u00bb][\/vc_column][\/vc_row][vc_row][vc_column][vc_column_text]En Fisiohogar tambi\u00e9n trabajamos con <strong>empresas y organismos p\u00fablicos<\/strong> para atender con nuestros fisioterapeutas diferentes tipos de <strong>eventos y competiciones deportivas<\/strong>.<\/p>\n<p>Gracias a este tipo de servicios logramos que <strong>los participantes se sientan m\u00e1s protegidos<\/strong>, pues reaccionamos rapidez ante cualquier incidencia que se produzca, pero sobre todo podemos planificar esta atenci\u00f3n para reducir los riesgos de lesiones, sobre todo en el caso de los deportistas no profesionales que suelen cometer errores que propician esguinces, torceduras, luxaciones, etc.<\/p>\n<p>Le recordamos que todos los fisioterapeutas que le atender\u00e1n est\u00e1n <strong>colegiados<\/strong>.<\/p>\n<p>Si quiere que le informemos con m\u00e1s detalle, o desea que elaboremos un presupuesto, contacte ahora con nosotros.[\/vc_column_text][\/vc_column][\/vc_row]<\/p>\n","protected":false},"excerpt":{"rendered":"<p>[vc_row][vc_column][vc_column_text]Sin duda la pr\u00e1ctica del deporte, que cada d\u00eda suma a m\u00e1s personas, tiene notables beneficios para la salud f\u00edsica y tambi\u00e9n para mejorar el estado de \u00e1nimo, sin embargo este tipo de actividades,  [&#8230;]<\/p>\n","protected":false},"author":1,"featured_media":0,"parent":0,"menu_order":0,"comment_status":"closed","ping_status":"closed","template":"template-full.php","meta":{"_joinchat":[],"footnotes":""},"class_list":["post-26","page","type-page","status-publish","hentry"],"yoast_head":"<!-- This site is optimized with the Yoast SEO plugin v27.5 - https:\/\/yoast.com\/product\/yoast-seo-wordpress\/ -->\n<title>Fisioterapia para los deportistas - Valencia<\/title>\n<meta name=\"robots\" content=\"index, follow, max-snippet:-1, max-image-preview:large, max-video-preview:-1\" \/>\n<link rel=\"canonical\" href=\"https:\/\/www.fisiohogar.com\/valencia\/fisioterapia-para-los-deportistas\/\" \/>\n<meta property=\"og:locale\" content=\"es_ES\" \/>\n<meta property=\"og:type\" content=\"article\" \/>\n<meta property=\"og:title\" content=\"Fisioterapia para los deportistas - Valencia\" \/>\n<meta property=\"og:description\" content=\"[vc_row][vc_column][vc_column_text]Sin duda la pr\u00e1ctica del deporte, que cada d\u00eda suma a m\u00e1s personas, tiene notables beneficios para la salud f\u00edsica y tambi\u00e9n para mejorar el estado de \u00e1nimo, sin embargo este tipo de actividades, [...]\" \/>\n<meta property=\"og:url\" content=\"https:\/\/www.fisiohogar.com\/valencia\/fisioterapia-para-los-deportistas\/\" \/>\n<meta property=\"og:site_name\" content=\"Valencia\" \/>\n<meta property=\"article:modified_time\" content=\"2017-09-27T20:20:05+00:00\" \/>\n<meta name=\"twitter:card\" content=\"summary_large_image\" \/>\n<meta name=\"twitter:label1\" content=\"Tiempo de lectura\" \/>\n\t<meta name=\"twitter:data1\" content=\"2 minutos\" \/>\n<script type=\"application\/ld+json\" class=\"yoast-schema-graph\">{\"@context\":\"https:\\\/\\\/schema.org\",\"@graph\":[{\"@type\":\"WebPage\",\"@id\":\"https:\\\/\\\/www.fisiohogar.com\\\/valencia\\\/fisioterapia-para-los-deportistas\\\/\",\"url\":\"https:\\\/\\\/www.fisiohogar.com\\\/valencia\\\/fisioterapia-para-los-deportistas\\\/\",\"name\":\"Fisioterapia para los deportistas - Valencia\",\"isPartOf\":{\"@id\":\"https:\\\/\\\/www.fisiohogar.com\\\/valencia\\\/#website\"},\"datePublished\":\"2016-03-09T10:56:36+00:00\",\"dateModified\":\"2017-09-27T20:20:05+00:00\",\"breadcrumb\":{\"@id\":\"https:\\\/\\\/www.fisiohogar.com\\\/valencia\\\/fisioterapia-para-los-deportistas\\\/#breadcrumb\"},\"inLanguage\":\"es\",\"potentialAction\":[{\"@type\":\"ReadAction\",\"target\":[\"https:\\\/\\\/www.fisiohogar.com\\\/valencia\\\/fisioterapia-para-los-deportistas\\\/\"]}]},{\"@type\":\"BreadcrumbList\",\"@id\":\"https:\\\/\\\/www.fisiohogar.com\\\/valencia\\\/fisioterapia-para-los-deportistas\\\/#breadcrumb\",\"itemListElement\":[{\"@type\":\"ListItem\",\"position\":1,\"name\":\"Portada\",\"item\":\"https:\\\/\\\/www.fisiohogar.com\\\/valencia\\\/\"},{\"@type\":\"ListItem\",\"position\":2,\"name\":\"Fisioterapia para los deportistas\"}]},{\"@type\":\"WebSite\",\"@id\":\"https:\\\/\\\/www.fisiohogar.com\\\/valencia\\\/#website\",\"url\":\"https:\\\/\\\/www.fisiohogar.com\\\/valencia\\\/\",\"name\":\"Valencia\",\"description\":\"Fisioterapia a domicilio en Valencia\",\"potentialAction\":[{\"@type\":\"SearchAction\",\"target\":{\"@type\":\"EntryPoint\",\"urlTemplate\":\"https:\\\/\\\/www.fisiohogar.com\\\/valencia\\\/?s={search_term_string}\"},\"query-input\":{\"@type\":\"PropertyValueSpecification\",\"valueRequired\":true,\"valueName\":\"search_term_string\"}}],\"inLanguage\":\"es\"}]}<\/script>\n<!-- \/ Yoast SEO plugin. -->","yoast_head_json":{"title":"Fisioterapia para los deportistas - Valencia","robots":{"index":"index","follow":"follow","max-snippet":"max-snippet:-1","max-image-preview":"max-image-preview:large","max-video-preview":"max-video-preview:-1"},"canonical":"https:\/\/www.fisiohogar.com\/valencia\/fisioterapia-para-los-deportistas\/","og_locale":"es_ES","og_type":"article","og_title":"Fisioterapia para los deportistas - Valencia","og_description":"[vc_row][vc_column][vc_column_text]Sin duda la pr\u00e1ctica del deporte, que cada d\u00eda suma a m\u00e1s personas, tiene notables beneficios para la salud f\u00edsica y tambi\u00e9n para mejorar el estado de \u00e1nimo, sin embargo este tipo de actividades, [...]","og_url":"https:\/\/www.fisiohogar.com\/valencia\/fisioterapia-para-los-deportistas\/","og_site_name":"Valencia","article_modified_time":"2017-09-27T20:20:05+00:00","twitter_card":"summary_large_image","twitter_misc":{"Tiempo de lectura":"2 minutos"},"schema":{"@context":"https:\/\/schema.org","@graph":[{"@type":"WebPage","@id":"https:\/\/www.fisiohogar.com\/valencia\/fisioterapia-para-los-deportistas\/","url":"https:\/\/www.fisiohogar.com\/valencia\/fisioterapia-para-los-deportistas\/","name":"Fisioterapia para los deportistas - Valencia","isPartOf":{"@id":"https:\/\/www.fisiohogar.com\/valencia\/#website"},"datePublished":"2016-03-09T10:56:36+00:00","dateModified":"2017-09-27T20:20:05+00:00","breadcrumb":{"@id":"https:\/\/www.fisiohogar.com\/valencia\/fisioterapia-para-los-deportistas\/#breadcrumb"},"inLanguage":"es","potentialAction":[{"@type":"ReadAction","target":["https:\/\/www.fisiohogar.com\/valencia\/fisioterapia-para-los-deportistas\/"]}]},{"@type":"BreadcrumbList","@id":"https:\/\/www.fisiohogar.com\/valencia\/fisioterapia-para-los-deportistas\/#breadcrumb","itemListElement":[{"@type":"ListItem","position":1,"name":"Portada","item":"https:\/\/www.fisiohogar.com\/valencia\/"},{"@type":"ListItem","position":2,"name":"Fisioterapia para los deportistas"}]},{"@type":"WebSite","@id":"https:\/\/www.fisiohogar.com\/valencia\/#website","url":"https:\/\/www.fisiohogar.com\/valencia\/","name":"Valencia","description":"Fisioterapia a domicilio en Valencia","potentialAction":[{"@type":"SearchAction","target":{"@type":"EntryPoint","urlTemplate":"https:\/\/www.fisiohogar.com\/valencia\/?s={search_term_string}"},"query-input":{"@type":"PropertyValueSpecification","valueRequired":true,"valueName":"search_term_string"}}],"inLanguage":"es"}]}},"_links":{"self":[{"href":"https:\/\/www.fisiohogar.com\/valencia\/wp-json\/wp\/v2\/pages\/26","targetHints":{"allow":["GET"]}}],"collection":[{"href":"https:\/\/www.fisiohogar.com\/valencia\/wp-json\/wp\/v2\/pages"}],"about":[{"href":"https:\/\/www.fisiohogar.com\/valencia\/wp-json\/wp\/v2\/types\/page"}],"author":[{"embeddable":true,"href":"https:\/\/www.fisiohogar.com\/valencia\/wp-json\/wp\/v2\/users\/1"}],"replies":[{"embeddable":true,"href":"https:\/\/www.fisiohogar.com\/valencia\/wp-json\/wp\/v2\/comments?post=26"}],"version-history":[{"count":5,"href":"https:\/\/www.fisiohogar.com\/valencia\/wp-json\/wp\/v2\/pages\/26\/revisions"}],"predecessor-version":[{"id":1050,"href":"https:\/\/www.fisiohogar.com\/valencia\/wp-json\/wp\/v2\/pages\/26\/revisions\/1050"}],"wp:attachment":[{"href":"https:\/\/www.fisiohogar.com\/valencia\/wp-json\/wp\/v2\/media?parent=26"}],"curies":[{"name":"wp","href":"https:\/\/api.w.org\/{rel}","templated":true}]}}