{"id":25,"date":"2016-03-09T10:56:12","date_gmt":"2016-03-09T10:56:12","guid":{"rendered":"http:\/\/www.fisiohogar.com\/valencia\/?page_id=23"},"modified":"2023-03-28T14:39:14","modified_gmt":"2023-03-28T14:39:14","slug":"fisioterapia-enfermedades-neurologicas","status":"publish","type":"page","link":"https:\/\/www.fisiohogar.com\/valencia\/fisioterapia-enfermedades-neurologicas\/","title":{"rendered":"Fisioterapia para las enfermedades neurol\u00f3gicas"},"content":{"rendered":"<p>[vc_row][vc_column][vc_column_text]Los pacientes que se enfrentan a enfermedades neurol\u00f3gicas, que en ocasiones no tienen una curaci\u00f3n posible, y que son conscientes de que la p\u00e9rdida de la salud es inevitable, puede ser el caso de quienes padecen <strong>Parkinson o Alzheimer<\/strong>, necesitan m\u00e1s que otros de la asistencia de terapeutas que consigan un cambio de actitud que, por lo general suele ser en estas personas bastante negativa por las malas perspectivas, as\u00ed que lo que se pretende es ese cambio que logre mejorar su calidad de vida.<\/p>\n<p>Ah\u00ed es donde la fisioterapia tiene mucho que ofrecer, pues con los avances que logren hacer m\u00e1s lento el avance de la enfermedad y, en algunos casos, como en las hemiplejias, se pueda producir una recuperaci\u00f3n notable.<\/p>\n<p>En todos estos enfermos, <strong>en nuestra primera sesi\u00f3n<\/strong>, dedicamos tiempo para hacer una <strong>evaluaci\u00f3n de su estado<\/strong>, para as\u00ed proponerles los que consideramos tratamientos m\u00e1s acertados en cada caso.[\/vc_column_text][\/vc_column][\/vc_row][vc_row][vc_column][vc_single_image image=\u00bb1051&#8243; img_size=\u00bbfull\u00bb alignment=\u00bbcenter\u00bb style=\u00bbvc_box_shadow_border\u00bb css_animation=\u00bbbounceIn\u00bb][\/vc_column][\/vc_row][vc_row][vc_column width=\u00bb1\/2&#8243;][vc_column_text]<\/p>\n<h2>T\u00e9cnicas eficaces en enfermedades neurol\u00f3gicas<\/h2>\n<p>En el caso de <strong>enfermos neurol\u00f3gicos<\/strong> proponemos la realizaci\u00f3n de ejercicios y movilizaciones activas o pasivas, que se combinan con el m\u00e9todo Bobath, la neurodin\u00e1mica, el kabat&#8230;, siempre seleccionado lo que en el caso particular de cada paciente valoramos que puede ser m\u00e1s eficaz para la estabilizaci\u00f3n o mejor\u00eda de su enfermedad.<\/p>\n<p>En la realizaci\u00f3n de estos ejercicios y varios m\u00e1s, siempre nos esforzamos para que los pacientes se impliquen y completen por su cuenta los que les proponemos, porque de esa manera la evoluci\u00f3n siempre ser\u00e1 m\u00e1s positiva.<\/p>\n<p>En todos los casos tiene la garant\u00eda de los <strong>conocimientos y experiencia de nuestros fisioterapeutas<\/strong>, que son profesionales <strong>colegiados<\/strong>.[\/vc_column_text][\/vc_column][vc_column width=\u00bb1\/2&#8243;][vc_column_text]<\/p>\n<h2>Ventajas de la fisioterapia a domicilio<\/h2>\n<p><strong>La fisioterapia a domicilio ofrece todas las ventajas que los pacientes con enfermedades neurol\u00f3gicas necesitan<\/strong>.<\/p>\n<p>Evitamos desplazamientos que en ocasiones terminan por no ser posibles, debido a lo cual existe el riesgo de que se deseche la terapia.<\/p>\n<p>Los pacientes nos esperan en la comodidad de su casa, un lugar conocido desde donde podr\u00e1n realizar los ejercicios que les propongamos.<\/p>\n<p>Con la contrataci\u00f3n de los bonos que les ofrecemos,\u00a0 y que pueden consultar en la p\u00e1gina de tarifas, tendr\u00e1 cada sesi\u00f3n a un precio muy econ\u00f3mico, en el que se incluye todo. Adem\u00e1s los precios son los mismos para todas las zonas de Valencia.[\/vc_column_text][\/vc_column][\/vc_row]<\/p>\n","protected":false},"excerpt":{"rendered":"<p>[vc_row][vc_column][vc_column_text]Los pacientes que se enfrentan a enfermedades neurol\u00f3gicas, que en ocasiones no tienen una curaci\u00f3n posible, y que son conscientes de que la p\u00e9rdida de la salud es inevitable, puede ser el caso de  [&#8230;]<\/p>\n","protected":false},"author":1,"featured_media":0,"parent":0,"menu_order":0,"comment_status":"closed","ping_status":"closed","template":"","meta":{"_joinchat":[],"footnotes":""},"class_list":["post-25","page","type-page","status-publish","hentry"],"yoast_head":"<!-- This site is optimized with the Yoast SEO plugin v27.3 - https:\/\/yoast.com\/product\/yoast-seo-wordpress\/ -->\n<title>Fisioterapia para las enfermedades neurol\u00f3gicas - Valencia<\/title>\n<meta name=\"robots\" content=\"index, follow, max-snippet:-1, max-image-preview:large, max-video-preview:-1\" \/>\n<link rel=\"canonical\" href=\"https:\/\/www.fisiohogar.com\/valencia\/fisioterapia-enfermedades-neurologicas\/\" \/>\n<meta property=\"og:locale\" content=\"es_ES\" \/>\n<meta property=\"og:type\" content=\"article\" \/>\n<meta property=\"og:title\" content=\"Fisioterapia para las enfermedades neurol\u00f3gicas - Valencia\" \/>\n<meta property=\"og:description\" content=\"[vc_row][vc_column][vc_column_text]Los pacientes que se enfrentan a enfermedades neurol\u00f3gicas, que en ocasiones no tienen una curaci\u00f3n posible, y que son conscientes de que la p\u00e9rdida de la salud es inevitable, puede ser el caso de [...]\" \/>\n<meta property=\"og:url\" content=\"https:\/\/www.fisiohogar.com\/valencia\/fisioterapia-enfermedades-neurologicas\/\" \/>\n<meta property=\"og:site_name\" content=\"Valencia\" \/>\n<meta property=\"article:modified_time\" content=\"2023-03-28T14:39:14+00:00\" \/>\n<meta name=\"twitter:card\" content=\"summary_large_image\" \/>\n<meta name=\"twitter:label1\" content=\"Tiempo de lectura\" \/>\n\t<meta name=\"twitter:data1\" content=\"2 minutos\" \/>\n<script type=\"application\/ld+json\" class=\"yoast-schema-graph\">{\"@context\":\"https:\\\/\\\/schema.org\",\"@graph\":[{\"@type\":\"WebPage\",\"@id\":\"https:\\\/\\\/www.fisiohogar.com\\\/valencia\\\/fisioterapia-enfermedades-neurologicas\\\/\",\"url\":\"https:\\\/\\\/www.fisiohogar.com\\\/valencia\\\/fisioterapia-enfermedades-neurologicas\\\/\",\"name\":\"Fisioterapia para las enfermedades neurol\u00f3gicas - Valencia\",\"isPartOf\":{\"@id\":\"https:\\\/\\\/www.fisiohogar.com\\\/valencia\\\/#website\"},\"datePublished\":\"2016-03-09T10:56:12+00:00\",\"dateModified\":\"2023-03-28T14:39:14+00:00\",\"breadcrumb\":{\"@id\":\"https:\\\/\\\/www.fisiohogar.com\\\/valencia\\\/fisioterapia-enfermedades-neurologicas\\\/#breadcrumb\"},\"inLanguage\":\"es\",\"potentialAction\":[{\"@type\":\"ReadAction\",\"target\":[\"https:\\\/\\\/www.fisiohogar.com\\\/valencia\\\/fisioterapia-enfermedades-neurologicas\\\/\"]}]},{\"@type\":\"BreadcrumbList\",\"@id\":\"https:\\\/\\\/www.fisiohogar.com\\\/valencia\\\/fisioterapia-enfermedades-neurologicas\\\/#breadcrumb\",\"itemListElement\":[{\"@type\":\"ListItem\",\"position\":1,\"name\":\"Portada\",\"item\":\"https:\\\/\\\/www.fisiohogar.com\\\/valencia\\\/\"},{\"@type\":\"ListItem\",\"position\":2,\"name\":\"Fisioterapia para las enfermedades neurol\u00f3gicas\"}]},{\"@type\":\"WebSite\",\"@id\":\"https:\\\/\\\/www.fisiohogar.com\\\/valencia\\\/#website\",\"url\":\"https:\\\/\\\/www.fisiohogar.com\\\/valencia\\\/\",\"name\":\"Valencia\",\"description\":\"Fisioterapia a domicilio en Valencia\",\"potentialAction\":[{\"@type\":\"SearchAction\",\"target\":{\"@type\":\"EntryPoint\",\"urlTemplate\":\"https:\\\/\\\/www.fisiohogar.com\\\/valencia\\\/?s={search_term_string}\"},\"query-input\":{\"@type\":\"PropertyValueSpecification\",\"valueRequired\":true,\"valueName\":\"search_term_string\"}}],\"inLanguage\":\"es\"}]}<\/script>\n<!-- \/ Yoast SEO plugin. -->","yoast_head_json":{"title":"Fisioterapia para las enfermedades neurol\u00f3gicas - Valencia","robots":{"index":"index","follow":"follow","max-snippet":"max-snippet:-1","max-image-preview":"max-image-preview:large","max-video-preview":"max-video-preview:-1"},"canonical":"https:\/\/www.fisiohogar.com\/valencia\/fisioterapia-enfermedades-neurologicas\/","og_locale":"es_ES","og_type":"article","og_title":"Fisioterapia para las enfermedades neurol\u00f3gicas - Valencia","og_description":"[vc_row][vc_column][vc_column_text]Los pacientes que se enfrentan a enfermedades neurol\u00f3gicas, que en ocasiones no tienen una curaci\u00f3n posible, y que son conscientes de que la p\u00e9rdida de la salud es inevitable, puede ser el caso de [...]","og_url":"https:\/\/www.fisiohogar.com\/valencia\/fisioterapia-enfermedades-neurologicas\/","og_site_name":"Valencia","article_modified_time":"2023-03-28T14:39:14+00:00","twitter_card":"summary_large_image","twitter_misc":{"Tiempo de lectura":"2 minutos"},"schema":{"@context":"https:\/\/schema.org","@graph":[{"@type":"WebPage","@id":"https:\/\/www.fisiohogar.com\/valencia\/fisioterapia-enfermedades-neurologicas\/","url":"https:\/\/www.fisiohogar.com\/valencia\/fisioterapia-enfermedades-neurologicas\/","name":"Fisioterapia para las enfermedades neurol\u00f3gicas - Valencia","isPartOf":{"@id":"https:\/\/www.fisiohogar.com\/valencia\/#website"},"datePublished":"2016-03-09T10:56:12+00:00","dateModified":"2023-03-28T14:39:14+00:00","breadcrumb":{"@id":"https:\/\/www.fisiohogar.com\/valencia\/fisioterapia-enfermedades-neurologicas\/#breadcrumb"},"inLanguage":"es","potentialAction":[{"@type":"ReadAction","target":["https:\/\/www.fisiohogar.com\/valencia\/fisioterapia-enfermedades-neurologicas\/"]}]},{"@type":"BreadcrumbList","@id":"https:\/\/www.fisiohogar.com\/valencia\/fisioterapia-enfermedades-neurologicas\/#breadcrumb","itemListElement":[{"@type":"ListItem","position":1,"name":"Portada","item":"https:\/\/www.fisiohogar.com\/valencia\/"},{"@type":"ListItem","position":2,"name":"Fisioterapia para las enfermedades neurol\u00f3gicas"}]},{"@type":"WebSite","@id":"https:\/\/www.fisiohogar.com\/valencia\/#website","url":"https:\/\/www.fisiohogar.com\/valencia\/","name":"Valencia","description":"Fisioterapia a domicilio en Valencia","potentialAction":[{"@type":"SearchAction","target":{"@type":"EntryPoint","urlTemplate":"https:\/\/www.fisiohogar.com\/valencia\/?s={search_term_string}"},"query-input":{"@type":"PropertyValueSpecification","valueRequired":true,"valueName":"search_term_string"}}],"inLanguage":"es"}]}},"_links":{"self":[{"href":"https:\/\/www.fisiohogar.com\/valencia\/wp-json\/wp\/v2\/pages\/25","targetHints":{"allow":["GET"]}}],"collection":[{"href":"https:\/\/www.fisiohogar.com\/valencia\/wp-json\/wp\/v2\/pages"}],"about":[{"href":"https:\/\/www.fisiohogar.com\/valencia\/wp-json\/wp\/v2\/types\/page"}],"author":[{"embeddable":true,"href":"https:\/\/www.fisiohogar.com\/valencia\/wp-json\/wp\/v2\/users\/1"}],"replies":[{"embeddable":true,"href":"https:\/\/www.fisiohogar.com\/valencia\/wp-json\/wp\/v2\/comments?post=25"}],"version-history":[{"count":7,"href":"https:\/\/www.fisiohogar.com\/valencia\/wp-json\/wp\/v2\/pages\/25\/revisions"}],"predecessor-version":[{"id":5093,"href":"https:\/\/www.fisiohogar.com\/valencia\/wp-json\/wp\/v2\/pages\/25\/revisions\/5093"}],"wp:attachment":[{"href":"https:\/\/www.fisiohogar.com\/valencia\/wp-json\/wp\/v2\/media?parent=25"}],"curies":[{"name":"wp","href":"https:\/\/api.w.org\/{rel}","templated":true}]}}