{"id":24,"date":"2016-03-09T10:55:25","date_gmt":"2016-03-09T10:55:25","guid":{"rendered":"http:\/\/www.fisiohogar.com\/valencia\/?page_id=21"},"modified":"2023-03-28T14:43:15","modified_gmt":"2023-03-28T14:43:15","slug":"fisioterapia-domicilio-provincia-valencia","status":"publish","type":"page","link":"https:\/\/www.fisiohogar.com\/valencia\/fisioterapia-domicilio-provincia-valencia\/","title":{"rendered":"Fisioterapia a domicilio en Valencia"},"content":{"rendered":"<p><div class=\"fusion-fullwidth fullwidth-box fusion-builder-row-1 fusion-flex-container nonhundred-percent-fullwidth non-hundred-percent-height-scrolling\" style=\"--awb-border-radius-top-left:0px;--awb-border-radius-top-right:0px;--awb-border-radius-bottom-right:0px;--awb-border-radius-bottom-left:0px;--awb-flex-wrap:wrap;\" ><div class=\"fusion-builder-row fusion-row fusion-flex-align-items-flex-start fusion-flex-content-wrap\" style=\"max-width:1248px;margin-left: calc(-4% \/ 2 );margin-right: calc(-4% \/ 2 );\"><div class=\"fusion-layout-column fusion_builder_column fusion-builder-column-0 fusion_builder_column_1_1 1_1 fusion-flex-column\" style=\"--awb-bg-size:cover;--awb-width-large:100%;--awb-margin-top-large:0px;--awb-spacing-right-large:1.92%;--awb-margin-bottom-large:0px;--awb-spacing-left-large:1.92%;--awb-width-medium:100%;--awb-spacing-right-medium:1.92%;--awb-spacing-left-medium:1.92%;--awb-width-small:100%;--awb-spacing-right-small:1.92%;--awb-spacing-left-small:1.92%;\"><div class=\"fusion-column-wrapper fusion-flex-justify-content-flex-start fusion-content-layout-column\"><div class=\"fusion-text fusion-text-1\"><p>Fisiohogar es una de las grandes referencias espa\u00f1olas en las <strong>fisioterapia a domicilio<\/strong>, ahora tambi\u00e9n estamos en <strong>Valencia<\/strong>.<\/p>\n<p>Nuestro servicio se centra en ofrecerle a nuestros pacientes sesiones de fisioterapia en su domicilio con <strong>el mismo nivel de exigencia que encontrar\u00eda en una cl\u00ednica<\/strong>. No es s\u00f3lo cuesti\u00f3n de cambiar el lugar de esas sesiones sino que la fisioterapia a domicilio es en si misma interesante porque evita que el paciente tenga que afrontar desplazamientos que en bastantes ocasiones no s\u00f3lo son molestos, sino que pueden conducir a que empeore su lesi\u00f3n.<\/p>\n<p>Hay casos, como en los pacientes de la tercera edad, en los que la fisioterapia a domicilio demuestra su enorme valor y casi se puede considerar necesaria.<\/p>\n<p>Si quiere conocer nuestro servicio de fisioterapia a domicilio, p\u00f3ngase en contacto con nosotros y resolveremos cualquier duda que tenga.<\/p>\n<p>Intentaremos que su primera sesi\u00f3n, en la cual le podemos descontar 5 euros como oferta de bienvenida, sea el d\u00eda, y a la hora, que usted decida.<\/p>\n<h2>Nos desplazamos a su dominio de Valencia<\/h2>\n<p>Es as\u00ed de c\u00f3modo para usted. <strong>Nos espera en su domicilio y somos nosotros quienes nos desplazamos<\/strong>.<\/p>\n<p>Tanto si vive en el centro de Valencia como un barrio m\u00e1s apartado, no se preocupe, porque a la hora acordada se presentar\u00e1 en su domicilio nuestro fisioterapeuta.<\/p>\n<p>El precio de nuestro servicio de fisioterapia a domicilio no depende de las distancias que tengamos que recorrer. En todos los casos, y para todos nuestros clientes, tenemos las mismas tarifas. Aunque si quiere que sus sesiones de fisioterapia sean m\u00e1s econ\u00f3micas puede comprar alguno de nuestros bonos.<\/p>\n<h2>Experiencia y profesionalidad<\/h2>\n<p>Fisiohogar cuida al m\u00e1ximo que los fisioterapeutas que trabajan bajo esta marca cuenten con los <strong>conocimientos necesarios para desarrollar su trabajo con todas las garant\u00edas<\/strong>. Por esa raz\u00f3n siempre que reciba a uno de nuestros fisioterapeutas en su vivienda sabr\u00e1 por adelantado que se encuentra colegiado.<\/p>\n<p>El \u00e9xito de Fisiohogar se basa, precisamente, en la calidad del servicio ofrecido que es reconocido por nuestros pacientes. Por ese motivo, estamos expandi\u00e9ndonos por todo el territorio nacional.<\/p>\n<h2>\u00bfQu\u00e9 tiene que hacer para solicitar nuestro servicio?<\/h2>\n<p>Lo primero que deber\u00eda de hacer es ponerse en contacto con nosotros. Puede hacerlo utilizando nuestro <a href=\"http:\/\/www.fisiohogar.com\/valencia\/contacta-ahora\/\">formulario de contacto<\/a> o, si lo prefiere, nos puede llamar por tel\u00e9fono (en la cabecera de esta p\u00e1gina aparecen nuestros tel\u00e9fonos)<\/p>\n<p>Si tiene cualquier duda o quiere mencionarnos algo en concreto de su situaci\u00f3n, ese momento inicial es el ideal para hacerlo. Uno de nuestros fisioterapeutas acordar\u00e1 con usted cu\u00e1ndo podr\u00e1 visitarle para su primera sesi\u00f3n de fisioterapia.<\/p>\n<p>En el caso de las personas de la tercera edad, o de quienes padecen alg\u00fan tipo de enfermedad neurol\u00f3gica (Parkinson, Alzheimer&#8230;), realizamos una evaluci\u00f3n de su estado en esa primera visita, para recomendarle el mejor tratamiento a seguir.<\/p>\n<\/div><\/div><\/div><\/div><\/div><div class=\"fusion-fullwidth fullwidth-box fusion-builder-row-2 fusion-flex-container has-pattern-background has-mask-background nonhundred-percent-fullwidth non-hundred-percent-height-scrolling\" style=\"--awb-border-radius-top-left:0px;--awb-border-radius-top-right:0px;--awb-border-radius-bottom-right:0px;--awb-border-radius-bottom-left:0px;--awb-padding-top:15px;--awb-padding-right:15px;--awb-padding-bottom:15px;--awb-padding-left:15px;--awb-background-color:rgba(97,158,0,0.03);--awb-flex-wrap:wrap;\" ><div class=\"fusion-builder-row fusion-row fusion-flex-align-items-flex-start fusion-flex-content-wrap\" style=\"max-width:1248px;margin-left: calc(-4% \/ 2 );margin-right: calc(-4% \/ 2 );\"><div class=\"fusion-layout-column fusion_builder_column fusion-builder-column-1 fusion_builder_column_1_3 1_3 fusion-flex-column\" style=\"--awb-bg-size:cover;--awb-width-large:33.333333333333%;--awb-margin-top-large:0px;--awb-spacing-right-large:5.76%;--awb-margin-bottom-large:20px;--awb-spacing-left-large:5.76%;--awb-width-medium:33.333333333333%;--awb-order-medium:0;--awb-spacing-right-medium:5.76%;--awb-spacing-left-medium:5.76%;--awb-width-small:100%;--awb-order-small:0;--awb-spacing-right-small:1.92%;--awb-spacing-left-small:1.92%;\"><div class=\"fusion-column-wrapper fusion-column-has-shadow fusion-flex-justify-content-flex-start fusion-content-layout-column\"><div class=\"fusion-text fusion-text-2\"><p>Alacuas<br \/>\nAlbal<br \/>\nAlbarat dels Sorells<br \/>\nAlboraia<br \/>\nAldaya<br \/>\nAlfafar<br \/>\nAlgemes\u00ed<br \/>\nAlzira<br \/>\nBenimamet<br \/>\nBetera<br \/>\nBurjasot<br \/>\nCatarroja<br \/>\nCheste<\/p>\n<\/div><\/div><\/div><div class=\"fusion-layout-column fusion_builder_column fusion-builder-column-2 fusion_builder_column_1_3 1_3 fusion-flex-column\" style=\"--awb-bg-size:cover;--awb-width-large:33.333333333333%;--awb-margin-top-large:0px;--awb-spacing-right-large:5.76%;--awb-margin-bottom-large:20px;--awb-spacing-left-large:5.76%;--awb-width-medium:33.333333333333%;--awb-order-medium:0;--awb-spacing-right-medium:5.76%;--awb-spacing-left-medium:5.76%;--awb-width-small:100%;--awb-order-small:0;--awb-spacing-right-small:1.92%;--awb-spacing-left-small:1.92%;\"><div class=\"fusion-column-wrapper fusion-column-has-shadow fusion-flex-justify-content-flex-start fusion-content-layout-column\"><div class=\"fusion-text fusion-text-3\"><p>Chirivella<br \/>\nChiva<br \/>\nFoios<br \/>\nGodella<br \/>\nJ\u00e1tiva<br \/>\nLa Eliana<br \/>\nManises<br \/>\nMasarrojos<br \/>\nMeliana<br \/>\nMislata<br \/>\nMoncada<br \/>\nMontroy<br \/>\nMontserrat<\/p>\n<\/div><\/div><\/div><div class=\"fusion-layout-column fusion_builder_column fusion-builder-column-3 fusion_builder_column_1_3 1_3 fusion-flex-column\" style=\"--awb-bg-size:cover;--awb-width-large:33.333333333333%;--awb-margin-top-large:0px;--awb-spacing-right-large:5.76%;--awb-margin-bottom-large:20px;--awb-spacing-left-large:5.76%;--awb-width-medium:33.333333333333%;--awb-order-medium:0;--awb-spacing-right-medium:5.76%;--awb-spacing-left-medium:5.76%;--awb-width-small:100%;--awb-order-small:0;--awb-spacing-right-small:1.92%;--awb-spacing-left-small:1.92%;\"><div class=\"fusion-column-wrapper fusion-column-has-shadow fusion-flex-justify-content-flex-start fusion-content-layout-column\"><div class=\"fusion-text fusion-text-4\"><p>Paiporta<br \/>\nPaterna<br \/>\nPicanya<br \/>\nPicassent<br \/>\nQuart de Poblet<br \/>\nRocafort<br \/>\nSagunto<br \/>\nSedavi<br \/>\nSueca<br \/>\nTabernes Blanques<br \/>\nTorrente<br \/>\nValencia capital<\/p>\n<\/div><\/div><\/div><\/div><\/div>\n<\/p>\n","protected":false},"excerpt":{"rendered":"","protected":false},"author":1,"featured_media":0,"parent":0,"menu_order":0,"comment_status":"closed","ping_status":"closed","template":"","meta":{"_joinchat":[],"footnotes":""},"class_list":["post-24","page","type-page","status-publish","hentry"],"yoast_head":"<!-- This site is optimized with the Yoast SEO plugin v27.5 - https:\/\/yoast.com\/product\/yoast-seo-wordpress\/ -->\n<title>Fisioterapia a domicilio en Valencia - Valencia<\/title>\n<meta name=\"robots\" content=\"index, follow, max-snippet:-1, max-image-preview:large, max-video-preview:-1\" \/>\n<link rel=\"canonical\" href=\"https:\/\/www.fisiohogar.com\/valencia\/fisioterapia-domicilio-provincia-valencia\/\" \/>\n<meta property=\"og:locale\" content=\"es_ES\" \/>\n<meta property=\"og:type\" content=\"article\" \/>\n<meta property=\"og:title\" content=\"Fisioterapia a domicilio en Valencia - Valencia\" \/>\n<meta property=\"og:url\" content=\"https:\/\/www.fisiohogar.com\/valencia\/fisioterapia-domicilio-provincia-valencia\/\" \/>\n<meta property=\"og:site_name\" content=\"Valencia\" \/>\n<meta property=\"article:modified_time\" content=\"2023-03-28T14:43:15+00:00\" \/>\n<meta name=\"twitter:card\" content=\"summary_large_image\" \/>\n<meta name=\"twitter:label1\" content=\"Tiempo de lectura\" \/>\n\t<meta name=\"twitter:data1\" content=\"3 minutos\" \/>\n<script type=\"application\/ld+json\" class=\"yoast-schema-graph\">{\"@context\":\"https:\\\/\\\/schema.org\",\"@graph\":[{\"@type\":\"WebPage\",\"@id\":\"https:\\\/\\\/www.fisiohogar.com\\\/valencia\\\/fisioterapia-domicilio-provincia-valencia\\\/\",\"url\":\"https:\\\/\\\/www.fisiohogar.com\\\/valencia\\\/fisioterapia-domicilio-provincia-valencia\\\/\",\"name\":\"Fisioterapia a domicilio en Valencia - Valencia\",\"isPartOf\":{\"@id\":\"https:\\\/\\\/www.fisiohogar.com\\\/valencia\\\/#website\"},\"datePublished\":\"2016-03-09T10:55:25+00:00\",\"dateModified\":\"2023-03-28T14:43:15+00:00\",\"breadcrumb\":{\"@id\":\"https:\\\/\\\/www.fisiohogar.com\\\/valencia\\\/fisioterapia-domicilio-provincia-valencia\\\/#breadcrumb\"},\"inLanguage\":\"es\",\"potentialAction\":[{\"@type\":\"ReadAction\",\"target\":[\"https:\\\/\\\/www.fisiohogar.com\\\/valencia\\\/fisioterapia-domicilio-provincia-valencia\\\/\"]}]},{\"@type\":\"BreadcrumbList\",\"@id\":\"https:\\\/\\\/www.fisiohogar.com\\\/valencia\\\/fisioterapia-domicilio-provincia-valencia\\\/#breadcrumb\",\"itemListElement\":[{\"@type\":\"ListItem\",\"position\":1,\"name\":\"Portada\",\"item\":\"https:\\\/\\\/www.fisiohogar.com\\\/valencia\\\/\"},{\"@type\":\"ListItem\",\"position\":2,\"name\":\"Fisioterapia a domicilio en Valencia\"}]},{\"@type\":\"WebSite\",\"@id\":\"https:\\\/\\\/www.fisiohogar.com\\\/valencia\\\/#website\",\"url\":\"https:\\\/\\\/www.fisiohogar.com\\\/valencia\\\/\",\"name\":\"Valencia\",\"description\":\"Fisioterapia a domicilio en Valencia\",\"potentialAction\":[{\"@type\":\"SearchAction\",\"target\":{\"@type\":\"EntryPoint\",\"urlTemplate\":\"https:\\\/\\\/www.fisiohogar.com\\\/valencia\\\/?s={search_term_string}\"},\"query-input\":{\"@type\":\"PropertyValueSpecification\",\"valueRequired\":true,\"valueName\":\"search_term_string\"}}],\"inLanguage\":\"es\"}]}<\/script>\n<!-- \/ Yoast SEO plugin. -->","yoast_head_json":{"title":"Fisioterapia a domicilio en Valencia - Valencia","robots":{"index":"index","follow":"follow","max-snippet":"max-snippet:-1","max-image-preview":"max-image-preview:large","max-video-preview":"max-video-preview:-1"},"canonical":"https:\/\/www.fisiohogar.com\/valencia\/fisioterapia-domicilio-provincia-valencia\/","og_locale":"es_ES","og_type":"article","og_title":"Fisioterapia a domicilio en Valencia - Valencia","og_url":"https:\/\/www.fisiohogar.com\/valencia\/fisioterapia-domicilio-provincia-valencia\/","og_site_name":"Valencia","article_modified_time":"2023-03-28T14:43:15+00:00","twitter_card":"summary_large_image","twitter_misc":{"Tiempo de lectura":"3 minutos"},"schema":{"@context":"https:\/\/schema.org","@graph":[{"@type":"WebPage","@id":"https:\/\/www.fisiohogar.com\/valencia\/fisioterapia-domicilio-provincia-valencia\/","url":"https:\/\/www.fisiohogar.com\/valencia\/fisioterapia-domicilio-provincia-valencia\/","name":"Fisioterapia a domicilio en Valencia - Valencia","isPartOf":{"@id":"https:\/\/www.fisiohogar.com\/valencia\/#website"},"datePublished":"2016-03-09T10:55:25+00:00","dateModified":"2023-03-28T14:43:15+00:00","breadcrumb":{"@id":"https:\/\/www.fisiohogar.com\/valencia\/fisioterapia-domicilio-provincia-valencia\/#breadcrumb"},"inLanguage":"es","potentialAction":[{"@type":"ReadAction","target":["https:\/\/www.fisiohogar.com\/valencia\/fisioterapia-domicilio-provincia-valencia\/"]}]},{"@type":"BreadcrumbList","@id":"https:\/\/www.fisiohogar.com\/valencia\/fisioterapia-domicilio-provincia-valencia\/#breadcrumb","itemListElement":[{"@type":"ListItem","position":1,"name":"Portada","item":"https:\/\/www.fisiohogar.com\/valencia\/"},{"@type":"ListItem","position":2,"name":"Fisioterapia a domicilio en Valencia"}]},{"@type":"WebSite","@id":"https:\/\/www.fisiohogar.com\/valencia\/#website","url":"https:\/\/www.fisiohogar.com\/valencia\/","name":"Valencia","description":"Fisioterapia a domicilio en Valencia","potentialAction":[{"@type":"SearchAction","target":{"@type":"EntryPoint","urlTemplate":"https:\/\/www.fisiohogar.com\/valencia\/?s={search_term_string}"},"query-input":{"@type":"PropertyValueSpecification","valueRequired":true,"valueName":"search_term_string"}}],"inLanguage":"es"}]}},"_links":{"self":[{"href":"https:\/\/www.fisiohogar.com\/valencia\/wp-json\/wp\/v2\/pages\/24","targetHints":{"allow":["GET"]}}],"collection":[{"href":"https:\/\/www.fisiohogar.com\/valencia\/wp-json\/wp\/v2\/pages"}],"about":[{"href":"https:\/\/www.fisiohogar.com\/valencia\/wp-json\/wp\/v2\/types\/page"}],"author":[{"embeddable":true,"href":"https:\/\/www.fisiohogar.com\/valencia\/wp-json\/wp\/v2\/users\/1"}],"replies":[{"embeddable":true,"href":"https:\/\/www.fisiohogar.com\/valencia\/wp-json\/wp\/v2\/comments?post=24"}],"version-history":[{"count":11,"href":"https:\/\/www.fisiohogar.com\/valencia\/wp-json\/wp\/v2\/pages\/24\/revisions"}],"predecessor-version":[{"id":5096,"href":"https:\/\/www.fisiohogar.com\/valencia\/wp-json\/wp\/v2\/pages\/24\/revisions\/5096"}],"wp:attachment":[{"href":"https:\/\/www.fisiohogar.com\/valencia\/wp-json\/wp\/v2\/media?parent=24"}],"curies":[{"name":"wp","href":"https:\/\/api.w.org\/{rel}","templated":true}]}}