{"id":41,"date":"2016-03-09T11:00:16","date_gmt":"2016-03-09T11:00:16","guid":{"rendered":"http:\/\/www.fisiohogar.com\/sansebastiandelosreyes\/?page_id=41"},"modified":"2022-11-13T22:45:47","modified_gmt":"2022-11-13T22:45:47","slug":"fisioterapia-enfermedades-musculares-articulares","status":"publish","type":"page","link":"https:\/\/www.fisiohogar.com\/sevilla\/fisioterapia-enfermedades-musculares-articulares\/","title":{"rendered":"Fisioterapia en enfermedades musculares y articulares"},"content":{"rendered":"<p style=\"text-align: justify;\">En Fisiohogar estamos acostumbrados a trabajar a diario con pacientes que presentan diferentes tipos de <strong>problemas musculares o articulares<\/strong>, que adem\u00e1s demuestran la importancia que tiene el <strong>servicio de fisioterapia con atenci\u00f3n a domicilio<\/strong>, pues este tipo de padecimientos sit\u00faan a quienes los sufren en un estado poco compatible con desplazamientos o largas esperas.<\/p>\n<p style=\"text-align: justify;\">El objetivo de nuestros fisioterapeutas es ofrecerle un servicio que conjugue la <strong>profesionalidad y eficacia con la comodidad de recibirnos en su propio hogar<\/strong>. De esta manera tambi\u00e9n contribuimos a evitarle m\u00e1s molestias de las deseables con su desplazamiento a una cl\u00ednica.<\/p>\n<p style=\"text-align: justify;\"><img decoding=\"async\" class=\"lazyload aligncenter size-full wp-image-529\" src=\"http:\/\/www.fisiohogar.com\/sevilla\/wp-content\/uploads\/sites\/33\/2016\/03\/fisioterapia-articulaciones.jpg\" data-orig-src=\"http:\/\/www.fisiohogar.com\/sevilla\/wp-content\/uploads\/sites\/33\/2016\/03\/fisioterapia-articulaciones.jpg\" alt=\"\" width=\"900\" height=\"467\" srcset=\"data:image\/svg+xml,%3Csvg%20xmlns%3D%27http%3A%2F%2Fwww.w3.org%2F2000%2Fsvg%27%20width%3D%27900%27%20height%3D%27467%27%20viewBox%3D%270%200%20900%20467%27%3E%3Crect%20width%3D%27900%27%20height%3D%27467%27%20fill-opacity%3D%220%22%2F%3E%3C%2Fsvg%3E\" data-srcset=\"https:\/\/www.fisiohogar.com\/sevilla\/wp-content\/uploads\/sites\/33\/2016\/03\/fisioterapia-articulaciones-300x156.jpg 300w, https:\/\/www.fisiohogar.com\/sevilla\/wp-content\/uploads\/sites\/33\/2016\/03\/fisioterapia-articulaciones-768x399.jpg 768w, https:\/\/www.fisiohogar.com\/sevilla\/wp-content\/uploads\/sites\/33\/2016\/03\/fisioterapia-articulaciones.jpg 900w\" data-sizes=\"auto\" data-orig-sizes=\"(max-width: 900px) 100vw, 900px\" \/><\/p>\n<p style=\"text-align: justify;\">El <strong>tipo de patolog\u00edas que m\u00e1s frecuentemente<\/strong> nos encontramos en nuestros pacientes de Sevilla son:<\/p>\n<ul>\n<li>Problemas derivados de artrosis o artritis, sobre todo en <a href=\"http:\/\/www.fisiohogar.com\/sevilla\/fisioterapia-la-tercera-edad\/\">personas de la tercera edad<\/a><\/li>\n<li>Contracturas<\/li>\n<li>Lumbalgias<\/li>\n<li>Tendinitis<\/li>\n<li>Recuperaciones tras el implante de pr\u00f3tesis, o relacionadas con otro tipo de intervenciones.<\/li>\n<\/ul>\n<p style=\"text-align: justify;\">Nuestro planteamiento al abordar estos problemas es encontrar siempre el mejor tratamiento para que se produzca la m\u00e1s r\u00e1pida curaci\u00f3n. Sin embargo, esto no siempre es posible y en ocasiones el paciente tiene que saber convivir con su enfermedad. En esos casos, relacionados con padecimientos cr\u00f3nicos,\u00a0planteamos la creaci\u00f3n de nuevos h\u00e1bitos, mientras se produce la recuperaci\u00f3n en busca de lograr la m\u00e1xima autonom\u00eda.<\/p>\n<p style=\"text-align: justify;\">En nuestros programas de rehabilitaci\u00f3n <strong>seguimos la evoluci\u00f3n de nuestros pacientes<\/strong> a quienes no s\u00f3lo les ofrecemos los beneficios de las sesiones de fisioterapia sino que tambi\u00e9n integramos en nuestro servicio <strong>consejos y propuestas para que mejore su calidad de vida<\/strong>. Esto resulta de gran importancia en todos esos casos, sobre todo en personas de avanzada edad, en los que se tiene que producir una adaptaci\u00f3n a la enfermedad.<\/p>\n<p style=\"text-align: justify;\">Como fisioterapeutas de cabecera les explicamos a nuestros pacientes c\u00f3mo tienen que seguir realizando ejercicios al margen de nuestras sesiones de fisioterapia. <strong>Intentamos conseguir la m\u00e1xima colaboraci\u00f3n y buscamos tambi\u00e9n que la actitud sea la m\u00e1s positiva posible<\/strong>, pues de esta manera se puede mantener la motivaci\u00f3n suficiente para ir avanzando en la mejor\u00eda. En caso contrario, cuando una persona que tiene que afrontar una larga recuperaci\u00f3n se siente sola, no puede recurrir a nadie para preguntarle sobre sus dolencias, y no tiene los conocimientos necesarios para evitar situaciones de riesgo, lo que podemos encontrar es que la recuperaci\u00f3n se retrase y adem\u00e1s se pueden llegar a producir nuevas lesiones.<\/p>\n<p style=\"text-align: justify;\">Si desea que le expliquemos con m\u00e1s detalle de qu\u00e9 manera podemos ayudarle, o quiere concretar con nosotros las fechas y horas para empezar a recibir las sesiones de fisioterapia, puede llamarnos por tel\u00e9fono o puede <a href=\"http:\/\/www.fisiohogar.com\/sevilla\/contacta-ahora\/\">enviarnos un formulario<\/a> con sus datos.<\/p>\n<p style=\"text-align: justify;\">Le aconsejamos nuestros <a href=\"http:\/\/www.fisiohogar.com\/sevilla\/tarifas-de-fisioterapia\/\">bonos con descuento<\/a> porque de esa manera se podr\u00e1 beneficiar del precio m\u00e1s econ\u00f3mico desde la primera sesi\u00f3n de fisioterapia.<\/p>\n","protected":false},"excerpt":{"rendered":"<p>En Fisiohogar estamos acostumbrados a trabajar a diario con pacientes que presentan diferentes tipos de problemas musculares o articulares, que adem\u00e1s demuestran la importancia que tiene el servicio de fisioterapia con atenci\u00f3n a domicilio,  [&#8230;]<\/p>\n","protected":false},"author":1,"featured_media":0,"parent":0,"menu_order":0,"comment_status":"closed","ping_status":"closed","template":"","meta":{"_joinchat":[],"footnotes":""},"class_list":["post-41","page","type-page","status-publish","hentry"],"yoast_head":"<!-- This site is optimized with the Yoast SEO plugin v27.5 - https:\/\/yoast.com\/product\/yoast-seo-wordpress\/ -->\n<title>Fisioterapia en enfermedades musculares y articulares - Fisioterapia a domicilio Sevilla<\/title>\n<meta name=\"robots\" content=\"index, follow, max-snippet:-1, max-image-preview:large, max-video-preview:-1\" \/>\n<link rel=\"canonical\" href=\"https:\/\/www.fisiohogar.com\/sevilla\/fisioterapia-enfermedades-musculares-articulares\/\" \/>\n<meta property=\"og:locale\" content=\"es_ES\" \/>\n<meta property=\"og:type\" content=\"article\" \/>\n<meta property=\"og:title\" content=\"Fisioterapia en enfermedades musculares y articulares - Fisioterapia a domicilio Sevilla\" \/>\n<meta property=\"og:description\" content=\"En Fisiohogar estamos acostumbrados a trabajar a diario con pacientes que presentan diferentes tipos de problemas musculares o articulares, que adem\u00e1s demuestran la importancia que tiene el servicio de fisioterapia con atenci\u00f3n a domicilio, [...]\" \/>\n<meta property=\"og:url\" content=\"https:\/\/www.fisiohogar.com\/sevilla\/fisioterapia-enfermedades-musculares-articulares\/\" \/>\n<meta property=\"og:site_name\" content=\"Fisioterapia a domicilio Sevilla\" \/>\n<meta property=\"article:modified_time\" content=\"2022-11-13T22:45:47+00:00\" \/>\n<meta property=\"og:image\" content=\"http:\/\/www.fisiohogar.com\/sevilla\/wp-content\/uploads\/sites\/33\/2016\/03\/fisioterapia-articulaciones.jpg\" \/>\n<meta name=\"twitter:card\" content=\"summary_large_image\" \/>\n<meta name=\"twitter:label1\" content=\"Tiempo de lectura\" \/>\n\t<meta name=\"twitter:data1\" content=\"3 minutos\" \/>\n<script type=\"application\/ld+json\" class=\"yoast-schema-graph\">{\"@context\":\"https:\\\/\\\/schema.org\",\"@graph\":[{\"@type\":\"WebPage\",\"@id\":\"https:\\\/\\\/www.fisiohogar.com\\\/sevilla\\\/fisioterapia-enfermedades-musculares-articulares\\\/\",\"url\":\"https:\\\/\\\/www.fisiohogar.com\\\/sevilla\\\/fisioterapia-enfermedades-musculares-articulares\\\/\",\"name\":\"Fisioterapia en enfermedades musculares y articulares - Fisioterapia a domicilio Sevilla\",\"isPartOf\":{\"@id\":\"https:\\\/\\\/www.fisiohogar.com\\\/sevilla\\\/#website\"},\"primaryImageOfPage\":{\"@id\":\"https:\\\/\\\/www.fisiohogar.com\\\/sevilla\\\/fisioterapia-enfermedades-musculares-articulares\\\/#primaryimage\"},\"image\":{\"@id\":\"https:\\\/\\\/www.fisiohogar.com\\\/sevilla\\\/fisioterapia-enfermedades-musculares-articulares\\\/#primaryimage\"},\"thumbnailUrl\":\"http:\\\/\\\/www.fisiohogar.com\\\/sevilla\\\/wp-content\\\/uploads\\\/sites\\\/33\\\/2016\\\/03\\\/fisioterapia-articulaciones.jpg\",\"datePublished\":\"2016-03-09T11:00:16+00:00\",\"dateModified\":\"2022-11-13T22:45:47+00:00\",\"breadcrumb\":{\"@id\":\"https:\\\/\\\/www.fisiohogar.com\\\/sevilla\\\/fisioterapia-enfermedades-musculares-articulares\\\/#breadcrumb\"},\"inLanguage\":\"es\",\"potentialAction\":[{\"@type\":\"ReadAction\",\"target\":[\"https:\\\/\\\/www.fisiohogar.com\\\/sevilla\\\/fisioterapia-enfermedades-musculares-articulares\\\/\"]}]},{\"@type\":\"ImageObject\",\"inLanguage\":\"es\",\"@id\":\"https:\\\/\\\/www.fisiohogar.com\\\/sevilla\\\/fisioterapia-enfermedades-musculares-articulares\\\/#primaryimage\",\"url\":\"https:\\\/\\\/www.fisiohogar.com\\\/sevilla\\\/wp-content\\\/uploads\\\/sites\\\/33\\\/2016\\\/03\\\/fisioterapia-articulaciones.jpg\",\"contentUrl\":\"https:\\\/\\\/www.fisiohogar.com\\\/sevilla\\\/wp-content\\\/uploads\\\/sites\\\/33\\\/2016\\\/03\\\/fisioterapia-articulaciones.jpg\",\"width\":900,\"height\":467},{\"@type\":\"BreadcrumbList\",\"@id\":\"https:\\\/\\\/www.fisiohogar.com\\\/sevilla\\\/fisioterapia-enfermedades-musculares-articulares\\\/#breadcrumb\",\"itemListElement\":[{\"@type\":\"ListItem\",\"position\":1,\"name\":\"Portada\",\"item\":\"https:\\\/\\\/www.fisiohogar.com\\\/sevilla\\\/\"},{\"@type\":\"ListItem\",\"position\":2,\"name\":\"Fisioterapia en enfermedades musculares y articulares\"}]},{\"@type\":\"WebSite\",\"@id\":\"https:\\\/\\\/www.fisiohogar.com\\\/sevilla\\\/#website\",\"url\":\"https:\\\/\\\/www.fisiohogar.com\\\/sevilla\\\/\",\"name\":\"Fisioterapia a domicilio Sevilla\",\"description\":\"Fisioterapia a domicilio en Sevilla\",\"potentialAction\":[{\"@type\":\"SearchAction\",\"target\":{\"@type\":\"EntryPoint\",\"urlTemplate\":\"https:\\\/\\\/www.fisiohogar.com\\\/sevilla\\\/?s={search_term_string}\"},\"query-input\":{\"@type\":\"PropertyValueSpecification\",\"valueRequired\":true,\"valueName\":\"search_term_string\"}}],\"inLanguage\":\"es\"}]}<\/script>\n<!-- \/ Yoast SEO plugin. -->","yoast_head_json":{"title":"Fisioterapia en enfermedades musculares y articulares - Fisioterapia a domicilio Sevilla","robots":{"index":"index","follow":"follow","max-snippet":"max-snippet:-1","max-image-preview":"max-image-preview:large","max-video-preview":"max-video-preview:-1"},"canonical":"https:\/\/www.fisiohogar.com\/sevilla\/fisioterapia-enfermedades-musculares-articulares\/","og_locale":"es_ES","og_type":"article","og_title":"Fisioterapia en enfermedades musculares y articulares - Fisioterapia a domicilio Sevilla","og_description":"En Fisiohogar estamos acostumbrados a trabajar a diario con pacientes que presentan diferentes tipos de problemas musculares o articulares, que adem\u00e1s demuestran la importancia que tiene el servicio de fisioterapia con atenci\u00f3n a domicilio, [...]","og_url":"https:\/\/www.fisiohogar.com\/sevilla\/fisioterapia-enfermedades-musculares-articulares\/","og_site_name":"Fisioterapia a domicilio Sevilla","article_modified_time":"2022-11-13T22:45:47+00:00","og_image":[{"url":"http:\/\/www.fisiohogar.com\/sevilla\/wp-content\/uploads\/sites\/33\/2016\/03\/fisioterapia-articulaciones.jpg","type":"","width":"","height":""}],"twitter_card":"summary_large_image","twitter_misc":{"Tiempo de lectura":"3 minutos"},"schema":{"@context":"https:\/\/schema.org","@graph":[{"@type":"WebPage","@id":"https:\/\/www.fisiohogar.com\/sevilla\/fisioterapia-enfermedades-musculares-articulares\/","url":"https:\/\/www.fisiohogar.com\/sevilla\/fisioterapia-enfermedades-musculares-articulares\/","name":"Fisioterapia en enfermedades musculares y articulares - Fisioterapia a domicilio Sevilla","isPartOf":{"@id":"https:\/\/www.fisiohogar.com\/sevilla\/#website"},"primaryImageOfPage":{"@id":"https:\/\/www.fisiohogar.com\/sevilla\/fisioterapia-enfermedades-musculares-articulares\/#primaryimage"},"image":{"@id":"https:\/\/www.fisiohogar.com\/sevilla\/fisioterapia-enfermedades-musculares-articulares\/#primaryimage"},"thumbnailUrl":"http:\/\/www.fisiohogar.com\/sevilla\/wp-content\/uploads\/sites\/33\/2016\/03\/fisioterapia-articulaciones.jpg","datePublished":"2016-03-09T11:00:16+00:00","dateModified":"2022-11-13T22:45:47+00:00","breadcrumb":{"@id":"https:\/\/www.fisiohogar.com\/sevilla\/fisioterapia-enfermedades-musculares-articulares\/#breadcrumb"},"inLanguage":"es","potentialAction":[{"@type":"ReadAction","target":["https:\/\/www.fisiohogar.com\/sevilla\/fisioterapia-enfermedades-musculares-articulares\/"]}]},{"@type":"ImageObject","inLanguage":"es","@id":"https:\/\/www.fisiohogar.com\/sevilla\/fisioterapia-enfermedades-musculares-articulares\/#primaryimage","url":"https:\/\/www.fisiohogar.com\/sevilla\/wp-content\/uploads\/sites\/33\/2016\/03\/fisioterapia-articulaciones.jpg","contentUrl":"https:\/\/www.fisiohogar.com\/sevilla\/wp-content\/uploads\/sites\/33\/2016\/03\/fisioterapia-articulaciones.jpg","width":900,"height":467},{"@type":"BreadcrumbList","@id":"https:\/\/www.fisiohogar.com\/sevilla\/fisioterapia-enfermedades-musculares-articulares\/#breadcrumb","itemListElement":[{"@type":"ListItem","position":1,"name":"Portada","item":"https:\/\/www.fisiohogar.com\/sevilla\/"},{"@type":"ListItem","position":2,"name":"Fisioterapia en enfermedades musculares y articulares"}]},{"@type":"WebSite","@id":"https:\/\/www.fisiohogar.com\/sevilla\/#website","url":"https:\/\/www.fisiohogar.com\/sevilla\/","name":"Fisioterapia a domicilio Sevilla","description":"Fisioterapia a domicilio en Sevilla","potentialAction":[{"@type":"SearchAction","target":{"@type":"EntryPoint","urlTemplate":"https:\/\/www.fisiohogar.com\/sevilla\/?s={search_term_string}"},"query-input":{"@type":"PropertyValueSpecification","valueRequired":true,"valueName":"search_term_string"}}],"inLanguage":"es"}]}},"_links":{"self":[{"href":"https:\/\/www.fisiohogar.com\/sevilla\/wp-json\/wp\/v2\/pages\/41","targetHints":{"allow":["GET"]}}],"collection":[{"href":"https:\/\/www.fisiohogar.com\/sevilla\/wp-json\/wp\/v2\/pages"}],"about":[{"href":"https:\/\/www.fisiohogar.com\/sevilla\/wp-json\/wp\/v2\/types\/page"}],"author":[{"embeddable":true,"href":"https:\/\/www.fisiohogar.com\/sevilla\/wp-json\/wp\/v2\/users\/1"}],"replies":[{"embeddable":true,"href":"https:\/\/www.fisiohogar.com\/sevilla\/wp-json\/wp\/v2\/comments?post=41"}],"version-history":[{"count":1,"href":"https:\/\/www.fisiohogar.com\/sevilla\/wp-json\/wp\/v2\/pages\/41\/revisions"}],"predecessor-version":[{"id":5018,"href":"https:\/\/www.fisiohogar.com\/sevilla\/wp-json\/wp\/v2\/pages\/41\/revisions\/5018"}],"wp:attachment":[{"href":"https:\/\/www.fisiohogar.com\/sevilla\/wp-json\/wp\/v2\/media?parent=41"}],"curies":[{"name":"wp","href":"https:\/\/api.w.org\/{rel}","templated":true}]}}