{"id":39,"date":"2016-03-09T10:59:41","date_gmt":"2016-03-09T10:59:41","guid":{"rendered":"http:\/\/www.fisiohogar.com\/sansebastiandelosreyes\/?page_id=39"},"modified":"2016-12-19T17:12:17","modified_gmt":"2016-12-19T17:12:17","slug":"fisioterapeutas-colegiados","status":"publish","type":"page","link":"https:\/\/www.fisiohogar.com\/sevilla\/fisioterapeutas-colegiados\/","title":{"rendered":"Fisioterapeutas colegiados"},"content":{"rendered":"<p style=\"text-align: justify;\">Ofrecer siempre las mayores garant\u00edas en el servicio de fisioterapia es el objetivo de Fisiohogar, por ese motivo todos los fisioterapeutas que encontrar\u00e1 en esta empresa\u00a0son <strong>profesionales colegiados<\/strong>.<\/p>\n<p style=\"text-align: justify;\">Queremos que todos nuestros pacientes reciban siempre la atenci\u00f3n que esperan de unos profesionales que tienen <strong>los conocimientos y la experiencia<\/strong> que les van a permitir que los tratamientos de fisioterapia est\u00e9n planteados siempre para <strong>obtener los mejores resultados<\/strong>.<\/p>\n<p style=\"text-align: justify;\"><img decoding=\"async\" class=\"lazyload aligncenter size-full wp-image-515\" src=\"http:\/\/www.fisiohogar.com\/sevilla\/wp-content\/uploads\/sites\/33\/2016\/03\/fisio-colegiado.jpg\" data-orig-src=\"http:\/\/www.fisiohogar.com\/sevilla\/wp-content\/uploads\/sites\/33\/2016\/03\/fisio-colegiado.jpg\" alt=\"\" width=\"900\" height=\"446\" srcset=\"data:image\/svg+xml,%3Csvg%20xmlns%3D%27http%3A%2F%2Fwww.w3.org%2F2000%2Fsvg%27%20width%3D%27900%27%20height%3D%27446%27%20viewBox%3D%270%200%20900%20446%27%3E%3Crect%20width%3D%27900%27%20height%3D%27446%27%20fill-opacity%3D%220%22%2F%3E%3C%2Fsvg%3E\" data-srcset=\"https:\/\/www.fisiohogar.com\/sevilla\/wp-content\/uploads\/sites\/33\/2016\/03\/fisio-colegiado-300x149.jpg 300w, https:\/\/www.fisiohogar.com\/sevilla\/wp-content\/uploads\/sites\/33\/2016\/03\/fisio-colegiado-768x381.jpg 768w, https:\/\/www.fisiohogar.com\/sevilla\/wp-content\/uploads\/sites\/33\/2016\/03\/fisio-colegiado.jpg 900w\" data-sizes=\"auto\" data-orig-sizes=\"(max-width: 900px) 100vw, 900px\" \/><\/p>\n<p style=\"text-align: justify;\">Cualquiera de nuestros fisioterapeutas, que le atender\u00e1n en su domicilio en Sevilla,\u00a0ha obtenido\u00a0la titulaci\u00f3n como fisioterapeuta, pero adem\u00e1s se ha inscrito en el\u00a0colegio\u00a0profesional de fisioterapia.<\/p>\n<p style=\"text-align: justify;\">Al convertirse en fisioterapeuta colegiado hay que cumplir con una serie de requisitos, entre ellos se\u00a0encuentran la obtenci\u00f3n de un seguro de responsabilidad civil y el compromiso por parte del fisioterapeuta de\u00a0fidelidad con el c\u00f3digo deontol\u00f3gico.<\/p>\n<p style=\"text-align: justify;\">Cuando se trabaja en el sector de la sanidad es imprescindible que se haya producido la inscripci\u00f3n en el colegio profesional.<\/p>\n<p style=\"text-align: justify;\"><strong>Formaci\u00f3n continuada<\/strong><\/p>\n<p style=\"text-align: justify;\">Uno de los intereses de Fisiohogar es que sus profesionales siempre\u00a0realicen su trabajo sabiendo que se est\u00e1n aplicando los tratamientos m\u00e1s eficaces, y esto s\u00f3lo es posible cuando los conocimientos est\u00e1n actualizados.<\/p>\n<p style=\"text-align: justify;\">La fisioterapia evoluciona al ritmo de las nuevas investigaciones, por ese motivo, s\u00f3lo se puede garantizar que en cada momento se aplicar\u00e1 lo que m\u00e1s puede beneficiar a cada paciente si se realizan cursos de formaci\u00f3n, o se asiste a seminarios o talleres,\u00a0donde se expongan los avances en este sector de la fisioterapia.<\/p>\n<div align=\"center\"><iframe src=\"https:\/\/www.youtube.com\/embed\/ei1-NjSJ7E4\" width=\"853\" height=\"480\" frameborder=\"0\" allowfullscreen=\"allowfullscreen\"><\/iframe><\/div>\n<p style=\"text-align: justify;\">En Fisiohogar nos sentimos orgullosos de contar con una de las mejores plantillas de fisioterapeutas de Espa\u00f1a, comprometidos siempre con sus pacientes para ofrecerles un tratamiento serio y riguroso, con el exclusivo objetivo de lograr que su recuperaci\u00f3n sea la m\u00e1s favorable posible.<\/p>\n<p style=\"text-align: justify;\">Si desea conocernos para saber todo lo que podemos hacer por usted puede llamarnos por tel\u00e9fono, o puede enviarnos un <a href=\"http:\/\/www.fisiohogar.com\/sevilla\/contacta-ahora\/\">formulario de contacto<\/a>. En ambos casos le atenderemos para resolver cualquier duda que pueda tener.<\/p>\n","protected":false},"excerpt":{"rendered":"<p>Ofrecer siempre las mayores garant\u00edas en el servicio de fisioterapia es el objetivo de Fisiohogar, por ese motivo todos los fisioterapeutas que encontrar\u00e1 en esta empresa\u00a0son profesionales colegiados. Queremos que todos nuestros pacientes reciban  [&#8230;]<\/p>\n","protected":false},"author":1,"featured_media":0,"parent":0,"menu_order":0,"comment_status":"closed","ping_status":"closed","template":"template-full.php","meta":{"_joinchat":[],"footnotes":""},"class_list":["post-39","page","type-page","status-publish","hentry"],"yoast_head":"<!-- This site is optimized with the Yoast SEO plugin v27.4 - https:\/\/yoast.com\/product\/yoast-seo-wordpress\/ -->\n<title>Fisioterapeutas colegiados - Fisioterapia a domicilio Sevilla<\/title>\n<meta name=\"robots\" content=\"index, follow, max-snippet:-1, max-image-preview:large, max-video-preview:-1\" \/>\n<link rel=\"canonical\" href=\"https:\/\/www.fisiohogar.com\/sevilla\/fisioterapeutas-colegiados\/\" \/>\n<meta property=\"og:locale\" content=\"es_ES\" \/>\n<meta property=\"og:type\" content=\"article\" \/>\n<meta property=\"og:title\" content=\"Fisioterapeutas colegiados - Fisioterapia a domicilio Sevilla\" \/>\n<meta property=\"og:description\" content=\"Ofrecer siempre las mayores garant\u00edas en el servicio de fisioterapia es el objetivo de Fisiohogar, por ese motivo todos los fisioterapeutas que encontrar\u00e1 en esta empresa\u00a0son profesionales colegiados. Queremos que todos nuestros pacientes reciban [...]\" \/>\n<meta property=\"og:url\" content=\"https:\/\/www.fisiohogar.com\/sevilla\/fisioterapeutas-colegiados\/\" \/>\n<meta property=\"og:site_name\" content=\"Fisioterapia a domicilio Sevilla\" \/>\n<meta property=\"article:modified_time\" content=\"2016-12-19T17:12:17+00:00\" \/>\n<meta property=\"og:image\" content=\"http:\/\/www.fisiohogar.com\/sevilla\/wp-content\/uploads\/sites\/33\/2016\/03\/fisio-colegiado.jpg\" \/>\n<meta name=\"twitter:card\" content=\"summary_large_image\" \/>\n<meta name=\"twitter:label1\" content=\"Tiempo de lectura\" \/>\n\t<meta name=\"twitter:data1\" content=\"2 minutos\" \/>\n<script type=\"application\/ld+json\" class=\"yoast-schema-graph\">{\"@context\":\"https:\\\/\\\/schema.org\",\"@graph\":[{\"@type\":\"WebPage\",\"@id\":\"https:\\\/\\\/www.fisiohogar.com\\\/sevilla\\\/fisioterapeutas-colegiados\\\/\",\"url\":\"https:\\\/\\\/www.fisiohogar.com\\\/sevilla\\\/fisioterapeutas-colegiados\\\/\",\"name\":\"Fisioterapeutas colegiados - Fisioterapia a domicilio Sevilla\",\"isPartOf\":{\"@id\":\"https:\\\/\\\/www.fisiohogar.com\\\/sevilla\\\/#website\"},\"primaryImageOfPage\":{\"@id\":\"https:\\\/\\\/www.fisiohogar.com\\\/sevilla\\\/fisioterapeutas-colegiados\\\/#primaryimage\"},\"image\":{\"@id\":\"https:\\\/\\\/www.fisiohogar.com\\\/sevilla\\\/fisioterapeutas-colegiados\\\/#primaryimage\"},\"thumbnailUrl\":\"http:\\\/\\\/www.fisiohogar.com\\\/sevilla\\\/wp-content\\\/uploads\\\/sites\\\/33\\\/2016\\\/03\\\/fisio-colegiado.jpg\",\"datePublished\":\"2016-03-09T10:59:41+00:00\",\"dateModified\":\"2016-12-19T17:12:17+00:00\",\"breadcrumb\":{\"@id\":\"https:\\\/\\\/www.fisiohogar.com\\\/sevilla\\\/fisioterapeutas-colegiados\\\/#breadcrumb\"},\"inLanguage\":\"es\",\"potentialAction\":[{\"@type\":\"ReadAction\",\"target\":[\"https:\\\/\\\/www.fisiohogar.com\\\/sevilla\\\/fisioterapeutas-colegiados\\\/\"]}]},{\"@type\":\"ImageObject\",\"inLanguage\":\"es\",\"@id\":\"https:\\\/\\\/www.fisiohogar.com\\\/sevilla\\\/fisioterapeutas-colegiados\\\/#primaryimage\",\"url\":\"https:\\\/\\\/www.fisiohogar.com\\\/sevilla\\\/wp-content\\\/uploads\\\/sites\\\/33\\\/2016\\\/03\\\/fisio-colegiado.jpg\",\"contentUrl\":\"https:\\\/\\\/www.fisiohogar.com\\\/sevilla\\\/wp-content\\\/uploads\\\/sites\\\/33\\\/2016\\\/03\\\/fisio-colegiado.jpg\",\"width\":900,\"height\":446},{\"@type\":\"BreadcrumbList\",\"@id\":\"https:\\\/\\\/www.fisiohogar.com\\\/sevilla\\\/fisioterapeutas-colegiados\\\/#breadcrumb\",\"itemListElement\":[{\"@type\":\"ListItem\",\"position\":1,\"name\":\"Portada\",\"item\":\"https:\\\/\\\/www.fisiohogar.com\\\/sevilla\\\/\"},{\"@type\":\"ListItem\",\"position\":2,\"name\":\"Fisioterapeutas colegiados\"}]},{\"@type\":\"WebSite\",\"@id\":\"https:\\\/\\\/www.fisiohogar.com\\\/sevilla\\\/#website\",\"url\":\"https:\\\/\\\/www.fisiohogar.com\\\/sevilla\\\/\",\"name\":\"Fisioterapia a domicilio Sevilla\",\"description\":\"Fisioterapia a domicilio en Sevilla\",\"potentialAction\":[{\"@type\":\"SearchAction\",\"target\":{\"@type\":\"EntryPoint\",\"urlTemplate\":\"https:\\\/\\\/www.fisiohogar.com\\\/sevilla\\\/?s={search_term_string}\"},\"query-input\":{\"@type\":\"PropertyValueSpecification\",\"valueRequired\":true,\"valueName\":\"search_term_string\"}}],\"inLanguage\":\"es\"}]}<\/script>\n<!-- \/ Yoast SEO plugin. -->","yoast_head_json":{"title":"Fisioterapeutas colegiados - Fisioterapia a domicilio Sevilla","robots":{"index":"index","follow":"follow","max-snippet":"max-snippet:-1","max-image-preview":"max-image-preview:large","max-video-preview":"max-video-preview:-1"},"canonical":"https:\/\/www.fisiohogar.com\/sevilla\/fisioterapeutas-colegiados\/","og_locale":"es_ES","og_type":"article","og_title":"Fisioterapeutas colegiados - Fisioterapia a domicilio Sevilla","og_description":"Ofrecer siempre las mayores garant\u00edas en el servicio de fisioterapia es el objetivo de Fisiohogar, por ese motivo todos los fisioterapeutas que encontrar\u00e1 en esta empresa\u00a0son profesionales colegiados. Queremos que todos nuestros pacientes reciban [...]","og_url":"https:\/\/www.fisiohogar.com\/sevilla\/fisioterapeutas-colegiados\/","og_site_name":"Fisioterapia a domicilio Sevilla","article_modified_time":"2016-12-19T17:12:17+00:00","og_image":[{"url":"http:\/\/www.fisiohogar.com\/sevilla\/wp-content\/uploads\/sites\/33\/2016\/03\/fisio-colegiado.jpg","type":"","width":"","height":""}],"twitter_card":"summary_large_image","twitter_misc":{"Tiempo de lectura":"2 minutos"},"schema":{"@context":"https:\/\/schema.org","@graph":[{"@type":"WebPage","@id":"https:\/\/www.fisiohogar.com\/sevilla\/fisioterapeutas-colegiados\/","url":"https:\/\/www.fisiohogar.com\/sevilla\/fisioterapeutas-colegiados\/","name":"Fisioterapeutas colegiados - Fisioterapia a domicilio Sevilla","isPartOf":{"@id":"https:\/\/www.fisiohogar.com\/sevilla\/#website"},"primaryImageOfPage":{"@id":"https:\/\/www.fisiohogar.com\/sevilla\/fisioterapeutas-colegiados\/#primaryimage"},"image":{"@id":"https:\/\/www.fisiohogar.com\/sevilla\/fisioterapeutas-colegiados\/#primaryimage"},"thumbnailUrl":"http:\/\/www.fisiohogar.com\/sevilla\/wp-content\/uploads\/sites\/33\/2016\/03\/fisio-colegiado.jpg","datePublished":"2016-03-09T10:59:41+00:00","dateModified":"2016-12-19T17:12:17+00:00","breadcrumb":{"@id":"https:\/\/www.fisiohogar.com\/sevilla\/fisioterapeutas-colegiados\/#breadcrumb"},"inLanguage":"es","potentialAction":[{"@type":"ReadAction","target":["https:\/\/www.fisiohogar.com\/sevilla\/fisioterapeutas-colegiados\/"]}]},{"@type":"ImageObject","inLanguage":"es","@id":"https:\/\/www.fisiohogar.com\/sevilla\/fisioterapeutas-colegiados\/#primaryimage","url":"https:\/\/www.fisiohogar.com\/sevilla\/wp-content\/uploads\/sites\/33\/2016\/03\/fisio-colegiado.jpg","contentUrl":"https:\/\/www.fisiohogar.com\/sevilla\/wp-content\/uploads\/sites\/33\/2016\/03\/fisio-colegiado.jpg","width":900,"height":446},{"@type":"BreadcrumbList","@id":"https:\/\/www.fisiohogar.com\/sevilla\/fisioterapeutas-colegiados\/#breadcrumb","itemListElement":[{"@type":"ListItem","position":1,"name":"Portada","item":"https:\/\/www.fisiohogar.com\/sevilla\/"},{"@type":"ListItem","position":2,"name":"Fisioterapeutas colegiados"}]},{"@type":"WebSite","@id":"https:\/\/www.fisiohogar.com\/sevilla\/#website","url":"https:\/\/www.fisiohogar.com\/sevilla\/","name":"Fisioterapia a domicilio Sevilla","description":"Fisioterapia a domicilio en Sevilla","potentialAction":[{"@type":"SearchAction","target":{"@type":"EntryPoint","urlTemplate":"https:\/\/www.fisiohogar.com\/sevilla\/?s={search_term_string}"},"query-input":{"@type":"PropertyValueSpecification","valueRequired":true,"valueName":"search_term_string"}}],"inLanguage":"es"}]}},"_links":{"self":[{"href":"https:\/\/www.fisiohogar.com\/sevilla\/wp-json\/wp\/v2\/pages\/39","targetHints":{"allow":["GET"]}}],"collection":[{"href":"https:\/\/www.fisiohogar.com\/sevilla\/wp-json\/wp\/v2\/pages"}],"about":[{"href":"https:\/\/www.fisiohogar.com\/sevilla\/wp-json\/wp\/v2\/types\/page"}],"author":[{"embeddable":true,"href":"https:\/\/www.fisiohogar.com\/sevilla\/wp-json\/wp\/v2\/users\/1"}],"replies":[{"embeddable":true,"href":"https:\/\/www.fisiohogar.com\/sevilla\/wp-json\/wp\/v2\/comments?post=39"}],"version-history":[{"count":0,"href":"https:\/\/www.fisiohogar.com\/sevilla\/wp-json\/wp\/v2\/pages\/39\/revisions"}],"wp:attachment":[{"href":"https:\/\/www.fisiohogar.com\/sevilla\/wp-json\/wp\/v2\/media?parent=39"}],"curies":[{"name":"wp","href":"https:\/\/api.w.org\/{rel}","templated":true}]}}