{"id":29,"date":"2016-03-09T10:58:01","date_gmt":"2016-03-09T10:58:01","guid":{"rendered":"http:\/\/www.fisiohogar.com\/sansebastiandelosreyes\/?page_id=29"},"modified":"2022-11-13T22:44:49","modified_gmt":"2022-11-13T22:44:49","slug":"fisioterapia-enfermedades-respiratorias","status":"publish","type":"page","link":"https:\/\/www.fisiohogar.com\/sevilla\/fisioterapia-enfermedades-respiratorias\/","title":{"rendered":"Fisioterapia en enfermedades respiratorias"},"content":{"rendered":"<p style=\"text-align: justify;\">Aunque el tratamiento de las <strong>enfermedades respiratorias<\/strong> no suele asociarse a la fisioterapia, lo que\u00a0puede ofrecer esta disciplina demuestra su inter\u00e9s para mejorar la calidad de vida de estas personas.<\/p>\n<p style=\"text-align: justify;\">En Fisiohogar tenemos fisioterapeutas especializados en t\u00e9cnicas para hacer frente a los problemas respiratorios\u00a0mediante la puesta en marcha de <strong>tratamientos personalizados<\/strong> atendiendo a las peculiaridades de cada paciente.<\/p>\n<p style=\"text-align: justify;\">Las <strong>t\u00e9cnicas<\/strong> que m\u00e1s com\u00fanmente se emplean en estos casos van desde el drenaje postural, la realizaci\u00f3n de ejercicios que persiguen la expansi\u00f3n tor\u00e1cica, pasando por el control de la respiraci\u00f3n diafragm\u00e1tica, hasta t\u00e9cnicas de tos provocada.<\/p>\n<p style=\"text-align: justify;\">Uno de los objetivos es facilitar la eliminaci\u00f3n de secreciones mucosas traqueobranquiales, gracias a cual se produce una mejora de la capacidad respiratoria.<\/p>\n<p style=\"text-align: justify;\"><img decoding=\"async\" class=\"lazyload aligncenter size-full wp-image-539\" src=\"http:\/\/www.fisiohogar.com\/sevilla\/wp-content\/uploads\/sites\/33\/2016\/03\/fisioterapia-respiratoria.jpg\" data-orig-src=\"http:\/\/www.fisiohogar.com\/sevilla\/wp-content\/uploads\/sites\/33\/2016\/03\/fisioterapia-respiratoria.jpg\" alt=\"\" width=\"900\" height=\"600\" srcset=\"data:image\/svg+xml,%3Csvg%20xmlns%3D%27http%3A%2F%2Fwww.w3.org%2F2000%2Fsvg%27%20width%3D%27900%27%20height%3D%27600%27%20viewBox%3D%270%200%20900%20600%27%3E%3Crect%20width%3D%27900%27%20height%3D%27600%27%20fill-opacity%3D%220%22%2F%3E%3C%2Fsvg%3E\" data-srcset=\"https:\/\/www.fisiohogar.com\/sevilla\/wp-content\/uploads\/sites\/33\/2016\/03\/fisioterapia-respiratoria-300x200.jpg 300w, https:\/\/www.fisiohogar.com\/sevilla\/wp-content\/uploads\/sites\/33\/2016\/03\/fisioterapia-respiratoria-768x512.jpg 768w, https:\/\/www.fisiohogar.com\/sevilla\/wp-content\/uploads\/sites\/33\/2016\/03\/fisioterapia-respiratoria.jpg 900w\" data-sizes=\"auto\" data-orig-sizes=\"(max-width: 900px) 100vw, 900px\" \/><\/p>\n<p style=\"text-align: justify;\">En cuanto a las\u00a0<strong>enfermedades respiratorias<\/strong>\u00a0que tratamos en las sesiones de fisioterapia podemos citar:<\/p>\n<ul>\n<li>EPOC<\/li>\n<li>Asma<\/li>\n<li>Fibrosis qu\u00edstica<\/li>\n<li>Abscesos pulmonares<\/li>\n<li>Neumon\u00eda<\/li>\n<li>Enfermedades neuromusculares<\/li>\n<\/ul>\n<p style=\"text-align: justify;\">Para determinar qu\u00e9 m\u00e9todo de trabajo, o t\u00e9cnica, es la m\u00e1s indicada en cada paciente atendemos a su edad, pues no es lo mismo una sesi\u00f3n de fisioterapia para ni\u00f1os que para ancianos, y a su estado de salud y enfermedad que padece. En cualquier caso siempre buscamos la colaboraci\u00f3n de nuestros pacientes que es fundamental para la aplicaci\u00f3n de nuestros consejos m\u00e1s all\u00e1 de las sesiones de fisioterapia. Ese es otro apartado fundamental de nuestro trabajo pues a nuestros pacientes les <strong>asesoramos<\/strong> sobre nuevos h\u00e1bitos en su vida, y en la realizaci\u00f3n de ejercicios que ayuden a mejorar su estado de salud.<\/p>\n<p style=\"text-align: justify;\">Si usted, o alg\u00fan familiar o amigo, padece alguna enfermedad respiratoria, le animamos a que contacte con nosotros. Usted puede decidir el d\u00eda y la hora (siempre que esto sea posible)\u00a0a la que uno de nuestros fisioterapeutas se desplazar\u00e1 a su domicilio para la primera sesi\u00f3n de fisioterapia.<\/p>\n<p style=\"text-align: justify;\">En esa primera cita nuestro fisioterapeuta realizar\u00e1 una <strong>valoraci\u00f3n de su estado de salud y le plantear\u00e1 el tipo de tratamiento que m\u00e1s pueda ayudarle<\/strong>.<\/p>\n<p style=\"text-align: justify;\">Hemos puesto a su disposici\u00f3n unos n\u00fameros de tel\u00e9fono: 635 923 027 \/ 615 358 759<\/p>\n<p style=\"text-align: justify;\">Si lo prefiere, tambi\u00e9n puede contactar con nosotros utilizando el siguiente <a href=\"http:\/\/www.fisiohogar.com\/sevilla\/contacta-ahora\/\">formulario<\/a>.<\/p>\n<p style=\"text-align: justify;\">\n","protected":false},"excerpt":{"rendered":"<p>Aunque el tratamiento de las enfermedades respiratorias no suele asociarse a la fisioterapia, lo que\u00a0puede ofrecer esta disciplina demuestra su inter\u00e9s para mejorar la calidad de vida de estas personas. En Fisiohogar tenemos fisioterapeutas  [&#8230;]<\/p>\n","protected":false},"author":1,"featured_media":0,"parent":0,"menu_order":0,"comment_status":"closed","ping_status":"closed","template":"","meta":{"_joinchat":[],"footnotes":""},"class_list":["post-29","page","type-page","status-publish","hentry"],"yoast_head":"<!-- This site is optimized with the Yoast SEO plugin v27.5 - https:\/\/yoast.com\/product\/yoast-seo-wordpress\/ -->\n<title>Fisioterapia en enfermedades respiratorias - Fisioterapia a domicilio Sevilla<\/title>\n<meta name=\"robots\" content=\"index, follow, max-snippet:-1, max-image-preview:large, max-video-preview:-1\" \/>\n<link rel=\"canonical\" href=\"https:\/\/www.fisiohogar.com\/sevilla\/fisioterapia-enfermedades-respiratorias\/\" \/>\n<meta property=\"og:locale\" content=\"es_ES\" \/>\n<meta property=\"og:type\" content=\"article\" \/>\n<meta property=\"og:title\" content=\"Fisioterapia en enfermedades respiratorias - Fisioterapia a domicilio Sevilla\" \/>\n<meta property=\"og:description\" content=\"Aunque el tratamiento de las enfermedades respiratorias no suele asociarse a la fisioterapia, lo que\u00a0puede ofrecer esta disciplina demuestra su inter\u00e9s para mejorar la calidad de vida de estas personas. En Fisiohogar tenemos fisioterapeutas [...]\" \/>\n<meta property=\"og:url\" content=\"https:\/\/www.fisiohogar.com\/sevilla\/fisioterapia-enfermedades-respiratorias\/\" \/>\n<meta property=\"og:site_name\" content=\"Fisioterapia a domicilio Sevilla\" \/>\n<meta property=\"article:modified_time\" content=\"2022-11-13T22:44:49+00:00\" \/>\n<meta property=\"og:image\" content=\"http:\/\/www.fisiohogar.com\/sevilla\/wp-content\/uploads\/sites\/33\/2016\/03\/fisioterapia-respiratoria.jpg\" \/>\n<meta name=\"twitter:card\" content=\"summary_large_image\" \/>\n<meta name=\"twitter:label1\" content=\"Tiempo de lectura\" \/>\n\t<meta name=\"twitter:data1\" content=\"2 minutos\" \/>\n<script type=\"application\/ld+json\" class=\"yoast-schema-graph\">{\"@context\":\"https:\\\/\\\/schema.org\",\"@graph\":[{\"@type\":\"WebPage\",\"@id\":\"https:\\\/\\\/www.fisiohogar.com\\\/sevilla\\\/fisioterapia-enfermedades-respiratorias\\\/\",\"url\":\"https:\\\/\\\/www.fisiohogar.com\\\/sevilla\\\/fisioterapia-enfermedades-respiratorias\\\/\",\"name\":\"Fisioterapia en enfermedades respiratorias - Fisioterapia a domicilio Sevilla\",\"isPartOf\":{\"@id\":\"https:\\\/\\\/www.fisiohogar.com\\\/sevilla\\\/#website\"},\"primaryImageOfPage\":{\"@id\":\"https:\\\/\\\/www.fisiohogar.com\\\/sevilla\\\/fisioterapia-enfermedades-respiratorias\\\/#primaryimage\"},\"image\":{\"@id\":\"https:\\\/\\\/www.fisiohogar.com\\\/sevilla\\\/fisioterapia-enfermedades-respiratorias\\\/#primaryimage\"},\"thumbnailUrl\":\"http:\\\/\\\/www.fisiohogar.com\\\/sevilla\\\/wp-content\\\/uploads\\\/sites\\\/33\\\/2016\\\/03\\\/fisioterapia-respiratoria.jpg\",\"datePublished\":\"2016-03-09T10:58:01+00:00\",\"dateModified\":\"2022-11-13T22:44:49+00:00\",\"breadcrumb\":{\"@id\":\"https:\\\/\\\/www.fisiohogar.com\\\/sevilla\\\/fisioterapia-enfermedades-respiratorias\\\/#breadcrumb\"},\"inLanguage\":\"es\",\"potentialAction\":[{\"@type\":\"ReadAction\",\"target\":[\"https:\\\/\\\/www.fisiohogar.com\\\/sevilla\\\/fisioterapia-enfermedades-respiratorias\\\/\"]}]},{\"@type\":\"ImageObject\",\"inLanguage\":\"es\",\"@id\":\"https:\\\/\\\/www.fisiohogar.com\\\/sevilla\\\/fisioterapia-enfermedades-respiratorias\\\/#primaryimage\",\"url\":\"https:\\\/\\\/www.fisiohogar.com\\\/sevilla\\\/wp-content\\\/uploads\\\/sites\\\/33\\\/2016\\\/03\\\/fisioterapia-respiratoria.jpg\",\"contentUrl\":\"https:\\\/\\\/www.fisiohogar.com\\\/sevilla\\\/wp-content\\\/uploads\\\/sites\\\/33\\\/2016\\\/03\\\/fisioterapia-respiratoria.jpg\",\"width\":900,\"height\":600},{\"@type\":\"BreadcrumbList\",\"@id\":\"https:\\\/\\\/www.fisiohogar.com\\\/sevilla\\\/fisioterapia-enfermedades-respiratorias\\\/#breadcrumb\",\"itemListElement\":[{\"@type\":\"ListItem\",\"position\":1,\"name\":\"Portada\",\"item\":\"https:\\\/\\\/www.fisiohogar.com\\\/sevilla\\\/\"},{\"@type\":\"ListItem\",\"position\":2,\"name\":\"Fisioterapia en enfermedades respiratorias\"}]},{\"@type\":\"WebSite\",\"@id\":\"https:\\\/\\\/www.fisiohogar.com\\\/sevilla\\\/#website\",\"url\":\"https:\\\/\\\/www.fisiohogar.com\\\/sevilla\\\/\",\"name\":\"Fisioterapia a domicilio Sevilla\",\"description\":\"Fisioterapia a domicilio en Sevilla\",\"potentialAction\":[{\"@type\":\"SearchAction\",\"target\":{\"@type\":\"EntryPoint\",\"urlTemplate\":\"https:\\\/\\\/www.fisiohogar.com\\\/sevilla\\\/?s={search_term_string}\"},\"query-input\":{\"@type\":\"PropertyValueSpecification\",\"valueRequired\":true,\"valueName\":\"search_term_string\"}}],\"inLanguage\":\"es\"}]}<\/script>\n<!-- \/ Yoast SEO plugin. -->","yoast_head_json":{"title":"Fisioterapia en enfermedades respiratorias - Fisioterapia a domicilio Sevilla","robots":{"index":"index","follow":"follow","max-snippet":"max-snippet:-1","max-image-preview":"max-image-preview:large","max-video-preview":"max-video-preview:-1"},"canonical":"https:\/\/www.fisiohogar.com\/sevilla\/fisioterapia-enfermedades-respiratorias\/","og_locale":"es_ES","og_type":"article","og_title":"Fisioterapia en enfermedades respiratorias - Fisioterapia a domicilio Sevilla","og_description":"Aunque el tratamiento de las enfermedades respiratorias no suele asociarse a la fisioterapia, lo que\u00a0puede ofrecer esta disciplina demuestra su inter\u00e9s para mejorar la calidad de vida de estas personas. En Fisiohogar tenemos fisioterapeutas [...]","og_url":"https:\/\/www.fisiohogar.com\/sevilla\/fisioterapia-enfermedades-respiratorias\/","og_site_name":"Fisioterapia a domicilio Sevilla","article_modified_time":"2022-11-13T22:44:49+00:00","og_image":[{"url":"http:\/\/www.fisiohogar.com\/sevilla\/wp-content\/uploads\/sites\/33\/2016\/03\/fisioterapia-respiratoria.jpg","type":"","width":"","height":""}],"twitter_card":"summary_large_image","twitter_misc":{"Tiempo de lectura":"2 minutos"},"schema":{"@context":"https:\/\/schema.org","@graph":[{"@type":"WebPage","@id":"https:\/\/www.fisiohogar.com\/sevilla\/fisioterapia-enfermedades-respiratorias\/","url":"https:\/\/www.fisiohogar.com\/sevilla\/fisioterapia-enfermedades-respiratorias\/","name":"Fisioterapia en enfermedades respiratorias - Fisioterapia a domicilio Sevilla","isPartOf":{"@id":"https:\/\/www.fisiohogar.com\/sevilla\/#website"},"primaryImageOfPage":{"@id":"https:\/\/www.fisiohogar.com\/sevilla\/fisioterapia-enfermedades-respiratorias\/#primaryimage"},"image":{"@id":"https:\/\/www.fisiohogar.com\/sevilla\/fisioterapia-enfermedades-respiratorias\/#primaryimage"},"thumbnailUrl":"http:\/\/www.fisiohogar.com\/sevilla\/wp-content\/uploads\/sites\/33\/2016\/03\/fisioterapia-respiratoria.jpg","datePublished":"2016-03-09T10:58:01+00:00","dateModified":"2022-11-13T22:44:49+00:00","breadcrumb":{"@id":"https:\/\/www.fisiohogar.com\/sevilla\/fisioterapia-enfermedades-respiratorias\/#breadcrumb"},"inLanguage":"es","potentialAction":[{"@type":"ReadAction","target":["https:\/\/www.fisiohogar.com\/sevilla\/fisioterapia-enfermedades-respiratorias\/"]}]},{"@type":"ImageObject","inLanguage":"es","@id":"https:\/\/www.fisiohogar.com\/sevilla\/fisioterapia-enfermedades-respiratorias\/#primaryimage","url":"https:\/\/www.fisiohogar.com\/sevilla\/wp-content\/uploads\/sites\/33\/2016\/03\/fisioterapia-respiratoria.jpg","contentUrl":"https:\/\/www.fisiohogar.com\/sevilla\/wp-content\/uploads\/sites\/33\/2016\/03\/fisioterapia-respiratoria.jpg","width":900,"height":600},{"@type":"BreadcrumbList","@id":"https:\/\/www.fisiohogar.com\/sevilla\/fisioterapia-enfermedades-respiratorias\/#breadcrumb","itemListElement":[{"@type":"ListItem","position":1,"name":"Portada","item":"https:\/\/www.fisiohogar.com\/sevilla\/"},{"@type":"ListItem","position":2,"name":"Fisioterapia en enfermedades respiratorias"}]},{"@type":"WebSite","@id":"https:\/\/www.fisiohogar.com\/sevilla\/#website","url":"https:\/\/www.fisiohogar.com\/sevilla\/","name":"Fisioterapia a domicilio Sevilla","description":"Fisioterapia a domicilio en Sevilla","potentialAction":[{"@type":"SearchAction","target":{"@type":"EntryPoint","urlTemplate":"https:\/\/www.fisiohogar.com\/sevilla\/?s={search_term_string}"},"query-input":{"@type":"PropertyValueSpecification","valueRequired":true,"valueName":"search_term_string"}}],"inLanguage":"es"}]}},"_links":{"self":[{"href":"https:\/\/www.fisiohogar.com\/sevilla\/wp-json\/wp\/v2\/pages\/29","targetHints":{"allow":["GET"]}}],"collection":[{"href":"https:\/\/www.fisiohogar.com\/sevilla\/wp-json\/wp\/v2\/pages"}],"about":[{"href":"https:\/\/www.fisiohogar.com\/sevilla\/wp-json\/wp\/v2\/types\/page"}],"author":[{"embeddable":true,"href":"https:\/\/www.fisiohogar.com\/sevilla\/wp-json\/wp\/v2\/users\/1"}],"replies":[{"embeddable":true,"href":"https:\/\/www.fisiohogar.com\/sevilla\/wp-json\/wp\/v2\/comments?post=29"}],"version-history":[{"count":1,"href":"https:\/\/www.fisiohogar.com\/sevilla\/wp-json\/wp\/v2\/pages\/29\/revisions"}],"predecessor-version":[{"id":5017,"href":"https:\/\/www.fisiohogar.com\/sevilla\/wp-json\/wp\/v2\/pages\/29\/revisions\/5017"}],"wp:attachment":[{"href":"https:\/\/www.fisiohogar.com\/sevilla\/wp-json\/wp\/v2\/media?parent=29"}],"curies":[{"name":"wp","href":"https:\/\/api.w.org\/{rel}","templated":true}]}}