{"id":27,"date":"2016-03-09T10:57:06","date_gmt":"2016-03-09T10:57:06","guid":{"rendered":"http:\/\/www.fisiohogar.com\/sansebastiandelosreyes\/?page_id=27"},"modified":"2016-12-20T11:05:07","modified_gmt":"2016-12-20T11:05:07","slug":"fisioterapia-empresas-sevilla","status":"publish","type":"page","link":"https:\/\/www.fisiohogar.com\/sevilla\/fisioterapia-empresas-sevilla\/","title":{"rendered":"Fisioterapia en empresas de Sevilla"},"content":{"rendered":"<p style=\"text-align: justify;\">Si en una empresa fallan sus trabajadores, va a resultar complicado que funcione correctamente y obtenga los resultados esperados.<\/p>\n<p style=\"text-align: justify;\">En ocasiones lo que falla es el dise\u00f1o de los procesos de trabajo, en los cuales se fuerza a adquirir\u00a0posturas o movimientos, que al realizarlos de manera repetitiva van a terminar\u00a0ocasionando <strong>lesiones<\/strong>. A veces, esas lesiones se pueden producir por cuestiones ajenas al trabajo, pero tambi\u00e9n\u00a0van afectar a quienes desarrollan su labor en las empresas.<\/p>\n<p style=\"text-align: justify;\">En Fisiohogar conocemos esta problem\u00e1tica a la que se enfrentan las empresas y por esa raz\u00f3n hemos creado un servicio de fisioterapia a medida.<\/p>\n<p style=\"text-align: justify;\"><img decoding=\"async\" class=\"lazyload aligncenter size-full wp-image-521\" src=\"http:\/\/www.fisiohogar.com\/sevilla\/wp-content\/uploads\/sites\/33\/2016\/03\/fisioterapeuta-empresas.jpg\" data-orig-src=\"http:\/\/www.fisiohogar.com\/sevilla\/wp-content\/uploads\/sites\/33\/2016\/03\/fisioterapeuta-empresas.jpg\" alt=\"\" width=\"900\" height=\"647\" srcset=\"data:image\/svg+xml,%3Csvg%20xmlns%3D%27http%3A%2F%2Fwww.w3.org%2F2000%2Fsvg%27%20width%3D%27900%27%20height%3D%27647%27%20viewBox%3D%270%200%20900%20647%27%3E%3Crect%20width%3D%27900%27%20height%3D%27647%27%20fill-opacity%3D%220%22%2F%3E%3C%2Fsvg%3E\" data-srcset=\"https:\/\/www.fisiohogar.com\/sevilla\/wp-content\/uploads\/sites\/33\/2016\/03\/fisioterapeuta-empresas-300x216.jpg 300w, https:\/\/www.fisiohogar.com\/sevilla\/wp-content\/uploads\/sites\/33\/2016\/03\/fisioterapeuta-empresas-768x552.jpg 768w, https:\/\/www.fisiohogar.com\/sevilla\/wp-content\/uploads\/sites\/33\/2016\/03\/fisioterapeuta-empresas.jpg 900w\" data-sizes=\"auto\" data-orig-sizes=\"(max-width: 900px) 100vw, 900px\" \/><b><\/b><i><\/i><u><\/u><\/p>\n<p style=\"text-align: justify;\">Por nuestra experiencia sabemos que el primer paso que hay que dar en estos casos es la <strong>prevenci\u00f3n de nuevos accidentes o lesiones de los trabajadores<\/strong>, y para que esto sea posible hay que realizar un <strong>estudio de las condiciones de trabajo<\/strong>, revisando las tareas que se realizan, para encontrar los puntos d\u00e9biles en los cuales se fuerza en exceso, o de manera incorrecta, a quienes se enfrentan en su jornada diaria a procesos que no fueron pensados para evitar una serie de riesgos innecesarios que pueden conducir a los trabajadores a padecer lesiones de manera recurrente.<\/p>\n<p style=\"text-align: justify;\">Por lo tanto, uno de los puntos m\u00e1s destacados de nuestro servicio a empresas se centra en el asesoramiento para\u00a0la toma de medidas necesarias para prevenir nuevas lesiones.<\/p>\n<p style=\"text-align: justify;\">Este asesoramiento lo realiza Fisiohogar proponiendo mejoras en los procesos de trabajo, pero\u00a0tendr\u00e1 que ser el empresario quien lo valore para poner en marcha los cambios que considere oportunos.<\/p>\n<p style=\"text-align: justify;\">Adem\u00e1s de la prevenci\u00f3n, que se puede materializar mediante la realizaci\u00f3n de <strong>talleres o seminarios<\/strong> que ayuden a los trabajadores a disminuir los riesgos de lesiones, en los que se plantea una <strong>educaci\u00f3n postural<\/strong> y una serie de <strong>h\u00e1bitos bien integrados en los trabajos diarios<\/strong>, lo que destaca de nuestro servicio a empresas es el <strong>servicio de fisioterapia que se puede realizar mediante sesiones en las oficinas<\/strong>, o bien podemos plantear un <strong>servicio bonificado de fisioterapia a domicilio<\/strong>.<\/p>\n<p style=\"text-align: justify;\"><img decoding=\"async\" class=\"lazyload aligncenter size-full wp-image-522\" src=\"http:\/\/www.fisiohogar.com\/sevilla\/wp-content\/uploads\/sites\/33\/2016\/03\/fisioterapia-empresa.jpg\" data-orig-src=\"http:\/\/www.fisiohogar.com\/sevilla\/wp-content\/uploads\/sites\/33\/2016\/03\/fisioterapia-empresa.jpg\" alt=\"\" width=\"900\" height=\"628\" srcset=\"data:image\/svg+xml,%3Csvg%20xmlns%3D%27http%3A%2F%2Fwww.w3.org%2F2000%2Fsvg%27%20width%3D%27900%27%20height%3D%27628%27%20viewBox%3D%270%200%20900%20628%27%3E%3Crect%20width%3D%27900%27%20height%3D%27628%27%20fill-opacity%3D%220%22%2F%3E%3C%2Fsvg%3E\" data-srcset=\"https:\/\/www.fisiohogar.com\/sevilla\/wp-content\/uploads\/sites\/33\/2016\/03\/fisioterapia-empresa-300x209.jpg 300w, https:\/\/www.fisiohogar.com\/sevilla\/wp-content\/uploads\/sites\/33\/2016\/03\/fisioterapia-empresa-768x536.jpg 768w, https:\/\/www.fisiohogar.com\/sevilla\/wp-content\/uploads\/sites\/33\/2016\/03\/fisioterapia-empresa.jpg 900w\" data-sizes=\"auto\" data-orig-sizes=\"(max-width: 900px) 100vw, 900px\" \/><\/p>\n<p style=\"text-align: justify;\">Gracias a estos servicios de fisioterapia para empresas logramos una serie de beneficios, directos e indirectos, que repercuten en ellas de manera muy positiva:<\/p>\n<p style=\"text-align: justify;\">\u00a0[list type=star_list]<\/p>\n<ul>\n<li><strong>Se reduce el absentismo laboral<\/strong> en la misma proporci\u00f3n en la que se minimiza el n\u00famero de lesiones de los trabajadores.<\/li>\n<li>Se genera un <strong>mejor ambiente de trabajo<\/strong> pues se educa a los trabajadores para que realicen sus tareas diarias de manera m\u00e1s fluida y menos agresiva para su cuerpo.<\/li>\n<li>Se <strong>mejora la imagen de la empresa<\/strong> que pasa a demostrar que est\u00e1 plenamente interesada en el bienestar de sus trabajadores.<\/li>\n<\/ul>\n<p style=\"text-align: justify;\">[\/list]<\/p>\n<p style=\"text-align: justify;\">Si desea conocer todo lo que podemos hacer por su empresa de Sevilla, le animamos a que se ponga en <a href=\"http:\/\/www.fisiohogar.com\/sevilla\/contacta-ahora\/\">contacto<\/a> con nosotros, y sin compromiso alguno por su parte responderemos a todas sus dudas y le informaremos con todo detalle de c\u00f3mo desarrollamos nuestro trabajo y de los beneficios que puede esperar en su caso.<\/p>\n","protected":false},"excerpt":{"rendered":"<p>Si en una empresa fallan sus trabajadores, va a resultar complicado que funcione correctamente y obtenga los resultados esperados. En ocasiones lo que falla es el dise\u00f1o de los procesos de trabajo, en los  [&#8230;]<\/p>\n","protected":false},"author":1,"featured_media":0,"parent":0,"menu_order":0,"comment_status":"closed","ping_status":"closed","template":"template-full.php","meta":{"_joinchat":[],"footnotes":""},"class_list":["post-27","page","type-page","status-publish","hentry"],"yoast_head":"<!-- This site is optimized with the Yoast SEO plugin v27.5 - https:\/\/yoast.com\/product\/yoast-seo-wordpress\/ -->\n<title>Fisioterapia en empresas de Sevilla - Fisioterapia a domicilio Sevilla<\/title>\n<meta name=\"robots\" content=\"index, follow, max-snippet:-1, max-image-preview:large, max-video-preview:-1\" \/>\n<link rel=\"canonical\" href=\"https:\/\/www.fisiohogar.com\/sevilla\/fisioterapia-empresas-sevilla\/\" \/>\n<meta property=\"og:locale\" content=\"es_ES\" \/>\n<meta property=\"og:type\" content=\"article\" \/>\n<meta property=\"og:title\" content=\"Fisioterapia en empresas de Sevilla - Fisioterapia a domicilio Sevilla\" \/>\n<meta property=\"og:description\" content=\"Si en una empresa fallan sus trabajadores, va a resultar complicado que funcione correctamente y obtenga los resultados esperados. En ocasiones lo que falla es el dise\u00f1o de los procesos de trabajo, en los [...]\" \/>\n<meta property=\"og:url\" content=\"https:\/\/www.fisiohogar.com\/sevilla\/fisioterapia-empresas-sevilla\/\" \/>\n<meta property=\"og:site_name\" content=\"Fisioterapia a domicilio Sevilla\" \/>\n<meta property=\"article:modified_time\" content=\"2016-12-20T11:05:07+00:00\" \/>\n<meta property=\"og:image\" content=\"http:\/\/www.fisiohogar.com\/sevilla\/wp-content\/uploads\/sites\/33\/2016\/03\/fisioterapeuta-empresas.jpg\" \/>\n<meta name=\"twitter:card\" content=\"summary_large_image\" \/>\n<meta name=\"twitter:label1\" content=\"Tiempo de lectura\" \/>\n\t<meta name=\"twitter:data1\" content=\"3 minutos\" \/>\n<script type=\"application\/ld+json\" class=\"yoast-schema-graph\">{\"@context\":\"https:\\\/\\\/schema.org\",\"@graph\":[{\"@type\":\"WebPage\",\"@id\":\"https:\\\/\\\/www.fisiohogar.com\\\/sevilla\\\/fisioterapia-empresas-sevilla\\\/\",\"url\":\"https:\\\/\\\/www.fisiohogar.com\\\/sevilla\\\/fisioterapia-empresas-sevilla\\\/\",\"name\":\"Fisioterapia en empresas de Sevilla - Fisioterapia a domicilio Sevilla\",\"isPartOf\":{\"@id\":\"https:\\\/\\\/www.fisiohogar.com\\\/sevilla\\\/#website\"},\"primaryImageOfPage\":{\"@id\":\"https:\\\/\\\/www.fisiohogar.com\\\/sevilla\\\/fisioterapia-empresas-sevilla\\\/#primaryimage\"},\"image\":{\"@id\":\"https:\\\/\\\/www.fisiohogar.com\\\/sevilla\\\/fisioterapia-empresas-sevilla\\\/#primaryimage\"},\"thumbnailUrl\":\"http:\\\/\\\/www.fisiohogar.com\\\/sevilla\\\/wp-content\\\/uploads\\\/sites\\\/33\\\/2016\\\/03\\\/fisioterapeuta-empresas.jpg\",\"datePublished\":\"2016-03-09T10:57:06+00:00\",\"dateModified\":\"2016-12-20T11:05:07+00:00\",\"breadcrumb\":{\"@id\":\"https:\\\/\\\/www.fisiohogar.com\\\/sevilla\\\/fisioterapia-empresas-sevilla\\\/#breadcrumb\"},\"inLanguage\":\"es\",\"potentialAction\":[{\"@type\":\"ReadAction\",\"target\":[\"https:\\\/\\\/www.fisiohogar.com\\\/sevilla\\\/fisioterapia-empresas-sevilla\\\/\"]}]},{\"@type\":\"ImageObject\",\"inLanguage\":\"es\",\"@id\":\"https:\\\/\\\/www.fisiohogar.com\\\/sevilla\\\/fisioterapia-empresas-sevilla\\\/#primaryimage\",\"url\":\"https:\\\/\\\/www.fisiohogar.com\\\/sevilla\\\/wp-content\\\/uploads\\\/sites\\\/33\\\/2016\\\/03\\\/fisioterapeuta-empresas.jpg\",\"contentUrl\":\"https:\\\/\\\/www.fisiohogar.com\\\/sevilla\\\/wp-content\\\/uploads\\\/sites\\\/33\\\/2016\\\/03\\\/fisioterapeuta-empresas.jpg\",\"width\":900,\"height\":647},{\"@type\":\"BreadcrumbList\",\"@id\":\"https:\\\/\\\/www.fisiohogar.com\\\/sevilla\\\/fisioterapia-empresas-sevilla\\\/#breadcrumb\",\"itemListElement\":[{\"@type\":\"ListItem\",\"position\":1,\"name\":\"Portada\",\"item\":\"https:\\\/\\\/www.fisiohogar.com\\\/sevilla\\\/\"},{\"@type\":\"ListItem\",\"position\":2,\"name\":\"Fisioterapia en empresas de Sevilla\"}]},{\"@type\":\"WebSite\",\"@id\":\"https:\\\/\\\/www.fisiohogar.com\\\/sevilla\\\/#website\",\"url\":\"https:\\\/\\\/www.fisiohogar.com\\\/sevilla\\\/\",\"name\":\"Fisioterapia a domicilio Sevilla\",\"description\":\"Fisioterapia a domicilio en Sevilla\",\"potentialAction\":[{\"@type\":\"SearchAction\",\"target\":{\"@type\":\"EntryPoint\",\"urlTemplate\":\"https:\\\/\\\/www.fisiohogar.com\\\/sevilla\\\/?s={search_term_string}\"},\"query-input\":{\"@type\":\"PropertyValueSpecification\",\"valueRequired\":true,\"valueName\":\"search_term_string\"}}],\"inLanguage\":\"es\"}]}<\/script>\n<!-- \/ Yoast SEO plugin. -->","yoast_head_json":{"title":"Fisioterapia en empresas de Sevilla - Fisioterapia a domicilio Sevilla","robots":{"index":"index","follow":"follow","max-snippet":"max-snippet:-1","max-image-preview":"max-image-preview:large","max-video-preview":"max-video-preview:-1"},"canonical":"https:\/\/www.fisiohogar.com\/sevilla\/fisioterapia-empresas-sevilla\/","og_locale":"es_ES","og_type":"article","og_title":"Fisioterapia en empresas de Sevilla - Fisioterapia a domicilio Sevilla","og_description":"Si en una empresa fallan sus trabajadores, va a resultar complicado que funcione correctamente y obtenga los resultados esperados. En ocasiones lo que falla es el dise\u00f1o de los procesos de trabajo, en los [...]","og_url":"https:\/\/www.fisiohogar.com\/sevilla\/fisioterapia-empresas-sevilla\/","og_site_name":"Fisioterapia a domicilio Sevilla","article_modified_time":"2016-12-20T11:05:07+00:00","og_image":[{"url":"http:\/\/www.fisiohogar.com\/sevilla\/wp-content\/uploads\/sites\/33\/2016\/03\/fisioterapeuta-empresas.jpg","type":"","width":"","height":""}],"twitter_card":"summary_large_image","twitter_misc":{"Tiempo de lectura":"3 minutos"},"schema":{"@context":"https:\/\/schema.org","@graph":[{"@type":"WebPage","@id":"https:\/\/www.fisiohogar.com\/sevilla\/fisioterapia-empresas-sevilla\/","url":"https:\/\/www.fisiohogar.com\/sevilla\/fisioterapia-empresas-sevilla\/","name":"Fisioterapia en empresas de Sevilla - Fisioterapia a domicilio Sevilla","isPartOf":{"@id":"https:\/\/www.fisiohogar.com\/sevilla\/#website"},"primaryImageOfPage":{"@id":"https:\/\/www.fisiohogar.com\/sevilla\/fisioterapia-empresas-sevilla\/#primaryimage"},"image":{"@id":"https:\/\/www.fisiohogar.com\/sevilla\/fisioterapia-empresas-sevilla\/#primaryimage"},"thumbnailUrl":"http:\/\/www.fisiohogar.com\/sevilla\/wp-content\/uploads\/sites\/33\/2016\/03\/fisioterapeuta-empresas.jpg","datePublished":"2016-03-09T10:57:06+00:00","dateModified":"2016-12-20T11:05:07+00:00","breadcrumb":{"@id":"https:\/\/www.fisiohogar.com\/sevilla\/fisioterapia-empresas-sevilla\/#breadcrumb"},"inLanguage":"es","potentialAction":[{"@type":"ReadAction","target":["https:\/\/www.fisiohogar.com\/sevilla\/fisioterapia-empresas-sevilla\/"]}]},{"@type":"ImageObject","inLanguage":"es","@id":"https:\/\/www.fisiohogar.com\/sevilla\/fisioterapia-empresas-sevilla\/#primaryimage","url":"https:\/\/www.fisiohogar.com\/sevilla\/wp-content\/uploads\/sites\/33\/2016\/03\/fisioterapeuta-empresas.jpg","contentUrl":"https:\/\/www.fisiohogar.com\/sevilla\/wp-content\/uploads\/sites\/33\/2016\/03\/fisioterapeuta-empresas.jpg","width":900,"height":647},{"@type":"BreadcrumbList","@id":"https:\/\/www.fisiohogar.com\/sevilla\/fisioterapia-empresas-sevilla\/#breadcrumb","itemListElement":[{"@type":"ListItem","position":1,"name":"Portada","item":"https:\/\/www.fisiohogar.com\/sevilla\/"},{"@type":"ListItem","position":2,"name":"Fisioterapia en empresas de Sevilla"}]},{"@type":"WebSite","@id":"https:\/\/www.fisiohogar.com\/sevilla\/#website","url":"https:\/\/www.fisiohogar.com\/sevilla\/","name":"Fisioterapia a domicilio Sevilla","description":"Fisioterapia a domicilio en Sevilla","potentialAction":[{"@type":"SearchAction","target":{"@type":"EntryPoint","urlTemplate":"https:\/\/www.fisiohogar.com\/sevilla\/?s={search_term_string}"},"query-input":{"@type":"PropertyValueSpecification","valueRequired":true,"valueName":"search_term_string"}}],"inLanguage":"es"}]}},"_links":{"self":[{"href":"https:\/\/www.fisiohogar.com\/sevilla\/wp-json\/wp\/v2\/pages\/27","targetHints":{"allow":["GET"]}}],"collection":[{"href":"https:\/\/www.fisiohogar.com\/sevilla\/wp-json\/wp\/v2\/pages"}],"about":[{"href":"https:\/\/www.fisiohogar.com\/sevilla\/wp-json\/wp\/v2\/types\/page"}],"author":[{"embeddable":true,"href":"https:\/\/www.fisiohogar.com\/sevilla\/wp-json\/wp\/v2\/users\/1"}],"replies":[{"embeddable":true,"href":"https:\/\/www.fisiohogar.com\/sevilla\/wp-json\/wp\/v2\/comments?post=27"}],"version-history":[{"count":0,"href":"https:\/\/www.fisiohogar.com\/sevilla\/wp-json\/wp\/v2\/pages\/27\/revisions"}],"wp:attachment":[{"href":"https:\/\/www.fisiohogar.com\/sevilla\/wp-json\/wp\/v2\/media?parent=27"}],"curies":[{"name":"wp","href":"https:\/\/api.w.org\/{rel}","templated":true}]}}