{"id":26,"date":"2016-03-09T10:56:36","date_gmt":"2016-03-09T10:56:36","guid":{"rendered":"http:\/\/www.fisiohogar.com\/sansebastiandelosreyes\/?page_id=25"},"modified":"2016-12-21T21:42:01","modified_gmt":"2016-12-21T21:42:01","slug":"fisioterapia-para-deportistas","status":"publish","type":"page","link":"https:\/\/www.fisiohogar.com\/sevilla\/fisioterapia-para-deportistas\/","title":{"rendered":"Fisioterapia para deportistas"},"content":{"rendered":"<p style=\"text-align: justify;\">La pr\u00e1ctica del deporte ha pasado a formar parte de la vida diaria de multitud de sevillanos, que han integrado en sus vidas\u00a0el ciclismo, el baloncesto, el tenis&#8230; Sin embargo, ya se practique de manera profesional o amateur, <strong>hay que tener especial cuidado con las lesiones<\/strong> que, casi sin remedio, forman parte de la vida deportiva de cualquier persona.<\/p>\n<p style=\"text-align: justify;\">Si estas lesiones no se tratan de manera adecuada, no s\u00f3lo se alargar\u00e1n los periodos de recuperaci\u00f3n sino que adem\u00e1s se corre el riesgo de que las lesiones se curen mal y se arrastre durante m\u00e1s tiempo del imaginable lo que de otra manera, con la atenci\u00f3n profesional de un fisioterapeuta, podr\u00eda haberse reducido al m\u00ednimo de d\u00edas posible.<\/p>\n<p style=\"text-align: justify;\">Las patolog\u00edas que nuestros profesionales tratan son muy diversas y de diferente grado de intensidad. Algunas son provocadas por una falta de preparaci\u00f3n previa a la pr\u00e1ctica deportiva, por un sobre esfuerzo o por otro tipo de problemas. En cualquier caso, es muy importante tratarlas cuanto antes y que esto lo realicen profesionales con experiencia.<\/p>\n<p style=\"text-align: justify;\"><img decoding=\"async\" class=\"lazyload aligncenter size-full wp-image-543\" src=\"http:\/\/www.fisiohogar.com\/sevilla\/wp-content\/uploads\/sites\/33\/2016\/03\/fisioterapia-deporte.jpg\" data-orig-src=\"http:\/\/www.fisiohogar.com\/sevilla\/wp-content\/uploads\/sites\/33\/2016\/03\/fisioterapia-deporte.jpg\" alt=\"\" width=\"900\" height=\"578\" srcset=\"data:image\/svg+xml,%3Csvg%20xmlns%3D%27http%3A%2F%2Fwww.w3.org%2F2000%2Fsvg%27%20width%3D%27900%27%20height%3D%27578%27%20viewBox%3D%270%200%20900%20578%27%3E%3Crect%20width%3D%27900%27%20height%3D%27578%27%20fill-opacity%3D%220%22%2F%3E%3C%2Fsvg%3E\" data-srcset=\"https:\/\/www.fisiohogar.com\/sevilla\/wp-content\/uploads\/sites\/33\/2016\/03\/fisioterapia-deporte-300x193.jpg 300w, https:\/\/www.fisiohogar.com\/sevilla\/wp-content\/uploads\/sites\/33\/2016\/03\/fisioterapia-deporte-768x493.jpg 768w, https:\/\/www.fisiohogar.com\/sevilla\/wp-content\/uploads\/sites\/33\/2016\/03\/fisioterapia-deporte.jpg 900w\" data-sizes=\"auto\" data-orig-sizes=\"(max-width: 900px) 100vw, 900px\" \/><\/p>\n<p style=\"text-align: justify;\">En Fisiohogar de Sevilla atendemos a los deportistas con la mayor urgencia posible para comenzar con el tratamiento y conseguir el restablecimiento en el menor tiempo posible, ya que esto ayudar\u00e1 tambi\u00e9n a evitar complicaciones y secuelas.<\/p>\n<p style=\"text-align: justify;\">En ocasiones las lesiones sobre las que nos consultan\u00a0se deben\u00a0a una mala preparaci\u00f3n previa a la pr\u00e1ctica deportiva, en otras se pueden deber a alg\u00fan incidente o sobre esfuerzo. Independientemente de su origen lo que siempre recomendamos, sobre todo cuando se desea seguir practicando deporte, es que <strong>no se descuiden las lesiones y se pongan en marcha m\u00e9todos eficaces para su curaci\u00f3n y prevenci\u00f3n futura<\/strong>, pues en caso contrario, la acumulaci\u00f3n de lesiones recurrentes, o su mala curaci\u00f3n,\u00a0puede conducir a que no quede m\u00e1s remedio que abandonar la pr\u00e1ctica del deporte.<\/p>\n<p style=\"text-align: justify;\"><strong>El servicio de fisioterapia para deportistas lo ofrecemos tanto a particulares como a empresas\u00a0u organismos que organicen eventos\u00a0 o competiciones<\/strong>. En ambos casos siempre les atender\u00e1n profesionales colegiados, con experiencia en la fisioterapia deportiva, que realizar\u00e1n sesiones con masajes descontracturantes, a los que sumar\u00e1n ejercicios de potenciaci\u00f3n, se trabajar\u00e1 el equilibro y la coordinaci\u00f3n, se realizar\u00e1n sesiones de estiramientos&#8230; siempre enfocaremos esas sesiones a lo que en cada caso consideremos necesario o nos soliciten.<\/p>\n<p style=\"text-align: justify;\"><strong>En Fisiohogar queremos convertirnos en su fisioterapia de cabecera<\/strong>, al cual podr\u00e1 recurrir siempre que lo necesite, sabiendo que nos desplazaremos all\u00ed donde sea preciso para atenderle.<\/p>\n<p style=\"text-align: justify;\"><strong>Contacto con Fisiohogar<\/strong><\/p>\n<p style=\"text-align: justify;\">Tanto para eventos deportivos como para particulares que practican deporte, ponemos a su disposici\u00f3n nuestros tel\u00e9fonos de contacto\u00a0635 923 027 \/ 615 358 759 y un <a href=\"http:\/\/www.fisiohogar.com\/sevilla\/contacta-ahora\/\">formulario<\/a>. Siempre puede contar con Fisiohogar.<\/p>\n","protected":false},"excerpt":{"rendered":"<p>La pr\u00e1ctica del deporte ha pasado a formar parte de la vida diaria de multitud de sevillanos, que han integrado en sus vidas\u00a0el ciclismo, el baloncesto, el tenis&#8230; Sin embargo, ya se practique de  [&#8230;]<\/p>\n","protected":false},"author":1,"featured_media":0,"parent":0,"menu_order":0,"comment_status":"closed","ping_status":"closed","template":"template-full.php","meta":{"_joinchat":[],"footnotes":""},"class_list":["post-26","page","type-page","status-publish","hentry"],"yoast_head":"<!-- This site is optimized with the Yoast SEO plugin v27.5 - https:\/\/yoast.com\/product\/yoast-seo-wordpress\/ -->\n<title>Fisioterapia para deportistas - Fisioterapia a domicilio Sevilla<\/title>\n<meta name=\"robots\" content=\"index, follow, max-snippet:-1, max-image-preview:large, max-video-preview:-1\" \/>\n<link rel=\"canonical\" href=\"https:\/\/www.fisiohogar.com\/sevilla\/fisioterapia-para-deportistas\/\" \/>\n<meta property=\"og:locale\" content=\"es_ES\" \/>\n<meta property=\"og:type\" content=\"article\" \/>\n<meta property=\"og:title\" content=\"Fisioterapia para deportistas - Fisioterapia a domicilio Sevilla\" \/>\n<meta property=\"og:description\" content=\"La pr\u00e1ctica del deporte ha pasado a formar parte de la vida diaria de multitud de sevillanos, que han integrado en sus vidas\u00a0el ciclismo, el baloncesto, el tenis&#8230; Sin embargo, ya se practique de [...]\" \/>\n<meta property=\"og:url\" content=\"https:\/\/www.fisiohogar.com\/sevilla\/fisioterapia-para-deportistas\/\" \/>\n<meta property=\"og:site_name\" content=\"Fisioterapia a domicilio Sevilla\" \/>\n<meta property=\"article:modified_time\" content=\"2016-12-21T21:42:01+00:00\" \/>\n<meta property=\"og:image\" content=\"http:\/\/www.fisiohogar.com\/sevilla\/wp-content\/uploads\/sites\/33\/2016\/03\/fisioterapia-deporte.jpg\" \/>\n<meta name=\"twitter:card\" content=\"summary_large_image\" \/>\n<meta name=\"twitter:label1\" content=\"Tiempo de lectura\" \/>\n\t<meta name=\"twitter:data1\" content=\"2 minutos\" \/>\n<script type=\"application\/ld+json\" class=\"yoast-schema-graph\">{\"@context\":\"https:\\\/\\\/schema.org\",\"@graph\":[{\"@type\":\"WebPage\",\"@id\":\"https:\\\/\\\/www.fisiohogar.com\\\/sevilla\\\/fisioterapia-para-deportistas\\\/\",\"url\":\"https:\\\/\\\/www.fisiohogar.com\\\/sevilla\\\/fisioterapia-para-deportistas\\\/\",\"name\":\"Fisioterapia para deportistas - Fisioterapia a domicilio Sevilla\",\"isPartOf\":{\"@id\":\"https:\\\/\\\/www.fisiohogar.com\\\/sevilla\\\/#website\"},\"primaryImageOfPage\":{\"@id\":\"https:\\\/\\\/www.fisiohogar.com\\\/sevilla\\\/fisioterapia-para-deportistas\\\/#primaryimage\"},\"image\":{\"@id\":\"https:\\\/\\\/www.fisiohogar.com\\\/sevilla\\\/fisioterapia-para-deportistas\\\/#primaryimage\"},\"thumbnailUrl\":\"http:\\\/\\\/www.fisiohogar.com\\\/sevilla\\\/wp-content\\\/uploads\\\/sites\\\/33\\\/2016\\\/03\\\/fisioterapia-deporte.jpg\",\"datePublished\":\"2016-03-09T10:56:36+00:00\",\"dateModified\":\"2016-12-21T21:42:01+00:00\",\"breadcrumb\":{\"@id\":\"https:\\\/\\\/www.fisiohogar.com\\\/sevilla\\\/fisioterapia-para-deportistas\\\/#breadcrumb\"},\"inLanguage\":\"es\",\"potentialAction\":[{\"@type\":\"ReadAction\",\"target\":[\"https:\\\/\\\/www.fisiohogar.com\\\/sevilla\\\/fisioterapia-para-deportistas\\\/\"]}]},{\"@type\":\"ImageObject\",\"inLanguage\":\"es\",\"@id\":\"https:\\\/\\\/www.fisiohogar.com\\\/sevilla\\\/fisioterapia-para-deportistas\\\/#primaryimage\",\"url\":\"https:\\\/\\\/www.fisiohogar.com\\\/sevilla\\\/wp-content\\\/uploads\\\/sites\\\/33\\\/2016\\\/03\\\/fisioterapia-deporte.jpg\",\"contentUrl\":\"https:\\\/\\\/www.fisiohogar.com\\\/sevilla\\\/wp-content\\\/uploads\\\/sites\\\/33\\\/2016\\\/03\\\/fisioterapia-deporte.jpg\",\"width\":900,\"height\":578},{\"@type\":\"BreadcrumbList\",\"@id\":\"https:\\\/\\\/www.fisiohogar.com\\\/sevilla\\\/fisioterapia-para-deportistas\\\/#breadcrumb\",\"itemListElement\":[{\"@type\":\"ListItem\",\"position\":1,\"name\":\"Portada\",\"item\":\"https:\\\/\\\/www.fisiohogar.com\\\/sevilla\\\/\"},{\"@type\":\"ListItem\",\"position\":2,\"name\":\"Fisioterapia para deportistas\"}]},{\"@type\":\"WebSite\",\"@id\":\"https:\\\/\\\/www.fisiohogar.com\\\/sevilla\\\/#website\",\"url\":\"https:\\\/\\\/www.fisiohogar.com\\\/sevilla\\\/\",\"name\":\"Fisioterapia a domicilio Sevilla\",\"description\":\"Fisioterapia a domicilio en Sevilla\",\"potentialAction\":[{\"@type\":\"SearchAction\",\"target\":{\"@type\":\"EntryPoint\",\"urlTemplate\":\"https:\\\/\\\/www.fisiohogar.com\\\/sevilla\\\/?s={search_term_string}\"},\"query-input\":{\"@type\":\"PropertyValueSpecification\",\"valueRequired\":true,\"valueName\":\"search_term_string\"}}],\"inLanguage\":\"es\"}]}<\/script>\n<!-- \/ Yoast SEO plugin. -->","yoast_head_json":{"title":"Fisioterapia para deportistas - Fisioterapia a domicilio Sevilla","robots":{"index":"index","follow":"follow","max-snippet":"max-snippet:-1","max-image-preview":"max-image-preview:large","max-video-preview":"max-video-preview:-1"},"canonical":"https:\/\/www.fisiohogar.com\/sevilla\/fisioterapia-para-deportistas\/","og_locale":"es_ES","og_type":"article","og_title":"Fisioterapia para deportistas - Fisioterapia a domicilio Sevilla","og_description":"La pr\u00e1ctica del deporte ha pasado a formar parte de la vida diaria de multitud de sevillanos, que han integrado en sus vidas\u00a0el ciclismo, el baloncesto, el tenis&#8230; Sin embargo, ya se practique de [...]","og_url":"https:\/\/www.fisiohogar.com\/sevilla\/fisioterapia-para-deportistas\/","og_site_name":"Fisioterapia a domicilio Sevilla","article_modified_time":"2016-12-21T21:42:01+00:00","og_image":[{"url":"http:\/\/www.fisiohogar.com\/sevilla\/wp-content\/uploads\/sites\/33\/2016\/03\/fisioterapia-deporte.jpg","type":"","width":"","height":""}],"twitter_card":"summary_large_image","twitter_misc":{"Tiempo de lectura":"2 minutos"},"schema":{"@context":"https:\/\/schema.org","@graph":[{"@type":"WebPage","@id":"https:\/\/www.fisiohogar.com\/sevilla\/fisioterapia-para-deportistas\/","url":"https:\/\/www.fisiohogar.com\/sevilla\/fisioterapia-para-deportistas\/","name":"Fisioterapia para deportistas - Fisioterapia a domicilio Sevilla","isPartOf":{"@id":"https:\/\/www.fisiohogar.com\/sevilla\/#website"},"primaryImageOfPage":{"@id":"https:\/\/www.fisiohogar.com\/sevilla\/fisioterapia-para-deportistas\/#primaryimage"},"image":{"@id":"https:\/\/www.fisiohogar.com\/sevilla\/fisioterapia-para-deportistas\/#primaryimage"},"thumbnailUrl":"http:\/\/www.fisiohogar.com\/sevilla\/wp-content\/uploads\/sites\/33\/2016\/03\/fisioterapia-deporte.jpg","datePublished":"2016-03-09T10:56:36+00:00","dateModified":"2016-12-21T21:42:01+00:00","breadcrumb":{"@id":"https:\/\/www.fisiohogar.com\/sevilla\/fisioterapia-para-deportistas\/#breadcrumb"},"inLanguage":"es","potentialAction":[{"@type":"ReadAction","target":["https:\/\/www.fisiohogar.com\/sevilla\/fisioterapia-para-deportistas\/"]}]},{"@type":"ImageObject","inLanguage":"es","@id":"https:\/\/www.fisiohogar.com\/sevilla\/fisioterapia-para-deportistas\/#primaryimage","url":"https:\/\/www.fisiohogar.com\/sevilla\/wp-content\/uploads\/sites\/33\/2016\/03\/fisioterapia-deporte.jpg","contentUrl":"https:\/\/www.fisiohogar.com\/sevilla\/wp-content\/uploads\/sites\/33\/2016\/03\/fisioterapia-deporte.jpg","width":900,"height":578},{"@type":"BreadcrumbList","@id":"https:\/\/www.fisiohogar.com\/sevilla\/fisioterapia-para-deportistas\/#breadcrumb","itemListElement":[{"@type":"ListItem","position":1,"name":"Portada","item":"https:\/\/www.fisiohogar.com\/sevilla\/"},{"@type":"ListItem","position":2,"name":"Fisioterapia para deportistas"}]},{"@type":"WebSite","@id":"https:\/\/www.fisiohogar.com\/sevilla\/#website","url":"https:\/\/www.fisiohogar.com\/sevilla\/","name":"Fisioterapia a domicilio Sevilla","description":"Fisioterapia a domicilio en Sevilla","potentialAction":[{"@type":"SearchAction","target":{"@type":"EntryPoint","urlTemplate":"https:\/\/www.fisiohogar.com\/sevilla\/?s={search_term_string}"},"query-input":{"@type":"PropertyValueSpecification","valueRequired":true,"valueName":"search_term_string"}}],"inLanguage":"es"}]}},"_links":{"self":[{"href":"https:\/\/www.fisiohogar.com\/sevilla\/wp-json\/wp\/v2\/pages\/26","targetHints":{"allow":["GET"]}}],"collection":[{"href":"https:\/\/www.fisiohogar.com\/sevilla\/wp-json\/wp\/v2\/pages"}],"about":[{"href":"https:\/\/www.fisiohogar.com\/sevilla\/wp-json\/wp\/v2\/types\/page"}],"author":[{"embeddable":true,"href":"https:\/\/www.fisiohogar.com\/sevilla\/wp-json\/wp\/v2\/users\/1"}],"replies":[{"embeddable":true,"href":"https:\/\/www.fisiohogar.com\/sevilla\/wp-json\/wp\/v2\/comments?post=26"}],"version-history":[{"count":0,"href":"https:\/\/www.fisiohogar.com\/sevilla\/wp-json\/wp\/v2\/pages\/26\/revisions"}],"wp:attachment":[{"href":"https:\/\/www.fisiohogar.com\/sevilla\/wp-json\/wp\/v2\/media?parent=26"}],"curies":[{"name":"wp","href":"https:\/\/api.w.org\/{rel}","templated":true}]}}