{"id":25,"date":"2016-03-09T10:56:12","date_gmt":"2016-03-09T10:56:12","guid":{"rendered":"http:\/\/www.fisiohogar.com\/sansebastiandelosreyes\/?page_id=23"},"modified":"2016-12-21T21:41:10","modified_gmt":"2016-12-21T21:41:10","slug":"fisioterapia-parkinson-otras-enfermedades-neurologicas","status":"publish","type":"page","link":"https:\/\/www.fisiohogar.com\/sevilla\/fisioterapia-parkinson-otras-enfermedades-neurologicas\/","title":{"rendered":"Fisioterapia para el Alzheimer y otras enfermedades neurol\u00f3gicas"},"content":{"rendered":"<p style=\"text-align: justify;\">El incremento de la incidencia de las\u00a0<strong>enfermedades neurol\u00f3gicas<\/strong>, en parte debido tambi\u00e9n al incremento de la esperanza de vida, est\u00e1 conduciendo a que un gran n\u00famero de personas se ven afectadas por unas enfermedades de las que todav\u00eda no se conoce ninguna cura y que degradan los \u00faltimos a\u00f1os de vida de una manera que, en ocasiones, sobrepasa a la capacidad de atenci\u00f3n de los familiares.<\/p>\n<p style=\"text-align: justify;\">El <strong>Parkinson<\/strong> o el <strong>Alzheimer<\/strong> son dos ejemplos de estas enfermedades neurol\u00f3gicas que demuestran la necesidad de recibir una atenci\u00f3n especializada que ayude a estabilizar a estas personas y mejorar su calidad de vida.<\/p>\n<p style=\"text-align: justify;\">En <strong>Sevilla<\/strong> ofrecemos un servicio especial para todos estos enfermos\u00a0en el que se incluye la\u00a0atenci\u00f3n por <strong>profesionales de la fisioterapia neurol\u00f3gica<\/strong> que le ofrecer\u00e1n el mejor plan de tratamiento posible.<\/p>\n<p style=\"text-align: justify;\"><strong><img decoding=\"async\" class=\"lazyload aligncenter size-full wp-image-546\" src=\"http:\/\/www.fisiohogar.com\/sevilla\/wp-content\/uploads\/sites\/33\/2016\/03\/fisioterapia-parkinson.jpg\" data-orig-src=\"http:\/\/www.fisiohogar.com\/sevilla\/wp-content\/uploads\/sites\/33\/2016\/03\/fisioterapia-parkinson.jpg\" alt=\"\" width=\"900\" height=\"696\" srcset=\"data:image\/svg+xml,%3Csvg%20xmlns%3D%27http%3A%2F%2Fwww.w3.org%2F2000%2Fsvg%27%20width%3D%27900%27%20height%3D%27696%27%20viewBox%3D%270%200%20900%20696%27%3E%3Crect%20width%3D%27900%27%20height%3D%27696%27%20fill-opacity%3D%220%22%2F%3E%3C%2Fsvg%3E\" data-srcset=\"https:\/\/www.fisiohogar.com\/sevilla\/wp-content\/uploads\/sites\/33\/2016\/03\/fisioterapia-parkinson-300x232.jpg 300w, https:\/\/www.fisiohogar.com\/sevilla\/wp-content\/uploads\/sites\/33\/2016\/03\/fisioterapia-parkinson-768x594.jpg 768w, https:\/\/www.fisiohogar.com\/sevilla\/wp-content\/uploads\/sites\/33\/2016\/03\/fisioterapia-parkinson.jpg 900w\" data-sizes=\"auto\" data-orig-sizes=\"(max-width: 900px) 100vw, 900px\" \/>El objetivo de las sesiones de fisioterapia es combatir los s\u00edntomas de estas enfermedades, intentando enlentecer su avance y al mismo tiempo se busca minimizar las secuelas que ya est\u00e9n presentes<\/strong>.<\/p>\n<p style=\"text-align: justify;\">En estos enfermos la <strong>atenci\u00f3n domiciliaria<\/strong> supone un gran alivio pues evitamos desplazamientos que en ocasiones ni siquiera son posibles y adem\u00e1s contribuimos a que las sesiones de fisioterapia se desarrollen en un ambiente tranquilo y conocido por el paciente.<\/p>\n<p style=\"text-align: justify;\">Nuestros fisioterapeutas de Sevilla pueden desarrollar perfectamente su trabajo en los domicilios de los pacientes pues se desplazan con el material necesario. Adem\u00e1s, siempre se realizan una evaluaci\u00f3n inicial, sin coste alguno, para que se pueda conocer el estado de salud del paciente y para poder hacer una correcta planificaci\u00f3n\u00a0de las\u00a0terapias.<\/p>\n<p style=\"text-align: justify;\">Las t\u00e9cnicas que suelen emplear nuestros fisioterapeutas en el caso de enfermedades neurol\u00f3gicas son muy diversas, como el m\u00e9todo Bobath combinado con ejercicios y movilizaciones activas y pasivas, el kabat, la neurodin\u00e1mica, etc.<\/p>\n<p style=\"text-align: justify;\">En todos los casos <strong>buscamos la completa implicaci\u00f3n del paciente en su recuperaci\u00f3n<\/strong>, porque con una buena actitud los resultados siempre ser\u00e1n mejores y porque tambi\u00e9n le planteamos tareas al margen de las sesiones de fisioterapia, como la realizaci\u00f3n de ejercicios.<\/p>\n<p style=\"text-align: justify;\"><strong>Contacto con Fisiohogar<\/strong><\/p>\n<p style=\"text-align: justify;\">No retrase por m\u00e1s tiempo las sesiones de fisioterapia, porque hemos preparado unos <a href=\"http:\/\/www.fisiohogar.com\/sevilla\/tarifas-de-fisioterapia\/\">bonos de 10 sesiones con un descuento especial<\/a>. Usted no tendr\u00e1 que pagar nada, de manera adicional,\u00a0por los desplazamientos de nuestros fisioterapeutas. Nos adaptamos al horario que m\u00e1s c\u00f3modo le resulte. Solicite hoy mismo, llam\u00e1ndonos por tel\u00e9fono o envi\u00e1ndonos un <a href=\"http:\/\/www.fisiohogar.com\/sevilla\/contacta-ahora\/\">formulario<\/a>,\u00a0que uno de nuestros fisioterapeutas se ponga en contacto con usted para ofrecerle m\u00e1s informaci\u00f3n, aclarar dudas o para concertar la primera sesi\u00f3n de fisioterapia.<\/p>\n","protected":false},"excerpt":{"rendered":"<p>El incremento de la incidencia de las\u00a0enfermedades neurol\u00f3gicas, en parte debido tambi\u00e9n al incremento de la esperanza de vida, est\u00e1 conduciendo a que un gran n\u00famero de personas se ven afectadas por unas enfermedades  [&#8230;]<\/p>\n","protected":false},"author":1,"featured_media":0,"parent":0,"menu_order":0,"comment_status":"closed","ping_status":"closed","template":"template-full.php","meta":{"_joinchat":[],"footnotes":""},"class_list":["post-25","page","type-page","status-publish","hentry"],"yoast_head":"<!-- This site is optimized with the Yoast SEO plugin v27.4 - https:\/\/yoast.com\/product\/yoast-seo-wordpress\/ -->\n<title>Fisioterapia para el Alzheimer y otras enfermedades neurol\u00f3gicas - Fisioterapia a domicilio Sevilla<\/title>\n<meta name=\"robots\" content=\"index, follow, max-snippet:-1, max-image-preview:large, max-video-preview:-1\" \/>\n<link rel=\"canonical\" href=\"https:\/\/www.fisiohogar.com\/sevilla\/fisioterapia-parkinson-otras-enfermedades-neurologicas\/\" \/>\n<meta property=\"og:locale\" content=\"es_ES\" \/>\n<meta property=\"og:type\" content=\"article\" \/>\n<meta property=\"og:title\" content=\"Fisioterapia para el Alzheimer y otras enfermedades neurol\u00f3gicas - Fisioterapia a domicilio Sevilla\" \/>\n<meta property=\"og:description\" content=\"El incremento de la incidencia de las\u00a0enfermedades neurol\u00f3gicas, en parte debido tambi\u00e9n al incremento de la esperanza de vida, est\u00e1 conduciendo a que un gran n\u00famero de personas se ven afectadas por unas enfermedades [...]\" \/>\n<meta property=\"og:url\" content=\"https:\/\/www.fisiohogar.com\/sevilla\/fisioterapia-parkinson-otras-enfermedades-neurologicas\/\" \/>\n<meta property=\"og:site_name\" content=\"Fisioterapia a domicilio Sevilla\" \/>\n<meta property=\"article:modified_time\" content=\"2016-12-21T21:41:10+00:00\" \/>\n<meta property=\"og:image\" content=\"http:\/\/www.fisiohogar.com\/sevilla\/wp-content\/uploads\/sites\/33\/2016\/03\/fisioterapia-parkinson.jpg\" \/>\n<meta name=\"twitter:card\" content=\"summary_large_image\" \/>\n<meta name=\"twitter:label1\" content=\"Tiempo de lectura\" \/>\n\t<meta name=\"twitter:data1\" content=\"2 minutos\" \/>\n<script type=\"application\/ld+json\" class=\"yoast-schema-graph\">{\"@context\":\"https:\\\/\\\/schema.org\",\"@graph\":[{\"@type\":\"WebPage\",\"@id\":\"https:\\\/\\\/www.fisiohogar.com\\\/sevilla\\\/fisioterapia-parkinson-otras-enfermedades-neurologicas\\\/\",\"url\":\"https:\\\/\\\/www.fisiohogar.com\\\/sevilla\\\/fisioterapia-parkinson-otras-enfermedades-neurologicas\\\/\",\"name\":\"Fisioterapia para el Alzheimer y otras enfermedades neurol\u00f3gicas - Fisioterapia a domicilio Sevilla\",\"isPartOf\":{\"@id\":\"https:\\\/\\\/www.fisiohogar.com\\\/sevilla\\\/#website\"},\"primaryImageOfPage\":{\"@id\":\"https:\\\/\\\/www.fisiohogar.com\\\/sevilla\\\/fisioterapia-parkinson-otras-enfermedades-neurologicas\\\/#primaryimage\"},\"image\":{\"@id\":\"https:\\\/\\\/www.fisiohogar.com\\\/sevilla\\\/fisioterapia-parkinson-otras-enfermedades-neurologicas\\\/#primaryimage\"},\"thumbnailUrl\":\"http:\\\/\\\/www.fisiohogar.com\\\/sevilla\\\/wp-content\\\/uploads\\\/sites\\\/33\\\/2016\\\/03\\\/fisioterapia-parkinson.jpg\",\"datePublished\":\"2016-03-09T10:56:12+00:00\",\"dateModified\":\"2016-12-21T21:41:10+00:00\",\"breadcrumb\":{\"@id\":\"https:\\\/\\\/www.fisiohogar.com\\\/sevilla\\\/fisioterapia-parkinson-otras-enfermedades-neurologicas\\\/#breadcrumb\"},\"inLanguage\":\"es\",\"potentialAction\":[{\"@type\":\"ReadAction\",\"target\":[\"https:\\\/\\\/www.fisiohogar.com\\\/sevilla\\\/fisioterapia-parkinson-otras-enfermedades-neurologicas\\\/\"]}]},{\"@type\":\"ImageObject\",\"inLanguage\":\"es\",\"@id\":\"https:\\\/\\\/www.fisiohogar.com\\\/sevilla\\\/fisioterapia-parkinson-otras-enfermedades-neurologicas\\\/#primaryimage\",\"url\":\"https:\\\/\\\/www.fisiohogar.com\\\/sevilla\\\/wp-content\\\/uploads\\\/sites\\\/33\\\/2016\\\/03\\\/fisioterapia-parkinson.jpg\",\"contentUrl\":\"https:\\\/\\\/www.fisiohogar.com\\\/sevilla\\\/wp-content\\\/uploads\\\/sites\\\/33\\\/2016\\\/03\\\/fisioterapia-parkinson.jpg\",\"width\":900,\"height\":696},{\"@type\":\"BreadcrumbList\",\"@id\":\"https:\\\/\\\/www.fisiohogar.com\\\/sevilla\\\/fisioterapia-parkinson-otras-enfermedades-neurologicas\\\/#breadcrumb\",\"itemListElement\":[{\"@type\":\"ListItem\",\"position\":1,\"name\":\"Portada\",\"item\":\"https:\\\/\\\/www.fisiohogar.com\\\/sevilla\\\/\"},{\"@type\":\"ListItem\",\"position\":2,\"name\":\"Fisioterapia para el Alzheimer y otras enfermedades neurol\u00f3gicas\"}]},{\"@type\":\"WebSite\",\"@id\":\"https:\\\/\\\/www.fisiohogar.com\\\/sevilla\\\/#website\",\"url\":\"https:\\\/\\\/www.fisiohogar.com\\\/sevilla\\\/\",\"name\":\"Fisioterapia a domicilio Sevilla\",\"description\":\"Fisioterapia a domicilio en Sevilla\",\"potentialAction\":[{\"@type\":\"SearchAction\",\"target\":{\"@type\":\"EntryPoint\",\"urlTemplate\":\"https:\\\/\\\/www.fisiohogar.com\\\/sevilla\\\/?s={search_term_string}\"},\"query-input\":{\"@type\":\"PropertyValueSpecification\",\"valueRequired\":true,\"valueName\":\"search_term_string\"}}],\"inLanguage\":\"es\"}]}<\/script>\n<!-- \/ Yoast SEO plugin. -->","yoast_head_json":{"title":"Fisioterapia para el Alzheimer y otras enfermedades neurol\u00f3gicas - Fisioterapia a domicilio Sevilla","robots":{"index":"index","follow":"follow","max-snippet":"max-snippet:-1","max-image-preview":"max-image-preview:large","max-video-preview":"max-video-preview:-1"},"canonical":"https:\/\/www.fisiohogar.com\/sevilla\/fisioterapia-parkinson-otras-enfermedades-neurologicas\/","og_locale":"es_ES","og_type":"article","og_title":"Fisioterapia para el Alzheimer y otras enfermedades neurol\u00f3gicas - Fisioterapia a domicilio Sevilla","og_description":"El incremento de la incidencia de las\u00a0enfermedades neurol\u00f3gicas, en parte debido tambi\u00e9n al incremento de la esperanza de vida, est\u00e1 conduciendo a que un gran n\u00famero de personas se ven afectadas por unas enfermedades [...]","og_url":"https:\/\/www.fisiohogar.com\/sevilla\/fisioterapia-parkinson-otras-enfermedades-neurologicas\/","og_site_name":"Fisioterapia a domicilio Sevilla","article_modified_time":"2016-12-21T21:41:10+00:00","og_image":[{"url":"http:\/\/www.fisiohogar.com\/sevilla\/wp-content\/uploads\/sites\/33\/2016\/03\/fisioterapia-parkinson.jpg","type":"","width":"","height":""}],"twitter_card":"summary_large_image","twitter_misc":{"Tiempo de lectura":"2 minutos"},"schema":{"@context":"https:\/\/schema.org","@graph":[{"@type":"WebPage","@id":"https:\/\/www.fisiohogar.com\/sevilla\/fisioterapia-parkinson-otras-enfermedades-neurologicas\/","url":"https:\/\/www.fisiohogar.com\/sevilla\/fisioterapia-parkinson-otras-enfermedades-neurologicas\/","name":"Fisioterapia para el Alzheimer y otras enfermedades neurol\u00f3gicas - Fisioterapia a domicilio Sevilla","isPartOf":{"@id":"https:\/\/www.fisiohogar.com\/sevilla\/#website"},"primaryImageOfPage":{"@id":"https:\/\/www.fisiohogar.com\/sevilla\/fisioterapia-parkinson-otras-enfermedades-neurologicas\/#primaryimage"},"image":{"@id":"https:\/\/www.fisiohogar.com\/sevilla\/fisioterapia-parkinson-otras-enfermedades-neurologicas\/#primaryimage"},"thumbnailUrl":"http:\/\/www.fisiohogar.com\/sevilla\/wp-content\/uploads\/sites\/33\/2016\/03\/fisioterapia-parkinson.jpg","datePublished":"2016-03-09T10:56:12+00:00","dateModified":"2016-12-21T21:41:10+00:00","breadcrumb":{"@id":"https:\/\/www.fisiohogar.com\/sevilla\/fisioterapia-parkinson-otras-enfermedades-neurologicas\/#breadcrumb"},"inLanguage":"es","potentialAction":[{"@type":"ReadAction","target":["https:\/\/www.fisiohogar.com\/sevilla\/fisioterapia-parkinson-otras-enfermedades-neurologicas\/"]}]},{"@type":"ImageObject","inLanguage":"es","@id":"https:\/\/www.fisiohogar.com\/sevilla\/fisioterapia-parkinson-otras-enfermedades-neurologicas\/#primaryimage","url":"https:\/\/www.fisiohogar.com\/sevilla\/wp-content\/uploads\/sites\/33\/2016\/03\/fisioterapia-parkinson.jpg","contentUrl":"https:\/\/www.fisiohogar.com\/sevilla\/wp-content\/uploads\/sites\/33\/2016\/03\/fisioterapia-parkinson.jpg","width":900,"height":696},{"@type":"BreadcrumbList","@id":"https:\/\/www.fisiohogar.com\/sevilla\/fisioterapia-parkinson-otras-enfermedades-neurologicas\/#breadcrumb","itemListElement":[{"@type":"ListItem","position":1,"name":"Portada","item":"https:\/\/www.fisiohogar.com\/sevilla\/"},{"@type":"ListItem","position":2,"name":"Fisioterapia para el Alzheimer y otras enfermedades neurol\u00f3gicas"}]},{"@type":"WebSite","@id":"https:\/\/www.fisiohogar.com\/sevilla\/#website","url":"https:\/\/www.fisiohogar.com\/sevilla\/","name":"Fisioterapia a domicilio Sevilla","description":"Fisioterapia a domicilio en Sevilla","potentialAction":[{"@type":"SearchAction","target":{"@type":"EntryPoint","urlTemplate":"https:\/\/www.fisiohogar.com\/sevilla\/?s={search_term_string}"},"query-input":{"@type":"PropertyValueSpecification","valueRequired":true,"valueName":"search_term_string"}}],"inLanguage":"es"}]}},"_links":{"self":[{"href":"https:\/\/www.fisiohogar.com\/sevilla\/wp-json\/wp\/v2\/pages\/25","targetHints":{"allow":["GET"]}}],"collection":[{"href":"https:\/\/www.fisiohogar.com\/sevilla\/wp-json\/wp\/v2\/pages"}],"about":[{"href":"https:\/\/www.fisiohogar.com\/sevilla\/wp-json\/wp\/v2\/types\/page"}],"author":[{"embeddable":true,"href":"https:\/\/www.fisiohogar.com\/sevilla\/wp-json\/wp\/v2\/users\/1"}],"replies":[{"embeddable":true,"href":"https:\/\/www.fisiohogar.com\/sevilla\/wp-json\/wp\/v2\/comments?post=25"}],"version-history":[{"count":0,"href":"https:\/\/www.fisiohogar.com\/sevilla\/wp-json\/wp\/v2\/pages\/25\/revisions"}],"wp:attachment":[{"href":"https:\/\/www.fisiohogar.com\/sevilla\/wp-json\/wp\/v2\/media?parent=25"}],"curies":[{"name":"wp","href":"https:\/\/api.w.org\/{rel}","templated":true}]}}