{"id":5151,"date":"2023-01-16T18:21:18","date_gmt":"2023-01-16T18:21:18","guid":{"rendered":"https:\/\/www.fisiohogar.com\/sansebastiandelosreyes\/?page_id=5151"},"modified":"2026-03-12T12:08:08","modified_gmt":"2026-03-12T12:08:08","slug":"fisioterapia-a-domicilio-en-tempranales-san-sebastian-de-los-reyes-madrid","status":"publish","type":"page","link":"https:\/\/www.fisiohogar.com\/sansebastiandelosreyes\/fisioterapia-a-domicilio-en-tempranales-san-sebastian-de-los-reyes-madrid\/","title":{"rendered":"Fisioterapia a domicilio en Tempranales (San Sebasti\u00e1n de los Reyes)"},"content":{"rendered":"<p><div class=\"fusion-fullwidth fullwidth-box fusion-builder-row-1 fusion-flex-container nonhundred-percent-fullwidth non-hundred-percent-height-scrolling\" style=\"--awb-border-radius-top-left:0px;--awb-border-radius-top-right:0px;--awb-border-radius-bottom-right:0px;--awb-border-radius-bottom-left:0px;--awb-padding-top:6%;--awb-padding-bottom:60px;--awb-padding-top-medium:52px;--awb-padding-right-medium:0px;--awb-padding-bottom-medium:0px;--awb-padding-left-medium:0px;--awb-padding-top-small:40px;--awb-padding-right-small:0px;--awb-padding-bottom-small:30px;--awb-padding-left-small:0px;--awb-flex-wrap:wrap;\" ><div class=\"fusion-builder-row fusion-row fusion-flex-align-items-flex-start fusion-flex-content-wrap\" style=\"max-width:1248px;margin-left: calc(-4% \/ 2 );margin-right: calc(-4% \/ 2 );\"><div class=\"fusion-layout-column fusion_builder_column fusion-builder-column-0 fusion_builder_column_1_1 1_1 fusion-flex-column\" style=\"--awb-overflow:hidden;--awb-bg-image:linear-gradient(180deg, var(--awb-color1) 7%,var(--awb-color2) 7%);--awb-bg-size:cover;--awb-border-radius:120px 0px 120px 0px;--awb-width-large:100%;--awb-margin-top-large:0px;--awb-spacing-right-large:1.92%;--awb-margin-bottom-large:20px;--awb-spacing-left-large:1.92%;--awb-width-medium:100%;--awb-order-medium:0;--awb-spacing-right-medium:1.92%;--awb-spacing-left-medium:1.92%;--awb-width-small:100%;--awb-order-small:0;--awb-spacing-right-small:1.92%;--awb-spacing-left-small:1.92%;\"><div class=\"fusion-column-wrapper fusion-column-has-shadow fusion-flex-justify-content-flex-start fusion-content-layout-column\"><div class=\"fusion-builder-row fusion-builder-row-inner fusion-row fusion-flex-align-items-flex-start fusion-flex-content-wrap\" style=\"--awb-flex-grow:0;--awb-flex-grow-medium:0;--awb-flex-grow-small:0;--awb-flex-shrink:0;--awb-flex-shrink-medium:0;--awb-flex-shrink-small:0;width:104% !important;max-width:104% !important;margin-left: calc(-4% \/ 2 );margin-right: calc(-4% \/ 2 );\"><div class=\"fusion-layout-column fusion_builder_column_inner fusion-builder-nested-column-0 fusion_builder_column_inner_1_2 1_2 fusion-flex-column fusion-animated\" style=\"--awb-padding-top:160px;--awb-padding-bottom:160px;--awb-padding-top-small:0px;--awb-padding-bottom-small:0px;--awb-overflow:hidden;--awb-bg-image:url(&#039;https:\/\/www.fisiohogar.com\/sansebastiandelosreyes\/wp-content\/uploads\/sites\/37\/2021\/05\/tempranales-sanse.jpeg&#039;);--awb-bg-position:center center;--awb-bg-size:cover;--awb-border-radius:120px 0px 120px 0px;--awb-width-large:50%;--awb-margin-top-large:0px;--awb-spacing-right-large:9.6%;--awb-margin-bottom-large:0px;--awb-spacing-left-large:3.84%;--awb-width-medium:50%;--awb-order-medium:0;--awb-spacing-right-medium:7.68%;--awb-spacing-left-medium:3.84%;--awb-width-small:100%;--awb-order-small:0;--awb-spacing-right-small:40px;--awb-spacing-left-small:40px;\" data-animationType=\"fadeInLeft\" data-animationDuration=\"1.6\" data-animationOffset=\"top-into-view\"><div class=\"fusion-column-wrapper fusion-column-has-shadow fusion-flex-justify-content-flex-start fusion-content-layout-column fusion-column-has-bg-image\" data-bg-url=\"https:\/\/www.fisiohogar.com\/sansebastiandelosreyes\/wp-content\/uploads\/sites\/37\/2021\/05\/tempranales-sanse.jpeg\"><div class=\"fusion-separator fusion-full-width-sep\" style=\"align-self: center;margin-left: auto;margin-right: auto;margin-top:460px;width:100%;\"><div class=\"fusion-separator-border sep-double\" style=\"--awb-height:20px;--awb-amount:20px;border-color:var(--awb-color3);border-top-width:1px;border-bottom-width:1px;\"><\/div><\/div><\/div><\/div><div class=\"fusion-layout-column fusion_builder_column_inner fusion-builder-nested-column-1 fusion_builder_column_inner_1_2 1_2 fusion-flex-column fusion-animated\" style=\"--awb-bg-size:cover;--awb-width-large:50%;--awb-margin-top-large:80px;--awb-spacing-right-large:19.2%;--awb-margin-bottom-large:80px;--awb-spacing-left-large:9.6%;--awb-width-medium:50%;--awb-order-medium:0;--awb-margin-top-medium:120px;--awb-spacing-right-medium:13.44%;--awb-margin-bottom-medium:40px;--awb-spacing-left-medium:7.68%;--awb-width-small:100%;--awb-order-small:0;--awb-margin-top-small:40px;--awb-spacing-right-small:40px;--awb-margin-bottom-small:40px;--awb-spacing-left-small:40px;\" data-animationType=\"fadeInRight\" data-animationDuration=\"1.6\" data-animationOffset=\"top-into-view\"><div class=\"fusion-column-wrapper fusion-column-has-shadow fusion-flex-justify-content-flex-start fusion-content-layout-column\"><div class=\"fusion-title title fusion-title-1 fusion-sep-none fusion-title-text fusion-title-size-two\" style=\"--awb-margin-top-small:10px;--awb-margin-right-small:0px;--awb-margin-bottom-small:10px;--awb-margin-left-small:0px;--awb-font-size:35px;\"><h2 class=\"fusion-title-heading title-heading-left\" style=\"margin:0;font-size:1em;\">Fisioterapia en Tempranales<\/h2><\/div><div class=\"fusion-text fusion-text-1\" style=\"--awb-content-alignment:left;--awb-font-size:20px;--awb-line-height:1.48em;--awb-letter-spacing:-0.01em;--awb-text-transform:none;\"><p>En la zona oeste de San Sebasti\u00e1n de los Reyes se encuentra el barrio de nueva creaci\u00f3n que tiene por nombre\u00a0<strong>Tempranales<\/strong>.<\/p>\n<p>Al igual que en muchos otros barrios que fundamentalmente presentan construcciones de obra muy reciente, lo que encontramos son grandes avenidas que est\u00e1n pensadas para favorecer un tr\u00e1fico fluido ya que quienes ah\u00ed viven, por lo general, trabajan en San Sebasti\u00e1n de los Reyes, en otras ciudades cercanas, o en Madrid.<\/p>\n<p>Precisamente estas distancias que cada vez se ampl\u00edan m\u00e1s son uno de los inconvenientes m\u00e1s destacados cuando alguien necesita recibir una sesi\u00f3n de fisioterapia y tiene que desplazarse a una cl\u00ednica. Las lesiones y los desplazamientos no suelen conjugarse bien.<\/p>\n<p>Por ese motivo, con el servicio de\u00a0<strong>fisioterapia a domicilio en Tempranales<\/strong>\u00a0que ofrece Fisiohogar, conseguimos que nuestros pacientes puedan recibir las sesiones de fisioterapia que necesitan sin tener que arriesgarse a una nueva lesi\u00f3n.<\/p>\n<\/div><div ><a class=\"fusion-button button-flat fusion-button-default-size button-default fusion-button-default button-1 fusion-button-default-span fusion-button-default-type\" style=\"--awb-margin-top:16px;\" target=\"_self\" href=\"https:\/\/www.fisiohogar.com\/sansebastiandelosreyes\/fisioterapia-a-domicilio-en-tempranales-san-sebastian-de-los-reyes-madrid\/#tarifas\"><span class=\"fusion-button-text awb-button__text awb-button__text--default\">Tarifas de fisioterapia a domicilio en Tempranales<\/span><\/a><\/div><div class=\"fusion-separator fusion-full-width-sep\" style=\"align-self: center;margin-left: auto;margin-right: auto;margin-top:40px;margin-bottom:36px;width:100%;\"><div class=\"fusion-separator-border sep-single sep-dashed\" style=\"--awb-height:20px;--awb-amount:20px;--awb-sep-color:hsla(var(--awb-color8-h),var(--awb-color8-s),var(--awb-color8-l),calc( var(--awb-color8-a) - 88% ));border-color:hsla(var(--awb-color8-h),var(--awb-color8-s),var(--awb-color8-l),calc( var(--awb-color8-a) - 88% ));border-top-width:2px;\"><\/div><\/div><div class=\"fusion-title title fusion-title-2 fusion-sep-none fusion-title-text fusion-title-size-three\" style=\"--awb-margin-top-small:10px;--awb-margin-right-small:0px;--awb-margin-bottom-small:10px;--awb-margin-left-small:0px;\"><h3 class=\"fusion-title-heading title-heading-left\" style=\"margin:0;\">C\u00f3mo solicitar su primera sesi\u00f3n de fisioterapia<\/h3><\/div><div class=\"fusion-text fusion-text-2\" style=\"--awb-content-alignment:left;--awb-line-height:1.48em;--awb-letter-spacing:-0.01em;--awb-text-transform:none;\"><p>Si desea que uno de nuestros fisioterapeutas se desplace a su domicilio para ofrecerle la primera sesi\u00f3n de fisioterapia, por favor, seleccione el m\u00e9todo de contacto que prefiera:<\/p>\n<p>Nos puede llamar por tel\u00e9fono: <a class=\"phone\" href=\"tel:\/\/615358759\">615 358 759<\/a><\/p>\n<p>Nos puede enviar un correo electr\u00f3nico:\u00a0<a href=\"mailto:info@fisiohogar.com\">info@fisiohogar.com<\/a><\/p>\n<p>Nos puede enviar un formulario solicitando cita. Lo tiene en esta p\u00e1gina.<\/p>\n<p>Tambi\u00e9n puede contactarnos por medio de WhatsApp, para lo cual solo tiene que pulsar en el logo circular que aparece en la zona inferior.<\/p>\n<p>Por \u00faltimo, ponemos a su disposici\u00f3n nuestro completo sistema de reservas para que pueda registrarse como cliente de Fisiohogar:\u00a0<a href=\"https:\/\/www.fisiohogar.com\/contact\/\">solicitar cita<\/a>.<\/p>\n<\/div><\/div><\/div><\/div><\/div><\/div><\/div><\/div><div class=\"fusion-fullwidth fullwidth-box fusion-builder-row-2 fusion-flex-container nonhundred-percent-fullwidth non-hundred-percent-height-scrolling\" style=\"--awb-border-radius-top-left:0px;--awb-border-radius-top-right:0px;--awb-border-radius-bottom-right:0px;--awb-border-radius-bottom-left:0px;--awb-flex-wrap:wrap;\" ><div class=\"fusion-builder-row fusion-row fusion-flex-align-items-flex-start fusion-flex-content-wrap\" style=\"max-width:1248px;margin-left: calc(-4% \/ 2 );margin-right: calc(-4% \/ 2 );\"><div class=\"fusion-layout-column fusion_builder_column fusion-builder-column-1 fusion_builder_column_1_1 1_1 fusion-flex-column\" style=\"--awb-bg-size:cover;--awb-width-large:100%;--awb-margin-top-large:0px;--awb-spacing-right-large:1.92%;--awb-margin-bottom-large:20px;--awb-spacing-left-large:1.92%;--awb-width-medium:100%;--awb-order-medium:0;--awb-spacing-right-medium:1.92%;--awb-spacing-left-medium:1.92%;--awb-width-small:100%;--awb-order-small:0;--awb-spacing-right-small:1.92%;--awb-spacing-left-small:1.92%;\"><div class=\"fusion-column-wrapper fusion-column-has-shadow fusion-flex-justify-content-flex-start fusion-content-layout-column\"><div class=\"fusion-title title fusion-title-3 fusion-sep-none fusion-title-text fusion-title-size-two\" style=\"--awb-margin-top-small:10px;--awb-margin-right-small:0px;--awb-margin-bottom-small:10px;--awb-margin-left-small:0px;--awb-font-size:27px;\"><h2 class=\"fusion-title-heading title-heading-left\" style=\"margin:0;font-size:1em;\">Llegamos con la fisioterapia a domicilio a Tempranales y a otras poblaciones de la zona norte de Madrid<\/h2><\/div><iframe src=\"https:\/\/www.google.com\/maps\/d\/embed?mid=1wWBFB9mbFzIU8l0gSacRqcJLk1HzHWU&hl=es&ehbc=2E312F\" width=\"100%\" height=\"480\"><\/iframe><\/div><\/div><div class=\"fusion-layout-column fusion_builder_column fusion-builder-column-2 fusion_builder_column_1_1 1_1 fusion-flex-column\" style=\"--awb-padding-top:20px;--awb-padding-right:20px;--awb-padding-bottom:20px;--awb-padding-left:20px;--awb-overflow:hidden;--awb-bg-color:rgba(140,176,48,0.05);--awb-bg-color-hover:rgba(140,176,48,0.05);--awb-bg-size:cover;--awb-border-color:#8cb030;--awb-border-top:1px;--awb-border-right:1px;--awb-border-bottom:1px;--awb-border-left:1px;--awb-border-style:solid;--awb-border-radius:10px 10px 10px 10px;--awb-width-large:100%;--awb-margin-top-large:0px;--awb-spacing-right-large:1.92%;--awb-margin-bottom-large:20px;--awb-spacing-left-large:1.92%;--awb-width-medium:100%;--awb-order-medium:0;--awb-spacing-right-medium:1.92%;--awb-spacing-left-medium:1.92%;--awb-width-small:100%;--awb-order-small:0;--awb-spacing-right-small:1.92%;--awb-spacing-left-small:1.92%;\"><div class=\"fusion-column-wrapper fusion-column-has-shadow fusion-flex-justify-content-flex-start fusion-content-layout-column\"><div class=\"fusion-title title fusion-title-4 fusion-sep-none fusion-title-text fusion-title-size-two\" style=\"--awb-text-color:#8cb030;--awb-margin-top-small:10px;--awb-margin-right-small:0px;--awb-margin-bottom-small:10px;--awb-margin-left-small:0px;--awb-font-size:27px;\"><h2 class=\"fusion-title-heading title-heading-left\" style=\"margin:0;font-size:1em;\">Precio de la sesi\u00f3n de fisioterapia a domicilio en Tempranales<\/h2><\/div><div class=\"fusion-text fusion-text-3\" style=\"--awb-font-size:21px;--awb-line-height:1.48em;--awb-letter-spacing:-0.01em;--awb-margin-top:25px;\" id=\"tarifas\"><p>Las sesiones a domicilio en la zona de Tempranales (incluido en la zona 1) pueden tener importantes descuentos con nuestros bonos.<\/p>\n<p>Consulte nuestras <a href=\"https:\/\/www.fisiohogar.com\/sansebastiandelosreyes\/tarifas-de-fisioterapia\/\">tarifas de fisioterapia<\/a>.<\/p>\n<\/div><div class=\"fusion-title title fusion-title-5 fusion-sep-none fusion-title-text fusion-title-size-two\" style=\"--awb-text-color:#8cb030;--awb-margin-top-small:10px;--awb-margin-right-small:0px;--awb-margin-bottom-small:10px;--awb-margin-left-small:0px;--awb-font-size:27px;\"><h2 class=\"fusion-title-heading title-heading-left\" style=\"margin:0;font-size:1em;\">Cu\u00e1les son los costes a\u00f1adidos a nuestras tarifas en Tempranales<\/h2><\/div><div class=\"fusion-text fusion-text-4\" style=\"--awb-font-size:21px;--awb-line-height:1.48em;--awb-letter-spacing:-0.01em;--awb-margin-top:25px;\"><p>No hay costes a\u00f1adidos u ocultos. Nuestras tarifas lo incluyen todo: el desplazamiento, servicio del fisioterapeuta, materiales utilizados.<\/p>\n<p>Usted NO tendr\u00e1 que pagar nada adicionalmente en Tempranales.<\/p>\n<\/div><\/div><\/div><\/div><\/div><\/p>\n","protected":false},"excerpt":{"rendered":"","protected":false},"author":1,"featured_media":0,"parent":0,"menu_order":0,"comment_status":"closed","ping_status":"closed","template":"","meta":{"_joinchat":[],"footnotes":""},"class_list":["post-5151","page","type-page","status-publish","hentry"],"yoast_head":"<!-- This site is optimized with the Yoast SEO plugin v27.4 - https:\/\/yoast.com\/product\/yoast-seo-wordpress\/ -->\n<title>Fisioterapia a domicilio en Tempranales (San Sebasti\u00e1n de los Reyes) - San Sebasti\u00e1n de los Reyes<\/title>\n<meta name=\"robots\" content=\"index, follow, max-snippet:-1, max-image-preview:large, max-video-preview:-1\" \/>\n<link rel=\"canonical\" href=\"https:\/\/www.fisiohogar.com\/sansebastiandelosreyes\/fisioterapia-a-domicilio-en-tempranales-san-sebastian-de-los-reyes-madrid\/\" \/>\n<meta property=\"og:locale\" content=\"es_ES\" \/>\n<meta property=\"og:type\" content=\"article\" \/>\n<meta property=\"og:title\" content=\"Fisioterapia a domicilio en Tempranales (San Sebasti\u00e1n de los Reyes) - San Sebasti\u00e1n de los Reyes\" \/>\n<meta property=\"og:url\" content=\"https:\/\/www.fisiohogar.com\/sansebastiandelosreyes\/fisioterapia-a-domicilio-en-tempranales-san-sebastian-de-los-reyes-madrid\/\" \/>\n<meta property=\"og:site_name\" content=\"San Sebasti\u00e1n de los Reyes\" \/>\n<meta property=\"article:modified_time\" content=\"2026-03-12T12:08:08+00:00\" \/>\n<meta name=\"twitter:card\" content=\"summary_large_image\" \/>\n<meta name=\"twitter:label1\" content=\"Tiempo de lectura\" \/>\n\t<meta name=\"twitter:data1\" content=\"2 minutos\" \/>\n<script type=\"application\/ld+json\" class=\"yoast-schema-graph\">{\"@context\":\"https:\\\/\\\/schema.org\",\"@graph\":[{\"@type\":\"WebPage\",\"@id\":\"https:\\\/\\\/www.fisiohogar.com\\\/sansebastiandelosreyes\\\/fisioterapia-a-domicilio-en-tempranales-san-sebastian-de-los-reyes-madrid\\\/\",\"url\":\"https:\\\/\\\/www.fisiohogar.com\\\/sansebastiandelosreyes\\\/fisioterapia-a-domicilio-en-tempranales-san-sebastian-de-los-reyes-madrid\\\/\",\"name\":\"Fisioterapia a domicilio en Tempranales (San Sebasti\u00e1n de los Reyes) - San Sebasti\u00e1n de los Reyes\",\"isPartOf\":{\"@id\":\"https:\\\/\\\/www.fisiohogar.com\\\/sansebastiandelosreyes\\\/#website\"},\"datePublished\":\"2023-01-16T18:21:18+00:00\",\"dateModified\":\"2026-03-12T12:08:08+00:00\",\"breadcrumb\":{\"@id\":\"https:\\\/\\\/www.fisiohogar.com\\\/sansebastiandelosreyes\\\/fisioterapia-a-domicilio-en-tempranales-san-sebastian-de-los-reyes-madrid\\\/#breadcrumb\"},\"inLanguage\":\"es\",\"potentialAction\":[{\"@type\":\"ReadAction\",\"target\":[\"https:\\\/\\\/www.fisiohogar.com\\\/sansebastiandelosreyes\\\/fisioterapia-a-domicilio-en-tempranales-san-sebastian-de-los-reyes-madrid\\\/\"]}]},{\"@type\":\"BreadcrumbList\",\"@id\":\"https:\\\/\\\/www.fisiohogar.com\\\/sansebastiandelosreyes\\\/fisioterapia-a-domicilio-en-tempranales-san-sebastian-de-los-reyes-madrid\\\/#breadcrumb\",\"itemListElement\":[{\"@type\":\"ListItem\",\"position\":1,\"name\":\"Portada\",\"item\":\"https:\\\/\\\/www.fisiohogar.com\\\/sansebastiandelosreyes\\\/\"},{\"@type\":\"ListItem\",\"position\":2,\"name\":\"Fisioterapia a domicilio en Tempranales (San Sebasti\u00e1n de los Reyes)\"}]},{\"@type\":\"WebSite\",\"@id\":\"https:\\\/\\\/www.fisiohogar.com\\\/sansebastiandelosreyes\\\/#website\",\"url\":\"https:\\\/\\\/www.fisiohogar.com\\\/sansebastiandelosreyes\\\/\",\"name\":\"San Sebasti\u00e1n de los Reyes\",\"description\":\"Fisioterapia a domicilio\",\"potentialAction\":[{\"@type\":\"SearchAction\",\"target\":{\"@type\":\"EntryPoint\",\"urlTemplate\":\"https:\\\/\\\/www.fisiohogar.com\\\/sansebastiandelosreyes\\\/?s={search_term_string}\"},\"query-input\":{\"@type\":\"PropertyValueSpecification\",\"valueRequired\":true,\"valueName\":\"search_term_string\"}}],\"inLanguage\":\"es\"}]}<\/script>\n<!-- \/ Yoast SEO plugin. -->","yoast_head_json":{"title":"Fisioterapia a domicilio en Tempranales (San Sebasti\u00e1n de los Reyes) - San Sebasti\u00e1n de los Reyes","robots":{"index":"index","follow":"follow","max-snippet":"max-snippet:-1","max-image-preview":"max-image-preview:large","max-video-preview":"max-video-preview:-1"},"canonical":"https:\/\/www.fisiohogar.com\/sansebastiandelosreyes\/fisioterapia-a-domicilio-en-tempranales-san-sebastian-de-los-reyes-madrid\/","og_locale":"es_ES","og_type":"article","og_title":"Fisioterapia a domicilio en Tempranales (San Sebasti\u00e1n de los Reyes) - San Sebasti\u00e1n de los Reyes","og_url":"https:\/\/www.fisiohogar.com\/sansebastiandelosreyes\/fisioterapia-a-domicilio-en-tempranales-san-sebastian-de-los-reyes-madrid\/","og_site_name":"San Sebasti\u00e1n de los Reyes","article_modified_time":"2026-03-12T12:08:08+00:00","twitter_card":"summary_large_image","twitter_misc":{"Tiempo de lectura":"2 minutos"},"schema":{"@context":"https:\/\/schema.org","@graph":[{"@type":"WebPage","@id":"https:\/\/www.fisiohogar.com\/sansebastiandelosreyes\/fisioterapia-a-domicilio-en-tempranales-san-sebastian-de-los-reyes-madrid\/","url":"https:\/\/www.fisiohogar.com\/sansebastiandelosreyes\/fisioterapia-a-domicilio-en-tempranales-san-sebastian-de-los-reyes-madrid\/","name":"Fisioterapia a domicilio en Tempranales (San Sebasti\u00e1n de los Reyes) - San Sebasti\u00e1n de los Reyes","isPartOf":{"@id":"https:\/\/www.fisiohogar.com\/sansebastiandelosreyes\/#website"},"datePublished":"2023-01-16T18:21:18+00:00","dateModified":"2026-03-12T12:08:08+00:00","breadcrumb":{"@id":"https:\/\/www.fisiohogar.com\/sansebastiandelosreyes\/fisioterapia-a-domicilio-en-tempranales-san-sebastian-de-los-reyes-madrid\/#breadcrumb"},"inLanguage":"es","potentialAction":[{"@type":"ReadAction","target":["https:\/\/www.fisiohogar.com\/sansebastiandelosreyes\/fisioterapia-a-domicilio-en-tempranales-san-sebastian-de-los-reyes-madrid\/"]}]},{"@type":"BreadcrumbList","@id":"https:\/\/www.fisiohogar.com\/sansebastiandelosreyes\/fisioterapia-a-domicilio-en-tempranales-san-sebastian-de-los-reyes-madrid\/#breadcrumb","itemListElement":[{"@type":"ListItem","position":1,"name":"Portada","item":"https:\/\/www.fisiohogar.com\/sansebastiandelosreyes\/"},{"@type":"ListItem","position":2,"name":"Fisioterapia a domicilio en Tempranales (San Sebasti\u00e1n de los Reyes)"}]},{"@type":"WebSite","@id":"https:\/\/www.fisiohogar.com\/sansebastiandelosreyes\/#website","url":"https:\/\/www.fisiohogar.com\/sansebastiandelosreyes\/","name":"San Sebasti\u00e1n de los Reyes","description":"Fisioterapia a domicilio","potentialAction":[{"@type":"SearchAction","target":{"@type":"EntryPoint","urlTemplate":"https:\/\/www.fisiohogar.com\/sansebastiandelosreyes\/?s={search_term_string}"},"query-input":{"@type":"PropertyValueSpecification","valueRequired":true,"valueName":"search_term_string"}}],"inLanguage":"es"}]}},"_links":{"self":[{"href":"https:\/\/www.fisiohogar.com\/sansebastiandelosreyes\/wp-json\/wp\/v2\/pages\/5151","targetHints":{"allow":["GET"]}}],"collection":[{"href":"https:\/\/www.fisiohogar.com\/sansebastiandelosreyes\/wp-json\/wp\/v2\/pages"}],"about":[{"href":"https:\/\/www.fisiohogar.com\/sansebastiandelosreyes\/wp-json\/wp\/v2\/types\/page"}],"author":[{"embeddable":true,"href":"https:\/\/www.fisiohogar.com\/sansebastiandelosreyes\/wp-json\/wp\/v2\/users\/1"}],"replies":[{"embeddable":true,"href":"https:\/\/www.fisiohogar.com\/sansebastiandelosreyes\/wp-json\/wp\/v2\/comments?post=5151"}],"version-history":[{"count":12,"href":"https:\/\/www.fisiohogar.com\/sansebastiandelosreyes\/wp-json\/wp\/v2\/pages\/5151\/revisions"}],"predecessor-version":[{"id":5253,"href":"https:\/\/www.fisiohogar.com\/sansebastiandelosreyes\/wp-json\/wp\/v2\/pages\/5151\/revisions\/5253"}],"wp:attachment":[{"href":"https:\/\/www.fisiohogar.com\/sansebastiandelosreyes\/wp-json\/wp\/v2\/media?parent=5151"}],"curies":[{"name":"wp","href":"https:\/\/api.w.org\/{rel}","templated":true}]}}