{"id":43,"date":"2016-03-09T11:00:39","date_gmt":"2016-03-09T11:00:39","guid":{"rendered":"http:\/\/www.fisiohogar.com\/sansebastiandelosreyes\/?page_id=43"},"modified":"2016-03-17T11:28:36","modified_gmt":"2016-03-17T11:28:36","slug":"fisioterapia-la-tercera-edad","status":"publish","type":"page","link":"https:\/\/www.fisiohogar.com\/sansebastiandelosreyes\/fisioterapia-la-tercera-edad\/","title":{"rendered":"Fisioterapia en la tercera edad"},"content":{"rendered":"<p style=\"text-align: justify;\">La atenci\u00f3n a las personas de la tercera edad es una de las \u00e1reas en las que Fisiohogar San Sebasti\u00e1n de los Reyes tiene amplia experiencia. Nuestro equipo de fisioterapeutas conoce las patolog\u00edas y principales problemas relacionados con la edad y tras una valoraci\u00f3n inicial puede proponerle un tratamiento adecuado para su caso.<\/p>\n<p style=\"text-align: justify;\">Entre el colectivo de personas mayores es normal que vayan apareciendo dolencias asociadas al debilitamiento muscular, la falta de estabilidad, la lentitud de movimientos o reflejos&#8230; A esto tambi\u00e9n se a\u00f1aden problemas derivados de intervenciones quir\u00fargicas o enfermedades degenerativas que pueden afectar a la movilidad y autonom\u00eda de las personas mayores.<\/p>\n<p style=\"text-align: justify;\"><img decoding=\"async\" class=\"aligncenter size-full wp-image-328\" src=\"http:\/\/www.fisiohogar.com\/sansebastiandelosreyes\/wp-content\/uploads\/sites\/37\/2016\/03\/fisioterapia-ancianos.jpg\" alt=\"fisioterapia-ancianos\" width=\"900\" height=\"579\" srcset=\"https:\/\/www.fisiohogar.com\/sansebastiandelosreyes\/wp-content\/uploads\/sites\/37\/2016\/03\/fisioterapia-ancianos-300x193.jpg 300w, https:\/\/www.fisiohogar.com\/sansebastiandelosreyes\/wp-content\/uploads\/sites\/37\/2016\/03\/fisioterapia-ancianos-768x494.jpg 768w, https:\/\/www.fisiohogar.com\/sansebastiandelosreyes\/wp-content\/uploads\/sites\/37\/2016\/03\/fisioterapia-ancianos.jpg 900w\" sizes=\"(max-width: 900px) 100vw, 900px\" \/><\/p>\n<p style=\"text-align: justify;\">En concreto, entre las principales <strong>patolog\u00edas relacionadas con la edad<\/strong> que requieren tratamiento fisioterap\u00e9utico podemos encontrar enfermedades neurol\u00f3gicas, problemas de artrosis y artritis, hombros congelados, dolores generalizados, lumbalgias, ca\u00eddas o recuperaciones despu\u00e9s de la colocaci\u00f3n de pr\u00f3tesis.<\/p>\n<p style=\"text-align: justify;\">Los <strong>tratamientos y t\u00e9cnicas<\/strong> empleadas est\u00e1n relacionadas directamente con el tipo de problema, pero en general los programas para personas de la tercera edad se trabajan con movilizaciones activas y pasivas, tablas de ejercicios repetitivos que acaban convirti\u00e9ndose en un h\u00e1bito para los pacientes, kabat, masoterapia, electroterapia, ejercicios de coordinaci\u00f3n y equilibrio, etc\u00e9tera.<\/p>\n<p style=\"text-align: justify;\">En los programa para personas de la tercera edad <strong>la participaci\u00f3n activa de los pacientes es esencial<\/strong>. Si acuden a las sesiones con motivaci\u00f3n y ganas de mejorar el resultado ser\u00e1 mucho m\u00e1s positivo. Para lograr esta implicaci\u00f3n los terapeutas tambi\u00e9n influyen, se convierten en facilitadores explic\u00e1ndoles c\u00f3mo deben hacer los ejercicios, d\u00e1ndoles pautas para el d\u00eda a d\u00eda y acompa\u00f1\u00e1ndoles en su proceso de recuperaci\u00f3n y mantenimiento.<\/p>\n<p style=\"text-align: justify;\">Teniendo en cuenta la edad de los pacientes consideramos que <strong>la sinceridad es esencial,<\/strong> por eso <strong>explicamos claramente y de manera peri\u00f3dica al paciente y sus familiares los avances y las expectativas<\/strong> que podemos tener.<\/p>\n<p style=\"text-align: justify;\">Si quieres consultarnos tu caso, no lo dudes, contacta con nosotros uno de nuestros especialistas har\u00e1 una valoraci\u00f3n sin compromiso de tu caso y te propondr\u00e1 un plan de trabajo personalizado.<\/p>\n","protected":false},"excerpt":{"rendered":"<p>La atenci\u00f3n a las personas de la tercera edad es una de las \u00e1reas en las que Fisiohogar San Sebasti\u00e1n de los Reyes tiene amplia experiencia. Nuestro equipo de fisioterapeutas conoce las patolog\u00edas y  [&#8230;]<\/p>\n","protected":false},"author":1,"featured_media":0,"parent":0,"menu_order":0,"comment_status":"closed","ping_status":"closed","template":"template-full.php","meta":{"_joinchat":[],"footnotes":""},"class_list":["post-43","page","type-page","status-publish","hentry"],"yoast_head":"<!-- This site is optimized with the Yoast SEO plugin v27.4 - https:\/\/yoast.com\/product\/yoast-seo-wordpress\/ -->\n<title>Fisioterapia en la tercera edad - San Sebasti\u00e1n de los Reyes<\/title>\n<meta name=\"robots\" content=\"index, follow, max-snippet:-1, max-image-preview:large, max-video-preview:-1\" \/>\n<link rel=\"canonical\" href=\"https:\/\/www.fisiohogar.com\/sansebastiandelosreyes\/fisioterapia-la-tercera-edad\/\" \/>\n<meta property=\"og:locale\" content=\"es_ES\" \/>\n<meta property=\"og:type\" content=\"article\" \/>\n<meta property=\"og:title\" content=\"Fisioterapia en la tercera edad - San Sebasti\u00e1n de los Reyes\" \/>\n<meta property=\"og:description\" content=\"La atenci\u00f3n a las personas de la tercera edad es una de las \u00e1reas en las que Fisiohogar San Sebasti\u00e1n de los Reyes tiene amplia experiencia. Nuestro equipo de fisioterapeutas conoce las patolog\u00edas y [...]\" \/>\n<meta property=\"og:url\" content=\"https:\/\/www.fisiohogar.com\/sansebastiandelosreyes\/fisioterapia-la-tercera-edad\/\" \/>\n<meta property=\"og:site_name\" content=\"San Sebasti\u00e1n de los Reyes\" \/>\n<meta property=\"article:modified_time\" content=\"2016-03-17T11:28:36+00:00\" \/>\n<meta property=\"og:image\" content=\"http:\/\/www.fisiohogar.com\/sansebastiandelosreyes\/wp-content\/uploads\/sites\/37\/2016\/03\/fisioterapia-ancianos.jpg\" \/>\n<meta name=\"twitter:card\" content=\"summary_large_image\" \/>\n<meta name=\"twitter:label1\" content=\"Tiempo de lectura\" \/>\n\t<meta name=\"twitter:data1\" content=\"2 minutos\" \/>\n<script type=\"application\/ld+json\" class=\"yoast-schema-graph\">{\"@context\":\"https:\\\/\\\/schema.org\",\"@graph\":[{\"@type\":\"WebPage\",\"@id\":\"https:\\\/\\\/www.fisiohogar.com\\\/sansebastiandelosreyes\\\/fisioterapia-la-tercera-edad\\\/\",\"url\":\"https:\\\/\\\/www.fisiohogar.com\\\/sansebastiandelosreyes\\\/fisioterapia-la-tercera-edad\\\/\",\"name\":\"Fisioterapia en la tercera edad - San Sebasti\u00e1n de los Reyes\",\"isPartOf\":{\"@id\":\"https:\\\/\\\/www.fisiohogar.com\\\/sansebastiandelosreyes\\\/#website\"},\"primaryImageOfPage\":{\"@id\":\"https:\\\/\\\/www.fisiohogar.com\\\/sansebastiandelosreyes\\\/fisioterapia-la-tercera-edad\\\/#primaryimage\"},\"image\":{\"@id\":\"https:\\\/\\\/www.fisiohogar.com\\\/sansebastiandelosreyes\\\/fisioterapia-la-tercera-edad\\\/#primaryimage\"},\"thumbnailUrl\":\"http:\\\/\\\/www.fisiohogar.com\\\/sansebastiandelosreyes\\\/wp-content\\\/uploads\\\/sites\\\/37\\\/2016\\\/03\\\/fisioterapia-ancianos.jpg\",\"datePublished\":\"2016-03-09T11:00:39+00:00\",\"dateModified\":\"2016-03-17T11:28:36+00:00\",\"breadcrumb\":{\"@id\":\"https:\\\/\\\/www.fisiohogar.com\\\/sansebastiandelosreyes\\\/fisioterapia-la-tercera-edad\\\/#breadcrumb\"},\"inLanguage\":\"es\",\"potentialAction\":[{\"@type\":\"ReadAction\",\"target\":[\"https:\\\/\\\/www.fisiohogar.com\\\/sansebastiandelosreyes\\\/fisioterapia-la-tercera-edad\\\/\"]}]},{\"@type\":\"ImageObject\",\"inLanguage\":\"es\",\"@id\":\"https:\\\/\\\/www.fisiohogar.com\\\/sansebastiandelosreyes\\\/fisioterapia-la-tercera-edad\\\/#primaryimage\",\"url\":\"https:\\\/\\\/www.fisiohogar.com\\\/sansebastiandelosreyes\\\/wp-content\\\/uploads\\\/sites\\\/37\\\/2016\\\/03\\\/fisioterapia-ancianos.jpg\",\"contentUrl\":\"https:\\\/\\\/www.fisiohogar.com\\\/sansebastiandelosreyes\\\/wp-content\\\/uploads\\\/sites\\\/37\\\/2016\\\/03\\\/fisioterapia-ancianos.jpg\",\"width\":900,\"height\":579},{\"@type\":\"BreadcrumbList\",\"@id\":\"https:\\\/\\\/www.fisiohogar.com\\\/sansebastiandelosreyes\\\/fisioterapia-la-tercera-edad\\\/#breadcrumb\",\"itemListElement\":[{\"@type\":\"ListItem\",\"position\":1,\"name\":\"Portada\",\"item\":\"https:\\\/\\\/www.fisiohogar.com\\\/sansebastiandelosreyes\\\/\"},{\"@type\":\"ListItem\",\"position\":2,\"name\":\"Fisioterapia en la tercera edad\"}]},{\"@type\":\"WebSite\",\"@id\":\"https:\\\/\\\/www.fisiohogar.com\\\/sansebastiandelosreyes\\\/#website\",\"url\":\"https:\\\/\\\/www.fisiohogar.com\\\/sansebastiandelosreyes\\\/\",\"name\":\"San Sebasti\u00e1n de los Reyes\",\"description\":\"Fisioterapia a domicilio\",\"potentialAction\":[{\"@type\":\"SearchAction\",\"target\":{\"@type\":\"EntryPoint\",\"urlTemplate\":\"https:\\\/\\\/www.fisiohogar.com\\\/sansebastiandelosreyes\\\/?s={search_term_string}\"},\"query-input\":{\"@type\":\"PropertyValueSpecification\",\"valueRequired\":true,\"valueName\":\"search_term_string\"}}],\"inLanguage\":\"es\"}]}<\/script>\n<!-- \/ Yoast SEO plugin. -->","yoast_head_json":{"title":"Fisioterapia en la tercera edad - San Sebasti\u00e1n de los Reyes","robots":{"index":"index","follow":"follow","max-snippet":"max-snippet:-1","max-image-preview":"max-image-preview:large","max-video-preview":"max-video-preview:-1"},"canonical":"https:\/\/www.fisiohogar.com\/sansebastiandelosreyes\/fisioterapia-la-tercera-edad\/","og_locale":"es_ES","og_type":"article","og_title":"Fisioterapia en la tercera edad - San Sebasti\u00e1n de los Reyes","og_description":"La atenci\u00f3n a las personas de la tercera edad es una de las \u00e1reas en las que Fisiohogar San Sebasti\u00e1n de los Reyes tiene amplia experiencia. Nuestro equipo de fisioterapeutas conoce las patolog\u00edas y [...]","og_url":"https:\/\/www.fisiohogar.com\/sansebastiandelosreyes\/fisioterapia-la-tercera-edad\/","og_site_name":"San Sebasti\u00e1n de los Reyes","article_modified_time":"2016-03-17T11:28:36+00:00","og_image":[{"url":"http:\/\/www.fisiohogar.com\/sansebastiandelosreyes\/wp-content\/uploads\/sites\/37\/2016\/03\/fisioterapia-ancianos.jpg","type":"","width":"","height":""}],"twitter_card":"summary_large_image","twitter_misc":{"Tiempo de lectura":"2 minutos"},"schema":{"@context":"https:\/\/schema.org","@graph":[{"@type":"WebPage","@id":"https:\/\/www.fisiohogar.com\/sansebastiandelosreyes\/fisioterapia-la-tercera-edad\/","url":"https:\/\/www.fisiohogar.com\/sansebastiandelosreyes\/fisioterapia-la-tercera-edad\/","name":"Fisioterapia en la tercera edad - San Sebasti\u00e1n de los Reyes","isPartOf":{"@id":"https:\/\/www.fisiohogar.com\/sansebastiandelosreyes\/#website"},"primaryImageOfPage":{"@id":"https:\/\/www.fisiohogar.com\/sansebastiandelosreyes\/fisioterapia-la-tercera-edad\/#primaryimage"},"image":{"@id":"https:\/\/www.fisiohogar.com\/sansebastiandelosreyes\/fisioterapia-la-tercera-edad\/#primaryimage"},"thumbnailUrl":"http:\/\/www.fisiohogar.com\/sansebastiandelosreyes\/wp-content\/uploads\/sites\/37\/2016\/03\/fisioterapia-ancianos.jpg","datePublished":"2016-03-09T11:00:39+00:00","dateModified":"2016-03-17T11:28:36+00:00","breadcrumb":{"@id":"https:\/\/www.fisiohogar.com\/sansebastiandelosreyes\/fisioterapia-la-tercera-edad\/#breadcrumb"},"inLanguage":"es","potentialAction":[{"@type":"ReadAction","target":["https:\/\/www.fisiohogar.com\/sansebastiandelosreyes\/fisioterapia-la-tercera-edad\/"]}]},{"@type":"ImageObject","inLanguage":"es","@id":"https:\/\/www.fisiohogar.com\/sansebastiandelosreyes\/fisioterapia-la-tercera-edad\/#primaryimage","url":"https:\/\/www.fisiohogar.com\/sansebastiandelosreyes\/wp-content\/uploads\/sites\/37\/2016\/03\/fisioterapia-ancianos.jpg","contentUrl":"https:\/\/www.fisiohogar.com\/sansebastiandelosreyes\/wp-content\/uploads\/sites\/37\/2016\/03\/fisioterapia-ancianos.jpg","width":900,"height":579},{"@type":"BreadcrumbList","@id":"https:\/\/www.fisiohogar.com\/sansebastiandelosreyes\/fisioterapia-la-tercera-edad\/#breadcrumb","itemListElement":[{"@type":"ListItem","position":1,"name":"Portada","item":"https:\/\/www.fisiohogar.com\/sansebastiandelosreyes\/"},{"@type":"ListItem","position":2,"name":"Fisioterapia en la tercera edad"}]},{"@type":"WebSite","@id":"https:\/\/www.fisiohogar.com\/sansebastiandelosreyes\/#website","url":"https:\/\/www.fisiohogar.com\/sansebastiandelosreyes\/","name":"San Sebasti\u00e1n de los Reyes","description":"Fisioterapia a domicilio","potentialAction":[{"@type":"SearchAction","target":{"@type":"EntryPoint","urlTemplate":"https:\/\/www.fisiohogar.com\/sansebastiandelosreyes\/?s={search_term_string}"},"query-input":{"@type":"PropertyValueSpecification","valueRequired":true,"valueName":"search_term_string"}}],"inLanguage":"es"}]}},"_links":{"self":[{"href":"https:\/\/www.fisiohogar.com\/sansebastiandelosreyes\/wp-json\/wp\/v2\/pages\/43","targetHints":{"allow":["GET"]}}],"collection":[{"href":"https:\/\/www.fisiohogar.com\/sansebastiandelosreyes\/wp-json\/wp\/v2\/pages"}],"about":[{"href":"https:\/\/www.fisiohogar.com\/sansebastiandelosreyes\/wp-json\/wp\/v2\/types\/page"}],"author":[{"embeddable":true,"href":"https:\/\/www.fisiohogar.com\/sansebastiandelosreyes\/wp-json\/wp\/v2\/users\/1"}],"replies":[{"embeddable":true,"href":"https:\/\/www.fisiohogar.com\/sansebastiandelosreyes\/wp-json\/wp\/v2\/comments?post=43"}],"version-history":[{"count":0,"href":"https:\/\/www.fisiohogar.com\/sansebastiandelosreyes\/wp-json\/wp\/v2\/pages\/43\/revisions"}],"wp:attachment":[{"href":"https:\/\/www.fisiohogar.com\/sansebastiandelosreyes\/wp-json\/wp\/v2\/media?parent=43"}],"curies":[{"name":"wp","href":"https:\/\/api.w.org\/{rel}","templated":true}]}}