{"id":41,"date":"2016-03-09T11:00:16","date_gmt":"2016-03-09T11:00:16","guid":{"rendered":"http:\/\/www.fisiohogar.com\/sansebastiandelosreyes\/?page_id=41"},"modified":"2016-03-17T11:13:59","modified_gmt":"2016-03-17T11:13:59","slug":"fisioterapia-enfermedades-musculares-articulares","status":"publish","type":"page","link":"https:\/\/www.fisiohogar.com\/sansebastiandelosreyes\/fisioterapia-enfermedades-musculares-articulares\/","title":{"rendered":"Fisioterapia en enfermedades musculares y articulares"},"content":{"rendered":"<p style=\"text-align: justify;\">Los problemas articulares y musculares son una de las \u00e1reas m\u00e1s comunes de trabajo de la fisioterapia. En Fisiohogar San Sebasti\u00e1n de los Reyes lo sabemos y, por eso, ponemos a su disposici\u00f3n <strong>nuestros servicios de atenci\u00f3n a domicilio.\u00a0<\/strong><\/p>\n<p style=\"text-align: justify;\">Queremos ser <strong>su fisioterapeuta de cabecera<\/strong> y estar cerca de usted para aliviarle los s\u00edntomas, dolores y molestias que ocasionan los distintos problemas musculares y articulares, que, en ocasiones, pueden provocar incapacidad funcional.<\/p>\n<p style=\"text-align: justify;\"><img decoding=\"async\" class=\"aligncenter size-full wp-image-319\" src=\"http:\/\/www.fisiohogar.com\/sansebastiandelosreyes\/wp-content\/uploads\/sites\/37\/2016\/03\/P8A6455.jpg\" alt=\"Fisioterapia problemas musculares y articulares\" width=\"900\" height=\"600\" srcset=\"https:\/\/www.fisiohogar.com\/sansebastiandelosreyes\/wp-content\/uploads\/sites\/37\/2016\/03\/P8A6455-300x200.jpg 300w, https:\/\/www.fisiohogar.com\/sansebastiandelosreyes\/wp-content\/uploads\/sites\/37\/2016\/03\/P8A6455-768x512.jpg 768w, https:\/\/www.fisiohogar.com\/sansebastiandelosreyes\/wp-content\/uploads\/sites\/37\/2016\/03\/P8A6455.jpg 900w\" sizes=\"(max-width: 900px) 100vw, 900px\" \/><\/p>\n<p style=\"text-align: justify;\">Entre las<strong> patolog\u00edas<\/strong> que se tratan en Fisiohogar San Sebasti\u00e1n de los Reyes est\u00e1n las derivadas de intervenciones quir\u00fargicas en las que se ha puesto una pr\u00f3tesis, operaciones relacionadas con problemas articulatorios o musculares. Tambi\u00e9n somos especialistas en los tratamientos de distintos tipos de contracturas, lumbalgias, tendinitis y otros problemas relacionados con la artrosis y la artritis.<\/p>\n<p style=\"text-align: justify;\">Para tratar estos problemas a veces son necesarios <strong>programas de rehabilitaci\u00f3n largos<\/strong> hasta que el paciente recupera sus capacidades y autonom\u00eda. En todos estos tratamientos el seguimiento es constante por si hay que realizar modificaciones que se llevan a cabo de manera inmediata.<\/p>\n<p style=\"text-align: justify;\">En cuanto a <strong>las t\u00e9cnicas<\/strong>, los problemas articulatorios y musculares suelen requerir terapia manual, con diferentes t\u00e9cnicas de masaje, movilizaciones y osteopat\u00eda. Tambi\u00e9n se suelen emplear la kinesioterapia y los vendajes funcionales.<\/p>\n<p style=\"text-align: justify;\">Los\u00a0problemas articulares y musculares est\u00e1n asociados en muchos casos a la edad, por eso, en los tratamientos con personas mayores nuestros fisioterapeutas tambi\u00e9n <strong>trabajan la actitud y colaboraci\u00f3n de \u00a0los pacientes<\/strong>. Se convierten en una especie de asesor que les explica c\u00f3mo deben trabajar las tablas de ejercicios, c\u00f3mo deben ser ciertas rutinas y <strong>potencian su motivaci\u00f3n e implicaci\u00f3n en las sesiones<\/strong>. La actitud en estos casos es fundamental para lograr buenos resultados y alcanzar la mejor\u00eda deseada.<\/p>\n<p style=\"text-align: justify;\">En los problemas articulares y musculares el equipo de fisioterapeutas de Fisiohogar tambi\u00e9n llevan a cabo una importante labor de informaci\u00f3n destinada a prevenir la aparici\u00f3n de nuevas dolencias.<\/p>\n<p style=\"text-align: justify;\">Para iniciar un tratamiento a medida para su caso, contacte con nosotros y evaluaremos su caso.<\/p>\n","protected":false},"excerpt":{"rendered":"<p>Los problemas articulares y musculares son una de las \u00e1reas m\u00e1s comunes de trabajo de la fisioterapia. En Fisiohogar San Sebasti\u00e1n de los Reyes lo sabemos y, por eso, ponemos a su disposici\u00f3n nuestros  [&#8230;]<\/p>\n","protected":false},"author":1,"featured_media":0,"parent":0,"menu_order":0,"comment_status":"closed","ping_status":"closed","template":"template-full.php","meta":{"_joinchat":[],"footnotes":""},"class_list":["post-41","page","type-page","status-publish","hentry"],"yoast_head":"<!-- This site is optimized with the Yoast SEO plugin v27.4 - https:\/\/yoast.com\/product\/yoast-seo-wordpress\/ -->\n<title>Fisioterapia en enfermedades musculares y articulares - San Sebasti\u00e1n de los Reyes<\/title>\n<meta name=\"robots\" content=\"index, follow, max-snippet:-1, max-image-preview:large, max-video-preview:-1\" \/>\n<link rel=\"canonical\" href=\"https:\/\/www.fisiohogar.com\/sansebastiandelosreyes\/fisioterapia-enfermedades-musculares-articulares\/\" \/>\n<meta property=\"og:locale\" content=\"es_ES\" \/>\n<meta property=\"og:type\" content=\"article\" \/>\n<meta property=\"og:title\" content=\"Fisioterapia en enfermedades musculares y articulares - San Sebasti\u00e1n de los Reyes\" \/>\n<meta property=\"og:description\" content=\"Los problemas articulares y musculares son una de las \u00e1reas m\u00e1s comunes de trabajo de la fisioterapia. En Fisiohogar San Sebasti\u00e1n de los Reyes lo sabemos y, por eso, ponemos a su disposici\u00f3n nuestros [...]\" \/>\n<meta property=\"og:url\" content=\"https:\/\/www.fisiohogar.com\/sansebastiandelosreyes\/fisioterapia-enfermedades-musculares-articulares\/\" \/>\n<meta property=\"og:site_name\" content=\"San Sebasti\u00e1n de los Reyes\" \/>\n<meta property=\"article:modified_time\" content=\"2016-03-17T11:13:59+00:00\" \/>\n<meta property=\"og:image\" content=\"http:\/\/www.fisiohogar.com\/sansebastiandelosreyes\/wp-content\/uploads\/sites\/37\/2016\/03\/P8A6455.jpg\" \/>\n<meta name=\"twitter:card\" content=\"summary_large_image\" \/>\n<meta name=\"twitter:label1\" content=\"Tiempo de lectura\" \/>\n\t<meta name=\"twitter:data1\" content=\"2 minutos\" \/>\n<script type=\"application\/ld+json\" class=\"yoast-schema-graph\">{\"@context\":\"https:\\\/\\\/schema.org\",\"@graph\":[{\"@type\":\"WebPage\",\"@id\":\"https:\\\/\\\/www.fisiohogar.com\\\/sansebastiandelosreyes\\\/fisioterapia-enfermedades-musculares-articulares\\\/\",\"url\":\"https:\\\/\\\/www.fisiohogar.com\\\/sansebastiandelosreyes\\\/fisioterapia-enfermedades-musculares-articulares\\\/\",\"name\":\"Fisioterapia en enfermedades musculares y articulares - San Sebasti\u00e1n de los Reyes\",\"isPartOf\":{\"@id\":\"https:\\\/\\\/www.fisiohogar.com\\\/sansebastiandelosreyes\\\/#website\"},\"primaryImageOfPage\":{\"@id\":\"https:\\\/\\\/www.fisiohogar.com\\\/sansebastiandelosreyes\\\/fisioterapia-enfermedades-musculares-articulares\\\/#primaryimage\"},\"image\":{\"@id\":\"https:\\\/\\\/www.fisiohogar.com\\\/sansebastiandelosreyes\\\/fisioterapia-enfermedades-musculares-articulares\\\/#primaryimage\"},\"thumbnailUrl\":\"http:\\\/\\\/www.fisiohogar.com\\\/sansebastiandelosreyes\\\/wp-content\\\/uploads\\\/sites\\\/37\\\/2016\\\/03\\\/P8A6455.jpg\",\"datePublished\":\"2016-03-09T11:00:16+00:00\",\"dateModified\":\"2016-03-17T11:13:59+00:00\",\"breadcrumb\":{\"@id\":\"https:\\\/\\\/www.fisiohogar.com\\\/sansebastiandelosreyes\\\/fisioterapia-enfermedades-musculares-articulares\\\/#breadcrumb\"},\"inLanguage\":\"es\",\"potentialAction\":[{\"@type\":\"ReadAction\",\"target\":[\"https:\\\/\\\/www.fisiohogar.com\\\/sansebastiandelosreyes\\\/fisioterapia-enfermedades-musculares-articulares\\\/\"]}]},{\"@type\":\"ImageObject\",\"inLanguage\":\"es\",\"@id\":\"https:\\\/\\\/www.fisiohogar.com\\\/sansebastiandelosreyes\\\/fisioterapia-enfermedades-musculares-articulares\\\/#primaryimage\",\"url\":\"https:\\\/\\\/www.fisiohogar.com\\\/sansebastiandelosreyes\\\/wp-content\\\/uploads\\\/sites\\\/37\\\/2016\\\/03\\\/P8A6455.jpg\",\"contentUrl\":\"https:\\\/\\\/www.fisiohogar.com\\\/sansebastiandelosreyes\\\/wp-content\\\/uploads\\\/sites\\\/37\\\/2016\\\/03\\\/P8A6455.jpg\",\"width\":900,\"height\":600},{\"@type\":\"BreadcrumbList\",\"@id\":\"https:\\\/\\\/www.fisiohogar.com\\\/sansebastiandelosreyes\\\/fisioterapia-enfermedades-musculares-articulares\\\/#breadcrumb\",\"itemListElement\":[{\"@type\":\"ListItem\",\"position\":1,\"name\":\"Portada\",\"item\":\"https:\\\/\\\/www.fisiohogar.com\\\/sansebastiandelosreyes\\\/\"},{\"@type\":\"ListItem\",\"position\":2,\"name\":\"Fisioterapia en enfermedades musculares y articulares\"}]},{\"@type\":\"WebSite\",\"@id\":\"https:\\\/\\\/www.fisiohogar.com\\\/sansebastiandelosreyes\\\/#website\",\"url\":\"https:\\\/\\\/www.fisiohogar.com\\\/sansebastiandelosreyes\\\/\",\"name\":\"San Sebasti\u00e1n de los Reyes\",\"description\":\"Fisioterapia a domicilio\",\"potentialAction\":[{\"@type\":\"SearchAction\",\"target\":{\"@type\":\"EntryPoint\",\"urlTemplate\":\"https:\\\/\\\/www.fisiohogar.com\\\/sansebastiandelosreyes\\\/?s={search_term_string}\"},\"query-input\":{\"@type\":\"PropertyValueSpecification\",\"valueRequired\":true,\"valueName\":\"search_term_string\"}}],\"inLanguage\":\"es\"}]}<\/script>\n<!-- \/ Yoast SEO plugin. -->","yoast_head_json":{"title":"Fisioterapia en enfermedades musculares y articulares - San Sebasti\u00e1n de los Reyes","robots":{"index":"index","follow":"follow","max-snippet":"max-snippet:-1","max-image-preview":"max-image-preview:large","max-video-preview":"max-video-preview:-1"},"canonical":"https:\/\/www.fisiohogar.com\/sansebastiandelosreyes\/fisioterapia-enfermedades-musculares-articulares\/","og_locale":"es_ES","og_type":"article","og_title":"Fisioterapia en enfermedades musculares y articulares - San Sebasti\u00e1n de los Reyes","og_description":"Los problemas articulares y musculares son una de las \u00e1reas m\u00e1s comunes de trabajo de la fisioterapia. En Fisiohogar San Sebasti\u00e1n de los Reyes lo sabemos y, por eso, ponemos a su disposici\u00f3n nuestros [...]","og_url":"https:\/\/www.fisiohogar.com\/sansebastiandelosreyes\/fisioterapia-enfermedades-musculares-articulares\/","og_site_name":"San Sebasti\u00e1n de los Reyes","article_modified_time":"2016-03-17T11:13:59+00:00","og_image":[{"url":"http:\/\/www.fisiohogar.com\/sansebastiandelosreyes\/wp-content\/uploads\/sites\/37\/2016\/03\/P8A6455.jpg","type":"","width":"","height":""}],"twitter_card":"summary_large_image","twitter_misc":{"Tiempo de lectura":"2 minutos"},"schema":{"@context":"https:\/\/schema.org","@graph":[{"@type":"WebPage","@id":"https:\/\/www.fisiohogar.com\/sansebastiandelosreyes\/fisioterapia-enfermedades-musculares-articulares\/","url":"https:\/\/www.fisiohogar.com\/sansebastiandelosreyes\/fisioterapia-enfermedades-musculares-articulares\/","name":"Fisioterapia en enfermedades musculares y articulares - San Sebasti\u00e1n de los Reyes","isPartOf":{"@id":"https:\/\/www.fisiohogar.com\/sansebastiandelosreyes\/#website"},"primaryImageOfPage":{"@id":"https:\/\/www.fisiohogar.com\/sansebastiandelosreyes\/fisioterapia-enfermedades-musculares-articulares\/#primaryimage"},"image":{"@id":"https:\/\/www.fisiohogar.com\/sansebastiandelosreyes\/fisioterapia-enfermedades-musculares-articulares\/#primaryimage"},"thumbnailUrl":"http:\/\/www.fisiohogar.com\/sansebastiandelosreyes\/wp-content\/uploads\/sites\/37\/2016\/03\/P8A6455.jpg","datePublished":"2016-03-09T11:00:16+00:00","dateModified":"2016-03-17T11:13:59+00:00","breadcrumb":{"@id":"https:\/\/www.fisiohogar.com\/sansebastiandelosreyes\/fisioterapia-enfermedades-musculares-articulares\/#breadcrumb"},"inLanguage":"es","potentialAction":[{"@type":"ReadAction","target":["https:\/\/www.fisiohogar.com\/sansebastiandelosreyes\/fisioterapia-enfermedades-musculares-articulares\/"]}]},{"@type":"ImageObject","inLanguage":"es","@id":"https:\/\/www.fisiohogar.com\/sansebastiandelosreyes\/fisioterapia-enfermedades-musculares-articulares\/#primaryimage","url":"https:\/\/www.fisiohogar.com\/sansebastiandelosreyes\/wp-content\/uploads\/sites\/37\/2016\/03\/P8A6455.jpg","contentUrl":"https:\/\/www.fisiohogar.com\/sansebastiandelosreyes\/wp-content\/uploads\/sites\/37\/2016\/03\/P8A6455.jpg","width":900,"height":600},{"@type":"BreadcrumbList","@id":"https:\/\/www.fisiohogar.com\/sansebastiandelosreyes\/fisioterapia-enfermedades-musculares-articulares\/#breadcrumb","itemListElement":[{"@type":"ListItem","position":1,"name":"Portada","item":"https:\/\/www.fisiohogar.com\/sansebastiandelosreyes\/"},{"@type":"ListItem","position":2,"name":"Fisioterapia en enfermedades musculares y articulares"}]},{"@type":"WebSite","@id":"https:\/\/www.fisiohogar.com\/sansebastiandelosreyes\/#website","url":"https:\/\/www.fisiohogar.com\/sansebastiandelosreyes\/","name":"San Sebasti\u00e1n de los Reyes","description":"Fisioterapia a domicilio","potentialAction":[{"@type":"SearchAction","target":{"@type":"EntryPoint","urlTemplate":"https:\/\/www.fisiohogar.com\/sansebastiandelosreyes\/?s={search_term_string}"},"query-input":{"@type":"PropertyValueSpecification","valueRequired":true,"valueName":"search_term_string"}}],"inLanguage":"es"}]}},"_links":{"self":[{"href":"https:\/\/www.fisiohogar.com\/sansebastiandelosreyes\/wp-json\/wp\/v2\/pages\/41","targetHints":{"allow":["GET"]}}],"collection":[{"href":"https:\/\/www.fisiohogar.com\/sansebastiandelosreyes\/wp-json\/wp\/v2\/pages"}],"about":[{"href":"https:\/\/www.fisiohogar.com\/sansebastiandelosreyes\/wp-json\/wp\/v2\/types\/page"}],"author":[{"embeddable":true,"href":"https:\/\/www.fisiohogar.com\/sansebastiandelosreyes\/wp-json\/wp\/v2\/users\/1"}],"replies":[{"embeddable":true,"href":"https:\/\/www.fisiohogar.com\/sansebastiandelosreyes\/wp-json\/wp\/v2\/comments?post=41"}],"version-history":[{"count":0,"href":"https:\/\/www.fisiohogar.com\/sansebastiandelosreyes\/wp-json\/wp\/v2\/pages\/41\/revisions"}],"wp:attachment":[{"href":"https:\/\/www.fisiohogar.com\/sansebastiandelosreyes\/wp-json\/wp\/v2\/media?parent=41"}],"curies":[{"name":"wp","href":"https:\/\/api.w.org\/{rel}","templated":true}]}}