{"id":39,"date":"2016-03-09T10:59:41","date_gmt":"2016-03-09T10:59:41","guid":{"rendered":"http:\/\/www.fisiohogar.com\/sansebastiandelosreyes\/?page_id=39"},"modified":"2016-03-15T22:31:35","modified_gmt":"2016-03-15T22:31:35","slug":"fisioterapeutas-colegiados","status":"publish","type":"page","link":"https:\/\/www.fisiohogar.com\/sansebastiandelosreyes\/fisioterapeutas-colegiados\/","title":{"rendered":"Fisioterapeutas colegiados"},"content":{"rendered":"<p style=\"text-align: justify;\">En <strong>Fisiohogar San Sebasti\u00e1n de los Reyes<\/strong> queremos darle el mejor servicio de fisioterapia posible.\u00a0Nuestro objetivo es que disponga de la mejor atenci\u00f3n y para ello sabemos que es fundamental contar con <strong>profesionales de calidad<\/strong>.<\/p>\n<p style=\"text-align: justify;\"><strong>Nuestro equipo humano est\u00e1 compuesto por fisioterapeutas colegiados<\/strong> que garantizan que todas las acciones y tratamientos que realizamos est\u00e1n hechos por personal que cuenta con la formaci\u00f3n y experiencia profesional necesaria para llevarlos a cabo con <strong>rigor y\u00a0seguridad<\/strong>.<\/p>\n<p style=\"text-align: justify;\"><img decoding=\"async\" class=\"aligncenter size-full wp-image-279\" src=\"http:\/\/www.fisiohogar.com\/sansebastiandelosreyes\/wp-content\/uploads\/sites\/37\/2016\/03\/fisioterapeutas.jpg\" alt=\"fisioterapeutas\" width=\"900\" height=\"600\" srcset=\"https:\/\/www.fisiohogar.com\/sansebastiandelosreyes\/wp-content\/uploads\/sites\/37\/2016\/03\/fisioterapeutas-300x200.jpg 300w, https:\/\/www.fisiohogar.com\/sansebastiandelosreyes\/wp-content\/uploads\/sites\/37\/2016\/03\/fisioterapeutas-768x512.jpg 768w, https:\/\/www.fisiohogar.com\/sansebastiandelosreyes\/wp-content\/uploads\/sites\/37\/2016\/03\/fisioterapeutas.jpg 900w\" sizes=\"(max-width: 900px) 100vw, 900px\" \/><\/p>\n<p style=\"text-align: justify;\">Como sabemos lo importe que es la calidad es para nuestros clientes todo nuestro equipo est\u00e1 formado por <strong>fisioterapeutas graduados o diplomados<\/strong> que posteriormente se han inscrito en los colegios profesionales.<\/p>\n<p style=\"text-align: justify;\">La inscripci\u00f3n en los colegios de fisioterapia es un paso posterior a la obtenci\u00f3n de la titulaci\u00f3n como fisioterapeuta. Con el t\u00edtulo universitario y despu\u00e9s de pasar por las juntas de valoraci\u00f3n de diferentes entidades que avalan la formaci\u00f3n de profesional se procede a inscribirle como colegiado. En este proceso tambi\u00e9n es necesario cumplir con distintos requisitos como por ejemplo la obtenci\u00f3n de un seguro de responsabilidad civil o el compromiso de cumplir el c\u00f3digo deontol\u00f3gico de la fisioterapia.<\/p>\n<p style=\"text-align: justify;\">La inscripci\u00f3n en los colegios profesionales es una condici\u00f3n indispensable para todas aquellas personas que ejercen una profesi\u00f3n relacionada con el \u00e1mbito de la sanidad.<\/p>\n<p style=\"text-align: justify;\"><strong>Garant\u00eda de formaci\u00f3n<\/strong><\/p>\n<p style=\"text-align: justify;\">Que nuestros profesionales est\u00e9n colegiados es tambi\u00e9n sin\u00f3nimo de que <strong>permanecen al d\u00eda en todo lo relativo a la formaci\u00f3n e investigaci\u00f3n.<\/strong>\u00a0La fisioterapia, como otras disciplinas, est\u00e1 en continuo progreso y se investiga e innova de manera constante. Al estar colegiados, los fisioterapeutas tienen acceso a programas y cursos de formaci\u00f3n continua que les permiten mantenerse al d\u00eda de las \u00faltimas novedades y avances del sector.<\/p>\n<p style=\"text-align: justify;\">De esta manera se garantiza que se cuenta con profesionales comprometidos e interesados en disponer de la mejor formaci\u00f3n y capacitaci\u00f3n.<\/p>\n","protected":false},"excerpt":{"rendered":"<p>En Fisiohogar San Sebasti\u00e1n de los Reyes queremos darle el mejor servicio de fisioterapia posible.\u00a0Nuestro objetivo es que disponga de la mejor atenci\u00f3n y para ello sabemos que es fundamental contar con profesionales de  [&#8230;]<\/p>\n","protected":false},"author":1,"featured_media":0,"parent":0,"menu_order":0,"comment_status":"closed","ping_status":"closed","template":"template-full.php","meta":{"_joinchat":[],"footnotes":""},"class_list":["post-39","page","type-page","status-publish","hentry"],"yoast_head":"<!-- This site is optimized with the Yoast SEO plugin v27.4 - https:\/\/yoast.com\/product\/yoast-seo-wordpress\/ -->\n<title>Fisioterapeutas colegiados - San Sebasti\u00e1n de los Reyes<\/title>\n<meta name=\"robots\" content=\"index, follow, max-snippet:-1, max-image-preview:large, max-video-preview:-1\" \/>\n<link rel=\"canonical\" href=\"https:\/\/www.fisiohogar.com\/sansebastiandelosreyes\/fisioterapeutas-colegiados\/\" \/>\n<meta property=\"og:locale\" content=\"es_ES\" \/>\n<meta property=\"og:type\" content=\"article\" \/>\n<meta property=\"og:title\" content=\"Fisioterapeutas colegiados - San Sebasti\u00e1n de los Reyes\" \/>\n<meta property=\"og:description\" content=\"En Fisiohogar San Sebasti\u00e1n de los Reyes queremos darle el mejor servicio de fisioterapia posible.\u00a0Nuestro objetivo es que disponga de la mejor atenci\u00f3n y para ello sabemos que es fundamental contar con profesionales de [...]\" \/>\n<meta property=\"og:url\" content=\"https:\/\/www.fisiohogar.com\/sansebastiandelosreyes\/fisioterapeutas-colegiados\/\" \/>\n<meta property=\"og:site_name\" content=\"San Sebasti\u00e1n de los Reyes\" \/>\n<meta property=\"article:modified_time\" content=\"2016-03-15T22:31:35+00:00\" \/>\n<meta property=\"og:image\" content=\"http:\/\/www.fisiohogar.com\/sansebastiandelosreyes\/wp-content\/uploads\/sites\/37\/2016\/03\/fisioterapeutas.jpg\" \/>\n<meta name=\"twitter:card\" content=\"summary_large_image\" \/>\n<meta name=\"twitter:label1\" content=\"Tiempo de lectura\" \/>\n\t<meta name=\"twitter:data1\" content=\"2 minutos\" \/>\n<script type=\"application\/ld+json\" class=\"yoast-schema-graph\">{\"@context\":\"https:\\\/\\\/schema.org\",\"@graph\":[{\"@type\":\"WebPage\",\"@id\":\"https:\\\/\\\/www.fisiohogar.com\\\/sansebastiandelosreyes\\\/fisioterapeutas-colegiados\\\/\",\"url\":\"https:\\\/\\\/www.fisiohogar.com\\\/sansebastiandelosreyes\\\/fisioterapeutas-colegiados\\\/\",\"name\":\"Fisioterapeutas colegiados - San Sebasti\u00e1n de los Reyes\",\"isPartOf\":{\"@id\":\"https:\\\/\\\/www.fisiohogar.com\\\/sansebastiandelosreyes\\\/#website\"},\"primaryImageOfPage\":{\"@id\":\"https:\\\/\\\/www.fisiohogar.com\\\/sansebastiandelosreyes\\\/fisioterapeutas-colegiados\\\/#primaryimage\"},\"image\":{\"@id\":\"https:\\\/\\\/www.fisiohogar.com\\\/sansebastiandelosreyes\\\/fisioterapeutas-colegiados\\\/#primaryimage\"},\"thumbnailUrl\":\"http:\\\/\\\/www.fisiohogar.com\\\/sansebastiandelosreyes\\\/wp-content\\\/uploads\\\/sites\\\/37\\\/2016\\\/03\\\/fisioterapeutas.jpg\",\"datePublished\":\"2016-03-09T10:59:41+00:00\",\"dateModified\":\"2016-03-15T22:31:35+00:00\",\"breadcrumb\":{\"@id\":\"https:\\\/\\\/www.fisiohogar.com\\\/sansebastiandelosreyes\\\/fisioterapeutas-colegiados\\\/#breadcrumb\"},\"inLanguage\":\"es\",\"potentialAction\":[{\"@type\":\"ReadAction\",\"target\":[\"https:\\\/\\\/www.fisiohogar.com\\\/sansebastiandelosreyes\\\/fisioterapeutas-colegiados\\\/\"]}]},{\"@type\":\"ImageObject\",\"inLanguage\":\"es\",\"@id\":\"https:\\\/\\\/www.fisiohogar.com\\\/sansebastiandelosreyes\\\/fisioterapeutas-colegiados\\\/#primaryimage\",\"url\":\"https:\\\/\\\/www.fisiohogar.com\\\/sansebastiandelosreyes\\\/wp-content\\\/uploads\\\/sites\\\/37\\\/2016\\\/03\\\/fisioterapeutas.jpg\",\"contentUrl\":\"https:\\\/\\\/www.fisiohogar.com\\\/sansebastiandelosreyes\\\/wp-content\\\/uploads\\\/sites\\\/37\\\/2016\\\/03\\\/fisioterapeutas.jpg\",\"width\":900,\"height\":600},{\"@type\":\"BreadcrumbList\",\"@id\":\"https:\\\/\\\/www.fisiohogar.com\\\/sansebastiandelosreyes\\\/fisioterapeutas-colegiados\\\/#breadcrumb\",\"itemListElement\":[{\"@type\":\"ListItem\",\"position\":1,\"name\":\"Portada\",\"item\":\"https:\\\/\\\/www.fisiohogar.com\\\/sansebastiandelosreyes\\\/\"},{\"@type\":\"ListItem\",\"position\":2,\"name\":\"Fisioterapeutas colegiados\"}]},{\"@type\":\"WebSite\",\"@id\":\"https:\\\/\\\/www.fisiohogar.com\\\/sansebastiandelosreyes\\\/#website\",\"url\":\"https:\\\/\\\/www.fisiohogar.com\\\/sansebastiandelosreyes\\\/\",\"name\":\"San Sebasti\u00e1n de los Reyes\",\"description\":\"Fisioterapia a domicilio\",\"potentialAction\":[{\"@type\":\"SearchAction\",\"target\":{\"@type\":\"EntryPoint\",\"urlTemplate\":\"https:\\\/\\\/www.fisiohogar.com\\\/sansebastiandelosreyes\\\/?s={search_term_string}\"},\"query-input\":{\"@type\":\"PropertyValueSpecification\",\"valueRequired\":true,\"valueName\":\"search_term_string\"}}],\"inLanguage\":\"es\"}]}<\/script>\n<!-- \/ Yoast SEO plugin. -->","yoast_head_json":{"title":"Fisioterapeutas colegiados - San Sebasti\u00e1n de los Reyes","robots":{"index":"index","follow":"follow","max-snippet":"max-snippet:-1","max-image-preview":"max-image-preview:large","max-video-preview":"max-video-preview:-1"},"canonical":"https:\/\/www.fisiohogar.com\/sansebastiandelosreyes\/fisioterapeutas-colegiados\/","og_locale":"es_ES","og_type":"article","og_title":"Fisioterapeutas colegiados - San Sebasti\u00e1n de los Reyes","og_description":"En Fisiohogar San Sebasti\u00e1n de los Reyes queremos darle el mejor servicio de fisioterapia posible.\u00a0Nuestro objetivo es que disponga de la mejor atenci\u00f3n y para ello sabemos que es fundamental contar con profesionales de [...]","og_url":"https:\/\/www.fisiohogar.com\/sansebastiandelosreyes\/fisioterapeutas-colegiados\/","og_site_name":"San Sebasti\u00e1n de los Reyes","article_modified_time":"2016-03-15T22:31:35+00:00","og_image":[{"url":"http:\/\/www.fisiohogar.com\/sansebastiandelosreyes\/wp-content\/uploads\/sites\/37\/2016\/03\/fisioterapeutas.jpg","type":"","width":"","height":""}],"twitter_card":"summary_large_image","twitter_misc":{"Tiempo de lectura":"2 minutos"},"schema":{"@context":"https:\/\/schema.org","@graph":[{"@type":"WebPage","@id":"https:\/\/www.fisiohogar.com\/sansebastiandelosreyes\/fisioterapeutas-colegiados\/","url":"https:\/\/www.fisiohogar.com\/sansebastiandelosreyes\/fisioterapeutas-colegiados\/","name":"Fisioterapeutas colegiados - San Sebasti\u00e1n de los Reyes","isPartOf":{"@id":"https:\/\/www.fisiohogar.com\/sansebastiandelosreyes\/#website"},"primaryImageOfPage":{"@id":"https:\/\/www.fisiohogar.com\/sansebastiandelosreyes\/fisioterapeutas-colegiados\/#primaryimage"},"image":{"@id":"https:\/\/www.fisiohogar.com\/sansebastiandelosreyes\/fisioterapeutas-colegiados\/#primaryimage"},"thumbnailUrl":"http:\/\/www.fisiohogar.com\/sansebastiandelosreyes\/wp-content\/uploads\/sites\/37\/2016\/03\/fisioterapeutas.jpg","datePublished":"2016-03-09T10:59:41+00:00","dateModified":"2016-03-15T22:31:35+00:00","breadcrumb":{"@id":"https:\/\/www.fisiohogar.com\/sansebastiandelosreyes\/fisioterapeutas-colegiados\/#breadcrumb"},"inLanguage":"es","potentialAction":[{"@type":"ReadAction","target":["https:\/\/www.fisiohogar.com\/sansebastiandelosreyes\/fisioterapeutas-colegiados\/"]}]},{"@type":"ImageObject","inLanguage":"es","@id":"https:\/\/www.fisiohogar.com\/sansebastiandelosreyes\/fisioterapeutas-colegiados\/#primaryimage","url":"https:\/\/www.fisiohogar.com\/sansebastiandelosreyes\/wp-content\/uploads\/sites\/37\/2016\/03\/fisioterapeutas.jpg","contentUrl":"https:\/\/www.fisiohogar.com\/sansebastiandelosreyes\/wp-content\/uploads\/sites\/37\/2016\/03\/fisioterapeutas.jpg","width":900,"height":600},{"@type":"BreadcrumbList","@id":"https:\/\/www.fisiohogar.com\/sansebastiandelosreyes\/fisioterapeutas-colegiados\/#breadcrumb","itemListElement":[{"@type":"ListItem","position":1,"name":"Portada","item":"https:\/\/www.fisiohogar.com\/sansebastiandelosreyes\/"},{"@type":"ListItem","position":2,"name":"Fisioterapeutas colegiados"}]},{"@type":"WebSite","@id":"https:\/\/www.fisiohogar.com\/sansebastiandelosreyes\/#website","url":"https:\/\/www.fisiohogar.com\/sansebastiandelosreyes\/","name":"San Sebasti\u00e1n de los Reyes","description":"Fisioterapia a domicilio","potentialAction":[{"@type":"SearchAction","target":{"@type":"EntryPoint","urlTemplate":"https:\/\/www.fisiohogar.com\/sansebastiandelosreyes\/?s={search_term_string}"},"query-input":{"@type":"PropertyValueSpecification","valueRequired":true,"valueName":"search_term_string"}}],"inLanguage":"es"}]}},"_links":{"self":[{"href":"https:\/\/www.fisiohogar.com\/sansebastiandelosreyes\/wp-json\/wp\/v2\/pages\/39","targetHints":{"allow":["GET"]}}],"collection":[{"href":"https:\/\/www.fisiohogar.com\/sansebastiandelosreyes\/wp-json\/wp\/v2\/pages"}],"about":[{"href":"https:\/\/www.fisiohogar.com\/sansebastiandelosreyes\/wp-json\/wp\/v2\/types\/page"}],"author":[{"embeddable":true,"href":"https:\/\/www.fisiohogar.com\/sansebastiandelosreyes\/wp-json\/wp\/v2\/users\/1"}],"replies":[{"embeddable":true,"href":"https:\/\/www.fisiohogar.com\/sansebastiandelosreyes\/wp-json\/wp\/v2\/comments?post=39"}],"version-history":[{"count":0,"href":"https:\/\/www.fisiohogar.com\/sansebastiandelosreyes\/wp-json\/wp\/v2\/pages\/39\/revisions"}],"wp:attachment":[{"href":"https:\/\/www.fisiohogar.com\/sansebastiandelosreyes\/wp-json\/wp\/v2\/media?parent=39"}],"curies":[{"name":"wp","href":"https:\/\/api.w.org\/{rel}","templated":true}]}}