{"id":29,"date":"2016-03-09T10:58:01","date_gmt":"2016-03-09T10:58:01","guid":{"rendered":"http:\/\/www.fisiohogar.com\/sansebastiandelosreyes\/?page_id=29"},"modified":"2022-06-13T19:20:06","modified_gmt":"2022-06-13T19:20:06","slug":"fisioterapia-enfermedades-respiratorias","status":"publish","type":"page","link":"https:\/\/www.fisiohogar.com\/sansebastiandelosreyes\/fisioterapia-enfermedades-respiratorias\/","title":{"rendered":"Fisioterapia en enfermedades respiratorias"},"content":{"rendered":"<p style=\"text-align: justify;\">Los problemas respiratorios son bastante comunes entre distintos grupos de poblaci\u00f3n. En Fisiohogar San Sebasti\u00e1n de los Reyes queremos ayudarle a tener una mejor calidad de vida y tenemos <strong>fisioterapeutas especializados en problemas respiratorios<\/strong> que pueden dise\u00f1ar un tratamiento personalizado para su caso.<\/p>\n<p style=\"text-align: justify;\">La llamada fisioterapia respiratoria se encarga sobre todo de <strong>eliminar las secreciones mucosas traqueobranquiales mediante diferentes t\u00e9cnicas para conseguir mejorar las capacidades respiratorias<\/strong>. Todo esto con el objetivo de lograr una mejor\u00eda en la calidad de vida de los pacientes.<\/p>\n<p style=\"text-align: justify;\"><img decoding=\"async\" class=\"aligncenter size-full wp-image-331\" src=\"http:\/\/www.fisiohogar.com\/sansebastiandelosreyes\/wp-content\/uploads\/sites\/37\/2016\/03\/P8A6245.jpg\" alt=\"fisioterapia problemas respiratorios\" width=\"900\" height=\"600\" srcset=\"https:\/\/www.fisiohogar.com\/sansebastiandelosreyes\/wp-content\/uploads\/sites\/37\/2016\/03\/P8A6245-300x200.jpg 300w, https:\/\/www.fisiohogar.com\/sansebastiandelosreyes\/wp-content\/uploads\/sites\/37\/2016\/03\/P8A6245-768x512.jpg 768w, https:\/\/www.fisiohogar.com\/sansebastiandelosreyes\/wp-content\/uploads\/sites\/37\/2016\/03\/P8A6245.jpg 900w\" sizes=\"(max-width: 900px) 100vw, 900px\" \/><\/p>\n<p style=\"text-align: justify;\">Dentro de los <strong>problemas respiratorios<\/strong> que aborda la fisioterapia encontramos el asma, enfermedades neuromusculares, EPOC, fibrosis qu\u00edstica o procesos agudos como absceso pulmonar o neumon\u00eda. Pero la fisioterapia respiratoria tambi\u00e9n se dedica al tratamiento y recuperaci\u00f3n de todo lo relacionado con la respiraci\u00f3n despu\u00e9s de intervenciones quir\u00fargicas como trasplantes pulmonares, de corac\u00f3n o de h\u00edgado.<\/p>\n<p style=\"text-align: justify;\">La<strong>s t\u00e9cnicas y m\u00e9todos empleados son muy diversos<\/strong>, <strong>atendiendo siempre a las circunstancias concretas de cada paciente<\/strong>. En la elecci\u00f3n de m\u00e9todo de trabajo tambi\u00e9n influye la edad del paciente y su capacidad de colaboraci\u00f3n, como por ejemplo en el caso de los ni\u00f1os y beb\u00e9s.<\/p>\n<p style=\"text-align: justify;\">Pero en general podemos decir que entre las t\u00e9cnicas m\u00e1s comunes en la fisioterapia respiratoria est\u00e1n el drenaje postural, el control de la respiraci\u00f3n diafragm\u00e1tica, los ejercicios para favorecer la expansi\u00f3n tor\u00e1cica, la vibraci\u00f3n y comprensi\u00f3n tor\u00e1cica o diferentes t\u00e9cnicas de tos provocada.<\/p>\n<p style=\"text-align: justify;\">Para llevar a cabo un tratamiento de fisioterapia respiratoria no tiene m\u00e1s que contactar con nosotros y un miembro de nuestro equipo de fisioterapeutas acudir\u00e1 a su hogar y realizar\u00e1 una <strong>valoraci\u00f3n de su caso<\/strong>. Se le propondr\u00e1 un plan de trabajo para mejorar su problema respiratorio y tratar de prevenir nuevas dolencias o complicaciones.<\/p>\n<p style=\"text-align: justify;\">En los tratamientos fisioterap\u00e9uticos tambi\u00e9n es muy importante la <strong>labor divulgativa y de informaci\u00f3n<\/strong>, ya que su fisioterapeuta adem\u00e1s de ayudarle a mejorar con t\u00e9cnicas y ejercicios, tambi\u00e9n le dar\u00e1 consejos para actuar en el d\u00eda a d\u00eda y evitar riesgos que puedan complicar su situaci\u00f3n.<\/p>\n","protected":false},"excerpt":{"rendered":"<p>Los problemas respiratorios son bastante comunes entre distintos grupos de poblaci\u00f3n. En Fisiohogar San Sebasti\u00e1n de los Reyes queremos ayudarle a tener una mejor calidad de vida y tenemos fisioterapeutas especializados en problemas respiratorios  [&#8230;]<\/p>\n","protected":false},"author":1,"featured_media":0,"parent":0,"menu_order":0,"comment_status":"closed","ping_status":"closed","template":"template-full.php","meta":{"_joinchat":[],"footnotes":""},"class_list":["post-29","page","type-page","status-publish","hentry"],"yoast_head":"<!-- This site is optimized with the Yoast SEO plugin v27.5 - https:\/\/yoast.com\/product\/yoast-seo-wordpress\/ -->\n<title>Fisioterapia en enfermedades respiratorias - San Sebasti\u00e1n de los Reyes<\/title>\n<meta name=\"robots\" content=\"index, follow, max-snippet:-1, max-image-preview:large, max-video-preview:-1\" \/>\n<link rel=\"canonical\" href=\"https:\/\/www.fisiohogar.com\/sansebastiandelosreyes\/fisioterapia-enfermedades-respiratorias\/\" \/>\n<meta property=\"og:locale\" content=\"es_ES\" \/>\n<meta property=\"og:type\" content=\"article\" \/>\n<meta property=\"og:title\" content=\"Fisioterapia en enfermedades respiratorias - San Sebasti\u00e1n de los Reyes\" \/>\n<meta property=\"og:description\" content=\"Los problemas respiratorios son bastante comunes entre distintos grupos de poblaci\u00f3n. En Fisiohogar San Sebasti\u00e1n de los Reyes queremos ayudarle a tener una mejor calidad de vida y tenemos fisioterapeutas especializados en problemas respiratorios [...]\" \/>\n<meta property=\"og:url\" content=\"https:\/\/www.fisiohogar.com\/sansebastiandelosreyes\/fisioterapia-enfermedades-respiratorias\/\" \/>\n<meta property=\"og:site_name\" content=\"San Sebasti\u00e1n de los Reyes\" \/>\n<meta property=\"article:modified_time\" content=\"2022-06-13T19:20:06+00:00\" \/>\n<meta property=\"og:image\" content=\"http:\/\/www.fisiohogar.com\/sansebastiandelosreyes\/wp-content\/uploads\/sites\/37\/2016\/03\/P8A6245.jpg\" \/>\n<meta name=\"twitter:card\" content=\"summary_large_image\" \/>\n<meta name=\"twitter:label1\" content=\"Tiempo de lectura\" \/>\n\t<meta name=\"twitter:data1\" content=\"2 minutos\" \/>\n<script type=\"application\/ld+json\" class=\"yoast-schema-graph\">{\"@context\":\"https:\\\/\\\/schema.org\",\"@graph\":[{\"@type\":\"WebPage\",\"@id\":\"https:\\\/\\\/www.fisiohogar.com\\\/sansebastiandelosreyes\\\/fisioterapia-enfermedades-respiratorias\\\/\",\"url\":\"https:\\\/\\\/www.fisiohogar.com\\\/sansebastiandelosreyes\\\/fisioterapia-enfermedades-respiratorias\\\/\",\"name\":\"Fisioterapia en enfermedades respiratorias - San Sebasti\u00e1n de los Reyes\",\"isPartOf\":{\"@id\":\"https:\\\/\\\/www.fisiohogar.com\\\/sansebastiandelosreyes\\\/#website\"},\"primaryImageOfPage\":{\"@id\":\"https:\\\/\\\/www.fisiohogar.com\\\/sansebastiandelosreyes\\\/fisioterapia-enfermedades-respiratorias\\\/#primaryimage\"},\"image\":{\"@id\":\"https:\\\/\\\/www.fisiohogar.com\\\/sansebastiandelosreyes\\\/fisioterapia-enfermedades-respiratorias\\\/#primaryimage\"},\"thumbnailUrl\":\"http:\\\/\\\/www.fisiohogar.com\\\/sansebastiandelosreyes\\\/wp-content\\\/uploads\\\/sites\\\/37\\\/2016\\\/03\\\/P8A6245.jpg\",\"datePublished\":\"2016-03-09T10:58:01+00:00\",\"dateModified\":\"2022-06-13T19:20:06+00:00\",\"breadcrumb\":{\"@id\":\"https:\\\/\\\/www.fisiohogar.com\\\/sansebastiandelosreyes\\\/fisioterapia-enfermedades-respiratorias\\\/#breadcrumb\"},\"inLanguage\":\"es\",\"potentialAction\":[{\"@type\":\"ReadAction\",\"target\":[\"https:\\\/\\\/www.fisiohogar.com\\\/sansebastiandelosreyes\\\/fisioterapia-enfermedades-respiratorias\\\/\"]}]},{\"@type\":\"ImageObject\",\"inLanguage\":\"es\",\"@id\":\"https:\\\/\\\/www.fisiohogar.com\\\/sansebastiandelosreyes\\\/fisioterapia-enfermedades-respiratorias\\\/#primaryimage\",\"url\":\"https:\\\/\\\/www.fisiohogar.com\\\/sansebastiandelosreyes\\\/wp-content\\\/uploads\\\/sites\\\/37\\\/2016\\\/03\\\/P8A6245.jpg\",\"contentUrl\":\"https:\\\/\\\/www.fisiohogar.com\\\/sansebastiandelosreyes\\\/wp-content\\\/uploads\\\/sites\\\/37\\\/2016\\\/03\\\/P8A6245.jpg\",\"width\":900,\"height\":600},{\"@type\":\"BreadcrumbList\",\"@id\":\"https:\\\/\\\/www.fisiohogar.com\\\/sansebastiandelosreyes\\\/fisioterapia-enfermedades-respiratorias\\\/#breadcrumb\",\"itemListElement\":[{\"@type\":\"ListItem\",\"position\":1,\"name\":\"Portada\",\"item\":\"https:\\\/\\\/www.fisiohogar.com\\\/sansebastiandelosreyes\\\/\"},{\"@type\":\"ListItem\",\"position\":2,\"name\":\"Fisioterapia en enfermedades respiratorias\"}]},{\"@type\":\"WebSite\",\"@id\":\"https:\\\/\\\/www.fisiohogar.com\\\/sansebastiandelosreyes\\\/#website\",\"url\":\"https:\\\/\\\/www.fisiohogar.com\\\/sansebastiandelosreyes\\\/\",\"name\":\"San Sebasti\u00e1n de los Reyes\",\"description\":\"Fisioterapia a domicilio\",\"potentialAction\":[{\"@type\":\"SearchAction\",\"target\":{\"@type\":\"EntryPoint\",\"urlTemplate\":\"https:\\\/\\\/www.fisiohogar.com\\\/sansebastiandelosreyes\\\/?s={search_term_string}\"},\"query-input\":{\"@type\":\"PropertyValueSpecification\",\"valueRequired\":true,\"valueName\":\"search_term_string\"}}],\"inLanguage\":\"es\"}]}<\/script>\n<!-- \/ Yoast SEO plugin. -->","yoast_head_json":{"title":"Fisioterapia en enfermedades respiratorias - San Sebasti\u00e1n de los Reyes","robots":{"index":"index","follow":"follow","max-snippet":"max-snippet:-1","max-image-preview":"max-image-preview:large","max-video-preview":"max-video-preview:-1"},"canonical":"https:\/\/www.fisiohogar.com\/sansebastiandelosreyes\/fisioterapia-enfermedades-respiratorias\/","og_locale":"es_ES","og_type":"article","og_title":"Fisioterapia en enfermedades respiratorias - San Sebasti\u00e1n de los Reyes","og_description":"Los problemas respiratorios son bastante comunes entre distintos grupos de poblaci\u00f3n. En Fisiohogar San Sebasti\u00e1n de los Reyes queremos ayudarle a tener una mejor calidad de vida y tenemos fisioterapeutas especializados en problemas respiratorios [...]","og_url":"https:\/\/www.fisiohogar.com\/sansebastiandelosreyes\/fisioterapia-enfermedades-respiratorias\/","og_site_name":"San Sebasti\u00e1n de los Reyes","article_modified_time":"2022-06-13T19:20:06+00:00","og_image":[{"url":"http:\/\/www.fisiohogar.com\/sansebastiandelosreyes\/wp-content\/uploads\/sites\/37\/2016\/03\/P8A6245.jpg","type":"","width":"","height":""}],"twitter_card":"summary_large_image","twitter_misc":{"Tiempo de lectura":"2 minutos"},"schema":{"@context":"https:\/\/schema.org","@graph":[{"@type":"WebPage","@id":"https:\/\/www.fisiohogar.com\/sansebastiandelosreyes\/fisioterapia-enfermedades-respiratorias\/","url":"https:\/\/www.fisiohogar.com\/sansebastiandelosreyes\/fisioterapia-enfermedades-respiratorias\/","name":"Fisioterapia en enfermedades respiratorias - San Sebasti\u00e1n de los Reyes","isPartOf":{"@id":"https:\/\/www.fisiohogar.com\/sansebastiandelosreyes\/#website"},"primaryImageOfPage":{"@id":"https:\/\/www.fisiohogar.com\/sansebastiandelosreyes\/fisioterapia-enfermedades-respiratorias\/#primaryimage"},"image":{"@id":"https:\/\/www.fisiohogar.com\/sansebastiandelosreyes\/fisioterapia-enfermedades-respiratorias\/#primaryimage"},"thumbnailUrl":"http:\/\/www.fisiohogar.com\/sansebastiandelosreyes\/wp-content\/uploads\/sites\/37\/2016\/03\/P8A6245.jpg","datePublished":"2016-03-09T10:58:01+00:00","dateModified":"2022-06-13T19:20:06+00:00","breadcrumb":{"@id":"https:\/\/www.fisiohogar.com\/sansebastiandelosreyes\/fisioterapia-enfermedades-respiratorias\/#breadcrumb"},"inLanguage":"es","potentialAction":[{"@type":"ReadAction","target":["https:\/\/www.fisiohogar.com\/sansebastiandelosreyes\/fisioterapia-enfermedades-respiratorias\/"]}]},{"@type":"ImageObject","inLanguage":"es","@id":"https:\/\/www.fisiohogar.com\/sansebastiandelosreyes\/fisioterapia-enfermedades-respiratorias\/#primaryimage","url":"https:\/\/www.fisiohogar.com\/sansebastiandelosreyes\/wp-content\/uploads\/sites\/37\/2016\/03\/P8A6245.jpg","contentUrl":"https:\/\/www.fisiohogar.com\/sansebastiandelosreyes\/wp-content\/uploads\/sites\/37\/2016\/03\/P8A6245.jpg","width":900,"height":600},{"@type":"BreadcrumbList","@id":"https:\/\/www.fisiohogar.com\/sansebastiandelosreyes\/fisioterapia-enfermedades-respiratorias\/#breadcrumb","itemListElement":[{"@type":"ListItem","position":1,"name":"Portada","item":"https:\/\/www.fisiohogar.com\/sansebastiandelosreyes\/"},{"@type":"ListItem","position":2,"name":"Fisioterapia en enfermedades respiratorias"}]},{"@type":"WebSite","@id":"https:\/\/www.fisiohogar.com\/sansebastiandelosreyes\/#website","url":"https:\/\/www.fisiohogar.com\/sansebastiandelosreyes\/","name":"San Sebasti\u00e1n de los Reyes","description":"Fisioterapia a domicilio","potentialAction":[{"@type":"SearchAction","target":{"@type":"EntryPoint","urlTemplate":"https:\/\/www.fisiohogar.com\/sansebastiandelosreyes\/?s={search_term_string}"},"query-input":{"@type":"PropertyValueSpecification","valueRequired":true,"valueName":"search_term_string"}}],"inLanguage":"es"}]}},"_links":{"self":[{"href":"https:\/\/www.fisiohogar.com\/sansebastiandelosreyes\/wp-json\/wp\/v2\/pages\/29","targetHints":{"allow":["GET"]}}],"collection":[{"href":"https:\/\/www.fisiohogar.com\/sansebastiandelosreyes\/wp-json\/wp\/v2\/pages"}],"about":[{"href":"https:\/\/www.fisiohogar.com\/sansebastiandelosreyes\/wp-json\/wp\/v2\/types\/page"}],"author":[{"embeddable":true,"href":"https:\/\/www.fisiohogar.com\/sansebastiandelosreyes\/wp-json\/wp\/v2\/users\/1"}],"replies":[{"embeddable":true,"href":"https:\/\/www.fisiohogar.com\/sansebastiandelosreyes\/wp-json\/wp\/v2\/comments?post=29"}],"version-history":[{"count":1,"href":"https:\/\/www.fisiohogar.com\/sansebastiandelosreyes\/wp-json\/wp\/v2\/pages\/29\/revisions"}],"predecessor-version":[{"id":5043,"href":"https:\/\/www.fisiohogar.com\/sansebastiandelosreyes\/wp-json\/wp\/v2\/pages\/29\/revisions\/5043"}],"wp:attachment":[{"href":"https:\/\/www.fisiohogar.com\/sansebastiandelosreyes\/wp-json\/wp\/v2\/media?parent=29"}],"curies":[{"name":"wp","href":"https:\/\/api.w.org\/{rel}","templated":true}]}}