{"id":27,"date":"2016-03-09T10:57:06","date_gmt":"2016-03-09T10:57:06","guid":{"rendered":"http:\/\/www.fisiohogar.com\/sansebastiandelosreyes\/?page_id=27"},"modified":"2016-03-17T11:33:37","modified_gmt":"2016-03-17T11:33:37","slug":"fisioterapia-empresas-san-sebastian-los-reyes","status":"publish","type":"page","link":"https:\/\/www.fisiohogar.com\/sansebastiandelosreyes\/fisioterapia-empresas-san-sebastian-los-reyes\/","title":{"rendered":"Fisioterapia en empresas de San Sebasti\u00e1n de los Reyes"},"content":{"rendered":"<p style=\"text-align: justify;\">El cuidado de los equipos humanos que componen las empresas es fundamental para el progreso y avance de las mismas. Por eso cada vez m\u00e1s compa\u00f1\u00edas velan por la buena salud de sus trabajadores y ofrecen servicios de atenci\u00f3n fisioterap\u00e9utica.<\/p>\n<p style=\"text-align: justify;\">En Fisiohogar somos conscientes de ello y por eso llevamos a\u00f1os ofreciendo a las empresas distintas opciones de atenci\u00f3n fisioterap\u00e9utica.<\/p>\n<p style=\"text-align: justify;\">En concreto, nuestros <strong>servicios para empresas de la zona de San Sebasti\u00e1n de los Reyes<\/strong> <strong>son siempre programas a medida<\/strong>. Nuestros profesionales realizan un estudio de las condiciones de trabajo de la empresa, el tipo de tareas que se realizan, los puestos y capacidades necesarias, etc\u00e9tera. A partir de ah\u00ed y junto con otras variables se puede determinar qu\u00e9 cuadro de dolencias o enfermedades puede haber y qu\u00e9 medidas hay que tomar para solucionar los problemas.<\/p>\n<p style=\"text-align: justify;\"><img decoding=\"async\" class=\"aligncenter size-full wp-image-334\" src=\"http:\/\/www.fisiohogar.com\/sansebastiandelosreyes\/wp-content\/uploads\/sites\/37\/2016\/03\/empresas-fisioterapia.jpg\" alt=\"empresas-fisioterapia\" width=\"900\" height=\"506\" srcset=\"https:\/\/www.fisiohogar.com\/sansebastiandelosreyes\/wp-content\/uploads\/sites\/37\/2016\/03\/empresas-fisioterapia-300x169.jpg 300w, https:\/\/www.fisiohogar.com\/sansebastiandelosreyes\/wp-content\/uploads\/sites\/37\/2016\/03\/empresas-fisioterapia-768x432.jpg 768w, https:\/\/www.fisiohogar.com\/sansebastiandelosreyes\/wp-content\/uploads\/sites\/37\/2016\/03\/empresas-fisioterapia.jpg 900w\" sizes=\"(max-width: 900px) 100vw, 900px\" \/><\/p>\n<p style=\"text-align: justify;\">Este estudio se realiza sin ning\u00fan tipo de compromiso y si se decide seguir adelante con la propuesta se pasa a detallar un plan de acci\u00f3n m\u00e1s concreto.<\/p>\n<p style=\"text-align: justify;\">Los<strong> servicios de fisioterapia que se pueden realizar para una empresa son muy diferentes<\/strong>. Entre los m\u00e1s habituales encontramos implantar un <strong>servicio de fisioterapia en las oficinas<\/strong>, establecer un servicio de <strong>atenci\u00f3n domiciliario bonificada<\/strong> o la realizaci\u00f3n de s<strong>eminarios o talleres de prevenci\u00f3n<\/strong>.<\/p>\n<p style=\"text-align: justify;\">Cada empresa decide qu\u00e9 medidas son las m\u00e1s necesarias para su compa\u00f1\u00eda, aunque es habitual que se componga de atenci\u00f3n f\u00edsica a los trabajadores con alg\u00fan tipo de problema fisioterap\u00e9utico y talleres.<\/p>\n<p style=\"text-align: justify;\">Los seminarios y talleres resultan de gran ayuda para prevenir nuevas lesiones y ayudan a los empleados a adquirir h\u00e1bitos seguros y saludables. Estos programas suelen estar compuestos de una parte te\u00f3rica y otra pr\u00e1ctica con el fin de que la explicaci\u00f3n quede perfectamente adquirida y grabada.<\/p>\n<p style=\"text-align: justify;\">Para la empresa los servicios de atenci\u00f3n fisioterap\u00e9utica le permiten <strong>reducir las tasas de absentismo<\/strong> a la vez que contribuyen a <strong>mejorar su imagen entre los empleados como compa\u00f1\u00eda comprometida con sus equipos.<\/strong><\/p>\n<p style=\"text-align: justify;\">Si quieres ofrecer alguno de estos servicios a tus empleados ponte en contacto con nosotros y uno de nuestros fisioterapeutas acudir\u00e1 a tu empresa para iniciar el proceso.<\/p>\n","protected":false},"excerpt":{"rendered":"<p>El cuidado de los equipos humanos que componen las empresas es fundamental para el progreso y avance de las mismas. Por eso cada vez m\u00e1s compa\u00f1\u00edas velan por la buena salud de sus trabajadores  [&#8230;]<\/p>\n","protected":false},"author":1,"featured_media":0,"parent":0,"menu_order":0,"comment_status":"closed","ping_status":"closed","template":"template-full.php","meta":{"_joinchat":[],"footnotes":""},"class_list":["post-27","page","type-page","status-publish","hentry"],"yoast_head":"<!-- This site is optimized with the Yoast SEO plugin v27.4 - https:\/\/yoast.com\/product\/yoast-seo-wordpress\/ -->\n<title>Fisioterapia en empresas de San Sebasti\u00e1n de los Reyes - San Sebasti\u00e1n de los Reyes<\/title>\n<meta name=\"robots\" content=\"index, follow, max-snippet:-1, max-image-preview:large, max-video-preview:-1\" \/>\n<link rel=\"canonical\" href=\"https:\/\/www.fisiohogar.com\/sansebastiandelosreyes\/fisioterapia-empresas-san-sebastian-los-reyes\/\" \/>\n<meta property=\"og:locale\" content=\"es_ES\" \/>\n<meta property=\"og:type\" content=\"article\" \/>\n<meta property=\"og:title\" content=\"Fisioterapia en empresas de San Sebasti\u00e1n de los Reyes - San Sebasti\u00e1n de los Reyes\" \/>\n<meta property=\"og:description\" content=\"El cuidado de los equipos humanos que componen las empresas es fundamental para el progreso y avance de las mismas. Por eso cada vez m\u00e1s compa\u00f1\u00edas velan por la buena salud de sus trabajadores [...]\" \/>\n<meta property=\"og:url\" content=\"https:\/\/www.fisiohogar.com\/sansebastiandelosreyes\/fisioterapia-empresas-san-sebastian-los-reyes\/\" \/>\n<meta property=\"og:site_name\" content=\"San Sebasti\u00e1n de los Reyes\" \/>\n<meta property=\"article:modified_time\" content=\"2016-03-17T11:33:37+00:00\" \/>\n<meta property=\"og:image\" content=\"http:\/\/www.fisiohogar.com\/sansebastiandelosreyes\/wp-content\/uploads\/sites\/37\/2016\/03\/empresas-fisioterapia.jpg\" \/>\n<meta name=\"twitter:card\" content=\"summary_large_image\" \/>\n<meta name=\"twitter:label1\" content=\"Tiempo de lectura\" \/>\n\t<meta name=\"twitter:data1\" content=\"2 minutos\" \/>\n<script type=\"application\/ld+json\" class=\"yoast-schema-graph\">{\"@context\":\"https:\\\/\\\/schema.org\",\"@graph\":[{\"@type\":\"WebPage\",\"@id\":\"https:\\\/\\\/www.fisiohogar.com\\\/sansebastiandelosreyes\\\/fisioterapia-empresas-san-sebastian-los-reyes\\\/\",\"url\":\"https:\\\/\\\/www.fisiohogar.com\\\/sansebastiandelosreyes\\\/fisioterapia-empresas-san-sebastian-los-reyes\\\/\",\"name\":\"Fisioterapia en empresas de San Sebasti\u00e1n de los Reyes - San Sebasti\u00e1n de los Reyes\",\"isPartOf\":{\"@id\":\"https:\\\/\\\/www.fisiohogar.com\\\/sansebastiandelosreyes\\\/#website\"},\"primaryImageOfPage\":{\"@id\":\"https:\\\/\\\/www.fisiohogar.com\\\/sansebastiandelosreyes\\\/fisioterapia-empresas-san-sebastian-los-reyes\\\/#primaryimage\"},\"image\":{\"@id\":\"https:\\\/\\\/www.fisiohogar.com\\\/sansebastiandelosreyes\\\/fisioterapia-empresas-san-sebastian-los-reyes\\\/#primaryimage\"},\"thumbnailUrl\":\"http:\\\/\\\/www.fisiohogar.com\\\/sansebastiandelosreyes\\\/wp-content\\\/uploads\\\/sites\\\/37\\\/2016\\\/03\\\/empresas-fisioterapia.jpg\",\"datePublished\":\"2016-03-09T10:57:06+00:00\",\"dateModified\":\"2016-03-17T11:33:37+00:00\",\"breadcrumb\":{\"@id\":\"https:\\\/\\\/www.fisiohogar.com\\\/sansebastiandelosreyes\\\/fisioterapia-empresas-san-sebastian-los-reyes\\\/#breadcrumb\"},\"inLanguage\":\"es\",\"potentialAction\":[{\"@type\":\"ReadAction\",\"target\":[\"https:\\\/\\\/www.fisiohogar.com\\\/sansebastiandelosreyes\\\/fisioterapia-empresas-san-sebastian-los-reyes\\\/\"]}]},{\"@type\":\"ImageObject\",\"inLanguage\":\"es\",\"@id\":\"https:\\\/\\\/www.fisiohogar.com\\\/sansebastiandelosreyes\\\/fisioterapia-empresas-san-sebastian-los-reyes\\\/#primaryimage\",\"url\":\"https:\\\/\\\/www.fisiohogar.com\\\/sansebastiandelosreyes\\\/wp-content\\\/uploads\\\/sites\\\/37\\\/2016\\\/03\\\/empresas-fisioterapia.jpg\",\"contentUrl\":\"https:\\\/\\\/www.fisiohogar.com\\\/sansebastiandelosreyes\\\/wp-content\\\/uploads\\\/sites\\\/37\\\/2016\\\/03\\\/empresas-fisioterapia.jpg\",\"width\":900,\"height\":506},{\"@type\":\"BreadcrumbList\",\"@id\":\"https:\\\/\\\/www.fisiohogar.com\\\/sansebastiandelosreyes\\\/fisioterapia-empresas-san-sebastian-los-reyes\\\/#breadcrumb\",\"itemListElement\":[{\"@type\":\"ListItem\",\"position\":1,\"name\":\"Portada\",\"item\":\"https:\\\/\\\/www.fisiohogar.com\\\/sansebastiandelosreyes\\\/\"},{\"@type\":\"ListItem\",\"position\":2,\"name\":\"Fisioterapia en empresas de San Sebasti\u00e1n de los Reyes\"}]},{\"@type\":\"WebSite\",\"@id\":\"https:\\\/\\\/www.fisiohogar.com\\\/sansebastiandelosreyes\\\/#website\",\"url\":\"https:\\\/\\\/www.fisiohogar.com\\\/sansebastiandelosreyes\\\/\",\"name\":\"San Sebasti\u00e1n de los Reyes\",\"description\":\"Fisioterapia a domicilio\",\"potentialAction\":[{\"@type\":\"SearchAction\",\"target\":{\"@type\":\"EntryPoint\",\"urlTemplate\":\"https:\\\/\\\/www.fisiohogar.com\\\/sansebastiandelosreyes\\\/?s={search_term_string}\"},\"query-input\":{\"@type\":\"PropertyValueSpecification\",\"valueRequired\":true,\"valueName\":\"search_term_string\"}}],\"inLanguage\":\"es\"}]}<\/script>\n<!-- \/ Yoast SEO plugin. -->","yoast_head_json":{"title":"Fisioterapia en empresas de San Sebasti\u00e1n de los Reyes - San Sebasti\u00e1n de los Reyes","robots":{"index":"index","follow":"follow","max-snippet":"max-snippet:-1","max-image-preview":"max-image-preview:large","max-video-preview":"max-video-preview:-1"},"canonical":"https:\/\/www.fisiohogar.com\/sansebastiandelosreyes\/fisioterapia-empresas-san-sebastian-los-reyes\/","og_locale":"es_ES","og_type":"article","og_title":"Fisioterapia en empresas de San Sebasti\u00e1n de los Reyes - San Sebasti\u00e1n de los Reyes","og_description":"El cuidado de los equipos humanos que componen las empresas es fundamental para el progreso y avance de las mismas. Por eso cada vez m\u00e1s compa\u00f1\u00edas velan por la buena salud de sus trabajadores [...]","og_url":"https:\/\/www.fisiohogar.com\/sansebastiandelosreyes\/fisioterapia-empresas-san-sebastian-los-reyes\/","og_site_name":"San Sebasti\u00e1n de los Reyes","article_modified_time":"2016-03-17T11:33:37+00:00","og_image":[{"url":"http:\/\/www.fisiohogar.com\/sansebastiandelosreyes\/wp-content\/uploads\/sites\/37\/2016\/03\/empresas-fisioterapia.jpg","type":"","width":"","height":""}],"twitter_card":"summary_large_image","twitter_misc":{"Tiempo de lectura":"2 minutos"},"schema":{"@context":"https:\/\/schema.org","@graph":[{"@type":"WebPage","@id":"https:\/\/www.fisiohogar.com\/sansebastiandelosreyes\/fisioterapia-empresas-san-sebastian-los-reyes\/","url":"https:\/\/www.fisiohogar.com\/sansebastiandelosreyes\/fisioterapia-empresas-san-sebastian-los-reyes\/","name":"Fisioterapia en empresas de San Sebasti\u00e1n de los Reyes - San Sebasti\u00e1n de los Reyes","isPartOf":{"@id":"https:\/\/www.fisiohogar.com\/sansebastiandelosreyes\/#website"},"primaryImageOfPage":{"@id":"https:\/\/www.fisiohogar.com\/sansebastiandelosreyes\/fisioterapia-empresas-san-sebastian-los-reyes\/#primaryimage"},"image":{"@id":"https:\/\/www.fisiohogar.com\/sansebastiandelosreyes\/fisioterapia-empresas-san-sebastian-los-reyes\/#primaryimage"},"thumbnailUrl":"http:\/\/www.fisiohogar.com\/sansebastiandelosreyes\/wp-content\/uploads\/sites\/37\/2016\/03\/empresas-fisioterapia.jpg","datePublished":"2016-03-09T10:57:06+00:00","dateModified":"2016-03-17T11:33:37+00:00","breadcrumb":{"@id":"https:\/\/www.fisiohogar.com\/sansebastiandelosreyes\/fisioterapia-empresas-san-sebastian-los-reyes\/#breadcrumb"},"inLanguage":"es","potentialAction":[{"@type":"ReadAction","target":["https:\/\/www.fisiohogar.com\/sansebastiandelosreyes\/fisioterapia-empresas-san-sebastian-los-reyes\/"]}]},{"@type":"ImageObject","inLanguage":"es","@id":"https:\/\/www.fisiohogar.com\/sansebastiandelosreyes\/fisioterapia-empresas-san-sebastian-los-reyes\/#primaryimage","url":"https:\/\/www.fisiohogar.com\/sansebastiandelosreyes\/wp-content\/uploads\/sites\/37\/2016\/03\/empresas-fisioterapia.jpg","contentUrl":"https:\/\/www.fisiohogar.com\/sansebastiandelosreyes\/wp-content\/uploads\/sites\/37\/2016\/03\/empresas-fisioterapia.jpg","width":900,"height":506},{"@type":"BreadcrumbList","@id":"https:\/\/www.fisiohogar.com\/sansebastiandelosreyes\/fisioterapia-empresas-san-sebastian-los-reyes\/#breadcrumb","itemListElement":[{"@type":"ListItem","position":1,"name":"Portada","item":"https:\/\/www.fisiohogar.com\/sansebastiandelosreyes\/"},{"@type":"ListItem","position":2,"name":"Fisioterapia en empresas de San Sebasti\u00e1n de los Reyes"}]},{"@type":"WebSite","@id":"https:\/\/www.fisiohogar.com\/sansebastiandelosreyes\/#website","url":"https:\/\/www.fisiohogar.com\/sansebastiandelosreyes\/","name":"San Sebasti\u00e1n de los Reyes","description":"Fisioterapia a domicilio","potentialAction":[{"@type":"SearchAction","target":{"@type":"EntryPoint","urlTemplate":"https:\/\/www.fisiohogar.com\/sansebastiandelosreyes\/?s={search_term_string}"},"query-input":{"@type":"PropertyValueSpecification","valueRequired":true,"valueName":"search_term_string"}}],"inLanguage":"es"}]}},"_links":{"self":[{"href":"https:\/\/www.fisiohogar.com\/sansebastiandelosreyes\/wp-json\/wp\/v2\/pages\/27","targetHints":{"allow":["GET"]}}],"collection":[{"href":"https:\/\/www.fisiohogar.com\/sansebastiandelosreyes\/wp-json\/wp\/v2\/pages"}],"about":[{"href":"https:\/\/www.fisiohogar.com\/sansebastiandelosreyes\/wp-json\/wp\/v2\/types\/page"}],"author":[{"embeddable":true,"href":"https:\/\/www.fisiohogar.com\/sansebastiandelosreyes\/wp-json\/wp\/v2\/users\/1"}],"replies":[{"embeddable":true,"href":"https:\/\/www.fisiohogar.com\/sansebastiandelosreyes\/wp-json\/wp\/v2\/comments?post=27"}],"version-history":[{"count":0,"href":"https:\/\/www.fisiohogar.com\/sansebastiandelosreyes\/wp-json\/wp\/v2\/pages\/27\/revisions"}],"wp:attachment":[{"href":"https:\/\/www.fisiohogar.com\/sansebastiandelosreyes\/wp-json\/wp\/v2\/media?parent=27"}],"curies":[{"name":"wp","href":"https:\/\/api.w.org\/{rel}","templated":true}]}}