{"id":25,"date":"2016-03-09T10:56:36","date_gmt":"2016-03-09T10:56:36","guid":{"rendered":"http:\/\/www.fisiohogar.com\/sansebastiandelosreyes\/?page_id=25"},"modified":"2016-03-17T11:18:31","modified_gmt":"2016-03-17T11:18:31","slug":"fisioterapia-para-deportistas","status":"publish","type":"page","link":"https:\/\/www.fisiohogar.com\/sansebastiandelosreyes\/fisioterapia-para-deportistas\/","title":{"rendered":"Fisioterapia para deportistas"},"content":{"rendered":"<p style=\"text-align: justify;\">El deporte es cada vez una actividad practicada por un amplio colectivo de la sociedad, tanto de manera profesional o semiprofesional como por deportistas ocasionales. Esta practica conlleva lesiones y problemas que deben ser tratados por la fisioterapia.<\/p>\n<p style=\"text-align: justify;\">Las patolog\u00edas que nuestros profesionales tratan son muy diversas y de diferente grado de intensidad. Algunas son provocadas por una falta de preparaci\u00f3n previa a la pr\u00e1ctica deportiva, por un sobre esfuerzo o por otro tipo de problemas. En cualquier caso, es muy importante tratarlas cuanto antes y por profesionales con experiencia.<\/p>\n<p style=\"text-align: justify;\"><img decoding=\"async\" class=\"aligncenter size-full wp-image-322\" src=\"http:\/\/www.fisiohogar.com\/sansebastiandelosreyes\/wp-content\/uploads\/sites\/37\/2016\/03\/fisioterapia-deporte.jpg\" alt=\"fisioterapia-deporte\" width=\"900\" height=\"506\" srcset=\"https:\/\/www.fisiohogar.com\/sansebastiandelosreyes\/wp-content\/uploads\/sites\/37\/2016\/03\/fisioterapia-deporte-300x169.jpg 300w, https:\/\/www.fisiohogar.com\/sansebastiandelosreyes\/wp-content\/uploads\/sites\/37\/2016\/03\/fisioterapia-deporte-768x432.jpg 768w, https:\/\/www.fisiohogar.com\/sansebastiandelosreyes\/wp-content\/uploads\/sites\/37\/2016\/03\/fisioterapia-deporte.jpg 900w\" sizes=\"(max-width: 900px) 100vw, 900px\" \/><\/p>\n<p style=\"text-align: justify;\">En Fisiohogar San Sebasti\u00e1n de los Reyes contamos con fisioterapeutas con formaci\u00f3n espec\u00edfica en las patolog\u00edas y problemas relacionados con el \u00e1mbito deportivo que valorar\u00e1n la lesi\u00f3n y sabr\u00e1n proponerle el tratamiento adecuado.<\/p>\n<p style=\"text-align: justify;\">Nuestro objetivo es <strong>devolverle el estado de salud y capacidades que ten\u00eda antes de la lesi\u00f3n y contribuir a mejorar sus capacidades y lograr un mejor rendimiento.\u00a0<\/strong><\/p>\n<p style=\"text-align: justify;\">Las t\u00e9cnicas y m\u00e9todos de trabajo que empleamos son muy diversas, pero en general todas van encaminadas a conseguir la<strong> r\u00e1pida recuperaci\u00f3n y a prevenir futuras lesiones<\/strong>. Entre los tratamientos destacan los masajes descontracturantes, masajes antes y despu\u00e9s de la competici\u00f3n, ejercicios de potenciaci\u00f3n, sesiones de estiramientos, trabajo del equilibrio y la coordinaci\u00f3n&#8230;<\/p>\n<p style=\"text-align: justify;\">En los tratamientos de lesiones deportivas la constancia es muy importante para lograr una total recuperaci\u00f3n, por eso en Fisiohogar queremos acompa\u00f1arle en todo el proceso y convertirnos en su fisioterapeuta de cabecera, en un preparador que consiga que d\u00e9 lo mejor de s\u00ed mismo.<\/p>\n<p style=\"text-align: justify;\">Entre los servicios que ofrecemos tambi\u00e9n cabe destacar que <strong>organizamos atenci\u00f3n fisioterap\u00e9utica en eventos y competiciones deportivas<\/strong>, en la que podr\u00e1 contar con profesionales formados, colegiados y con amplia experiencia en el campo del deporte.<\/p>\n<p style=\"text-align: justify;\">Si es usted deportista o se encarga de la organizaci\u00f3n de eventos deportivos, contacte con nosotros y buscaremos el tratamiento que mejor se adapte a sus necesidades.<\/p>\n","protected":false},"excerpt":{"rendered":"<p>El deporte es cada vez una actividad practicada por un amplio colectivo de la sociedad, tanto de manera profesional o semiprofesional como por deportistas ocasionales. Esta practica conlleva lesiones y problemas que deben ser  [&#8230;]<\/p>\n","protected":false},"author":1,"featured_media":0,"parent":0,"menu_order":0,"comment_status":"closed","ping_status":"closed","template":"template-full.php","meta":{"_joinchat":[],"footnotes":""},"class_list":["post-25","page","type-page","status-publish","hentry"],"yoast_head":"<!-- This site is optimized with the Yoast SEO plugin v27.4 - https:\/\/yoast.com\/product\/yoast-seo-wordpress\/ -->\n<title>Fisioterapia para deportistas - San Sebasti\u00e1n de los Reyes<\/title>\n<meta name=\"robots\" content=\"index, follow, max-snippet:-1, max-image-preview:large, max-video-preview:-1\" \/>\n<link rel=\"canonical\" href=\"https:\/\/www.fisiohogar.com\/sansebastiandelosreyes\/fisioterapia-para-deportistas\/\" \/>\n<meta property=\"og:locale\" content=\"es_ES\" \/>\n<meta property=\"og:type\" content=\"article\" \/>\n<meta property=\"og:title\" content=\"Fisioterapia para deportistas - San Sebasti\u00e1n de los Reyes\" \/>\n<meta property=\"og:description\" content=\"El deporte es cada vez una actividad practicada por un amplio colectivo de la sociedad, tanto de manera profesional o semiprofesional como por deportistas ocasionales. Esta practica conlleva lesiones y problemas que deben ser [...]\" \/>\n<meta property=\"og:url\" content=\"https:\/\/www.fisiohogar.com\/sansebastiandelosreyes\/fisioterapia-para-deportistas\/\" \/>\n<meta property=\"og:site_name\" content=\"San Sebasti\u00e1n de los Reyes\" \/>\n<meta property=\"article:modified_time\" content=\"2016-03-17T11:18:31+00:00\" \/>\n<meta property=\"og:image\" content=\"http:\/\/www.fisiohogar.com\/sansebastiandelosreyes\/wp-content\/uploads\/sites\/37\/2016\/03\/fisioterapia-deporte.jpg\" \/>\n<meta name=\"twitter:card\" content=\"summary_large_image\" \/>\n<meta name=\"twitter:label1\" content=\"Tiempo de lectura\" \/>\n\t<meta name=\"twitter:data1\" content=\"2 minutos\" \/>\n<script type=\"application\/ld+json\" class=\"yoast-schema-graph\">{\"@context\":\"https:\\\/\\\/schema.org\",\"@graph\":[{\"@type\":\"WebPage\",\"@id\":\"https:\\\/\\\/www.fisiohogar.com\\\/sansebastiandelosreyes\\\/fisioterapia-para-deportistas\\\/\",\"url\":\"https:\\\/\\\/www.fisiohogar.com\\\/sansebastiandelosreyes\\\/fisioterapia-para-deportistas\\\/\",\"name\":\"Fisioterapia para deportistas - San Sebasti\u00e1n de los Reyes\",\"isPartOf\":{\"@id\":\"https:\\\/\\\/www.fisiohogar.com\\\/sansebastiandelosreyes\\\/#website\"},\"primaryImageOfPage\":{\"@id\":\"https:\\\/\\\/www.fisiohogar.com\\\/sansebastiandelosreyes\\\/fisioterapia-para-deportistas\\\/#primaryimage\"},\"image\":{\"@id\":\"https:\\\/\\\/www.fisiohogar.com\\\/sansebastiandelosreyes\\\/fisioterapia-para-deportistas\\\/#primaryimage\"},\"thumbnailUrl\":\"http:\\\/\\\/www.fisiohogar.com\\\/sansebastiandelosreyes\\\/wp-content\\\/uploads\\\/sites\\\/37\\\/2016\\\/03\\\/fisioterapia-deporte.jpg\",\"datePublished\":\"2016-03-09T10:56:36+00:00\",\"dateModified\":\"2016-03-17T11:18:31+00:00\",\"breadcrumb\":{\"@id\":\"https:\\\/\\\/www.fisiohogar.com\\\/sansebastiandelosreyes\\\/fisioterapia-para-deportistas\\\/#breadcrumb\"},\"inLanguage\":\"es\",\"potentialAction\":[{\"@type\":\"ReadAction\",\"target\":[\"https:\\\/\\\/www.fisiohogar.com\\\/sansebastiandelosreyes\\\/fisioterapia-para-deportistas\\\/\"]}]},{\"@type\":\"ImageObject\",\"inLanguage\":\"es\",\"@id\":\"https:\\\/\\\/www.fisiohogar.com\\\/sansebastiandelosreyes\\\/fisioterapia-para-deportistas\\\/#primaryimage\",\"url\":\"https:\\\/\\\/www.fisiohogar.com\\\/sansebastiandelosreyes\\\/wp-content\\\/uploads\\\/sites\\\/37\\\/2016\\\/03\\\/fisioterapia-deporte.jpg\",\"contentUrl\":\"https:\\\/\\\/www.fisiohogar.com\\\/sansebastiandelosreyes\\\/wp-content\\\/uploads\\\/sites\\\/37\\\/2016\\\/03\\\/fisioterapia-deporte.jpg\",\"width\":900,\"height\":506},{\"@type\":\"BreadcrumbList\",\"@id\":\"https:\\\/\\\/www.fisiohogar.com\\\/sansebastiandelosreyes\\\/fisioterapia-para-deportistas\\\/#breadcrumb\",\"itemListElement\":[{\"@type\":\"ListItem\",\"position\":1,\"name\":\"Portada\",\"item\":\"https:\\\/\\\/www.fisiohogar.com\\\/sansebastiandelosreyes\\\/\"},{\"@type\":\"ListItem\",\"position\":2,\"name\":\"Fisioterapia para deportistas\"}]},{\"@type\":\"WebSite\",\"@id\":\"https:\\\/\\\/www.fisiohogar.com\\\/sansebastiandelosreyes\\\/#website\",\"url\":\"https:\\\/\\\/www.fisiohogar.com\\\/sansebastiandelosreyes\\\/\",\"name\":\"San Sebasti\u00e1n de los Reyes\",\"description\":\"Fisioterapia a domicilio\",\"potentialAction\":[{\"@type\":\"SearchAction\",\"target\":{\"@type\":\"EntryPoint\",\"urlTemplate\":\"https:\\\/\\\/www.fisiohogar.com\\\/sansebastiandelosreyes\\\/?s={search_term_string}\"},\"query-input\":{\"@type\":\"PropertyValueSpecification\",\"valueRequired\":true,\"valueName\":\"search_term_string\"}}],\"inLanguage\":\"es\"}]}<\/script>\n<!-- \/ Yoast SEO plugin. -->","yoast_head_json":{"title":"Fisioterapia para deportistas - San Sebasti\u00e1n de los Reyes","robots":{"index":"index","follow":"follow","max-snippet":"max-snippet:-1","max-image-preview":"max-image-preview:large","max-video-preview":"max-video-preview:-1"},"canonical":"https:\/\/www.fisiohogar.com\/sansebastiandelosreyes\/fisioterapia-para-deportistas\/","og_locale":"es_ES","og_type":"article","og_title":"Fisioterapia para deportistas - San Sebasti\u00e1n de los Reyes","og_description":"El deporte es cada vez una actividad practicada por un amplio colectivo de la sociedad, tanto de manera profesional o semiprofesional como por deportistas ocasionales. Esta practica conlleva lesiones y problemas que deben ser [...]","og_url":"https:\/\/www.fisiohogar.com\/sansebastiandelosreyes\/fisioterapia-para-deportistas\/","og_site_name":"San Sebasti\u00e1n de los Reyes","article_modified_time":"2016-03-17T11:18:31+00:00","og_image":[{"url":"http:\/\/www.fisiohogar.com\/sansebastiandelosreyes\/wp-content\/uploads\/sites\/37\/2016\/03\/fisioterapia-deporte.jpg","type":"","width":"","height":""}],"twitter_card":"summary_large_image","twitter_misc":{"Tiempo de lectura":"2 minutos"},"schema":{"@context":"https:\/\/schema.org","@graph":[{"@type":"WebPage","@id":"https:\/\/www.fisiohogar.com\/sansebastiandelosreyes\/fisioterapia-para-deportistas\/","url":"https:\/\/www.fisiohogar.com\/sansebastiandelosreyes\/fisioterapia-para-deportistas\/","name":"Fisioterapia para deportistas - San Sebasti\u00e1n de los Reyes","isPartOf":{"@id":"https:\/\/www.fisiohogar.com\/sansebastiandelosreyes\/#website"},"primaryImageOfPage":{"@id":"https:\/\/www.fisiohogar.com\/sansebastiandelosreyes\/fisioterapia-para-deportistas\/#primaryimage"},"image":{"@id":"https:\/\/www.fisiohogar.com\/sansebastiandelosreyes\/fisioterapia-para-deportistas\/#primaryimage"},"thumbnailUrl":"http:\/\/www.fisiohogar.com\/sansebastiandelosreyes\/wp-content\/uploads\/sites\/37\/2016\/03\/fisioterapia-deporte.jpg","datePublished":"2016-03-09T10:56:36+00:00","dateModified":"2016-03-17T11:18:31+00:00","breadcrumb":{"@id":"https:\/\/www.fisiohogar.com\/sansebastiandelosreyes\/fisioterapia-para-deportistas\/#breadcrumb"},"inLanguage":"es","potentialAction":[{"@type":"ReadAction","target":["https:\/\/www.fisiohogar.com\/sansebastiandelosreyes\/fisioterapia-para-deportistas\/"]}]},{"@type":"ImageObject","inLanguage":"es","@id":"https:\/\/www.fisiohogar.com\/sansebastiandelosreyes\/fisioterapia-para-deportistas\/#primaryimage","url":"https:\/\/www.fisiohogar.com\/sansebastiandelosreyes\/wp-content\/uploads\/sites\/37\/2016\/03\/fisioterapia-deporte.jpg","contentUrl":"https:\/\/www.fisiohogar.com\/sansebastiandelosreyes\/wp-content\/uploads\/sites\/37\/2016\/03\/fisioterapia-deporte.jpg","width":900,"height":506},{"@type":"BreadcrumbList","@id":"https:\/\/www.fisiohogar.com\/sansebastiandelosreyes\/fisioterapia-para-deportistas\/#breadcrumb","itemListElement":[{"@type":"ListItem","position":1,"name":"Portada","item":"https:\/\/www.fisiohogar.com\/sansebastiandelosreyes\/"},{"@type":"ListItem","position":2,"name":"Fisioterapia para deportistas"}]},{"@type":"WebSite","@id":"https:\/\/www.fisiohogar.com\/sansebastiandelosreyes\/#website","url":"https:\/\/www.fisiohogar.com\/sansebastiandelosreyes\/","name":"San Sebasti\u00e1n de los Reyes","description":"Fisioterapia a domicilio","potentialAction":[{"@type":"SearchAction","target":{"@type":"EntryPoint","urlTemplate":"https:\/\/www.fisiohogar.com\/sansebastiandelosreyes\/?s={search_term_string}"},"query-input":{"@type":"PropertyValueSpecification","valueRequired":true,"valueName":"search_term_string"}}],"inLanguage":"es"}]}},"_links":{"self":[{"href":"https:\/\/www.fisiohogar.com\/sansebastiandelosreyes\/wp-json\/wp\/v2\/pages\/25","targetHints":{"allow":["GET"]}}],"collection":[{"href":"https:\/\/www.fisiohogar.com\/sansebastiandelosreyes\/wp-json\/wp\/v2\/pages"}],"about":[{"href":"https:\/\/www.fisiohogar.com\/sansebastiandelosreyes\/wp-json\/wp\/v2\/types\/page"}],"author":[{"embeddable":true,"href":"https:\/\/www.fisiohogar.com\/sansebastiandelosreyes\/wp-json\/wp\/v2\/users\/1"}],"replies":[{"embeddable":true,"href":"https:\/\/www.fisiohogar.com\/sansebastiandelosreyes\/wp-json\/wp\/v2\/comments?post=25"}],"version-history":[{"count":0,"href":"https:\/\/www.fisiohogar.com\/sansebastiandelosreyes\/wp-json\/wp\/v2\/pages\/25\/revisions"}],"wp:attachment":[{"href":"https:\/\/www.fisiohogar.com\/sansebastiandelosreyes\/wp-json\/wp\/v2\/media?parent=25"}],"curies":[{"name":"wp","href":"https:\/\/api.w.org\/{rel}","templated":true}]}}