{"id":23,"date":"2016-03-09T10:56:12","date_gmt":"2016-03-09T10:56:12","guid":{"rendered":"http:\/\/www.fisiohogar.com\/sansebastiandelosreyes\/?page_id=23"},"modified":"2022-06-13T19:19:27","modified_gmt":"2022-06-13T19:19:27","slug":"fisioterapia-parkinson-otras-enfermedades-neurologicas","status":"publish","type":"page","link":"https:\/\/www.fisiohogar.com\/sansebastiandelosreyes\/fisioterapia-parkinson-otras-enfermedades-neurologicas\/","title":{"rendered":"Fisioterapia para el Parkinson y otras enfermedades neurol\u00f3gicas"},"content":{"rendered":"<p style=\"text-align: justify;\">El Parkinson es una enfermedad neurol\u00f3gica que precisa atenci\u00f3n fisioterap\u00e9utica para\u00a0que\u00a0el paciente pueda tener la mejor calidad de vida posible. Al igual que esta enfermedad existen muchas otras <strong>enfermedades y patolog\u00edas neurol\u00f3gicas que necesitan la ayuda de profesionales de la fisioterapia.<\/strong><\/p>\n<p style=\"text-align: justify;\">En Fisiohogar San Sebasti\u00e1n de los Reyes somos conscientes de ello y, por eso, ponemos a su disposici\u00f3n o a la de sus seres queridos que tienen alg\u00fan tipo de estas enfermedades, todos los medios que tenemos a nuestro alcance para ayudarles en el d\u00eda a d\u00eda con estos problemas.<\/p>\n<p style=\"text-align: justify;\"><img decoding=\"async\" class=\"aligncenter size-full wp-image-324\" src=\"http:\/\/www.fisiohogar.com\/sansebastiandelosreyes\/wp-content\/uploads\/sites\/37\/2016\/03\/neurologico.jpg\" alt=\"neurologico\" width=\"990\" height=\"667\" srcset=\"https:\/\/www.fisiohogar.com\/sansebastiandelosreyes\/wp-content\/uploads\/sites\/37\/2016\/03\/neurologico-300x202.jpg 300w, https:\/\/www.fisiohogar.com\/sansebastiandelosreyes\/wp-content\/uploads\/sites\/37\/2016\/03\/neurologico-768x517.jpg 768w, https:\/\/www.fisiohogar.com\/sansebastiandelosreyes\/wp-content\/uploads\/sites\/37\/2016\/03\/neurologico-940x633.jpg 940w, https:\/\/www.fisiohogar.com\/sansebastiandelosreyes\/wp-content\/uploads\/sites\/37\/2016\/03\/neurologico.jpg 990w\" sizes=\"(max-width: 990px) 100vw, 990px\" \/><\/p>\n<p style=\"text-align: justify;\">Entre las patolog\u00edas que entran dentro de las llamadas enfermedades neurol\u00f3gicas encontramos adem\u00e1s del Parkinson, las ataxias, la esclerosis m\u00faltiple, las distrofias musculares, los ictus, las lesiones medulares, as\u00ed como otras enfermedades neuromusculares como pueden ser la Duchenne, Steinert o Charcont Marie Tooth.<\/p>\n<p style=\"text-align: justify;\">Todas ellas unidas a trastornos del sistema nervioso que est\u00e1n asociados a la edad conviene que sean tratadas para reducir sus secuelas, combatir sus s\u00edntomas y prevenir su avance. En esto es en lo que trabajan nuestros equipos de fisioterapeutas.<\/p>\n<p style=\"text-align: justify;\">Las t\u00e9cnicas y tratamientos que ofrecemos a los pacientes con enfermedades neurol\u00f3gicas son <strong>programas a medida<\/strong>, que <strong>se pueden realizar a domicilio<\/strong> con las garant\u00edas de que ser\u00e1n profesionales y que contar\u00e1n con los mejores medios.<\/p>\n<p style=\"text-align: justify;\">Nuestro objetivo es conseguir la mejor calidad de vida de los pacientes con enfermedades neurol\u00f3gicas y para ello contamos con <strong>fisioterapeutas que conocen los \u00faltimos tratamientos especializados en estas patolog\u00edas<\/strong>. Nuestros fisioterapeutas de San Sebasti\u00e1n de los Reyes manejas distintas t\u00e9cnicas como el kabat, la neurodin\u00e1mica o m\u00e9todos como el Bobath que combinados con ejercicios y movilizaciones activas y pasivas logran una mejor\u00eda notable de los pacientes.<\/p>\n<p style=\"text-align: justify;\">Para que el trabajo y los resultados sean los deseados nuestros profesionales ponen todos sus conocimientos, habilidades y experiencia a su disposici\u00f3n, pero en el trabajo fisioterap\u00e9utico de estas enfermedades <strong>tambi\u00e9n<\/strong> <strong>es muy importante la actitud del paciente<\/strong>. Su implicaci\u00f3n y participaci\u00f3n e fundamental para alcanzar unos buenos resultados.<\/p>\n<p style=\"text-align: justify;\">Para cualquier consulta, no dude en ponerse en contacto con nosotros y haremos una valoraci\u00f3n de su caso.<\/p>\n","protected":false},"excerpt":{"rendered":"<p>El Parkinson es una enfermedad neurol\u00f3gica que precisa atenci\u00f3n fisioterap\u00e9utica para\u00a0que\u00a0el paciente pueda tener la mejor calidad de vida posible. Al igual que esta enfermedad existen muchas otras enfermedades y patolog\u00edas neurol\u00f3gicas que necesitan  [&#8230;]<\/p>\n","protected":false},"author":1,"featured_media":0,"parent":0,"menu_order":0,"comment_status":"closed","ping_status":"closed","template":"template-full.php","meta":{"_joinchat":[],"footnotes":""},"class_list":["post-23","page","type-page","status-publish","hentry"],"yoast_head":"<!-- This site is optimized with the Yoast SEO plugin v27.5 - https:\/\/yoast.com\/product\/yoast-seo-wordpress\/ -->\n<title>Fisioterapia para el Parkinson y otras enfermedades neurol\u00f3gicas - San Sebasti\u00e1n de los Reyes<\/title>\n<meta name=\"robots\" content=\"index, follow, max-snippet:-1, max-image-preview:large, max-video-preview:-1\" \/>\n<link rel=\"canonical\" href=\"https:\/\/www.fisiohogar.com\/sansebastiandelosreyes\/fisioterapia-parkinson-otras-enfermedades-neurologicas\/\" \/>\n<meta property=\"og:locale\" content=\"es_ES\" \/>\n<meta property=\"og:type\" content=\"article\" \/>\n<meta property=\"og:title\" content=\"Fisioterapia para el Parkinson y otras enfermedades neurol\u00f3gicas - San Sebasti\u00e1n de los Reyes\" \/>\n<meta property=\"og:description\" content=\"El Parkinson es una enfermedad neurol\u00f3gica que precisa atenci\u00f3n fisioterap\u00e9utica para\u00a0que\u00a0el paciente pueda tener la mejor calidad de vida posible. Al igual que esta enfermedad existen muchas otras enfermedades y patolog\u00edas neurol\u00f3gicas que necesitan [...]\" \/>\n<meta property=\"og:url\" content=\"https:\/\/www.fisiohogar.com\/sansebastiandelosreyes\/fisioterapia-parkinson-otras-enfermedades-neurologicas\/\" \/>\n<meta property=\"og:site_name\" content=\"San Sebasti\u00e1n de los Reyes\" \/>\n<meta property=\"article:modified_time\" content=\"2022-06-13T19:19:27+00:00\" \/>\n<meta property=\"og:image\" content=\"http:\/\/www.fisiohogar.com\/sansebastiandelosreyes\/wp-content\/uploads\/sites\/37\/2016\/03\/neurologico.jpg\" \/>\n<meta name=\"twitter:card\" content=\"summary_large_image\" \/>\n<meta name=\"twitter:label1\" content=\"Tiempo de lectura\" \/>\n\t<meta name=\"twitter:data1\" content=\"2 minutos\" \/>\n<script type=\"application\/ld+json\" class=\"yoast-schema-graph\">{\"@context\":\"https:\\\/\\\/schema.org\",\"@graph\":[{\"@type\":\"WebPage\",\"@id\":\"https:\\\/\\\/www.fisiohogar.com\\\/sansebastiandelosreyes\\\/fisioterapia-parkinson-otras-enfermedades-neurologicas\\\/\",\"url\":\"https:\\\/\\\/www.fisiohogar.com\\\/sansebastiandelosreyes\\\/fisioterapia-parkinson-otras-enfermedades-neurologicas\\\/\",\"name\":\"Fisioterapia para el Parkinson y otras enfermedades neurol\u00f3gicas - San Sebasti\u00e1n de los Reyes\",\"isPartOf\":{\"@id\":\"https:\\\/\\\/www.fisiohogar.com\\\/sansebastiandelosreyes\\\/#website\"},\"primaryImageOfPage\":{\"@id\":\"https:\\\/\\\/www.fisiohogar.com\\\/sansebastiandelosreyes\\\/fisioterapia-parkinson-otras-enfermedades-neurologicas\\\/#primaryimage\"},\"image\":{\"@id\":\"https:\\\/\\\/www.fisiohogar.com\\\/sansebastiandelosreyes\\\/fisioterapia-parkinson-otras-enfermedades-neurologicas\\\/#primaryimage\"},\"thumbnailUrl\":\"http:\\\/\\\/www.fisiohogar.com\\\/sansebastiandelosreyes\\\/wp-content\\\/uploads\\\/sites\\\/37\\\/2016\\\/03\\\/neurologico.jpg\",\"datePublished\":\"2016-03-09T10:56:12+00:00\",\"dateModified\":\"2022-06-13T19:19:27+00:00\",\"breadcrumb\":{\"@id\":\"https:\\\/\\\/www.fisiohogar.com\\\/sansebastiandelosreyes\\\/fisioterapia-parkinson-otras-enfermedades-neurologicas\\\/#breadcrumb\"},\"inLanguage\":\"es\",\"potentialAction\":[{\"@type\":\"ReadAction\",\"target\":[\"https:\\\/\\\/www.fisiohogar.com\\\/sansebastiandelosreyes\\\/fisioterapia-parkinson-otras-enfermedades-neurologicas\\\/\"]}]},{\"@type\":\"ImageObject\",\"inLanguage\":\"es\",\"@id\":\"https:\\\/\\\/www.fisiohogar.com\\\/sansebastiandelosreyes\\\/fisioterapia-parkinson-otras-enfermedades-neurologicas\\\/#primaryimage\",\"url\":\"https:\\\/\\\/www.fisiohogar.com\\\/sansebastiandelosreyes\\\/wp-content\\\/uploads\\\/sites\\\/37\\\/2016\\\/03\\\/neurologico.jpg\",\"contentUrl\":\"https:\\\/\\\/www.fisiohogar.com\\\/sansebastiandelosreyes\\\/wp-content\\\/uploads\\\/sites\\\/37\\\/2016\\\/03\\\/neurologico.jpg\",\"width\":990,\"height\":667},{\"@type\":\"BreadcrumbList\",\"@id\":\"https:\\\/\\\/www.fisiohogar.com\\\/sansebastiandelosreyes\\\/fisioterapia-parkinson-otras-enfermedades-neurologicas\\\/#breadcrumb\",\"itemListElement\":[{\"@type\":\"ListItem\",\"position\":1,\"name\":\"Portada\",\"item\":\"https:\\\/\\\/www.fisiohogar.com\\\/sansebastiandelosreyes\\\/\"},{\"@type\":\"ListItem\",\"position\":2,\"name\":\"Fisioterapia para el Parkinson y otras enfermedades neurol\u00f3gicas\"}]},{\"@type\":\"WebSite\",\"@id\":\"https:\\\/\\\/www.fisiohogar.com\\\/sansebastiandelosreyes\\\/#website\",\"url\":\"https:\\\/\\\/www.fisiohogar.com\\\/sansebastiandelosreyes\\\/\",\"name\":\"San Sebasti\u00e1n de los Reyes\",\"description\":\"Fisioterapia a domicilio\",\"potentialAction\":[{\"@type\":\"SearchAction\",\"target\":{\"@type\":\"EntryPoint\",\"urlTemplate\":\"https:\\\/\\\/www.fisiohogar.com\\\/sansebastiandelosreyes\\\/?s={search_term_string}\"},\"query-input\":{\"@type\":\"PropertyValueSpecification\",\"valueRequired\":true,\"valueName\":\"search_term_string\"}}],\"inLanguage\":\"es\"}]}<\/script>\n<!-- \/ Yoast SEO plugin. -->","yoast_head_json":{"title":"Fisioterapia para el Parkinson y otras enfermedades neurol\u00f3gicas - San Sebasti\u00e1n de los Reyes","robots":{"index":"index","follow":"follow","max-snippet":"max-snippet:-1","max-image-preview":"max-image-preview:large","max-video-preview":"max-video-preview:-1"},"canonical":"https:\/\/www.fisiohogar.com\/sansebastiandelosreyes\/fisioterapia-parkinson-otras-enfermedades-neurologicas\/","og_locale":"es_ES","og_type":"article","og_title":"Fisioterapia para el Parkinson y otras enfermedades neurol\u00f3gicas - San Sebasti\u00e1n de los Reyes","og_description":"El Parkinson es una enfermedad neurol\u00f3gica que precisa atenci\u00f3n fisioterap\u00e9utica para\u00a0que\u00a0el paciente pueda tener la mejor calidad de vida posible. Al igual que esta enfermedad existen muchas otras enfermedades y patolog\u00edas neurol\u00f3gicas que necesitan [...]","og_url":"https:\/\/www.fisiohogar.com\/sansebastiandelosreyes\/fisioterapia-parkinson-otras-enfermedades-neurologicas\/","og_site_name":"San Sebasti\u00e1n de los Reyes","article_modified_time":"2022-06-13T19:19:27+00:00","og_image":[{"url":"http:\/\/www.fisiohogar.com\/sansebastiandelosreyes\/wp-content\/uploads\/sites\/37\/2016\/03\/neurologico.jpg","type":"","width":"","height":""}],"twitter_card":"summary_large_image","twitter_misc":{"Tiempo de lectura":"2 minutos"},"schema":{"@context":"https:\/\/schema.org","@graph":[{"@type":"WebPage","@id":"https:\/\/www.fisiohogar.com\/sansebastiandelosreyes\/fisioterapia-parkinson-otras-enfermedades-neurologicas\/","url":"https:\/\/www.fisiohogar.com\/sansebastiandelosreyes\/fisioterapia-parkinson-otras-enfermedades-neurologicas\/","name":"Fisioterapia para el Parkinson y otras enfermedades neurol\u00f3gicas - San Sebasti\u00e1n de los Reyes","isPartOf":{"@id":"https:\/\/www.fisiohogar.com\/sansebastiandelosreyes\/#website"},"primaryImageOfPage":{"@id":"https:\/\/www.fisiohogar.com\/sansebastiandelosreyes\/fisioterapia-parkinson-otras-enfermedades-neurologicas\/#primaryimage"},"image":{"@id":"https:\/\/www.fisiohogar.com\/sansebastiandelosreyes\/fisioterapia-parkinson-otras-enfermedades-neurologicas\/#primaryimage"},"thumbnailUrl":"http:\/\/www.fisiohogar.com\/sansebastiandelosreyes\/wp-content\/uploads\/sites\/37\/2016\/03\/neurologico.jpg","datePublished":"2016-03-09T10:56:12+00:00","dateModified":"2022-06-13T19:19:27+00:00","breadcrumb":{"@id":"https:\/\/www.fisiohogar.com\/sansebastiandelosreyes\/fisioterapia-parkinson-otras-enfermedades-neurologicas\/#breadcrumb"},"inLanguage":"es","potentialAction":[{"@type":"ReadAction","target":["https:\/\/www.fisiohogar.com\/sansebastiandelosreyes\/fisioterapia-parkinson-otras-enfermedades-neurologicas\/"]}]},{"@type":"ImageObject","inLanguage":"es","@id":"https:\/\/www.fisiohogar.com\/sansebastiandelosreyes\/fisioterapia-parkinson-otras-enfermedades-neurologicas\/#primaryimage","url":"https:\/\/www.fisiohogar.com\/sansebastiandelosreyes\/wp-content\/uploads\/sites\/37\/2016\/03\/neurologico.jpg","contentUrl":"https:\/\/www.fisiohogar.com\/sansebastiandelosreyes\/wp-content\/uploads\/sites\/37\/2016\/03\/neurologico.jpg","width":990,"height":667},{"@type":"BreadcrumbList","@id":"https:\/\/www.fisiohogar.com\/sansebastiandelosreyes\/fisioterapia-parkinson-otras-enfermedades-neurologicas\/#breadcrumb","itemListElement":[{"@type":"ListItem","position":1,"name":"Portada","item":"https:\/\/www.fisiohogar.com\/sansebastiandelosreyes\/"},{"@type":"ListItem","position":2,"name":"Fisioterapia para el Parkinson y otras enfermedades neurol\u00f3gicas"}]},{"@type":"WebSite","@id":"https:\/\/www.fisiohogar.com\/sansebastiandelosreyes\/#website","url":"https:\/\/www.fisiohogar.com\/sansebastiandelosreyes\/","name":"San Sebasti\u00e1n de los Reyes","description":"Fisioterapia a domicilio","potentialAction":[{"@type":"SearchAction","target":{"@type":"EntryPoint","urlTemplate":"https:\/\/www.fisiohogar.com\/sansebastiandelosreyes\/?s={search_term_string}"},"query-input":{"@type":"PropertyValueSpecification","valueRequired":true,"valueName":"search_term_string"}}],"inLanguage":"es"}]}},"_links":{"self":[{"href":"https:\/\/www.fisiohogar.com\/sansebastiandelosreyes\/wp-json\/wp\/v2\/pages\/23","targetHints":{"allow":["GET"]}}],"collection":[{"href":"https:\/\/www.fisiohogar.com\/sansebastiandelosreyes\/wp-json\/wp\/v2\/pages"}],"about":[{"href":"https:\/\/www.fisiohogar.com\/sansebastiandelosreyes\/wp-json\/wp\/v2\/types\/page"}],"author":[{"embeddable":true,"href":"https:\/\/www.fisiohogar.com\/sansebastiandelosreyes\/wp-json\/wp\/v2\/users\/1"}],"replies":[{"embeddable":true,"href":"https:\/\/www.fisiohogar.com\/sansebastiandelosreyes\/wp-json\/wp\/v2\/comments?post=23"}],"version-history":[{"count":1,"href":"https:\/\/www.fisiohogar.com\/sansebastiandelosreyes\/wp-json\/wp\/v2\/pages\/23\/revisions"}],"predecessor-version":[{"id":5042,"href":"https:\/\/www.fisiohogar.com\/sansebastiandelosreyes\/wp-json\/wp\/v2\/pages\/23\/revisions\/5042"}],"wp:attachment":[{"href":"https:\/\/www.fisiohogar.com\/sansebastiandelosreyes\/wp-json\/wp\/v2\/media?parent=23"}],"curies":[{"name":"wp","href":"https:\/\/api.w.org\/{rel}","templated":true}]}}