{"id":21,"date":"2016-03-09T10:55:25","date_gmt":"2016-03-09T10:55:25","guid":{"rendered":"http:\/\/www.fisiohogar.com\/sansebastiandelosreyes\/?page_id=21"},"modified":"2016-03-17T11:10:30","modified_gmt":"2016-03-17T11:10:30","slug":"fisioterapia-domicilio-san-sebastian-los-reyes-2","status":"publish","type":"page","link":"https:\/\/www.fisiohogar.com\/sansebastiandelosreyes\/fisioterapia-domicilio-san-sebastian-los-reyes-2\/","title":{"rendered":"Fisioterapia a domicilio en San Sebasti\u00e1n de los Reyes"},"content":{"rendered":"<p style=\"text-align: justify;\">Para darle la mejor atenci\u00f3n fisioterap\u00e9utica posible nuestro equipo de profesionales se traslada a cualquier lugar de San Sebasti\u00e1n de los Reyes. No tiene m\u00e1s que contactar con nosotros, explicarnos su problema o el un familiar y acudiremos a su domicilio para ayudarle.<\/p>\n<p style=\"text-align: justify;\">El servicio de atenci\u00f3n domiciliaria nos permite darle el mejor servicio de fisioterapia sin que tenga que sufrir las molestias o inconvenientes que supone acudir a una cl\u00ednica. <strong>Los tratamientos se realizan con total rigor, profesionalidad y con todos los medios necesarios<\/strong>. Para que esto sea as\u00ed, nuestros fisioterapeutas acuden a su hogar con todo el material y herramientas necesarias para llevar a cabo la sesi\u00f3n.<\/p>\n<p style=\"text-align: justify;\"><img decoding=\"async\" class=\"aligncenter size-full wp-image-315\" src=\"http:\/\/www.fisiohogar.com\/sansebastiandelosreyes\/wp-content\/uploads\/sites\/37\/2016\/03\/P8A6251.jpg\" alt=\"Fisioterapia a domicilio en San Sebasti\u00e1n de los Reyes\" width=\"900\" height=\"600\" srcset=\"https:\/\/www.fisiohogar.com\/sansebastiandelosreyes\/wp-content\/uploads\/sites\/37\/2016\/03\/P8A6251-300x200.jpg 300w, https:\/\/www.fisiohogar.com\/sansebastiandelosreyes\/wp-content\/uploads\/sites\/37\/2016\/03\/P8A6251-768x512.jpg 768w, https:\/\/www.fisiohogar.com\/sansebastiandelosreyes\/wp-content\/uploads\/sites\/37\/2016\/03\/P8A6251.jpg 900w\" sizes=\"(max-width: 900px) 100vw, 900px\" \/><\/p>\n<p style=\"text-align: justify;\">Se lleva una camilla, vendas, cintas el\u00e1sticas o dem\u00e1s aparatos necesarios para realizar las tablas de ejercicios o movilizaciones.<\/p>\n<p style=\"text-align: justify;\">En cuanto a la atenci\u00f3n, en Fisiohogar San Sebasti\u00e1n de los Reyes contamos con <strong>fisioterapeutas especializados en los diferentes campos de la fisioterapia<\/strong>, por tanto podemos atender problemas relacionados con dolores articulares y musculares, atenci\u00f3n a personas mayores, tratamientos para personas con distintas enfermedades neurol\u00f3gicas o realizar programas de rehabilitaci\u00f3n respiratoria, entre otras especialidades.<\/p>\n<p style=\"text-align: justify;\"><strong>Atenci\u00f3n a medida<\/strong><\/p>\n<p style=\"text-align: justify;\">Este tipo de atenci\u00f3n a domicilio en toda la zona de San Sebasti\u00e1n de los Reyes se lleva a cabo dise\u00f1ando <strong>programas a medida de cada paciente que suele durar unos 50 \u00f3 60 minutos<\/strong>. Sabemos que aunque hay nexos de uni\u00f3n en las enfermedades o patolog\u00edas, cada caso es \u00fanico y por eso trabajamos con planes a a medida, totalmente personalizados.<\/p>\n<p style=\"text-align: justify;\">Para ello, nuestros fisioterapeutas realizan una primera valoraci\u00f3n del paciente y, una vez que se han reunido todos los datos necesarios, se pasa a dise\u00f1ar un tratamiento que cubra las necesidades concretas. Como el trato y <strong>el seguimiento es continuo<\/strong>, si se observa alg\u00fan cambio o alteraci\u00f3n importante se llevan a cabo las reformas necesarias del tratamiento. Porque el objetivo es contribuir a su mejor\u00eda.<\/p>\n","protected":false},"excerpt":{"rendered":"<p>Para darle la mejor atenci\u00f3n fisioterap\u00e9utica posible nuestro equipo de profesionales se traslada a cualquier lugar de San Sebasti\u00e1n de los Reyes. No tiene m\u00e1s que contactar con nosotros, explicarnos su problema o el  [&#8230;]<\/p>\n","protected":false},"author":1,"featured_media":0,"parent":0,"menu_order":0,"comment_status":"closed","ping_status":"closed","template":"template-full.php","meta":{"_joinchat":[],"footnotes":""},"class_list":["post-21","page","type-page","status-publish","hentry"],"yoast_head":"<!-- This site is optimized with the Yoast SEO plugin v27.4 - https:\/\/yoast.com\/product\/yoast-seo-wordpress\/ -->\n<title>Fisioterapia a domicilio en San Sebasti\u00e1n de los Reyes - San Sebasti\u00e1n de los Reyes<\/title>\n<meta name=\"robots\" content=\"index, follow, max-snippet:-1, max-image-preview:large, max-video-preview:-1\" \/>\n<link rel=\"canonical\" href=\"https:\/\/www.fisiohogar.com\/sansebastiandelosreyes\/fisioterapia-domicilio-san-sebastian-los-reyes-2\/\" \/>\n<meta property=\"og:locale\" content=\"es_ES\" \/>\n<meta property=\"og:type\" content=\"article\" \/>\n<meta property=\"og:title\" content=\"Fisioterapia a domicilio en San Sebasti\u00e1n de los Reyes - San Sebasti\u00e1n de los Reyes\" \/>\n<meta property=\"og:description\" content=\"Para darle la mejor atenci\u00f3n fisioterap\u00e9utica posible nuestro equipo de profesionales se traslada a cualquier lugar de San Sebasti\u00e1n de los Reyes. No tiene m\u00e1s que contactar con nosotros, explicarnos su problema o el [...]\" \/>\n<meta property=\"og:url\" content=\"https:\/\/www.fisiohogar.com\/sansebastiandelosreyes\/fisioterapia-domicilio-san-sebastian-los-reyes-2\/\" \/>\n<meta property=\"og:site_name\" content=\"San Sebasti\u00e1n de los Reyes\" \/>\n<meta property=\"article:modified_time\" content=\"2016-03-17T11:10:30+00:00\" \/>\n<meta property=\"og:image\" content=\"http:\/\/www.fisiohogar.com\/sansebastiandelosreyes\/wp-content\/uploads\/sites\/37\/2016\/03\/P8A6251.jpg\" \/>\n<meta name=\"twitter:card\" content=\"summary_large_image\" \/>\n<meta name=\"twitter:label1\" content=\"Tiempo de lectura\" \/>\n\t<meta name=\"twitter:data1\" content=\"2 minutos\" \/>\n<script type=\"application\/ld+json\" class=\"yoast-schema-graph\">{\"@context\":\"https:\\\/\\\/schema.org\",\"@graph\":[{\"@type\":\"WebPage\",\"@id\":\"https:\\\/\\\/www.fisiohogar.com\\\/sansebastiandelosreyes\\\/fisioterapia-domicilio-san-sebastian-los-reyes-2\\\/\",\"url\":\"https:\\\/\\\/www.fisiohogar.com\\\/sansebastiandelosreyes\\\/fisioterapia-domicilio-san-sebastian-los-reyes-2\\\/\",\"name\":\"Fisioterapia a domicilio en San Sebasti\u00e1n de los Reyes - San Sebasti\u00e1n de los Reyes\",\"isPartOf\":{\"@id\":\"https:\\\/\\\/www.fisiohogar.com\\\/sansebastiandelosreyes\\\/#website\"},\"primaryImageOfPage\":{\"@id\":\"https:\\\/\\\/www.fisiohogar.com\\\/sansebastiandelosreyes\\\/fisioterapia-domicilio-san-sebastian-los-reyes-2\\\/#primaryimage\"},\"image\":{\"@id\":\"https:\\\/\\\/www.fisiohogar.com\\\/sansebastiandelosreyes\\\/fisioterapia-domicilio-san-sebastian-los-reyes-2\\\/#primaryimage\"},\"thumbnailUrl\":\"http:\\\/\\\/www.fisiohogar.com\\\/sansebastiandelosreyes\\\/wp-content\\\/uploads\\\/sites\\\/37\\\/2016\\\/03\\\/P8A6251.jpg\",\"datePublished\":\"2016-03-09T10:55:25+00:00\",\"dateModified\":\"2016-03-17T11:10:30+00:00\",\"breadcrumb\":{\"@id\":\"https:\\\/\\\/www.fisiohogar.com\\\/sansebastiandelosreyes\\\/fisioterapia-domicilio-san-sebastian-los-reyes-2\\\/#breadcrumb\"},\"inLanguage\":\"es\",\"potentialAction\":[{\"@type\":\"ReadAction\",\"target\":[\"https:\\\/\\\/www.fisiohogar.com\\\/sansebastiandelosreyes\\\/fisioterapia-domicilio-san-sebastian-los-reyes-2\\\/\"]}]},{\"@type\":\"ImageObject\",\"inLanguage\":\"es\",\"@id\":\"https:\\\/\\\/www.fisiohogar.com\\\/sansebastiandelosreyes\\\/fisioterapia-domicilio-san-sebastian-los-reyes-2\\\/#primaryimage\",\"url\":\"https:\\\/\\\/www.fisiohogar.com\\\/sansebastiandelosreyes\\\/wp-content\\\/uploads\\\/sites\\\/37\\\/2016\\\/03\\\/P8A6251.jpg\",\"contentUrl\":\"https:\\\/\\\/www.fisiohogar.com\\\/sansebastiandelosreyes\\\/wp-content\\\/uploads\\\/sites\\\/37\\\/2016\\\/03\\\/P8A6251.jpg\",\"width\":900,\"height\":600},{\"@type\":\"BreadcrumbList\",\"@id\":\"https:\\\/\\\/www.fisiohogar.com\\\/sansebastiandelosreyes\\\/fisioterapia-domicilio-san-sebastian-los-reyes-2\\\/#breadcrumb\",\"itemListElement\":[{\"@type\":\"ListItem\",\"position\":1,\"name\":\"Portada\",\"item\":\"https:\\\/\\\/www.fisiohogar.com\\\/sansebastiandelosreyes\\\/\"},{\"@type\":\"ListItem\",\"position\":2,\"name\":\"Fisioterapia a domicilio en San Sebasti\u00e1n de los Reyes\"}]},{\"@type\":\"WebSite\",\"@id\":\"https:\\\/\\\/www.fisiohogar.com\\\/sansebastiandelosreyes\\\/#website\",\"url\":\"https:\\\/\\\/www.fisiohogar.com\\\/sansebastiandelosreyes\\\/\",\"name\":\"San Sebasti\u00e1n de los Reyes\",\"description\":\"Fisioterapia a domicilio\",\"potentialAction\":[{\"@type\":\"SearchAction\",\"target\":{\"@type\":\"EntryPoint\",\"urlTemplate\":\"https:\\\/\\\/www.fisiohogar.com\\\/sansebastiandelosreyes\\\/?s={search_term_string}\"},\"query-input\":{\"@type\":\"PropertyValueSpecification\",\"valueRequired\":true,\"valueName\":\"search_term_string\"}}],\"inLanguage\":\"es\"}]}<\/script>\n<!-- \/ Yoast SEO plugin. -->","yoast_head_json":{"title":"Fisioterapia a domicilio en San Sebasti\u00e1n de los Reyes - San Sebasti\u00e1n de los Reyes","robots":{"index":"index","follow":"follow","max-snippet":"max-snippet:-1","max-image-preview":"max-image-preview:large","max-video-preview":"max-video-preview:-1"},"canonical":"https:\/\/www.fisiohogar.com\/sansebastiandelosreyes\/fisioterapia-domicilio-san-sebastian-los-reyes-2\/","og_locale":"es_ES","og_type":"article","og_title":"Fisioterapia a domicilio en San Sebasti\u00e1n de los Reyes - San Sebasti\u00e1n de los Reyes","og_description":"Para darle la mejor atenci\u00f3n fisioterap\u00e9utica posible nuestro equipo de profesionales se traslada a cualquier lugar de San Sebasti\u00e1n de los Reyes. No tiene m\u00e1s que contactar con nosotros, explicarnos su problema o el [...]","og_url":"https:\/\/www.fisiohogar.com\/sansebastiandelosreyes\/fisioterapia-domicilio-san-sebastian-los-reyes-2\/","og_site_name":"San Sebasti\u00e1n de los Reyes","article_modified_time":"2016-03-17T11:10:30+00:00","og_image":[{"url":"http:\/\/www.fisiohogar.com\/sansebastiandelosreyes\/wp-content\/uploads\/sites\/37\/2016\/03\/P8A6251.jpg","type":"","width":"","height":""}],"twitter_card":"summary_large_image","twitter_misc":{"Tiempo de lectura":"2 minutos"},"schema":{"@context":"https:\/\/schema.org","@graph":[{"@type":"WebPage","@id":"https:\/\/www.fisiohogar.com\/sansebastiandelosreyes\/fisioterapia-domicilio-san-sebastian-los-reyes-2\/","url":"https:\/\/www.fisiohogar.com\/sansebastiandelosreyes\/fisioterapia-domicilio-san-sebastian-los-reyes-2\/","name":"Fisioterapia a domicilio en San Sebasti\u00e1n de los Reyes - San Sebasti\u00e1n de los Reyes","isPartOf":{"@id":"https:\/\/www.fisiohogar.com\/sansebastiandelosreyes\/#website"},"primaryImageOfPage":{"@id":"https:\/\/www.fisiohogar.com\/sansebastiandelosreyes\/fisioterapia-domicilio-san-sebastian-los-reyes-2\/#primaryimage"},"image":{"@id":"https:\/\/www.fisiohogar.com\/sansebastiandelosreyes\/fisioterapia-domicilio-san-sebastian-los-reyes-2\/#primaryimage"},"thumbnailUrl":"http:\/\/www.fisiohogar.com\/sansebastiandelosreyes\/wp-content\/uploads\/sites\/37\/2016\/03\/P8A6251.jpg","datePublished":"2016-03-09T10:55:25+00:00","dateModified":"2016-03-17T11:10:30+00:00","breadcrumb":{"@id":"https:\/\/www.fisiohogar.com\/sansebastiandelosreyes\/fisioterapia-domicilio-san-sebastian-los-reyes-2\/#breadcrumb"},"inLanguage":"es","potentialAction":[{"@type":"ReadAction","target":["https:\/\/www.fisiohogar.com\/sansebastiandelosreyes\/fisioterapia-domicilio-san-sebastian-los-reyes-2\/"]}]},{"@type":"ImageObject","inLanguage":"es","@id":"https:\/\/www.fisiohogar.com\/sansebastiandelosreyes\/fisioterapia-domicilio-san-sebastian-los-reyes-2\/#primaryimage","url":"https:\/\/www.fisiohogar.com\/sansebastiandelosreyes\/wp-content\/uploads\/sites\/37\/2016\/03\/P8A6251.jpg","contentUrl":"https:\/\/www.fisiohogar.com\/sansebastiandelosreyes\/wp-content\/uploads\/sites\/37\/2016\/03\/P8A6251.jpg","width":900,"height":600},{"@type":"BreadcrumbList","@id":"https:\/\/www.fisiohogar.com\/sansebastiandelosreyes\/fisioterapia-domicilio-san-sebastian-los-reyes-2\/#breadcrumb","itemListElement":[{"@type":"ListItem","position":1,"name":"Portada","item":"https:\/\/www.fisiohogar.com\/sansebastiandelosreyes\/"},{"@type":"ListItem","position":2,"name":"Fisioterapia a domicilio en San Sebasti\u00e1n de los Reyes"}]},{"@type":"WebSite","@id":"https:\/\/www.fisiohogar.com\/sansebastiandelosreyes\/#website","url":"https:\/\/www.fisiohogar.com\/sansebastiandelosreyes\/","name":"San Sebasti\u00e1n de los Reyes","description":"Fisioterapia a domicilio","potentialAction":[{"@type":"SearchAction","target":{"@type":"EntryPoint","urlTemplate":"https:\/\/www.fisiohogar.com\/sansebastiandelosreyes\/?s={search_term_string}"},"query-input":{"@type":"PropertyValueSpecification","valueRequired":true,"valueName":"search_term_string"}}],"inLanguage":"es"}]}},"_links":{"self":[{"href":"https:\/\/www.fisiohogar.com\/sansebastiandelosreyes\/wp-json\/wp\/v2\/pages\/21","targetHints":{"allow":["GET"]}}],"collection":[{"href":"https:\/\/www.fisiohogar.com\/sansebastiandelosreyes\/wp-json\/wp\/v2\/pages"}],"about":[{"href":"https:\/\/www.fisiohogar.com\/sansebastiandelosreyes\/wp-json\/wp\/v2\/types\/page"}],"author":[{"embeddable":true,"href":"https:\/\/www.fisiohogar.com\/sansebastiandelosreyes\/wp-json\/wp\/v2\/users\/1"}],"replies":[{"embeddable":true,"href":"https:\/\/www.fisiohogar.com\/sansebastiandelosreyes\/wp-json\/wp\/v2\/comments?post=21"}],"version-history":[{"count":0,"href":"https:\/\/www.fisiohogar.com\/sansebastiandelosreyes\/wp-json\/wp\/v2\/pages\/21\/revisions"}],"wp:attachment":[{"href":"https:\/\/www.fisiohogar.com\/sansebastiandelosreyes\/wp-json\/wp\/v2\/media?parent=21"}],"curies":[{"name":"wp","href":"https:\/\/api.w.org\/{rel}","templated":true}]}}