{"id":17458,"date":"2022-05-05T13:27:05","date_gmt":"2022-05-05T13:27:05","guid":{"rendered":"https:\/\/www.fisiohogar.com\/sabadell\/?page_id=17458"},"modified":"2022-05-11T11:44:38","modified_gmt":"2022-05-11T11:44:38","slug":"fisioterapia-a-domicilio-en-sabadell","status":"publish","type":"page","link":"https:\/\/www.fisiohogar.com\/sabadell\/fisioterapia-a-domicilio-en-sabadell\/","title":{"rendered":"Fisioterapia a domicilio en Sabadell"},"content":{"rendered":"<div class=\"fusion-fullwidth fullwidth-box fusion-builder-row-1 fusion-flex-container nonhundred-percent-fullwidth non-hundred-percent-height-scrolling\" style=\"--awb-border-radius-top-left:0px;--awb-border-radius-top-right:0px;--awb-border-radius-bottom-right:0px;--awb-border-radius-bottom-left:0px;--awb-padding-top:6%;--awb-padding-bottom:60px;--awb-padding-top-medium:52px;--awb-padding-right-medium:0px;--awb-padding-bottom-medium:0px;--awb-padding-left-medium:0px;--awb-padding-top-small:40px;--awb-padding-right-small:0px;--awb-padding-bottom-small:30px;--awb-padding-left-small:0px;--awb-flex-wrap:wrap;\" ><div class=\"fusion-builder-row fusion-row fusion-flex-align-items-flex-start fusion-flex-content-wrap\" style=\"max-width:1248px;margin-left: calc(-4% \/ 2 );margin-right: calc(-4% \/ 2 );\"><div class=\"fusion-layout-column fusion_builder_column fusion-builder-column-0 fusion_builder_column_1_1 1_1 fusion-flex-column\" style=\"--awb-overflow:hidden;--awb-bg-image:linear-gradient(180deg, var(--awb-color1) 7%,var(--awb-color2) 7%);--awb-bg-size:cover;--awb-border-radius:120px 0px 120px 0px;--awb-width-large:100%;--awb-margin-top-large:0px;--awb-spacing-right-large:1.92%;--awb-margin-bottom-large:20px;--awb-spacing-left-large:1.92%;--awb-width-medium:100%;--awb-order-medium:0;--awb-spacing-right-medium:1.92%;--awb-spacing-left-medium:1.92%;--awb-width-small:100%;--awb-order-small:0;--awb-spacing-right-small:1.92%;--awb-spacing-left-small:1.92%;\"><div class=\"fusion-column-wrapper fusion-column-has-shadow fusion-flex-justify-content-flex-start fusion-content-layout-column\"><div class=\"fusion-builder-row fusion-builder-row-inner fusion-row fusion-flex-align-items-flex-start fusion-flex-content-wrap\" style=\"--awb-flex-grow:0;--awb-flex-grow-medium:0;--awb-flex-grow-small:0;--awb-flex-shrink:0;--awb-flex-shrink-medium:0;--awb-flex-shrink-small:0;width:104% !important;max-width:104% !important;margin-left: calc(-4% \/ 2 );margin-right: calc(-4% \/ 2 );\"><div class=\"fusion-layout-column fusion_builder_column_inner fusion-builder-nested-column-0 fusion_builder_column_inner_1_2 1_2 fusion-flex-column fusion-animated\" style=\"--awb-padding-top:160px;--awb-padding-bottom:160px;--awb-padding-top-small:0px;--awb-padding-bottom-small:0px;--awb-overflow:hidden;--awb-bg-image:url(&#039;https:\/\/www.fisiohogar.com\/sabadell\/wp-content\/uploads\/sites\/24\/2022\/05\/fisioterapia-sabadell.jpg&#039;);--awb-bg-position:center center;--awb-bg-size:cover;--awb-border-radius:120px 0px 120px 0px;--awb-width-large:50%;--awb-margin-top-large:0px;--awb-spacing-right-large:9.6%;--awb-margin-bottom-large:0px;--awb-spacing-left-large:3.84%;--awb-width-medium:50%;--awb-order-medium:0;--awb-spacing-right-medium:7.68%;--awb-spacing-left-medium:3.84%;--awb-width-small:100%;--awb-order-small:0;--awb-spacing-right-small:40px;--awb-spacing-left-small:40px;\" data-animationType=\"fadeInLeft\" data-animationDuration=\"1.6\" data-animationOffset=\"top-into-view\"><div class=\"fusion-column-wrapper fusion-column-has-shadow fusion-flex-justify-content-flex-start fusion-content-layout-column fusion-column-has-bg-image\" data-bg-url=\"https:\/\/www.fisiohogar.com\/sabadell\/wp-content\/uploads\/sites\/24\/2022\/05\/fisioterapia-sabadell.jpg\"><div class=\"fusion-separator fusion-full-width-sep\" style=\"align-self: center;margin-left: auto;margin-right: auto;margin-top:460px;width:100%;\"><div class=\"fusion-separator-border sep-double\" style=\"--awb-height:20px;--awb-amount:20px;border-color:var(--awb-color3);border-top-width:1px;border-bottom-width:1px;\"><\/div><\/div><\/div><\/div><div class=\"fusion-layout-column fusion_builder_column_inner fusion-builder-nested-column-1 fusion_builder_column_inner_1_2 1_2 fusion-flex-column fusion-animated\" style=\"--awb-bg-size:cover;--awb-width-large:50%;--awb-margin-top-large:160px;--awb-spacing-right-large:19.2%;--awb-margin-bottom-large:80px;--awb-spacing-left-large:9.6%;--awb-width-medium:50%;--awb-order-medium:0;--awb-margin-top-medium:120px;--awb-spacing-right-medium:13.44%;--awb-margin-bottom-medium:40px;--awb-spacing-left-medium:7.68%;--awb-width-small:100%;--awb-order-small:0;--awb-margin-top-small:40px;--awb-spacing-right-small:40px;--awb-margin-bottom-small:40px;--awb-spacing-left-small:40px;\" data-animationType=\"fadeInRight\" data-animationDuration=\"1.6\" data-animationOffset=\"top-into-view\"><div class=\"fusion-column-wrapper fusion-column-has-shadow fusion-flex-justify-content-flex-start fusion-content-layout-column\"><div class=\"fusion-title title fusion-title-1 fusion-sep-none fusion-title-text fusion-title-size-two\" style=\"--awb-margin-top-small:10px;--awb-margin-right-small:0px;--awb-margin-bottom-small:10px;--awb-margin-left-small:0px;\"><h2 class=\"fusion-title-heading title-heading-left\" style=\"margin:0;\">Fisioterapia en Sabadell y su entorno<\/h2><\/div><div class=\"fusion-text fusion-text-1\" style=\"--awb-content-alignment:left;--awb-font-size:24px;--awb-line-height:1.48em;--awb-letter-spacing:-0.01em;--awb-text-transform:none;\"><p>En el listado de poblaciones que puede ver m\u00e1s abajo, as\u00ed como en el mapa que compartimos, encontrar\u00e1 3 zonas en las que podemos ofrecer las sesiones de fisioterapia a domicilio. Lo \u00fanico que las diferencia es que se aplican tarifas diferentes.<\/p>\n<p>Si contrata cualquiera de nuestros bonos, sobre todo el de 10 sesiones, el descuento que hacemos en cada sesi\u00f3n reducir\u00e1 notablemente el precio de las sesiones, con lo cual en poblaciones de la zona 2 y zona 3 el precio por sesi\u00f3n ser\u00e1 inferior al que tiene una sola sesi\u00f3n en la zona 1.<\/p>\n<p>Por lo tanto, le aconsejamos que aproveche nuestros bonos con los que aplicamos importantes descuentos en las tarifas.<\/p>\n<\/div><div ><a class=\"fusion-button button-flat fusion-button-default-size button-default fusion-button-default button-1 fusion-button-default-span fusion-button-default-type\" style=\"--awb-margin-top:16px;\" target=\"_self\" href=\"https:\/\/www.fisiohogar.com\/sabadell\/tarifas-de-fisioterapia-a-domicilio-en-sabadell\/\"><span class=\"fusion-button-text awb-button__text awb-button__text--default\">Consulte las tarifas de fisioterapia a domicilio<\/span><\/a><\/div><div class=\"fusion-separator fusion-full-width-sep\" style=\"align-self: center;margin-left: auto;margin-right: auto;margin-top:40px;margin-bottom:36px;width:100%;\"><div class=\"fusion-separator-border sep-single sep-dashed\" style=\"--awb-height:20px;--awb-amount:20px;--awb-sep-color:hsla(var(--awb-color8-h),var(--awb-color8-s),var(--awb-color8-l),calc( var(--awb-color8-a) - 88% ));border-color:hsla(var(--awb-color8-h),var(--awb-color8-s),var(--awb-color8-l),calc( var(--awb-color8-a) - 88% ));border-top-width:2px;\"><\/div><\/div><\/div><\/div><\/div><\/div><\/div><\/div><\/div><div class=\"fusion-fullwidth fullwidth-box fusion-builder-row-2 fusion-flex-container nonhundred-percent-fullwidth non-hundred-percent-height-scrolling\" style=\"--awb-border-radius-top-left:0px;--awb-border-radius-top-right:0px;--awb-border-radius-bottom-right:0px;--awb-border-radius-bottom-left:0px;--awb-flex-wrap:wrap;\" ><div class=\"fusion-builder-row fusion-row fusion-flex-align-items-flex-start fusion-flex-content-wrap\" style=\"max-width:1248px;margin-left: calc(-4% \/ 2 );margin-right: calc(-4% \/ 2 );\"><div class=\"fusion-layout-column fusion_builder_column fusion-builder-column-1 fusion_builder_column_1_1 1_1 fusion-flex-column\" style=\"--awb-bg-size:cover;--awb-width-large:100%;--awb-margin-top-large:0px;--awb-spacing-right-large:1.92%;--awb-margin-bottom-large:20px;--awb-spacing-left-large:1.92%;--awb-width-medium:100%;--awb-order-medium:0;--awb-spacing-right-medium:1.92%;--awb-spacing-left-medium:1.92%;--awb-width-small:100%;--awb-order-small:0;--awb-spacing-right-small:1.92%;--awb-spacing-left-small:1.92%;\"><div class=\"fusion-column-wrapper fusion-column-has-shadow fusion-flex-justify-content-flex-start fusion-content-layout-column\"><div class=\"fusion-title title fusion-title-2 fusion-sep-none fusion-title-text fusion-title-size-two\" style=\"--awb-margin-top-small:10px;--awb-margin-right-small:0px;--awb-margin-bottom-small:10px;--awb-margin-left-small:0px;\"><h2 class=\"fusion-title-heading title-heading-left\" style=\"margin:0;\">Tarifas de fisioterapia a domicilio atendiendo a 3 zonas<\/h2><\/div><div class=\"fusion-text fusion-text-2\" style=\"--awb-font-size:21px;--awb-text-transform:none;\"><p>El servicio de fisioterapia es exactamente el mismo con independencia de la zona donde usted se encuentre. En ese servicio se incluye todo el material necesario en las sesiones (salvo alg\u00fan caso excepcional, como en la fisioterapia respiratoria para beb\u00e9s, para la cual le pediremos que compre en la farmacia suero fisiol\u00f3gico).<\/p>\n<p>Adem\u00e1s, la tarifa tampoco est\u00e1 en funci\u00f3n del tipo de terapia que sea necesario aplicar, o de la enfermedad que pueda padecer el paciente.<\/p>\n<p>Por lo tanto, si nos solicita una sesi\u00f3n de <strong>fisioterapia a domicilio en Sabadell<\/strong>, la tarifa aplicada ser\u00e1 la misma que en Sant Cugat del Vall\u00e9s, Terrassa, La Llagosta o Granollers.<\/p>\n<p>Todas esas ciudades tienen en com\u00fan que se encuentran en la Zona 1, que es la m\u00e1s econ\u00f3mica.<\/p>\n<p>Ahora bien, la <strong>fisioterapia a domicilio en Santa Coloma de Gramanet<\/strong>, o en Badalona, o Sant Adri\u00e1 de Bes\u00f3s, al pertenecer a la Zona 2 tiene una tarifa algo m\u00e1s elevada, pero se puede reducir, incluso a un coste inferior que en la Zona 1, si se contratan bonos.<\/p>\n<p>Un bono de 10 sesiones en la Zona 2 dejar\u00eda el precio unitario de cada sesi\u00f3n a 45 euros, que est\u00e1 por debajo del precio de una sesi\u00f3n en la Zona 1, a 49 euros.<\/p>\n<p>L\u00f3gicamente un <strong>bono de 10 sesiones<\/strong> en la Zona 1, dejar\u00eda la tarifa a su nivel m\u00e1s bajo posible, <strong>a solo 40 euros la sesi\u00f3n<\/strong>.<\/p>\n<p>Para ciudades de la Zona 3 tenemos que hacerle una valoraci\u00f3n a medida. En estos casos, contacte con nosotros.<\/p>\n<\/div><\/div><\/div><\/div><\/div><div class=\"fusion-fullwidth fullwidth-box fusion-builder-row-3 fusion-flex-container nonhundred-percent-fullwidth non-hundred-percent-height-scrolling\" style=\"--awb-border-radius-top-left:0px;--awb-border-radius-top-right:0px;--awb-border-radius-bottom-right:0px;--awb-border-radius-bottom-left:0px;--awb-flex-wrap:wrap;\" id=\"zonas\" ><div class=\"fusion-builder-row fusion-row fusion-flex-align-items-flex-start fusion-flex-content-wrap\" style=\"max-width:1248px;margin-left: calc(-4% \/ 2 );margin-right: calc(-4% \/ 2 );\"><div class=\"fusion-layout-column fusion_builder_column fusion-builder-column-2 fusion_builder_column_1_1 1_1 fusion-flex-column\" style=\"--awb-padding-top:20px;--awb-padding-right:20px;--awb-padding-bottom:20px;--awb-padding-left:20px;--awb-bg-color:rgba(177,216,0,0.17);--awb-bg-color-hover:rgba(177,216,0,0.17);--awb-bg-size:cover;--awb-width-large:100%;--awb-margin-top-large:35px;--awb-spacing-right-large:1.92%;--awb-margin-bottom-large:20px;--awb-spacing-left-large:1.92%;--awb-width-medium:100%;--awb-order-medium:0;--awb-spacing-right-medium:1.92%;--awb-spacing-left-medium:1.92%;--awb-width-small:100%;--awb-order-small:0;--awb-spacing-right-small:1.92%;--awb-spacing-left-small:1.92%;\"><div class=\"fusion-column-wrapper fusion-column-has-shadow fusion-flex-justify-content-flex-start fusion-content-layout-column\"><div class=\"fusion-title title fusion-title-3 fusion-sep-none fusion-title-text fusion-title-size-three\" style=\"--awb-text-color:#5e5e5e;--awb-margin-top-small:10px;--awb-margin-right-small:0px;--awb-margin-bottom-small:10px;--awb-margin-left-small:0px;\"><h3 class=\"fusion-title-heading title-heading-left\" style=\"margin:0;\">Sabadell y su entorno<\/h3><\/div><div class=\"fusion-text fusion-text-3\" style=\"--awb-font-size:21px;--awb-text-transform:none;\"><p>Localidades donde se aplica la tarifa de la <strong>ZONA 1<\/strong>: Badia del Vall\u00e9s, Barber\u00e1 del Vall\u00e9s, Castellbisbal, La Llagosta, Mollet del Vall\u00e9s, Palau de Plegamans, Parets del Vall\u00e9s, Poliny\u00e1,\u00a0 Ripollet, Rub\u00ed, Sabadell, Sant Cugat del Vall\u00e9s, Sant Quirze del Vall\u00e9s, Santa Perpetua de Moguda, Cerdanyola del Vall\u00e9s, Terrassa.<\/p>\n<p>Localidades donde se aplica la tarifa de la <strong>ZONA 2<\/strong>: Alella, Badalona, Canovelles, Castellar del Vall\u00e9s, La Roca del Vall\u00e9s, Lli\u00e7a de Munt, Masnou, Matadepera, Molins de Rei, Montgat, Montorn\u00e9s del Vall\u00e9s, Pallej\u00e1, Sant Adri\u00e1 de Bes\u00f3s, Sant Andreu de la Barca, Santa Coloma de Gramanet, Tiana.<\/p>\n<\/div><\/div><\/div><\/div><\/div>\n<div class=\"fusion-fullwidth fullwidth-box fusion-builder-row-4 fusion-flex-container nonhundred-percent-fullwidth non-hundred-percent-height-scrolling\" style=\"--awb-border-radius-top-left:0px;--awb-border-radius-top-right:0px;--awb-border-radius-bottom-right:0px;--awb-border-radius-bottom-left:0px;--awb-flex-wrap:wrap;\" ><div class=\"fusion-builder-row fusion-row fusion-flex-align-items-flex-start fusion-flex-content-wrap\" style=\"max-width:1248px;margin-left: calc(-4% \/ 2 );margin-right: calc(-4% \/ 2 );\"><div class=\"fusion-layout-column fusion_builder_column fusion-builder-column-3 fusion_builder_column_1_1 1_1 fusion-flex-column\" style=\"--awb-bg-size:cover;--awb-width-large:100%;--awb-margin-top-large:0px;--awb-spacing-right-large:1.92%;--awb-margin-bottom-large:20px;--awb-spacing-left-large:1.92%;--awb-width-medium:100%;--awb-order-medium:0;--awb-spacing-right-medium:1.92%;--awb-spacing-left-medium:1.92%;--awb-width-small:100%;--awb-order-small:0;--awb-spacing-right-small:1.92%;--awb-spacing-left-small:1.92%;\"><div class=\"fusion-column-wrapper fusion-column-has-shadow fusion-flex-justify-content-flex-start fusion-content-layout-column\"><iframe src=\"https:\/\/www.google.com\/maps\/d\/embed?mid=1gfFfPou5ob7oX1u5m-RcAcugMVhOlxlz&hl=es&ehbc=2E312F\" width=\"100%\" height=\"480\"><\/iframe><\/div><\/div><\/div><\/div>\n","protected":false},"excerpt":{"rendered":"Fisioterapia en Sabadell y su entornoEn el listado de poblaciones que puede ver m\u00e1s abajo, as\u00ed como en el mapa que compartimos, encontrar\u00e1 3 zonas en las que podemos ofrecer las sesiones de fisioterapia  [...]","protected":false},"author":1,"featured_media":0,"parent":0,"menu_order":0,"comment_status":"closed","ping_status":"closed","template":"100-width.php","meta":{"_joinchat":[],"footnotes":""},"class_list":["post-17458","page","type-page","status-publish","hentry"],"yoast_head":"<!-- This site is optimized with the Yoast SEO plugin v27.4 - https:\/\/yoast.com\/product\/yoast-seo-wordpress\/ -->\n<title>Fisioterapia a domicilio en Sabadell - Fisioterapia a domicilio Sabadell<\/title>\n<meta name=\"description\" content=\"Servicio de fisioterapia a domicilio en la ciudad de Tarragona. Somos fisioterapeutas colegiados. Terapias eficaces para una m\u00e1s r\u00e1pida recuperaci\u00f3n.\" \/>\n<meta name=\"robots\" content=\"index, follow, max-snippet:-1, max-image-preview:large, max-video-preview:-1\" \/>\n<link rel=\"canonical\" href=\"https:\/\/www.fisiohogar.com\/sabadell\/fisioterapia-a-domicilio-en-sabadell\/\" \/>\n<meta property=\"og:locale\" content=\"es_ES\" \/>\n<meta property=\"og:type\" content=\"article\" \/>\n<meta property=\"og:title\" content=\"Fisioterapia a domicilio en Sabadell - Fisioterapia a domicilio Sabadell\" \/>\n<meta property=\"og:description\" content=\"Servicio de fisioterapia a domicilio en la ciudad de Tarragona. Somos fisioterapeutas colegiados. Terapias eficaces para una m\u00e1s r\u00e1pida recuperaci\u00f3n.\" \/>\n<meta property=\"og:url\" content=\"https:\/\/www.fisiohogar.com\/sabadell\/fisioterapia-a-domicilio-en-sabadell\/\" \/>\n<meta property=\"og:site_name\" content=\"Fisioterapia a domicilio Sabadell\" \/>\n<meta property=\"article:modified_time\" content=\"2022-05-11T11:44:38+00:00\" \/>\n<meta name=\"twitter:card\" content=\"summary_large_image\" \/>\n<script type=\"application\/ld+json\" class=\"yoast-schema-graph\">{\"@context\":\"https:\\\/\\\/schema.org\",\"@graph\":[{\"@type\":\"WebPage\",\"@id\":\"https:\\\/\\\/www.fisiohogar.com\\\/sabadell\\\/fisioterapia-a-domicilio-en-sabadell\\\/\",\"url\":\"https:\\\/\\\/www.fisiohogar.com\\\/sabadell\\\/fisioterapia-a-domicilio-en-sabadell\\\/\",\"name\":\"Fisioterapia a domicilio en Sabadell - Fisioterapia a domicilio Sabadell\",\"isPartOf\":{\"@id\":\"https:\\\/\\\/www.fisiohogar.com\\\/sabadell\\\/#website\"},\"datePublished\":\"2022-05-05T13:27:05+00:00\",\"dateModified\":\"2022-05-11T11:44:38+00:00\",\"description\":\"Servicio de fisioterapia a domicilio en la ciudad de Tarragona. Somos fisioterapeutas colegiados. Terapias eficaces para una m\u00e1s r\u00e1pida recuperaci\u00f3n.\",\"breadcrumb\":{\"@id\":\"https:\\\/\\\/www.fisiohogar.com\\\/sabadell\\\/fisioterapia-a-domicilio-en-sabadell\\\/#breadcrumb\"},\"inLanguage\":\"es\",\"potentialAction\":[{\"@type\":\"ReadAction\",\"target\":[\"https:\\\/\\\/www.fisiohogar.com\\\/sabadell\\\/fisioterapia-a-domicilio-en-sabadell\\\/\"]}]},{\"@type\":\"BreadcrumbList\",\"@id\":\"https:\\\/\\\/www.fisiohogar.com\\\/sabadell\\\/fisioterapia-a-domicilio-en-sabadell\\\/#breadcrumb\",\"itemListElement\":[{\"@type\":\"ListItem\",\"position\":1,\"name\":\"Portada\",\"item\":\"https:\\\/\\\/www.fisiohogar.com\\\/sabadell\\\/\"},{\"@type\":\"ListItem\",\"position\":2,\"name\":\"Fisioterapia a domicilio en Sabadell\"}]},{\"@type\":\"WebSite\",\"@id\":\"https:\\\/\\\/www.fisiohogar.com\\\/sabadell\\\/#website\",\"url\":\"https:\\\/\\\/www.fisiohogar.com\\\/sabadell\\\/\",\"name\":\"Fisioterapia a domicilio Sabadell\",\"description\":\"Fisioterapia a domicilio Sabadell\",\"potentialAction\":[{\"@type\":\"SearchAction\",\"target\":{\"@type\":\"EntryPoint\",\"urlTemplate\":\"https:\\\/\\\/www.fisiohogar.com\\\/sabadell\\\/?s={search_term_string}\"},\"query-input\":{\"@type\":\"PropertyValueSpecification\",\"valueRequired\":true,\"valueName\":\"search_term_string\"}}],\"inLanguage\":\"es\"}]}<\/script>\n<!-- \/ Yoast SEO plugin. -->","yoast_head_json":{"title":"Fisioterapia a domicilio en Sabadell - Fisioterapia a domicilio Sabadell","description":"Servicio de fisioterapia a domicilio en la ciudad de Tarragona. Somos fisioterapeutas colegiados. Terapias eficaces para una m\u00e1s r\u00e1pida recuperaci\u00f3n.","robots":{"index":"index","follow":"follow","max-snippet":"max-snippet:-1","max-image-preview":"max-image-preview:large","max-video-preview":"max-video-preview:-1"},"canonical":"https:\/\/www.fisiohogar.com\/sabadell\/fisioterapia-a-domicilio-en-sabadell\/","og_locale":"es_ES","og_type":"article","og_title":"Fisioterapia a domicilio en Sabadell - Fisioterapia a domicilio Sabadell","og_description":"Servicio de fisioterapia a domicilio en la ciudad de Tarragona. Somos fisioterapeutas colegiados. Terapias eficaces para una m\u00e1s r\u00e1pida recuperaci\u00f3n.","og_url":"https:\/\/www.fisiohogar.com\/sabadell\/fisioterapia-a-domicilio-en-sabadell\/","og_site_name":"Fisioterapia a domicilio Sabadell","article_modified_time":"2022-05-11T11:44:38+00:00","twitter_card":"summary_large_image","schema":{"@context":"https:\/\/schema.org","@graph":[{"@type":"WebPage","@id":"https:\/\/www.fisiohogar.com\/sabadell\/fisioterapia-a-domicilio-en-sabadell\/","url":"https:\/\/www.fisiohogar.com\/sabadell\/fisioterapia-a-domicilio-en-sabadell\/","name":"Fisioterapia a domicilio en Sabadell - Fisioterapia a domicilio Sabadell","isPartOf":{"@id":"https:\/\/www.fisiohogar.com\/sabadell\/#website"},"datePublished":"2022-05-05T13:27:05+00:00","dateModified":"2022-05-11T11:44:38+00:00","description":"Servicio de fisioterapia a domicilio en la ciudad de Tarragona. Somos fisioterapeutas colegiados. Terapias eficaces para una m\u00e1s r\u00e1pida recuperaci\u00f3n.","breadcrumb":{"@id":"https:\/\/www.fisiohogar.com\/sabadell\/fisioterapia-a-domicilio-en-sabadell\/#breadcrumb"},"inLanguage":"es","potentialAction":[{"@type":"ReadAction","target":["https:\/\/www.fisiohogar.com\/sabadell\/fisioterapia-a-domicilio-en-sabadell\/"]}]},{"@type":"BreadcrumbList","@id":"https:\/\/www.fisiohogar.com\/sabadell\/fisioterapia-a-domicilio-en-sabadell\/#breadcrumb","itemListElement":[{"@type":"ListItem","position":1,"name":"Portada","item":"https:\/\/www.fisiohogar.com\/sabadell\/"},{"@type":"ListItem","position":2,"name":"Fisioterapia a domicilio en Sabadell"}]},{"@type":"WebSite","@id":"https:\/\/www.fisiohogar.com\/sabadell\/#website","url":"https:\/\/www.fisiohogar.com\/sabadell\/","name":"Fisioterapia a domicilio Sabadell","description":"Fisioterapia a domicilio Sabadell","potentialAction":[{"@type":"SearchAction","target":{"@type":"EntryPoint","urlTemplate":"https:\/\/www.fisiohogar.com\/sabadell\/?s={search_term_string}"},"query-input":{"@type":"PropertyValueSpecification","valueRequired":true,"valueName":"search_term_string"}}],"inLanguage":"es"}]}},"_links":{"self":[{"href":"https:\/\/www.fisiohogar.com\/sabadell\/wp-json\/wp\/v2\/pages\/17458","targetHints":{"allow":["GET"]}}],"collection":[{"href":"https:\/\/www.fisiohogar.com\/sabadell\/wp-json\/wp\/v2\/pages"}],"about":[{"href":"https:\/\/www.fisiohogar.com\/sabadell\/wp-json\/wp\/v2\/types\/page"}],"author":[{"embeddable":true,"href":"https:\/\/www.fisiohogar.com\/sabadell\/wp-json\/wp\/v2\/users\/1"}],"replies":[{"embeddable":true,"href":"https:\/\/www.fisiohogar.com\/sabadell\/wp-json\/wp\/v2\/comments?post=17458"}],"version-history":[{"count":31,"href":"https:\/\/www.fisiohogar.com\/sabadell\/wp-json\/wp\/v2\/pages\/17458\/revisions"}],"predecessor-version":[{"id":18704,"href":"https:\/\/www.fisiohogar.com\/sabadell\/wp-json\/wp\/v2\/pages\/17458\/revisions\/18704"}],"wp:attachment":[{"href":"https:\/\/www.fisiohogar.com\/sabadell\/wp-json\/wp\/v2\/media?parent=17458"}],"curies":[{"name":"wp","href":"https:\/\/api.w.org\/{rel}","templated":true}]}}