{"id":5029,"date":"2019-02-09T12:48:26","date_gmt":"2019-02-09T12:48:26","guid":{"rendered":"https:\/\/www.fisiohogar.com\/madridoeste\/?page_id=5029"},"modified":"2019-02-14T23:43:56","modified_gmt":"2019-02-14T23:43:56","slug":"especialidades","status":"publish","type":"page","link":"https:\/\/www.fisiohogar.com\/madridoeste\/especialidades\/","title":{"rendered":"Especialidades de fisioterapia"},"content":{"rendered":"<div class=\"wpb-content-wrapper\"><p>[vc_row][vc_column width=\u00bb1\/2&#8243;][vc_single_image image=\u00bb5191&#8243; img_size=\u00bbfull\u00bb css_animation=\u00bbfadeInLeft\u00bb][\/vc_column][vc_column css_animation=\u00bbfadeIn\u00bb width=\u00bb1\/2&#8243;][vc_custom_heading text=\u00bbFisioterapia neurol\u00f3gica\u00bb google_fonts=\u00bbfont_family:Francois%20One%3Aregular|font_style:400%20regular%3A400%3Anormal\u00bb][vc_column_text]Entre las especialidades en las que destacada Fisiohogar y sus fisioterapeutas se encuentra la <strong>fisioterapia para enfermedades neurol\u00f3gicas<\/strong>, que es la principal alternativa para la mayor parte de esta amplia variedad de enfermedades.<\/p>\n<p>Cuando uno de nuestros fisioterapeutas se desplace hasta su domicilio, y <strong>tras la revisi\u00f3n inicial, le propondr\u00e1 la terapia m\u00e1s adecuada en su caso<\/strong>, con la cual, si bien en algunos casos la curaci\u00f3n no es posible, s\u00ed que se puede <strong>mejorar la calidad de vida de los pacientes y se puede incrementar su autonom\u00eda<\/strong>.<\/p>\n<p>Entre las <strong>t\u00e9cnicas<\/strong> que empleamos con estos pacientes se encuentran Bobath, Perfetti, neurodin\u00e1mica&#8230; mediante las cuales conseguir recuperar funciones neuromotrices, al mismo tiempo que se procura mantener las que se conservan.<\/p>\n<p>En nuestro sistema de trabajo procuramos <strong>implicar a los pacientes en su curaci\u00f3n<\/strong> ense\u00f1\u00e1ndoles ejercicios que ellos podr\u00e1n practicar. De esa manera la mejor\u00eda de los pacientes suele llegar a menos tiempo, y su recuperaci\u00f3n cuenta con m\u00e1s garant\u00edas.<\/p>\n<p>En los casos en los que son necesarias varias sesiones de fisioterapia aconsejamos que se contraten nuestros bonos, ya que permiten acceder a importantes descuentos. Consulte aqu\u00ed nuestras <a href=\"https:\/\/www.fisiohogar.com\/madridoeste\/tarifas-de-fisioterapia\/\">tarifas de fisioterapia a domicilio<\/a>.[\/vc_column_text][\/vc_column][\/vc_row][vc_row][vc_column width=\u00bb1\/2&#8243;][vc_single_image image=\u00bb5196&#8243; img_size=\u00bbfull\u00bb css_animation=\u00bbfadeInLeft\u00bb][\/vc_column][vc_column css_animation=\u00bbfadeIn\u00bb width=\u00bb1\/2&#8243;][vc_custom_heading text=\u00bbFisioterapia en lesiones articulares y musculares\u00bb google_fonts=\u00bbfont_family:Francois%20One%3Aregular|font_style:400%20regular%3A400%3Anormal\u00bb][vc_column_text]Este tipo de lesiones pueden producirse a cualquier edad, aunque en la juventud o madurez pueden llegar debido a lesiones por la pr\u00e1ctica del deporte, o por accidentes, y en la tercera edad pueden tener su origen m\u00e1s probable en ca\u00eddas, o enfermedades como la osteoporosis.<\/p>\n<p>En cada caso el tratamiento va a ser diferente pero el objetivo es siempre el mismo, lo que buscamos es la <strong>reducci\u00f3n de los tiempos de recuperaci\u00f3n<\/strong> porque de esa manera el \u00e9xito de una curaci\u00f3n completa va a producirse en un mayor porcentaje de casos.<\/p>\n<p>Para este tipo de patolog\u00edas nuestros fisioterapeutas emplean m\u00e1s com\u00fanmente las t\u00e9cnicas manuales, masajes, movilizaciones\u00a0\u00a0activas o pasivas, o utilizan vendajes funcionales, kinesiotape.<\/p>\n<p>Siempre intentamos ser los facilitadores de las curaciones, realizando un <strong>control y seguimiento en la evoluci\u00f3n de su recuperaci\u00f3n<\/strong>, que en las personas de edad m\u00e1s avanzada se suele prolongar durante m\u00e1s tiempo.<\/p>\n<p>En estos casos la fisioterapia a domicilio demuestra su m\u00e1ximo inter\u00e9s, ya que evitamos traslados que en ocasiones ni siquiera son posibles.[\/vc_column_text][\/vc_column][\/vc_row][vc_row][vc_column width=\u00bb1\/2&#8243;][vc_single_image image=\u00bb5194&#8243; img_size=\u00bbfull\u00bb css_animation=\u00bbfadeInLeft\u00bb][\/vc_column][vc_column css_animation=\u00bbfadeIn\u00bb width=\u00bb1\/2&#8243;][vc_custom_heading text=\u00bbFisioterapia en la tercera edad\u00bb google_fonts=\u00bbfont_family:Francois%20One%3Aregular|font_style:400%20regular%3A400%3Anormal\u00bb][vc_column_text]Someter a una persona de la tercera edad, cuando adem\u00e1s presenta alg\u00fan tipo de lesi\u00f3n o padece alguna enfermedad neurol\u00f3gica, a traslados frecuentes a una cl\u00ednica de fisioterapia conduce en demasiadas ocasiones a que se abandonen los tratamientos y se ponga en riesgo la recuperaci\u00f3n.<\/p>\n<p>En este tipo de pacientes en los que adem\u00e1s de las <strong>lesiones por ca\u00eddas<\/strong>, o las<strong> enfermedades neurol\u00f3gicas<\/strong>, tambi\u00e9n son frecuentes las recuperaciones tras el <strong>implante de pr\u00f3tesis<\/strong> o enfermedades cr\u00f3nicas como la <strong>artrosis<\/strong>, realizamos una valoraci\u00f3n inicial de su situaci\u00f3n para proponerle el tratamiento que pueda asegurarle un mejor resultado.<\/p>\n<p>En nuestra filosof\u00eda de trabajo con ancianos procuramos que se produzca una <strong>comunicaci\u00f3n sencilla y transparente<\/strong>, intentando que no solo se consiga la colaboraci\u00f3n del paciente sino que, adem\u00e1s, se implique de manera activa en su recuperaci\u00f3n.<\/p>\n<p>En la b\u00fasqueda de la mejora de la calidad de vida de estos pacientes aconsejamos cambios en su manera de retornar a su actividad diaria, teniendo en cuenta sus condiciones f\u00edsicas en las que, debido a la avanzada edad, existen peores reflejos, menor rigor f\u00edsico y una peor estabilidad.<\/p>\n<p><strong>Unimos, por lo tanto, la prevenci\u00f3n con la recuperaci\u00f3n<\/strong>, para que en conjunto se logre una mayor independencia del paciente y una mejor calidad de vida.[\/vc_column_text][\/vc_column][\/vc_row][vc_row][vc_column width=\u00bb1\/2&#8243;][vc_single_image image=\u00bb5192&#8243; img_size=\u00bbfull\u00bb css_animation=\u00bbfadeInLeft\u00bb][\/vc_column][vc_column css_animation=\u00bbfadeIn\u00bb width=\u00bb1\/2&#8243;][vc_custom_heading text=\u00bbFisioterapia respiratoria\u00bb google_fonts=\u00bbfont_family:Francois%20One%3Aregular|font_style:400%20regular%3A400%3Anormal\u00bb][vc_column_text]La <strong>fisioterapia respiratoria<\/strong> suele ser una gran desconocida para personas que padecen enfermedades que encuentran gran alivio con diferentes t\u00e9cnicas que logran <strong>mejorar la capacidad respiratoria<\/strong>, increment\u00e1ndose la tolerancia al ejercicio y consiguiendo que, como consecuencia, se mejore tambi\u00e9n la calidad de vida.<\/p>\n<p>Todo esto se puede conseguir con <strong>ejercicios de expansi\u00f3n tor\u00e1cica<\/strong>, <strong>drenaje postural<\/strong>, <strong>control de la respiraci\u00f3n diafragm\u00e1tica<\/strong>, <strong>vibraci\u00f3n tor\u00e1cica<\/strong> y otras m\u00e1s que se aplican teniendo presente la edad del paciente y su capacidad para colaborar.<\/p>\n<p>En el caso de los <strong>beb\u00e9s<\/strong>, la fisioterapia respiratoria lo que busca es la <strong>liberaci\u00f3n de la mucosidad<\/strong> que ocasiona una respiraci\u00f3n dificultosa, ante la cual los padres suelen alarmarse porque no saben c\u00f3mo solucionar esa situaci\u00f3n. Nuestros fisioterapeutas no solo conseguir\u00e1n, en una sesi\u00f3n, que se produzca la expulsi\u00f3n de esa mucosidad sino que tambi\u00e9n le ense\u00f1ar\u00e1n a los padres c\u00f3mo pueden, ellos mismos, aplicar la t\u00e9cnica que aplicar\u00e1 nuestro fisioterapeuta.<\/p>\n<p>En el caso de los beb\u00e9s ser\u00e1 suficiente una sola sesi\u00f3n de fisioterapia, pero en las personas de m\u00e1s edad con enfermedades respiratorias cr\u00f3nicas pueden ser necesarias varias sesiones para que el paciente encuentre mejor\u00eda y conozca c\u00f3mo puede tener un mejor control de la situaci\u00f3n en la que se encuentra. En ese \u00faltimo caso le aconsejamos que contrate alguno de nuestros bonos, con los que conseguir\u00e1 una tarifa m\u00e1s reducida.[\/vc_column_text][\/vc_column][\/vc_row][vc_row][vc_column width=\u00bb1\/2&#8243;][vc_single_image image=\u00bb5197&#8243; img_size=\u00bbfull\u00bb css_animation=\u00bbfadeInLeft\u00bb][\/vc_column][vc_column css_animation=\u00bbfadeIn\u00bb width=\u00bb1\/2&#8243;][vc_custom_heading text=\u00bbFisioterapia problemas circulatorios y cirug\u00edas\u00bb google_fonts=\u00bbfont_family:Francois%20One%3Aregular|font_style:400%20regular%3A400%3Anormal\u00bb][vc_column_text]La fisioterapia puede ser de gran ayuda en la recuperaci\u00f3n de <strong>pacientes que han sido sometidos a una cirug\u00eda<\/strong>, y no solo en aquellos casos en los que habitualmente se relaciona su padecimiento previo con el campo de actuaci\u00f3n de la fisioterapia, como sucede con las artrosis o cualquier otra lesi\u00f3n del sistema \u00f3seo.<\/p>\n<p>Nuestra actuaci\u00f3n tambi\u00e9n tiene una especial utilidad en recuperaci\u00f3n de cualquier tipo de cirug\u00eda, tras la cual se produce <strong>retenci\u00f3n de l\u00edquidos<\/strong>. Para el tratamiento de problemas circulatorios y de l\u00edquidos que se retienen y que, por ejemplo, pueden ocasionar el hinchaz\u00f3n de las piernas, se recomiendan sesiones de drenaje linf\u00e1tico.<\/p>\n<p>El <strong>drenaje linf\u00e1tico manual<\/strong>, tambi\u00e9n conocido por sus siglas DLM, estimula de manera suave el sistema linf\u00e1tico que se encarga de eliminar sustancias de desecho de nuestro cuerpo, consiguiendo al mismo tiempo como beneficio la eliminaci\u00f3n de l\u00edquidos y la potenciaci\u00f3n del sistema inmunol\u00f3gico.<\/p>\n<p>De nuevo en este caso la fisioterapia a domicilio es la m\u00e1s aconsejada debido a la situaci\u00f3n del paciente tras la operaci\u00f3n y a que se consigue una adaptaci\u00f3n m\u00e1s r\u00e1pida a su entorno.<\/p>\n<p>Le esperamos en su primera sesi\u00f3n de fisioterapia, en la que le descontaremos, como oferta de bienvenida 5 euros. <a href=\"https:\/\/www.fisiohogar.com\/madridoeste\/solicitar-cita\/\">En este formulario<\/a> puede solicitarnos que uno de nuestros fisioterapeutas se desplace a su domicilio. Tambi\u00e9n podemos resolver cualquier duda que tenga.[\/vc_column_text][\/vc_column][\/vc_row]<\/p>\n<\/div>","protected":false},"excerpt":{"rendered":"<p>[vc_row][vc_column width=\u00bb1\/2&#8243;][vc_single_image image=\u00bb5191&#8243; img_size=\u00bbfull\u00bb css_animation=\u00bbfadeInLeft\u00bb][\/vc_column][vc_column css_animation=\u00bbfadeIn\u00bb width=\u00bb1\/2&#8243;][vc_custom_heading text=\u00bbFisioterapia neurol\u00f3gica\u00bb google_fonts=\u00bbfont_family:Francois%20One%3Aregular|font_style:400%20regular%3A400%3Anormal\u00bb][vc_column_text]Entre las especialidades en las que destacada Fisiohogar y sus fisioterapeutas se encuentra la fisioterapia para enfermedades neurol\u00f3gicas, que es la principal alternativa para la  [&#8230;]<\/p>\n","protected":false},"author":1,"featured_media":0,"parent":0,"menu_order":0,"comment_status":"closed","ping_status":"closed","template":"template-full.php","meta":{"_joinchat":[],"footnotes":""},"class_list":["post-5029","page","type-page","status-publish","hentry"],"yoast_head":"<!-- This site is optimized with the Yoast SEO plugin v27.4 - https:\/\/yoast.com\/product\/yoast-seo-wordpress\/ -->\n<title>Especialidades de fisioterapia - Fisioterapeutas a domicilio<\/title>\n<meta name=\"robots\" content=\"index, follow, max-snippet:-1, max-image-preview:large, max-video-preview:-1\" \/>\n<link rel=\"canonical\" href=\"https:\/\/www.fisiohogar.com\/madridoeste\/especialidades\/\" \/>\n<meta property=\"og:locale\" content=\"es_ES\" \/>\n<meta property=\"og:type\" content=\"article\" \/>\n<meta property=\"og:title\" content=\"Especialidades de fisioterapia - Fisioterapeutas a domicilio\" \/>\n<meta property=\"og:description\" content=\"[vc_row][vc_column width=\u00bb1\/2&#8243;][vc_single_image image=\u00bb5191&#8243; img_size=\u00bbfull\u00bb css_animation=\u00bbfadeInLeft\u00bb][\/vc_column][vc_column css_animation=\u00bbfadeIn\u00bb width=\u00bb1\/2&#8243;][vc_custom_heading text=\u00bbFisioterapia neurol\u00f3gica\u00bb google_fonts=\u00bbfont_family:Francois%20One%3Aregular|font_style:400%20regular%3A400%3Anormal\u00bb][vc_column_text]Entre las especialidades en las que destacada Fisiohogar y sus fisioterapeutas se encuentra la fisioterapia para enfermedades neurol\u00f3gicas, que es la principal alternativa para la [...]\" \/>\n<meta property=\"og:url\" content=\"https:\/\/www.fisiohogar.com\/madridoeste\/especialidades\/\" \/>\n<meta property=\"og:site_name\" content=\"Fisioterapeutas a domicilio\" \/>\n<meta property=\"article:modified_time\" content=\"2019-02-14T23:43:56+00:00\" \/>\n<meta name=\"twitter:card\" content=\"summary_large_image\" \/>\n<meta name=\"twitter:label1\" content=\"Tiempo de lectura\" \/>\n\t<meta name=\"twitter:data1\" content=\"7 minutos\" \/>\n<script type=\"application\/ld+json\" class=\"yoast-schema-graph\">{\"@context\":\"https:\\\/\\\/schema.org\",\"@graph\":[{\"@type\":\"WebPage\",\"@id\":\"https:\\\/\\\/www.fisiohogar.com\\\/madridoeste\\\/especialidades\\\/\",\"url\":\"https:\\\/\\\/www.fisiohogar.com\\\/madridoeste\\\/especialidades\\\/\",\"name\":\"Especialidades de fisioterapia - Fisioterapeutas a domicilio\",\"isPartOf\":{\"@id\":\"https:\\\/\\\/www.fisiohogar.com\\\/madridoeste\\\/#website\"},\"datePublished\":\"2019-02-09T12:48:26+00:00\",\"dateModified\":\"2019-02-14T23:43:56+00:00\",\"breadcrumb\":{\"@id\":\"https:\\\/\\\/www.fisiohogar.com\\\/madridoeste\\\/especialidades\\\/#breadcrumb\"},\"inLanguage\":\"es\",\"potentialAction\":[{\"@type\":\"ReadAction\",\"target\":[\"https:\\\/\\\/www.fisiohogar.com\\\/madridoeste\\\/especialidades\\\/\"]}]},{\"@type\":\"BreadcrumbList\",\"@id\":\"https:\\\/\\\/www.fisiohogar.com\\\/madridoeste\\\/especialidades\\\/#breadcrumb\",\"itemListElement\":[{\"@type\":\"ListItem\",\"position\":1,\"name\":\"Portada\",\"item\":\"https:\\\/\\\/www.fisiohogar.com\\\/madridoeste\\\/\"},{\"@type\":\"ListItem\",\"position\":2,\"name\":\"Especialidades de fisioterapia\"}]},{\"@type\":\"WebSite\",\"@id\":\"https:\\\/\\\/www.fisiohogar.com\\\/madridoeste\\\/#website\",\"url\":\"https:\\\/\\\/www.fisiohogar.com\\\/madridoeste\\\/\",\"name\":\"Fisioterapeutas a domicilio\",\"description\":\"Fisioterapia a domicilio en Madrid oeste\",\"potentialAction\":[{\"@type\":\"SearchAction\",\"target\":{\"@type\":\"EntryPoint\",\"urlTemplate\":\"https:\\\/\\\/www.fisiohogar.com\\\/madridoeste\\\/?s={search_term_string}\"},\"query-input\":{\"@type\":\"PropertyValueSpecification\",\"valueRequired\":true,\"valueName\":\"search_term_string\"}}],\"inLanguage\":\"es\"}]}<\/script>\n<!-- \/ Yoast SEO plugin. -->","yoast_head_json":{"title":"Especialidades de fisioterapia - Fisioterapeutas a domicilio","robots":{"index":"index","follow":"follow","max-snippet":"max-snippet:-1","max-image-preview":"max-image-preview:large","max-video-preview":"max-video-preview:-1"},"canonical":"https:\/\/www.fisiohogar.com\/madridoeste\/especialidades\/","og_locale":"es_ES","og_type":"article","og_title":"Especialidades de fisioterapia - Fisioterapeutas a domicilio","og_description":"[vc_row][vc_column width=\u00bb1\/2&#8243;][vc_single_image image=\u00bb5191&#8243; img_size=\u00bbfull\u00bb css_animation=\u00bbfadeInLeft\u00bb][\/vc_column][vc_column css_animation=\u00bbfadeIn\u00bb width=\u00bb1\/2&#8243;][vc_custom_heading text=\u00bbFisioterapia neurol\u00f3gica\u00bb google_fonts=\u00bbfont_family:Francois%20One%3Aregular|font_style:400%20regular%3A400%3Anormal\u00bb][vc_column_text]Entre las especialidades en las que destacada Fisiohogar y sus fisioterapeutas se encuentra la fisioterapia para enfermedades neurol\u00f3gicas, que es la principal alternativa para la [...]","og_url":"https:\/\/www.fisiohogar.com\/madridoeste\/especialidades\/","og_site_name":"Fisioterapeutas a domicilio","article_modified_time":"2019-02-14T23:43:56+00:00","twitter_card":"summary_large_image","twitter_misc":{"Tiempo de lectura":"7 minutos"},"schema":{"@context":"https:\/\/schema.org","@graph":[{"@type":"WebPage","@id":"https:\/\/www.fisiohogar.com\/madridoeste\/especialidades\/","url":"https:\/\/www.fisiohogar.com\/madridoeste\/especialidades\/","name":"Especialidades de fisioterapia - Fisioterapeutas a domicilio","isPartOf":{"@id":"https:\/\/www.fisiohogar.com\/madridoeste\/#website"},"datePublished":"2019-02-09T12:48:26+00:00","dateModified":"2019-02-14T23:43:56+00:00","breadcrumb":{"@id":"https:\/\/www.fisiohogar.com\/madridoeste\/especialidades\/#breadcrumb"},"inLanguage":"es","potentialAction":[{"@type":"ReadAction","target":["https:\/\/www.fisiohogar.com\/madridoeste\/especialidades\/"]}]},{"@type":"BreadcrumbList","@id":"https:\/\/www.fisiohogar.com\/madridoeste\/especialidades\/#breadcrumb","itemListElement":[{"@type":"ListItem","position":1,"name":"Portada","item":"https:\/\/www.fisiohogar.com\/madridoeste\/"},{"@type":"ListItem","position":2,"name":"Especialidades de fisioterapia"}]},{"@type":"WebSite","@id":"https:\/\/www.fisiohogar.com\/madridoeste\/#website","url":"https:\/\/www.fisiohogar.com\/madridoeste\/","name":"Fisioterapeutas a domicilio","description":"Fisioterapia a domicilio en Madrid oeste","potentialAction":[{"@type":"SearchAction","target":{"@type":"EntryPoint","urlTemplate":"https:\/\/www.fisiohogar.com\/madridoeste\/?s={search_term_string}"},"query-input":{"@type":"PropertyValueSpecification","valueRequired":true,"valueName":"search_term_string"}}],"inLanguage":"es"}]}},"_links":{"self":[{"href":"https:\/\/www.fisiohogar.com\/madridoeste\/wp-json\/wp\/v2\/pages\/5029","targetHints":{"allow":["GET"]}}],"collection":[{"href":"https:\/\/www.fisiohogar.com\/madridoeste\/wp-json\/wp\/v2\/pages"}],"about":[{"href":"https:\/\/www.fisiohogar.com\/madridoeste\/wp-json\/wp\/v2\/types\/page"}],"author":[{"embeddable":true,"href":"https:\/\/www.fisiohogar.com\/madridoeste\/wp-json\/wp\/v2\/users\/1"}],"replies":[{"embeddable":true,"href":"https:\/\/www.fisiohogar.com\/madridoeste\/wp-json\/wp\/v2\/comments?post=5029"}],"version-history":[{"count":0,"href":"https:\/\/www.fisiohogar.com\/madridoeste\/wp-json\/wp\/v2\/pages\/5029\/revisions"}],"wp:attachment":[{"href":"https:\/\/www.fisiohogar.com\/madridoeste\/wp-json\/wp\/v2\/media?parent=5029"}],"curies":[{"name":"wp","href":"https:\/\/api.w.org\/{rel}","templated":true}]}}