{"id":4942,"date":"2019-01-31T17:50:15","date_gmt":"2019-01-31T17:50:15","guid":{"rendered":"https:\/\/www.fisiohogar.com\/madridoeste\/?page_id=4942"},"modified":"2019-02-09T13:00:32","modified_gmt":"2019-02-09T13:00:32","slug":"las-rozas","status":"publish","type":"page","link":"https:\/\/www.fisiohogar.com\/madridoeste\/fisioterapeutas-que-se-desplazan-a-su-hogar\/las-rozas\/","title":{"rendered":"Fisioterapia a domicilio en Las Rozas"},"content":{"rendered":"<div class=\"wpb-content-wrapper\"><p>[vc_row][vc_column width=\u00bb1\/2&#8243; css=\u00bb.vc_custom_1549714671412{background-color: #f9f7f2 !important;}\u00bb][vc_custom_heading text=\u00bbSolicitud de cita en Las Rozas\u00bb google_fonts=\u00bbfont_family:Francois%20One%3Aregular|font_style:400%20regular%3A400%3Anormal\u00bb]\n<div class=\"wpcf7 no-js\" id=\"wpcf7-f5014-o1\" lang=\"es-ES\" dir=\"ltr\" data-wpcf7-id=\"5014\">\n<div class=\"screen-reader-response\"><p role=\"status\" aria-live=\"polite\" aria-atomic=\"true\"><\/p> <ul><\/ul><\/div>\n<form action=\"\/madridoeste\/wp-json\/wp\/v2\/pages\/4942#wpcf7-f5014-o1\" method=\"post\" class=\"wpcf7-form init\" aria-label=\"Formulario de contacto\" novalidate=\"novalidate\" data-status=\"init\">\n<fieldset class=\"hidden-fields-container\"><input type=\"hidden\" name=\"_wpcf7\" value=\"5014\" \/><input type=\"hidden\" name=\"_wpcf7_version\" value=\"6.1.5\" \/><input type=\"hidden\" name=\"_wpcf7_locale\" value=\"es_ES\" \/><input type=\"hidden\" name=\"_wpcf7_unit_tag\" value=\"wpcf7-f5014-o1\" \/><input type=\"hidden\" name=\"_wpcf7_container_post\" value=\"0\" \/><input type=\"hidden\" name=\"_wpcf7_posted_data_hash\" value=\"\" \/><input type=\"hidden\" name=\"_wpcf7_recaptcha_response\" value=\"\" \/>\n<\/fieldset>\n<p><label> Nombre (requerido)<br \/>\n<span class=\"wpcf7-form-control-wrap\" data-name=\"your-name\"><input size=\"40\" maxlength=\"400\" class=\"wpcf7-form-control wpcf7-text wpcf7-validates-as-required\" aria-required=\"true\" aria-invalid=\"false\" value=\"\" type=\"text\" name=\"your-name\" \/><\/span> <\/label>\n<\/p>\n<p><label> Correo electr\u00f3nico<br \/>\n<span class=\"wpcf7-form-control-wrap\" data-name=\"email-705\"><input size=\"40\" maxlength=\"400\" class=\"wpcf7-form-control wpcf7-email wpcf7-text wpcf7-validates-as-email\" aria-invalid=\"false\" value=\"\" type=\"email\" name=\"email-705\" \/><\/span> <\/label>\n<\/p>\n<p><label> Tel\u00e9fono (requerido)<br \/>\n<span class=\"wpcf7-form-control-wrap\" data-name=\"tel-367\"><input size=\"40\" maxlength=\"400\" class=\"wpcf7-form-control wpcf7-tel wpcf7-validates-as-required wpcf7-text wpcf7-validates-as-tel\" aria-required=\"true\" aria-invalid=\"false\" value=\"\" type=\"tel\" name=\"tel-367\" \/><\/span><\/label>\n<\/p>\n<p><label> Indique d\u00eda de la cita (requerido)<br \/>\n<span class=\"wpcf7-form-control-wrap\" data-name=\"text-737\"><input size=\"40\" maxlength=\"400\" class=\"wpcf7-form-control wpcf7-text wpcf7-validates-as-required\" aria-required=\"true\" aria-invalid=\"false\" value=\"\" type=\"text\" name=\"text-737\" \/><\/span><\/label>\n<\/p>\n<p><label> \u00bfQu\u00e9 hora prefiere para la cita? (requerido)<br \/>\n<span class=\"wpcf7-form-control-wrap\" data-name=\"radio-615\"><span class=\"wpcf7-form-control wpcf7-radio\"><span class=\"wpcf7-list-item first\"><input type=\"radio\" name=\"radio-615\" value=\"10:00\" checked=\"checked\" \/><span class=\"wpcf7-list-item-label\">10:00<\/span><\/span><span class=\"wpcf7-list-item\"><input type=\"radio\" name=\"radio-615\" value=\"11:30\" \/><span class=\"wpcf7-list-item-label\">11:30<\/span><\/span><span class=\"wpcf7-list-item\"><input type=\"radio\" name=\"radio-615\" value=\"13:00\" \/><span class=\"wpcf7-list-item-label\">13:00<\/span><\/span><span class=\"wpcf7-list-item\"><input type=\"radio\" name=\"radio-615\" value=\"15:30\" \/><span class=\"wpcf7-list-item-label\">15:30<\/span><\/span><span class=\"wpcf7-list-item\"><input type=\"radio\" name=\"radio-615\" value=\"16:00\" \/><span class=\"wpcf7-list-item-label\">16:00<\/span><\/span><span class=\"wpcf7-list-item\"><input type=\"radio\" name=\"radio-615\" value=\"17:00\" \/><span class=\"wpcf7-list-item-label\">17:00<\/span><\/span><span class=\"wpcf7-list-item\"><input type=\"radio\" name=\"radio-615\" value=\"18:30\" \/><span class=\"wpcf7-list-item-label\">18:30<\/span><\/span><span class=\"wpcf7-list-item last\"><input type=\"radio\" name=\"radio-615\" value=\"20:00\" \/><span class=\"wpcf7-list-item-label\">20:00<\/span><\/span><\/span><\/span><\/label>\n<\/p>\n<p><label> Si prefiere otra hora, ind\u00edquelo:<br \/>\n<span class=\"wpcf7-form-control-wrap\" data-name=\"text-887\"><input size=\"40\" maxlength=\"400\" class=\"wpcf7-form-control wpcf7-text\" aria-invalid=\"false\" value=\"\" type=\"text\" name=\"text-887\" \/><\/span><\/label>\n<\/p>\n<p><label> Observaciones<br \/>\n<span class=\"wpcf7-form-control-wrap\" data-name=\"your-message\"><textarea cols=\"40\" rows=\"10\" maxlength=\"2000\" class=\"wpcf7-form-control wpcf7-textarea\" aria-invalid=\"false\" name=\"your-message\"><\/textarea><\/span> <\/label>\n<\/p>\n<p><label>\n\t <\/label>\n<\/p>\n<p><strong>Para poder enviar el formulario tiene que aceptar<\/strong> el <a href=\"https:\/\/www.fisiohogar.com\/aviso-legal\/\" target=\"_blank\">aviso legal<\/a> y la <a href=\"https:\/\/www.fisiohogar.com\/politica-de-privacidad\/\" target=\"_blank\">pol\u00edtica de privacidad y protecci\u00f3n de datos<\/a>:<span class=\"wpcf7-form-control-wrap\" data-name=\"acceptance-835\"><span class=\"wpcf7-form-control wpcf7-acceptance\"><span class=\"wpcf7-list-item\"><input type=\"checkbox\" name=\"acceptance-835\" value=\"1\" aria-invalid=\"false\" \/><\/span><\/span><\/span> (marque esta casilla)\n<\/p>\n<p><input class=\"wpcf7-form-control wpcf7-submit has-spinner\" type=\"submit\" value=\"Solicitar cita\" \/>\n<\/p><div class=\"fusion-alert alert custom alert-custom fusion-alert-center wpcf7-response-output awb-alert-native-link-color alert-dismissable awb-alert-close-boxed\" style=\"--awb-border-size:1px;--awb-border-top-left-radius:0px;--awb-border-top-right-radius:0px;--awb-border-bottom-left-radius:0px;--awb-border-bottom-right-radius:0px;\" role=\"alert\"><div class=\"fusion-alert-content-wrapper\"><span class=\"fusion-alert-content\"><\/span><\/div><button type=\"button\" class=\"close toggle-alert\" data-dismiss=\"alert\" aria-label=\"Close\">&times;<\/button><\/div>\n<\/form>\n<\/div>\n[\/vc_column][vc_column width=\u00bb1\/2&#8243;][vc_custom_heading text=\u00bbNos desplazamos a su domicilio\u00bb google_fonts=\u00bbfont_family:Francois%20One%3Aregular|font_style:400%20regular%3A400%3Anormal\u00bb][vc_single_image image=\u00bb5025&#8243; img_size=\u00bbfull\u00bb style=\u00bbvc_box_rounded\u00bb css_animation=\u00bbfadeIn\u00bb][vc_column_text]En Fisiohogar somos <strong>especialistas en el servicio de fisioterapia a domicilio<\/strong>. Por lo tanto, lo que hemos hecho es que nuestros pacientes han cambiado sus desplazamientos a las cl\u00ednicas de fisioterapia, por los nuestros.<\/p>\n<p><strong>Son nuestros fisioterapeutas quienes se desplazan al domicilio de cada paciente<\/strong> para ofrecerle las sesiones de fisioterapia en su propio domicilio, con todas las garant\u00edas que tendr\u00edan en una cl\u00ednica ya que nuestros fisioterapeutas llevan todo el material necesario para cada sesi\u00f3n.<\/p>\n<p>En <strong>Las Rozas<\/strong> podemos ofrecerle este servicio con independencia de la zona donde usted resida. Tan solo tiene que enviarnos un formulario, o llamarnos por tel\u00e9fono, para acordar un d\u00eda y una hora, y de manera puntual uno de nuestros fisioterapeutas se desplazar\u00e1 a su hogar.<\/p>\n<p><strong>Las ventajas de la fisioterapia a domicilio<\/strong> son evidentes, tanto en los casos en los que los pacientes se desplazan con dificultad, ya sea por su tipo de dolencia o por su avanzada edad, como por la comodidad que aporta recibir las sesiones de fisioterapia sin tener que desplazarse y sin esperas de ning\u00fan tipo.<\/p>\n<p>Atendemos cualquier tipo de dolencia que entre dentro del \u00e1rea de actuaci\u00f3n de la fisioterapia. Aqu\u00ed puede consultar el listado de <a href=\"https:\/\/www.fisiohogar.com\/madridoeste\/especialidades\/\">especialidades<\/a> que forma parte de las tareas diarias de Fisiohogar.[\/vc_column_text][vc_single_image image=\u00bb5031&#8243; img_size=\u00bbfull\u00bb style=\u00bbvc_box_rounded\u00bb css_animation=\u00bbfadeIn\u00bb][\/vc_column][\/vc_row][vc_row][vc_column][vc_single_image image=\u00bb5033&#8243; img_size=\u00bbfull\u00bb alignment=\u00bbcenter\u00bb style=\u00bbvc_box_rounded\u00bb css_animation=\u00bblightSpeedIn\u00bb][\/vc_column][\/vc_row]<\/p>\n<\/div>","protected":false},"excerpt":{"rendered":"<p>[vc_row][vc_column width=\u00bb1\/2&#8243; css=\u00bb.vc_custom_1549714671412{background-color: #f9f7f2 !important;}\u00bb][vc_custom_heading text=\u00bbSolicitud de cita en Las Rozas\u00bb google_fonts=\u00bbfont_family:Francois%20One%3Aregular|font_style:400%20regular%3A400%3Anormal\u00bb][\/vc_column][vc_column width=\u00bb1\/2&#8243;][vc_custom_heading text=\u00bbNos desplazamos a su domicilio\u00bb google_fonts=\u00bbfont_family:Francois%20One%3Aregular|font_style:400%20regular%3A400%3Anormal\u00bb][vc_single_image image=\u00bb5025&#8243; img_size=\u00bbfull\u00bb style=\u00bbvc_box_rounded\u00bb css_animation=\u00bbfadeIn\u00bb][vc_column_text]En Fisiohogar somos especialistas en el servicio de fisioterapia a domicilio. Por  [&#8230;]<\/p>\n","protected":false},"author":1,"featured_media":0,"parent":18,"menu_order":0,"comment_status":"closed","ping_status":"closed","template":"template-full.php","meta":{"_joinchat":[],"footnotes":""},"class_list":["post-4942","page","type-page","status-publish","hentry"],"yoast_head":"<!-- This site is optimized with the Yoast SEO plugin v27.3 - https:\/\/yoast.com\/product\/yoast-seo-wordpress\/ -->\n<title>Fisioterapia a domicilio en Las Rozas - Fisioterapeutas a domicilio<\/title>\n<meta name=\"robots\" content=\"index, follow, max-snippet:-1, max-image-preview:large, max-video-preview:-1\" \/>\n<link rel=\"canonical\" href=\"https:\/\/www.fisiohogar.com\/madridoeste\/fisioterapeutas-que-se-desplazan-a-su-hogar\/las-rozas\/\" \/>\n<meta property=\"og:locale\" content=\"es_ES\" \/>\n<meta property=\"og:type\" content=\"article\" \/>\n<meta property=\"og:title\" content=\"Fisioterapia a domicilio en Las Rozas - Fisioterapeutas a domicilio\" \/>\n<meta property=\"og:description\" content=\"[vc_row][vc_column width=\u00bb1\/2&#8243; css=\u00bb.vc_custom_1549714671412{background-color: #f9f7f2 !important;}\u00bb][vc_custom_heading text=\u00bbSolicitud de cita en Las Rozas\u00bb google_fonts=\u00bbfont_family:Francois%20One%3Aregular|font_style:400%20regular%3A400%3Anormal\u00bb][\/vc_column][vc_column width=\u00bb1\/2&#8243;][vc_custom_heading text=\u00bbNos desplazamos a su domicilio\u00bb google_fonts=\u00bbfont_family:Francois%20One%3Aregular|font_style:400%20regular%3A400%3Anormal\u00bb][vc_single_image image=\u00bb5025&#8243; img_size=\u00bbfull\u00bb style=\u00bbvc_box_rounded\u00bb css_animation=\u00bbfadeIn\u00bb][vc_column_text]En Fisiohogar somos especialistas en el servicio de fisioterapia a domicilio. Por [...]\" \/>\n<meta property=\"og:url\" content=\"https:\/\/www.fisiohogar.com\/madridoeste\/fisioterapeutas-que-se-desplazan-a-su-hogar\/las-rozas\/\" \/>\n<meta property=\"og:site_name\" content=\"Fisioterapeutas a domicilio\" \/>\n<meta property=\"article:modified_time\" content=\"2019-02-09T13:00:32+00:00\" \/>\n<meta name=\"twitter:card\" content=\"summary_large_image\" \/>\n<meta name=\"twitter:label1\" content=\"Tiempo de lectura\" \/>\n\t<meta name=\"twitter:data1\" content=\"2 minutos\" \/>\n<script type=\"application\/ld+json\" class=\"yoast-schema-graph\">{\"@context\":\"https:\\\/\\\/schema.org\",\"@graph\":[{\"@type\":\"WebPage\",\"@id\":\"https:\\\/\\\/www.fisiohogar.com\\\/madridoeste\\\/fisioterapeutas-que-se-desplazan-a-su-hogar\\\/las-rozas\\\/\",\"url\":\"https:\\\/\\\/www.fisiohogar.com\\\/madridoeste\\\/fisioterapeutas-que-se-desplazan-a-su-hogar\\\/las-rozas\\\/\",\"name\":\"Fisioterapia a domicilio en Las Rozas - Fisioterapeutas a domicilio\",\"isPartOf\":{\"@id\":\"https:\\\/\\\/www.fisiohogar.com\\\/madridoeste\\\/#website\"},\"datePublished\":\"2019-01-31T17:50:15+00:00\",\"dateModified\":\"2019-02-09T13:00:32+00:00\",\"breadcrumb\":{\"@id\":\"https:\\\/\\\/www.fisiohogar.com\\\/madridoeste\\\/fisioterapeutas-que-se-desplazan-a-su-hogar\\\/las-rozas\\\/#breadcrumb\"},\"inLanguage\":\"es\",\"potentialAction\":[{\"@type\":\"ReadAction\",\"target\":[\"https:\\\/\\\/www.fisiohogar.com\\\/madridoeste\\\/fisioterapeutas-que-se-desplazan-a-su-hogar\\\/las-rozas\\\/\"]}]},{\"@type\":\"BreadcrumbList\",\"@id\":\"https:\\\/\\\/www.fisiohogar.com\\\/madridoeste\\\/fisioterapeutas-que-se-desplazan-a-su-hogar\\\/las-rozas\\\/#breadcrumb\",\"itemListElement\":[{\"@type\":\"ListItem\",\"position\":1,\"name\":\"Portada\",\"item\":\"https:\\\/\\\/www.fisiohogar.com\\\/madridoeste\\\/\"},{\"@type\":\"ListItem\",\"position\":2,\"name\":\"Fisioterapia a domicilio\",\"item\":\"https:\\\/\\\/www.fisiohogar.com\\\/madridoeste\\\/fisioterapeutas-que-se-desplazan-a-su-hogar\\\/\"},{\"@type\":\"ListItem\",\"position\":3,\"name\":\"Fisioterapia a domicilio en Las Rozas\"}]},{\"@type\":\"WebSite\",\"@id\":\"https:\\\/\\\/www.fisiohogar.com\\\/madridoeste\\\/#website\",\"url\":\"https:\\\/\\\/www.fisiohogar.com\\\/madridoeste\\\/\",\"name\":\"Fisioterapeutas a domicilio\",\"description\":\"Fisioterapia a domicilio en Madrid oeste\",\"potentialAction\":[{\"@type\":\"SearchAction\",\"target\":{\"@type\":\"EntryPoint\",\"urlTemplate\":\"https:\\\/\\\/www.fisiohogar.com\\\/madridoeste\\\/?s={search_term_string}\"},\"query-input\":{\"@type\":\"PropertyValueSpecification\",\"valueRequired\":true,\"valueName\":\"search_term_string\"}}],\"inLanguage\":\"es\"}]}<\/script>\n<!-- \/ Yoast SEO plugin. -->","yoast_head_json":{"title":"Fisioterapia a domicilio en Las Rozas - Fisioterapeutas a domicilio","robots":{"index":"index","follow":"follow","max-snippet":"max-snippet:-1","max-image-preview":"max-image-preview:large","max-video-preview":"max-video-preview:-1"},"canonical":"https:\/\/www.fisiohogar.com\/madridoeste\/fisioterapeutas-que-se-desplazan-a-su-hogar\/las-rozas\/","og_locale":"es_ES","og_type":"article","og_title":"Fisioterapia a domicilio en Las Rozas - Fisioterapeutas a domicilio","og_description":"[vc_row][vc_column width=\u00bb1\/2&#8243; css=\u00bb.vc_custom_1549714671412{background-color: #f9f7f2 !important;}\u00bb][vc_custom_heading text=\u00bbSolicitud de cita en Las Rozas\u00bb google_fonts=\u00bbfont_family:Francois%20One%3Aregular|font_style:400%20regular%3A400%3Anormal\u00bb][\/vc_column][vc_column width=\u00bb1\/2&#8243;][vc_custom_heading text=\u00bbNos desplazamos a su domicilio\u00bb google_fonts=\u00bbfont_family:Francois%20One%3Aregular|font_style:400%20regular%3A400%3Anormal\u00bb][vc_single_image image=\u00bb5025&#8243; img_size=\u00bbfull\u00bb style=\u00bbvc_box_rounded\u00bb css_animation=\u00bbfadeIn\u00bb][vc_column_text]En Fisiohogar somos especialistas en el servicio de fisioterapia a domicilio. Por [...]","og_url":"https:\/\/www.fisiohogar.com\/madridoeste\/fisioterapeutas-que-se-desplazan-a-su-hogar\/las-rozas\/","og_site_name":"Fisioterapeutas a domicilio","article_modified_time":"2019-02-09T13:00:32+00:00","twitter_card":"summary_large_image","twitter_misc":{"Tiempo de lectura":"2 minutos"},"schema":{"@context":"https:\/\/schema.org","@graph":[{"@type":"WebPage","@id":"https:\/\/www.fisiohogar.com\/madridoeste\/fisioterapeutas-que-se-desplazan-a-su-hogar\/las-rozas\/","url":"https:\/\/www.fisiohogar.com\/madridoeste\/fisioterapeutas-que-se-desplazan-a-su-hogar\/las-rozas\/","name":"Fisioterapia a domicilio en Las Rozas - Fisioterapeutas a domicilio","isPartOf":{"@id":"https:\/\/www.fisiohogar.com\/madridoeste\/#website"},"datePublished":"2019-01-31T17:50:15+00:00","dateModified":"2019-02-09T13:00:32+00:00","breadcrumb":{"@id":"https:\/\/www.fisiohogar.com\/madridoeste\/fisioterapeutas-que-se-desplazan-a-su-hogar\/las-rozas\/#breadcrumb"},"inLanguage":"es","potentialAction":[{"@type":"ReadAction","target":["https:\/\/www.fisiohogar.com\/madridoeste\/fisioterapeutas-que-se-desplazan-a-su-hogar\/las-rozas\/"]}]},{"@type":"BreadcrumbList","@id":"https:\/\/www.fisiohogar.com\/madridoeste\/fisioterapeutas-que-se-desplazan-a-su-hogar\/las-rozas\/#breadcrumb","itemListElement":[{"@type":"ListItem","position":1,"name":"Portada","item":"https:\/\/www.fisiohogar.com\/madridoeste\/"},{"@type":"ListItem","position":2,"name":"Fisioterapia a domicilio","item":"https:\/\/www.fisiohogar.com\/madridoeste\/fisioterapeutas-que-se-desplazan-a-su-hogar\/"},{"@type":"ListItem","position":3,"name":"Fisioterapia a domicilio en Las Rozas"}]},{"@type":"WebSite","@id":"https:\/\/www.fisiohogar.com\/madridoeste\/#website","url":"https:\/\/www.fisiohogar.com\/madridoeste\/","name":"Fisioterapeutas a domicilio","description":"Fisioterapia a domicilio en Madrid oeste","potentialAction":[{"@type":"SearchAction","target":{"@type":"EntryPoint","urlTemplate":"https:\/\/www.fisiohogar.com\/madridoeste\/?s={search_term_string}"},"query-input":{"@type":"PropertyValueSpecification","valueRequired":true,"valueName":"search_term_string"}}],"inLanguage":"es"}]}},"_links":{"self":[{"href":"https:\/\/www.fisiohogar.com\/madridoeste\/wp-json\/wp\/v2\/pages\/4942","targetHints":{"allow":["GET"]}}],"collection":[{"href":"https:\/\/www.fisiohogar.com\/madridoeste\/wp-json\/wp\/v2\/pages"}],"about":[{"href":"https:\/\/www.fisiohogar.com\/madridoeste\/wp-json\/wp\/v2\/types\/page"}],"author":[{"embeddable":true,"href":"https:\/\/www.fisiohogar.com\/madridoeste\/wp-json\/wp\/v2\/users\/1"}],"replies":[{"embeddable":true,"href":"https:\/\/www.fisiohogar.com\/madridoeste\/wp-json\/wp\/v2\/comments?post=4942"}],"version-history":[{"count":0,"href":"https:\/\/www.fisiohogar.com\/madridoeste\/wp-json\/wp\/v2\/pages\/4942\/revisions"}],"up":[{"embeddable":true,"href":"https:\/\/www.fisiohogar.com\/madridoeste\/wp-json\/wp\/v2\/pages\/18"}],"wp:attachment":[{"href":"https:\/\/www.fisiohogar.com\/madridoeste\/wp-json\/wp\/v2\/media?parent=4942"}],"curies":[{"name":"wp","href":"https:\/\/api.w.org\/{rel}","templated":true}]}}