{"id":57,"date":"2015-06-10T09:30:16","date_gmt":"2015-06-10T09:30:16","guid":{"rendered":"http:\/\/www.fisiohogar.com\/madrid-sur\/?page_id=57"},"modified":"2015-06-10T09:30:16","modified_gmt":"2015-06-10T09:30:16","slug":"fisioterapia-respiratoria","status":"publish","type":"page","link":"https:\/\/www.fisiohogar.com\/madrid\/fisioterapia-respiratoria\/","title":{"rendered":"Fisioterapia respiratoria"},"content":{"rendered":"<p style=\"text-align: justify\">La fisioterapia respiratoria mejora las capacidades respiratorias aumentando la tolerancia al ejercicio y mejorando la calidad de vida. Todo esto se consigue a trav\u00e9s de t\u00e9cnicas y tratamientos espec\u00edficos que est\u00e1n centrados en eliminar las secreciones mucosas traqueobronquiales.<\/p>\n<p style=\"text-align: justify\">El tratamiento mediante fisioterapia respiratoria est\u00e1 indicado tanto en pacientes con patolog\u00edas cr\u00f3nicas como los que sufren problemas espor\u00e1dicos. En cualquier caso, nuestros especialistas en Madrid sur pueden ayudarle a diario con estos problemas.<\/p>\n<p style=\"text-align: justify\"><img decoding=\"async\" class=\"aligncenter size-full wp-image-186\" src=\"http:\/\/www.fisiohogar.com\/madrid-sur\/wp-content\/uploads\/sites\/5\/2015\/06\/fisioterapia-respiratoria.jpg\" alt=\"fisioterapia-respiratoria\" width=\"850\" height=\"567\" \/><\/p>\n<p style=\"text-align: justify\"><strong>Patolog\u00edas<\/strong><\/p>\n<p style=\"text-align: justify\">La fisioterapia respiratoria est\u00e1 indicada para tratar: asma, EPOC, fibrosis qu\u00edstica, enfermedades neuromusculares, procesos agudos (neumon\u00eda, absceso pulmonar) o intervenciones quir\u00fargicas de elevada complejidad (trasplantes pulmonares, card\u00edacos y hep\u00e1ticos, y tambi\u00e9n tras\u00a0otras intervenciones de t\u00f3rax o card\u00edacas).<\/p>\n<p style=\"text-align: justify\">Previo al tratamiento, el fisioterapeuta realiza un an\u00e1lisis profundo del paciente para poder determinar qu\u00e9 tipo de tratamiento es m\u00e1s acertado y reportar\u00e1 mejores resultados.<\/p>\n<p style=\"text-align: justify\"><strong>T\u00e9cnicas<\/strong><\/p>\n<p style=\"text-align: justify\">Las posibilidades son varias, en general, se aplican t\u00e9cnicas activas y pasivas acompa\u00f1adas de otras t\u00e9cnicas de higiene postural. En la fisioterapia respiratoria la edad del paciente es importante. Dependiendo de ella se eligen t\u00e9cnicas que requieren un mayor o menor grado de colaboraci\u00f3n como: drenaje postural, ejercicios de expansi\u00f3n tor\u00e1cica, control de respiraci\u00f3n diafragm\u00e1tica, percusi\u00f3n tor\u00e1cica, vibraci\u00f3n tor\u00e1cica, tos provocada y dirigida o t\u00e9cnicas de espiraci\u00f3n forzada.<\/p>\n<p style=\"text-align: justify\"><strong>Filosof\u00eda de trabajo<\/strong><\/p>\n<p style=\"text-align: justify\">Para personalizar el tratamiento de fisioterapia respiratoria nuestros fisioterapeutas se trasladan a su domicilio de Madrid sur. Pero nuestra labor no acaba aqu\u00ed, tambi\u00e9n queremos divulgar programas sanitarios, h\u00e1bitos saludables y toda una serie de consejos, todos ellos disponibles a trav\u00e9s de nuestras redes sociales, Facebook, Twitter y google+.<\/p>\n<p style=\"text-align: justify\"><strong><a href=\"http:\/\/www.fisiohogar.com\/madrid-sur\/contacto\/\">Contacta con nosotros<\/a><\/strong><\/p>\n<p style=\"text-align: justify\">Para solicitar nuestros servicios o pedir m\u00e1s informaci\u00f3n contacte con nosotros y estudiaremos la forma de encontrar una soluci\u00f3n a su problema.<\/p>\n","protected":false},"excerpt":{"rendered":"<p>La fisioterapia respiratoria mejora las capacidades respiratorias aumentando la tolerancia al ejercicio y mejorando la calidad de vida. Todo esto se consigue a trav\u00e9s de t\u00e9cnicas y tratamientos espec\u00edficos que est\u00e1n centrados en eliminar  [&#8230;]<\/p>\n","protected":false},"author":1,"featured_media":0,"parent":0,"menu_order":0,"comment_status":"closed","ping_status":"closed","template":"template-full.php","meta":{"_joinchat":[],"footnotes":""},"class_list":["post-57","page","type-page","status-publish","hentry"],"yoast_head":"<!-- This site is optimized with the Yoast SEO plugin v27.4 - https:\/\/yoast.com\/product\/yoast-seo-wordpress\/ -->\n<title>Fisioterapia respiratoria - Fisioterapia a domicilio en Madrid<\/title>\n<meta name=\"robots\" content=\"index, follow, max-snippet:-1, max-image-preview:large, max-video-preview:-1\" \/>\n<link rel=\"canonical\" href=\"https:\/\/www.fisiohogar.com\/madrid\/fisioterapia-respiratoria\/\" \/>\n<meta property=\"og:locale\" content=\"es_ES\" \/>\n<meta property=\"og:type\" content=\"article\" \/>\n<meta property=\"og:title\" content=\"Fisioterapia respiratoria - Fisioterapia a domicilio en Madrid\" \/>\n<meta property=\"og:description\" content=\"La fisioterapia respiratoria mejora las capacidades respiratorias aumentando la tolerancia al ejercicio y mejorando la calidad de vida. Todo esto se consigue a trav\u00e9s de t\u00e9cnicas y tratamientos espec\u00edficos que est\u00e1n centrados en eliminar [...]\" \/>\n<meta property=\"og:url\" content=\"https:\/\/www.fisiohogar.com\/madrid\/fisioterapia-respiratoria\/\" \/>\n<meta property=\"og:site_name\" content=\"Fisioterapia a domicilio en Madrid\" \/>\n<meta property=\"og:image\" content=\"http:\/\/www.fisiohogar.com\/madrid-sur\/wp-content\/uploads\/sites\/5\/2015\/06\/fisioterapia-respiratoria.jpg\" \/>\n<meta name=\"twitter:card\" content=\"summary_large_image\" \/>\n<meta name=\"twitter:label1\" content=\"Tiempo de lectura\" \/>\n\t<meta name=\"twitter:data1\" content=\"2 minutos\" \/>\n<script type=\"application\/ld+json\" class=\"yoast-schema-graph\">{\"@context\":\"https:\\\/\\\/schema.org\",\"@graph\":[{\"@type\":\"WebPage\",\"@id\":\"https:\\\/\\\/www.fisiohogar.com\\\/madrid\\\/fisioterapia-respiratoria\\\/\",\"url\":\"https:\\\/\\\/www.fisiohogar.com\\\/madrid\\\/fisioterapia-respiratoria\\\/\",\"name\":\"Fisioterapia respiratoria - Fisioterapia a domicilio en Madrid\",\"isPartOf\":{\"@id\":\"https:\\\/\\\/www.fisiohogar.com\\\/madrid\\\/#website\"},\"primaryImageOfPage\":{\"@id\":\"https:\\\/\\\/www.fisiohogar.com\\\/madrid\\\/fisioterapia-respiratoria\\\/#primaryimage\"},\"image\":{\"@id\":\"https:\\\/\\\/www.fisiohogar.com\\\/madrid\\\/fisioterapia-respiratoria\\\/#primaryimage\"},\"thumbnailUrl\":\"http:\\\/\\\/www.fisiohogar.com\\\/madrid-sur\\\/wp-content\\\/uploads\\\/sites\\\/5\\\/2015\\\/06\\\/fisioterapia-respiratoria.jpg\",\"datePublished\":\"2015-06-10T09:30:16+00:00\",\"breadcrumb\":{\"@id\":\"https:\\\/\\\/www.fisiohogar.com\\\/madrid\\\/fisioterapia-respiratoria\\\/#breadcrumb\"},\"inLanguage\":\"es\",\"potentialAction\":[{\"@type\":\"ReadAction\",\"target\":[\"https:\\\/\\\/www.fisiohogar.com\\\/madrid\\\/fisioterapia-respiratoria\\\/\"]}]},{\"@type\":\"ImageObject\",\"inLanguage\":\"es\",\"@id\":\"https:\\\/\\\/www.fisiohogar.com\\\/madrid\\\/fisioterapia-respiratoria\\\/#primaryimage\",\"url\":\"http:\\\/\\\/www.fisiohogar.com\\\/madrid-sur\\\/wp-content\\\/uploads\\\/sites\\\/5\\\/2015\\\/06\\\/fisioterapia-respiratoria.jpg\",\"contentUrl\":\"http:\\\/\\\/www.fisiohogar.com\\\/madrid-sur\\\/wp-content\\\/uploads\\\/sites\\\/5\\\/2015\\\/06\\\/fisioterapia-respiratoria.jpg\"},{\"@type\":\"BreadcrumbList\",\"@id\":\"https:\\\/\\\/www.fisiohogar.com\\\/madrid\\\/fisioterapia-respiratoria\\\/#breadcrumb\",\"itemListElement\":[{\"@type\":\"ListItem\",\"position\":1,\"name\":\"Portada\",\"item\":\"https:\\\/\\\/www.fisiohogar.com\\\/madrid\\\/\"},{\"@type\":\"ListItem\",\"position\":2,\"name\":\"Fisioterapia respiratoria\"}]},{\"@type\":\"WebSite\",\"@id\":\"https:\\\/\\\/www.fisiohogar.com\\\/madrid\\\/#website\",\"url\":\"https:\\\/\\\/www.fisiohogar.com\\\/madrid\\\/\",\"name\":\"Fisioterapia a domicilio en Madrid\",\"description\":\"Fisioterapia a domicilio en Madrid\",\"potentialAction\":[{\"@type\":\"SearchAction\",\"target\":{\"@type\":\"EntryPoint\",\"urlTemplate\":\"https:\\\/\\\/www.fisiohogar.com\\\/madrid\\\/?s={search_term_string}\"},\"query-input\":{\"@type\":\"PropertyValueSpecification\",\"valueRequired\":true,\"valueName\":\"search_term_string\"}}],\"inLanguage\":\"es\"}]}<\/script>\n<!-- \/ Yoast SEO plugin. -->","yoast_head_json":{"title":"Fisioterapia respiratoria - Fisioterapia a domicilio en Madrid","robots":{"index":"index","follow":"follow","max-snippet":"max-snippet:-1","max-image-preview":"max-image-preview:large","max-video-preview":"max-video-preview:-1"},"canonical":"https:\/\/www.fisiohogar.com\/madrid\/fisioterapia-respiratoria\/","og_locale":"es_ES","og_type":"article","og_title":"Fisioterapia respiratoria - Fisioterapia a domicilio en Madrid","og_description":"La fisioterapia respiratoria mejora las capacidades respiratorias aumentando la tolerancia al ejercicio y mejorando la calidad de vida. Todo esto se consigue a trav\u00e9s de t\u00e9cnicas y tratamientos espec\u00edficos que est\u00e1n centrados en eliminar [...]","og_url":"https:\/\/www.fisiohogar.com\/madrid\/fisioterapia-respiratoria\/","og_site_name":"Fisioterapia a domicilio en Madrid","og_image":[{"url":"http:\/\/www.fisiohogar.com\/madrid-sur\/wp-content\/uploads\/sites\/5\/2015\/06\/fisioterapia-respiratoria.jpg","type":"","width":"","height":""}],"twitter_card":"summary_large_image","twitter_misc":{"Tiempo de lectura":"2 minutos"},"schema":{"@context":"https:\/\/schema.org","@graph":[{"@type":"WebPage","@id":"https:\/\/www.fisiohogar.com\/madrid\/fisioterapia-respiratoria\/","url":"https:\/\/www.fisiohogar.com\/madrid\/fisioterapia-respiratoria\/","name":"Fisioterapia respiratoria - Fisioterapia a domicilio en Madrid","isPartOf":{"@id":"https:\/\/www.fisiohogar.com\/madrid\/#website"},"primaryImageOfPage":{"@id":"https:\/\/www.fisiohogar.com\/madrid\/fisioterapia-respiratoria\/#primaryimage"},"image":{"@id":"https:\/\/www.fisiohogar.com\/madrid\/fisioterapia-respiratoria\/#primaryimage"},"thumbnailUrl":"http:\/\/www.fisiohogar.com\/madrid-sur\/wp-content\/uploads\/sites\/5\/2015\/06\/fisioterapia-respiratoria.jpg","datePublished":"2015-06-10T09:30:16+00:00","breadcrumb":{"@id":"https:\/\/www.fisiohogar.com\/madrid\/fisioterapia-respiratoria\/#breadcrumb"},"inLanguage":"es","potentialAction":[{"@type":"ReadAction","target":["https:\/\/www.fisiohogar.com\/madrid\/fisioterapia-respiratoria\/"]}]},{"@type":"ImageObject","inLanguage":"es","@id":"https:\/\/www.fisiohogar.com\/madrid\/fisioterapia-respiratoria\/#primaryimage","url":"http:\/\/www.fisiohogar.com\/madrid-sur\/wp-content\/uploads\/sites\/5\/2015\/06\/fisioterapia-respiratoria.jpg","contentUrl":"http:\/\/www.fisiohogar.com\/madrid-sur\/wp-content\/uploads\/sites\/5\/2015\/06\/fisioterapia-respiratoria.jpg"},{"@type":"BreadcrumbList","@id":"https:\/\/www.fisiohogar.com\/madrid\/fisioterapia-respiratoria\/#breadcrumb","itemListElement":[{"@type":"ListItem","position":1,"name":"Portada","item":"https:\/\/www.fisiohogar.com\/madrid\/"},{"@type":"ListItem","position":2,"name":"Fisioterapia respiratoria"}]},{"@type":"WebSite","@id":"https:\/\/www.fisiohogar.com\/madrid\/#website","url":"https:\/\/www.fisiohogar.com\/madrid\/","name":"Fisioterapia a domicilio en Madrid","description":"Fisioterapia a domicilio en Madrid","potentialAction":[{"@type":"SearchAction","target":{"@type":"EntryPoint","urlTemplate":"https:\/\/www.fisiohogar.com\/madrid\/?s={search_term_string}"},"query-input":{"@type":"PropertyValueSpecification","valueRequired":true,"valueName":"search_term_string"}}],"inLanguage":"es"}]}},"_links":{"self":[{"href":"https:\/\/www.fisiohogar.com\/madrid\/wp-json\/wp\/v2\/pages\/57","targetHints":{"allow":["GET"]}}],"collection":[{"href":"https:\/\/www.fisiohogar.com\/madrid\/wp-json\/wp\/v2\/pages"}],"about":[{"href":"https:\/\/www.fisiohogar.com\/madrid\/wp-json\/wp\/v2\/types\/page"}],"author":[{"embeddable":true,"href":"https:\/\/www.fisiohogar.com\/madrid\/wp-json\/wp\/v2\/users\/1"}],"replies":[{"embeddable":true,"href":"https:\/\/www.fisiohogar.com\/madrid\/wp-json\/wp\/v2\/comments?post=57"}],"version-history":[{"count":0,"href":"https:\/\/www.fisiohogar.com\/madrid\/wp-json\/wp\/v2\/pages\/57\/revisions"}],"wp:attachment":[{"href":"https:\/\/www.fisiohogar.com\/madrid\/wp-json\/wp\/v2\/media?parent=57"}],"curies":[{"name":"wp","href":"https:\/\/api.w.org\/{rel}","templated":true}]}}