{"id":32,"date":"2015-06-10T09:22:02","date_gmt":"2015-06-10T09:22:02","guid":{"rendered":"http:\/\/www.fisiohogar.com\/madrid-sur\/?page_id=32"},"modified":"2015-06-10T09:22:02","modified_gmt":"2015-06-10T09:22:02","slug":"fisioterapia-en-trastornos-neurologicos","status":"publish","type":"page","link":"https:\/\/www.fisiohogar.com\/madrid\/fisioterapia-en-trastornos-neurologicos\/","title":{"rendered":"Fisioterapia en trastornos neurol\u00f3gicos"},"content":{"rendered":"<p style=\"text-align: justify\">La atenci\u00f3n fisioterap\u00e9utica en trastornos neurol\u00f3gicos es una de las especialidades m\u00e1s demandadas. El servicio de atenci\u00f3n a domicilio de Fisiohogar Madrid sur permite a los pacientes y familiares recibir la mejor atenci\u00f3n sin tener que sufrir los inconvenientes de los traslados.<\/p>\n<p style=\"text-align: justify\"><strong>Patolog\u00edas<\/strong><\/p>\n<p style=\"text-align: justify\">Dentro de la fisioterapia neurol\u00f3gica los campos de actuaci\u00f3n y las patolog\u00edas son muy numerosas. Encontramos entre otras la esclerosis m\u00faltiple, el Parkinson, las hemiplejias, la recuperaci\u00f3n de Ictus, lesiones medulares, la par\u00e1lisis cerebral infantil, traumatismos craneoencef\u00e1licos, ataxias o esclerosis lateral amiotr\u00f3fica (ELA).<\/p>\n<p style=\"text-align: justify\">Asimismo tambi\u00e9n se engloban en este apartado las enfermedades neuromusculares (Duchene, Steinert, Charcont Marie Tooth, distrofia muscular de cinturas), estado vegetativo o trastornos del sistema nervioso asociados a la edad.<\/p>\n<p style=\"text-align: justify\"><strong>T\u00e9cnicas<\/strong><\/p>\n<p style=\"text-align: justify\">Nuestra meta es conseguir que el paciente con alg\u00fan tipo de estas patolog\u00edas tenga la mejor calidad de vida posible y que su grado de autonom\u00eda e independencia sea el mayor dentro de sus limitaciones. En esta tarea nosotros ponemos todo nuestro empe\u00f1o y capacitaci\u00f3n, pero tambi\u00e9n necesitamos la implicaci\u00f3n de los pacientes y de su entorno m\u00e1s cercano para continuar con las pautas establecidas m\u00e1s all\u00e1 de las sesiones con nuestros fisioterapeutas.<\/p>\n<p style=\"text-align: justify\"><img decoding=\"async\" class=\"aligncenter size-full wp-image-322\" src=\"http:\/\/www.fisiohogar.com\/madrid\/wp-content\/uploads\/sites\/5\/2015\/06\/especialidades-neurologicas.jpg\" alt=\"especialidades-neurologicas\" width=\"690\" height=\"406\" \/><\/p>\n<p style=\"text-align: justify\">Con este trabajo continuo y conjunto se utilizan distintas t\u00e9cnicas para ayudar a nuestros pacientes a recuperar funciones perdidas, mantener las adquiridas y ralentizar el avance de ciertas patolog\u00edas.<\/p>\n<p style=\"text-align: justify\">Los profesionales que componen el equipo de fisioterapeutas de Madrid sur est\u00e1n especializados en el uso de las t\u00e9cnicas como Bobath, neurodin\u00e1mica, kabat, ejercicios de propiocepci\u00f3n, vojta, Perfetti, movilizaciones activas y pasivas o estiramientos. T\u00e9cnicas que se aplican siguiendo una cuidada pauta y desarrolladas bajo un plan de tratamiento de forma secuencial.<\/p>\n<p style=\"text-align: justify\"><strong>Filosof\u00eda de trabajo<\/strong><\/p>\n<p style=\"text-align: justify\">El primer paso para trabajar con pacientes con alg\u00fan tipo de problema neurol\u00f3gico es realizar a domicilio una valoraci\u00f3n sin ning\u00fan tipo de compromiso. En esta entrevista conocemos al paciente, su historial, su entorno familiar y podemos realizar un planteamiento de tratamiento adecuado a sus necesidades que contemple sesiones semanales.<\/p>\n<p style=\"text-align: justify\"><strong><a href=\"http:\/\/www.fisiohogar.com\/madrid-sur\/contacto\/\">Contacta con nosotros<\/a><\/strong><\/p>\n<p style=\"text-align: justify\">Si desea ampliar la informaci\u00f3n, no dude en contactar con nosotros. Acudiremos a su hogar y podremos explicarle nuestra propuesta de tratamiento a medida.<\/p>\n","protected":false},"excerpt":{"rendered":"<p>La atenci\u00f3n fisioterap\u00e9utica en trastornos neurol\u00f3gicos es una de las especialidades m\u00e1s demandadas. El servicio de atenci\u00f3n a domicilio de Fisiohogar Madrid sur permite a los pacientes y familiares recibir la mejor atenci\u00f3n sin  [&#8230;]<\/p>\n","protected":false},"author":1,"featured_media":0,"parent":0,"menu_order":0,"comment_status":"closed","ping_status":"closed","template":"template-full.php","meta":{"_joinchat":[],"footnotes":""},"class_list":["post-32","page","type-page","status-publish","hentry"],"yoast_head":"<!-- This site is optimized with the Yoast SEO plugin v27.4 - https:\/\/yoast.com\/product\/yoast-seo-wordpress\/ -->\n<title>Fisioterapia en trastornos neurol\u00f3gicos - Fisioterapia a domicilio en Madrid<\/title>\n<meta name=\"robots\" content=\"index, follow, max-snippet:-1, max-image-preview:large, max-video-preview:-1\" \/>\n<link rel=\"canonical\" href=\"https:\/\/www.fisiohogar.com\/madrid\/fisioterapia-en-trastornos-neurologicos\/\" \/>\n<meta property=\"og:locale\" content=\"es_ES\" \/>\n<meta property=\"og:type\" content=\"article\" \/>\n<meta property=\"og:title\" content=\"Fisioterapia en trastornos neurol\u00f3gicos - Fisioterapia a domicilio en Madrid\" \/>\n<meta property=\"og:description\" content=\"La atenci\u00f3n fisioterap\u00e9utica en trastornos neurol\u00f3gicos es una de las especialidades m\u00e1s demandadas. El servicio de atenci\u00f3n a domicilio de Fisiohogar Madrid sur permite a los pacientes y familiares recibir la mejor atenci\u00f3n sin [...]\" \/>\n<meta property=\"og:url\" content=\"https:\/\/www.fisiohogar.com\/madrid\/fisioterapia-en-trastornos-neurologicos\/\" \/>\n<meta property=\"og:site_name\" content=\"Fisioterapia a domicilio en Madrid\" \/>\n<meta property=\"og:image\" content=\"http:\/\/www.fisiohogar.com\/madrid\/wp-content\/uploads\/sites\/5\/2015\/06\/especialidades-neurologicas.jpg\" \/>\n<meta name=\"twitter:card\" content=\"summary_large_image\" \/>\n<meta name=\"twitter:label1\" content=\"Tiempo de lectura\" \/>\n\t<meta name=\"twitter:data1\" content=\"2 minutos\" \/>\n<script type=\"application\/ld+json\" class=\"yoast-schema-graph\">{\"@context\":\"https:\\\/\\\/schema.org\",\"@graph\":[{\"@type\":\"WebPage\",\"@id\":\"https:\\\/\\\/www.fisiohogar.com\\\/madrid\\\/fisioterapia-en-trastornos-neurologicos\\\/\",\"url\":\"https:\\\/\\\/www.fisiohogar.com\\\/madrid\\\/fisioterapia-en-trastornos-neurologicos\\\/\",\"name\":\"Fisioterapia en trastornos neurol\u00f3gicos - Fisioterapia a domicilio en Madrid\",\"isPartOf\":{\"@id\":\"https:\\\/\\\/www.fisiohogar.com\\\/madrid\\\/#website\"},\"primaryImageOfPage\":{\"@id\":\"https:\\\/\\\/www.fisiohogar.com\\\/madrid\\\/fisioterapia-en-trastornos-neurologicos\\\/#primaryimage\"},\"image\":{\"@id\":\"https:\\\/\\\/www.fisiohogar.com\\\/madrid\\\/fisioterapia-en-trastornos-neurologicos\\\/#primaryimage\"},\"thumbnailUrl\":\"http:\\\/\\\/www.fisiohogar.com\\\/madrid\\\/wp-content\\\/uploads\\\/sites\\\/5\\\/2015\\\/06\\\/especialidades-neurologicas.jpg\",\"datePublished\":\"2015-06-10T09:22:02+00:00\",\"breadcrumb\":{\"@id\":\"https:\\\/\\\/www.fisiohogar.com\\\/madrid\\\/fisioterapia-en-trastornos-neurologicos\\\/#breadcrumb\"},\"inLanguage\":\"es\",\"potentialAction\":[{\"@type\":\"ReadAction\",\"target\":[\"https:\\\/\\\/www.fisiohogar.com\\\/madrid\\\/fisioterapia-en-trastornos-neurologicos\\\/\"]}]},{\"@type\":\"ImageObject\",\"inLanguage\":\"es\",\"@id\":\"https:\\\/\\\/www.fisiohogar.com\\\/madrid\\\/fisioterapia-en-trastornos-neurologicos\\\/#primaryimage\",\"url\":\"http:\\\/\\\/www.fisiohogar.com\\\/madrid\\\/wp-content\\\/uploads\\\/sites\\\/5\\\/2015\\\/06\\\/especialidades-neurologicas.jpg\",\"contentUrl\":\"http:\\\/\\\/www.fisiohogar.com\\\/madrid\\\/wp-content\\\/uploads\\\/sites\\\/5\\\/2015\\\/06\\\/especialidades-neurologicas.jpg\"},{\"@type\":\"BreadcrumbList\",\"@id\":\"https:\\\/\\\/www.fisiohogar.com\\\/madrid\\\/fisioterapia-en-trastornos-neurologicos\\\/#breadcrumb\",\"itemListElement\":[{\"@type\":\"ListItem\",\"position\":1,\"name\":\"Portada\",\"item\":\"https:\\\/\\\/www.fisiohogar.com\\\/madrid\\\/\"},{\"@type\":\"ListItem\",\"position\":2,\"name\":\"Fisioterapia en trastornos neurol\u00f3gicos\"}]},{\"@type\":\"WebSite\",\"@id\":\"https:\\\/\\\/www.fisiohogar.com\\\/madrid\\\/#website\",\"url\":\"https:\\\/\\\/www.fisiohogar.com\\\/madrid\\\/\",\"name\":\"Fisioterapia a domicilio en Madrid\",\"description\":\"Fisioterapia a domicilio en Madrid\",\"potentialAction\":[{\"@type\":\"SearchAction\",\"target\":{\"@type\":\"EntryPoint\",\"urlTemplate\":\"https:\\\/\\\/www.fisiohogar.com\\\/madrid\\\/?s={search_term_string}\"},\"query-input\":{\"@type\":\"PropertyValueSpecification\",\"valueRequired\":true,\"valueName\":\"search_term_string\"}}],\"inLanguage\":\"es\"}]}<\/script>\n<!-- \/ Yoast SEO plugin. -->","yoast_head_json":{"title":"Fisioterapia en trastornos neurol\u00f3gicos - Fisioterapia a domicilio en Madrid","robots":{"index":"index","follow":"follow","max-snippet":"max-snippet:-1","max-image-preview":"max-image-preview:large","max-video-preview":"max-video-preview:-1"},"canonical":"https:\/\/www.fisiohogar.com\/madrid\/fisioterapia-en-trastornos-neurologicos\/","og_locale":"es_ES","og_type":"article","og_title":"Fisioterapia en trastornos neurol\u00f3gicos - Fisioterapia a domicilio en Madrid","og_description":"La atenci\u00f3n fisioterap\u00e9utica en trastornos neurol\u00f3gicos es una de las especialidades m\u00e1s demandadas. El servicio de atenci\u00f3n a domicilio de Fisiohogar Madrid sur permite a los pacientes y familiares recibir la mejor atenci\u00f3n sin [...]","og_url":"https:\/\/www.fisiohogar.com\/madrid\/fisioterapia-en-trastornos-neurologicos\/","og_site_name":"Fisioterapia a domicilio en Madrid","og_image":[{"url":"http:\/\/www.fisiohogar.com\/madrid\/wp-content\/uploads\/sites\/5\/2015\/06\/especialidades-neurologicas.jpg","type":"","width":"","height":""}],"twitter_card":"summary_large_image","twitter_misc":{"Tiempo de lectura":"2 minutos"},"schema":{"@context":"https:\/\/schema.org","@graph":[{"@type":"WebPage","@id":"https:\/\/www.fisiohogar.com\/madrid\/fisioterapia-en-trastornos-neurologicos\/","url":"https:\/\/www.fisiohogar.com\/madrid\/fisioterapia-en-trastornos-neurologicos\/","name":"Fisioterapia en trastornos neurol\u00f3gicos - Fisioterapia a domicilio en Madrid","isPartOf":{"@id":"https:\/\/www.fisiohogar.com\/madrid\/#website"},"primaryImageOfPage":{"@id":"https:\/\/www.fisiohogar.com\/madrid\/fisioterapia-en-trastornos-neurologicos\/#primaryimage"},"image":{"@id":"https:\/\/www.fisiohogar.com\/madrid\/fisioterapia-en-trastornos-neurologicos\/#primaryimage"},"thumbnailUrl":"http:\/\/www.fisiohogar.com\/madrid\/wp-content\/uploads\/sites\/5\/2015\/06\/especialidades-neurologicas.jpg","datePublished":"2015-06-10T09:22:02+00:00","breadcrumb":{"@id":"https:\/\/www.fisiohogar.com\/madrid\/fisioterapia-en-trastornos-neurologicos\/#breadcrumb"},"inLanguage":"es","potentialAction":[{"@type":"ReadAction","target":["https:\/\/www.fisiohogar.com\/madrid\/fisioterapia-en-trastornos-neurologicos\/"]}]},{"@type":"ImageObject","inLanguage":"es","@id":"https:\/\/www.fisiohogar.com\/madrid\/fisioterapia-en-trastornos-neurologicos\/#primaryimage","url":"http:\/\/www.fisiohogar.com\/madrid\/wp-content\/uploads\/sites\/5\/2015\/06\/especialidades-neurologicas.jpg","contentUrl":"http:\/\/www.fisiohogar.com\/madrid\/wp-content\/uploads\/sites\/5\/2015\/06\/especialidades-neurologicas.jpg"},{"@type":"BreadcrumbList","@id":"https:\/\/www.fisiohogar.com\/madrid\/fisioterapia-en-trastornos-neurologicos\/#breadcrumb","itemListElement":[{"@type":"ListItem","position":1,"name":"Portada","item":"https:\/\/www.fisiohogar.com\/madrid\/"},{"@type":"ListItem","position":2,"name":"Fisioterapia en trastornos neurol\u00f3gicos"}]},{"@type":"WebSite","@id":"https:\/\/www.fisiohogar.com\/madrid\/#website","url":"https:\/\/www.fisiohogar.com\/madrid\/","name":"Fisioterapia a domicilio en Madrid","description":"Fisioterapia a domicilio en Madrid","potentialAction":[{"@type":"SearchAction","target":{"@type":"EntryPoint","urlTemplate":"https:\/\/www.fisiohogar.com\/madrid\/?s={search_term_string}"},"query-input":{"@type":"PropertyValueSpecification","valueRequired":true,"valueName":"search_term_string"}}],"inLanguage":"es"}]}},"_links":{"self":[{"href":"https:\/\/www.fisiohogar.com\/madrid\/wp-json\/wp\/v2\/pages\/32","targetHints":{"allow":["GET"]}}],"collection":[{"href":"https:\/\/www.fisiohogar.com\/madrid\/wp-json\/wp\/v2\/pages"}],"about":[{"href":"https:\/\/www.fisiohogar.com\/madrid\/wp-json\/wp\/v2\/types\/page"}],"author":[{"embeddable":true,"href":"https:\/\/www.fisiohogar.com\/madrid\/wp-json\/wp\/v2\/users\/1"}],"replies":[{"embeddable":true,"href":"https:\/\/www.fisiohogar.com\/madrid\/wp-json\/wp\/v2\/comments?post=32"}],"version-history":[{"count":0,"href":"https:\/\/www.fisiohogar.com\/madrid\/wp-json\/wp\/v2\/pages\/32\/revisions"}],"wp:attachment":[{"href":"https:\/\/www.fisiohogar.com\/madrid\/wp-json\/wp\/v2\/media?parent=32"}],"curies":[{"name":"wp","href":"https:\/\/api.w.org\/{rel}","templated":true}]}}