{"id":30,"date":"2015-06-10T09:21:26","date_gmt":"2015-06-10T09:21:26","guid":{"rendered":"http:\/\/www.fisiohogar.com\/madrid-sur\/?page_id=30"},"modified":"2015-06-10T09:21:26","modified_gmt":"2015-06-10T09:21:26","slug":"fisioterapia-en-empresas-de-madrid-sur","status":"publish","type":"page","link":"https:\/\/www.fisiohogar.com\/madrid\/fisioterapia-en-empresas-de-madrid-sur\/","title":{"rendered":"Fisioterapia en empresas de Madrid sur"},"content":{"rendered":"<p style=\"text-align: justify\">\n<p style=\"text-align: justify\">Los servicios de <strong>fisioterapia en empresas<\/strong> son actualmente una de las modalidades m\u00e1s demandadas. Hace muchos a\u00f1os en Fisiohogar comprendimos que proporcionar este servicio era\u00a0muy importante y por eso adaptamos nuestra forma de trabajar para atender dicha\u00a0necesidad.\u00a0Hay que tener en cuenta que la fisioterapia es una herramienta muy efectiva para mejorar el ambiente laboral, reducir el n\u00famero de bajas por lesiones musculo-esquel\u00e9ticas y que contribuye de manera directa en la imagen positiva de la empresa entre los trabajadores y los clientes.<\/p>\n<p style=\"text-align: justify\">Con el objetivo de ofrecer el mejor servicio a las empresas de Madrid sur, comenzamos por realizar <strong>un estudio sobre el tipo de trabajo que se realiza en la compa\u00f1\u00eda y elaboramos un listado con las acciones m\u00e1s adecuadas<\/strong> para prevenir lesiones en el \u00e1mbito de trabajo. La elaboraci\u00f3n de este estudio no compromete a la contrataci\u00f3n del servicio de fisioterapia.<\/p>\n<p style=\"text-align: justify\"><img decoding=\"async\" class=\"aligncenter size-full wp-image-122\" src=\"http:\/\/www.fisiohogar.com\/madrid-sur\/wp-content\/uploads\/sites\/5\/2015\/06\/fisioterapia-para-empresas.jpg\" alt=\"fisioterapia-para-empresas\" width=\"850\" height=\"592\" \/><\/p>\n<p style=\"text-align: justify\">Respecto a los servicios, las opciones son muchas. Se puede organizar la implantaci\u00f3n de un servicio de fisioterapia en las instalaciones de la empresa o se puede acordar un programa\u00a0de atenci\u00f3n fisioterap\u00e9utica a domicilio bonificado.<\/p>\n<p style=\"text-align: justify\">Gracias a los acuerdos de colaboraci\u00f3n, Fisiohogar extiende sus servicios a empresas a todo el \u00e1mbito nacional con la mejor relaci\u00f3n calidad precio para empleados y familiares.<\/p>\n<p style=\"text-align: justify\">Dentro de los servicios a empresas tambi\u00e9n existe la posibilidad de acordar la planificaci\u00f3n y<strong> realizaci\u00f3n\u00a0de seminarios te\u00f3rico-pr\u00e1cticos o talleres destinados a reducir las lesiones musculares y a prevenir el absentismo laboral.<\/strong> Todas estas actividades est\u00e1n personalizadas y adaptadas a las necesidades concretas de cada organizaci\u00f3n.<\/p>\n<p style=\"text-align: justify\">Si deseas un plan fisioterap\u00e9utico a medida para tu empresa, contacta con nosotros y uno de nuestros expertos se desplazar\u00e1 a tu compa\u00f1\u00eda para recoger informaci\u00f3n acerca de vuestras necesidades y las caracter\u00edsticas de la compa\u00f1\u00eda.<\/p>\n<p>&nbsp;<\/p>\n","protected":false},"excerpt":{"rendered":"<p>Los servicios de fisioterapia en empresas son actualmente una de las modalidades m\u00e1s demandadas. Hace muchos a\u00f1os en Fisiohogar comprendimos que proporcionar este servicio era\u00a0muy importante y por eso adaptamos nuestra forma de trabajar  [&#8230;]<\/p>\n","protected":false},"author":1,"featured_media":0,"parent":0,"menu_order":0,"comment_status":"closed","ping_status":"closed","template":"template-full.php","meta":{"_joinchat":[],"footnotes":""},"class_list":["post-30","page","type-page","status-publish","hentry"],"yoast_head":"<!-- This site is optimized with the Yoast SEO plugin v27.4 - https:\/\/yoast.com\/product\/yoast-seo-wordpress\/ -->\n<title>Fisioterapia en empresas de Madrid sur - Fisioterapia a domicilio en Madrid<\/title>\n<meta name=\"robots\" content=\"index, follow, max-snippet:-1, max-image-preview:large, max-video-preview:-1\" \/>\n<link rel=\"canonical\" href=\"https:\/\/www.fisiohogar.com\/madrid\/fisioterapia-en-empresas-de-madrid-sur\/\" \/>\n<meta property=\"og:locale\" content=\"es_ES\" \/>\n<meta property=\"og:type\" content=\"article\" \/>\n<meta property=\"og:title\" content=\"Fisioterapia en empresas de Madrid sur - Fisioterapia a domicilio en Madrid\" \/>\n<meta property=\"og:description\" content=\"Los servicios de fisioterapia en empresas son actualmente una de las modalidades m\u00e1s demandadas. Hace muchos a\u00f1os en Fisiohogar comprendimos que proporcionar este servicio era\u00a0muy importante y por eso adaptamos nuestra forma de trabajar [...]\" \/>\n<meta property=\"og:url\" content=\"https:\/\/www.fisiohogar.com\/madrid\/fisioterapia-en-empresas-de-madrid-sur\/\" \/>\n<meta property=\"og:site_name\" content=\"Fisioterapia a domicilio en Madrid\" \/>\n<meta property=\"og:image\" content=\"http:\/\/www.fisiohogar.com\/madrid-sur\/wp-content\/uploads\/sites\/5\/2015\/06\/fisioterapia-para-empresas.jpg\" \/>\n<meta name=\"twitter:card\" content=\"summary_large_image\" \/>\n<meta name=\"twitter:label1\" content=\"Tiempo de lectura\" \/>\n\t<meta name=\"twitter:data1\" content=\"2 minutos\" \/>\n<script type=\"application\/ld+json\" class=\"yoast-schema-graph\">{\"@context\":\"https:\\\/\\\/schema.org\",\"@graph\":[{\"@type\":\"WebPage\",\"@id\":\"https:\\\/\\\/www.fisiohogar.com\\\/madrid\\\/fisioterapia-en-empresas-de-madrid-sur\\\/\",\"url\":\"https:\\\/\\\/www.fisiohogar.com\\\/madrid\\\/fisioterapia-en-empresas-de-madrid-sur\\\/\",\"name\":\"Fisioterapia en empresas de Madrid sur - Fisioterapia a domicilio en Madrid\",\"isPartOf\":{\"@id\":\"https:\\\/\\\/www.fisiohogar.com\\\/madrid\\\/#website\"},\"primaryImageOfPage\":{\"@id\":\"https:\\\/\\\/www.fisiohogar.com\\\/madrid\\\/fisioterapia-en-empresas-de-madrid-sur\\\/#primaryimage\"},\"image\":{\"@id\":\"https:\\\/\\\/www.fisiohogar.com\\\/madrid\\\/fisioterapia-en-empresas-de-madrid-sur\\\/#primaryimage\"},\"thumbnailUrl\":\"http:\\\/\\\/www.fisiohogar.com\\\/madrid-sur\\\/wp-content\\\/uploads\\\/sites\\\/5\\\/2015\\\/06\\\/fisioterapia-para-empresas.jpg\",\"datePublished\":\"2015-06-10T09:21:26+00:00\",\"breadcrumb\":{\"@id\":\"https:\\\/\\\/www.fisiohogar.com\\\/madrid\\\/fisioterapia-en-empresas-de-madrid-sur\\\/#breadcrumb\"},\"inLanguage\":\"es\",\"potentialAction\":[{\"@type\":\"ReadAction\",\"target\":[\"https:\\\/\\\/www.fisiohogar.com\\\/madrid\\\/fisioterapia-en-empresas-de-madrid-sur\\\/\"]}]},{\"@type\":\"ImageObject\",\"inLanguage\":\"es\",\"@id\":\"https:\\\/\\\/www.fisiohogar.com\\\/madrid\\\/fisioterapia-en-empresas-de-madrid-sur\\\/#primaryimage\",\"url\":\"http:\\\/\\\/www.fisiohogar.com\\\/madrid-sur\\\/wp-content\\\/uploads\\\/sites\\\/5\\\/2015\\\/06\\\/fisioterapia-para-empresas.jpg\",\"contentUrl\":\"http:\\\/\\\/www.fisiohogar.com\\\/madrid-sur\\\/wp-content\\\/uploads\\\/sites\\\/5\\\/2015\\\/06\\\/fisioterapia-para-empresas.jpg\"},{\"@type\":\"BreadcrumbList\",\"@id\":\"https:\\\/\\\/www.fisiohogar.com\\\/madrid\\\/fisioterapia-en-empresas-de-madrid-sur\\\/#breadcrumb\",\"itemListElement\":[{\"@type\":\"ListItem\",\"position\":1,\"name\":\"Portada\",\"item\":\"https:\\\/\\\/www.fisiohogar.com\\\/madrid\\\/\"},{\"@type\":\"ListItem\",\"position\":2,\"name\":\"Fisioterapia en empresas de Madrid sur\"}]},{\"@type\":\"WebSite\",\"@id\":\"https:\\\/\\\/www.fisiohogar.com\\\/madrid\\\/#website\",\"url\":\"https:\\\/\\\/www.fisiohogar.com\\\/madrid\\\/\",\"name\":\"Fisioterapia a domicilio en Madrid\",\"description\":\"Fisioterapia a domicilio en Madrid\",\"potentialAction\":[{\"@type\":\"SearchAction\",\"target\":{\"@type\":\"EntryPoint\",\"urlTemplate\":\"https:\\\/\\\/www.fisiohogar.com\\\/madrid\\\/?s={search_term_string}\"},\"query-input\":{\"@type\":\"PropertyValueSpecification\",\"valueRequired\":true,\"valueName\":\"search_term_string\"}}],\"inLanguage\":\"es\"}]}<\/script>\n<!-- \/ Yoast SEO plugin. -->","yoast_head_json":{"title":"Fisioterapia en empresas de Madrid sur - Fisioterapia a domicilio en Madrid","robots":{"index":"index","follow":"follow","max-snippet":"max-snippet:-1","max-image-preview":"max-image-preview:large","max-video-preview":"max-video-preview:-1"},"canonical":"https:\/\/www.fisiohogar.com\/madrid\/fisioterapia-en-empresas-de-madrid-sur\/","og_locale":"es_ES","og_type":"article","og_title":"Fisioterapia en empresas de Madrid sur - Fisioterapia a domicilio en Madrid","og_description":"Los servicios de fisioterapia en empresas son actualmente una de las modalidades m\u00e1s demandadas. Hace muchos a\u00f1os en Fisiohogar comprendimos que proporcionar este servicio era\u00a0muy importante y por eso adaptamos nuestra forma de trabajar [...]","og_url":"https:\/\/www.fisiohogar.com\/madrid\/fisioterapia-en-empresas-de-madrid-sur\/","og_site_name":"Fisioterapia a domicilio en Madrid","og_image":[{"url":"http:\/\/www.fisiohogar.com\/madrid-sur\/wp-content\/uploads\/sites\/5\/2015\/06\/fisioterapia-para-empresas.jpg","type":"","width":"","height":""}],"twitter_card":"summary_large_image","twitter_misc":{"Tiempo de lectura":"2 minutos"},"schema":{"@context":"https:\/\/schema.org","@graph":[{"@type":"WebPage","@id":"https:\/\/www.fisiohogar.com\/madrid\/fisioterapia-en-empresas-de-madrid-sur\/","url":"https:\/\/www.fisiohogar.com\/madrid\/fisioterapia-en-empresas-de-madrid-sur\/","name":"Fisioterapia en empresas de Madrid sur - Fisioterapia a domicilio en Madrid","isPartOf":{"@id":"https:\/\/www.fisiohogar.com\/madrid\/#website"},"primaryImageOfPage":{"@id":"https:\/\/www.fisiohogar.com\/madrid\/fisioterapia-en-empresas-de-madrid-sur\/#primaryimage"},"image":{"@id":"https:\/\/www.fisiohogar.com\/madrid\/fisioterapia-en-empresas-de-madrid-sur\/#primaryimage"},"thumbnailUrl":"http:\/\/www.fisiohogar.com\/madrid-sur\/wp-content\/uploads\/sites\/5\/2015\/06\/fisioterapia-para-empresas.jpg","datePublished":"2015-06-10T09:21:26+00:00","breadcrumb":{"@id":"https:\/\/www.fisiohogar.com\/madrid\/fisioterapia-en-empresas-de-madrid-sur\/#breadcrumb"},"inLanguage":"es","potentialAction":[{"@type":"ReadAction","target":["https:\/\/www.fisiohogar.com\/madrid\/fisioterapia-en-empresas-de-madrid-sur\/"]}]},{"@type":"ImageObject","inLanguage":"es","@id":"https:\/\/www.fisiohogar.com\/madrid\/fisioterapia-en-empresas-de-madrid-sur\/#primaryimage","url":"http:\/\/www.fisiohogar.com\/madrid-sur\/wp-content\/uploads\/sites\/5\/2015\/06\/fisioterapia-para-empresas.jpg","contentUrl":"http:\/\/www.fisiohogar.com\/madrid-sur\/wp-content\/uploads\/sites\/5\/2015\/06\/fisioterapia-para-empresas.jpg"},{"@type":"BreadcrumbList","@id":"https:\/\/www.fisiohogar.com\/madrid\/fisioterapia-en-empresas-de-madrid-sur\/#breadcrumb","itemListElement":[{"@type":"ListItem","position":1,"name":"Portada","item":"https:\/\/www.fisiohogar.com\/madrid\/"},{"@type":"ListItem","position":2,"name":"Fisioterapia en empresas de Madrid sur"}]},{"@type":"WebSite","@id":"https:\/\/www.fisiohogar.com\/madrid\/#website","url":"https:\/\/www.fisiohogar.com\/madrid\/","name":"Fisioterapia a domicilio en Madrid","description":"Fisioterapia a domicilio en Madrid","potentialAction":[{"@type":"SearchAction","target":{"@type":"EntryPoint","urlTemplate":"https:\/\/www.fisiohogar.com\/madrid\/?s={search_term_string}"},"query-input":{"@type":"PropertyValueSpecification","valueRequired":true,"valueName":"search_term_string"}}],"inLanguage":"es"}]}},"_links":{"self":[{"href":"https:\/\/www.fisiohogar.com\/madrid\/wp-json\/wp\/v2\/pages\/30","targetHints":{"allow":["GET"]}}],"collection":[{"href":"https:\/\/www.fisiohogar.com\/madrid\/wp-json\/wp\/v2\/pages"}],"about":[{"href":"https:\/\/www.fisiohogar.com\/madrid\/wp-json\/wp\/v2\/types\/page"}],"author":[{"embeddable":true,"href":"https:\/\/www.fisiohogar.com\/madrid\/wp-json\/wp\/v2\/users\/1"}],"replies":[{"embeddable":true,"href":"https:\/\/www.fisiohogar.com\/madrid\/wp-json\/wp\/v2\/comments?post=30"}],"version-history":[{"count":0,"href":"https:\/\/www.fisiohogar.com\/madrid\/wp-json\/wp\/v2\/pages\/30\/revisions"}],"wp:attachment":[{"href":"https:\/\/www.fisiohogar.com\/madrid\/wp-json\/wp\/v2\/media?parent=30"}],"curies":[{"name":"wp","href":"https:\/\/api.w.org\/{rel}","templated":true}]}}