{"id":28,"date":"2015-06-10T09:21:04","date_gmt":"2015-06-10T09:21:04","guid":{"rendered":"http:\/\/www.fisiohogar.com\/madrid-sur\/?page_id=28"},"modified":"2015-06-10T09:21:04","modified_gmt":"2015-06-10T09:21:04","slug":"fisioterapia-deportiva","status":"publish","type":"page","link":"https:\/\/www.fisiohogar.com\/madrid\/fisioterapia-deportiva\/","title":{"rendered":"Fisioterapia deportiva"},"content":{"rendered":"<p style=\"text-align: justify\">Uno de los servicios fisioterap\u00e9uticos m\u00e1s demandados es la atenci\u00f3n deportiva. En Fisiohogar Madrid sur nuestros equipos cuentan con amplia y avalada experiencia en este campo, tanto para tratar a deportistas profesionales como a los ocasionales.<\/p>\n<p style=\"text-align: justify\"><strong>Patolog\u00edas<\/strong><\/p>\n<p style=\"text-align: justify\">Dentro del \u00e1mbito deportivo las principales dolencias y patolog\u00edas que encontramos son esguince de tobillo o de rodilla, sobrecargas, contracturas, roturas de ligamientos y meniscos, osteopat\u00edas de pubis, el s\u00edndrome de la cintilla iliotibila (sobrecarga t\u00edpica de los corredores), las temidas triadas o simplemente golpes.<\/p>\n<p style=\"text-align: justify\">A estas lesiones se a\u00f1aden tambi\u00e9n los postoperatorios y recuperaci\u00f3n de una intervenci\u00f3n quir\u00fargica derivada de una lesi\u00f3n deportiva. En cualquiera de estos casos la atenci\u00f3n a domicilio del equipo de fisioterapeutas de Madrid sur resulta c\u00f3moda y efectiva para cuidar y acelerar el proceso de recuperaci\u00f3n.<\/p>\n<p style=\"text-align: justify\"><strong>T\u00e9cnicas<\/strong><\/p>\n<p style=\"text-align: justify\">El objetivo de la fisioterapia deportiva es conseguir una recuperaci\u00f3n r\u00e1pida y efectiva del deportista a la vez que se trabaja en la prevenci\u00f3n de una lesi\u00f3n. Entre las t\u00e9cnicas empleadas destacan los masajes de descarga, descontracturantes pre y post deportivos, las sesiones de estiramientos el trabajo de equilibrio y propiocepci\u00f3n y ejercicios de potenciaci\u00f3n.<\/p>\n<p style=\"text-align: justify\"><img decoding=\"async\" class=\"aligncenter size-full wp-image-192\" src=\"http:\/\/www.fisiohogar.com\/madrid-sur\/wp-content\/uploads\/sites\/5\/2015\/06\/fisioterapia-deportistas.jpg\" alt=\"fisioterapia-deportistas\" width=\"850\" height=\"567\" \/><\/p>\n<p style=\"text-align: justify\">Como cada caso es \u00fanico, las t\u00e9cnicas se adaptan y var\u00edan seg\u00fan las necesidades concretas del deportista y dependiendo del momento se pueden incluir t\u00e9cnicas como la kinesiotape, los vendajes funcionales o los masajes manuales.<\/p>\n<p style=\"text-align: justify\"><strong>Filosof\u00eda de trabajo<\/strong><\/p>\n<p style=\"text-align: justify\">Los fisioterapeutas de Fisiohogar Madrid sur queremos conseguir que nuestros pacientes se reincorporen a la actividad deportiva de m\u00e1xima exigencia lo antes posible. Nuestro objetivo no es solo mitigar el dolor, sino acompa\u00f1ar al deportista hasta su pr\u00e1ctica deportiva y conseguir que tenga el potencial que ten\u00eda antes de la lesi\u00f3n.<\/p>\n<p style=\"text-align: justify\">Nuestra implicaci\u00f3n con el mundo deportivo nos lleva a atender en eventos deportivos colaborando con aquellas organizaciones que necesiten fisioterapeutas colegiados y con avalada experiencia en el sector.<\/p>\n<p style=\"text-align: justify\"><strong><a href=\"http:\/\/www.fisiohogar.com\/madrid-sur\/contacto\/\">Contacta con nosotros<\/a><\/strong><\/p>\n<p style=\"text-align: justify\">No dudes en ponerte en contacto con nosotros si eres deportista y has sufrido alg\u00fan tipo de lesi\u00f3n o simplemente quieres prevenir la aparici\u00f3n de alguna dolencia. Nuestro equipo de profesionales se desplaza a tu domicilio para elaborar un posible tratamiento para tu caso.<\/p>\n<p style=\"text-align: justify\">Si organizas eventos deportivos y necesitas ayuda especializada, p\u00eddenos un presupuesto y estudiaremos tu caso para encontrar la mejor soluci\u00f3n.<\/p>\n","protected":false},"excerpt":{"rendered":"<p>Uno de los servicios fisioterap\u00e9uticos m\u00e1s demandados es la atenci\u00f3n deportiva. En Fisiohogar Madrid sur nuestros equipos cuentan con amplia y avalada experiencia en este campo, tanto para tratar a deportistas profesionales como a  [&#8230;]<\/p>\n","protected":false},"author":1,"featured_media":0,"parent":0,"menu_order":0,"comment_status":"closed","ping_status":"closed","template":"template-full.php","meta":{"_joinchat":[],"footnotes":""},"class_list":["post-28","page","type-page","status-publish","hentry"],"yoast_head":"<!-- This site is optimized with the Yoast SEO plugin v27.3 - https:\/\/yoast.com\/product\/yoast-seo-wordpress\/ -->\n<title>Fisioterapia deportiva - Fisioterapia a domicilio en Madrid<\/title>\n<meta name=\"robots\" content=\"index, follow, max-snippet:-1, max-image-preview:large, max-video-preview:-1\" \/>\n<link rel=\"canonical\" href=\"https:\/\/www.fisiohogar.com\/madrid\/fisioterapia-deportiva\/\" \/>\n<meta property=\"og:locale\" content=\"es_ES\" \/>\n<meta property=\"og:type\" content=\"article\" \/>\n<meta property=\"og:title\" content=\"Fisioterapia deportiva - Fisioterapia a domicilio en Madrid\" \/>\n<meta property=\"og:description\" content=\"Uno de los servicios fisioterap\u00e9uticos m\u00e1s demandados es la atenci\u00f3n deportiva. En Fisiohogar Madrid sur nuestros equipos cuentan con amplia y avalada experiencia en este campo, tanto para tratar a deportistas profesionales como a [...]\" \/>\n<meta property=\"og:url\" content=\"https:\/\/www.fisiohogar.com\/madrid\/fisioterapia-deportiva\/\" \/>\n<meta property=\"og:site_name\" content=\"Fisioterapia a domicilio en Madrid\" \/>\n<meta property=\"og:image\" content=\"http:\/\/www.fisiohogar.com\/madrid-sur\/wp-content\/uploads\/sites\/5\/2015\/06\/fisioterapia-deportistas.jpg\" \/>\n<meta name=\"twitter:card\" content=\"summary_large_image\" \/>\n<meta name=\"twitter:label1\" content=\"Tiempo de lectura\" \/>\n\t<meta name=\"twitter:data1\" content=\"2 minutos\" \/>\n<script type=\"application\/ld+json\" class=\"yoast-schema-graph\">{\"@context\":\"https:\\\/\\\/schema.org\",\"@graph\":[{\"@type\":\"WebPage\",\"@id\":\"https:\\\/\\\/www.fisiohogar.com\\\/madrid\\\/fisioterapia-deportiva\\\/\",\"url\":\"https:\\\/\\\/www.fisiohogar.com\\\/madrid\\\/fisioterapia-deportiva\\\/\",\"name\":\"Fisioterapia deportiva - Fisioterapia a domicilio en Madrid\",\"isPartOf\":{\"@id\":\"https:\\\/\\\/www.fisiohogar.com\\\/madrid\\\/#website\"},\"primaryImageOfPage\":{\"@id\":\"https:\\\/\\\/www.fisiohogar.com\\\/madrid\\\/fisioterapia-deportiva\\\/#primaryimage\"},\"image\":{\"@id\":\"https:\\\/\\\/www.fisiohogar.com\\\/madrid\\\/fisioterapia-deportiva\\\/#primaryimage\"},\"thumbnailUrl\":\"http:\\\/\\\/www.fisiohogar.com\\\/madrid-sur\\\/wp-content\\\/uploads\\\/sites\\\/5\\\/2015\\\/06\\\/fisioterapia-deportistas.jpg\",\"datePublished\":\"2015-06-10T09:21:04+00:00\",\"breadcrumb\":{\"@id\":\"https:\\\/\\\/www.fisiohogar.com\\\/madrid\\\/fisioterapia-deportiva\\\/#breadcrumb\"},\"inLanguage\":\"es\",\"potentialAction\":[{\"@type\":\"ReadAction\",\"target\":[\"https:\\\/\\\/www.fisiohogar.com\\\/madrid\\\/fisioterapia-deportiva\\\/\"]}]},{\"@type\":\"ImageObject\",\"inLanguage\":\"es\",\"@id\":\"https:\\\/\\\/www.fisiohogar.com\\\/madrid\\\/fisioterapia-deportiva\\\/#primaryimage\",\"url\":\"http:\\\/\\\/www.fisiohogar.com\\\/madrid-sur\\\/wp-content\\\/uploads\\\/sites\\\/5\\\/2015\\\/06\\\/fisioterapia-deportistas.jpg\",\"contentUrl\":\"http:\\\/\\\/www.fisiohogar.com\\\/madrid-sur\\\/wp-content\\\/uploads\\\/sites\\\/5\\\/2015\\\/06\\\/fisioterapia-deportistas.jpg\"},{\"@type\":\"BreadcrumbList\",\"@id\":\"https:\\\/\\\/www.fisiohogar.com\\\/madrid\\\/fisioterapia-deportiva\\\/#breadcrumb\",\"itemListElement\":[{\"@type\":\"ListItem\",\"position\":1,\"name\":\"Portada\",\"item\":\"https:\\\/\\\/www.fisiohogar.com\\\/madrid\\\/\"},{\"@type\":\"ListItem\",\"position\":2,\"name\":\"Fisioterapia deportiva\"}]},{\"@type\":\"WebSite\",\"@id\":\"https:\\\/\\\/www.fisiohogar.com\\\/madrid\\\/#website\",\"url\":\"https:\\\/\\\/www.fisiohogar.com\\\/madrid\\\/\",\"name\":\"Fisioterapia a domicilio en Madrid\",\"description\":\"Fisioterapia a domicilio en Madrid\",\"potentialAction\":[{\"@type\":\"SearchAction\",\"target\":{\"@type\":\"EntryPoint\",\"urlTemplate\":\"https:\\\/\\\/www.fisiohogar.com\\\/madrid\\\/?s={search_term_string}\"},\"query-input\":{\"@type\":\"PropertyValueSpecification\",\"valueRequired\":true,\"valueName\":\"search_term_string\"}}],\"inLanguage\":\"es\"}]}<\/script>\n<!-- \/ Yoast SEO plugin. -->","yoast_head_json":{"title":"Fisioterapia deportiva - Fisioterapia a domicilio en Madrid","robots":{"index":"index","follow":"follow","max-snippet":"max-snippet:-1","max-image-preview":"max-image-preview:large","max-video-preview":"max-video-preview:-1"},"canonical":"https:\/\/www.fisiohogar.com\/madrid\/fisioterapia-deportiva\/","og_locale":"es_ES","og_type":"article","og_title":"Fisioterapia deportiva - Fisioterapia a domicilio en Madrid","og_description":"Uno de los servicios fisioterap\u00e9uticos m\u00e1s demandados es la atenci\u00f3n deportiva. En Fisiohogar Madrid sur nuestros equipos cuentan con amplia y avalada experiencia en este campo, tanto para tratar a deportistas profesionales como a [...]","og_url":"https:\/\/www.fisiohogar.com\/madrid\/fisioterapia-deportiva\/","og_site_name":"Fisioterapia a domicilio en Madrid","og_image":[{"url":"http:\/\/www.fisiohogar.com\/madrid-sur\/wp-content\/uploads\/sites\/5\/2015\/06\/fisioterapia-deportistas.jpg","type":"","width":"","height":""}],"twitter_card":"summary_large_image","twitter_misc":{"Tiempo de lectura":"2 minutos"},"schema":{"@context":"https:\/\/schema.org","@graph":[{"@type":"WebPage","@id":"https:\/\/www.fisiohogar.com\/madrid\/fisioterapia-deportiva\/","url":"https:\/\/www.fisiohogar.com\/madrid\/fisioterapia-deportiva\/","name":"Fisioterapia deportiva - Fisioterapia a domicilio en Madrid","isPartOf":{"@id":"https:\/\/www.fisiohogar.com\/madrid\/#website"},"primaryImageOfPage":{"@id":"https:\/\/www.fisiohogar.com\/madrid\/fisioterapia-deportiva\/#primaryimage"},"image":{"@id":"https:\/\/www.fisiohogar.com\/madrid\/fisioterapia-deportiva\/#primaryimage"},"thumbnailUrl":"http:\/\/www.fisiohogar.com\/madrid-sur\/wp-content\/uploads\/sites\/5\/2015\/06\/fisioterapia-deportistas.jpg","datePublished":"2015-06-10T09:21:04+00:00","breadcrumb":{"@id":"https:\/\/www.fisiohogar.com\/madrid\/fisioterapia-deportiva\/#breadcrumb"},"inLanguage":"es","potentialAction":[{"@type":"ReadAction","target":["https:\/\/www.fisiohogar.com\/madrid\/fisioterapia-deportiva\/"]}]},{"@type":"ImageObject","inLanguage":"es","@id":"https:\/\/www.fisiohogar.com\/madrid\/fisioterapia-deportiva\/#primaryimage","url":"http:\/\/www.fisiohogar.com\/madrid-sur\/wp-content\/uploads\/sites\/5\/2015\/06\/fisioterapia-deportistas.jpg","contentUrl":"http:\/\/www.fisiohogar.com\/madrid-sur\/wp-content\/uploads\/sites\/5\/2015\/06\/fisioterapia-deportistas.jpg"},{"@type":"BreadcrumbList","@id":"https:\/\/www.fisiohogar.com\/madrid\/fisioterapia-deportiva\/#breadcrumb","itemListElement":[{"@type":"ListItem","position":1,"name":"Portada","item":"https:\/\/www.fisiohogar.com\/madrid\/"},{"@type":"ListItem","position":2,"name":"Fisioterapia deportiva"}]},{"@type":"WebSite","@id":"https:\/\/www.fisiohogar.com\/madrid\/#website","url":"https:\/\/www.fisiohogar.com\/madrid\/","name":"Fisioterapia a domicilio en Madrid","description":"Fisioterapia a domicilio en Madrid","potentialAction":[{"@type":"SearchAction","target":{"@type":"EntryPoint","urlTemplate":"https:\/\/www.fisiohogar.com\/madrid\/?s={search_term_string}"},"query-input":{"@type":"PropertyValueSpecification","valueRequired":true,"valueName":"search_term_string"}}],"inLanguage":"es"}]}},"_links":{"self":[{"href":"https:\/\/www.fisiohogar.com\/madrid\/wp-json\/wp\/v2\/pages\/28","targetHints":{"allow":["GET"]}}],"collection":[{"href":"https:\/\/www.fisiohogar.com\/madrid\/wp-json\/wp\/v2\/pages"}],"about":[{"href":"https:\/\/www.fisiohogar.com\/madrid\/wp-json\/wp\/v2\/types\/page"}],"author":[{"embeddable":true,"href":"https:\/\/www.fisiohogar.com\/madrid\/wp-json\/wp\/v2\/users\/1"}],"replies":[{"embeddable":true,"href":"https:\/\/www.fisiohogar.com\/madrid\/wp-json\/wp\/v2\/comments?post=28"}],"version-history":[{"count":0,"href":"https:\/\/www.fisiohogar.com\/madrid\/wp-json\/wp\/v2\/pages\/28\/revisions"}],"wp:attachment":[{"href":"https:\/\/www.fisiohogar.com\/madrid\/wp-json\/wp\/v2\/media?parent=28"}],"curies":[{"name":"wp","href":"https:\/\/api.w.org\/{rel}","templated":true}]}}