{"id":22,"date":"2015-06-10T09:19:38","date_gmt":"2015-06-10T09:19:38","guid":{"rendered":"http:\/\/www.fisiohogar.com\/madrid-sur\/?page_id=22"},"modified":"2015-06-10T09:19:38","modified_gmt":"2015-06-10T09:19:38","slug":"dolor-articular-y-muscular","status":"publish","type":"page","link":"https:\/\/www.fisiohogar.com\/madrid\/dolor-articular-y-muscular\/","title":{"rendered":"Dolor articular y muscular"},"content":{"rendered":"<p style=\"text-align: justify\">Uno de los campos de actuaci\u00f3n m\u00e1s importantes y conocidos de la fisioterapia es el asociado a los dolores articulares y musculares. En este \u00e1mbito podemos intervenir en los procesos de enfermedades que provocan dolores y afectan a la movilidad del paciente. Nuestra labor es disminuir los dolores, tratar de recuperar el buen estado y evitar el avance o la aparici\u00f3n de nuevas dolencias o incapacidades funcionales.<\/p>\n<p style=\"text-align: justify\"><strong>Patolog\u00edas<\/strong><\/p>\n<p style=\"text-align: justify\">Entre el conjunto de patolog\u00edas que trata el equipo de fisioterapeutas a domicilio de Madrid sur se encuentran las intervenciones quir\u00fargicas para la colocaci\u00f3n de pr\u00f3tesis o las cirug\u00edas del manguito rotador. Asimismo, tambi\u00e9n se atienden las patolog\u00edas derivadas de dolencias musculoesquel\u00e9ticas, tendinitis, contracturas, lumbalgias y todas las asociadas al envejecimiento como pueden ser la artrosis y la artritis.<\/p>\n<p style=\"text-align: justify\">Sabemos que los traslados en cualquiera de estos casos plantean importantes problemas, por eso, nuestros fisioterapeutas se desplazan a su domicilio con todo lo necesario para tratarle de la manera m\u00e1s profesional y c\u00f3moda para usted.<\/p>\n<p style=\"text-align: justify\"><strong>T\u00e9cnicas\u00a0<\/strong><\/p>\n<p style=\"text-align: justify\">Para trabajar estas patolog\u00edas, la t\u00e9cnica m\u00e1s habitual que emplean nuestros fisioterapeutas es la manual. As\u00ed se aplican t\u00e9cnicas como el masaje, la osteopat\u00eda, las movilizaciones activas o pasivas y otras t\u00e9cnicas con materiales espec\u00edficos como vendajes funcionales y el kinesiotape.<\/p>\n<p style=\"text-align: justify\"><img decoding=\"async\" class=\"aligncenter size-full wp-image-195\" src=\"http:\/\/www.fisiohogar.com\/madrid-sur\/wp-content\/uploads\/sites\/5\/2015\/06\/fisioterapia-dolor.jpg\" alt=\"fisioterapia-dolor\" width=\"850\" height=\"567\" \/><\/p>\n<p style=\"text-align: justify\">En los procesos de rehabilitaci\u00f3n el fisioterapeuta se convierte en un facilitador, en una persona que controla y le acompa\u00f1a en la realizaci\u00f3n de los ejercicios diarios.<\/p>\n<p style=\"text-align: justify\">Para que la recuperaci\u00f3n de las cirug\u00edas sea lo mejor posible se trabaja en coordinaci\u00f3n con los equipos m\u00e9dicos para marcar los tiempos de actuaci\u00f3n m\u00e1s adecuados. Adem\u00e1s, en el caso de pacientes de la tercera edad es fundamental mejorar la actividad f\u00edsica y tratar de motivarles al m\u00e1ximo para que participen de manera activa en su recuperaci\u00f3n.<\/p>\n<p style=\"text-align: justify\"><strong>Filosof\u00eda de trabajo<\/strong><\/p>\n<p style=\"text-align: justify\">El objetivo de nuestro trabajo diario es paliar el dolor que las distintas patolog\u00edas ocasiona a nuestros pacientes, para ello el equipo de fisioterapeutas de Fisiohogar Madrid sur pone todos los medios para la promoci\u00f3n de la salud activa, la divulgaci\u00f3n de la salud y la creaci\u00f3n y difusi\u00f3n de materiales explicativos con los que los pacientes puedan mejorar su grado de bienestar.<\/p>\n<p style=\"text-align: justify\">En el caso de las dolencias articulares y musculares provocadas por el estr\u00e9s o por lesiones de otro tipo, nuestra filosof\u00eda de trabajo es realizar un seguimiento continuado del paciente realizando comprobaciones y chequeando los resultados, para tratar de obtener los mejores resultados.<\/p>\n<p style=\"text-align: justify\">Con el colectivo de personas mayores que suelen necesitar un tratamiento prolongado, realizamos una valoraci\u00f3n general y gratuita en la que se especifican los tratamientos que habr\u00eda que llevar a cabo.<\/p>\n<p style=\"text-align: justify\"><strong><a href=\"http:\/\/www.fisiohogar.com\/madrid-sur\/contacto\/\">Contacta con nosotros<\/a><\/strong><\/p>\n<p style=\"text-align: justify\">Nuestros equipos de fisioterapeutas de Madrid sur se desplazar\u00e1n a tu domicilio para analizar tu caso y plantearte un programa adecuado a tus necesidades. Contacta con nosotros sin ning\u00fan compromiso.<\/p>\n","protected":false},"excerpt":{"rendered":"<p>Uno de los campos de actuaci\u00f3n m\u00e1s importantes y conocidos de la fisioterapia es el asociado a los dolores articulares y musculares. En este \u00e1mbito podemos intervenir en los procesos de enfermedades que provocan  [&#8230;]<\/p>\n","protected":false},"author":1,"featured_media":0,"parent":0,"menu_order":0,"comment_status":"closed","ping_status":"closed","template":"template-full.php","meta":{"_joinchat":[],"footnotes":""},"class_list":["post-22","page","type-page","status-publish","hentry"],"yoast_head":"<!-- This site is optimized with the Yoast SEO plugin v27.5 - https:\/\/yoast.com\/product\/yoast-seo-wordpress\/ -->\n<title>Dolor articular y muscular - Fisioterapia a domicilio en Madrid<\/title>\n<meta name=\"robots\" content=\"index, follow, max-snippet:-1, max-image-preview:large, max-video-preview:-1\" \/>\n<link rel=\"canonical\" href=\"https:\/\/www.fisiohogar.com\/madrid\/dolor-articular-y-muscular\/\" \/>\n<meta property=\"og:locale\" content=\"es_ES\" \/>\n<meta property=\"og:type\" content=\"article\" \/>\n<meta property=\"og:title\" content=\"Dolor articular y muscular - Fisioterapia a domicilio en Madrid\" \/>\n<meta property=\"og:description\" content=\"Uno de los campos de actuaci\u00f3n m\u00e1s importantes y conocidos de la fisioterapia es el asociado a los dolores articulares y musculares. En este \u00e1mbito podemos intervenir en los procesos de enfermedades que provocan [...]\" \/>\n<meta property=\"og:url\" content=\"https:\/\/www.fisiohogar.com\/madrid\/dolor-articular-y-muscular\/\" \/>\n<meta property=\"og:site_name\" content=\"Fisioterapia a domicilio en Madrid\" \/>\n<meta property=\"og:image\" content=\"http:\/\/www.fisiohogar.com\/madrid-sur\/wp-content\/uploads\/sites\/5\/2015\/06\/fisioterapia-dolor.jpg\" \/>\n<meta name=\"twitter:card\" content=\"summary_large_image\" \/>\n<meta name=\"twitter:label1\" content=\"Tiempo de lectura\" \/>\n\t<meta name=\"twitter:data1\" content=\"3 minutos\" \/>\n<script type=\"application\/ld+json\" class=\"yoast-schema-graph\">{\"@context\":\"https:\\\/\\\/schema.org\",\"@graph\":[{\"@type\":\"WebPage\",\"@id\":\"https:\\\/\\\/www.fisiohogar.com\\\/madrid\\\/dolor-articular-y-muscular\\\/\",\"url\":\"https:\\\/\\\/www.fisiohogar.com\\\/madrid\\\/dolor-articular-y-muscular\\\/\",\"name\":\"Dolor articular y muscular - Fisioterapia a domicilio en Madrid\",\"isPartOf\":{\"@id\":\"https:\\\/\\\/www.fisiohogar.com\\\/madrid\\\/#website\"},\"primaryImageOfPage\":{\"@id\":\"https:\\\/\\\/www.fisiohogar.com\\\/madrid\\\/dolor-articular-y-muscular\\\/#primaryimage\"},\"image\":{\"@id\":\"https:\\\/\\\/www.fisiohogar.com\\\/madrid\\\/dolor-articular-y-muscular\\\/#primaryimage\"},\"thumbnailUrl\":\"http:\\\/\\\/www.fisiohogar.com\\\/madrid-sur\\\/wp-content\\\/uploads\\\/sites\\\/5\\\/2015\\\/06\\\/fisioterapia-dolor.jpg\",\"datePublished\":\"2015-06-10T09:19:38+00:00\",\"breadcrumb\":{\"@id\":\"https:\\\/\\\/www.fisiohogar.com\\\/madrid\\\/dolor-articular-y-muscular\\\/#breadcrumb\"},\"inLanguage\":\"es\",\"potentialAction\":[{\"@type\":\"ReadAction\",\"target\":[\"https:\\\/\\\/www.fisiohogar.com\\\/madrid\\\/dolor-articular-y-muscular\\\/\"]}]},{\"@type\":\"ImageObject\",\"inLanguage\":\"es\",\"@id\":\"https:\\\/\\\/www.fisiohogar.com\\\/madrid\\\/dolor-articular-y-muscular\\\/#primaryimage\",\"url\":\"http:\\\/\\\/www.fisiohogar.com\\\/madrid-sur\\\/wp-content\\\/uploads\\\/sites\\\/5\\\/2015\\\/06\\\/fisioterapia-dolor.jpg\",\"contentUrl\":\"http:\\\/\\\/www.fisiohogar.com\\\/madrid-sur\\\/wp-content\\\/uploads\\\/sites\\\/5\\\/2015\\\/06\\\/fisioterapia-dolor.jpg\"},{\"@type\":\"BreadcrumbList\",\"@id\":\"https:\\\/\\\/www.fisiohogar.com\\\/madrid\\\/dolor-articular-y-muscular\\\/#breadcrumb\",\"itemListElement\":[{\"@type\":\"ListItem\",\"position\":1,\"name\":\"Portada\",\"item\":\"https:\\\/\\\/www.fisiohogar.com\\\/madrid\\\/\"},{\"@type\":\"ListItem\",\"position\":2,\"name\":\"Dolor articular y muscular\"}]},{\"@type\":\"WebSite\",\"@id\":\"https:\\\/\\\/www.fisiohogar.com\\\/madrid\\\/#website\",\"url\":\"https:\\\/\\\/www.fisiohogar.com\\\/madrid\\\/\",\"name\":\"Fisioterapia a domicilio en Madrid\",\"description\":\"Fisioterapia a domicilio en Madrid\",\"potentialAction\":[{\"@type\":\"SearchAction\",\"target\":{\"@type\":\"EntryPoint\",\"urlTemplate\":\"https:\\\/\\\/www.fisiohogar.com\\\/madrid\\\/?s={search_term_string}\"},\"query-input\":{\"@type\":\"PropertyValueSpecification\",\"valueRequired\":true,\"valueName\":\"search_term_string\"}}],\"inLanguage\":\"es\"}]}<\/script>\n<!-- \/ Yoast SEO plugin. -->","yoast_head_json":{"title":"Dolor articular y muscular - Fisioterapia a domicilio en Madrid","robots":{"index":"index","follow":"follow","max-snippet":"max-snippet:-1","max-image-preview":"max-image-preview:large","max-video-preview":"max-video-preview:-1"},"canonical":"https:\/\/www.fisiohogar.com\/madrid\/dolor-articular-y-muscular\/","og_locale":"es_ES","og_type":"article","og_title":"Dolor articular y muscular - Fisioterapia a domicilio en Madrid","og_description":"Uno de los campos de actuaci\u00f3n m\u00e1s importantes y conocidos de la fisioterapia es el asociado a los dolores articulares y musculares. En este \u00e1mbito podemos intervenir en los procesos de enfermedades que provocan [...]","og_url":"https:\/\/www.fisiohogar.com\/madrid\/dolor-articular-y-muscular\/","og_site_name":"Fisioterapia a domicilio en Madrid","og_image":[{"url":"http:\/\/www.fisiohogar.com\/madrid-sur\/wp-content\/uploads\/sites\/5\/2015\/06\/fisioterapia-dolor.jpg","type":"","width":"","height":""}],"twitter_card":"summary_large_image","twitter_misc":{"Tiempo de lectura":"3 minutos"},"schema":{"@context":"https:\/\/schema.org","@graph":[{"@type":"WebPage","@id":"https:\/\/www.fisiohogar.com\/madrid\/dolor-articular-y-muscular\/","url":"https:\/\/www.fisiohogar.com\/madrid\/dolor-articular-y-muscular\/","name":"Dolor articular y muscular - Fisioterapia a domicilio en Madrid","isPartOf":{"@id":"https:\/\/www.fisiohogar.com\/madrid\/#website"},"primaryImageOfPage":{"@id":"https:\/\/www.fisiohogar.com\/madrid\/dolor-articular-y-muscular\/#primaryimage"},"image":{"@id":"https:\/\/www.fisiohogar.com\/madrid\/dolor-articular-y-muscular\/#primaryimage"},"thumbnailUrl":"http:\/\/www.fisiohogar.com\/madrid-sur\/wp-content\/uploads\/sites\/5\/2015\/06\/fisioterapia-dolor.jpg","datePublished":"2015-06-10T09:19:38+00:00","breadcrumb":{"@id":"https:\/\/www.fisiohogar.com\/madrid\/dolor-articular-y-muscular\/#breadcrumb"},"inLanguage":"es","potentialAction":[{"@type":"ReadAction","target":["https:\/\/www.fisiohogar.com\/madrid\/dolor-articular-y-muscular\/"]}]},{"@type":"ImageObject","inLanguage":"es","@id":"https:\/\/www.fisiohogar.com\/madrid\/dolor-articular-y-muscular\/#primaryimage","url":"http:\/\/www.fisiohogar.com\/madrid-sur\/wp-content\/uploads\/sites\/5\/2015\/06\/fisioterapia-dolor.jpg","contentUrl":"http:\/\/www.fisiohogar.com\/madrid-sur\/wp-content\/uploads\/sites\/5\/2015\/06\/fisioterapia-dolor.jpg"},{"@type":"BreadcrumbList","@id":"https:\/\/www.fisiohogar.com\/madrid\/dolor-articular-y-muscular\/#breadcrumb","itemListElement":[{"@type":"ListItem","position":1,"name":"Portada","item":"https:\/\/www.fisiohogar.com\/madrid\/"},{"@type":"ListItem","position":2,"name":"Dolor articular y muscular"}]},{"@type":"WebSite","@id":"https:\/\/www.fisiohogar.com\/madrid\/#website","url":"https:\/\/www.fisiohogar.com\/madrid\/","name":"Fisioterapia a domicilio en Madrid","description":"Fisioterapia a domicilio en Madrid","potentialAction":[{"@type":"SearchAction","target":{"@type":"EntryPoint","urlTemplate":"https:\/\/www.fisiohogar.com\/madrid\/?s={search_term_string}"},"query-input":{"@type":"PropertyValueSpecification","valueRequired":true,"valueName":"search_term_string"}}],"inLanguage":"es"}]}},"_links":{"self":[{"href":"https:\/\/www.fisiohogar.com\/madrid\/wp-json\/wp\/v2\/pages\/22","targetHints":{"allow":["GET"]}}],"collection":[{"href":"https:\/\/www.fisiohogar.com\/madrid\/wp-json\/wp\/v2\/pages"}],"about":[{"href":"https:\/\/www.fisiohogar.com\/madrid\/wp-json\/wp\/v2\/types\/page"}],"author":[{"embeddable":true,"href":"https:\/\/www.fisiohogar.com\/madrid\/wp-json\/wp\/v2\/users\/1"}],"replies":[{"embeddable":true,"href":"https:\/\/www.fisiohogar.com\/madrid\/wp-json\/wp\/v2\/comments?post=22"}],"version-history":[{"count":0,"href":"https:\/\/www.fisiohogar.com\/madrid\/wp-json\/wp\/v2\/pages\/22\/revisions"}],"wp:attachment":[{"href":"https:\/\/www.fisiohogar.com\/madrid\/wp-json\/wp\/v2\/media?parent=22"}],"curies":[{"name":"wp","href":"https:\/\/api.w.org\/{rel}","templated":true}]}}