{"id":14,"date":"2015-06-10T08:44:22","date_gmt":"2015-06-10T08:44:22","guid":{"rendered":"http:\/\/www.fisiohogar.com\/madrid-sur\/?page_id=14"},"modified":"2015-08-24T10:12:33","modified_gmt":"2015-08-24T10:12:33","slug":"atencion-a-la-tercera-edad","status":"publish","type":"page","link":"https:\/\/www.fisiohogar.com\/madrid\/atencion-a-la-tercera-edad\/","title":{"rendered":"Atenci\u00f3n a la tercera edad"},"content":{"rendered":"<p style=\"text-align: justify;\">La debilidad muscular, los problemas de estabilidad,\u00a0la lentitud de movimientos y, en general, la aparici\u00f3n de molestias son cambios naturales que se presentan al avanzar la edad. Sin embargo, ante estos signos de envejecimiento no hay que resignarse sin m\u00e1s. Actualmente la fisioterapia centrada en la atenci\u00f3n a la tercera edad consigue importantes resultados en el tratamiento de los distintos problemas y en el mantenimiento general de las personas mayores.<\/p>\n<p style=\"text-align: justify;\"><img decoding=\"async\" class=\"aligncenter size-full wp-image-197\" src=\"http:\/\/www.fisiohogar.com\/madrid\/wp-content\/uploads\/sites\/5\/2015\/06\/fisioterapia-ancianos-e1434543011633.jpg\" alt=\"fisioterapia-ancianos\" width=\"849\" height=\"648\" \/><\/p>\n<p style=\"text-align: justify;\">Con este objetivo, el equipo de fisioterapeutas profesionales de Madrid sur atiende a domicilio a este colectivo. El primer paso es realizar una valoraci\u00f3n individual y gratuita de cada caso; detectar sus necesidades concretas y, tras hablar con el paciente y sus familiares, establecer\u00a0un programa fisioterap\u00e9utico a medida centrado en los principales aspectos a tratar.<\/p>\n<p style=\"text-align: justify;\"><strong>Patolog\u00edas<\/strong><\/p>\n<p style=\"text-align: justify;\">Entre las patolog\u00edas m\u00e1s habituales que se abordan en la atenci\u00f3n a las personas mayores encontramos las siguientes:<\/p>\n<ol style=\"text-align: justify;\">\n<li>Enfermedades neurol\u00f3gicas<\/li>\n<li>Recuperaciones de ca\u00eddas<\/li>\n<li>Rehabilitaci\u00f3n y recuperaci\u00f3n despu\u00e9s de una operaci\u00f3n<\/li>\n<li>Tratamiento de artrosis, hombros congelados y dolores generales<\/li>\n<li>Procesos de enfermedades degenerativas como Alzheimer o Parkinson<\/li>\n<\/ol>\n<p style=\"text-align: justify;\"><strong>T\u00e9cnicas<\/strong><\/p>\n<p style=\"text-align: justify;\">Dependiendo del tipo de patolog\u00eda que presente el paciente y las necesidades concretas de cada caso se emplear\u00e1 un tipo u otro de t\u00e9cnica. En general, la atenci\u00f3n a domicilio en Madrid sur suele implicar movilizaciones pasivas, activas, masoterapia, kabat, electroterapia, termoterapia, ejercicios espec\u00edficos para trabajar la circulaci\u00f3n y la coordinaci\u00f3n.<\/p>\n<p style=\"text-align: justify;\">En todos estos planteamientos la implicaci\u00f3n del paciente y de todo su entorno es fundamental. Con su participaci\u00f3n y una actitud positiva los resultados pueden mejorar de manera notable. Adem\u00e1s, la continua atenci\u00f3n de nuestros fisioterapeutas detectar\u00e1 cualquier problema o nueva necesidad que surja y, si es preciso, se realizar\u00e1n los cambios convenientes para que el tratamiento sea lo m\u00e1s efectivo posible.<\/p>\n<p style=\"text-align: justify;\"><strong>Filosof\u00eda de trabajo<\/strong><\/p>\n<p style=\"text-align: justify;\">Nuestra filosof\u00eda de trabajo se basa en tres conceptos: sencillez, honradez y transparencia. Queremos ofrecer servicios de calidad que mejoren la vida de nuestros pacientes. Somos conscientes de nuestros l\u00edmites y mantenemos siempre una pol\u00edtica de comunicaci\u00f3n inmediata y directa con los pacientes y familiares para que el trato sea el mejor posible.<\/p>\n<p style=\"text-align: justify;\"><strong><a href=\"http:\/\/www.fisiohogar.com\/madrid-sur\/contacto\/\">Contacta con nosotros<\/a><\/strong><\/p>\n<p style=\"text-align: justify;\">No dudes en contactar con nosotros si tienes alg\u00fan tipo de patolog\u00eda asociada a la tercera edad o tienes un familiar que precisa atenci\u00f3n fisioterap\u00e9utica. Nos trasladaremos a tu hogar y realizaremos una primera valoraci\u00f3n sin ning\u00fan compromiso.<\/p>\n","protected":false},"excerpt":{"rendered":"<p>La debilidad muscular, los problemas de estabilidad,\u00a0la lentitud de movimientos y, en general, la aparici\u00f3n de molestias son cambios naturales que se presentan al avanzar la edad. Sin embargo, ante estos signos de envejecimiento  [&#8230;]<\/p>\n","protected":false},"author":1,"featured_media":0,"parent":0,"menu_order":0,"comment_status":"closed","ping_status":"closed","template":"template-full.php","meta":{"_joinchat":[],"footnotes":""},"class_list":["post-14","page","type-page","status-publish","hentry"],"yoast_head":"<!-- This site is optimized with the Yoast SEO plugin v27.4 - https:\/\/yoast.com\/product\/yoast-seo-wordpress\/ -->\n<title>Atenci\u00f3n a la tercera edad - Fisioterapia a domicilio en Madrid<\/title>\n<meta name=\"robots\" content=\"index, follow, max-snippet:-1, max-image-preview:large, max-video-preview:-1\" \/>\n<link rel=\"canonical\" href=\"https:\/\/www.fisiohogar.com\/madrid\/atencion-a-la-tercera-edad\/\" \/>\n<meta property=\"og:locale\" content=\"es_ES\" \/>\n<meta property=\"og:type\" content=\"article\" \/>\n<meta property=\"og:title\" content=\"Atenci\u00f3n a la tercera edad - Fisioterapia a domicilio en Madrid\" \/>\n<meta property=\"og:description\" content=\"La debilidad muscular, los problemas de estabilidad,\u00a0la lentitud de movimientos y, en general, la aparici\u00f3n de molestias son cambios naturales que se presentan al avanzar la edad. Sin embargo, ante estos signos de envejecimiento [...]\" \/>\n<meta property=\"og:url\" content=\"https:\/\/www.fisiohogar.com\/madrid\/atencion-a-la-tercera-edad\/\" \/>\n<meta property=\"og:site_name\" content=\"Fisioterapia a domicilio en Madrid\" \/>\n<meta property=\"article:modified_time\" content=\"2015-08-24T10:12:33+00:00\" \/>\n<meta property=\"og:image\" content=\"http:\/\/www.fisiohogar.com\/madrid\/wp-content\/uploads\/sites\/5\/2015\/06\/fisioterapia-ancianos-e1434543011633.jpg\" \/>\n<meta name=\"twitter:card\" content=\"summary_large_image\" \/>\n<meta name=\"twitter:label1\" content=\"Tiempo de lectura\" \/>\n\t<meta name=\"twitter:data1\" content=\"2 minutos\" \/>\n<script type=\"application\/ld+json\" class=\"yoast-schema-graph\">{\"@context\":\"https:\\\/\\\/schema.org\",\"@graph\":[{\"@type\":\"WebPage\",\"@id\":\"https:\\\/\\\/www.fisiohogar.com\\\/madrid\\\/atencion-a-la-tercera-edad\\\/\",\"url\":\"https:\\\/\\\/www.fisiohogar.com\\\/madrid\\\/atencion-a-la-tercera-edad\\\/\",\"name\":\"Atenci\u00f3n a la tercera edad - Fisioterapia a domicilio en Madrid\",\"isPartOf\":{\"@id\":\"https:\\\/\\\/www.fisiohogar.com\\\/madrid\\\/#website\"},\"primaryImageOfPage\":{\"@id\":\"https:\\\/\\\/www.fisiohogar.com\\\/madrid\\\/atencion-a-la-tercera-edad\\\/#primaryimage\"},\"image\":{\"@id\":\"https:\\\/\\\/www.fisiohogar.com\\\/madrid\\\/atencion-a-la-tercera-edad\\\/#primaryimage\"},\"thumbnailUrl\":\"http:\\\/\\\/www.fisiohogar.com\\\/madrid\\\/wp-content\\\/uploads\\\/sites\\\/5\\\/2015\\\/06\\\/fisioterapia-ancianos-e1434543011633.jpg\",\"datePublished\":\"2015-06-10T08:44:22+00:00\",\"dateModified\":\"2015-08-24T10:12:33+00:00\",\"breadcrumb\":{\"@id\":\"https:\\\/\\\/www.fisiohogar.com\\\/madrid\\\/atencion-a-la-tercera-edad\\\/#breadcrumb\"},\"inLanguage\":\"es\",\"potentialAction\":[{\"@type\":\"ReadAction\",\"target\":[\"https:\\\/\\\/www.fisiohogar.com\\\/madrid\\\/atencion-a-la-tercera-edad\\\/\"]}]},{\"@type\":\"ImageObject\",\"inLanguage\":\"es\",\"@id\":\"https:\\\/\\\/www.fisiohogar.com\\\/madrid\\\/atencion-a-la-tercera-edad\\\/#primaryimage\",\"url\":\"http:\\\/\\\/www.fisiohogar.com\\\/madrid\\\/wp-content\\\/uploads\\\/sites\\\/5\\\/2015\\\/06\\\/fisioterapia-ancianos-e1434543011633.jpg\",\"contentUrl\":\"http:\\\/\\\/www.fisiohogar.com\\\/madrid\\\/wp-content\\\/uploads\\\/sites\\\/5\\\/2015\\\/06\\\/fisioterapia-ancianos-e1434543011633.jpg\"},{\"@type\":\"BreadcrumbList\",\"@id\":\"https:\\\/\\\/www.fisiohogar.com\\\/madrid\\\/atencion-a-la-tercera-edad\\\/#breadcrumb\",\"itemListElement\":[{\"@type\":\"ListItem\",\"position\":1,\"name\":\"Portada\",\"item\":\"https:\\\/\\\/www.fisiohogar.com\\\/madrid\\\/\"},{\"@type\":\"ListItem\",\"position\":2,\"name\":\"Atenci\u00f3n a la tercera edad\"}]},{\"@type\":\"WebSite\",\"@id\":\"https:\\\/\\\/www.fisiohogar.com\\\/madrid\\\/#website\",\"url\":\"https:\\\/\\\/www.fisiohogar.com\\\/madrid\\\/\",\"name\":\"Fisioterapia a domicilio en Madrid\",\"description\":\"Fisioterapia a domicilio en Madrid\",\"potentialAction\":[{\"@type\":\"SearchAction\",\"target\":{\"@type\":\"EntryPoint\",\"urlTemplate\":\"https:\\\/\\\/www.fisiohogar.com\\\/madrid\\\/?s={search_term_string}\"},\"query-input\":{\"@type\":\"PropertyValueSpecification\",\"valueRequired\":true,\"valueName\":\"search_term_string\"}}],\"inLanguage\":\"es\"}]}<\/script>\n<!-- \/ Yoast SEO plugin. -->","yoast_head_json":{"title":"Atenci\u00f3n a la tercera edad - Fisioterapia a domicilio en Madrid","robots":{"index":"index","follow":"follow","max-snippet":"max-snippet:-1","max-image-preview":"max-image-preview:large","max-video-preview":"max-video-preview:-1"},"canonical":"https:\/\/www.fisiohogar.com\/madrid\/atencion-a-la-tercera-edad\/","og_locale":"es_ES","og_type":"article","og_title":"Atenci\u00f3n a la tercera edad - Fisioterapia a domicilio en Madrid","og_description":"La debilidad muscular, los problemas de estabilidad,\u00a0la lentitud de movimientos y, en general, la aparici\u00f3n de molestias son cambios naturales que se presentan al avanzar la edad. Sin embargo, ante estos signos de envejecimiento [...]","og_url":"https:\/\/www.fisiohogar.com\/madrid\/atencion-a-la-tercera-edad\/","og_site_name":"Fisioterapia a domicilio en Madrid","article_modified_time":"2015-08-24T10:12:33+00:00","og_image":[{"url":"http:\/\/www.fisiohogar.com\/madrid\/wp-content\/uploads\/sites\/5\/2015\/06\/fisioterapia-ancianos-e1434543011633.jpg","type":"","width":"","height":""}],"twitter_card":"summary_large_image","twitter_misc":{"Tiempo de lectura":"2 minutos"},"schema":{"@context":"https:\/\/schema.org","@graph":[{"@type":"WebPage","@id":"https:\/\/www.fisiohogar.com\/madrid\/atencion-a-la-tercera-edad\/","url":"https:\/\/www.fisiohogar.com\/madrid\/atencion-a-la-tercera-edad\/","name":"Atenci\u00f3n a la tercera edad - Fisioterapia a domicilio en Madrid","isPartOf":{"@id":"https:\/\/www.fisiohogar.com\/madrid\/#website"},"primaryImageOfPage":{"@id":"https:\/\/www.fisiohogar.com\/madrid\/atencion-a-la-tercera-edad\/#primaryimage"},"image":{"@id":"https:\/\/www.fisiohogar.com\/madrid\/atencion-a-la-tercera-edad\/#primaryimage"},"thumbnailUrl":"http:\/\/www.fisiohogar.com\/madrid\/wp-content\/uploads\/sites\/5\/2015\/06\/fisioterapia-ancianos-e1434543011633.jpg","datePublished":"2015-06-10T08:44:22+00:00","dateModified":"2015-08-24T10:12:33+00:00","breadcrumb":{"@id":"https:\/\/www.fisiohogar.com\/madrid\/atencion-a-la-tercera-edad\/#breadcrumb"},"inLanguage":"es","potentialAction":[{"@type":"ReadAction","target":["https:\/\/www.fisiohogar.com\/madrid\/atencion-a-la-tercera-edad\/"]}]},{"@type":"ImageObject","inLanguage":"es","@id":"https:\/\/www.fisiohogar.com\/madrid\/atencion-a-la-tercera-edad\/#primaryimage","url":"http:\/\/www.fisiohogar.com\/madrid\/wp-content\/uploads\/sites\/5\/2015\/06\/fisioterapia-ancianos-e1434543011633.jpg","contentUrl":"http:\/\/www.fisiohogar.com\/madrid\/wp-content\/uploads\/sites\/5\/2015\/06\/fisioterapia-ancianos-e1434543011633.jpg"},{"@type":"BreadcrumbList","@id":"https:\/\/www.fisiohogar.com\/madrid\/atencion-a-la-tercera-edad\/#breadcrumb","itemListElement":[{"@type":"ListItem","position":1,"name":"Portada","item":"https:\/\/www.fisiohogar.com\/madrid\/"},{"@type":"ListItem","position":2,"name":"Atenci\u00f3n a la tercera edad"}]},{"@type":"WebSite","@id":"https:\/\/www.fisiohogar.com\/madrid\/#website","url":"https:\/\/www.fisiohogar.com\/madrid\/","name":"Fisioterapia a domicilio en Madrid","description":"Fisioterapia a domicilio en Madrid","potentialAction":[{"@type":"SearchAction","target":{"@type":"EntryPoint","urlTemplate":"https:\/\/www.fisiohogar.com\/madrid\/?s={search_term_string}"},"query-input":{"@type":"PropertyValueSpecification","valueRequired":true,"valueName":"search_term_string"}}],"inLanguage":"es"}]}},"_links":{"self":[{"href":"https:\/\/www.fisiohogar.com\/madrid\/wp-json\/wp\/v2\/pages\/14","targetHints":{"allow":["GET"]}}],"collection":[{"href":"https:\/\/www.fisiohogar.com\/madrid\/wp-json\/wp\/v2\/pages"}],"about":[{"href":"https:\/\/www.fisiohogar.com\/madrid\/wp-json\/wp\/v2\/types\/page"}],"author":[{"embeddable":true,"href":"https:\/\/www.fisiohogar.com\/madrid\/wp-json\/wp\/v2\/users\/1"}],"replies":[{"embeddable":true,"href":"https:\/\/www.fisiohogar.com\/madrid\/wp-json\/wp\/v2\/comments?post=14"}],"version-history":[{"count":0,"href":"https:\/\/www.fisiohogar.com\/madrid\/wp-json\/wp\/v2\/pages\/14\/revisions"}],"wp:attachment":[{"href":"https:\/\/www.fisiohogar.com\/madrid\/wp-json\/wp\/v2\/media?parent=14"}],"curies":[{"name":"wp","href":"https:\/\/api.w.org\/{rel}","templated":true}]}}