{"id":97,"date":"2016-03-09T11:00:16","date_gmt":"2016-03-09T11:00:16","guid":{"rendered":"http:\/\/www.fisiohogar.com\/ciudad\/?page_id=41"},"modified":"2023-05-31T23:07:15","modified_gmt":"2023-05-31T23:07:15","slug":"fisioterapia-enfermedades-musculares-articulares","status":"publish","type":"page","link":"https:\/\/www.fisiohogar.com\/gijon\/fisioterapia-enfermedades-musculares-articulares\/","title":{"rendered":"Fisioterapia en patolog\u00edas musculares y articulares"},"content":{"rendered":"<p><div class=\"fusion-fullwidth fullwidth-box fusion-builder-row-1 fusion-flex-container nonhundred-percent-fullwidth non-hundred-percent-height-scrolling\" style=\"--awb-border-radius-top-left:0px;--awb-border-radius-top-right:0px;--awb-border-radius-bottom-right:0px;--awb-border-radius-bottom-left:0px;--awb-padding-top:6%;--awb-padding-bottom:60px;--awb-padding-top-medium:52px;--awb-padding-right-medium:0px;--awb-padding-bottom-medium:0px;--awb-padding-left-medium:0px;--awb-padding-top-small:40px;--awb-padding-right-small:0px;--awb-padding-bottom-small:30px;--awb-padding-left-small:0px;--awb-flex-wrap:wrap;\" ><div class=\"fusion-builder-row fusion-row fusion-flex-align-items-flex-start fusion-flex-content-wrap\" style=\"max-width:1248px;margin-left: calc(-4% \/ 2 );margin-right: calc(-4% \/ 2 );\"><div class=\"fusion-layout-column fusion_builder_column fusion-builder-column-0 fusion_builder_column_1_1 1_1 fusion-flex-column\" style=\"--awb-overflow:hidden;--awb-bg-image:linear-gradient(180deg, var(--awb-color1) 7%,var(--awb-color2) 7%);--awb-bg-size:cover;--awb-border-radius:120px 0px 120px 0px;--awb-width-large:100%;--awb-margin-top-large:0px;--awb-spacing-right-large:1.92%;--awb-margin-bottom-large:20px;--awb-spacing-left-large:1.92%;--awb-width-medium:100%;--awb-order-medium:0;--awb-spacing-right-medium:1.92%;--awb-spacing-left-medium:1.92%;--awb-width-small:100%;--awb-order-small:0;--awb-spacing-right-small:1.92%;--awb-spacing-left-small:1.92%;\"><div class=\"fusion-column-wrapper fusion-column-has-shadow fusion-flex-justify-content-flex-start fusion-content-layout-column\"><div class=\"fusion-builder-row fusion-builder-row-inner fusion-row fusion-flex-align-items-flex-start fusion-flex-content-wrap\" style=\"--awb-flex-grow:0;--awb-flex-grow-medium:0;--awb-flex-grow-small:0;--awb-flex-shrink:0;--awb-flex-shrink-medium:0;--awb-flex-shrink-small:0;width:104% !important;max-width:104% !important;margin-left: calc(-4% \/ 2 );margin-right: calc(-4% \/ 2 );\"><div class=\"fusion-layout-column fusion_builder_column_inner fusion-builder-nested-column-0 fusion_builder_column_inner_1_2 1_2 fusion-flex-column fusion-animated\" style=\"--awb-padding-top:160px;--awb-padding-bottom:160px;--awb-padding-top-small:0px;--awb-padding-bottom-small:0px;--awb-overflow:hidden;--awb-bg-image:url(&#039;https:\/\/www.fisiohogar.com\/gijon\/wp-content\/uploads\/sites\/38\/2022\/05\/lesiones.jpg&#039;);--awb-bg-position:center center;--awb-bg-size:cover;--awb-border-radius:120px 0px 120px 0px;--awb-width-large:50%;--awb-margin-top-large:0px;--awb-spacing-right-large:9.6%;--awb-margin-bottom-large:0px;--awb-spacing-left-large:3.84%;--awb-width-medium:50%;--awb-order-medium:0;--awb-spacing-right-medium:7.68%;--awb-spacing-left-medium:3.84%;--awb-width-small:100%;--awb-order-small:0;--awb-spacing-right-small:40px;--awb-spacing-left-small:40px;\" data-animationType=\"fadeInLeft\" data-animationDuration=\"1.6\" data-animationOffset=\"top-into-view\"><div class=\"fusion-column-wrapper fusion-column-has-shadow fusion-flex-justify-content-flex-start fusion-content-layout-column fusion-column-has-bg-image\" data-bg-url=\"https:\/\/www.fisiohogar.com\/gijon\/wp-content\/uploads\/sites\/38\/2022\/05\/lesiones.jpg\"><div class=\"fusion-separator fusion-full-width-sep\" style=\"align-self: center;margin-left: auto;margin-right: auto;margin-top:460px;width:100%;\"><div class=\"fusion-separator-border sep-double\" style=\"--awb-height:20px;--awb-amount:20px;border-color:var(--awb-color3);border-top-width:1px;border-bottom-width:1px;\"><\/div><\/div><\/div><\/div><div class=\"fusion-layout-column fusion_builder_column_inner fusion-builder-nested-column-1 fusion_builder_column_inner_1_2 1_2 fusion-flex-column fusion-animated\" style=\"--awb-bg-size:cover;--awb-width-large:50%;--awb-margin-top-large:160px;--awb-spacing-right-large:19.2%;--awb-margin-bottom-large:80px;--awb-spacing-left-large:9.6%;--awb-width-medium:50%;--awb-order-medium:0;--awb-margin-top-medium:120px;--awb-spacing-right-medium:13.44%;--awb-margin-bottom-medium:40px;--awb-spacing-left-medium:7.68%;--awb-width-small:100%;--awb-order-small:0;--awb-margin-top-small:40px;--awb-spacing-right-small:40px;--awb-margin-bottom-small:40px;--awb-spacing-left-small:40px;\" data-animationType=\"fadeInRight\" data-animationDuration=\"1.6\" data-animationOffset=\"top-into-view\"><div class=\"fusion-column-wrapper fusion-column-has-shadow fusion-flex-justify-content-flex-start fusion-content-layout-column\"><div class=\"fusion-title title fusion-title-1 fusion-sep-none fusion-title-text fusion-title-size-two\" style=\"--awb-margin-top-small:10px;--awb-margin-right-small:0px;--awb-margin-bottom-small:10px;--awb-margin-left-small:0px;\"><h2 class=\"fusion-title-heading title-heading-left\" style=\"margin:0;\">R\u00e1pida recuperaci\u00f3n con un riesgo menor de padecer secuelas<\/h2><\/div><div class=\"fusion-text fusion-text-1\" style=\"--awb-content-alignment:left;--awb-font-size:20px;--awb-line-height:1.48em;--awb-letter-spacing:-0.01em;--awb-text-transform:none;\"><p>El deporte, lo queramos o no, suele estar unido a lesiones que deber\u00edan de ser tratadas correctamente para garantizar una curaci\u00f3n correcta y completa, y para poder regresar nuevamente, en el menor tiempo posible y en las mejores condiciones, a la pr\u00e1ctica del deporte.<\/p>\n<p>Por medio de la fisioterapia conseguimos que la recuperaci\u00f3n se produzca de la manera m\u00e1s segura para recuperar por completo la funcionalidad, y para evitar complicaciones o la aparici\u00f3n de secuelas.<\/p>\n<\/div><div ><a class=\"fusion-button button-flat fusion-button-default-size button-default fusion-button-default button-1 fusion-button-default-span fusion-button-default-type\" style=\"--awb-margin-top:16px;\" target=\"_self\" href=\"https:\/\/www.fisiohogar.com\/gijon\/fisioterapia-para-deportistas\/\"><span class=\"fusion-button-text awb-button__text awb-button__text--default\">Fisioterapia para deportistas<\/span><\/a><\/div><div class=\"fusion-separator fusion-full-width-sep\" style=\"align-self: center;margin-left: auto;margin-right: auto;margin-top:40px;margin-bottom:36px;width:100%;\"><div class=\"fusion-separator-border sep-single sep-dashed\" style=\"--awb-height:20px;--awb-amount:20px;--awb-sep-color:hsla(var(--awb-color8-h),var(--awb-color8-s),var(--awb-color8-l),calc( var(--awb-color8-a) - 88% ));border-color:hsla(var(--awb-color8-h),var(--awb-color8-s),var(--awb-color8-l),calc( var(--awb-color8-a) - 88% ));border-top-width:2px;\"><\/div><\/div><div class=\"fusion-title title fusion-title-2 fusion-sep-none fusion-title-text fusion-title-size-three\" style=\"--awb-margin-top-small:10px;--awb-margin-right-small:0px;--awb-margin-bottom-small:10px;--awb-margin-left-small:0px;\"><h3 class=\"fusion-title-heading title-heading-left\" style=\"margin:0;\">Fisioterapia para deportistas en Gij\u00f3n<\/h3><\/div><div class=\"fusion-text fusion-text-2\" style=\"--awb-content-alignment:left;--awb-line-height:1.48em;--awb-letter-spacing:-0.01em;--awb-text-transform:none;\"><p>\u00bfHas sufrido una lesi\u00f3n practicando deporte? En Fisiohogar te ofrecemos la recuperaci\u00f3n en casa. No hay mejor lugar para superar esa lesi\u00f3n de manera que el plazo de recuperaci\u00f3n se acorte. Ll\u00e1manos por tel\u00e9fono y uno de nuestros fisioterapeutas se desplazar\u00e1 para atenderte. No te arriesgues con la pr\u00e1ctica del deporte. Una lesi\u00f3n mal curada que se repite demasiadas veces es un riesgo que no debes de correr.<\/p>\n<\/div><\/div><\/div><\/div><\/div><\/div><\/div><\/div><div class=\"fusion-fullwidth fullwidth-box fusion-builder-row-2 fusion-flex-container nonhundred-percent-fullwidth non-hundred-percent-height-scrolling\" style=\"--awb-border-radius-top-left:0px;--awb-border-radius-top-right:0px;--awb-border-radius-bottom-right:0px;--awb-border-radius-bottom-left:0px;--awb-padding-top:6%;--awb-padding-bottom:60px;--awb-padding-top-medium:52px;--awb-padding-right-medium:0px;--awb-padding-bottom-medium:0px;--awb-padding-left-medium:0px;--awb-padding-top-small:40px;--awb-padding-right-small:0px;--awb-padding-bottom-small:30px;--awb-padding-left-small:0px;--awb-flex-wrap:wrap;\" ><div class=\"fusion-builder-row fusion-row fusion-flex-align-items-flex-start fusion-flex-content-wrap\" style=\"max-width:1248px;margin-left: calc(-4% \/ 2 );margin-right: calc(-4% \/ 2 );\"><div class=\"fusion-layout-column fusion_builder_column fusion-builder-column-1 fusion_builder_column_1_1 1_1 fusion-flex-column\" style=\"--awb-overflow:hidden;--awb-bg-image:linear-gradient(180deg, var(--awb-color1) 7%,var(--awb-color2) 7%);--awb-bg-size:cover;--awb-border-radius:120px 0px 120px 0px;--awb-width-large:100%;--awb-margin-top-large:0px;--awb-spacing-right-large:1.92%;--awb-margin-bottom-large:20px;--awb-spacing-left-large:1.92%;--awb-width-medium:100%;--awb-order-medium:0;--awb-spacing-right-medium:1.92%;--awb-spacing-left-medium:1.92%;--awb-width-small:100%;--awb-order-small:0;--awb-spacing-right-small:1.92%;--awb-spacing-left-small:1.92%;\"><div class=\"fusion-column-wrapper fusion-column-has-shadow fusion-flex-justify-content-flex-start fusion-content-layout-column\"><div class=\"fusion-builder-row fusion-builder-row-inner fusion-row fusion-flex-align-items-flex-start fusion-flex-content-wrap\" style=\"--awb-flex-grow:0;--awb-flex-grow-medium:0;--awb-flex-grow-small:0;--awb-flex-shrink:0;--awb-flex-shrink-medium:0;--awb-flex-shrink-small:0;width:104% !important;max-width:104% !important;margin-left: calc(-4% \/ 2 );margin-right: calc(-4% \/ 2 );\"><div class=\"fusion-layout-column fusion_builder_column_inner fusion-builder-nested-column-2 fusion_builder_column_inner_1_2 1_2 fusion-flex-column fusion-animated\" style=\"--awb-bg-size:cover;--awb-width-large:50%;--awb-margin-top-large:160px;--awb-spacing-right-large:19.2%;--awb-margin-bottom-large:80px;--awb-spacing-left-large:9.6%;--awb-width-medium:50%;--awb-order-medium:0;--awb-margin-top-medium:120px;--awb-spacing-right-medium:13.44%;--awb-margin-bottom-medium:40px;--awb-spacing-left-medium:7.68%;--awb-width-small:100%;--awb-order-small:0;--awb-margin-top-small:40px;--awb-spacing-right-small:40px;--awb-margin-bottom-small:40px;--awb-spacing-left-small:40px;\" data-animationType=\"fadeInRight\" data-animationDuration=\"1.6\" data-animationOffset=\"top-into-view\"><div class=\"fusion-column-wrapper fusion-column-has-shadow fusion-flex-justify-content-flex-start fusion-content-layout-column\"><div class=\"fusion-title title fusion-title-3 fusion-sep-none fusion-title-text fusion-title-size-two\" style=\"--awb-margin-top-small:10px;--awb-margin-right-small:0px;--awb-margin-bottom-small:10px;--awb-margin-left-small:0px;\"><h2 class=\"fusion-title-heading title-heading-left\" style=\"margin:0;\">Atenci\u00f3n a la tercera edad<\/h2><\/div><div class=\"fusion-text fusion-text-3\" style=\"--awb-content-alignment:left;--awb-font-size:20px;--awb-line-height:1.48em;--awb-letter-spacing:-0.01em;--awb-text-transform:none;\"><p>En las personas mayores encontramos con bastante frecuencia patolog\u00edas que afectan a las articulaciones y la musculatura. Lo que se inicia como una artritis que puede causar molestias pasajeras y soportables, puede terminar degenerando con una artrosis que termina haciendo necesaria una pr\u00f3tesis, como sucede con las de cadera y rodilla.<\/p>\n<p>Nuestros fisioterapeutas, adem\u00e1s de las sesiones en las que le atender\u00e1n, le van a proponer la realizaci\u00f3n de ejercicios que ser\u00e1n de apoyo para la terapia, y que le ayudar\u00e1n para lograr un mejor estado f\u00edsico.<\/p>\n<p>Contacte con nosotros ahora y en nuestra primera sesi\u00f3n de fisioterapia valoraremos su estado de salud para proponerle el proceso de rehabilitaci\u00f3n m\u00e1s adecuado en su caso.<\/p>\n<\/div><div ><a class=\"fusion-button button-flat fusion-button-default-size button-default fusion-button-default button-2 fusion-button-default-span fusion-button-default-type\" style=\"--awb-margin-top:16px;\" target=\"_self\" href=\"https:\/\/www.fisiohogar.com\/gijon\/fisioterapeutas\/\"><span class=\"fusion-button-text awb-button__text awb-button__text--default\">Conozca a nuestros fisioterapeutas<\/span><\/a><\/div><div class=\"fusion-separator fusion-full-width-sep\" style=\"align-self: center;margin-left: auto;margin-right: auto;margin-top:40px;margin-bottom:36px;width:100%;\"><div class=\"fusion-separator-border sep-single sep-dashed\" style=\"--awb-height:20px;--awb-amount:20px;--awb-sep-color:hsla(var(--awb-color8-h),var(--awb-color8-s),var(--awb-color8-l),calc( var(--awb-color8-a) - 88% ));border-color:hsla(var(--awb-color8-h),var(--awb-color8-s),var(--awb-color8-l),calc( var(--awb-color8-a) - 88% ));border-top-width:2px;\"><\/div><\/div><div class=\"fusion-title title fusion-title-4 fusion-sep-none fusion-title-text fusion-title-size-three\" style=\"--awb-margin-top-small:10px;--awb-margin-right-small:0px;--awb-margin-bottom-small:10px;--awb-margin-left-small:0px;\"><h3 class=\"fusion-title-heading title-heading-left\" style=\"margin:0;\">Terapia adaptada a cada paciente<\/h3><\/div><div class=\"fusion-text fusion-text-4\" style=\"--awb-content-alignment:left;--awb-line-height:1.48em;--awb-letter-spacing:-0.01em;--awb-text-transform:none;\"><p>Siempre valoramos el estado del paciente, teniendo en cuenta su situaci\u00f3n, fuerza muscular, equilibrio, edad&#8230; Utilizamos t\u00e9cnicas como las movilizaciones activas o pasivas, o hacemos uso de materiales como los vendajes funcionales o el kinesiotape.<\/p>\n<p>Si la enfermedad de base irremediablemente va a permanecer, nuestro objetivo es que el paciente recupere parte de la funcionalidad perdida y desarrolle habilidades para que pueda manejarse por s\u00ed mismo, de tal manera que mejore su calidad de vida.<\/p>\n<\/div><\/div><\/div><div class=\"fusion-layout-column fusion_builder_column_inner fusion-builder-nested-column-3 fusion_builder_column_inner_1_2 1_2 fusion-flex-column fusion-animated\" style=\"--awb-padding-top:160px;--awb-padding-bottom:160px;--awb-padding-top-small:0px;--awb-padding-bottom-small:0px;--awb-overflow:hidden;--awb-bg-image:url(&#039;https:\/\/www.fisiohogar.com\/gijon\/wp-content\/uploads\/sites\/38\/2022\/05\/cronicas.jpg&#039;);--awb-bg-position:center center;--awb-bg-size:cover;--awb-border-radius:120px 0px 120px 0px;--awb-width-large:50%;--awb-margin-top-large:0px;--awb-spacing-right-large:9.6%;--awb-margin-bottom-large:0px;--awb-spacing-left-large:3.84%;--awb-width-medium:50%;--awb-order-medium:0;--awb-spacing-right-medium:7.68%;--awb-spacing-left-medium:3.84%;--awb-width-small:100%;--awb-order-small:0;--awb-spacing-right-small:40px;--awb-spacing-left-small:40px;\" data-animationType=\"fadeInLeft\" data-animationDuration=\"1.6\" data-animationOffset=\"top-into-view\"><div class=\"fusion-column-wrapper fusion-column-has-shadow fusion-flex-justify-content-flex-start fusion-content-layout-column fusion-column-has-bg-image\" data-bg-url=\"https:\/\/www.fisiohogar.com\/gijon\/wp-content\/uploads\/sites\/38\/2022\/05\/cronicas.jpg\"><div class=\"fusion-separator fusion-full-width-sep\" style=\"align-self: center;margin-left: auto;margin-right: auto;margin-top:460px;width:100%;\"><div class=\"fusion-separator-border sep-double\" style=\"--awb-height:20px;--awb-amount:20px;border-color:var(--awb-color3);border-top-width:1px;border-bottom-width:1px;\"><\/div><\/div><\/div><\/div><\/div><\/div><\/div><\/div><\/div><\/p>\n","protected":false},"excerpt":{"rendered":"","protected":false},"author":1,"featured_media":0,"parent":0,"menu_order":0,"comment_status":"closed","ping_status":"closed","template":"","meta":{"_joinchat":[],"footnotes":""},"class_list":["post-97","page","type-page","status-publish","hentry"],"yoast_head":"<!-- This site is optimized with the Yoast SEO plugin v27.4 - https:\/\/yoast.com\/product\/yoast-seo-wordpress\/ -->\n<title>Fisioterapia en patolog\u00edas musculares y articulares - Gij\u00f3n<\/title>\n<meta name=\"robots\" content=\"index, follow, max-snippet:-1, max-image-preview:large, max-video-preview:-1\" \/>\n<link rel=\"canonical\" href=\"https:\/\/www.fisiohogar.com\/gijon\/fisioterapia-enfermedades-musculares-articulares\/\" \/>\n<meta property=\"og:locale\" content=\"es_ES\" \/>\n<meta property=\"og:type\" content=\"article\" \/>\n<meta property=\"og:title\" content=\"Fisioterapia en patolog\u00edas musculares y articulares - Gij\u00f3n\" \/>\n<meta property=\"og:url\" content=\"https:\/\/www.fisiohogar.com\/gijon\/fisioterapia-enfermedades-musculares-articulares\/\" \/>\n<meta property=\"og:site_name\" content=\"Gij\u00f3n\" \/>\n<meta property=\"article:modified_time\" content=\"2023-05-31T23:07:15+00:00\" \/>\n<meta name=\"twitter:card\" content=\"summary_large_image\" \/>\n<meta name=\"twitter:label1\" content=\"Tiempo de lectura\" \/>\n\t<meta name=\"twitter:data1\" content=\"7 minutos\" \/>\n<script type=\"application\/ld+json\" class=\"yoast-schema-graph\">{\"@context\":\"https:\\\/\\\/schema.org\",\"@graph\":[{\"@type\":\"WebPage\",\"@id\":\"https:\\\/\\\/www.fisiohogar.com\\\/gijon\\\/fisioterapia-enfermedades-musculares-articulares\\\/\",\"url\":\"https:\\\/\\\/www.fisiohogar.com\\\/gijon\\\/fisioterapia-enfermedades-musculares-articulares\\\/\",\"name\":\"Fisioterapia en patolog\u00edas musculares y articulares - Gij\u00f3n\",\"isPartOf\":{\"@id\":\"https:\\\/\\\/www.fisiohogar.com\\\/gijon\\\/#website\"},\"datePublished\":\"2016-03-09T11:00:16+00:00\",\"dateModified\":\"2023-05-31T23:07:15+00:00\",\"breadcrumb\":{\"@id\":\"https:\\\/\\\/www.fisiohogar.com\\\/gijon\\\/fisioterapia-enfermedades-musculares-articulares\\\/#breadcrumb\"},\"inLanguage\":\"es\",\"potentialAction\":[{\"@type\":\"ReadAction\",\"target\":[\"https:\\\/\\\/www.fisiohogar.com\\\/gijon\\\/fisioterapia-enfermedades-musculares-articulares\\\/\"]}]},{\"@type\":\"BreadcrumbList\",\"@id\":\"https:\\\/\\\/www.fisiohogar.com\\\/gijon\\\/fisioterapia-enfermedades-musculares-articulares\\\/#breadcrumb\",\"itemListElement\":[{\"@type\":\"ListItem\",\"position\":1,\"name\":\"Portada\",\"item\":\"https:\\\/\\\/www.fisiohogar.com\\\/gijon\\\/\"},{\"@type\":\"ListItem\",\"position\":2,\"name\":\"Fisioterapia en patolog\u00edas musculares y articulares\"}]},{\"@type\":\"WebSite\",\"@id\":\"https:\\\/\\\/www.fisiohogar.com\\\/gijon\\\/#website\",\"url\":\"https:\\\/\\\/www.fisiohogar.com\\\/gijon\\\/\",\"name\":\"Gij\u00f3n\",\"description\":\"Fisioterapia a domicilio Gij\u00f3n\",\"potentialAction\":[{\"@type\":\"SearchAction\",\"target\":{\"@type\":\"EntryPoint\",\"urlTemplate\":\"https:\\\/\\\/www.fisiohogar.com\\\/gijon\\\/?s={search_term_string}\"},\"query-input\":{\"@type\":\"PropertyValueSpecification\",\"valueRequired\":true,\"valueName\":\"search_term_string\"}}],\"inLanguage\":\"es\"}]}<\/script>\n<!-- \/ Yoast SEO plugin. -->","yoast_head_json":{"title":"Fisioterapia en patolog\u00edas musculares y articulares - Gij\u00f3n","robots":{"index":"index","follow":"follow","max-snippet":"max-snippet:-1","max-image-preview":"max-image-preview:large","max-video-preview":"max-video-preview:-1"},"canonical":"https:\/\/www.fisiohogar.com\/gijon\/fisioterapia-enfermedades-musculares-articulares\/","og_locale":"es_ES","og_type":"article","og_title":"Fisioterapia en patolog\u00edas musculares y articulares - Gij\u00f3n","og_url":"https:\/\/www.fisiohogar.com\/gijon\/fisioterapia-enfermedades-musculares-articulares\/","og_site_name":"Gij\u00f3n","article_modified_time":"2023-05-31T23:07:15+00:00","twitter_card":"summary_large_image","twitter_misc":{"Tiempo de lectura":"7 minutos"},"schema":{"@context":"https:\/\/schema.org","@graph":[{"@type":"WebPage","@id":"https:\/\/www.fisiohogar.com\/gijon\/fisioterapia-enfermedades-musculares-articulares\/","url":"https:\/\/www.fisiohogar.com\/gijon\/fisioterapia-enfermedades-musculares-articulares\/","name":"Fisioterapia en patolog\u00edas musculares y articulares - Gij\u00f3n","isPartOf":{"@id":"https:\/\/www.fisiohogar.com\/gijon\/#website"},"datePublished":"2016-03-09T11:00:16+00:00","dateModified":"2023-05-31T23:07:15+00:00","breadcrumb":{"@id":"https:\/\/www.fisiohogar.com\/gijon\/fisioterapia-enfermedades-musculares-articulares\/#breadcrumb"},"inLanguage":"es","potentialAction":[{"@type":"ReadAction","target":["https:\/\/www.fisiohogar.com\/gijon\/fisioterapia-enfermedades-musculares-articulares\/"]}]},{"@type":"BreadcrumbList","@id":"https:\/\/www.fisiohogar.com\/gijon\/fisioterapia-enfermedades-musculares-articulares\/#breadcrumb","itemListElement":[{"@type":"ListItem","position":1,"name":"Portada","item":"https:\/\/www.fisiohogar.com\/gijon\/"},{"@type":"ListItem","position":2,"name":"Fisioterapia en patolog\u00edas musculares y articulares"}]},{"@type":"WebSite","@id":"https:\/\/www.fisiohogar.com\/gijon\/#website","url":"https:\/\/www.fisiohogar.com\/gijon\/","name":"Gij\u00f3n","description":"Fisioterapia a domicilio Gij\u00f3n","potentialAction":[{"@type":"SearchAction","target":{"@type":"EntryPoint","urlTemplate":"https:\/\/www.fisiohogar.com\/gijon\/?s={search_term_string}"},"query-input":{"@type":"PropertyValueSpecification","valueRequired":true,"valueName":"search_term_string"}}],"inLanguage":"es"}]}},"_links":{"self":[{"href":"https:\/\/www.fisiohogar.com\/gijon\/wp-json\/wp\/v2\/pages\/97","targetHints":{"allow":["GET"]}}],"collection":[{"href":"https:\/\/www.fisiohogar.com\/gijon\/wp-json\/wp\/v2\/pages"}],"about":[{"href":"https:\/\/www.fisiohogar.com\/gijon\/wp-json\/wp\/v2\/types\/page"}],"author":[{"embeddable":true,"href":"https:\/\/www.fisiohogar.com\/gijon\/wp-json\/wp\/v2\/users\/1"}],"replies":[{"embeddable":true,"href":"https:\/\/www.fisiohogar.com\/gijon\/wp-json\/wp\/v2\/comments?post=97"}],"version-history":[{"count":9,"href":"https:\/\/www.fisiohogar.com\/gijon\/wp-json\/wp\/v2\/pages\/97\/revisions"}],"predecessor-version":[{"id":18523,"href":"https:\/\/www.fisiohogar.com\/gijon\/wp-json\/wp\/v2\/pages\/97\/revisions\/18523"}],"wp:attachment":[{"href":"https:\/\/www.fisiohogar.com\/gijon\/wp-json\/wp\/v2\/media?parent=97"}],"curies":[{"name":"wp","href":"https:\/\/api.w.org\/{rel}","templated":true}]}}