{"id":96,"date":"2016-03-09T10:59:41","date_gmt":"2016-03-09T10:59:41","guid":{"rendered":"http:\/\/www.fisiohogar.com\/ciudad\/?page_id=39"},"modified":"2023-05-30T12:20:31","modified_gmt":"2023-05-30T12:20:31","slug":"fisioterapeutas-colegiados","status":"publish","type":"page","link":"https:\/\/www.fisiohogar.com\/gijon\/fisioterapeutas-colegiados\/","title":{"rendered":"Fisioterapeutas colegiados"},"content":{"rendered":"<p><div class=\"fusion-fullwidth fullwidth-box fusion-builder-row-1 fusion-flex-container nonhundred-percent-fullwidth non-hundred-percent-height-scrolling\" style=\"--awb-border-radius-top-left:0px;--awb-border-radius-top-right:0px;--awb-border-radius-bottom-right:0px;--awb-border-radius-bottom-left:0px;--awb-flex-wrap:wrap;\" ><div class=\"fusion-builder-row fusion-row fusion-flex-align-items-flex-start fusion-flex-content-wrap\" style=\"max-width:1248px;margin-left: calc(-4% \/ 2 );margin-right: calc(-4% \/ 2 );\"><div class=\"fusion-layout-column fusion_builder_column fusion-builder-column-0 fusion_builder_column_1_2 1_2 fusion-flex-column\" style=\"--awb-bg-size:cover;--awb-width-large:50%;--awb-margin-top-large:0px;--awb-spacing-right-large:3.84%;--awb-margin-bottom-large:20px;--awb-spacing-left-large:3.84%;--awb-width-medium:50%;--awb-order-medium:0;--awb-spacing-right-medium:3.84%;--awb-spacing-left-medium:3.84%;--awb-width-small:100%;--awb-order-small:0;--awb-spacing-right-small:1.92%;--awb-spacing-left-small:1.92%;\"><div class=\"fusion-column-wrapper fusion-column-has-shadow fusion-flex-justify-content-flex-start fusion-content-layout-column\"><div class=\"fusion-image-element \" style=\"--awb-caption-title-font-family:var(--h2_typography-font-family);--awb-caption-title-font-weight:var(--h2_typography-font-weight);--awb-caption-title-font-style:var(--h2_typography-font-style);--awb-caption-title-size:var(--h2_typography-font-size);--awb-caption-title-transform:var(--h2_typography-text-transform);--awb-caption-title-line-height:var(--h2_typography-line-height);--awb-caption-title-letter-spacing:var(--h2_typography-letter-spacing);\"><span class=\" fusion-imageframe imageframe-none imageframe-1 hover-type-none fusion-animated\" data-animationType=\"fadeInLeft\" data-animationDuration=\"1.6\" data-animationOffset=\"top-into-view\"><img decoding=\"async\" width=\"900\" height=\"1488\" title=\"fisioterapeutas-colegiados\" src=\"https:\/\/www.fisiohogar.com\/gijon\/wp-content\/uploads\/sites\/38\/2023\/05\/fisioterapeutas-colegiados.jpg\" alt class=\"img-responsive wp-image-18488\" srcset=\"https:\/\/www.fisiohogar.com\/gijon\/wp-content\/uploads\/sites\/38\/2023\/05\/fisioterapeutas-colegiados-200x331.jpg 200w, https:\/\/www.fisiohogar.com\/gijon\/wp-content\/uploads\/sites\/38\/2023\/05\/fisioterapeutas-colegiados-400x661.jpg 400w, https:\/\/www.fisiohogar.com\/gijon\/wp-content\/uploads\/sites\/38\/2023\/05\/fisioterapeutas-colegiados-600x992.jpg 600w, https:\/\/www.fisiohogar.com\/gijon\/wp-content\/uploads\/sites\/38\/2023\/05\/fisioterapeutas-colegiados-800x1323.jpg 800w, https:\/\/www.fisiohogar.com\/gijon\/wp-content\/uploads\/sites\/38\/2023\/05\/fisioterapeutas-colegiados.jpg 900w\" sizes=\"(max-width: 640px) 100vw, 600px\" \/><\/span><\/div><\/div><\/div><div class=\"fusion-layout-column fusion_builder_column fusion-builder-column-1 fusion_builder_column_1_2 1_2 fusion-flex-column\" style=\"--awb-bg-size:cover;--awb-width-large:50%;--awb-margin-top-large:0px;--awb-spacing-right-large:3.84%;--awb-margin-bottom-large:20px;--awb-spacing-left-large:3.84%;--awb-width-medium:50%;--awb-order-medium:0;--awb-spacing-right-medium:3.84%;--awb-spacing-left-medium:3.84%;--awb-width-small:100%;--awb-order-small:0;--awb-spacing-right-small:1.92%;--awb-spacing-left-small:1.92%;\"><div class=\"fusion-column-wrapper fusion-column-has-shadow fusion-flex-justify-content-flex-start fusion-content-layout-column\"><div class=\"fusion-title title fusion-title-1 fusion-sep-none fusion-title-text fusion-title-size-one\" style=\"--awb-margin-top-small:10px;--awb-margin-right-small:0px;--awb-margin-bottom-small:10px;--awb-margin-left-small:0px;\"><h1 class=\"fusion-title-heading title-heading-left\" style=\"margin:0;\"><h2>Fisioterapeutas en Gij\u00f3n<\/h2><\/h1><\/div><div class=\"fusion-text fusion-text-1\" style=\"--awb-text-transform:none;\"><h3>01 Nos avala el Colegio de Fisioterapeutas<\/h3>\n<p>Todos los fisioterapeutas de Fisiohogar que le atender\u00e1n en Gij\u00f3n se encuentran colegiados.<\/p>\n<h3>02 Graduados o diplomados<\/h3>\n<p>Preparados, cualificados, capacitados, para ofrecer el mejor servicio de fisioterapia.<\/p>\n<h3>03 Cumplimos con el c\u00f3digo deontol\u00f3gico<\/h3>\n<p>Son las normas y valores que cumplen los fisioterapeutas en beneficio de los pacientes.<\/p>\n<h3>04 Incluido un seguro de responsabilidad civil<\/h3>\n<p>Incrementamos de esta manera la protecci\u00f3n de nuestros pacientes.<\/p>\n<h3>05 Siempre al d\u00eda<\/h3>\n<p>Participamos en cursos y talleres para ampliar nuestros conocimientos.<\/p>\n<\/div><div class=\"fusion-separator fusion-full-width-sep\" style=\"align-self: center;margin-left: auto;margin-right: auto;margin-top:25px;margin-bottom:25px;width:100%;\"><\/div><div class=\"fusion-text fusion-text-2\" style=\"--awb-font-size:20px;--awb-text-transform:none;\"><p>Queremos que todos nuestros pacientes sientan la tranquilidad que produce saber que est\u00e1n bien atendidos, por profesionales del m\u00e1s alto nivel, que se comprometen e implican en la aplicaci\u00f3n de una terapia eficaz que busca la reducci\u00f3n de la duraci\u00f3n del proceso de curaci\u00f3n.<\/p>\n<\/div><div class=\"fusion-separator fusion-full-width-sep\" style=\"align-self: center;margin-left: auto;margin-right: auto;margin-top:25px;margin-bottom:25px;width:100%;\"><\/div><div ><a class=\"fusion-button button-flat fusion-button-default-size button-default fusion-button-default button-1 fusion-button-default-span fusion-button-default-type\" target=\"_self\" href=\"https:\/\/www.fisiohogar.com\/gijon\/contacta-ahora\/\"><span class=\"fusion-button-text awb-button__text awb-button__text--default\">Contacte ahora<\/span><\/a><\/div><\/div><\/div><\/div><\/div><div class=\"fusion-fullwidth fullwidth-box fusion-builder-row-2 fusion-flex-container nonhundred-percent-fullwidth non-hundred-percent-height-scrolling\" style=\"--awb-border-radius-top-left:0px;--awb-border-radius-top-right:0px;--awb-border-radius-bottom-right:0px;--awb-border-radius-bottom-left:0px;--awb-padding-top:6%;--awb-padding-bottom:4%;--awb-padding-right-medium:24px;--awb-padding-left-medium:24px;--awb-background-image:linear-gradient(216deg, var(--awb-color2) 0%,var(--awb-color1) 100%);--awb-flex-wrap:wrap;\" ><div class=\"fusion-builder-row fusion-row fusion-flex-align-items-center fusion-flex-justify-content-center fusion-flex-content-wrap\" style=\"max-width:1248px;margin-left: calc(-4% \/ 2 );margin-right: calc(-4% \/ 2 );\"><div class=\"fusion-layout-column fusion_builder_column fusion-builder-column-2 fusion_builder_column_1_1 1_1 fusion-flex-column fusion-no-small-visibility\" style=\"--awb-bg-size:cover;--awb-width-large:100%;--awb-margin-top-large:0px;--awb-spacing-right-large:1.92%;--awb-margin-bottom-large:20px;--awb-spacing-left-large:1.92%;--awb-width-medium:100%;--awb-order-medium:0;--awb-margin-top-medium:10px;--awb-spacing-right-medium:1.92%;--awb-margin-bottom-medium:0px;--awb-spacing-left-medium:1.92%;--awb-width-small:100%;--awb-order-small:0;--awb-spacing-right-small:1.92%;--awb-spacing-left-small:1.92%;\"><div class=\"fusion-column-wrapper fusion-column-has-shadow fusion-flex-justify-content-flex-start fusion-content-layout-column\"><div class=\"fusion-separator fusion-full-width-sep\" style=\"align-self: center;margin-left: auto;margin-right: auto;margin-top:40px;width:100%;\"><div class=\"fusion-separator-border sep-double\" style=\"--awb-height:20px;--awb-amount:20px;border-color:var(--awb-color3);border-top-width:1px;border-bottom-width:1px;\"><\/div><\/div><\/div><\/div><div class=\"fusion-layout-column fusion_builder_column fusion-builder-column-3 fusion_builder_column_1_2 1_2 fusion-flex-column\" style=\"--awb-bg-size:cover;--awb-width-large:50%;--awb-margin-top-large:0px;--awb-spacing-right-large:11.52%;--awb-margin-bottom-large:36px;--awb-spacing-left-large:11.52%;--awb-width-medium:50%;--awb-spacing-right-medium:11.52%;--awb-spacing-left-medium:9.6%;--awb-width-small:100%;--awb-order-small:1;--awb-spacing-right-small:1.92%;--awb-margin-bottom-small:10px;--awb-spacing-left-small:1.92%;\"><div class=\"fusion-column-wrapper fusion-column-has-shadow fusion-flex-justify-content-flex-start fusion-content-layout-column\"><div class=\"fusion-content-boxes content-boxes columns row fusion-columns-1 fusion-columns-total-3 fusion-content-boxes-1 content-boxes-icon-on-side content-left fusion-delayed-animation\" style=\"--awb-iconcolor:var(--awb-color5);--awb-margin-top:0px;--awb-margin-bottom:0px;--awb-hover-accent-color:var(--awb-color4);--awb-circle-hover-accent-color:transparent;--awb-item-margin-bottom:40px;\" data-animation-delay=\"500\" data-animationOffset=\"top-into-view\"><div style=\"--awb-backgroundcolor:rgba(255,255,255,0);--awb-iconcolor:var(--awb-custom_color_1);--awb-content-padding-left:96px;\" class=\"fusion-column content-box-column content-box-column content-box-column-1 col-lg-12 col-md-12 col-sm-12 fusion-content-box-hover content-box-column-last-in-row\"><div class=\"col content-box-wrapper content-wrapper link-area-link-icon content-icon-wrapper-yes icon-hover-animation-fade fusion-animated\" data-animationType=\"fadeInDown\" data-animationDuration=\"0.6\" data-animationOffset=\"top-into-view\"><div class=\"heading heading-with-icon icon-left\"><div class=\"icon\" style=\"-webkit-animation-duration: 500ms;animation-duration: 500ms;\"><span style=\"height:72px;width:72px;line-height:36px;border-color:var(--awb-custom_color_1);border-width:2px;border-style:solid;margin-right:20px;box-sizing:content-box;border-radius:20px;\"><i style=\"border-color:var(--awb-custom_color_1);border-width:0px;background-color:rgba(0,0,0,0);box-sizing:content-box;height:72px;width:72px;line-height:72px;border-radius:20px;position:relative;top:auto;left:auto;margin:0;border-radius:20px;font-size:36px;\" aria-hidden=\"true\" class=\"fontawesome-icon fa-car fas circle-yes\"><\/i><\/span><\/div><h4 class=\"content-box-heading\" style=\"--h4_typography-font-size:24px;line-height:29px;padding-left:96px;\">Fisioterapia a domicilio<\/h4><\/div><div class=\"fusion-clearfix\"><\/div><div class=\"content-container\">\n<p>M\u00e1s comodidad y seguridad<\/p>\n<\/div><\/div><\/div><div style=\"--awb-backgroundcolor:rgba(255,255,255,0);--awb-iconcolor:var(--awb-custom_color_1);--awb-content-padding-left:96px;\" class=\"fusion-column content-box-column content-box-column content-box-column-2 col-lg-12 col-md-12 col-sm-12 fusion-content-box-hover content-box-column-last-in-row\"><div class=\"col content-box-wrapper content-wrapper link-area-link-icon content-icon-wrapper-yes icon-hover-animation-fade fusion-animated\" data-animationType=\"fadeInDown\" data-animationDuration=\"0.6\" data-animationOffset=\"top-into-view\"><div class=\"heading heading-with-icon icon-left\"><div class=\"icon\" style=\"-webkit-animation-duration: 500ms;animation-duration: 500ms;\"><span style=\"height:72px;width:72px;line-height:36px;border-color:var(--awb-custom_color_1);border-width:2px;border-style:solid;margin-right:20px;box-sizing:content-box;border-radius:20px;\"><i style=\"border-color:var(--awb-color8);border-width:0px;background-color:rgba(0,0,0,0);box-sizing:content-box;height:72px;width:72px;line-height:72px;border-radius:20px;position:relative;top:auto;left:auto;margin:0;border-radius:20px;font-size:36px;\" aria-hidden=\"true\" class=\"fontawesome-icon fa-user-graduate fas circle-yes\"><\/i><\/span><\/div><h4 class=\"content-box-heading\" style=\"--h4_typography-font-size:24px;line-height:29px;padding-left:96px;\">Fisioterapeutas colegiados<\/h4><\/div><div class=\"fusion-clearfix\"><\/div><div class=\"content-container\">\n<p>Profesionales con garant\u00edas.<\/p>\n<\/div><\/div><\/div><div style=\"--awb-backgroundcolor:rgba(255,255,255,0);--awb-iconcolor:var(--awb-custom_color_1);--awb-content-padding-left:96px;\" class=\"fusion-column content-box-column content-box-column content-box-column-3 col-lg-12 col-md-12 col-sm-12 fusion-content-box-hover content-box-column-last content-box-column-last-in-row\"><div class=\"col content-box-wrapper content-wrapper link-area-link-icon content-icon-wrapper-yes icon-hover-animation-fade fusion-animated\" data-animationType=\"fadeInDown\" data-animationDuration=\"0.6\" data-animationOffset=\"top-into-view\"><div class=\"heading heading-with-icon icon-left\"><div class=\"icon\" style=\"-webkit-animation-duration: 500ms;animation-duration: 500ms;\"><span style=\"height:72px;width:72px;line-height:36px;border-color:var(--awb-custom_color_1);border-width:2px;border-style:solid;margin-right:20px;box-sizing:content-box;border-radius:20px;\"><i style=\"border-color:var(--awb-color8);border-width:0px;background-color:rgba(0,0,0,0);box-sizing:content-box;height:72px;width:72px;line-height:72px;border-radius:20px;position:relative;top:auto;left:auto;margin:0;border-radius:20px;font-size:36px;\" aria-hidden=\"true\" class=\"fontawesome-icon fa-history fas circle-yes\"><\/i><\/span><\/div><h4 class=\"content-box-heading\" style=\"--h4_typography-font-size:24px;line-height:29px;padding-left:96px;\">Nos adaptamos<\/h4><\/div><div class=\"fusion-clearfix\"><\/div><div class=\"content-container\">\n<p>Usted decide d\u00eda y hora<\/p>\n<\/div><\/div><\/div><div class=\"fusion-clearfix\"><\/div><\/div><\/div><\/div><div class=\"fusion-layout-column fusion_builder_column fusion-builder-column-4 fusion_builder_column_1_2 1_2 fusion-flex-column\" style=\"--awb-bg-size:cover;--awb-width-large:50%;--awb-margin-top-large:0px;--awb-spacing-right-large:11.52%;--awb-margin-bottom-large:36px;--awb-spacing-left-large:11.52%;--awb-width-medium:50%;--awb-spacing-right-medium:11.52%;--awb-spacing-left-medium:9.6%;--awb-width-small:100%;--awb-order-small:1;--awb-spacing-right-small:1.92%;--awb-margin-bottom-small:10px;--awb-spacing-left-small:1.92%;\"><div class=\"fusion-column-wrapper fusion-column-has-shadow fusion-flex-justify-content-flex-start fusion-content-layout-column\"><div class=\"fusion-content-boxes content-boxes columns row fusion-columns-1 fusion-columns-total-3 fusion-content-boxes-2 content-boxes-icon-on-side content-left fusion-delayed-animation\" style=\"--awb-iconcolor:var(--awb-color5);--awb-margin-top:0px;--awb-margin-bottom:0px;--awb-hover-accent-color:var(--awb-color4);--awb-circle-hover-accent-color:transparent;--awb-item-margin-bottom:40px;\" data-animation-delay=\"500\" data-animationOffset=\"top-into-view\"><div style=\"--awb-backgroundcolor:rgba(255,255,255,0);--awb-iconcolor:var(--awb-custom_color_1);--awb-content-padding-left:96px;\" class=\"fusion-column content-box-column content-box-column content-box-column-1 col-lg-12 col-md-12 col-sm-12 fusion-content-box-hover content-box-column-last-in-row\"><div class=\"col content-box-wrapper content-wrapper link-area-link-icon content-icon-wrapper-yes icon-hover-animation-fade fusion-animated\" data-animationType=\"fadeInDown\" data-animationDuration=\"0.6\" data-animationOffset=\"top-into-view\"><div class=\"heading heading-with-icon icon-left\"><div class=\"icon\" style=\"-webkit-animation-duration: 500ms;animation-duration: 500ms;\"><span style=\"height:72px;width:72px;line-height:36px;border-color:var(--awb-custom_color_1);border-width:2px;border-style:solid;margin-right:20px;box-sizing:content-box;border-radius:20px;\"><i style=\"border-color:var(--awb-custom_color_1);border-width:0px;background-color:rgba(0,0,0,0);box-sizing:content-box;height:72px;width:72px;line-height:72px;border-radius:20px;position:relative;top:auto;left:auto;margin:0;border-radius:20px;font-size:36px;\" aria-hidden=\"true\" class=\"fontawesome-icon fa-atlas fas circle-yes\"><\/i><\/span><\/div><h4 class=\"content-box-heading\" style=\"--h4_typography-font-size:24px;line-height:29px;padding-left:96px;\">Especialidades<\/h4><\/div><div class=\"fusion-clearfix\"><\/div><div class=\"content-container\">\n<p>Dolencias tratadas con fisioterapia<\/p>\n<\/div><\/div><\/div><div style=\"--awb-backgroundcolor:rgba(255,255,255,0);--awb-iconcolor:var(--awb-custom_color_1);--awb-content-padding-left:96px;\" class=\"fusion-column content-box-column content-box-column content-box-column-2 col-lg-12 col-md-12 col-sm-12 fusion-content-box-hover content-box-column-last-in-row\"><div class=\"col content-box-wrapper content-wrapper link-area-link-icon content-icon-wrapper-yes icon-hover-animation-fade fusion-animated\" data-animationType=\"fadeInDown\" data-animationDuration=\"0.6\" data-animationOffset=\"top-into-view\"><div class=\"heading heading-with-icon icon-left\"><div class=\"icon\" style=\"-webkit-animation-duration: 500ms;animation-duration: 500ms;\"><span style=\"height:72px;width:72px;line-height:36px;border-color:var(--awb-custom_color_1);border-width:2px;border-style:solid;margin-right:20px;box-sizing:content-box;border-radius:20px;\"><i style=\"border-color:var(--awb-color8);border-width:0px;background-color:rgba(0,0,0,0);box-sizing:content-box;height:72px;width:72px;line-height:72px;border-radius:20px;position:relative;top:auto;left:auto;margin:0;border-radius:20px;font-size:36px;\" aria-hidden=\"true\" class=\"fontawesome-icon fa-hands fas circle-yes\"><\/i><\/span><\/div><h4 class=\"content-box-heading\" style=\"--h4_typography-font-size:24px;line-height:29px;padding-left:96px;\">Terapias eficaces<\/h4><\/div><div class=\"fusion-clearfix\"><\/div><div class=\"content-container\">\n<p>Menor tiempo para su recuperaci\u00f3n.<\/p>\n<\/div><\/div><\/div><div style=\"--awb-backgroundcolor:rgba(255,255,255,0);--awb-iconcolor:var(--awb-custom_color_1);--awb-content-padding-left:96px;\" class=\"fusion-column content-box-column content-box-column content-box-column-3 col-lg-12 col-md-12 col-sm-12 fusion-content-box-hover content-box-column-last content-box-column-last-in-row\"><div class=\"col content-box-wrapper content-wrapper link-area-link-icon content-icon-wrapper-yes icon-hover-animation-fade fusion-animated\" data-animationType=\"fadeInDown\" data-animationDuration=\"0.6\" data-animationOffset=\"top-into-view\"><div class=\"heading heading-with-icon icon-left\"><div class=\"icon\" style=\"-webkit-animation-duration: 500ms;animation-duration: 500ms;\"><span style=\"height:72px;width:72px;line-height:36px;border-color:var(--awb-custom_color_1);border-width:2px;border-style:solid;margin-right:20px;box-sizing:content-box;border-radius:20px;\"><i style=\"border-color:var(--awb-color8);border-width:0px;background-color:rgba(0,0,0,0);box-sizing:content-box;height:72px;width:72px;line-height:72px;border-radius:20px;position:relative;top:auto;left:auto;margin:0;border-radius:20px;font-size:36px;\" aria-hidden=\"true\" class=\"fontawesome-icon fa-user-friends fas circle-yes\"><\/i><\/span><\/div><h4 class=\"content-box-heading\" style=\"--h4_typography-font-size:24px;line-height:29px;padding-left:96px;\">Implicados en su recuperaci\u00f3n<\/h4><\/div><div class=\"fusion-clearfix\"><\/div><div class=\"content-container\">\n<p>Seguimiento y control de pacientes<\/p>\n<\/div><\/div><\/div><div class=\"fusion-clearfix\"><\/div><\/div><\/div><\/div><\/div><\/div><\/p>\n","protected":false},"excerpt":{"rendered":"","protected":false},"author":1,"featured_media":0,"parent":0,"menu_order":0,"comment_status":"closed","ping_status":"closed","template":"","meta":{"_joinchat":[],"footnotes":""},"class_list":["post-96","page","type-page","status-publish","hentry"],"yoast_head":"<!-- This site is optimized with the Yoast SEO plugin v27.4 - https:\/\/yoast.com\/product\/yoast-seo-wordpress\/ -->\n<title>Fisioterapeutas colegiados - Gij\u00f3n<\/title>\n<meta name=\"robots\" content=\"index, follow, max-snippet:-1, max-image-preview:large, max-video-preview:-1\" \/>\n<link rel=\"canonical\" href=\"https:\/\/www.fisiohogar.com\/gijon\/fisioterapeutas-colegiados\/\" \/>\n<meta property=\"og:locale\" content=\"es_ES\" \/>\n<meta property=\"og:type\" content=\"article\" \/>\n<meta property=\"og:title\" content=\"Fisioterapeutas colegiados - Gij\u00f3n\" \/>\n<meta property=\"og:url\" content=\"https:\/\/www.fisiohogar.com\/gijon\/fisioterapeutas-colegiados\/\" \/>\n<meta property=\"og:site_name\" content=\"Gij\u00f3n\" \/>\n<meta property=\"article:modified_time\" content=\"2023-05-30T12:20:31+00:00\" \/>\n<meta name=\"twitter:card\" content=\"summary_large_image\" \/>\n<meta name=\"twitter:label1\" content=\"Tiempo de lectura\" \/>\n\t<meta name=\"twitter:data1\" content=\"7 minutos\" \/>\n<script type=\"application\/ld+json\" class=\"yoast-schema-graph\">{\"@context\":\"https:\\\/\\\/schema.org\",\"@graph\":[{\"@type\":\"WebPage\",\"@id\":\"https:\\\/\\\/www.fisiohogar.com\\\/gijon\\\/fisioterapeutas-colegiados\\\/\",\"url\":\"https:\\\/\\\/www.fisiohogar.com\\\/gijon\\\/fisioterapeutas-colegiados\\\/\",\"name\":\"Fisioterapeutas colegiados - Gij\u00f3n\",\"isPartOf\":{\"@id\":\"https:\\\/\\\/www.fisiohogar.com\\\/gijon\\\/#website\"},\"datePublished\":\"2016-03-09T10:59:41+00:00\",\"dateModified\":\"2023-05-30T12:20:31+00:00\",\"breadcrumb\":{\"@id\":\"https:\\\/\\\/www.fisiohogar.com\\\/gijon\\\/fisioterapeutas-colegiados\\\/#breadcrumb\"},\"inLanguage\":\"es\",\"potentialAction\":[{\"@type\":\"ReadAction\",\"target\":[\"https:\\\/\\\/www.fisiohogar.com\\\/gijon\\\/fisioterapeutas-colegiados\\\/\"]}]},{\"@type\":\"BreadcrumbList\",\"@id\":\"https:\\\/\\\/www.fisiohogar.com\\\/gijon\\\/fisioterapeutas-colegiados\\\/#breadcrumb\",\"itemListElement\":[{\"@type\":\"ListItem\",\"position\":1,\"name\":\"Portada\",\"item\":\"https:\\\/\\\/www.fisiohogar.com\\\/gijon\\\/\"},{\"@type\":\"ListItem\",\"position\":2,\"name\":\"Fisioterapeutas colegiados\"}]},{\"@type\":\"WebSite\",\"@id\":\"https:\\\/\\\/www.fisiohogar.com\\\/gijon\\\/#website\",\"url\":\"https:\\\/\\\/www.fisiohogar.com\\\/gijon\\\/\",\"name\":\"Gij\u00f3n\",\"description\":\"Fisioterapia a domicilio Gij\u00f3n\",\"potentialAction\":[{\"@type\":\"SearchAction\",\"target\":{\"@type\":\"EntryPoint\",\"urlTemplate\":\"https:\\\/\\\/www.fisiohogar.com\\\/gijon\\\/?s={search_term_string}\"},\"query-input\":{\"@type\":\"PropertyValueSpecification\",\"valueRequired\":true,\"valueName\":\"search_term_string\"}}],\"inLanguage\":\"es\"}]}<\/script>\n<!-- \/ Yoast SEO plugin. -->","yoast_head_json":{"title":"Fisioterapeutas colegiados - Gij\u00f3n","robots":{"index":"index","follow":"follow","max-snippet":"max-snippet:-1","max-image-preview":"max-image-preview:large","max-video-preview":"max-video-preview:-1"},"canonical":"https:\/\/www.fisiohogar.com\/gijon\/fisioterapeutas-colegiados\/","og_locale":"es_ES","og_type":"article","og_title":"Fisioterapeutas colegiados - Gij\u00f3n","og_url":"https:\/\/www.fisiohogar.com\/gijon\/fisioterapeutas-colegiados\/","og_site_name":"Gij\u00f3n","article_modified_time":"2023-05-30T12:20:31+00:00","twitter_card":"summary_large_image","twitter_misc":{"Tiempo de lectura":"7 minutos"},"schema":{"@context":"https:\/\/schema.org","@graph":[{"@type":"WebPage","@id":"https:\/\/www.fisiohogar.com\/gijon\/fisioterapeutas-colegiados\/","url":"https:\/\/www.fisiohogar.com\/gijon\/fisioterapeutas-colegiados\/","name":"Fisioterapeutas colegiados - Gij\u00f3n","isPartOf":{"@id":"https:\/\/www.fisiohogar.com\/gijon\/#website"},"datePublished":"2016-03-09T10:59:41+00:00","dateModified":"2023-05-30T12:20:31+00:00","breadcrumb":{"@id":"https:\/\/www.fisiohogar.com\/gijon\/fisioterapeutas-colegiados\/#breadcrumb"},"inLanguage":"es","potentialAction":[{"@type":"ReadAction","target":["https:\/\/www.fisiohogar.com\/gijon\/fisioterapeutas-colegiados\/"]}]},{"@type":"BreadcrumbList","@id":"https:\/\/www.fisiohogar.com\/gijon\/fisioterapeutas-colegiados\/#breadcrumb","itemListElement":[{"@type":"ListItem","position":1,"name":"Portada","item":"https:\/\/www.fisiohogar.com\/gijon\/"},{"@type":"ListItem","position":2,"name":"Fisioterapeutas colegiados"}]},{"@type":"WebSite","@id":"https:\/\/www.fisiohogar.com\/gijon\/#website","url":"https:\/\/www.fisiohogar.com\/gijon\/","name":"Gij\u00f3n","description":"Fisioterapia a domicilio Gij\u00f3n","potentialAction":[{"@type":"SearchAction","target":{"@type":"EntryPoint","urlTemplate":"https:\/\/www.fisiohogar.com\/gijon\/?s={search_term_string}"},"query-input":{"@type":"PropertyValueSpecification","valueRequired":true,"valueName":"search_term_string"}}],"inLanguage":"es"}]}},"_links":{"self":[{"href":"https:\/\/www.fisiohogar.com\/gijon\/wp-json\/wp\/v2\/pages\/96","targetHints":{"allow":["GET"]}}],"collection":[{"href":"https:\/\/www.fisiohogar.com\/gijon\/wp-json\/wp\/v2\/pages"}],"about":[{"href":"https:\/\/www.fisiohogar.com\/gijon\/wp-json\/wp\/v2\/types\/page"}],"author":[{"embeddable":true,"href":"https:\/\/www.fisiohogar.com\/gijon\/wp-json\/wp\/v2\/users\/1"}],"replies":[{"embeddable":true,"href":"https:\/\/www.fisiohogar.com\/gijon\/wp-json\/wp\/v2\/comments?post=96"}],"version-history":[{"count":14,"href":"https:\/\/www.fisiohogar.com\/gijon\/wp-json\/wp\/v2\/pages\/96\/revisions"}],"predecessor-version":[{"id":18491,"href":"https:\/\/www.fisiohogar.com\/gijon\/wp-json\/wp\/v2\/pages\/96\/revisions\/18491"}],"wp:attachment":[{"href":"https:\/\/www.fisiohogar.com\/gijon\/wp-json\/wp\/v2\/media?parent=96"}],"curies":[{"name":"wp","href":"https:\/\/api.w.org\/{rel}","templated":true}]}}