{"id":87,"date":"2016-03-09T10:54:44","date_gmt":"2016-03-09T10:54:44","guid":{"rendered":"http:\/\/www.fisiohogar.com\/covid-permanente\/?page_id=19"},"modified":"2023-04-14T23:22:26","modified_gmt":"2023-04-14T23:22:26","slug":"contacta-ahora","status":"publish","type":"page","link":"https:\/\/www.fisiohogar.com\/covid-persistente\/contacta-ahora\/","title":{"rendered":"Contacta ahora"},"content":{"rendered":"<p>[vc_row][vc_column][vc_column_text css_animation=\u00bbslideInDown\u00bb vsc_animation=\u00bbfade-in\u00bb]Si est\u00e1 interesado en nuestros servicios de fisioterapia a domicilio orientados a tratar el COVID persistente, p\u00f3ngase en contacto con nosotros para concertar la primera sesi\u00f3n de fisioterapia, o para resolver cualquier duda que tenga.<\/p>\n<p><strong>Horario de atenci\u00f3n telef\u00f3nica<\/strong>: de 10:00 a 20:30 de lunes a viernes y de 10:00 a 14:00 los s\u00e1bados<\/p>\n<h2><a href=\"tel:615358759\">615 358 759<\/a><\/h2>\n<p>[\/vc_column_text][\/vc_column][\/vc_row][vc_row css=\u00bb.vc_custom_1499295250595{padding-top: -50px !important;}\u00bb][vc_column css_animation=\u00bbfadeInLeft\u00bb css=\u00bb.vc_custom_1630696154452{padding-top: 25px !important;padding-bottom: 25px !important;padding-left: 10px !important;border-radius: 20px !important;}\u00bb][vc_column_text]Tambi\u00e9n ponemos a su disposici\u00f3n el siguiente formulario de contacto.<\/p>\n<p>Ante cualquier duda que tenga, ya sea sobre las ciudades donde ofrecemos servicio de fisioterapia a domicilio, o sobre cualquier otra cuesti\u00f3n relacionada con las sesiones para pacientes con COVID persistente, estamos a su disposici\u00f3n para responder a sus preguntas.<\/p>\n<h3>Formulario de contacto<\/h3>\n<p>[\/vc_column_text]\n<div class=\"wpcf7 no-js\" id=\"wpcf7-f1025-o1\" lang=\"es-ES\" dir=\"ltr\" data-wpcf7-id=\"1025\">\n<div class=\"screen-reader-response\"><p role=\"status\" aria-live=\"polite\" aria-atomic=\"true\"><\/p> <ul><\/ul><\/div>\n<form action=\"\/covid-persistente\/wp-json\/wp\/v2\/pages\/87#wpcf7-f1025-o1\" method=\"post\" class=\"wpcf7-form init\" aria-label=\"Formulario de contacto\" novalidate=\"novalidate\" data-status=\"init\">\n<fieldset class=\"hidden-fields-container\"><input type=\"hidden\" name=\"_wpcf7\" value=\"1025\" \/><input type=\"hidden\" name=\"_wpcf7_version\" value=\"6.1.5\" \/><input type=\"hidden\" name=\"_wpcf7_locale\" value=\"es_ES\" \/><input type=\"hidden\" name=\"_wpcf7_unit_tag\" value=\"wpcf7-f1025-o1\" \/><input type=\"hidden\" name=\"_wpcf7_container_post\" value=\"0\" \/><input type=\"hidden\" name=\"_wpcf7_posted_data_hash\" value=\"\" \/><input type=\"hidden\" name=\"_wpcf7_recaptcha_response\" value=\"\" \/>\n<\/fieldset>\n<div align=\"left\">\n\t<p><img decoding=\"async\" src=\"http:\/\/www.fisiohogar.com\/covid-permanente\/wp-content\/uploads\/sites\/14\/2017\/07\/fisioterapeutas-sin-telefonos1.png\" alt=\"fisioterapeutas tel\u00e9fono\" width=\"400\" height=\"87\" \/>\n\t<\/p>\n<\/div>\n<p>Su nombre (requerido)\n<\/p>\n<p><span class=\"wpcf7-form-control-wrap\" data-name=\"your-name\"><input size=\"40\" maxlength=\"400\" class=\"wpcf7-form-control wpcf7-text wpcf7-validates-as-required\" aria-required=\"true\" aria-invalid=\"false\" value=\"\" type=\"text\" name=\"your-name\" \/><\/span>\n<\/p>\n<p>Su e-mail (requerido)\n<\/p>\n<p><span class=\"wpcf7-form-control-wrap\" data-name=\"your-email\"><input size=\"40\" maxlength=\"400\" class=\"wpcf7-form-control wpcf7-email wpcf7-validates-as-required wpcf7-text wpcf7-validates-as-email\" aria-required=\"true\" aria-invalid=\"false\" value=\"\" type=\"email\" name=\"your-email\" \/><\/span>\n<\/p>\n<p>Tel\u00e9fono de contacto\n<\/p>\n<p><span class=\"wpcf7-form-control-wrap\" data-name=\"tel-625\"><input size=\"40\" maxlength=\"400\" class=\"wpcf7-form-control wpcf7-tel wpcf7-text wpcf7-validates-as-tel\" aria-invalid=\"false\" value=\"\" type=\"tel\" name=\"tel-625\" \/><\/span>\n<\/p>\n<p>Su mensaje\n<\/p>\n<p><span class=\"wpcf7-form-control-wrap\" data-name=\"your-message\"><textarea cols=\"40\" rows=\"10\" maxlength=\"2000\" class=\"wpcf7-form-control wpcf7-textarea\" aria-invalid=\"false\" name=\"your-message\"><\/textarea><\/span>\n<\/p>\n<p><label>\n\t <\/label>\n<\/p>\n<p><strong>Para poder enviar el formulario tiene que aceptar<\/strong> el <a href=\"https:\/\/www.fisiohogar.com\/aviso-legal\/\" target=\"_blank\">aviso legal<\/a> y la <a href=\"https:\/\/www.fisiohogar.com\/politica-de-privacidad\/\" target=\"_blank\">pol\u00edtica de privacidad y protecci\u00f3n de datos<\/a>:<span class=\"wpcf7-form-control-wrap\" data-name=\"acceptance-910\"><span class=\"wpcf7-form-control wpcf7-acceptance\"><span class=\"wpcf7-list-item\"><input type=\"checkbox\" name=\"acceptance-910\" value=\"1\" aria-invalid=\"false\" \/><\/span><\/span><\/span> (marque esta casilla)\n<\/p>\n<p><input class=\"wpcf7-form-control wpcf7-submit has-spinner\" type=\"submit\" value=\"Enviar formulario\" \/>\n<\/p><div class=\"fusion-alert alert custom alert-custom fusion-alert-center wpcf7-response-output awb-alert-native-link-color alert-dismissable awb-alert-close-boxed\" style=\"--awb-border-size:1px;--awb-border-top-left-radius:0px;--awb-border-top-right-radius:0px;--awb-border-bottom-left-radius:0px;--awb-border-bottom-right-radius:0px;\" role=\"alert\"><div class=\"fusion-alert-content-wrapper\"><span class=\"fusion-alert-content\"><\/span><\/div><button type=\"button\" class=\"close toggle-alert\" data-dismiss=\"alert\" aria-label=\"Close\">&times;<\/button><\/div>\n<\/form>\n<\/div>\n[\/vc_column][\/vc_row]<\/p>\n","protected":false},"excerpt":{"rendered":"<p>[vc_row][vc_column][vc_column_text css_animation=\u00bbslideInDown\u00bb vsc_animation=\u00bbfade-in\u00bb]Si est\u00e1 interesado en nuestros servicios de fisioterapia a domicilio orientados a tratar el COVID persistente, p\u00f3ngase en contacto con nosotros para concertar la primera sesi\u00f3n de fisioterapia, o para resolver cualquier  [&#8230;]<\/p>\n","protected":false},"author":1,"featured_media":0,"parent":0,"menu_order":0,"comment_status":"closed","ping_status":"closed","template":"","meta":{"_joinchat":[],"footnotes":""},"class_list":["post-87","page","type-page","status-publish","hentry"],"yoast_head":"<!-- This site is optimized with the Yoast SEO plugin v27.4 - https:\/\/yoast.com\/product\/yoast-seo-wordpress\/ -->\n<title>Contacta ahora - Fisioterapia para pacientes con COVID persistente<\/title>\n<meta name=\"robots\" content=\"index, follow, max-snippet:-1, max-image-preview:large, max-video-preview:-1\" \/>\n<link rel=\"canonical\" href=\"https:\/\/www.fisiohogar.com\/covid-persistente\/contacta-ahora\/\" \/>\n<meta property=\"og:locale\" content=\"es_ES\" \/>\n<meta property=\"og:type\" content=\"article\" \/>\n<meta property=\"og:title\" content=\"Contacta ahora - Fisioterapia para pacientes con COVID persistente\" \/>\n<meta property=\"og:description\" content=\"[vc_row][vc_column][vc_column_text css_animation=\u00bbslideInDown\u00bb vsc_animation=\u00bbfade-in\u00bb]Si est\u00e1 interesado en nuestros servicios de fisioterapia a domicilio orientados a tratar el COVID persistente, p\u00f3ngase en contacto con nosotros para concertar la primera sesi\u00f3n de fisioterapia, o para resolver cualquier [...]\" \/>\n<meta property=\"og:url\" content=\"https:\/\/www.fisiohogar.com\/covid-persistente\/contacta-ahora\/\" \/>\n<meta property=\"og:site_name\" content=\"Fisioterapia para pacientes con COVID persistente\" \/>\n<meta property=\"article:modified_time\" content=\"2023-04-14T23:22:26+00:00\" \/>\n<meta name=\"twitter:card\" content=\"summary_large_image\" \/>\n<meta name=\"twitter:label1\" content=\"Tiempo de lectura\" \/>\n\t<meta name=\"twitter:data1\" content=\"1 minuto\" \/>\n<script type=\"application\/ld+json\" class=\"yoast-schema-graph\">{\"@context\":\"https:\\\/\\\/schema.org\",\"@graph\":[{\"@type\":\"WebPage\",\"@id\":\"https:\\\/\\\/www.fisiohogar.com\\\/covid-persistente\\\/contacta-ahora\\\/\",\"url\":\"https:\\\/\\\/www.fisiohogar.com\\\/covid-persistente\\\/contacta-ahora\\\/\",\"name\":\"Contacta ahora - Fisioterapia para pacientes con COVID persistente\",\"isPartOf\":{\"@id\":\"https:\\\/\\\/www.fisiohogar.com\\\/covid-persistente\\\/#website\"},\"datePublished\":\"2016-03-09T10:54:44+00:00\",\"dateModified\":\"2023-04-14T23:22:26+00:00\",\"breadcrumb\":{\"@id\":\"https:\\\/\\\/www.fisiohogar.com\\\/covid-persistente\\\/contacta-ahora\\\/#breadcrumb\"},\"inLanguage\":\"es\",\"potentialAction\":[{\"@type\":\"ReadAction\",\"target\":[\"https:\\\/\\\/www.fisiohogar.com\\\/covid-persistente\\\/contacta-ahora\\\/\"]}]},{\"@type\":\"BreadcrumbList\",\"@id\":\"https:\\\/\\\/www.fisiohogar.com\\\/covid-persistente\\\/contacta-ahora\\\/#breadcrumb\",\"itemListElement\":[{\"@type\":\"ListItem\",\"position\":1,\"name\":\"Portada\",\"item\":\"https:\\\/\\\/www.fisiohogar.com\\\/covid-persistente\\\/\"},{\"@type\":\"ListItem\",\"position\":2,\"name\":\"Contacta ahora\"}]},{\"@type\":\"WebSite\",\"@id\":\"https:\\\/\\\/www.fisiohogar.com\\\/covid-persistente\\\/#website\",\"url\":\"https:\\\/\\\/www.fisiohogar.com\\\/covid-persistente\\\/\",\"name\":\"Fisioterapia para pacientes con COVID persistente\",\"description\":\"Fisioterapia para COVID persistente\",\"potentialAction\":[{\"@type\":\"SearchAction\",\"target\":{\"@type\":\"EntryPoint\",\"urlTemplate\":\"https:\\\/\\\/www.fisiohogar.com\\\/covid-persistente\\\/?s={search_term_string}\"},\"query-input\":{\"@type\":\"PropertyValueSpecification\",\"valueRequired\":true,\"valueName\":\"search_term_string\"}}],\"inLanguage\":\"es\"}]}<\/script>\n<!-- \/ Yoast SEO plugin. -->","yoast_head_json":{"title":"Contacta ahora - Fisioterapia para pacientes con COVID persistente","robots":{"index":"index","follow":"follow","max-snippet":"max-snippet:-1","max-image-preview":"max-image-preview:large","max-video-preview":"max-video-preview:-1"},"canonical":"https:\/\/www.fisiohogar.com\/covid-persistente\/contacta-ahora\/","og_locale":"es_ES","og_type":"article","og_title":"Contacta ahora - Fisioterapia para pacientes con COVID persistente","og_description":"[vc_row][vc_column][vc_column_text css_animation=\u00bbslideInDown\u00bb vsc_animation=\u00bbfade-in\u00bb]Si est\u00e1 interesado en nuestros servicios de fisioterapia a domicilio orientados a tratar el COVID persistente, p\u00f3ngase en contacto con nosotros para concertar la primera sesi\u00f3n de fisioterapia, o para resolver cualquier [...]","og_url":"https:\/\/www.fisiohogar.com\/covid-persistente\/contacta-ahora\/","og_site_name":"Fisioterapia para pacientes con COVID persistente","article_modified_time":"2023-04-14T23:22:26+00:00","twitter_card":"summary_large_image","twitter_misc":{"Tiempo de lectura":"1 minuto"},"schema":{"@context":"https:\/\/schema.org","@graph":[{"@type":"WebPage","@id":"https:\/\/www.fisiohogar.com\/covid-persistente\/contacta-ahora\/","url":"https:\/\/www.fisiohogar.com\/covid-persistente\/contacta-ahora\/","name":"Contacta ahora - Fisioterapia para pacientes con COVID persistente","isPartOf":{"@id":"https:\/\/www.fisiohogar.com\/covid-persistente\/#website"},"datePublished":"2016-03-09T10:54:44+00:00","dateModified":"2023-04-14T23:22:26+00:00","breadcrumb":{"@id":"https:\/\/www.fisiohogar.com\/covid-persistente\/contacta-ahora\/#breadcrumb"},"inLanguage":"es","potentialAction":[{"@type":"ReadAction","target":["https:\/\/www.fisiohogar.com\/covid-persistente\/contacta-ahora\/"]}]},{"@type":"BreadcrumbList","@id":"https:\/\/www.fisiohogar.com\/covid-persistente\/contacta-ahora\/#breadcrumb","itemListElement":[{"@type":"ListItem","position":1,"name":"Portada","item":"https:\/\/www.fisiohogar.com\/covid-persistente\/"},{"@type":"ListItem","position":2,"name":"Contacta ahora"}]},{"@type":"WebSite","@id":"https:\/\/www.fisiohogar.com\/covid-persistente\/#website","url":"https:\/\/www.fisiohogar.com\/covid-persistente\/","name":"Fisioterapia para pacientes con COVID persistente","description":"Fisioterapia para COVID persistente","potentialAction":[{"@type":"SearchAction","target":{"@type":"EntryPoint","urlTemplate":"https:\/\/www.fisiohogar.com\/covid-persistente\/?s={search_term_string}"},"query-input":{"@type":"PropertyValueSpecification","valueRequired":true,"valueName":"search_term_string"}}],"inLanguage":"es"}]}},"_links":{"self":[{"href":"https:\/\/www.fisiohogar.com\/covid-persistente\/wp-json\/wp\/v2\/pages\/87","targetHints":{"allow":["GET"]}}],"collection":[{"href":"https:\/\/www.fisiohogar.com\/covid-persistente\/wp-json\/wp\/v2\/pages"}],"about":[{"href":"https:\/\/www.fisiohogar.com\/covid-persistente\/wp-json\/wp\/v2\/types\/page"}],"author":[{"embeddable":true,"href":"https:\/\/www.fisiohogar.com\/covid-persistente\/wp-json\/wp\/v2\/users\/1"}],"replies":[{"embeddable":true,"href":"https:\/\/www.fisiohogar.com\/covid-persistente\/wp-json\/wp\/v2\/comments?post=87"}],"version-history":[{"count":9,"href":"https:\/\/www.fisiohogar.com\/covid-persistente\/wp-json\/wp\/v2\/pages\/87\/revisions"}],"predecessor-version":[{"id":5387,"href":"https:\/\/www.fisiohogar.com\/covid-persistente\/wp-json\/wp\/v2\/pages\/87\/revisions\/5387"}],"wp:attachment":[{"href":"https:\/\/www.fisiohogar.com\/covid-persistente\/wp-json\/wp\/v2\/media?parent=87"}],"curies":[{"name":"wp","href":"https:\/\/api.w.org\/{rel}","templated":true}]}}