{"id":84,"date":"2016-03-08T13:58:28","date_gmt":"2016-03-08T13:58:28","guid":{"rendered":"http:\/\/www.fisiohogar.com\/covid-permanente\/?page_id=13"},"modified":"2023-04-14T19:40:24","modified_gmt":"2023-04-14T19:40:24","slug":"fisioterapia-domicilio-barcelona-2","status":"publish","type":"page","link":"https:\/\/www.fisiohogar.com\/covid-persistente\/","title":{"rendered":"Fisioterapia para pacientes con COVID persistente"},"content":{"rendered":"<p>[vc_row][vc_column width=\u00bb1\/3&#8243;][vc_single_image image=\u00bb5273&#8243; img_size=\u00bbfull\u00bb add_caption=\u00bbyes\u00bb alignment=\u00bbcenter\u00bb style=\u00bbvc_box_border\u00bb onclick=\u00bbcustom_link\u00bb css_animation=\u00bbfadeIn\u00bb link=\u00bbhttps:\/\/www.fisiohogar.com\/covid-persistente\/fisioterapia-para-el-covid-persistente\/\u00bb][vc_column_text]<\/p>\n<h4><a href=\"https:\/\/www.fisiohogar.com\/covid-persistente\/fisioterapia-para-el-covid-persistente\/\">Abordaje en fisioterapia<\/a><\/h4>\n<p>En la fisioterapia planteamos la rehabilitaci\u00f3n de los pacientes que sufren el COVID persistente atendiendo los s\u00edntomas que en cada paciente pueden ser diferentes pues mientras que en algunos casos predomina la fatiga en otros destacan los s\u00edntomas neurol\u00f3gicos.[\/vc_column_text][\/vc_column][vc_column width=\u00bb1\/3&#8243;][vc_single_image image=\u00bb5274&#8243; img_size=\u00bbfull\u00bb alignment=\u00bbcenter\u00bb style=\u00bbvc_box_border\u00bb onclick=\u00bbcustom_link\u00bb css_animation=\u00bbfadeIn\u00bb link=\u00bbhttps:\/\/www.fisiohogar.com\/covid-persistente\/fisioterapia-a-domicilio-para-quienes-padecen-covid-persistente\/\u00bb][vc_column_text]<\/p>\n<h4><a href=\"https:\/\/www.fisiohogar.com\/covid-persistente\/fisioterapia-a-domicilio-para-quienes-padecen-covid-persistente\/\">Fisioterapia a domicilio<\/a><\/h4>\n<p>En Fisiohogar le ofrecemos la fisioterapia a domicilio, que no solo le permite la rehabilitaci\u00f3n del COVID persistente en la comodidad de su hogar, sino que tambi\u00e9n podemos planificar ejercicios bien adaptados a ese entorno.[\/vc_column_text][\/vc_column][vc_column width=\u00bb1\/3&#8243;][vc_single_image image=\u00bb5271&#8243; img_size=\u00bbfull\u00bb alignment=\u00bbcenter\u00bb style=\u00bbvc_box_border\u00bb onclick=\u00bbcustom_link\u00bb css_animation=\u00bbfadeIn\u00bb link=\u00bbhttps:\/\/www.fisiohogar.com\/covid-persistente\/fisioterapia-a-domicilio-para-quienes-padecen-covid-persistente\/\u00bb][vc_column_text]<\/p>\n<h4><a href=\"https:\/\/www.fisiohogar.com\/covid-persistente\/que-es-el-covid-persistente\/\">Qu\u00e9 es el COVID persistente<\/a><\/h4>\n<p>El COVID persistente es un conjunto de s\u00edntomas y signos cl\u00ednicos que se mantienen tras la fase agua de la enfermedad, como m\u00ednimo unas 12 semanas, o m\u00e1s tiempo. Tanto los adultos como los ni\u00f1os pueden presentar este s\u00edndrome.[\/vc_column_text][\/vc_column][\/vc_row][vc_row][vc_column][vc_single_image image=\u00bb5265&#8243; img_size=\u00bbfull\u00bb alignment=\u00bbcenter\u00bb css_animation=\u00bbappear\u00bb][vc_row_inner][vc_column_inner][vc_column_text]<\/p>\n<h3>Descuento de 5 euros en su primera sesi\u00f3n de fisioterapia a domicilio para el tratamiento de COVID persistente<\/h3>\n<p>Nos gustar\u00eda que descubriese todo lo que puede hacer la fisioterapia en los casos de COVID persistente. Por ese motivo, realizamos un descuento de 5 euros en su primera sesi\u00f3n de fisioterapia en la que le explicaremos qu\u00e9 terapias podemos poner en pr\u00e1ctica y lo que puede esperar gracias a ellas para que mejore su situaci\u00f3n.<\/p>\n<p>P\u00f3ngase en contacto con nosotros si tiene cualquier duda. Estaremos encantados de atenderle.[\/vc_column_text][\/vc_column_inner][\/vc_row_inner][vc_row_inner][vc_column_inner][vc_single_image image=\u00bb5244&#8243; img_size=\u00bbfull\u00bb alignment=\u00bbright\u00bb onclick=\u00bbcustom_link\u00bb css_animation=\u00bblightSpeedIn\u00bb link=\u00bbtel:\/\/615358759&#8243;][\/vc_column_inner][\/vc_row_inner][\/vc_column][\/vc_row][vc_row][vc_column][vc_row_inner][vc_column_inner][vc_column_text]<\/p>\n<h3>As\u00ed se puede poner en contacto con Fisiohogar para solicitar su primera sesi\u00f3n de fisioterapia<\/h3>\n<ol>\n<li>Ll\u00e1manos por tel\u00e9fono:<a class=\"phone\" href=\"tel:\/\/615358759\">615 358 759<\/a> \u00a0 o env\u00edanos un <a href=\"https:\/\/www.fisiohogar.com\/covid-permanente\/solicitar-cita\/\">formulario para solicitar cita<\/a>.<\/li>\n<li>Acuerda con nosotros el d\u00eda y la hora a la que quieres recibir tu primera sesi\u00f3n de fisioterapia a domicilio.<\/li>\n<li>Espera a la llegada del fisioterapeuta, que valorar\u00e1 qu\u00e9 terapia puede ser m\u00e1s eficaz.<\/li>\n<li>Te recordamos que adem\u00e1s de que aplicaremos en tu primera sesi\u00f3n un descuento de 5 euros, podr\u00e1s contratar <a href=\"https:\/\/www.fisiohogar.com\/covid-permanente\/tarifas-de-fisioterapia\/\">bonos con descuento<\/a>.<\/li>\n<\/ol>\n<p>[\/vc_column_text][\/vc_column_inner][\/vc_row_inner][\/vc_column][\/vc_row][vc_row][vc_column][vc_column_text]<\/p>\n<h3 style=\"text-align: center;\">Fisiohogar en las ciudades donde ofrecemos el servicio de fisioterapia a domicilio<\/h3>\n<p>[\/vc_column_text][vc_raw_html]JTNDaWZyYW1lJTIwc3JjJTNEJTIyaHR0cHMlM0ElMkYlMkZ3d3cuZ29vZ2xlLmNvbSUyRm1hcHMlMkZkJTJGZW1iZWQlM0ZtaWQlM0QxNXA4X2plYW84MUloUG5VSmlxNXF4di0yMnJnWWpfUGUlMjZobCUzRGVzJTI2ZWhiYyUzRDJFMzEyRiUyMiUyMHdpZHRoJTNEJTIyMTAwJTI1JTIyJTIwaGVpZ2h0JTNEJTIyNTgwJTIyJTNFJTNDJTJGaWZyYW1lJTNF[\/vc_raw_html][\/vc_column][\/vc_row]<\/p>\n","protected":false},"excerpt":{"rendered":"<p>[vc_row][vc_column width=\u00bb1\/3&#8243;][vc_single_image image=\u00bb5273&#8243; img_size=\u00bbfull\u00bb add_caption=\u00bbyes\u00bb alignment=\u00bbcenter\u00bb style=\u00bbvc_box_border\u00bb onclick=\u00bbcustom_link\u00bb css_animation=\u00bbfadeIn\u00bb link=\u00bbhttps:\/\/www.fisiohogar.com\/covid-persistente\/fisioterapia-para-el-covid-persistente\/\u00bb][vc_column_text] Abordaje en fisioterapia En la fisioterapia planteamos la rehabilitaci\u00f3n de los pacientes que sufren el COVID persistente atendiendo los s\u00edntomas que en cada paciente  [&#8230;]<\/p>\n","protected":false},"author":1,"featured_media":5304,"parent":0,"menu_order":0,"comment_status":"closed","ping_status":"closed","template":"","meta":{"_joinchat":[],"footnotes":""},"class_list":["post-84","page","type-page","status-publish","has-post-thumbnail","hentry"],"yoast_head":"<!-- This site is optimized with the Yoast SEO plugin v27.4 - https:\/\/yoast.com\/product\/yoast-seo-wordpress\/ -->\n<title>Fisioterapia a domicilio para COVID persistente<\/title>\n<meta name=\"description\" content=\"En Fisiohogar ofrecemos un servicio completo, y profesional, de fisioterapia a domicilio para pacientes afectados por COVID persistente.\" \/>\n<meta name=\"robots\" content=\"index, follow, max-snippet:-1, max-image-preview:large, max-video-preview:-1\" \/>\n<link rel=\"canonical\" href=\"https:\/\/www.fisiohogar.com\/covid-persistente\/\" \/>\n<meta property=\"og:locale\" content=\"es_ES\" \/>\n<meta property=\"og:type\" content=\"article\" \/>\n<meta property=\"og:title\" content=\"Fisioterapia a domicilio para COVID persistente\" \/>\n<meta property=\"og:description\" content=\"En Fisiohogar ofrecemos un servicio completo, y profesional, de fisioterapia a domicilio para pacientes afectados por COVID persistente.\" \/>\n<meta property=\"og:url\" content=\"https:\/\/www.fisiohogar.com\/covid-persistente\/\" \/>\n<meta property=\"og:site_name\" content=\"Fisioterapia para pacientes con COVID persistente\" \/>\n<meta property=\"article:modified_time\" content=\"2023-04-14T19:40:24+00:00\" \/>\n<meta property=\"og:image\" content=\"https:\/\/www.fisiohogar.com\/covid-persistente\/wp-content\/uploads\/sites\/22\/2017\/08\/covid-persistente-1.jpg\" \/>\n\t<meta property=\"og:image:width\" content=\"1200\" \/>\n\t<meta property=\"og:image:height\" content=\"550\" \/>\n\t<meta property=\"og:image:type\" content=\"image\/jpeg\" \/>\n<meta name=\"twitter:card\" content=\"summary_large_image\" \/>\n<meta name=\"twitter:label1\" content=\"Tiempo de lectura\" \/>\n\t<meta name=\"twitter:data1\" content=\"2 minutos\" \/>\n<script type=\"application\/ld+json\" class=\"yoast-schema-graph\">{\"@context\":\"https:\\\/\\\/schema.org\",\"@graph\":[{\"@type\":\"WebPage\",\"@id\":\"https:\\\/\\\/www.fisiohogar.com\\\/covid-persistente\\\/\",\"url\":\"https:\\\/\\\/www.fisiohogar.com\\\/covid-persistente\\\/\",\"name\":\"Fisioterapia a domicilio para COVID persistente\",\"isPartOf\":{\"@id\":\"https:\\\/\\\/www.fisiohogar.com\\\/covid-persistente\\\/#website\"},\"primaryImageOfPage\":{\"@id\":\"https:\\\/\\\/www.fisiohogar.com\\\/covid-persistente\\\/#primaryimage\"},\"image\":{\"@id\":\"https:\\\/\\\/www.fisiohogar.com\\\/covid-persistente\\\/#primaryimage\"},\"thumbnailUrl\":\"https:\\\/\\\/www.fisiohogar.com\\\/covid-persistente\\\/wp-content\\\/uploads\\\/sites\\\/22\\\/2017\\\/08\\\/covid-persistente-1.jpg\",\"datePublished\":\"2016-03-08T13:58:28+00:00\",\"dateModified\":\"2023-04-14T19:40:24+00:00\",\"description\":\"En Fisiohogar ofrecemos un servicio completo, y profesional, de fisioterapia a domicilio para pacientes afectados por COVID persistente.\",\"breadcrumb\":{\"@id\":\"https:\\\/\\\/www.fisiohogar.com\\\/covid-persistente\\\/#breadcrumb\"},\"inLanguage\":\"es\",\"potentialAction\":[{\"@type\":\"ReadAction\",\"target\":[\"https:\\\/\\\/www.fisiohogar.com\\\/covid-persistente\\\/\"]}]},{\"@type\":\"ImageObject\",\"inLanguage\":\"es\",\"@id\":\"https:\\\/\\\/www.fisiohogar.com\\\/covid-persistente\\\/#primaryimage\",\"url\":\"https:\\\/\\\/www.fisiohogar.com\\\/covid-persistente\\\/wp-content\\\/uploads\\\/sites\\\/22\\\/2017\\\/08\\\/covid-persistente-1.jpg\",\"contentUrl\":\"https:\\\/\\\/www.fisiohogar.com\\\/covid-persistente\\\/wp-content\\\/uploads\\\/sites\\\/22\\\/2017\\\/08\\\/covid-persistente-1.jpg\",\"width\":1200,\"height\":550},{\"@type\":\"BreadcrumbList\",\"@id\":\"https:\\\/\\\/www.fisiohogar.com\\\/covid-persistente\\\/#breadcrumb\",\"itemListElement\":[{\"@type\":\"ListItem\",\"position\":1,\"name\":\"Portada\",\"item\":\"https:\\\/\\\/www.fisiohogar.com\\\/covid-persistente\\\/\"},{\"@type\":\"ListItem\",\"position\":2,\"name\":\"Fisioterapia para pacientes con COVID persistente\"}]},{\"@type\":\"WebSite\",\"@id\":\"https:\\\/\\\/www.fisiohogar.com\\\/covid-persistente\\\/#website\",\"url\":\"https:\\\/\\\/www.fisiohogar.com\\\/covid-persistente\\\/\",\"name\":\"Fisioterapia para pacientes con COVID persistente\",\"description\":\"Fisioterapia para COVID persistente\",\"potentialAction\":[{\"@type\":\"SearchAction\",\"target\":{\"@type\":\"EntryPoint\",\"urlTemplate\":\"https:\\\/\\\/www.fisiohogar.com\\\/covid-persistente\\\/?s={search_term_string}\"},\"query-input\":{\"@type\":\"PropertyValueSpecification\",\"valueRequired\":true,\"valueName\":\"search_term_string\"}}],\"inLanguage\":\"es\"}]}<\/script>\n<!-- \/ Yoast SEO plugin. -->","yoast_head_json":{"title":"Fisioterapia a domicilio para COVID persistente","description":"En Fisiohogar ofrecemos un servicio completo, y profesional, de fisioterapia a domicilio para pacientes afectados por COVID persistente.","robots":{"index":"index","follow":"follow","max-snippet":"max-snippet:-1","max-image-preview":"max-image-preview:large","max-video-preview":"max-video-preview:-1"},"canonical":"https:\/\/www.fisiohogar.com\/covid-persistente\/","og_locale":"es_ES","og_type":"article","og_title":"Fisioterapia a domicilio para COVID persistente","og_description":"En Fisiohogar ofrecemos un servicio completo, y profesional, de fisioterapia a domicilio para pacientes afectados por COVID persistente.","og_url":"https:\/\/www.fisiohogar.com\/covid-persistente\/","og_site_name":"Fisioterapia para pacientes con COVID persistente","article_modified_time":"2023-04-14T19:40:24+00:00","og_image":[{"width":1200,"height":550,"url":"https:\/\/www.fisiohogar.com\/covid-persistente\/wp-content\/uploads\/sites\/22\/2017\/08\/covid-persistente-1.jpg","type":"image\/jpeg"}],"twitter_card":"summary_large_image","twitter_misc":{"Tiempo de lectura":"2 minutos"},"schema":{"@context":"https:\/\/schema.org","@graph":[{"@type":"WebPage","@id":"https:\/\/www.fisiohogar.com\/covid-persistente\/","url":"https:\/\/www.fisiohogar.com\/covid-persistente\/","name":"Fisioterapia a domicilio para COVID persistente","isPartOf":{"@id":"https:\/\/www.fisiohogar.com\/covid-persistente\/#website"},"primaryImageOfPage":{"@id":"https:\/\/www.fisiohogar.com\/covid-persistente\/#primaryimage"},"image":{"@id":"https:\/\/www.fisiohogar.com\/covid-persistente\/#primaryimage"},"thumbnailUrl":"https:\/\/www.fisiohogar.com\/covid-persistente\/wp-content\/uploads\/sites\/22\/2017\/08\/covid-persistente-1.jpg","datePublished":"2016-03-08T13:58:28+00:00","dateModified":"2023-04-14T19:40:24+00:00","description":"En Fisiohogar ofrecemos un servicio completo, y profesional, de fisioterapia a domicilio para pacientes afectados por COVID persistente.","breadcrumb":{"@id":"https:\/\/www.fisiohogar.com\/covid-persistente\/#breadcrumb"},"inLanguage":"es","potentialAction":[{"@type":"ReadAction","target":["https:\/\/www.fisiohogar.com\/covid-persistente\/"]}]},{"@type":"ImageObject","inLanguage":"es","@id":"https:\/\/www.fisiohogar.com\/covid-persistente\/#primaryimage","url":"https:\/\/www.fisiohogar.com\/covid-persistente\/wp-content\/uploads\/sites\/22\/2017\/08\/covid-persistente-1.jpg","contentUrl":"https:\/\/www.fisiohogar.com\/covid-persistente\/wp-content\/uploads\/sites\/22\/2017\/08\/covid-persistente-1.jpg","width":1200,"height":550},{"@type":"BreadcrumbList","@id":"https:\/\/www.fisiohogar.com\/covid-persistente\/#breadcrumb","itemListElement":[{"@type":"ListItem","position":1,"name":"Portada","item":"https:\/\/www.fisiohogar.com\/covid-persistente\/"},{"@type":"ListItem","position":2,"name":"Fisioterapia para pacientes con COVID persistente"}]},{"@type":"WebSite","@id":"https:\/\/www.fisiohogar.com\/covid-persistente\/#website","url":"https:\/\/www.fisiohogar.com\/covid-persistente\/","name":"Fisioterapia para pacientes con COVID persistente","description":"Fisioterapia para COVID persistente","potentialAction":[{"@type":"SearchAction","target":{"@type":"EntryPoint","urlTemplate":"https:\/\/www.fisiohogar.com\/covid-persistente\/?s={search_term_string}"},"query-input":{"@type":"PropertyValueSpecification","valueRequired":true,"valueName":"search_term_string"}}],"inLanguage":"es"}]}},"_links":{"self":[{"href":"https:\/\/www.fisiohogar.com\/covid-persistente\/wp-json\/wp\/v2\/pages\/84","targetHints":{"allow":["GET"]}}],"collection":[{"href":"https:\/\/www.fisiohogar.com\/covid-persistente\/wp-json\/wp\/v2\/pages"}],"about":[{"href":"https:\/\/www.fisiohogar.com\/covid-persistente\/wp-json\/wp\/v2\/types\/page"}],"author":[{"embeddable":true,"href":"https:\/\/www.fisiohogar.com\/covid-persistente\/wp-json\/wp\/v2\/users\/1"}],"replies":[{"embeddable":true,"href":"https:\/\/www.fisiohogar.com\/covid-persistente\/wp-json\/wp\/v2\/comments?post=84"}],"version-history":[{"count":25,"href":"https:\/\/www.fisiohogar.com\/covid-persistente\/wp-json\/wp\/v2\/pages\/84\/revisions"}],"predecessor-version":[{"id":5383,"href":"https:\/\/www.fisiohogar.com\/covid-persistente\/wp-json\/wp\/v2\/pages\/84\/revisions\/5383"}],"wp:featuredmedia":[{"embeddable":true,"href":"https:\/\/www.fisiohogar.com\/covid-persistente\/wp-json\/wp\/v2\/media\/5304"}],"wp:attachment":[{"href":"https:\/\/www.fisiohogar.com\/covid-persistente\/wp-json\/wp\/v2\/media?parent=84"}],"curies":[{"name":"wp","href":"https:\/\/api.w.org\/{rel}","templated":true}]}}