{"id":5292,"date":"2021-09-04T18:02:18","date_gmt":"2021-09-04T18:02:18","guid":{"rendered":"https:\/\/www.fisiohogar.com\/covid-persistente\/?page_id=5292"},"modified":"2021-09-05T16:50:35","modified_gmt":"2021-09-05T16:50:35","slug":"fisioterapia-a-domicilio-para-quienes-padecen-covid-persistente","status":"publish","type":"page","link":"https:\/\/www.fisiohogar.com\/covid-persistente\/fisioterapia-a-domicilio-para-quienes-padecen-covid-persistente\/","title":{"rendered":"Fisioterapia a domicilio para quienes padecen COVID persistente"},"content":{"rendered":"<p>[vc_row][vc_column width=\u00bb2\/3&#8243;][vc_column_text]Los s\u00edntomas propios de el COVID persistente pueden conducir a situaciones en las que solo apetezca quedarse en casa. <strong>El cansancio, el dolor de cabeza, la depresi\u00f3n que puede estar asociada, los dolores musculares o las palpitaciones y mareos<\/strong>, no suelen ser una ayuda para desplazarse a una cl\u00ednica de fisioterapia, aguardar el momento en el que nos toque nuestra sesi\u00f3n, y despu\u00e9s regresar de nuevo a casa.<\/p>\n<p>Si pudi\u00e9ramos suprimir el proceso de traslado, el tiempo y el esfuerzo que lleva asociado, y nos qued\u00e1semos tan solo lo que de verdad interesa, es decir, con las sesiones de fisioterapia, sin ninguna duda que para cualquier paciente con COVID persistente, resultar\u00eda mucho m\u00e1s atractivo recurrir a la fisioterapia.<\/p>\n<p>Esto es lo que hacemos en Fisiohogar. <strong>Le llevamos las sesiones de fisioterapia a su domicilio<\/strong>, pues no es usted, sino el fisioterapeuta quien se desplazar\u00e1.<\/p>\n<p>De esta manera conseguimos que la terapia no la asocie con ning\u00fan tipo de incomodidad, al contrario, pues desde casa empezar\u00e1 a descubrir los progresos en su recuperaci\u00f3n, as\u00ed, de la manera m\u00e1s c\u00f3moda.[\/vc_column_text][\/vc_column][vc_column width=\u00bb1\/3&#8243;][vc_single_image image=\u00bb5307&#8243; img_size=\u00bbfull\u00bb css_animation=\u00bbright-to-left\u00bb css=\u00bb.vc_custom_1630855478384{padding-top: 15px !important;padding-right: 15px !important;padding-bottom: 15px !important;padding-left: 15px !important;background-color: rgba(189,214,175,0.21) !important;*background-color: rgb(189,214,175) !important;}\u00bb][\/vc_column][\/vc_row][vc_row][vc_column][vc_single_image image=\u00bb4939&#8243; img_size=\u00bbfull\u00bb alignment=\u00bbcenter\u00bb css_animation=\u00bbfadeIn\u00bb][\/vc_column][\/vc_row][vc_row][vc_column][vc_custom_heading text=\u00bbC\u00f3mo puede solicitar la primera sesi\u00f3n de fisioterapia\u00bb font_container=\u00bbtag:h1|text_align:center\u00bb google_fonts=\u00bbfont_family:Oswald%3A300%2Cregular%2C700|font_style:400%20regular%3A400%3Anormal\u00bb][\/vc_column][\/vc_row][vc_row][vc_column width=\u00bb1\/2&#8243;][vc_custom_heading text=\u00bb01 Contactas ahora\u00bb google_fonts=\u00bbfont_family:Oswald%3A300%2Cregular%2C700|font_style:400%20regular%3A400%3Anormal\u00bb][vc_column_text]Para contactar con Fisiohogar hemos puesto a disposici\u00f3n de nuestros pacientes diferentes v\u00edas. Todas son v\u00e1lidas para solicitar la primera sesi\u00f3n de fisioterapia. As\u00ed que depender\u00e1 de las preferencia de cada persona la herramienta que desee utilizar:<\/p>\n<p><a href=\"https:\/\/www.fisiohogar.com\/covid-persistente\/contacta-ahora\/\">Formulario de contacto<\/a><\/p>\n<p><a href=\"https:\/\/api.whatsapp.com\/send?phone=34615358759&amp;text=\">WhatsApp<\/a><\/p>\n<p>Tel\u00e9fono: <a href=\"tel:615358759\">615 358 759<\/a><\/p>\n<p><a href=\"https:\/\/www.fisiohogar.com\/contact\/\">Registro como paciente<\/a><\/p>\n<p>En este primer contacto puede preguntarnos por las dudas que tenga, ya se refieran a las sesiones de fisioterapia, al horario que m\u00e1s le conviene para dichas sesiones, o cualquier otra cuesti\u00f3n relacionada con el servicio que le vamos a ofrecer.<\/p>\n<p>Siempre intentamos adaptarnos al horario que desean nuestros pacientes, aunque esto no va a ser posible en todos los casos. Por esto mismo le aconsejamos que contacte con nosotros con varios d\u00edas de antelaci\u00f3n antes de su primera sesi\u00f3n de fisioterapia.<\/p>\n<p>En su primera sesi\u00f3n le vamos a descontar 5 euros, y si necesita de varias sesiones, le aconsejamos cualquiera de nuestros bonos en los que aplicamos notables descuentos.<\/p>\n<p>En nuestras tarifas est\u00e1 todo incluido, los desplazamientos, las sesiones, el material que vamos a emplear, todo.[\/vc_column_text][\/vc_column][vc_column width=\u00bb1\/2&#8243;][vc_custom_heading text=\u00bb02 Vamos donde digas\u00bb google_fonts=\u00bbfont_family:Oswald%3A300%2Cregular%2C700|font_style:400%20regular%3A400%3Anormal\u00bb][vc_column_text]En Fisiohogar estamos ofreciendo servicios de fisioterapia a domicilio en varios ciudades espa\u00f1olas. En el mapa puede pulsar sobre la ciudad que tenga un icono con nuestro logo para que aparezca un desplegable con la direcci\u00f3n de la web de dicha ciudad.<\/p>\n<p>[\/vc_column_text][vc_raw_html]JTNDaWZyYW1lJTIwc3JjJTNEJTIyaHR0cHMlM0ElMkYlMkZ3d3cuZ29vZ2xlLmNvbSUyRm1hcHMlMkZkJTJGZW1iZWQlM0ZtaWQlM0QxZ0VFVi16dHVaMlkweEd0VGFXazJJVW9UVWItR1ExaUUlMjZobCUzRGVzJTIyJTIwd2lkdGglM0QlMjIxMDAlMjUlMjIlMjBoZWlnaHQlM0QlMjI0ODAlMjIlM0UlM0MlMkZpZnJhbWUlM0U=[\/vc_raw_html][\/vc_column][\/vc_row][vc_row][vc_column width=\u00bb1\/2&#8243;][vc_custom_heading text=\u00bb03 Evaluamos lo que necesitas\u00bb google_fonts=\u00bbfont_family:Oswald%3A300%2Cregular%2C700|font_style:400%20regular%3A400%3Anormal\u00bb][vc_column_text]El nombre de COVID persistente engloba s\u00edntomas que no siempre coinciden en todos los pacientes aunque podamos establecer un listado de unos 20 s\u00edntomas que se pueden considerar m\u00e1s frecuentes, encontr\u00e1ndolos en m\u00e1s del 50% de quienes padecen este s\u00edndrome.<\/p>\n<p>Sin embargo, a la hora de abordar cada caso en particular, tenemos que atender exclusivamente aquellas manifestaciones que est\u00e1n d\u00e1ndole forma al COVID en cada persona, sin que se pueda establecer de antemano un tratamiento que sea v\u00e1lido para todos.<\/p>\n<p>Por este motivo en ese primer encuentro valoramos, atendiendo a lo que cada paciente nos comunica, cu\u00e1l puede de ser la terapia que ofrezca mejores resultados. En todos los casos nos gu\u00eda el objetivo de conseguir la recuperaci\u00f3n en el menor tiempo posible.[\/vc_column_text][vc_single_image image=\u00bb5322&#8243; img_size=\u00bbfull\u00bb alignment=\u00bbcenter\u00bb][\/vc_column][vc_column width=\u00bb1\/2&#8243;][vc_custom_heading text=\u00bb04 Sesi\u00f3n de fisioterapia\u00bb google_fonts=\u00bbfont_family:Oswald%3A300%2Cregular%2C700|font_style:400%20regular%3A400%3Anormal\u00bb][vc_column_text]Antes de comenzar con la sesi\u00f3n el fisioterapeuta le solicitar\u00e1 el acceso a un aseo donde pueda lavarse las manos, lo mismo que har\u00e1 al final de dicha sesi\u00f3n. Las medidas de higiene que ponemos en pr\u00e1ctica las puede conocer pulsando en el enlace de <a href=\"https:\/\/www.fisiohogar.com\/fisioterapia-segura-con-fisiohogar\/\" target=\"_blank\" rel=\"noopener\">fisioterapia segura<\/a>.<\/p>\n<p>Si resulta necesario que instalemos una camilla tan solo vamos a necesitar que deje un poco de espacio disponible. Si adem\u00e1s la camilla se puede instalar junto a una ventana, garantizaremos la aireaci\u00f3n aconsejable para que reduzcamos al m\u00ednimo cualquier posibilidad de contagio de cualquier tipo. Ninguno de nuestros fisioterapeutas se desplazar\u00e1 al domicilio de ning\u00fan paciente si tiene s\u00edntomas como fiebre, tos, p\u00e9rdida de olfato o gusto.<\/p>\n<p>El fisioterapeuta le aconsejar\u00e1 la realizaci\u00f3n de ejercicios que le permitan seguir evolucionando en su recuperaci\u00f3n.[\/vc_column_text][vc_single_image image=\u00bb5323&#8243; img_size=\u00bbfull\u00bb alignment=\u00bbcenter\u00bb][\/vc_column][\/vc_row]<\/p>\n","protected":false},"excerpt":{"rendered":"<p>[vc_row][vc_column width=\u00bb2\/3&#8243;][vc_column_text]Los s\u00edntomas propios de el COVID persistente pueden conducir a situaciones en las que solo apetezca quedarse en casa. El cansancio, el dolor de cabeza, la depresi\u00f3n que puede estar asociada, los dolores  [&#8230;]<\/p>\n","protected":false},"author":1,"featured_media":0,"parent":0,"menu_order":0,"comment_status":"closed","ping_status":"closed","template":"template-full.php","meta":{"_joinchat":[],"footnotes":""},"class_list":["post-5292","page","type-page","status-publish","hentry"],"yoast_head":"<!-- This site is optimized with the Yoast SEO plugin v27.4 - https:\/\/yoast.com\/product\/yoast-seo-wordpress\/ -->\n<title>Fisioterapia a domicilio para quienes padecen COVID persistente - Fisioterapia para pacientes con COVID persistente<\/title>\n<meta name=\"robots\" content=\"index, follow, max-snippet:-1, max-image-preview:large, max-video-preview:-1\" \/>\n<link rel=\"canonical\" href=\"https:\/\/www.fisiohogar.com\/covid-persistente\/fisioterapia-a-domicilio-para-quienes-padecen-covid-persistente\/\" \/>\n<meta property=\"og:locale\" content=\"es_ES\" \/>\n<meta property=\"og:type\" content=\"article\" \/>\n<meta property=\"og:title\" content=\"Fisioterapia a domicilio para quienes padecen COVID persistente - Fisioterapia para pacientes con COVID persistente\" \/>\n<meta property=\"og:description\" content=\"[vc_row][vc_column width=\u00bb2\/3&#8243;][vc_column_text]Los s\u00edntomas propios de el COVID persistente pueden conducir a situaciones en las que solo apetezca quedarse en casa. El cansancio, el dolor de cabeza, la depresi\u00f3n que puede estar asociada, los dolores [...]\" \/>\n<meta property=\"og:url\" content=\"https:\/\/www.fisiohogar.com\/covid-persistente\/fisioterapia-a-domicilio-para-quienes-padecen-covid-persistente\/\" \/>\n<meta property=\"og:site_name\" content=\"Fisioterapia para pacientes con COVID persistente\" \/>\n<meta property=\"article:modified_time\" content=\"2021-09-05T16:50:35+00:00\" \/>\n<meta name=\"twitter:card\" content=\"summary_large_image\" \/>\n<meta name=\"twitter:label1\" content=\"Tiempo de lectura\" \/>\n\t<meta name=\"twitter:data1\" content=\"4 minutos\" \/>\n<script type=\"application\/ld+json\" class=\"yoast-schema-graph\">{\"@context\":\"https:\\\/\\\/schema.org\",\"@graph\":[{\"@type\":\"WebPage\",\"@id\":\"https:\\\/\\\/www.fisiohogar.com\\\/covid-persistente\\\/fisioterapia-a-domicilio-para-quienes-padecen-covid-persistente\\\/\",\"url\":\"https:\\\/\\\/www.fisiohogar.com\\\/covid-persistente\\\/fisioterapia-a-domicilio-para-quienes-padecen-covid-persistente\\\/\",\"name\":\"Fisioterapia a domicilio para quienes padecen COVID persistente - Fisioterapia para pacientes con COVID persistente\",\"isPartOf\":{\"@id\":\"https:\\\/\\\/www.fisiohogar.com\\\/covid-persistente\\\/#website\"},\"datePublished\":\"2021-09-04T18:02:18+00:00\",\"dateModified\":\"2021-09-05T16:50:35+00:00\",\"breadcrumb\":{\"@id\":\"https:\\\/\\\/www.fisiohogar.com\\\/covid-persistente\\\/fisioterapia-a-domicilio-para-quienes-padecen-covid-persistente\\\/#breadcrumb\"},\"inLanguage\":\"es\",\"potentialAction\":[{\"@type\":\"ReadAction\",\"target\":[\"https:\\\/\\\/www.fisiohogar.com\\\/covid-persistente\\\/fisioterapia-a-domicilio-para-quienes-padecen-covid-persistente\\\/\"]}]},{\"@type\":\"BreadcrumbList\",\"@id\":\"https:\\\/\\\/www.fisiohogar.com\\\/covid-persistente\\\/fisioterapia-a-domicilio-para-quienes-padecen-covid-persistente\\\/#breadcrumb\",\"itemListElement\":[{\"@type\":\"ListItem\",\"position\":1,\"name\":\"Portada\",\"item\":\"https:\\\/\\\/www.fisiohogar.com\\\/covid-persistente\\\/\"},{\"@type\":\"ListItem\",\"position\":2,\"name\":\"Fisioterapia a domicilio para quienes padecen COVID persistente\"}]},{\"@type\":\"WebSite\",\"@id\":\"https:\\\/\\\/www.fisiohogar.com\\\/covid-persistente\\\/#website\",\"url\":\"https:\\\/\\\/www.fisiohogar.com\\\/covid-persistente\\\/\",\"name\":\"Fisioterapia para pacientes con COVID persistente\",\"description\":\"Fisioterapia para COVID persistente\",\"potentialAction\":[{\"@type\":\"SearchAction\",\"target\":{\"@type\":\"EntryPoint\",\"urlTemplate\":\"https:\\\/\\\/www.fisiohogar.com\\\/covid-persistente\\\/?s={search_term_string}\"},\"query-input\":{\"@type\":\"PropertyValueSpecification\",\"valueRequired\":true,\"valueName\":\"search_term_string\"}}],\"inLanguage\":\"es\"}]}<\/script>\n<!-- \/ Yoast SEO plugin. -->","yoast_head_json":{"title":"Fisioterapia a domicilio para quienes padecen COVID persistente - Fisioterapia para pacientes con COVID persistente","robots":{"index":"index","follow":"follow","max-snippet":"max-snippet:-1","max-image-preview":"max-image-preview:large","max-video-preview":"max-video-preview:-1"},"canonical":"https:\/\/www.fisiohogar.com\/covid-persistente\/fisioterapia-a-domicilio-para-quienes-padecen-covid-persistente\/","og_locale":"es_ES","og_type":"article","og_title":"Fisioterapia a domicilio para quienes padecen COVID persistente - Fisioterapia para pacientes con COVID persistente","og_description":"[vc_row][vc_column width=\u00bb2\/3&#8243;][vc_column_text]Los s\u00edntomas propios de el COVID persistente pueden conducir a situaciones en las que solo apetezca quedarse en casa. El cansancio, el dolor de cabeza, la depresi\u00f3n que puede estar asociada, los dolores [...]","og_url":"https:\/\/www.fisiohogar.com\/covid-persistente\/fisioterapia-a-domicilio-para-quienes-padecen-covid-persistente\/","og_site_name":"Fisioterapia para pacientes con COVID persistente","article_modified_time":"2021-09-05T16:50:35+00:00","twitter_card":"summary_large_image","twitter_misc":{"Tiempo de lectura":"4 minutos"},"schema":{"@context":"https:\/\/schema.org","@graph":[{"@type":"WebPage","@id":"https:\/\/www.fisiohogar.com\/covid-persistente\/fisioterapia-a-domicilio-para-quienes-padecen-covid-persistente\/","url":"https:\/\/www.fisiohogar.com\/covid-persistente\/fisioterapia-a-domicilio-para-quienes-padecen-covid-persistente\/","name":"Fisioterapia a domicilio para quienes padecen COVID persistente - Fisioterapia para pacientes con COVID persistente","isPartOf":{"@id":"https:\/\/www.fisiohogar.com\/covid-persistente\/#website"},"datePublished":"2021-09-04T18:02:18+00:00","dateModified":"2021-09-05T16:50:35+00:00","breadcrumb":{"@id":"https:\/\/www.fisiohogar.com\/covid-persistente\/fisioterapia-a-domicilio-para-quienes-padecen-covid-persistente\/#breadcrumb"},"inLanguage":"es","potentialAction":[{"@type":"ReadAction","target":["https:\/\/www.fisiohogar.com\/covid-persistente\/fisioterapia-a-domicilio-para-quienes-padecen-covid-persistente\/"]}]},{"@type":"BreadcrumbList","@id":"https:\/\/www.fisiohogar.com\/covid-persistente\/fisioterapia-a-domicilio-para-quienes-padecen-covid-persistente\/#breadcrumb","itemListElement":[{"@type":"ListItem","position":1,"name":"Portada","item":"https:\/\/www.fisiohogar.com\/covid-persistente\/"},{"@type":"ListItem","position":2,"name":"Fisioterapia a domicilio para quienes padecen COVID persistente"}]},{"@type":"WebSite","@id":"https:\/\/www.fisiohogar.com\/covid-persistente\/#website","url":"https:\/\/www.fisiohogar.com\/covid-persistente\/","name":"Fisioterapia para pacientes con COVID persistente","description":"Fisioterapia para COVID persistente","potentialAction":[{"@type":"SearchAction","target":{"@type":"EntryPoint","urlTemplate":"https:\/\/www.fisiohogar.com\/covid-persistente\/?s={search_term_string}"},"query-input":{"@type":"PropertyValueSpecification","valueRequired":true,"valueName":"search_term_string"}}],"inLanguage":"es"}]}},"_links":{"self":[{"href":"https:\/\/www.fisiohogar.com\/covid-persistente\/wp-json\/wp\/v2\/pages\/5292","targetHints":{"allow":["GET"]}}],"collection":[{"href":"https:\/\/www.fisiohogar.com\/covid-persistente\/wp-json\/wp\/v2\/pages"}],"about":[{"href":"https:\/\/www.fisiohogar.com\/covid-persistente\/wp-json\/wp\/v2\/types\/page"}],"author":[{"embeddable":true,"href":"https:\/\/www.fisiohogar.com\/covid-persistente\/wp-json\/wp\/v2\/users\/1"}],"replies":[{"embeddable":true,"href":"https:\/\/www.fisiohogar.com\/covid-persistente\/wp-json\/wp\/v2\/comments?post=5292"}],"version-history":[{"count":22,"href":"https:\/\/www.fisiohogar.com\/covid-persistente\/wp-json\/wp\/v2\/pages\/5292\/revisions"}],"predecessor-version":[{"id":5326,"href":"https:\/\/www.fisiohogar.com\/covid-persistente\/wp-json\/wp\/v2\/pages\/5292\/revisions\/5326"}],"wp:attachment":[{"href":"https:\/\/www.fisiohogar.com\/covid-persistente\/wp-json\/wp\/v2\/media?parent=5292"}],"curies":[{"name":"wp","href":"https:\/\/api.w.org\/{rel}","templated":true}]}}