{"id":5290,"date":"2021-09-04T18:01:45","date_gmt":"2021-09-04T18:01:45","guid":{"rendered":"https:\/\/www.fisiohogar.com\/covid-persistente\/?page_id=5290"},"modified":"2021-09-06T14:25:26","modified_gmt":"2021-09-06T14:25:26","slug":"fisioterapia-para-el-covid-persistente","status":"publish","type":"page","link":"https:\/\/www.fisiohogar.com\/covid-persistente\/fisioterapia-para-el-covid-persistente\/","title":{"rendered":"Fisioterapia para el COVID persistente"},"content":{"rendered":"<p>[vc_row][vc_column][vc_column_text]<\/p>\n<h2>La rehabilitaci\u00f3n del COVID-19 persistente<\/h2>\n<p>Con la intervenci\u00f3n en fisioterapia de los casos de COVID persistente se abordan los diferentes s\u00edntomas que afectan a estas personas adapt\u00e1ndose en cada caso al estado de salud y al nivel energ\u00e9tico, con la intenci\u00f3n de hacer posible la rehabilitaci\u00f3n sin causar fatiga o empeorar los s\u00edntomas actuales.<\/p>\n<p>El fisioterapeuta pone en marcha una serie de actuaciones en las que se va a optimizar el desarrollo de las actividades cotidianas, haciendo posible su adaptaci\u00f3n y recuperaci\u00f3n para que los pacientes recuperen el m\u00e1ximo de su potencial y puedan volver a su actividad anterior a la enfermedad.<\/p>\n<p>Sabemos que los <a href=\"https:\/\/www.fisiohogar.com\/covid-persistente\/que-es-el-covid-persistente\/\">s\u00edntomas en el COVID persistente<\/a> pueden variar de manera notable entre los afectados, por ese motivo es fundamental que el tratamiento siempre se personalice de manera individualizada para conocer primero las causas subyacentes y plantear la terapia que puede ser m\u00e1s eficaz.<\/p>\n<p>En esa b\u00fasqueda de las causas de diferentes s\u00edntomas como las palpitaciones, los mareos, la disnea, la baja saturaci\u00f3n de ox\u00edgeno o la fatiga, los fisioterapeutas vamos a realizar nuestro trabajo teniendo presente tambi\u00e9n la labor de otros profesionales de la salud que pueden plantear la realizaci\u00f3n de diferentes pruebas o an\u00e1lisis.<\/p>\n<p>Por lo general lo que se va a hacer en la rehabilitaci\u00f3n de estos pacientes es avanzar en la intensidad de las actividades propuestas al mismo tiempo que se controla la frecuencia card\u00edaca. De este modo avanzaremos hacia el objetivo de regreso a la normalidad.[\/vc_column_text][\/vc_column][\/vc_row][vc_row][vc_column][vc_single_image image=\u00bb5353&#8243; img_size=\u00bbfull\u00bb alignment=\u00bbright\u00bb css_animation=\u00bbfadeIn\u00bb][\/vc_column][\/vc_row][vc_row][vc_column][vc_column_text]<\/p>\n<h2>Abordando la fatiga y el malestar tras cualquier esfuerzo<\/h2>\n<p>Entre quienes padecen de COVID persistente es frecuente que est\u00e9 presente la sensaci\u00f3n de fatiga, a modo de cansancio extremo, ante la realizaci\u00f3n del m\u00e1s m\u00ednimo esfuerzo. Como esta fatiga se presenta ante tareas que antes se desarrollaban sin ninguna dificultad, la calidad de vida se resiente de manera notable pues ni siquiera descansando, o durmiendo, se consigue la recuperaci\u00f3n deseada.<\/p>\n<p>En estos casos los fisioterapeutas ense\u00f1amos a los pacientes a retomar sus actividades cotidianas de una manera pausada, teniendo en cuenta los niveles de energ\u00eda de cada persona y procurando siempre que no se llegue al nivel en el que aparece de nuevo la fatiga. Se aplican, por lo tanto, t\u00e9cnicas que tambi\u00e9n suelen estar presentes en el tratamiento de personas que se han visto afectadas por el s\u00edndrome de fatiga cr\u00f3nica o encefalomielitis mi\u00e1lgica.<\/p>\n<p>De este modo los fisioterapeutas ense\u00f1amos a estas personas que padecen COVID persistente a tener un mejor control de su cuerpo, evitando siempre que se superen los niveles de esfuerzo en los que va a aparecer la fatiga o se van a complicar los s\u00edntomas, recurriendo al descanso cada vez que sea necesario y moderando la actividad f\u00edsica y cognitiva.[\/vc_column_text][\/vc_column][\/vc_row][vc_row][vc_column][vc_column_text]<\/p>\n<h2>Ejercicios de respiraci\u00f3n para el COVID persistente<\/h2>\n<p>Una labor fundamental, podr\u00edamos decir que obligada, en las sesiones de fisioterapia consiste en ense\u00f1arle al paciente c\u00f3mo puede realizar ejercicios que ayudar\u00e1n a que evolucione favorablemente, logrando los objetivos planteados en un tiempo menor.<\/p>\n<p>La implicaci\u00f3n del paciente en su recuperaci\u00f3n es necesaria y ha demostrado en otras enfermedades que es el pilar b\u00e1sico para que la recuperaci\u00f3n pueda conseguirse. Un paciente motivado, que va descubriendo c\u00f3mo progresa recuperando su salud, va a ser la mejor garant\u00eda para que los ejercicios propuestos se realicen diariamente y de la manera correcta. Un paciente desmotivado y con una actitud pasiva es m\u00e1s probable que no se sienta implicado en la realizaci\u00f3n de ejercicios y esto, sin duda, prolongar\u00e1 el tiempo de recuperaci\u00f3n.<\/p>\n<p>Entre los ejercicios que ense\u00f1amos se encuentran los respiratorios, que ayudan a la recuperaci\u00f3n de las funciones de los pulmones, y que adem\u00e1s van a permitir que se tenga un mejor control sobre los estados de estr\u00e9s y ansiedad. Tambi\u00e9n vamos a ayudar a restaurar la funci\u00f3n del diafragma y a aumentar la capacidad pulmonar.<\/p>\n<p>Conseguimos, de esta manera, que los pacientes empiecen a sentir que pueden avanzar en el retorno a la vida que ten\u00edan antes de la enfermedad. Siempre vamos a evitar cualquier riesgo que pueda desembocar en una crisis de esfuerzo, pues lo que buscamos es progresar manteniendo las sensaciones de que en todo momento se tiene el control de la situaci\u00f3n, y en cualquier caso, tambi\u00e9n vamos a proporcionar herramientas que ayuden a controlar cualquier circunstancia en la que se presente la ansiedad de manera inesperada.[\/vc_column_text][\/vc_column][\/vc_row][vc_row][vc_column][vc_column_text]<\/p>\n<h2>Contacte ahora con nosotros para su primera sesi\u00f3n de fisioterapia<\/h2>\n<p>Recuerde que las terapias para el tratamiento del COVID persistente siempre hay que proponerlas atendiendo a la situaci\u00f3n de cada paciente. Aunque muchos de los s\u00edntomas son comunes en las personas afectadas, no siempre se presentan con la misma intensidad, ni el estado en el que se encuentran va a ser el mismo.<\/p>\n<p>En la primera sesi\u00f3n de fisioterapia vamos a evaluar su situaci\u00f3n para proponerle las terapias m\u00e1s adecuadas.[\/vc_column_text][\/vc_column][\/vc_row][vc_row][vc_column][vc_single_image image=\u00bb5244&#8243; img_size=\u00bbfull\u00bb alignment=\u00bbcenter\u00bb onclick=\u00bbcustom_link\u00bb css_animation=\u00bbfadeInLeft\u00bb link=\u00bbtel:\/\/615358759&#8243;][\/vc_column][\/vc_row]<\/p>\n","protected":false},"excerpt":{"rendered":"<p>[vc_row][vc_column][vc_column_text] La rehabilitaci\u00f3n del COVID-19 persistente Con la intervenci\u00f3n en fisioterapia de los casos de COVID persistente se abordan los diferentes s\u00edntomas que afectan a estas personas adapt\u00e1ndose en cada caso al estado de  [&#8230;]<\/p>\n","protected":false},"author":1,"featured_media":0,"parent":0,"menu_order":0,"comment_status":"closed","ping_status":"closed","template":"template-full.php","meta":{"_joinchat":[],"footnotes":""},"class_list":["post-5290","page","type-page","status-publish","hentry"],"yoast_head":"<!-- This site is optimized with the Yoast SEO plugin v27.4 - https:\/\/yoast.com\/product\/yoast-seo-wordpress\/ -->\n<title>Fisioterapia para el COVID persistente - Fisioterapia para pacientes con COVID persistente<\/title>\n<meta name=\"robots\" content=\"index, follow, max-snippet:-1, max-image-preview:large, max-video-preview:-1\" \/>\n<link rel=\"canonical\" href=\"https:\/\/www.fisiohogar.com\/covid-persistente\/fisioterapia-para-el-covid-persistente\/\" \/>\n<meta property=\"og:locale\" content=\"es_ES\" \/>\n<meta property=\"og:type\" content=\"article\" \/>\n<meta property=\"og:title\" content=\"Fisioterapia para el COVID persistente - Fisioterapia para pacientes con COVID persistente\" \/>\n<meta property=\"og:description\" content=\"[vc_row][vc_column][vc_column_text] La rehabilitaci\u00f3n del COVID-19 persistente Con la intervenci\u00f3n en fisioterapia de los casos de COVID persistente se abordan los diferentes s\u00edntomas que afectan a estas personas adapt\u00e1ndose en cada caso al estado de [...]\" \/>\n<meta property=\"og:url\" content=\"https:\/\/www.fisiohogar.com\/covid-persistente\/fisioterapia-para-el-covid-persistente\/\" \/>\n<meta property=\"og:site_name\" content=\"Fisioterapia para pacientes con COVID persistente\" \/>\n<meta property=\"article:modified_time\" content=\"2021-09-06T14:25:26+00:00\" \/>\n<meta name=\"twitter:card\" content=\"summary_large_image\" \/>\n<meta name=\"twitter:label1\" content=\"Tiempo de lectura\" \/>\n\t<meta name=\"twitter:data1\" content=\"4 minutos\" \/>\n<script type=\"application\/ld+json\" class=\"yoast-schema-graph\">{\"@context\":\"https:\\\/\\\/schema.org\",\"@graph\":[{\"@type\":\"WebPage\",\"@id\":\"https:\\\/\\\/www.fisiohogar.com\\\/covid-persistente\\\/fisioterapia-para-el-covid-persistente\\\/\",\"url\":\"https:\\\/\\\/www.fisiohogar.com\\\/covid-persistente\\\/fisioterapia-para-el-covid-persistente\\\/\",\"name\":\"Fisioterapia para el COVID persistente - Fisioterapia para pacientes con COVID persistente\",\"isPartOf\":{\"@id\":\"https:\\\/\\\/www.fisiohogar.com\\\/covid-persistente\\\/#website\"},\"datePublished\":\"2021-09-04T18:01:45+00:00\",\"dateModified\":\"2021-09-06T14:25:26+00:00\",\"breadcrumb\":{\"@id\":\"https:\\\/\\\/www.fisiohogar.com\\\/covid-persistente\\\/fisioterapia-para-el-covid-persistente\\\/#breadcrumb\"},\"inLanguage\":\"es\",\"potentialAction\":[{\"@type\":\"ReadAction\",\"target\":[\"https:\\\/\\\/www.fisiohogar.com\\\/covid-persistente\\\/fisioterapia-para-el-covid-persistente\\\/\"]}]},{\"@type\":\"BreadcrumbList\",\"@id\":\"https:\\\/\\\/www.fisiohogar.com\\\/covid-persistente\\\/fisioterapia-para-el-covid-persistente\\\/#breadcrumb\",\"itemListElement\":[{\"@type\":\"ListItem\",\"position\":1,\"name\":\"Portada\",\"item\":\"https:\\\/\\\/www.fisiohogar.com\\\/covid-persistente\\\/\"},{\"@type\":\"ListItem\",\"position\":2,\"name\":\"Fisioterapia para el COVID persistente\"}]},{\"@type\":\"WebSite\",\"@id\":\"https:\\\/\\\/www.fisiohogar.com\\\/covid-persistente\\\/#website\",\"url\":\"https:\\\/\\\/www.fisiohogar.com\\\/covid-persistente\\\/\",\"name\":\"Fisioterapia para pacientes con COVID persistente\",\"description\":\"Fisioterapia para COVID persistente\",\"potentialAction\":[{\"@type\":\"SearchAction\",\"target\":{\"@type\":\"EntryPoint\",\"urlTemplate\":\"https:\\\/\\\/www.fisiohogar.com\\\/covid-persistente\\\/?s={search_term_string}\"},\"query-input\":{\"@type\":\"PropertyValueSpecification\",\"valueRequired\":true,\"valueName\":\"search_term_string\"}}],\"inLanguage\":\"es\"}]}<\/script>\n<!-- \/ Yoast SEO plugin. -->","yoast_head_json":{"title":"Fisioterapia para el COVID persistente - Fisioterapia para pacientes con COVID persistente","robots":{"index":"index","follow":"follow","max-snippet":"max-snippet:-1","max-image-preview":"max-image-preview:large","max-video-preview":"max-video-preview:-1"},"canonical":"https:\/\/www.fisiohogar.com\/covid-persistente\/fisioterapia-para-el-covid-persistente\/","og_locale":"es_ES","og_type":"article","og_title":"Fisioterapia para el COVID persistente - Fisioterapia para pacientes con COVID persistente","og_description":"[vc_row][vc_column][vc_column_text] La rehabilitaci\u00f3n del COVID-19 persistente Con la intervenci\u00f3n en fisioterapia de los casos de COVID persistente se abordan los diferentes s\u00edntomas que afectan a estas personas adapt\u00e1ndose en cada caso al estado de [...]","og_url":"https:\/\/www.fisiohogar.com\/covid-persistente\/fisioterapia-para-el-covid-persistente\/","og_site_name":"Fisioterapia para pacientes con COVID persistente","article_modified_time":"2021-09-06T14:25:26+00:00","twitter_card":"summary_large_image","twitter_misc":{"Tiempo de lectura":"4 minutos"},"schema":{"@context":"https:\/\/schema.org","@graph":[{"@type":"WebPage","@id":"https:\/\/www.fisiohogar.com\/covid-persistente\/fisioterapia-para-el-covid-persistente\/","url":"https:\/\/www.fisiohogar.com\/covid-persistente\/fisioterapia-para-el-covid-persistente\/","name":"Fisioterapia para el COVID persistente - Fisioterapia para pacientes con COVID persistente","isPartOf":{"@id":"https:\/\/www.fisiohogar.com\/covid-persistente\/#website"},"datePublished":"2021-09-04T18:01:45+00:00","dateModified":"2021-09-06T14:25:26+00:00","breadcrumb":{"@id":"https:\/\/www.fisiohogar.com\/covid-persistente\/fisioterapia-para-el-covid-persistente\/#breadcrumb"},"inLanguage":"es","potentialAction":[{"@type":"ReadAction","target":["https:\/\/www.fisiohogar.com\/covid-persistente\/fisioterapia-para-el-covid-persistente\/"]}]},{"@type":"BreadcrumbList","@id":"https:\/\/www.fisiohogar.com\/covid-persistente\/fisioterapia-para-el-covid-persistente\/#breadcrumb","itemListElement":[{"@type":"ListItem","position":1,"name":"Portada","item":"https:\/\/www.fisiohogar.com\/covid-persistente\/"},{"@type":"ListItem","position":2,"name":"Fisioterapia para el COVID persistente"}]},{"@type":"WebSite","@id":"https:\/\/www.fisiohogar.com\/covid-persistente\/#website","url":"https:\/\/www.fisiohogar.com\/covid-persistente\/","name":"Fisioterapia para pacientes con COVID persistente","description":"Fisioterapia para COVID persistente","potentialAction":[{"@type":"SearchAction","target":{"@type":"EntryPoint","urlTemplate":"https:\/\/www.fisiohogar.com\/covid-persistente\/?s={search_term_string}"},"query-input":{"@type":"PropertyValueSpecification","valueRequired":true,"valueName":"search_term_string"}}],"inLanguage":"es"}]}},"_links":{"self":[{"href":"https:\/\/www.fisiohogar.com\/covid-persistente\/wp-json\/wp\/v2\/pages\/5290","targetHints":{"allow":["GET"]}}],"collection":[{"href":"https:\/\/www.fisiohogar.com\/covid-persistente\/wp-json\/wp\/v2\/pages"}],"about":[{"href":"https:\/\/www.fisiohogar.com\/covid-persistente\/wp-json\/wp\/v2\/types\/page"}],"author":[{"embeddable":true,"href":"https:\/\/www.fisiohogar.com\/covid-persistente\/wp-json\/wp\/v2\/users\/1"}],"replies":[{"embeddable":true,"href":"https:\/\/www.fisiohogar.com\/covid-persistente\/wp-json\/wp\/v2\/comments?post=5290"}],"version-history":[{"count":9,"href":"https:\/\/www.fisiohogar.com\/covid-persistente\/wp-json\/wp\/v2\/pages\/5290\/revisions"}],"predecessor-version":[{"id":5354,"href":"https:\/\/www.fisiohogar.com\/covid-persistente\/wp-json\/wp\/v2\/pages\/5290\/revisions\/5354"}],"wp:attachment":[{"href":"https:\/\/www.fisiohogar.com\/covid-persistente\/wp-json\/wp\/v2\/media?parent=5290"}],"curies":[{"name":"wp","href":"https:\/\/api.w.org\/{rel}","templated":true}]}}