{"id":5288,"date":"2021-09-04T18:01:11","date_gmt":"2021-09-04T18:01:11","guid":{"rendered":"https:\/\/www.fisiohogar.com\/covid-persistente\/?page_id=5288"},"modified":"2021-09-05T19:13:51","modified_gmt":"2021-09-05T19:13:51","slug":"que-es-el-covid-persistente","status":"publish","type":"page","link":"https:\/\/www.fisiohogar.com\/covid-persistente\/que-es-el-covid-persistente\/","title":{"rendered":"Qu\u00e9 es el COVID persistente"},"content":{"rendered":"<p>[vc_row][vc_column][vc_column_text]<\/p>\n<h2>\u00bfQu\u00e9 es el COVID persistente?<\/h2>\n<p>Cuando una persona se ha infectado por el coronavirus SARS-CoV-2 puede evolucionar hasta desarrollar s\u00edntomas, que es frecuente que desaparezcan en los casos leves al cabo de unas dos semanas. Cuando la evoluci\u00f3n conduce a un caso grave podemos esperar que termine llegando la curaci\u00f3n en unas cuatro a seis semanas.<\/p>\n<p>Los s\u00edntomas m\u00e1s frecuentes en los pacientes con COVID suelen ser la tos seca, fiebre, fatiga, dolor corporal, tambi\u00e9n pueden aparecer s\u00edntomas relacionados con una afecci\u00f3n pulmonar, dolor en el pecho, mayor dificultad para respirar, que en los casos m\u00e1s graves puede conducir a una neumon\u00eda que necesite de ingreso hospitalario. Tambi\u00e9n podemos encontrar otros s\u00edntomas como diarrea. v\u00f3mitos, p\u00e9rdida del gusto y el olfato.<\/p>\n<p>Pues bien, <strong>cuando varios de esos s\u00edntomas contin\u00faan durante 12 semanas, o m\u00e1s, entonces tenemos que empezar a considerar que estamos ante un caso de COVID persistente<\/strong>.<\/p>\n<p>En ocasiones se menciona la <strong>COVID persistente<\/strong> como <strong>COVID permanente<\/strong>, pero es tan solo debido a una confusi\u00f3n entre los t\u00e9rminos utilizados que se deber\u00eda de evitar pues el adjetivo permanente se emplea para indicar \u00absin l\u00edmite en el tiempo\u00bb, y sin embargo, persistente se ajusta mejor a la realidad pues con el tratamiento adecuado los pacientes pueden evolucionar hacia una curaci\u00f3n completa, o cuando menos hasta una reducci\u00f3n de los s\u00edntomas que le permitan vivir al margen de los serios trastornos que introduce la COVID en su periodo agudo.<\/p>\n<h2>\u00bfEl antecedente de alguna enfermedad condiciona a favor de la presencia de COVID persistente?<\/h2>\n<p>Aunque se han mencionado diferentes enfermedades que s\u00ed pueden influir para que la evoluci\u00f3n del COVID sea m\u00e1s desfavorable, no podemos decir lo mismo de la instalaci\u00f3n del COVID en su fase persistente.<\/p>\n<p>Lo que sabemos es que cualquier persona, incluidas aquellas que se encontraban perfectamente sanas antes de pasar el COVID, pueden desarrollar un COVID persistente.<\/p>\n<p>Adem\u00e1s, la gravedad de la enfermedad, ya se necesite ingreso hospitalario, o se supere en casa, no condicionar\u00e1 tampoco que se contin\u00fae, o no, con la forma persistente.<\/p>\n<h2>\u00bfEl COVID persistente es m\u00e1s frecuente en hombres o en mujeres? \u00bfEn qu\u00e9 rango de edades ser\u00e1 m\u00e1s probable desarrollar la forma persistente?<\/h2>\n<p>Lo primero que debemos de tener en cuenta es que en torno a un 10% de quienes padecieron la enfermedad le dar\u00e1n continuidad en su fase persistente.<\/p>\n<p>En alg\u00fan estudio estad\u00edstico se ha encontrado que del total de afectados casi un <strong>80% son mujeres y poco m\u00e1s del 20% son hombres<\/strong>.<\/p>\n<p>Si atendemos a rango de edades se ven claramente desfavorecidos los que se sit\u00faan en torno a los 43 a\u00f1os, reduci\u00e9ndose la incidencia a casos casi anecd\u00f3ticos en los menores de 20 a\u00f1os y los mayores de 70 a\u00f1os.<\/p>\n<p>Por lo tanto, <strong>el perfil m\u00e1s probable de un paciente con COVID persistente es una mujer de unos 43 a\u00f1os<\/strong>.[\/vc_column_text][\/vc_column][\/vc_row][vc_row][vc_column][vc_single_image image=\u00bb5330&#8243; img_size=\u00bbfull\u00bb alignment=\u00bbcenter\u00bb css_animation=\u00bbfadeIn\u00bb css=\u00bb.vc_custom_1630869205589{padding-top: 25px !important;padding-bottom: 25px !important;}\u00bb][\/vc_column][\/vc_row][vc_row][vc_column][vc_column_text]<\/p>\n<h2>\u00bfCu\u00e1les son los s\u00edntomas m\u00e1s frecuentes en el COVID persistente?<\/h2>\n<p>Entre los m\u00e1s de 200 s\u00edntomas que podemos encontrar en este s\u00edndrome los tres m\u00e1s destacados son:<\/p>\n<ul>\n<li>Fatiga o sensaci\u00f3n de agotamiento extremo.<\/li>\n<li>Exacerbaci\u00f3n del malestar que se siente tras realizar un esfuerzo.<\/li>\n<li>Problemas de memoria y concentraci\u00f3n.<\/li>\n<\/ul>\n<p>Si clasificamos los s\u00edntomas atendiendo a una mayor frecuencia de presentaci\u00f3n los podr\u00edamos ordenar de la siguiente manera:<\/p>\n<ul>\n<li>Cansancio<\/li>\n<li>Malestar general<\/li>\n<li>Dolor de cabeza<\/li>\n<li>Bajo estado de \u00e1nimo que se puede unir a depresi\u00f3n y ansiedad<\/li>\n<li>Dolor muscular<\/li>\n<li>Sensaci\u00f3n de falta de aire (disnea)<\/li>\n<li>Dolor de las articulaciones<\/li>\n<li>Mala concentraci\u00f3n<\/li>\n<li>Dolor de espalda<\/li>\n<li>Sensaci\u00f3n de opresi\u00f3n en el pecho<\/li>\n<li>Fiebre ligera<\/li>\n<li>Tos<\/li>\n<li>Fallos de la memoria<\/li>\n<\/ul>\n<p>[\/vc_column_text][\/vc_column][\/vc_row]<\/p>\n","protected":false},"excerpt":{"rendered":"<p>[vc_row][vc_column][vc_column_text] \u00bfQu\u00e9 es el COVID persistente? Cuando una persona se ha infectado por el coronavirus SARS-CoV-2 puede evolucionar hasta desarrollar s\u00edntomas, que es frecuente que desaparezcan en los casos leves al cabo de unas  [&#8230;]<\/p>\n","protected":false},"author":1,"featured_media":0,"parent":0,"menu_order":0,"comment_status":"closed","ping_status":"closed","template":"template-full.php","meta":{"_joinchat":[],"footnotes":""},"class_list":["post-5288","page","type-page","status-publish","hentry"],"yoast_head":"<!-- This site is optimized with the Yoast SEO plugin v27.4 - https:\/\/yoast.com\/product\/yoast-seo-wordpress\/ -->\n<title>Qu\u00e9 es el COVID persistente - Fisioterapia para pacientes con COVID persistente<\/title>\n<meta name=\"robots\" content=\"index, follow, max-snippet:-1, max-image-preview:large, max-video-preview:-1\" \/>\n<link rel=\"canonical\" href=\"https:\/\/www.fisiohogar.com\/covid-persistente\/que-es-el-covid-persistente\/\" \/>\n<meta property=\"og:locale\" content=\"es_ES\" \/>\n<meta property=\"og:type\" content=\"article\" \/>\n<meta property=\"og:title\" content=\"Qu\u00e9 es el COVID persistente - Fisioterapia para pacientes con COVID persistente\" \/>\n<meta property=\"og:description\" content=\"[vc_row][vc_column][vc_column_text] \u00bfQu\u00e9 es el COVID persistente? Cuando una persona se ha infectado por el coronavirus SARS-CoV-2 puede evolucionar hasta desarrollar s\u00edntomas, que es frecuente que desaparezcan en los casos leves al cabo de unas [...]\" \/>\n<meta property=\"og:url\" content=\"https:\/\/www.fisiohogar.com\/covid-persistente\/que-es-el-covid-persistente\/\" \/>\n<meta property=\"og:site_name\" content=\"Fisioterapia para pacientes con COVID persistente\" \/>\n<meta property=\"article:modified_time\" content=\"2021-09-05T19:13:51+00:00\" \/>\n<meta name=\"twitter:card\" content=\"summary_large_image\" \/>\n<meta name=\"twitter:label1\" content=\"Tiempo de lectura\" \/>\n\t<meta name=\"twitter:data1\" content=\"3 minutos\" \/>\n<script type=\"application\/ld+json\" class=\"yoast-schema-graph\">{\"@context\":\"https:\\\/\\\/schema.org\",\"@graph\":[{\"@type\":\"WebPage\",\"@id\":\"https:\\\/\\\/www.fisiohogar.com\\\/covid-persistente\\\/que-es-el-covid-persistente\\\/\",\"url\":\"https:\\\/\\\/www.fisiohogar.com\\\/covid-persistente\\\/que-es-el-covid-persistente\\\/\",\"name\":\"Qu\u00e9 es el COVID persistente - Fisioterapia para pacientes con COVID persistente\",\"isPartOf\":{\"@id\":\"https:\\\/\\\/www.fisiohogar.com\\\/covid-persistente\\\/#website\"},\"datePublished\":\"2021-09-04T18:01:11+00:00\",\"dateModified\":\"2021-09-05T19:13:51+00:00\",\"breadcrumb\":{\"@id\":\"https:\\\/\\\/www.fisiohogar.com\\\/covid-persistente\\\/que-es-el-covid-persistente\\\/#breadcrumb\"},\"inLanguage\":\"es\",\"potentialAction\":[{\"@type\":\"ReadAction\",\"target\":[\"https:\\\/\\\/www.fisiohogar.com\\\/covid-persistente\\\/que-es-el-covid-persistente\\\/\"]}]},{\"@type\":\"BreadcrumbList\",\"@id\":\"https:\\\/\\\/www.fisiohogar.com\\\/covid-persistente\\\/que-es-el-covid-persistente\\\/#breadcrumb\",\"itemListElement\":[{\"@type\":\"ListItem\",\"position\":1,\"name\":\"Portada\",\"item\":\"https:\\\/\\\/www.fisiohogar.com\\\/covid-persistente\\\/\"},{\"@type\":\"ListItem\",\"position\":2,\"name\":\"Qu\u00e9 es el COVID persistente\"}]},{\"@type\":\"WebSite\",\"@id\":\"https:\\\/\\\/www.fisiohogar.com\\\/covid-persistente\\\/#website\",\"url\":\"https:\\\/\\\/www.fisiohogar.com\\\/covid-persistente\\\/\",\"name\":\"Fisioterapia para pacientes con COVID persistente\",\"description\":\"Fisioterapia para COVID persistente\",\"potentialAction\":[{\"@type\":\"SearchAction\",\"target\":{\"@type\":\"EntryPoint\",\"urlTemplate\":\"https:\\\/\\\/www.fisiohogar.com\\\/covid-persistente\\\/?s={search_term_string}\"},\"query-input\":{\"@type\":\"PropertyValueSpecification\",\"valueRequired\":true,\"valueName\":\"search_term_string\"}}],\"inLanguage\":\"es\"}]}<\/script>\n<!-- \/ Yoast SEO plugin. -->","yoast_head_json":{"title":"Qu\u00e9 es el COVID persistente - Fisioterapia para pacientes con COVID persistente","robots":{"index":"index","follow":"follow","max-snippet":"max-snippet:-1","max-image-preview":"max-image-preview:large","max-video-preview":"max-video-preview:-1"},"canonical":"https:\/\/www.fisiohogar.com\/covid-persistente\/que-es-el-covid-persistente\/","og_locale":"es_ES","og_type":"article","og_title":"Qu\u00e9 es el COVID persistente - Fisioterapia para pacientes con COVID persistente","og_description":"[vc_row][vc_column][vc_column_text] \u00bfQu\u00e9 es el COVID persistente? Cuando una persona se ha infectado por el coronavirus SARS-CoV-2 puede evolucionar hasta desarrollar s\u00edntomas, que es frecuente que desaparezcan en los casos leves al cabo de unas [...]","og_url":"https:\/\/www.fisiohogar.com\/covid-persistente\/que-es-el-covid-persistente\/","og_site_name":"Fisioterapia para pacientes con COVID persistente","article_modified_time":"2021-09-05T19:13:51+00:00","twitter_card":"summary_large_image","twitter_misc":{"Tiempo de lectura":"3 minutos"},"schema":{"@context":"https:\/\/schema.org","@graph":[{"@type":"WebPage","@id":"https:\/\/www.fisiohogar.com\/covid-persistente\/que-es-el-covid-persistente\/","url":"https:\/\/www.fisiohogar.com\/covid-persistente\/que-es-el-covid-persistente\/","name":"Qu\u00e9 es el COVID persistente - Fisioterapia para pacientes con COVID persistente","isPartOf":{"@id":"https:\/\/www.fisiohogar.com\/covid-persistente\/#website"},"datePublished":"2021-09-04T18:01:11+00:00","dateModified":"2021-09-05T19:13:51+00:00","breadcrumb":{"@id":"https:\/\/www.fisiohogar.com\/covid-persistente\/que-es-el-covid-persistente\/#breadcrumb"},"inLanguage":"es","potentialAction":[{"@type":"ReadAction","target":["https:\/\/www.fisiohogar.com\/covid-persistente\/que-es-el-covid-persistente\/"]}]},{"@type":"BreadcrumbList","@id":"https:\/\/www.fisiohogar.com\/covid-persistente\/que-es-el-covid-persistente\/#breadcrumb","itemListElement":[{"@type":"ListItem","position":1,"name":"Portada","item":"https:\/\/www.fisiohogar.com\/covid-persistente\/"},{"@type":"ListItem","position":2,"name":"Qu\u00e9 es el COVID persistente"}]},{"@type":"WebSite","@id":"https:\/\/www.fisiohogar.com\/covid-persistente\/#website","url":"https:\/\/www.fisiohogar.com\/covid-persistente\/","name":"Fisioterapia para pacientes con COVID persistente","description":"Fisioterapia para COVID persistente","potentialAction":[{"@type":"SearchAction","target":{"@type":"EntryPoint","urlTemplate":"https:\/\/www.fisiohogar.com\/covid-persistente\/?s={search_term_string}"},"query-input":{"@type":"PropertyValueSpecification","valueRequired":true,"valueName":"search_term_string"}}],"inLanguage":"es"}]}},"_links":{"self":[{"href":"https:\/\/www.fisiohogar.com\/covid-persistente\/wp-json\/wp\/v2\/pages\/5288","targetHints":{"allow":["GET"]}}],"collection":[{"href":"https:\/\/www.fisiohogar.com\/covid-persistente\/wp-json\/wp\/v2\/pages"}],"about":[{"href":"https:\/\/www.fisiohogar.com\/covid-persistente\/wp-json\/wp\/v2\/types\/page"}],"author":[{"embeddable":true,"href":"https:\/\/www.fisiohogar.com\/covid-persistente\/wp-json\/wp\/v2\/users\/1"}],"replies":[{"embeddable":true,"href":"https:\/\/www.fisiohogar.com\/covid-persistente\/wp-json\/wp\/v2\/comments?post=5288"}],"version-history":[{"count":5,"href":"https:\/\/www.fisiohogar.com\/covid-persistente\/wp-json\/wp\/v2\/pages\/5288\/revisions"}],"predecessor-version":[{"id":5331,"href":"https:\/\/www.fisiohogar.com\/covid-persistente\/wp-json\/wp\/v2\/pages\/5288\/revisions\/5331"}],"wp:attachment":[{"href":"https:\/\/www.fisiohogar.com\/covid-persistente\/wp-json\/wp\/v2\/media?parent=5288"}],"curies":[{"name":"wp","href":"https:\/\/api.w.org\/{rel}","templated":true}]}}