{"id":19292,"date":"2026-01-28T23:04:17","date_gmt":"2026-01-28T23:04:17","guid":{"rendered":"https:\/\/www.fisiohogar.com\/cheque-servicio-comunidad-madrid\/?page_id=19292"},"modified":"2026-01-28T23:24:37","modified_gmt":"2026-01-28T23:24:37","slug":"cheque-servicio-y-la-fisioterapia","status":"publish","type":"page","link":"https:\/\/www.fisiohogar.com\/cheque-servicio-comunidad-madrid\/cheque-servicio-y-la-fisioterapia\/","title":{"rendered":"Cheque servicio y la fisioterapia"},"content":{"rendered":"<div class=\"fusion-fullwidth fullwidth-box fusion-builder-row-1 fusion-flex-container has-pattern-background has-mask-background nonhundred-percent-fullwidth non-hundred-percent-height-scrolling\" style=\"--awb-border-radius-top-left:0px;--awb-border-radius-top-right:0px;--awb-border-radius-bottom-right:0px;--awb-border-radius-bottom-left:0px;--awb-flex-wrap:wrap;\" ><div class=\"fusion-builder-row fusion-row fusion-flex-align-items-flex-start fusion-flex-content-wrap\" style=\"max-width:1248px;margin-left: calc(-4% \/ 2 );margin-right: calc(-4% \/ 2 );\"><div class=\"fusion-layout-column fusion_builder_column fusion-builder-column-0 fusion_builder_column_1_1 1_1 fusion-flex-column\" style=\"--awb-bg-size:cover;--awb-width-large:100%;--awb-margin-top-large:0px;--awb-spacing-right-large:1.92%;--awb-margin-bottom-large:20px;--awb-spacing-left-large:1.92%;--awb-width-medium:100%;--awb-order-medium:0;--awb-spacing-right-medium:1.92%;--awb-spacing-left-medium:1.92%;--awb-width-small:100%;--awb-order-small:0;--awb-spacing-right-small:1.92%;--awb-spacing-left-small:1.92%;\"><div class=\"fusion-column-wrapper fusion-column-has-shadow fusion-flex-justify-content-flex-start fusion-content-layout-column\"><div class=\"fusion-text fusion-text-1\"><h1>La combinaci\u00f3n perfecta, el Cheque servicio y la fisioterapia a domicilio<\/h1>\n<\/div><\/div><\/div><div class=\"fusion-layout-column fusion_builder_column fusion-builder-column-1 fusion_builder_column_1_3 1_3 fusion-flex-column\" style=\"--awb-bg-size:cover;--awb-width-large:33.333333333333%;--awb-margin-top-large:0px;--awb-spacing-right-large:5.76%;--awb-margin-bottom-large:20px;--awb-spacing-left-large:5.76%;--awb-width-medium:33.333333333333%;--awb-order-medium:0;--awb-spacing-right-medium:5.76%;--awb-spacing-left-medium:5.76%;--awb-width-small:100%;--awb-order-small:0;--awb-spacing-right-small:1.92%;--awb-spacing-left-small:1.92%;\"><div class=\"fusion-column-wrapper fusion-column-has-shadow fusion-flex-justify-content-flex-start fusion-content-layout-column\"><div class=\"fusion-image-element \" style=\"--awb-caption-title-font-family:var(--h2_typography-font-family);--awb-caption-title-font-weight:var(--h2_typography-font-weight);--awb-caption-title-font-style:var(--h2_typography-font-style);--awb-caption-title-size:var(--h2_typography-font-size);--awb-caption-title-transform:var(--h2_typography-text-transform);--awb-caption-title-line-height:var(--h2_typography-line-height);--awb-caption-title-letter-spacing:var(--h2_typography-letter-spacing);\"><span class=\" fusion-imageframe imageframe-none imageframe-1 hover-type-none\"><img decoding=\"async\" width=\"1141\" height=\"2560\" title=\"pevs-fisioterapia\" src=\"https:\/\/www.fisiohogar.com\/cheque-servicio-comunidad-madrid\/wp-content\/uploads\/sites\/47\/2026\/01\/pevs-fisioterapia-scaled.jpg\" data-orig-src=\"https:\/\/www.fisiohogar.com\/cheque-servicio-comunidad-madrid\/wp-content\/uploads\/sites\/47\/2026\/01\/pevs-fisioterapia-scaled.jpg\" alt class=\"lazyload img-responsive wp-image-19296\" srcset=\"data:image\/svg+xml,%3Csvg%20xmlns%3D%27http%3A%2F%2Fwww.w3.org%2F2000%2Fsvg%27%20width%3D%271141%27%20height%3D%272560%27%20viewBox%3D%270%200%201141%202560%27%3E%3Crect%20width%3D%271141%27%20height%3D%272560%27%20fill-opacity%3D%220%22%2F%3E%3C%2Fsvg%3E\" data-srcset=\"https:\/\/www.fisiohogar.com\/cheque-servicio-comunidad-madrid\/wp-content\/uploads\/sites\/47\/2026\/01\/pevs-fisioterapia-200x449.jpg 200w, https:\/\/www.fisiohogar.com\/cheque-servicio-comunidad-madrid\/wp-content\/uploads\/sites\/47\/2026\/01\/pevs-fisioterapia-400x897.jpg 400w, https:\/\/www.fisiohogar.com\/cheque-servicio-comunidad-madrid\/wp-content\/uploads\/sites\/47\/2026\/01\/pevs-fisioterapia-600x1346.jpg 600w, https:\/\/www.fisiohogar.com\/cheque-servicio-comunidad-madrid\/wp-content\/uploads\/sites\/47\/2026\/01\/pevs-fisioterapia-800x1794.jpg 800w, https:\/\/www.fisiohogar.com\/cheque-servicio-comunidad-madrid\/wp-content\/uploads\/sites\/47\/2026\/01\/pevs-fisioterapia-scaled.jpg 1141w, https:\/\/www.fisiohogar.com\/cheque-servicio-comunidad-madrid\/wp-content\/uploads\/sites\/47\/2026\/01\/pevs-fisioterapia-1200x2692.jpg 1200w\" data-sizes=\"auto\" data-orig-sizes=\"(max-width: 640px) 100vw, 400px\" \/><\/span><\/div><\/div><\/div><div class=\"fusion-layout-column fusion_builder_column fusion-builder-column-2 fusion_builder_column_2_3 2_3 fusion-flex-column\" style=\"--awb-bg-size:cover;--awb-width-large:66.666666666667%;--awb-margin-top-large:0px;--awb-spacing-right-large:2.88%;--awb-margin-bottom-large:20px;--awb-spacing-left-large:2.88%;--awb-width-medium:66.666666666667%;--awb-order-medium:0;--awb-spacing-right-medium:2.88%;--awb-spacing-left-medium:2.88%;--awb-width-small:100%;--awb-order-small:0;--awb-spacing-right-small:1.92%;--awb-spacing-left-small:1.92%;\"><div class=\"fusion-column-wrapper fusion-column-has-shadow fusion-flex-justify-content-flex-start fusion-content-layout-column\"><div class=\"fusion-text fusion-text-2\"><p>La <strong>Comunidad de Madrid<\/strong> ofrece una ayuda econ\u00f3mica conocida como <strong>Cheque Servicio<\/strong>, oficialmente llamada <strong>Prestaci\u00f3n Econ\u00f3mica Vinculada al Servicio (PEVS)<\/strong>, dentro de la <strong>Ley de Promoci\u00f3n de la Autonom\u00eda Personal y Atenci\u00f3n a las Personas en Situaci\u00f3n de Dependencia<\/strong>. Esta prestaci\u00f3n est\u00e1 pensada para apoyar a las personas con <strong>dependencia reconocida<\/strong> o con <strong>limitaci\u00f3n de autonom\u00eda<\/strong>, permiti\u00e9ndoles financiar parte del coste de servicios de atenci\u00f3n profesional que necesitan cuando los servicios p\u00fablicos no son suficientes o no est\u00e1n disponibles en tiempo y forma.<\/p>\n<h2>\u00bfPor qu\u00e9 considerar la fisioterapia a domicilio con el Cheque Servicio?<\/h2>\n<p>Entre los servicios que puede financiar el Cheque Servicio est\u00e1 la <strong>fisioterapia<\/strong>, que resulta especialmente importante para personas con movilidad reducida, problemas musculoesquel\u00e9ticos o en procesos de recuperaci\u00f3n funcional. Sin embargo, m\u00e1s all\u00e1 de la fisioterapia tradicional en consulta, <strong>la fisioterapia a domicilio encaja de forma especialmente adecuada con este tipo de ayuda por varias razones<\/strong>.<\/p>\n<h3>1. Evita desplazamientos y facilita la accesibilidad<\/h3>\n<p>Muchas de las personas con dependencia o movilidad limitada encuentran costoso, pesado o incluso riesgoso desplazarse hasta un centro de fisioterapia. El tratamiento en domicilio elimina esta barrera, permitiendo que el profesional acuda directamente al lugar donde vive el paciente y adapte el tratamiento a sus condiciones personales.<\/p>\n<h3>2. Permite continuidad en el tratamiento<\/h3>\n<p>La fisioterapia es m\u00e1s eficaz cuando se mantiene de forma regular y consistente. La combinaci\u00f3n del Cheque Servicio con fisioterapia a domicilio permite al beneficiario continuar con programas de rehabilitaci\u00f3n sin interrupciones por motivos log\u00edsticos o de transporte, lo que puede traducirse en mejores resultados funcionales y calidad de vida.<\/p>\n<h3>3. Atenci\u00f3n personalizada y centrada en el entorno real<\/h3>\n<p>Al tratarse de fisioterapia en el domicilio, el profesional puede observar directamente las condiciones del hogar del paciente y adaptar ejercicios, posturas y estrategias de movilidad al contexto real de cada persona. Esta personalizaci\u00f3n puede marcar una diferencia significativa frente a la terapia en un entorno cl\u00ednico que no siempre refleja los retos reales del d\u00eda a d\u00eda.<\/p>\n<h3>4. Apoyo para la familia y los cuidadores<\/h3>\n<p>La fisioterapia a domicilio no solo beneficia al paciente. Tambi\u00e9n reduce la carga log\u00edstica y f\u00edsica de los cuidadores y familiares, que en muchos casos asumen la responsabilidad de acompa\u00f1ar a los mayores o dependientes a centros de salud o consultas externas. Con el Cheque Servicio, la atenci\u00f3n profesional se desplaza a casa, ayudando a disminuir el esfuerzo familiar.<\/p>\n<\/div><\/div><\/div><\/div><\/div>\n","protected":false},"excerpt":{"rendered":"","protected":false},"author":1,"featured_media":0,"parent":0,"menu_order":0,"comment_status":"closed","ping_status":"closed","template":"","meta":{"_joinchat":[],"footnotes":""},"class_list":["post-19292","page","type-page","status-publish","hentry"],"yoast_head":"<!-- This site is optimized with the Yoast SEO plugin v27.5 - https:\/\/yoast.com\/product\/yoast-seo-wordpress\/ -->\n<title>Cheque servicio y la fisioterapia - Cheque Servicio en la Comunidad de Madrid<\/title>\n<meta name=\"robots\" content=\"index, follow, max-snippet:-1, max-image-preview:large, max-video-preview:-1\" \/>\n<link rel=\"canonical\" href=\"https:\/\/www.fisiohogar.com\/cheque-servicio-comunidad-madrid\/cheque-servicio-y-la-fisioterapia\/\" \/>\n<meta property=\"og:locale\" content=\"es_ES\" \/>\n<meta property=\"og:type\" content=\"article\" \/>\n<meta property=\"og:title\" content=\"Cheque servicio y la fisioterapia - Cheque Servicio en la Comunidad de Madrid\" \/>\n<meta property=\"og:url\" content=\"https:\/\/www.fisiohogar.com\/cheque-servicio-comunidad-madrid\/cheque-servicio-y-la-fisioterapia\/\" \/>\n<meta property=\"og:site_name\" content=\"Cheque Servicio en la Comunidad de Madrid\" \/>\n<meta property=\"article:modified_time\" content=\"2026-01-28T23:24:37+00:00\" \/>\n<meta name=\"twitter:card\" content=\"summary_large_image\" \/>\n<meta name=\"twitter:label1\" content=\"Tiempo de lectura\" \/>\n\t<meta name=\"twitter:data1\" content=\"3 minutos\" \/>\n<script type=\"application\/ld+json\" class=\"yoast-schema-graph\">{\"@context\":\"https:\\\/\\\/schema.org\",\"@graph\":[{\"@type\":\"WebPage\",\"@id\":\"https:\\\/\\\/www.fisiohogar.com\\\/cheque-servicio-comunidad-madrid\\\/cheque-servicio-y-la-fisioterapia\\\/\",\"url\":\"https:\\\/\\\/www.fisiohogar.com\\\/cheque-servicio-comunidad-madrid\\\/cheque-servicio-y-la-fisioterapia\\\/\",\"name\":\"Cheque servicio y la fisioterapia - Cheque Servicio en la Comunidad de Madrid\",\"isPartOf\":{\"@id\":\"https:\\\/\\\/www.fisiohogar.com\\\/cheque-servicio-comunidad-madrid\\\/#website\"},\"datePublished\":\"2026-01-28T23:04:17+00:00\",\"dateModified\":\"2026-01-28T23:24:37+00:00\",\"breadcrumb\":{\"@id\":\"https:\\\/\\\/www.fisiohogar.com\\\/cheque-servicio-comunidad-madrid\\\/cheque-servicio-y-la-fisioterapia\\\/#breadcrumb\"},\"inLanguage\":\"es\",\"potentialAction\":[{\"@type\":\"ReadAction\",\"target\":[\"https:\\\/\\\/www.fisiohogar.com\\\/cheque-servicio-comunidad-madrid\\\/cheque-servicio-y-la-fisioterapia\\\/\"]}]},{\"@type\":\"BreadcrumbList\",\"@id\":\"https:\\\/\\\/www.fisiohogar.com\\\/cheque-servicio-comunidad-madrid\\\/cheque-servicio-y-la-fisioterapia\\\/#breadcrumb\",\"itemListElement\":[{\"@type\":\"ListItem\",\"position\":1,\"name\":\"Portada\",\"item\":\"https:\\\/\\\/www.fisiohogar.com\\\/cheque-servicio-comunidad-madrid\\\/\"},{\"@type\":\"ListItem\",\"position\":2,\"name\":\"Cheque servicio y la fisioterapia\"}]},{\"@type\":\"WebSite\",\"@id\":\"https:\\\/\\\/www.fisiohogar.com\\\/cheque-servicio-comunidad-madrid\\\/#website\",\"url\":\"https:\\\/\\\/www.fisiohogar.com\\\/cheque-servicio-comunidad-madrid\\\/\",\"name\":\"Cheque Servicio en la Comunidad de Madrid\",\"description\":\"Fisioterapia a domicilio en Madrid\",\"potentialAction\":[{\"@type\":\"SearchAction\",\"target\":{\"@type\":\"EntryPoint\",\"urlTemplate\":\"https:\\\/\\\/www.fisiohogar.com\\\/cheque-servicio-comunidad-madrid\\\/?s={search_term_string}\"},\"query-input\":{\"@type\":\"PropertyValueSpecification\",\"valueRequired\":true,\"valueName\":\"search_term_string\"}}],\"inLanguage\":\"es\"}]}<\/script>\n<!-- \/ Yoast SEO plugin. -->","yoast_head_json":{"title":"Cheque servicio y la fisioterapia - Cheque Servicio en la Comunidad de Madrid","robots":{"index":"index","follow":"follow","max-snippet":"max-snippet:-1","max-image-preview":"max-image-preview:large","max-video-preview":"max-video-preview:-1"},"canonical":"https:\/\/www.fisiohogar.com\/cheque-servicio-comunidad-madrid\/cheque-servicio-y-la-fisioterapia\/","og_locale":"es_ES","og_type":"article","og_title":"Cheque servicio y la fisioterapia - Cheque Servicio en la Comunidad de Madrid","og_url":"https:\/\/www.fisiohogar.com\/cheque-servicio-comunidad-madrid\/cheque-servicio-y-la-fisioterapia\/","og_site_name":"Cheque Servicio en la Comunidad de Madrid","article_modified_time":"2026-01-28T23:24:37+00:00","twitter_card":"summary_large_image","twitter_misc":{"Tiempo de lectura":"3 minutos"},"schema":{"@context":"https:\/\/schema.org","@graph":[{"@type":"WebPage","@id":"https:\/\/www.fisiohogar.com\/cheque-servicio-comunidad-madrid\/cheque-servicio-y-la-fisioterapia\/","url":"https:\/\/www.fisiohogar.com\/cheque-servicio-comunidad-madrid\/cheque-servicio-y-la-fisioterapia\/","name":"Cheque servicio y la fisioterapia - Cheque Servicio en la Comunidad de Madrid","isPartOf":{"@id":"https:\/\/www.fisiohogar.com\/cheque-servicio-comunidad-madrid\/#website"},"datePublished":"2026-01-28T23:04:17+00:00","dateModified":"2026-01-28T23:24:37+00:00","breadcrumb":{"@id":"https:\/\/www.fisiohogar.com\/cheque-servicio-comunidad-madrid\/cheque-servicio-y-la-fisioterapia\/#breadcrumb"},"inLanguage":"es","potentialAction":[{"@type":"ReadAction","target":["https:\/\/www.fisiohogar.com\/cheque-servicio-comunidad-madrid\/cheque-servicio-y-la-fisioterapia\/"]}]},{"@type":"BreadcrumbList","@id":"https:\/\/www.fisiohogar.com\/cheque-servicio-comunidad-madrid\/cheque-servicio-y-la-fisioterapia\/#breadcrumb","itemListElement":[{"@type":"ListItem","position":1,"name":"Portada","item":"https:\/\/www.fisiohogar.com\/cheque-servicio-comunidad-madrid\/"},{"@type":"ListItem","position":2,"name":"Cheque servicio y la fisioterapia"}]},{"@type":"WebSite","@id":"https:\/\/www.fisiohogar.com\/cheque-servicio-comunidad-madrid\/#website","url":"https:\/\/www.fisiohogar.com\/cheque-servicio-comunidad-madrid\/","name":"Cheque Servicio en la Comunidad de Madrid","description":"Fisioterapia a domicilio en Madrid","potentialAction":[{"@type":"SearchAction","target":{"@type":"EntryPoint","urlTemplate":"https:\/\/www.fisiohogar.com\/cheque-servicio-comunidad-madrid\/?s={search_term_string}"},"query-input":{"@type":"PropertyValueSpecification","valueRequired":true,"valueName":"search_term_string"}}],"inLanguage":"es"}]}},"_links":{"self":[{"href":"https:\/\/www.fisiohogar.com\/cheque-servicio-comunidad-madrid\/wp-json\/wp\/v2\/pages\/19292","targetHints":{"allow":["GET"]}}],"collection":[{"href":"https:\/\/www.fisiohogar.com\/cheque-servicio-comunidad-madrid\/wp-json\/wp\/v2\/pages"}],"about":[{"href":"https:\/\/www.fisiohogar.com\/cheque-servicio-comunidad-madrid\/wp-json\/wp\/v2\/types\/page"}],"author":[{"embeddable":true,"href":"https:\/\/www.fisiohogar.com\/cheque-servicio-comunidad-madrid\/wp-json\/wp\/v2\/users\/1"}],"replies":[{"embeddable":true,"href":"https:\/\/www.fisiohogar.com\/cheque-servicio-comunidad-madrid\/wp-json\/wp\/v2\/comments?post=19292"}],"version-history":[{"count":5,"href":"https:\/\/www.fisiohogar.com\/cheque-servicio-comunidad-madrid\/wp-json\/wp\/v2\/pages\/19292\/revisions"}],"predecessor-version":[{"id":19307,"href":"https:\/\/www.fisiohogar.com\/cheque-servicio-comunidad-madrid\/wp-json\/wp\/v2\/pages\/19292\/revisions\/19307"}],"wp:attachment":[{"href":"https:\/\/www.fisiohogar.com\/cheque-servicio-comunidad-madrid\/wp-json\/wp\/v2\/media?parent=19292"}],"curies":[{"name":"wp","href":"https:\/\/api.w.org\/{rel}","templated":true}]}}