{"id":93,"date":"2015-03-27T13:30:42","date_gmt":"2015-03-27T13:30:42","guid":{"rendered":"http:\/\/www.fisiohogar.com\/bilbao\/?page_id=93"},"modified":"2023-03-03T19:16:35","modified_gmt":"2023-03-03T19:16:35","slug":"fisioterapia-respiratoria","status":"publish","type":"page","link":"https:\/\/www.fisiohogar.com\/bilbao\/es\/fisioterapia-respiratoria\/","title":{"rendered":"Fisioterapia respiratoria"},"content":{"rendered":"<p style=\"text-align: justify;\">La fisioterapia respiratoria consiste en una serie de t\u00e9cnicas y tratamientos que tienen como objetivo principal eliminar las secrecciones mucosas traqueobroquiales y por tanto mejorar las capacidades respiratorias aumentando la tolerancia al ejercicio y mejorando la calidad de vida.<\/p>\n<p style=\"text-align: justify;\">En nuestro trabajo diario en Bilbao atendemos pacientes con patolog\u00eda respiratoria cr\u00f3nica as\u00ed como pacientes que sufren problemas respiratorios de forma espor\u00e1dica.<\/p>\n<p style=\"text-align: justify;\"><strong>Patolog\u00edas<\/strong><\/p>\n<p style=\"text-align: justify;\">Las patolog\u00edas en las que est\u00e1 indicada la fisioterapia respiratoria son varias: <a href=\"http:\/\/es.wikipedia.org\/wiki\/EPOC\">EPOC<\/a>, <a href=\"http:\/\/es.wikipedia.org\/wiki\/Asma\">asma<\/a>, <a href=\"http:\/\/es.wikipedia.org\/wiki\/Fibrosis_qu%C3%ADstica\">fibrosis qu\u00edstica<\/a>, enfermedades neuromusculares, procesos agudos (<a href=\"http:\/\/es.wikipedia.org\/wiki\/Neumon%C3%ADa\">neumon\u00eda<\/a>, absceso pulmonar) o intervenciones quir\u00fargicas de gran complejidad (trasplantes pulmonares, card\u00edacos y hep\u00e1ticos as\u00ed como otras intervenciones card\u00edacas o de t\u00f3rax).<\/p>\n<p style=\"text-align: justify;\">El fisioterapeuta tiene que realizar una valoraci\u00f3n sobre el estado general del paciente y adaptar las t\u00e9cnicas a la patolog\u00eda del paciente.<\/p>\n<p style=\"text-align: justify;\"><img decoding=\"async\" class=\"aligncenter size-full wp-image-115\" src=\"http:\/\/www.fisiohogar.com\/bilbao\/wp-content\/uploads\/sites\/3\/2015\/03\/fisioterapia-respiratoria1.jpg\" alt=\"fisioterapia-respiratoria\" width=\"830\" height=\"553\" srcset=\"https:\/\/www.fisiohogar.com\/bilbao\/wp-content\/uploads\/sites\/3\/2015\/03\/fisioterapia-respiratoria1-300x200.jpg 300w, https:\/\/www.fisiohogar.com\/bilbao\/wp-content\/uploads\/sites\/3\/2015\/03\/fisioterapia-respiratoria1.jpg 830w\" sizes=\"(max-width: 830px) 100vw, 830px\" \/><\/p>\n<p style=\"text-align: justify;\"><strong>T\u00e9cnicas de tratamiento<\/strong><\/p>\n<p style=\"text-align: justify;\">Las t\u00e9cnicas de tratamiento incluyen t\u00e9cnicas activas y pasivas as\u00ed como otras t\u00e9cnicas de higiene postural. En funci\u00f3n de la edad del paciente y del grado de colaboraci\u00f3n se eligen diversas t\u00e9cnicas como son: Drenaje postural, ejercicios de expansi\u00f3n tor\u00e1cica, Control de la respiraci\u00f3n diafragm\u00e1tica, percusi\u00f3n tor\u00e1cica, vibraci\u00f3n tor\u00e1cica, compresi\u00f3n tor\u00e1cica, tos provocada y dirigida, t\u00e9cnicas de espiraci\u00f3n forzada.<\/p>\n<p style=\"text-align: justify;\"><strong>Filosof\u00eda de trabajo<\/strong><\/p>\n<p style=\"text-align: justify;\">Los fisioterapeutas a domicilio de fisioaetxean se desplazan a los domicilios de los pacientes para personalizar su tratamiento y poder ayudarles a mejorar su calidad de vida diariamente. Nuestro trabajo como fisioterapeutas no termina en el tratamiento en el domicilio con el paciente sino que contin\u00faa m\u00e1s alla por medio de la divulgaci\u00f3n de programas sanitarios, h\u00e1bitos saludables y consejos que difundimos continuamente a trav\u00e9s de nuestras redes sociales, facebook, twitter y google+<\/p>\n<p style=\"text-align: justify;\"><strong>Contacta con nosotros<\/strong><\/p>\n<p style=\"text-align: justify;\">Si desea ampliar esta informaci\u00f3n o solicitar nuestros servicios de fisioterapia respiratoria en Bilbao y en la provincia de Vizcaya no tiene m\u00e1s que <a title=\"Contacto\" href=\"http:\/\/www.fisiohogar.com\/bilbao\/contacto\/\">escribirnos<\/a> o llamarnos para que podamos ofrecerle unos servicios personalizados.<\/p>\n","protected":false},"excerpt":{"rendered":"<p>La fisioterapia respiratoria consiste en una serie de t\u00e9cnicas y tratamientos que tienen como objetivo principal eliminar las secrecciones mucosas traqueobroquiales y por tanto mejorar las capacidades respiratorias aumentando la tolerancia al ejercicio y  [&#8230;]<\/p>\n","protected":false},"author":1,"featured_media":0,"parent":0,"menu_order":0,"comment_status":"closed","ping_status":"closed","template":"template-full.php","meta":{"_joinchat":[],"footnotes":""},"class_list":["post-93","page","type-page","status-publish","hentry"],"yoast_head":"<!-- This site is optimized with the Yoast SEO plugin v27.3 - https:\/\/yoast.com\/product\/yoast-seo-wordpress\/ -->\n<title>Fisioterapia respiratoria - Fisioterapeutas en Bilbao<\/title>\n<meta name=\"robots\" content=\"index, follow, max-snippet:-1, max-image-preview:large, max-video-preview:-1\" \/>\n<link rel=\"canonical\" href=\"https:\/\/www.fisiohogar.com\/bilbao\/es\/fisioterapia-respiratoria\/\" \/>\n<meta property=\"og:locale\" content=\"es_ES\" \/>\n<meta property=\"og:type\" content=\"article\" \/>\n<meta property=\"og:title\" content=\"Fisioterapia respiratoria - Fisioterapeutas en Bilbao\" \/>\n<meta property=\"og:description\" content=\"La fisioterapia respiratoria consiste en una serie de t\u00e9cnicas y tratamientos que tienen como objetivo principal eliminar las secrecciones mucosas traqueobroquiales y por tanto mejorar las capacidades respiratorias aumentando la tolerancia al ejercicio y [...]\" \/>\n<meta property=\"og:url\" content=\"https:\/\/www.fisiohogar.com\/bilbao\/es\/fisioterapia-respiratoria\/\" \/>\n<meta property=\"og:site_name\" content=\"Fisioterapeutas en Bilbao\" \/>\n<meta property=\"article:modified_time\" content=\"2023-03-03T19:16:35+00:00\" \/>\n<meta property=\"og:image\" content=\"http:\/\/www.fisiohogar.com\/bilbao\/wp-content\/uploads\/sites\/3\/2015\/03\/fisioterapia-respiratoria1.jpg\" \/>\n<meta name=\"twitter:card\" content=\"summary_large_image\" \/>\n<meta name=\"twitter:label1\" content=\"Tiempo de lectura\" \/>\n\t<meta name=\"twitter:data1\" content=\"2 minutos\" \/>\n<script type=\"application\/ld+json\" class=\"yoast-schema-graph\">{\"@context\":\"https:\\\/\\\/schema.org\",\"@graph\":[{\"@type\":\"WebPage\",\"@id\":\"https:\\\/\\\/www.fisiohogar.com\\\/bilbao\\\/es\\\/fisioterapia-respiratoria\\\/\",\"url\":\"https:\\\/\\\/www.fisiohogar.com\\\/bilbao\\\/es\\\/fisioterapia-respiratoria\\\/\",\"name\":\"Fisioterapia respiratoria - Fisioterapeutas en Bilbao\",\"isPartOf\":{\"@id\":\"https:\\\/\\\/www.fisiohogar.com\\\/bilbao\\\/#website\"},\"primaryImageOfPage\":{\"@id\":\"https:\\\/\\\/www.fisiohogar.com\\\/bilbao\\\/es\\\/fisioterapia-respiratoria\\\/#primaryimage\"},\"image\":{\"@id\":\"https:\\\/\\\/www.fisiohogar.com\\\/bilbao\\\/es\\\/fisioterapia-respiratoria\\\/#primaryimage\"},\"thumbnailUrl\":\"http:\\\/\\\/www.fisiohogar.com\\\/bilbao\\\/wp-content\\\/uploads\\\/sites\\\/3\\\/2015\\\/03\\\/fisioterapia-respiratoria1.jpg\",\"datePublished\":\"2015-03-27T13:30:42+00:00\",\"dateModified\":\"2023-03-03T19:16:35+00:00\",\"breadcrumb\":{\"@id\":\"https:\\\/\\\/www.fisiohogar.com\\\/bilbao\\\/es\\\/fisioterapia-respiratoria\\\/#breadcrumb\"},\"inLanguage\":\"es\",\"potentialAction\":[{\"@type\":\"ReadAction\",\"target\":[\"https:\\\/\\\/www.fisiohogar.com\\\/bilbao\\\/es\\\/fisioterapia-respiratoria\\\/\"]}]},{\"@type\":\"ImageObject\",\"inLanguage\":\"es\",\"@id\":\"https:\\\/\\\/www.fisiohogar.com\\\/bilbao\\\/es\\\/fisioterapia-respiratoria\\\/#primaryimage\",\"url\":\"https:\\\/\\\/www.fisiohogar.com\\\/bilbao\\\/wp-content\\\/uploads\\\/sites\\\/3\\\/2015\\\/03\\\/fisioterapia-respiratoria1.jpg\",\"contentUrl\":\"https:\\\/\\\/www.fisiohogar.com\\\/bilbao\\\/wp-content\\\/uploads\\\/sites\\\/3\\\/2015\\\/03\\\/fisioterapia-respiratoria1.jpg\",\"width\":830,\"height\":553},{\"@type\":\"BreadcrumbList\",\"@id\":\"https:\\\/\\\/www.fisiohogar.com\\\/bilbao\\\/es\\\/fisioterapia-respiratoria\\\/#breadcrumb\",\"itemListElement\":[{\"@type\":\"ListItem\",\"position\":1,\"name\":\"Azala\",\"item\":\"https:\\\/\\\/www.fisiohogar.com\\\/bilbao\\\/es\\\/inicio\\\/\"},{\"@type\":\"ListItem\",\"position\":2,\"name\":\"Fisioterapia respiratoria\"}]},{\"@type\":\"WebSite\",\"@id\":\"https:\\\/\\\/www.fisiohogar.com\\\/bilbao\\\/#website\",\"url\":\"https:\\\/\\\/www.fisiohogar.com\\\/bilbao\\\/\",\"name\":\"Fisioterapeutas en Bilbao\",\"description\":\"Fisioterapia a domicilio en Bilbao\",\"potentialAction\":[{\"@type\":\"SearchAction\",\"target\":{\"@type\":\"EntryPoint\",\"urlTemplate\":\"https:\\\/\\\/www.fisiohogar.com\\\/bilbao\\\/?s={search_term_string}\"},\"query-input\":{\"@type\":\"PropertyValueSpecification\",\"valueRequired\":true,\"valueName\":\"search_term_string\"}}],\"inLanguage\":\"es\"}]}<\/script>\n<!-- \/ Yoast SEO plugin. -->","yoast_head_json":{"title":"Fisioterapia respiratoria - Fisioterapeutas en Bilbao","robots":{"index":"index","follow":"follow","max-snippet":"max-snippet:-1","max-image-preview":"max-image-preview:large","max-video-preview":"max-video-preview:-1"},"canonical":"https:\/\/www.fisiohogar.com\/bilbao\/es\/fisioterapia-respiratoria\/","og_locale":"es_ES","og_type":"article","og_title":"Fisioterapia respiratoria - Fisioterapeutas en Bilbao","og_description":"La fisioterapia respiratoria consiste en una serie de t\u00e9cnicas y tratamientos que tienen como objetivo principal eliminar las secrecciones mucosas traqueobroquiales y por tanto mejorar las capacidades respiratorias aumentando la tolerancia al ejercicio y [...]","og_url":"https:\/\/www.fisiohogar.com\/bilbao\/es\/fisioterapia-respiratoria\/","og_site_name":"Fisioterapeutas en Bilbao","article_modified_time":"2023-03-03T19:16:35+00:00","og_image":[{"url":"http:\/\/www.fisiohogar.com\/bilbao\/wp-content\/uploads\/sites\/3\/2015\/03\/fisioterapia-respiratoria1.jpg","type":"","width":"","height":""}],"twitter_card":"summary_large_image","twitter_misc":{"Tiempo de lectura":"2 minutos"},"schema":{"@context":"https:\/\/schema.org","@graph":[{"@type":"WebPage","@id":"https:\/\/www.fisiohogar.com\/bilbao\/es\/fisioterapia-respiratoria\/","url":"https:\/\/www.fisiohogar.com\/bilbao\/es\/fisioterapia-respiratoria\/","name":"Fisioterapia respiratoria - Fisioterapeutas en Bilbao","isPartOf":{"@id":"https:\/\/www.fisiohogar.com\/bilbao\/#website"},"primaryImageOfPage":{"@id":"https:\/\/www.fisiohogar.com\/bilbao\/es\/fisioterapia-respiratoria\/#primaryimage"},"image":{"@id":"https:\/\/www.fisiohogar.com\/bilbao\/es\/fisioterapia-respiratoria\/#primaryimage"},"thumbnailUrl":"http:\/\/www.fisiohogar.com\/bilbao\/wp-content\/uploads\/sites\/3\/2015\/03\/fisioterapia-respiratoria1.jpg","datePublished":"2015-03-27T13:30:42+00:00","dateModified":"2023-03-03T19:16:35+00:00","breadcrumb":{"@id":"https:\/\/www.fisiohogar.com\/bilbao\/es\/fisioterapia-respiratoria\/#breadcrumb"},"inLanguage":"es","potentialAction":[{"@type":"ReadAction","target":["https:\/\/www.fisiohogar.com\/bilbao\/es\/fisioterapia-respiratoria\/"]}]},{"@type":"ImageObject","inLanguage":"es","@id":"https:\/\/www.fisiohogar.com\/bilbao\/es\/fisioterapia-respiratoria\/#primaryimage","url":"https:\/\/www.fisiohogar.com\/bilbao\/wp-content\/uploads\/sites\/3\/2015\/03\/fisioterapia-respiratoria1.jpg","contentUrl":"https:\/\/www.fisiohogar.com\/bilbao\/wp-content\/uploads\/sites\/3\/2015\/03\/fisioterapia-respiratoria1.jpg","width":830,"height":553},{"@type":"BreadcrumbList","@id":"https:\/\/www.fisiohogar.com\/bilbao\/es\/fisioterapia-respiratoria\/#breadcrumb","itemListElement":[{"@type":"ListItem","position":1,"name":"Azala","item":"https:\/\/www.fisiohogar.com\/bilbao\/es\/inicio\/"},{"@type":"ListItem","position":2,"name":"Fisioterapia respiratoria"}]},{"@type":"WebSite","@id":"https:\/\/www.fisiohogar.com\/bilbao\/#website","url":"https:\/\/www.fisiohogar.com\/bilbao\/","name":"Fisioterapeutas en Bilbao","description":"Fisioterapia a domicilio en Bilbao","potentialAction":[{"@type":"SearchAction","target":{"@type":"EntryPoint","urlTemplate":"https:\/\/www.fisiohogar.com\/bilbao\/?s={search_term_string}"},"query-input":{"@type":"PropertyValueSpecification","valueRequired":true,"valueName":"search_term_string"}}],"inLanguage":"es"}]}},"_links":{"self":[{"href":"https:\/\/www.fisiohogar.com\/bilbao\/wp-json\/wp\/v2\/pages\/93","targetHints":{"allow":["GET"]}}],"collection":[{"href":"https:\/\/www.fisiohogar.com\/bilbao\/wp-json\/wp\/v2\/pages"}],"about":[{"href":"https:\/\/www.fisiohogar.com\/bilbao\/wp-json\/wp\/v2\/types\/page"}],"author":[{"embeddable":true,"href":"https:\/\/www.fisiohogar.com\/bilbao\/wp-json\/wp\/v2\/users\/1"}],"replies":[{"embeddable":true,"href":"https:\/\/www.fisiohogar.com\/bilbao\/wp-json\/wp\/v2\/comments?post=93"}],"version-history":[{"count":0,"href":"https:\/\/www.fisiohogar.com\/bilbao\/wp-json\/wp\/v2\/pages\/93\/revisions"}],"wp:attachment":[{"href":"https:\/\/www.fisiohogar.com\/bilbao\/wp-json\/wp\/v2\/media?parent=93"}],"curies":[{"name":"wp","href":"https:\/\/api.w.org\/{rel}","templated":true}]}}