{"id":78,"date":"2015-03-06T18:29:18","date_gmt":"2015-03-06T18:29:18","guid":{"rendered":"http:\/\/www.fisiohogar.com\/bilbao\/?page_id=78"},"modified":"2023-03-03T19:16:35","modified_gmt":"2023-03-03T19:16:35","slug":"fisioterapia-deportiva","status":"publish","type":"page","link":"https:\/\/www.fisiohogar.com\/bilbao\/es\/fisioterapia-deportiva\/","title":{"rendered":"Fisioterapia deportiva"},"content":{"rendered":"<p style=\"text-align: justify;\"><strong>La fisioterapia deportiva<\/strong><br \/>\nes uno de los campos m\u00e1s demandados dentro de nuestros servicios. Nuestro equipo de fisioterapeutas a domicilio en Bilbao, tiene experiencia atendiendo cientos de deportistas de distintas modalidades deportivas y de todos los niveles, desde los deportistas profesionales hasta los ocasionales.<\/p>\n<p style=\"text-align: justify;\"><strong>Patolog\u00edas<\/strong><br \/>\nLas patolog\u00edas que nos encontramos van desde un esguince de tobillo o rodilla, pasando por golpes, contracturas, sobrecargas, hasta las temidas triadas, roturas de ligamentos y meniscos, las osteopat\u00edas de pubis, sobrecargas propias de los corredores como el s\u00edndrome de la cintilla iliotibial. Cualquier intervenci\u00f3n quir\u00fargica derivada de una lesi\u00f3n deportiva requiere una intervenci\u00f3n de los fisioterapeutas y el hecho de recibir la atenci\u00f3n a domicilio permite evitar los inc\u00f3modos desplazamientos de todos los familiares para poder acompa\u00f1ar al lesionado al centro para su recuperaci\u00f3n.<\/p>\n<p style=\"text-align: justify;\"><strong>Las t\u00e9cnicas empleadas<\/strong><br \/>\nSon diversas y siempre van encaminadas a la recuperaci\u00f3n r\u00e1pida y efectiva del deportista o a la prevenci\u00f3n de aparici\u00f3n de las temidas lesiones. Podemos realizar masajes de descarga, descontracturantes, pre y post deportivos, sesiones de estiramiento, ejercicios de potenciaci\u00f3n, trabajo de equilibrio y propiocepci\u00f3n. Utilizamos tambi\u00e9n los vendajes funcionales, el kinesiotape, y t\u00e9cnicas de terapia manual que nos permiten adaptar siempre el trabajo a las necesidades del deportista y su d\u00eda a d\u00eda.<\/p>\n<p style=\"text-align: justify;\"><img decoding=\"async\" class=\"aligncenter size-full wp-image-111\" src=\"http:\/\/www.fisiohogar.com\/bilbao\/wp-content\/uploads\/sites\/3\/2015\/03\/fisioterapia-deportiva1.jpg\" alt=\"fisioterapia-deportiva\" width=\"830\" height=\"553\" srcset=\"https:\/\/www.fisiohogar.com\/bilbao\/wp-content\/uploads\/sites\/3\/2015\/03\/fisioterapia-deportiva1-300x200.jpg 300w, https:\/\/www.fisiohogar.com\/bilbao\/wp-content\/uploads\/sites\/3\/2015\/03\/fisioterapia-deportiva1.jpg 830w\" sizes=\"(max-width: 830px) 100vw, 830px\" \/><\/p>\n<p style=\"text-align: justify;\"><strong>Filosof\u00eda de trabajo<\/strong><br \/>\nUna de las labores que m\u00e1s nos gusta a los fisioterapeutas de Fisiohogar es conseguir la reincorporaci\u00f3n a la actividad deportiva a m\u00e1xima exigencia. No se trata s\u00f3lo de poner un parche y lograr una disminuci\u00f3n del dolor, lo ideal es acompa\u00f1ar al deportista hasta su pr\u00e1ctica deportiva y lograr que desarrolle todo el potencial que ten\u00eda previo a la lesi\u00f3n.<br \/>\nParticipamos tambi\u00e9n de forma habitual en la atenci\u00f3n de fisioterapia en eventos deportivos prestando nuestros servicios a todas las organizaciones que requieran de profesionales colegiados y de m\u00e1xima garant\u00eda.<\/p>\n<p style=\"text-align: justify;\"><strong>Contacta con nosotros <\/strong>(<a title=\"Contacto\" href=\"http:\/\/www.fisiohogar.com\/bilbao\/contacto\/\">p\u00e1gina de contacto<\/a>)<br \/>\nSi eres deportista y has sufrido alguna lesi\u00f3n o quieres prevenir la aparici\u00f3n de lesiones durante tu pr\u00e1ctica habitual, no dudes en contactar con nosotros. Igualmente si organizas eventos deportivos y quieres un fiisoterapeuta para los participantes, no dudes en pedirnos presupuesto y estudiaremos tu propuesta para ofrecerte la mejor soluci\u00f3n.<\/p>\n","protected":false},"excerpt":{"rendered":"<p>La fisioterapia deportiva es uno de los campos m\u00e1s demandados dentro de nuestros servicios. Nuestro equipo de fisioterapeutas a domicilio en Bilbao, tiene experiencia atendiendo cientos de deportistas de distintas modalidades deportivas y de  [&#8230;]<\/p>\n","protected":false},"author":1,"featured_media":0,"parent":0,"menu_order":0,"comment_status":"closed","ping_status":"closed","template":"template-full.php","meta":{"_joinchat":[],"footnotes":""},"class_list":["post-78","page","type-page","status-publish","hentry"],"yoast_head":"<!-- This site is optimized with the Yoast SEO plugin v27.4 - https:\/\/yoast.com\/product\/yoast-seo-wordpress\/ -->\n<title>Fisioterapia deportiva - Fisioterapeutas en Bilbao<\/title>\n<meta name=\"robots\" content=\"index, follow, max-snippet:-1, max-image-preview:large, max-video-preview:-1\" \/>\n<link rel=\"canonical\" href=\"https:\/\/www.fisiohogar.com\/bilbao\/es\/fisioterapia-deportiva\/\" \/>\n<meta property=\"og:locale\" content=\"es_ES\" \/>\n<meta property=\"og:type\" content=\"article\" \/>\n<meta property=\"og:title\" content=\"Fisioterapia deportiva - Fisioterapeutas en Bilbao\" \/>\n<meta property=\"og:description\" content=\"La fisioterapia deportiva es uno de los campos m\u00e1s demandados dentro de nuestros servicios. Nuestro equipo de fisioterapeutas a domicilio en Bilbao, tiene experiencia atendiendo cientos de deportistas de distintas modalidades deportivas y de [...]\" \/>\n<meta property=\"og:url\" content=\"https:\/\/www.fisiohogar.com\/bilbao\/es\/fisioterapia-deportiva\/\" \/>\n<meta property=\"og:site_name\" content=\"Fisioterapeutas en Bilbao\" \/>\n<meta property=\"article:modified_time\" content=\"2023-03-03T19:16:35+00:00\" \/>\n<meta property=\"og:image\" content=\"http:\/\/www.fisiohogar.com\/bilbao\/wp-content\/uploads\/sites\/3\/2015\/03\/fisioterapia-deportiva1.jpg\" \/>\n<meta name=\"twitter:card\" content=\"summary_large_image\" \/>\n<meta name=\"twitter:label1\" content=\"Tiempo de lectura\" \/>\n\t<meta name=\"twitter:data1\" content=\"2 minutos\" \/>\n<script type=\"application\/ld+json\" class=\"yoast-schema-graph\">{\"@context\":\"https:\\\/\\\/schema.org\",\"@graph\":[{\"@type\":\"WebPage\",\"@id\":\"https:\\\/\\\/www.fisiohogar.com\\\/bilbao\\\/es\\\/fisioterapia-deportiva\\\/\",\"url\":\"https:\\\/\\\/www.fisiohogar.com\\\/bilbao\\\/es\\\/fisioterapia-deportiva\\\/\",\"name\":\"Fisioterapia deportiva - Fisioterapeutas en Bilbao\",\"isPartOf\":{\"@id\":\"https:\\\/\\\/www.fisiohogar.com\\\/bilbao\\\/#website\"},\"primaryImageOfPage\":{\"@id\":\"https:\\\/\\\/www.fisiohogar.com\\\/bilbao\\\/es\\\/fisioterapia-deportiva\\\/#primaryimage\"},\"image\":{\"@id\":\"https:\\\/\\\/www.fisiohogar.com\\\/bilbao\\\/es\\\/fisioterapia-deportiva\\\/#primaryimage\"},\"thumbnailUrl\":\"http:\\\/\\\/www.fisiohogar.com\\\/bilbao\\\/wp-content\\\/uploads\\\/sites\\\/3\\\/2015\\\/03\\\/fisioterapia-deportiva1.jpg\",\"datePublished\":\"2015-03-06T18:29:18+00:00\",\"dateModified\":\"2023-03-03T19:16:35+00:00\",\"breadcrumb\":{\"@id\":\"https:\\\/\\\/www.fisiohogar.com\\\/bilbao\\\/es\\\/fisioterapia-deportiva\\\/#breadcrumb\"},\"inLanguage\":\"es\",\"potentialAction\":[{\"@type\":\"ReadAction\",\"target\":[\"https:\\\/\\\/www.fisiohogar.com\\\/bilbao\\\/es\\\/fisioterapia-deportiva\\\/\"]}]},{\"@type\":\"ImageObject\",\"inLanguage\":\"es\",\"@id\":\"https:\\\/\\\/www.fisiohogar.com\\\/bilbao\\\/es\\\/fisioterapia-deportiva\\\/#primaryimage\",\"url\":\"https:\\\/\\\/www.fisiohogar.com\\\/bilbao\\\/wp-content\\\/uploads\\\/sites\\\/3\\\/2015\\\/03\\\/fisioterapia-deportiva1.jpg\",\"contentUrl\":\"https:\\\/\\\/www.fisiohogar.com\\\/bilbao\\\/wp-content\\\/uploads\\\/sites\\\/3\\\/2015\\\/03\\\/fisioterapia-deportiva1.jpg\",\"width\":830,\"height\":553},{\"@type\":\"BreadcrumbList\",\"@id\":\"https:\\\/\\\/www.fisiohogar.com\\\/bilbao\\\/es\\\/fisioterapia-deportiva\\\/#breadcrumb\",\"itemListElement\":[{\"@type\":\"ListItem\",\"position\":1,\"name\":\"Azala\",\"item\":\"https:\\\/\\\/www.fisiohogar.com\\\/bilbao\\\/es\\\/inicio\\\/\"},{\"@type\":\"ListItem\",\"position\":2,\"name\":\"Fisioterapia deportiva\"}]},{\"@type\":\"WebSite\",\"@id\":\"https:\\\/\\\/www.fisiohogar.com\\\/bilbao\\\/#website\",\"url\":\"https:\\\/\\\/www.fisiohogar.com\\\/bilbao\\\/\",\"name\":\"Fisioterapeutas en Bilbao\",\"description\":\"Fisioterapia a domicilio en Bilbao\",\"potentialAction\":[{\"@type\":\"SearchAction\",\"target\":{\"@type\":\"EntryPoint\",\"urlTemplate\":\"https:\\\/\\\/www.fisiohogar.com\\\/bilbao\\\/?s={search_term_string}\"},\"query-input\":{\"@type\":\"PropertyValueSpecification\",\"valueRequired\":true,\"valueName\":\"search_term_string\"}}],\"inLanguage\":\"es\"}]}<\/script>\n<!-- \/ Yoast SEO plugin. -->","yoast_head_json":{"title":"Fisioterapia deportiva - Fisioterapeutas en Bilbao","robots":{"index":"index","follow":"follow","max-snippet":"max-snippet:-1","max-image-preview":"max-image-preview:large","max-video-preview":"max-video-preview:-1"},"canonical":"https:\/\/www.fisiohogar.com\/bilbao\/es\/fisioterapia-deportiva\/","og_locale":"es_ES","og_type":"article","og_title":"Fisioterapia deportiva - Fisioterapeutas en Bilbao","og_description":"La fisioterapia deportiva es uno de los campos m\u00e1s demandados dentro de nuestros servicios. Nuestro equipo de fisioterapeutas a domicilio en Bilbao, tiene experiencia atendiendo cientos de deportistas de distintas modalidades deportivas y de [...]","og_url":"https:\/\/www.fisiohogar.com\/bilbao\/es\/fisioterapia-deportiva\/","og_site_name":"Fisioterapeutas en Bilbao","article_modified_time":"2023-03-03T19:16:35+00:00","og_image":[{"url":"http:\/\/www.fisiohogar.com\/bilbao\/wp-content\/uploads\/sites\/3\/2015\/03\/fisioterapia-deportiva1.jpg","type":"","width":"","height":""}],"twitter_card":"summary_large_image","twitter_misc":{"Tiempo de lectura":"2 minutos"},"schema":{"@context":"https:\/\/schema.org","@graph":[{"@type":"WebPage","@id":"https:\/\/www.fisiohogar.com\/bilbao\/es\/fisioterapia-deportiva\/","url":"https:\/\/www.fisiohogar.com\/bilbao\/es\/fisioterapia-deportiva\/","name":"Fisioterapia deportiva - Fisioterapeutas en Bilbao","isPartOf":{"@id":"https:\/\/www.fisiohogar.com\/bilbao\/#website"},"primaryImageOfPage":{"@id":"https:\/\/www.fisiohogar.com\/bilbao\/es\/fisioterapia-deportiva\/#primaryimage"},"image":{"@id":"https:\/\/www.fisiohogar.com\/bilbao\/es\/fisioterapia-deportiva\/#primaryimage"},"thumbnailUrl":"http:\/\/www.fisiohogar.com\/bilbao\/wp-content\/uploads\/sites\/3\/2015\/03\/fisioterapia-deportiva1.jpg","datePublished":"2015-03-06T18:29:18+00:00","dateModified":"2023-03-03T19:16:35+00:00","breadcrumb":{"@id":"https:\/\/www.fisiohogar.com\/bilbao\/es\/fisioterapia-deportiva\/#breadcrumb"},"inLanguage":"es","potentialAction":[{"@type":"ReadAction","target":["https:\/\/www.fisiohogar.com\/bilbao\/es\/fisioterapia-deportiva\/"]}]},{"@type":"ImageObject","inLanguage":"es","@id":"https:\/\/www.fisiohogar.com\/bilbao\/es\/fisioterapia-deportiva\/#primaryimage","url":"https:\/\/www.fisiohogar.com\/bilbao\/wp-content\/uploads\/sites\/3\/2015\/03\/fisioterapia-deportiva1.jpg","contentUrl":"https:\/\/www.fisiohogar.com\/bilbao\/wp-content\/uploads\/sites\/3\/2015\/03\/fisioterapia-deportiva1.jpg","width":830,"height":553},{"@type":"BreadcrumbList","@id":"https:\/\/www.fisiohogar.com\/bilbao\/es\/fisioterapia-deportiva\/#breadcrumb","itemListElement":[{"@type":"ListItem","position":1,"name":"Azala","item":"https:\/\/www.fisiohogar.com\/bilbao\/es\/inicio\/"},{"@type":"ListItem","position":2,"name":"Fisioterapia deportiva"}]},{"@type":"WebSite","@id":"https:\/\/www.fisiohogar.com\/bilbao\/#website","url":"https:\/\/www.fisiohogar.com\/bilbao\/","name":"Fisioterapeutas en Bilbao","description":"Fisioterapia a domicilio en Bilbao","potentialAction":[{"@type":"SearchAction","target":{"@type":"EntryPoint","urlTemplate":"https:\/\/www.fisiohogar.com\/bilbao\/?s={search_term_string}"},"query-input":{"@type":"PropertyValueSpecification","valueRequired":true,"valueName":"search_term_string"}}],"inLanguage":"es"}]}},"_links":{"self":[{"href":"https:\/\/www.fisiohogar.com\/bilbao\/wp-json\/wp\/v2\/pages\/78","targetHints":{"allow":["GET"]}}],"collection":[{"href":"https:\/\/www.fisiohogar.com\/bilbao\/wp-json\/wp\/v2\/pages"}],"about":[{"href":"https:\/\/www.fisiohogar.com\/bilbao\/wp-json\/wp\/v2\/types\/page"}],"author":[{"embeddable":true,"href":"https:\/\/www.fisiohogar.com\/bilbao\/wp-json\/wp\/v2\/users\/1"}],"replies":[{"embeddable":true,"href":"https:\/\/www.fisiohogar.com\/bilbao\/wp-json\/wp\/v2\/comments?post=78"}],"version-history":[{"count":0,"href":"https:\/\/www.fisiohogar.com\/bilbao\/wp-json\/wp\/v2\/pages\/78\/revisions"}],"wp:attachment":[{"href":"https:\/\/www.fisiohogar.com\/bilbao\/wp-json\/wp\/v2\/media?parent=78"}],"curies":[{"name":"wp","href":"https:\/\/api.w.org\/{rel}","templated":true}]}}