{"id":28,"date":"2015-01-22T13:18:11","date_gmt":"2015-01-22T13:18:11","guid":{"rendered":"http:\/\/www.fisiohogar.com\/bilbao\/?page_id=28"},"modified":"2023-03-03T20:39:06","modified_gmt":"2023-03-03T20:39:06","slug":"fisioterapia-domicilio","status":"publish","type":"page","link":"https:\/\/www.fisiohogar.com\/bilbao\/es\/fisioterapia-domicilio\/","title":{"rendered":"Fisioterapia a domicilio"},"content":{"rendered":"<p style=\"text-align: justify;\">El servicio de <strong>fisioterapeutas a domicilio en el Pa\u00eds Vasco<\/strong>, tiene como sede principal la ciudad de Bilbao pero se extiende a lo largo de casi toda la provincia de Vizcaya.<\/p>\n<p style=\"text-align: justify;\"><!--more--><br \/>\nNuestro servicio de fisioterapia a domicilio permite a nuestros pacientes ahorrar tiempo y molestias al no tener que trasladarse a la cl\u00ednica del fisioterapeuta. <strong>Somos nosotros los que trasladamos nuestra cl\u00ednica a su domicilio<\/strong> llevando la camilla y todo el material necesario para realizar las sesiones de fisioterapia sin ning\u00fan coste adicional en los tratamientos.<\/p>\n<p style=\"text-align: justify;\"><img decoding=\"async\" class=\"aligncenter size-full wp-image-99\" src=\"http:\/\/www.fisiohogar.com\/bilbao\/wp-content\/uploads\/sites\/3\/2015\/01\/fisioterapia-domicilio2.jpg\" alt=\"fisioterapia-domicilio\" width=\"830\" height=\"553\" srcset=\"https:\/\/www.fisiohogar.com\/bilbao\/wp-content\/uploads\/sites\/3\/2015\/01\/fisioterapia-domicilio2-300x200.jpg 300w, https:\/\/www.fisiohogar.com\/bilbao\/wp-content\/uploads\/sites\/3\/2015\/01\/fisioterapia-domicilio2.jpg 830w\" sizes=\"(max-width: 830px) 100vw, 830px\" \/><\/p>\n<p style=\"text-align: justify;\">Nuestros fisioterapeutas a domicilio en Bilbao son especialistas en tratamientos de terapia manual, realizamos sesiones de aproximadamente una hora de duraci\u00f3n ayud\u00e1ndote a recuperarte de cualquier dolencia muscular, tendinosa o de ligamentos. Por medio de nuestros consejos y trabajando mano a mano con el fisioterapeuta lograr\u00e1s prevenir y tratar todo tipo de lesiones deportivas y traumatol\u00f3gicas.<\/p>\n<p style=\"text-align: justify;\">Contamos con <strong>especialistas en distintos campos de la fisioterapia<\/strong> lo que nos permite asignar el fisioterapeuta adecuado para cada tratamiento. Nuestro objetivo es ser tu referencia en cuanto a fisioterapia, nos gustar\u00eda ser tu fisioterapeuta de cabecera y que puedas recurrir a nosotros ante cualquier duda o problema de salud en el que podamos actuar. Para ello ponemos a tu disposici\u00f3n a todo nuestro equipo en Bilbao y a todo el equipo de fisioterapia a domicilio que atiende las consultas a trav\u00e9s de nuestra p\u00e1gina web y la aplicaci\u00f3n m\u00f3vil.<\/p>\n<p style=\"text-align: justify;\">El servicio de fisioterapia en Bilbao cubre <strong>toda la zona de la Ria de Bilbao<\/strong> y se extiende hasta Durango, Gernika, Lekeitio y otras localidades alejadas como puede ser Balmaseda. Si tienes alguna duda sobre tu zona de residencia preg\u00fantanos y te diremos si cubrimos el servicio en esa localidad.<\/p>\n","protected":false},"excerpt":{"rendered":"<p>El servicio de fisioterapeutas a domicilio en el Pa\u00eds Vasco, tiene como sede principal la ciudad de Bilbao pero se extiende a lo largo de casi toda la provincia de Vizcaya.<\/p>\n","protected":false},"author":1,"featured_media":104,"parent":0,"menu_order":0,"comment_status":"closed","ping_status":"closed","template":"","meta":{"_joinchat":[],"footnotes":""},"class_list":["post-28","page","type-page","status-publish","has-post-thumbnail","hentry"],"yoast_head":"<!-- This site is optimized with the Yoast SEO plugin v27.4 - https:\/\/yoast.com\/product\/yoast-seo-wordpress\/ -->\n<title>Fisioterapia a domicilio - Fisioterapeutas en Bilbao<\/title>\n<meta name=\"robots\" content=\"index, follow, max-snippet:-1, max-image-preview:large, max-video-preview:-1\" \/>\n<link rel=\"canonical\" href=\"https:\/\/www.fisiohogar.com\/bilbao\/es\/fisioterapia-domicilio\/\" \/>\n<meta property=\"og:locale\" content=\"es_ES\" \/>\n<meta property=\"og:type\" content=\"article\" \/>\n<meta property=\"og:title\" content=\"Fisioterapia a domicilio - Fisioterapeutas en Bilbao\" \/>\n<meta property=\"og:description\" content=\"El servicio de fisioterapeutas a domicilio en el Pa\u00eds Vasco, tiene como sede principal la ciudad de Bilbao pero se extiende a lo largo de casi toda la provincia de Vizcaya.\" \/>\n<meta property=\"og:url\" content=\"https:\/\/www.fisiohogar.com\/bilbao\/es\/fisioterapia-domicilio\/\" \/>\n<meta property=\"og:site_name\" content=\"Fisioterapeutas en Bilbao\" \/>\n<meta property=\"article:modified_time\" content=\"2023-03-03T20:39:06+00:00\" \/>\n<meta property=\"og:image\" content=\"https:\/\/www.fisiohogar.com\/bilbao\/wp-content\/uploads\/sites\/3\/2015\/01\/fisioterapia-domicilio1-e14338481551741.jpg\" \/>\n\t<meta property=\"og:image:width\" content=\"960\" \/>\n\t<meta property=\"og:image:height\" content=\"417\" \/>\n\t<meta property=\"og:image:type\" content=\"image\/jpeg\" \/>\n<meta name=\"twitter:card\" content=\"summary_large_image\" \/>\n<meta name=\"twitter:label1\" content=\"Tiempo de lectura\" \/>\n\t<meta name=\"twitter:data1\" content=\"2 minutos\" \/>\n<script type=\"application\/ld+json\" class=\"yoast-schema-graph\">{\"@context\":\"https:\\\/\\\/schema.org\",\"@graph\":[{\"@type\":\"WebPage\",\"@id\":\"https:\\\/\\\/www.fisiohogar.com\\\/bilbao\\\/es\\\/fisioterapia-domicilio\\\/\",\"url\":\"https:\\\/\\\/www.fisiohogar.com\\\/bilbao\\\/es\\\/fisioterapia-domicilio\\\/\",\"name\":\"Fisioterapia a domicilio - Fisioterapeutas en Bilbao\",\"isPartOf\":{\"@id\":\"https:\\\/\\\/www.fisiohogar.com\\\/bilbao\\\/#website\"},\"primaryImageOfPage\":{\"@id\":\"https:\\\/\\\/www.fisiohogar.com\\\/bilbao\\\/es\\\/fisioterapia-domicilio\\\/#primaryimage\"},\"image\":{\"@id\":\"https:\\\/\\\/www.fisiohogar.com\\\/bilbao\\\/es\\\/fisioterapia-domicilio\\\/#primaryimage\"},\"thumbnailUrl\":\"https:\\\/\\\/www.fisiohogar.com\\\/bilbao\\\/wp-content\\\/uploads\\\/sites\\\/3\\\/2015\\\/01\\\/fisioterapia-domicilio1-e14338481551741.jpg\",\"datePublished\":\"2015-01-22T13:18:11+00:00\",\"dateModified\":\"2023-03-03T20:39:06+00:00\",\"breadcrumb\":{\"@id\":\"https:\\\/\\\/www.fisiohogar.com\\\/bilbao\\\/es\\\/fisioterapia-domicilio\\\/#breadcrumb\"},\"inLanguage\":\"es\",\"potentialAction\":[{\"@type\":\"ReadAction\",\"target\":[\"https:\\\/\\\/www.fisiohogar.com\\\/bilbao\\\/es\\\/fisioterapia-domicilio\\\/\"]}]},{\"@type\":\"ImageObject\",\"inLanguage\":\"es\",\"@id\":\"https:\\\/\\\/www.fisiohogar.com\\\/bilbao\\\/es\\\/fisioterapia-domicilio\\\/#primaryimage\",\"url\":\"https:\\\/\\\/www.fisiohogar.com\\\/bilbao\\\/wp-content\\\/uploads\\\/sites\\\/3\\\/2015\\\/01\\\/fisioterapia-domicilio1-e14338481551741.jpg\",\"contentUrl\":\"https:\\\/\\\/www.fisiohogar.com\\\/bilbao\\\/wp-content\\\/uploads\\\/sites\\\/3\\\/2015\\\/01\\\/fisioterapia-domicilio1-e14338481551741.jpg\",\"width\":960,\"height\":417},{\"@type\":\"BreadcrumbList\",\"@id\":\"https:\\\/\\\/www.fisiohogar.com\\\/bilbao\\\/es\\\/fisioterapia-domicilio\\\/#breadcrumb\",\"itemListElement\":[{\"@type\":\"ListItem\",\"position\":1,\"name\":\"Azala\",\"item\":\"https:\\\/\\\/www.fisiohogar.com\\\/bilbao\\\/es\\\/inicio\\\/\"},{\"@type\":\"ListItem\",\"position\":2,\"name\":\"Fisioterapia a domicilio\"}]},{\"@type\":\"WebSite\",\"@id\":\"https:\\\/\\\/www.fisiohogar.com\\\/bilbao\\\/#website\",\"url\":\"https:\\\/\\\/www.fisiohogar.com\\\/bilbao\\\/\",\"name\":\"Fisioterapeutas en Bilbao\",\"description\":\"Fisioterapia a domicilio en Bilbao\",\"potentialAction\":[{\"@type\":\"SearchAction\",\"target\":{\"@type\":\"EntryPoint\",\"urlTemplate\":\"https:\\\/\\\/www.fisiohogar.com\\\/bilbao\\\/?s={search_term_string}\"},\"query-input\":{\"@type\":\"PropertyValueSpecification\",\"valueRequired\":true,\"valueName\":\"search_term_string\"}}],\"inLanguage\":\"es\"}]}<\/script>\n<!-- \/ Yoast SEO plugin. -->","yoast_head_json":{"title":"Fisioterapia a domicilio - Fisioterapeutas en Bilbao","robots":{"index":"index","follow":"follow","max-snippet":"max-snippet:-1","max-image-preview":"max-image-preview:large","max-video-preview":"max-video-preview:-1"},"canonical":"https:\/\/www.fisiohogar.com\/bilbao\/es\/fisioterapia-domicilio\/","og_locale":"es_ES","og_type":"article","og_title":"Fisioterapia a domicilio - Fisioterapeutas en Bilbao","og_description":"El servicio de fisioterapeutas a domicilio en el Pa\u00eds Vasco, tiene como sede principal la ciudad de Bilbao pero se extiende a lo largo de casi toda la provincia de Vizcaya.","og_url":"https:\/\/www.fisiohogar.com\/bilbao\/es\/fisioterapia-domicilio\/","og_site_name":"Fisioterapeutas en Bilbao","article_modified_time":"2023-03-03T20:39:06+00:00","og_image":[{"width":960,"height":417,"url":"https:\/\/www.fisiohogar.com\/bilbao\/wp-content\/uploads\/sites\/3\/2015\/01\/fisioterapia-domicilio1-e14338481551741.jpg","type":"image\/jpeg"}],"twitter_card":"summary_large_image","twitter_misc":{"Tiempo de lectura":"2 minutos"},"schema":{"@context":"https:\/\/schema.org","@graph":[{"@type":"WebPage","@id":"https:\/\/www.fisiohogar.com\/bilbao\/es\/fisioterapia-domicilio\/","url":"https:\/\/www.fisiohogar.com\/bilbao\/es\/fisioterapia-domicilio\/","name":"Fisioterapia a domicilio - Fisioterapeutas en Bilbao","isPartOf":{"@id":"https:\/\/www.fisiohogar.com\/bilbao\/#website"},"primaryImageOfPage":{"@id":"https:\/\/www.fisiohogar.com\/bilbao\/es\/fisioterapia-domicilio\/#primaryimage"},"image":{"@id":"https:\/\/www.fisiohogar.com\/bilbao\/es\/fisioterapia-domicilio\/#primaryimage"},"thumbnailUrl":"https:\/\/www.fisiohogar.com\/bilbao\/wp-content\/uploads\/sites\/3\/2015\/01\/fisioterapia-domicilio1-e14338481551741.jpg","datePublished":"2015-01-22T13:18:11+00:00","dateModified":"2023-03-03T20:39:06+00:00","breadcrumb":{"@id":"https:\/\/www.fisiohogar.com\/bilbao\/es\/fisioterapia-domicilio\/#breadcrumb"},"inLanguage":"es","potentialAction":[{"@type":"ReadAction","target":["https:\/\/www.fisiohogar.com\/bilbao\/es\/fisioterapia-domicilio\/"]}]},{"@type":"ImageObject","inLanguage":"es","@id":"https:\/\/www.fisiohogar.com\/bilbao\/es\/fisioterapia-domicilio\/#primaryimage","url":"https:\/\/www.fisiohogar.com\/bilbao\/wp-content\/uploads\/sites\/3\/2015\/01\/fisioterapia-domicilio1-e14338481551741.jpg","contentUrl":"https:\/\/www.fisiohogar.com\/bilbao\/wp-content\/uploads\/sites\/3\/2015\/01\/fisioterapia-domicilio1-e14338481551741.jpg","width":960,"height":417},{"@type":"BreadcrumbList","@id":"https:\/\/www.fisiohogar.com\/bilbao\/es\/fisioterapia-domicilio\/#breadcrumb","itemListElement":[{"@type":"ListItem","position":1,"name":"Azala","item":"https:\/\/www.fisiohogar.com\/bilbao\/es\/inicio\/"},{"@type":"ListItem","position":2,"name":"Fisioterapia a domicilio"}]},{"@type":"WebSite","@id":"https:\/\/www.fisiohogar.com\/bilbao\/#website","url":"https:\/\/www.fisiohogar.com\/bilbao\/","name":"Fisioterapeutas en Bilbao","description":"Fisioterapia a domicilio en Bilbao","potentialAction":[{"@type":"SearchAction","target":{"@type":"EntryPoint","urlTemplate":"https:\/\/www.fisiohogar.com\/bilbao\/?s={search_term_string}"},"query-input":{"@type":"PropertyValueSpecification","valueRequired":true,"valueName":"search_term_string"}}],"inLanguage":"es"}]}},"_links":{"self":[{"href":"https:\/\/www.fisiohogar.com\/bilbao\/wp-json\/wp\/v2\/pages\/28","targetHints":{"allow":["GET"]}}],"collection":[{"href":"https:\/\/www.fisiohogar.com\/bilbao\/wp-json\/wp\/v2\/pages"}],"about":[{"href":"https:\/\/www.fisiohogar.com\/bilbao\/wp-json\/wp\/v2\/types\/page"}],"author":[{"embeddable":true,"href":"https:\/\/www.fisiohogar.com\/bilbao\/wp-json\/wp\/v2\/users\/1"}],"replies":[{"embeddable":true,"href":"https:\/\/www.fisiohogar.com\/bilbao\/wp-json\/wp\/v2\/comments?post=28"}],"version-history":[{"count":1,"href":"https:\/\/www.fisiohogar.com\/bilbao\/wp-json\/wp\/v2\/pages\/28\/revisions"}],"predecessor-version":[{"id":5273,"href":"https:\/\/www.fisiohogar.com\/bilbao\/wp-json\/wp\/v2\/pages\/28\/revisions\/5273"}],"wp:featuredmedia":[{"embeddable":true,"href":"https:\/\/www.fisiohogar.com\/bilbao\/wp-json\/wp\/v2\/media\/104"}],"wp:attachment":[{"href":"https:\/\/www.fisiohogar.com\/bilbao\/wp-json\/wp\/v2\/media?parent=28"}],"curies":[{"name":"wp","href":"https:\/\/api.w.org\/{rel}","templated":true}]}}