{"id":191,"date":"2015-01-22T13:17:45","date_gmt":"2015-01-22T13:17:45","guid":{"rendered":"http:\/\/www.fisiohogar.com\/bilbao\/?page_id=26"},"modified":"2023-03-03T20:58:56","modified_gmt":"2023-03-03T20:58:56","slug":"fisioterapeutas-colegiados","status":"publish","type":"page","link":"https:\/\/www.fisiohogar.com\/bilbao\/es\/fisioterapeutas-colegiados\/","title":{"rendered":"Fisioterapeutas colegiados"},"content":{"rendered":"<p style=\"text-align: justify;\">El equipo de fisioterapeutas a domicilio en Bilbao de Fisiohogar est\u00e1 formado por <strong>fisioterapeutas graduados o diplomados inscritos y colegiados<\/strong> en el colegio de <a href=\"http:\/\/www.cofpv.org\/\" target=\"_blank\" rel=\"noopener\">fisioterapeutas del pa\u00eds vasco<\/a> lo que garantiza su profesionalidad.<\/p>\n<p style=\"text-align: justify;\"><!--more--><br \/>\nLa inscripci\u00f3n en los colegios profesionales se realiza tras la obtenci\u00f3n del t\u00edtulo universitario correspondiente y tras pasar por las juntas de valoraci\u00f3n de las distintas entidades que avalan la formaci\u00f3n del colegiado y le obligan a cumplir con varios requisitos como son la obtenci\u00f3n de un seguro de responsabilidad civil y al cumplimiento de los c\u00f3digos deontol\u00f3gicos de la profesi\u00f3n.<\/p>\n<p style=\"text-align: justify;\"><img decoding=\"async\" class=\"aligncenter size-full wp-image-97\" src=\"http:\/\/www.fisiohogar.com\/bilbao\/wp-content\/uploads\/sites\/3\/2015\/01\/fisioterapeutas-colegiados1.jpg\" alt=\"fisioterapeutas colegiados\" width=\"830\" height=\"598\" srcset=\"https:\/\/www.fisiohogar.com\/bilbao\/wp-content\/uploads\/sites\/3\/2015\/01\/fisioterapeutas-colegiados1-300x216.jpg 300w, https:\/\/www.fisiohogar.com\/bilbao\/wp-content\/uploads\/sites\/3\/2015\/01\/fisioterapeutas-colegiados1.jpg 830w\" sizes=\"(max-width: 830px) 100vw, 830px\" \/><\/p>\n<p style=\"text-align: justify;\">Los fisioterapeutas a domicilio en el Pa\u00eds Vasco de Fisiohogar est\u00e1n adscritos a sus colegios profesionales correspondientes que a su vez dependen del <a href=\"http:\/\/consejo-fisioterapia.org\/\" target=\"_blank\" rel=\"noopener\">consejo de colegios profesionales de fisioterapia<\/a>.<\/p>\n<p style=\"text-align: justify;\">La colegiaci\u00f3n es un requisito indispensable para todos los profesionales sanitarios y es una garant\u00eda ante los ciudadanos del respeto a la formaci\u00f3n, los c\u00f3digos deontol\u00f3gicos y a un compromiso de formaci\u00f3n constante y de trabajo para lograr una fisioterapia cada d\u00eda m\u00e1s avanzada.<\/p>\n<p style=\"text-align: justify;\">La pertenencia al <strong>colegio profesional de fisioterapeutas del Pa\u00eds Vasco<\/strong>, adem\u00e1s del seguro de responsabilidad civil facilita a los fisioterapeutas el acceso a cursos de formaci\u00f3n y talleres de postgrado que mejoren la capacitaci\u00f3n integral de nuestros fisioterapeutas a domicilio.<\/p>\n<p style=\"text-align: justify;\">En estos momentos existe un gran vac\u00edo legal en cuanto a las profesiones para-sanitarias y la mejor garant\u00eda que puede tener un paciente para recibir un trato profesional, es confiar en los profesionales colegiados que pueden acreditar su formaci\u00f3n y experiencia, huyendo de otras figuras que ampar\u00e1ndose en t\u00edtulos no reconocidos ofrecen servicios para los que no est\u00e1n autorizados.<\/p>\n","protected":false},"excerpt":{"rendered":"<p>El equipo de fisioterapeutas a domicilio en Bilbao de Fisiohogar est\u00e1 formado por fisioterapeutas graduados o diplomados inscritos y colegiados en el colegio de fisioterapeutas del pa\u00eds vasco lo que garantiza su profesionalidad.<\/p>\n","protected":false},"author":1,"featured_media":101,"parent":0,"menu_order":0,"comment_status":"closed","ping_status":"closed","template":"","meta":{"_joinchat":[],"footnotes":""},"class_list":["post-191","page","type-page","status-publish","has-post-thumbnail","hentry"],"yoast_head":"<!-- This site is optimized with the Yoast SEO plugin v27.4 - https:\/\/yoast.com\/product\/yoast-seo-wordpress\/ -->\n<title>Fisioterapeutas colegiados - Fisioterapeutas en Bilbao<\/title>\n<meta name=\"robots\" content=\"index, follow, max-snippet:-1, max-image-preview:large, max-video-preview:-1\" \/>\n<link rel=\"canonical\" href=\"https:\/\/www.fisiohogar.com\/bilbao\/es\/fisioterapeutas-colegiados\/\" \/>\n<meta property=\"og:locale\" content=\"es_ES\" \/>\n<meta property=\"og:type\" content=\"article\" \/>\n<meta property=\"og:title\" content=\"Fisioterapeutas colegiados - Fisioterapeutas en Bilbao\" \/>\n<meta property=\"og:description\" content=\"El equipo de fisioterapeutas a domicilio en Bilbao de Fisiohogar est\u00e1 formado por fisioterapeutas graduados o diplomados inscritos y colegiados en el colegio de fisioterapeutas del pa\u00eds vasco lo que garantiza su profesionalidad.\" \/>\n<meta property=\"og:url\" content=\"https:\/\/www.fisiohogar.com\/bilbao\/es\/fisioterapeutas-colegiados\/\" \/>\n<meta property=\"og:site_name\" content=\"Fisioterapeutas en Bilbao\" \/>\n<meta property=\"article:modified_time\" content=\"2023-03-03T20:58:56+00:00\" \/>\n<meta property=\"og:image\" content=\"https:\/\/www.fisiohogar.com\/bilbao\/wp-content\/uploads\/sites\/3\/2015\/01\/fisioterapeutas-e14338482258431.jpg\" \/>\n\t<meta property=\"og:image:width\" content=\"960\" \/>\n\t<meta property=\"og:image:height\" content=\"417\" \/>\n\t<meta property=\"og:image:type\" content=\"image\/jpeg\" \/>\n<meta name=\"twitter:card\" content=\"summary_large_image\" \/>\n<meta name=\"twitter:label1\" content=\"Tiempo de lectura\" \/>\n\t<meta name=\"twitter:data1\" content=\"2 minutos\" \/>\n<script type=\"application\/ld+json\" class=\"yoast-schema-graph\">{\"@context\":\"https:\\\/\\\/schema.org\",\"@graph\":[{\"@type\":\"WebPage\",\"@id\":\"https:\\\/\\\/www.fisiohogar.com\\\/bilbao\\\/es\\\/fisioterapeutas-colegiados\\\/\",\"url\":\"https:\\\/\\\/www.fisiohogar.com\\\/bilbao\\\/es\\\/fisioterapeutas-colegiados\\\/\",\"name\":\"Fisioterapeutas colegiados - Fisioterapeutas en Bilbao\",\"isPartOf\":{\"@id\":\"https:\\\/\\\/www.fisiohogar.com\\\/bilbao\\\/#website\"},\"primaryImageOfPage\":{\"@id\":\"https:\\\/\\\/www.fisiohogar.com\\\/bilbao\\\/es\\\/fisioterapeutas-colegiados\\\/#primaryimage\"},\"image\":{\"@id\":\"https:\\\/\\\/www.fisiohogar.com\\\/bilbao\\\/es\\\/fisioterapeutas-colegiados\\\/#primaryimage\"},\"thumbnailUrl\":\"https:\\\/\\\/www.fisiohogar.com\\\/bilbao\\\/wp-content\\\/uploads\\\/sites\\\/3\\\/2015\\\/01\\\/fisioterapeutas-e14338482258431.jpg\",\"datePublished\":\"2015-01-22T13:17:45+00:00\",\"dateModified\":\"2023-03-03T20:58:56+00:00\",\"breadcrumb\":{\"@id\":\"https:\\\/\\\/www.fisiohogar.com\\\/bilbao\\\/es\\\/fisioterapeutas-colegiados\\\/#breadcrumb\"},\"inLanguage\":\"es\",\"potentialAction\":[{\"@type\":\"ReadAction\",\"target\":[\"https:\\\/\\\/www.fisiohogar.com\\\/bilbao\\\/es\\\/fisioterapeutas-colegiados\\\/\"]}]},{\"@type\":\"ImageObject\",\"inLanguage\":\"es\",\"@id\":\"https:\\\/\\\/www.fisiohogar.com\\\/bilbao\\\/es\\\/fisioterapeutas-colegiados\\\/#primaryimage\",\"url\":\"https:\\\/\\\/www.fisiohogar.com\\\/bilbao\\\/wp-content\\\/uploads\\\/sites\\\/3\\\/2015\\\/01\\\/fisioterapeutas-e14338482258431.jpg\",\"contentUrl\":\"https:\\\/\\\/www.fisiohogar.com\\\/bilbao\\\/wp-content\\\/uploads\\\/sites\\\/3\\\/2015\\\/01\\\/fisioterapeutas-e14338482258431.jpg\",\"width\":960,\"height\":417},{\"@type\":\"BreadcrumbList\",\"@id\":\"https:\\\/\\\/www.fisiohogar.com\\\/bilbao\\\/es\\\/fisioterapeutas-colegiados\\\/#breadcrumb\",\"itemListElement\":[{\"@type\":\"ListItem\",\"position\":1,\"name\":\"Azala\",\"item\":\"https:\\\/\\\/www.fisiohogar.com\\\/bilbao\\\/es\\\/inicio\\\/\"},{\"@type\":\"ListItem\",\"position\":2,\"name\":\"Fisioterapeutas colegiados\"}]},{\"@type\":\"WebSite\",\"@id\":\"https:\\\/\\\/www.fisiohogar.com\\\/bilbao\\\/#website\",\"url\":\"https:\\\/\\\/www.fisiohogar.com\\\/bilbao\\\/\",\"name\":\"Fisioterapeutas en Bilbao\",\"description\":\"Fisioterapia a domicilio en Bilbao\",\"potentialAction\":[{\"@type\":\"SearchAction\",\"target\":{\"@type\":\"EntryPoint\",\"urlTemplate\":\"https:\\\/\\\/www.fisiohogar.com\\\/bilbao\\\/?s={search_term_string}\"},\"query-input\":{\"@type\":\"PropertyValueSpecification\",\"valueRequired\":true,\"valueName\":\"search_term_string\"}}],\"inLanguage\":\"es\"}]}<\/script>\n<!-- \/ Yoast SEO plugin. -->","yoast_head_json":{"title":"Fisioterapeutas colegiados - Fisioterapeutas en Bilbao","robots":{"index":"index","follow":"follow","max-snippet":"max-snippet:-1","max-image-preview":"max-image-preview:large","max-video-preview":"max-video-preview:-1"},"canonical":"https:\/\/www.fisiohogar.com\/bilbao\/es\/fisioterapeutas-colegiados\/","og_locale":"es_ES","og_type":"article","og_title":"Fisioterapeutas colegiados - Fisioterapeutas en Bilbao","og_description":"El equipo de fisioterapeutas a domicilio en Bilbao de Fisiohogar est\u00e1 formado por fisioterapeutas graduados o diplomados inscritos y colegiados en el colegio de fisioterapeutas del pa\u00eds vasco lo que garantiza su profesionalidad.","og_url":"https:\/\/www.fisiohogar.com\/bilbao\/es\/fisioterapeutas-colegiados\/","og_site_name":"Fisioterapeutas en Bilbao","article_modified_time":"2023-03-03T20:58:56+00:00","og_image":[{"width":960,"height":417,"url":"https:\/\/www.fisiohogar.com\/bilbao\/wp-content\/uploads\/sites\/3\/2015\/01\/fisioterapeutas-e14338482258431.jpg","type":"image\/jpeg"}],"twitter_card":"summary_large_image","twitter_misc":{"Tiempo de lectura":"2 minutos"},"schema":{"@context":"https:\/\/schema.org","@graph":[{"@type":"WebPage","@id":"https:\/\/www.fisiohogar.com\/bilbao\/es\/fisioterapeutas-colegiados\/","url":"https:\/\/www.fisiohogar.com\/bilbao\/es\/fisioterapeutas-colegiados\/","name":"Fisioterapeutas colegiados - Fisioterapeutas en Bilbao","isPartOf":{"@id":"https:\/\/www.fisiohogar.com\/bilbao\/#website"},"primaryImageOfPage":{"@id":"https:\/\/www.fisiohogar.com\/bilbao\/es\/fisioterapeutas-colegiados\/#primaryimage"},"image":{"@id":"https:\/\/www.fisiohogar.com\/bilbao\/es\/fisioterapeutas-colegiados\/#primaryimage"},"thumbnailUrl":"https:\/\/www.fisiohogar.com\/bilbao\/wp-content\/uploads\/sites\/3\/2015\/01\/fisioterapeutas-e14338482258431.jpg","datePublished":"2015-01-22T13:17:45+00:00","dateModified":"2023-03-03T20:58:56+00:00","breadcrumb":{"@id":"https:\/\/www.fisiohogar.com\/bilbao\/es\/fisioterapeutas-colegiados\/#breadcrumb"},"inLanguage":"es","potentialAction":[{"@type":"ReadAction","target":["https:\/\/www.fisiohogar.com\/bilbao\/es\/fisioterapeutas-colegiados\/"]}]},{"@type":"ImageObject","inLanguage":"es","@id":"https:\/\/www.fisiohogar.com\/bilbao\/es\/fisioterapeutas-colegiados\/#primaryimage","url":"https:\/\/www.fisiohogar.com\/bilbao\/wp-content\/uploads\/sites\/3\/2015\/01\/fisioterapeutas-e14338482258431.jpg","contentUrl":"https:\/\/www.fisiohogar.com\/bilbao\/wp-content\/uploads\/sites\/3\/2015\/01\/fisioterapeutas-e14338482258431.jpg","width":960,"height":417},{"@type":"BreadcrumbList","@id":"https:\/\/www.fisiohogar.com\/bilbao\/es\/fisioterapeutas-colegiados\/#breadcrumb","itemListElement":[{"@type":"ListItem","position":1,"name":"Azala","item":"https:\/\/www.fisiohogar.com\/bilbao\/es\/inicio\/"},{"@type":"ListItem","position":2,"name":"Fisioterapeutas colegiados"}]},{"@type":"WebSite","@id":"https:\/\/www.fisiohogar.com\/bilbao\/#website","url":"https:\/\/www.fisiohogar.com\/bilbao\/","name":"Fisioterapeutas en Bilbao","description":"Fisioterapia a domicilio en Bilbao","potentialAction":[{"@type":"SearchAction","target":{"@type":"EntryPoint","urlTemplate":"https:\/\/www.fisiohogar.com\/bilbao\/?s={search_term_string}"},"query-input":{"@type":"PropertyValueSpecification","valueRequired":true,"valueName":"search_term_string"}}],"inLanguage":"es"}]}},"_links":{"self":[{"href":"https:\/\/www.fisiohogar.com\/bilbao\/wp-json\/wp\/v2\/pages\/191","targetHints":{"allow":["GET"]}}],"collection":[{"href":"https:\/\/www.fisiohogar.com\/bilbao\/wp-json\/wp\/v2\/pages"}],"about":[{"href":"https:\/\/www.fisiohogar.com\/bilbao\/wp-json\/wp\/v2\/types\/page"}],"author":[{"embeddable":true,"href":"https:\/\/www.fisiohogar.com\/bilbao\/wp-json\/wp\/v2\/users\/1"}],"replies":[{"embeddable":true,"href":"https:\/\/www.fisiohogar.com\/bilbao\/wp-json\/wp\/v2\/comments?post=191"}],"version-history":[{"count":1,"href":"https:\/\/www.fisiohogar.com\/bilbao\/wp-json\/wp\/v2\/pages\/191\/revisions"}],"predecessor-version":[{"id":5290,"href":"https:\/\/www.fisiohogar.com\/bilbao\/wp-json\/wp\/v2\/pages\/191\/revisions\/5290"}],"wp:featuredmedia":[{"embeddable":true,"href":"https:\/\/www.fisiohogar.com\/bilbao\/wp-json\/wp\/v2\/media\/101"}],"wp:attachment":[{"href":"https:\/\/www.fisiohogar.com\/bilbao\/wp-json\/wp\/v2\/media?parent=191"}],"curies":[{"name":"wp","href":"https:\/\/api.w.org\/{rel}","templated":true}]}}