{"id":98,"date":"2016-03-09T11:00:39","date_gmt":"2016-03-09T11:00:39","guid":{"rendered":"http:\/\/www.fisiohogar.com\/barcelona\/?page_id=43"},"modified":"2023-03-19T10:24:51","modified_gmt":"2023-03-19T10:24:51","slug":"fisioterapia-tercera-edad","status":"publish","type":"page","link":"https:\/\/www.fisiohogar.com\/barcelona\/fisioterapia-tercera-edad\/","title":{"rendered":"Fisioterapia en personas de la tercera edad"},"content":{"rendered":"<p>[vc_row][vc_column width=\u00bb1\/2&#8243;][vc_single_image image=\u00bb5000&#8243; img_size=\u00bbfull\u00bb alignment=\u00bbcenter\u00bb style=\u00bbvc_box_shadow_border\u00bb css_animation=\u00bbfadeInLeft\u00bb][\/vc_column][vc_column width=\u00bb1\/2&#8243;][vc_column_text]<\/p>\n<h2>La fisioterapia como ayuda eficaz para los ancianos<\/h2>\n<p>Irremediablemente, cuando se van cumpliendo a\u00f1os, se suelen presentar una serie de problemas de salud que empiezan a complicar la vida de quienes los padecen.<\/p>\n<p>Los a\u00f1os son, en bastantes ocasiones, los que traen la p\u00e9rdida de la fuerza muscular, la disminuci\u00f3n del equilibro y de los reflejos, que no son propiamente enfermedades pero que si generan una mayor dependencia en quienes se ven afectados.<\/p>\n<p>Adem\u00e1s, tambi\u00e9n suelen aparecer en la conocida como tercera edad <strong>una serie de enfermedades que son propias de esa etapa avanzada de la vida, como la artritis y artrosis, las enfermedades neurol\u00f3gicas que est\u00e1n teniendo un incremento notable en su incidencia, o las enfermedades circulatorias<\/strong> que forman uno de los grupos que m\u00e1s atenci\u00f3n y vigilancia requieren.<\/p>\n<p>El mayor problema para el anciano es que estas enfermedades se terminan convirtiendo en cr\u00f3nicas y se ve obligado a convivir con ellas el resto de su vida.<\/p>\n<p>Si se descuida en los tratamientos necesarios, o considera como irremediable cualquier avance de los s\u00edntomas, por lo general, ver\u00e1 c\u00f3mo su calidad de vida empeora notablemente.<\/p>\n<p>Sin embargo, <strong>gracias a la fisioterapia, y en el caso de bastantes de estas enfermedades, los s\u00edntomas pueden disminuir o retrasarse<\/strong>, consiguiendo de esta manera que el anciano llegue a mantener durante m\u00e1s tiempo su independencia.[\/vc_column_text][\/vc_column][\/vc_row][vc_row][vc_column width=\u00bb1\/2&#8243;][vc_single_image image=\u00bb5001&#8243; img_size=\u00bbfull\u00bb alignment=\u00bbcenter\u00bb style=\u00bbvc_box_shadow_border\u00bb css_animation=\u00bbfadeInLeft\u00bb][\/vc_column][vc_column width=\u00bb1\/2&#8243;][vc_column_text]<\/p>\n<h2>Siempre que lo necesites, tu fisioterapeuta de cabecera en Barcelona<\/h2>\n<p>En Fisiohogar le proponemos, ante todo, que <strong>no se resigne a ver avanzar su enfermedad mientras empeoran los s\u00edntomas<\/strong> porque, incluso cuando se trata de enfermedades cr\u00f3nicas que no van a tener una curaci\u00f3n posible, por lo menos no en la actualidad, es mucho lo que se puede hacer para <strong>reducir el dolor<\/strong>, por ejemplo, en el caso de las enfermedades articulares, o para <strong>mejorar la calidad de vida<\/strong> en pacientes que padecen Alzheimer, Parkinson, o cualquier otra enfermedad neurol\u00f3gica.<\/p>\n<p>Es la <strong>fisioterapia<\/strong> la que pone a su disposici\u00f3n esa otra opci\u00f3n de no resignarse ante la enfermedad convirtiendo al propio paciente en parte activa e implicada en su propia recuperaci\u00f3n. Por ese motivo nuestros <strong>fisioterapeutas<\/strong> no solo estar\u00e1n atentos en cada una de las sesiones en las que atiendan a los pacientes en sus domicilios sino que tambi\u00e9n <strong>les propondr\u00e1n una serie de ejercicios para que ellos completen en pro de alcanzar una mejor\u00eda de manera m\u00e1s r\u00e1pida<\/strong>.<\/p>\n<p>De esta manera, viendo los avances que se consiguen gracias a las sesiones de fisioterapia y con los pacientes implicados en las tareas que se les proponen, se completa un cambio por completo de actitud frente a la enfermedad, logrando una mejora real de la calidad de vida.<\/p>\n<p>Gracias a la fisioterapia a domicilio todo esto se consigue sin que sea necesario que el paciente tenga que salir de su hogar, o si lo hace que no sea por obligaci\u00f3n para desplazarse a una cl\u00ednica.[\/vc_column_text][\/vc_column][\/vc_row][vc_row][vc_column width=\u00bb1\/2&#8243;][vc_single_image image=\u00bb5002&#8243; img_size=\u00bbfull\u00bb alignment=\u00bbcenter\u00bb style=\u00bbvc_box_shadow_border\u00bb css_animation=\u00bbfadeInLeft\u00bb][\/vc_column][vc_column width=\u00bb1\/2&#8243;][vc_column_text]<\/p>\n<h2>Las ventajas de esperarnos en tu hogar<\/h2>\n<p>En ocasiones los pacientes retrasan sus tratamientos de fisioterapia porque no se encuentran en las mejores condiciones para desplazarse a una cl\u00ednica, o porque consideran que el propio desplazamiento puede causarles una nueva lesi\u00f3n.<\/p>\n<p>Si consideramos a personas de la tercera edad, <strong>esos desplazamientos pueden ser realmente complicados cuando se ven afectos por cualquier enfermedad que limite su movilidad<\/strong>.<\/p>\n<p>En estos casos el servicio de <a href=\"https:\/\/www.fisiohogar.com\/barcelona\/fisioterapia-domicilio-barcelona\/\">fisioterapia a domicilio<\/a>, como el ofrecido en Barcelona, ofrece la soluci\u00f3n precisa que todas estas personas est\u00e1n necesitando.<\/p>\n<p>En Fisiohogar son nuestros fisioterapeutas quienes se trasladan al domicilio de los pacientes, y lo hacen a la hora acordada, y con todo el material necesario para cada sesi\u00f3n de fisioterapia.<\/p>\n<p><strong>Esp\u00e9ranos en la comodidad de tu hogar<\/strong>, donde plantearemos la mejor estrategia para la rehabilitaci\u00f3n, y para mejorar tu calidad de vida.<\/p>\n<p>Lo \u00fanico que tienes que hacer es llamarnos por tel\u00e9fono, o enviarnos un <a href=\"https:\/\/www.fisiohogar.com\/barcelona\/contacta-ahora\/\">formulario de contacto<\/a>. Como lo prefieras.<\/p>\n<p>Te atender\u00e1 uno de nuestros fisioterapeutas y acordar\u00e1 contigo el d\u00eda y la hora de tu primera sesi\u00f3n de fisioterapia, en la que te descontaremos, como oferta de bienvenida, 5 euros.[\/vc_column_text][\/vc_column][\/vc_row]<\/p>\n","protected":false},"excerpt":{"rendered":"<p>[vc_row][vc_column width=\u00bb1\/2&#8243;][vc_single_image image=\u00bb5000&#8243; img_size=\u00bbfull\u00bb alignment=\u00bbcenter\u00bb style=\u00bbvc_box_shadow_border\u00bb css_animation=\u00bbfadeInLeft\u00bb][\/vc_column][vc_column width=\u00bb1\/2&#8243;][vc_column_text] La fisioterapia como ayuda eficaz para los ancianos Irremediablemente, cuando se van cumpliendo a\u00f1os, se suelen presentar una serie de problemas de salud que empiezan a  [&#8230;]<\/p>\n","protected":false},"author":1,"featured_media":0,"parent":0,"menu_order":0,"comment_status":"closed","ping_status":"closed","template":"","meta":{"_joinchat":[],"footnotes":""},"class_list":["post-98","page","type-page","status-publish","hentry"],"yoast_head":"<!-- This site is optimized with the Yoast SEO plugin v27.4 - https:\/\/yoast.com\/product\/yoast-seo-wordpress\/ -->\n<title>Fisioterapia en personas de la tercera edad - Barcelona<\/title>\n<meta name=\"robots\" content=\"index, follow, max-snippet:-1, max-image-preview:large, max-video-preview:-1\" \/>\n<link rel=\"canonical\" href=\"https:\/\/www.fisiohogar.com\/barcelona\/fisioterapia-tercera-edad\/\" \/>\n<meta property=\"og:locale\" content=\"es_ES\" \/>\n<meta property=\"og:type\" content=\"article\" \/>\n<meta property=\"og:title\" content=\"Fisioterapia en personas de la tercera edad - Barcelona\" \/>\n<meta property=\"og:description\" content=\"[vc_row][vc_column width=\u00bb1\/2&#8243;][vc_single_image image=\u00bb5000&#8243; img_size=\u00bbfull\u00bb alignment=\u00bbcenter\u00bb style=\u00bbvc_box_shadow_border\u00bb css_animation=\u00bbfadeInLeft\u00bb][\/vc_column][vc_column width=\u00bb1\/2&#8243;][vc_column_text] La fisioterapia como ayuda eficaz para los ancianos Irremediablemente, cuando se van cumpliendo a\u00f1os, se suelen presentar una serie de problemas de salud que empiezan a [...]\" \/>\n<meta property=\"og:url\" content=\"https:\/\/www.fisiohogar.com\/barcelona\/fisioterapia-tercera-edad\/\" \/>\n<meta property=\"og:site_name\" content=\"Barcelona\" \/>\n<meta property=\"article:modified_time\" content=\"2023-03-19T10:24:51+00:00\" \/>\n<meta name=\"twitter:card\" content=\"summary_large_image\" \/>\n<meta name=\"twitter:label1\" content=\"Tiempo de lectura\" \/>\n\t<meta name=\"twitter:data1\" content=\"4 minutos\" \/>\n<script type=\"application\/ld+json\" class=\"yoast-schema-graph\">{\"@context\":\"https:\\\/\\\/schema.org\",\"@graph\":[{\"@type\":\"WebPage\",\"@id\":\"https:\\\/\\\/www.fisiohogar.com\\\/barcelona\\\/fisioterapia-tercera-edad\\\/\",\"url\":\"https:\\\/\\\/www.fisiohogar.com\\\/barcelona\\\/fisioterapia-tercera-edad\\\/\",\"name\":\"Fisioterapia en personas de la tercera edad - Barcelona\",\"isPartOf\":{\"@id\":\"https:\\\/\\\/www.fisiohogar.com\\\/barcelona\\\/#website\"},\"datePublished\":\"2016-03-09T11:00:39+00:00\",\"dateModified\":\"2023-03-19T10:24:51+00:00\",\"breadcrumb\":{\"@id\":\"https:\\\/\\\/www.fisiohogar.com\\\/barcelona\\\/fisioterapia-tercera-edad\\\/#breadcrumb\"},\"inLanguage\":\"es\",\"potentialAction\":[{\"@type\":\"ReadAction\",\"target\":[\"https:\\\/\\\/www.fisiohogar.com\\\/barcelona\\\/fisioterapia-tercera-edad\\\/\"]}]},{\"@type\":\"BreadcrumbList\",\"@id\":\"https:\\\/\\\/www.fisiohogar.com\\\/barcelona\\\/fisioterapia-tercera-edad\\\/#breadcrumb\",\"itemListElement\":[{\"@type\":\"ListItem\",\"position\":1,\"name\":\"Portada\",\"item\":\"https:\\\/\\\/www.fisiohogar.com\\\/barcelona\\\/\"},{\"@type\":\"ListItem\",\"position\":2,\"name\":\"Fisioterapia en personas de la tercera edad\"}]},{\"@type\":\"WebSite\",\"@id\":\"https:\\\/\\\/www.fisiohogar.com\\\/barcelona\\\/#website\",\"url\":\"https:\\\/\\\/www.fisiohogar.com\\\/barcelona\\\/\",\"name\":\"Barcelona\",\"description\":\"Fisioterapia a domicilio en Barcelona\",\"potentialAction\":[{\"@type\":\"SearchAction\",\"target\":{\"@type\":\"EntryPoint\",\"urlTemplate\":\"https:\\\/\\\/www.fisiohogar.com\\\/barcelona\\\/?s={search_term_string}\"},\"query-input\":{\"@type\":\"PropertyValueSpecification\",\"valueRequired\":true,\"valueName\":\"search_term_string\"}}],\"inLanguage\":\"es\"}]}<\/script>\n<!-- \/ Yoast SEO plugin. -->","yoast_head_json":{"title":"Fisioterapia en personas de la tercera edad - Barcelona","robots":{"index":"index","follow":"follow","max-snippet":"max-snippet:-1","max-image-preview":"max-image-preview:large","max-video-preview":"max-video-preview:-1"},"canonical":"https:\/\/www.fisiohogar.com\/barcelona\/fisioterapia-tercera-edad\/","og_locale":"es_ES","og_type":"article","og_title":"Fisioterapia en personas de la tercera edad - Barcelona","og_description":"[vc_row][vc_column width=\u00bb1\/2&#8243;][vc_single_image image=\u00bb5000&#8243; img_size=\u00bbfull\u00bb alignment=\u00bbcenter\u00bb style=\u00bbvc_box_shadow_border\u00bb css_animation=\u00bbfadeInLeft\u00bb][\/vc_column][vc_column width=\u00bb1\/2&#8243;][vc_column_text] La fisioterapia como ayuda eficaz para los ancianos Irremediablemente, cuando se van cumpliendo a\u00f1os, se suelen presentar una serie de problemas de salud que empiezan a [...]","og_url":"https:\/\/www.fisiohogar.com\/barcelona\/fisioterapia-tercera-edad\/","og_site_name":"Barcelona","article_modified_time":"2023-03-19T10:24:51+00:00","twitter_card":"summary_large_image","twitter_misc":{"Tiempo de lectura":"4 minutos"},"schema":{"@context":"https:\/\/schema.org","@graph":[{"@type":"WebPage","@id":"https:\/\/www.fisiohogar.com\/barcelona\/fisioterapia-tercera-edad\/","url":"https:\/\/www.fisiohogar.com\/barcelona\/fisioterapia-tercera-edad\/","name":"Fisioterapia en personas de la tercera edad - Barcelona","isPartOf":{"@id":"https:\/\/www.fisiohogar.com\/barcelona\/#website"},"datePublished":"2016-03-09T11:00:39+00:00","dateModified":"2023-03-19T10:24:51+00:00","breadcrumb":{"@id":"https:\/\/www.fisiohogar.com\/barcelona\/fisioterapia-tercera-edad\/#breadcrumb"},"inLanguage":"es","potentialAction":[{"@type":"ReadAction","target":["https:\/\/www.fisiohogar.com\/barcelona\/fisioterapia-tercera-edad\/"]}]},{"@type":"BreadcrumbList","@id":"https:\/\/www.fisiohogar.com\/barcelona\/fisioterapia-tercera-edad\/#breadcrumb","itemListElement":[{"@type":"ListItem","position":1,"name":"Portada","item":"https:\/\/www.fisiohogar.com\/barcelona\/"},{"@type":"ListItem","position":2,"name":"Fisioterapia en personas de la tercera edad"}]},{"@type":"WebSite","@id":"https:\/\/www.fisiohogar.com\/barcelona\/#website","url":"https:\/\/www.fisiohogar.com\/barcelona\/","name":"Barcelona","description":"Fisioterapia a domicilio en Barcelona","potentialAction":[{"@type":"SearchAction","target":{"@type":"EntryPoint","urlTemplate":"https:\/\/www.fisiohogar.com\/barcelona\/?s={search_term_string}"},"query-input":{"@type":"PropertyValueSpecification","valueRequired":true,"valueName":"search_term_string"}}],"inLanguage":"es"}]}},"_links":{"self":[{"href":"https:\/\/www.fisiohogar.com\/barcelona\/wp-json\/wp\/v2\/pages\/98","targetHints":{"allow":["GET"]}}],"collection":[{"href":"https:\/\/www.fisiohogar.com\/barcelona\/wp-json\/wp\/v2\/pages"}],"about":[{"href":"https:\/\/www.fisiohogar.com\/barcelona\/wp-json\/wp\/v2\/types\/page"}],"author":[{"embeddable":true,"href":"https:\/\/www.fisiohogar.com\/barcelona\/wp-json\/wp\/v2\/users\/1"}],"replies":[{"embeddable":true,"href":"https:\/\/www.fisiohogar.com\/barcelona\/wp-json\/wp\/v2\/comments?post=98"}],"version-history":[{"count":2,"href":"https:\/\/www.fisiohogar.com\/barcelona\/wp-json\/wp\/v2\/pages\/98\/revisions"}],"predecessor-version":[{"id":5357,"href":"https:\/\/www.fisiohogar.com\/barcelona\/wp-json\/wp\/v2\/pages\/98\/revisions\/5357"}],"wp:attachment":[{"href":"https:\/\/www.fisiohogar.com\/barcelona\/wp-json\/wp\/v2\/media?parent=98"}],"curies":[{"name":"wp","href":"https:\/\/api.w.org\/{rel}","templated":true}]}}